{"id":2501,"date":"2025-01-02T02:44:16","date_gmt":"2025-01-02T02:44:16","guid":{"rendered":"https:\/\/fmp-components.com\/?page_id=8"},"modified":"2025-01-02T02:46:27","modified_gmt":"2025-01-02T02:46:27","slug":"round-baler-gearbox-fmp9-0-hl01-for-round-baler-and-harvester","status":"publish","type":"product","link":"https:\/\/fmp-components.com\/sl\/product\/round-baler-gearbox-fmp9-0-hl01-for-round-baler-and-harvester\/","title":{"rendered":"Menjalnik za okrogle balirke FMP9.0-HL01 za okrogle balirke in kombajne"},"content":{"rendered":"<p><img loading=\"lazy\" decoding=\"async\" class=\"alignnone size-full wp-image-2506\" src=\"https:\/\/fmp-components.com\/wp-content\/uploads\/2025\/01\/Round-Baler-Gearbox-FMP9.0-HL01-Features1.webp\" alt=\"Menjalnik za okrogle bale FMP9.0-HL01-Zna\u010dilnosti(1)\" width=\"1340\" height=\"773\" title=\"\" srcset=\"https:\/\/fmp-components.com\/wp-content\/uploads\/2025\/01\/Round-Baler-Gearbox-FMP9.0-HL01-Features1.webp 1340w, https:\/\/fmp-components.com\/wp-content\/uploads\/2025\/01\/Round-Baler-Gearbox-FMP9.0-HL01-Features1-1280x738.webp 1280w, https:\/\/fmp-components.com\/wp-content\/uploads\/2025\/01\/Round-Baler-Gearbox-FMP9.0-HL01-Features1-980x565.webp 980w, https:\/\/fmp-components.com\/wp-content\/uploads\/2025\/01\/Round-Baler-Gearbox-FMP9.0-HL01-Features1-480x277.webp 480w\" sizes=\"(min-width: 0px) and (max-width: 480px) 480px, (min-width: 481px) and (max-width: 980px) 980px, (min-width: 981px) and (max-width: 1280px) 1280px, (min-width: 1281px) 1340px, 100vw\" \/><\/p>\n<h2>Dimenzije menjalnika za okrogle balirke FMP9.0-HL01<\/h2>\n<p><img loading=\"lazy\" decoding=\"async\" class=\"alignnone size-full wp-image-2508\" src=\"https:\/\/fmp-components.com\/wp-content\/uploads\/2025\/01\/Round-Baler-Gearbox-EP9.0-HL01-Dimensions-2.webp\" alt=\"Menjalnik za okrogle bale FMP9.0-HL01-Dimenzije-2\" width=\"1380\" height=\"893\" title=\"\" srcset=\"https:\/\/fmp-components.com\/wp-content\/uploads\/2025\/01\/Round-Baler-Gearbox-EP9.0-HL01-Dimensions-2.webp 1380w, https:\/\/fmp-components.com\/wp-content\/uploads\/2025\/01\/Round-Baler-Gearbox-EP9.0-HL01-Dimensions-2-1280x828.webp 1280w, https:\/\/fmp-components.com\/wp-content\/uploads\/2025\/01\/Round-Baler-Gearbox-EP9.0-HL01-Dimensions-2-980x634.webp 980w, https:\/\/fmp-components.com\/wp-content\/uploads\/2025\/01\/Round-Baler-Gearbox-EP9.0-HL01-Dimensions-2-480x311.webp 480w\" sizes=\"(min-width: 0px) and (max-width: 480px) 480px, (min-width: 481px) and (max-width: 980px) 980px, (min-width: 981px) and (max-width: 1280px) 1280px, (min-width: 1281px) 1380px, 100vw\" \/> <img loading=\"lazy\" decoding=\"async\" class=\"alignnone size-full wp-image-2509\" src=\"https:\/\/fmp-components.com\/wp-content\/uploads\/2025\/01\/Round-Baler-Gearbox-EP9.0-HL01-Dimensions-1.webp\" alt=\"Menjalnik za okrogle bale FMP9.0-HL01-Dimenzije-1\" width=\"1386\" height=\"437\" title=\"\" srcset=\"https:\/\/fmp-components.com\/wp-content\/uploads\/2025\/01\/Round-Baler-Gearbox-EP9.0-HL01-Dimensions-1.webp 1386w, https:\/\/fmp-components.com\/wp-content\/uploads\/2025\/01\/Round-Baler-Gearbox-EP9.0-HL01-Dimensions-1-1280x404.webp 1280w, https:\/\/fmp-components.com\/wp-content\/uploads\/2025\/01\/Round-Baler-Gearbox-EP9.0-HL01-Dimensions-1-980x309.webp 980w, https:\/\/fmp-components.com\/wp-content\/uploads\/2025\/01\/Round-Baler-Gearbox-EP9.0-HL01-Dimensions-1-480x151.webp 480w\" sizes=\"(min-width: 0px) and (max-width: 480px) 480px, (min-width: 481px) and (max-width: 980px) 980px, (min-width: 981px) and (max-width: 1280px) 1280px, (min-width: 1281px) 1386px, 100vw\" \/><\/p>\n<h2>Tehni\u010dni podatki menjalnika za okrogle balirke FMP9.0-HL01<\/h2>\n<table style=\"width: 99.6064%; height: 141px;\" border=\"1\" cellspacing=\"0\" cellpadding=\"0\">\n<tbody>\n<tr>\n<td colspan=\"2\" rowspan=\"2\">jaz<\/td>\n<td rowspan=\"2\">Primerno<\/td>\n<td>Vhod vrtljajev<\/td>\n<td>Izhodna vrtljaji<\/td>\n<td>kW (nom.)<\/td>\n<td>kW (najve\u010d)<\/td>\n<td rowspan=\"2\">Izra\u0161\u010danje zob<\/td>\n<\/tr>\n<tr>\n<td>vrt\/min<\/td>\n<td>vrt\/min<\/td>\n<td>konjska mo\u010d<\/td>\n<td>konjska mo\u010d<\/td>\n<\/tr>\n<tr>\n<td>Upo\u010dasni<\/td>\n<td>1.92:1<\/td>\n<td>Okrogla balirka,<br \/>\nkombajn itd.<\/td>\n<td>540<\/td>\n<td>282<\/td>\n<td>120<\/td>\n<td>3000<\/td>\n<td>Gleason Helical<br \/>\nZobje<\/td>\n<\/tr>\n<tr>\n<td colspan=\"8\">Opomba: \u010ce imate kakr\u0161ne koli posebne zahteve, mi sporo\u010dite, sprejemamo tudi po meri.<\/td>\n<\/tr>\n<\/tbody>\n<\/table>\n<h2>Zna\u010dilnosti menjalnika za okrogle balirke FMP9.0-HL01<\/h2>\n<p>Menjalnik za okrogle balirke FMP9.0-HL01 je visokozmogljiv menjalnik, zasnovan posebej za kmetijske okrogle balirke. Zasnovan z mislijo na vzdr\u017eljivost, u\u010dinkovitost in vsestranskost, je ta menjalnik primeren za \u0161irok spekter baliranja, od sena in slame do sila\u017ee in kmetijskih odpadkov. Spodaj so navedene klju\u010dne zna\u010dilnosti menjalnika FMP9.0-HL01:<\/p>\n<p><strong>Menjalnik z visokim navorom<\/strong><\/p>\n<ul>\n<li>Zna\u010dilnost: Menjalnik FMP9.0-HL01 je zasnovan za visok navor, kar zagotavlja u\u010dinkovit prenos mo\u010di s traktorja na mehanizem za baliranje.<\/li>\n<li>Prednost: Ta zmogljivost omogo\u010da menjalniku, da obvladuje zahtevne operacije baliranja, kar zagotavlja gladko in zanesljivo stiskanje materialov, kot so seno, slama in sila\u017ea, tudi v te\u017ekih pogojih.<\/li>\n<\/ul>\n<p><strong>Precizno in\u017eenirstvo za dolgo \u017eivljenjsko dobo<\/strong><\/p>\n<ul>\n<li>Zna\u010dilnost: Izdelan iz visokokakovostnih materialov in natan\u010dnega in\u017eeniringa, je FMP9.0-HL01 zasnovan za dolgotrajno delovanje pri te\u017eki uporabi.<\/li>\n<li>Prednost: Robustna konstrukcija zmanj\u0161uje obrabo, podalj\u0161uje \u017eivljenjsko dobo menjalnika in zagotavlja zanesljivo delovanje skozi \u010das, kar zmanj\u0161uje potrebo po pogostih popravilih ali zamenjavah.<\/li>\n<\/ul>\n<p><strong>Kompaktna in prostorsko u\u010dinkovita zasnova<\/strong><\/p>\n<ul>\n<li>Zna\u010dilnost: Menjalnik FMP9.0-HL01 ima kompaktno in prostorsko u\u010dinkovito zasnovo, zaradi \u010desar ga je mogo\u010de enostavno integrirati v razli\u010dne modele balirk za okrogle bale, ne da bi pri tem zavzel nepotreben prostor.<\/li>\n<li>Prednost: Zaradi majhnosti je zasnova balirke optimizirana, kar zmanj\u0161uje te\u017eo in omogo\u010da bolj\u0161o okretnost na polju, hkrati pa ohranja visoko zmogljivost.<\/li>\n<\/ul>\n<p><img loading=\"lazy\" decoding=\"async\" class=\"alignnone size-full wp-image-2507\" src=\"https:\/\/fmp-components.com\/wp-content\/uploads\/2025\/01\/Round-Baler-Gearbox-EP9.0-HL01-for-Agricultural-21.webp\" alt=\"Menjalnik za okrogle balirke FMP9.0-HL01-za-kmetijstvo-2(1)\" width=\"980\" height=\"653\" title=\"\" srcset=\"https:\/\/fmp-components.com\/wp-content\/uploads\/2025\/01\/Round-Baler-Gearbox-EP9.0-HL01-for-Agricultural-21.webp 980w, https:\/\/fmp-components.com\/wp-content\/uploads\/2025\/01\/Round-Baler-Gearbox-EP9.0-HL01-for-Agricultural-21-480x320.webp 480w\" sizes=\"(min-width: 0px) and (max-width: 480px) 480px, (min-width: 481px) 980px, 100vw\" \/><\/p>\n<p><strong>Gladko delovanje z nizkim hrupom<\/strong><\/p>\n<ul>\n<li>Zna\u010dilnost: Menjalnik je zasnovan za nemoteno delovanje, z naprednimi notranjimi komponentami, ki med delovanjem zmanj\u0161ujejo trenje in hrup.<\/li>\n<li>Prednost: To zagotavlja ti\u0161je delovanje, pove\u010duje udobje upravljavca in zmanj\u0161uje hrup na kmetijah in v kmetijskih okoljih.<\/li>\n<\/ul>\n<p><strong>Visoka u\u010dinkovitost pri prenosu mo\u010di<\/strong><\/p>\n<ul>\n<li>Zna\u010dilnost: Menjalnik FMP9.0-HL01 u\u010dinkovito prena\u0161a mo\u010d iz traktorja na sistem za baliranje, kar zmanj\u0161uje izgubo energije in zagotavlja u\u010dinkovitej\u0161e baliranje.<\/li>\n<li>Prednost: Ve\u010dja u\u010dinkovitost pomeni, da se med postopkom baliranja porabi manj energije, kar ima za posledico u\u010dinkovitej\u0161o porabo goriva, bolj\u0161o produktivnost in ni\u017eje obratovalne stro\u0161ke.<\/li>\n<\/ul>\n<p>Menjalnik za okrogle balirke FMP9.0-HL01 zdru\u017euje vzdr\u017eljivost, u\u010dinkovitost in vsestranskost za optimalno delovanje v zahtevnih kmetijskih aplikacijah. Z zna\u010dilnostmi, kot so prenos z visokim navorom, kompaktna zasnova, enostavno vzdr\u017eevanje in tiho delovanje, je idealna izbira za kmete, ki \u017eelijo izbolj\u0161ati u\u010dinkovitost in zanesljivost svojih bal. Ne glede na to, ali se uporablja za seno, slamo, sila\u017eo ali kmetijske odpadke, je FMP9.0-HL01 zasnovan tako, da ustreza potrebam sodobnega kmetijstva in ponuja dolgotrajno vrednost in zmogljivost.<\/p>\n<p><img loading=\"lazy\" decoding=\"async\" class=\"alignnone size-full wp-image-2505\" src=\"https:\/\/fmp-components.com\/wp-content\/uploads\/2025\/01\/Round-Baler-Gearbox-191-scaled.webp\" alt=\"\" width=\"2560\" height=\"1920\" title=\"\" srcset=\"https:\/\/fmp-components.com\/wp-content\/uploads\/2025\/01\/Round-Baler-Gearbox-191-scaled.webp 2560w, https:\/\/fmp-components.com\/wp-content\/uploads\/2025\/01\/Round-Baler-Gearbox-191-1280x960.webp 1280w, https:\/\/fmp-components.com\/wp-content\/uploads\/2025\/01\/Round-Baler-Gearbox-191-980x735.webp 980w, https:\/\/fmp-components.com\/wp-content\/uploads\/2025\/01\/Round-Baler-Gearbox-191-480x360.webp 480w\" sizes=\"(min-width: 0px) and (max-width: 480px) 480px, (min-width: 481px) and (max-width: 980px) 980px, (min-width: 981px) and (max-width: 1280px) 1280px, (min-width: 1281px) 2560px, 100vw\" \/><\/p>\n<h2>Menjalnik za okrogle balirke FMP9.0-HL01 za kmetijsko uporabo<\/h2>\n<p>Menjalnik za okrogle balirke FMP9.0-HL01 je robusten in visokozmogljiv menjalnik, posebej zasnovan za kmetijske okrogle balirke. Zasnovan za maksimalno u\u010dinkovitost, vzdr\u017eljivost in vsestranskost, je ta menjalnik idealen za \u0161irok spekter baliranja, vklju\u010dno s senom, slamo, sila\u017eo in drugimi kmetijskimi materiali. Spodaj so navedene klju\u010dne lastnosti in prednosti menjalnika FMP9.0-HL01:<\/p>\n<h3>Visoka navorna zmogljivost za te\u017eke aplikacije<\/h3>\n<ul>\n<li>Zna\u010dilnost: FMP9.0-HL01 je zasnovan za prena\u0161anje visokih navornih obremenitev, kar zagotavlja u\u010dinkovit prenos mo\u010di na mehanizem za baliranje.<\/li>\n<li>Prednost: To omogo\u010da menjalniku delovanje v te\u017ekih pogojih, saj z lahkoto obvladuje trde materiale, kot so sila\u017ea, seno in slama, kar zagotavlja nemoten postopek baliranja tudi v zahtevnih okoljih.<\/li>\n<\/ul>\n<p><strong>Kompaktna in u\u010dinkovita zasnova<\/strong><\/p>\n<ul>\n<li>Zna\u010dilnost: Menjalnik ima kompaktno zasnovo, zaradi \u010desar je idealen za uporabo v tesnih prostorih, hkrati pa ponuja mo\u010dno zmogljivost.<\/li>\n<li>Prednost: Njegova prostorsko u\u010dinkovita struktura pomaga zmanj\u0161ati skupno te\u017eo balirke, kar izbolj\u0161a manevriranje brez \u017ertvovanja zmogljivosti. Prav tako pomaga pri optimizaciji zasnove sistema baliranja, zaradi \u010desar je ta u\u010dinkovitej\u0161i.<\/li>\n<\/ul>\n<p><strong>Vrhunska vzdr\u017eljivost in dolgo\u017eivost<\/strong><\/p>\n<ul>\n<li>Zna\u010dilnost: Menjalnik FMP9.0-HL01 je izdelan iz visokokakovostnih materialov in natan\u010dnega in\u017eeniringa ter zasnovan za dolgotrajno delovanje in zanesljivost.<\/li>\n<li>Prednost: Robustna konstrukcija menjalnika zagotavlja podalj\u0161ano \u017eivljenjsko dobo, kar zmanj\u0161uje potrebo po pogostem vzdr\u017eevanju ali zamenjavi in \u200b\u200bzagotavlja zanesljivo delovanje skozi ve\u010d sezon intenzivne uporabe.<\/li>\n<\/ul>\n<p><strong>Nizek hrup in vibracije za ve\u010dje udobje<\/strong><\/p>\n<ul>\n<li>Zna\u010dilnost: Menjalnik FMP9.0-HL01 je zasnovan za delovanje z nizkim hrupom in minimalnimi vibracijami, kar zmanj\u0161uje motnje med delovanjem.<\/li>\n<li>Prednost: To omogo\u010da ti\u0161je delovno okolje za upravljavca, kar pove\u010da udobje in zmanj\u0161a utrujenost med dolgimi urami baliranja, hkrati pa zmanj\u0161a hrup na kmetiji.<\/li>\n<\/ul>\n<p><strong>Visoko u\u010dinkovit prenos mo\u010di<\/strong><\/p>\n<ul>\n<li>Zna\u010dilnost: Menjalnik je zasnovan za u\u010dinkovit prenos mo\u010di s traktorja na balirko, kar zagotavlja minimalno izgubo energije.<\/li>\n<li>Prednost: Visoka u\u010dinkovitost prenosa mo\u010di omogo\u010da optimalno delovanje balirke, kar prihrani porabo goriva in zagotavlja stro\u0161kovno u\u010dinkovitej\u0161e delovanje.<\/li>\n<\/ul>\n<p>Menjalnik za okrogle balirke FMP9.0-HL01 je visokozmogljiv in zanesljiv menjalnik, zasnovan za kmetijsko uporabo. Z visokim navorom, u\u010dinkovitostjo, vzdr\u017eljivostjo in nizkimi potrebami po vzdr\u017eevanju je odli\u010dna izbira za kmete, ki \u017eelijo optimizirati svoje operacije baliranja. Zaradi kompaktne zasnove, gladkega delovanja in naprednih funkcij je to vrhunski menjalnik, ki zagotavlja vrhunsko zmogljivost, dolgo \u017eivljenjsko dobo in stro\u0161kovno u\u010dinkovitost, kar prispeva k splo\u0161nemu uspehu kmetijskih bal.<\/p>\n<p><img loading=\"lazy\" decoding=\"async\" class=\"alignnone size-full wp-image-2503\" src=\"https:\/\/fmp-components.com\/wp-content\/uploads\/2025\/01\/Round-Baler-Gearbox-EP9.0-HL01-for-Agricultural-11.webp\" alt=\"Menjalnik za okrogle balirke FMP9.0-HL01-za-kmetijstvo-1(1)\" width=\"980\" height=\"653\" title=\"\" srcset=\"https:\/\/fmp-components.com\/wp-content\/uploads\/2025\/01\/Round-Baler-Gearbox-EP9.0-HL01-for-Agricultural-11.webp 980w, https:\/\/fmp-components.com\/wp-content\/uploads\/2025\/01\/Round-Baler-Gearbox-EP9.0-HL01-for-Agricultural-11-480x320.webp 480w\" sizes=\"(min-width: 0px) and (max-width: 480px) 480px, (min-width: 481px) 980px, 100vw\" \/><\/p>","protected":false},"excerpt":{"rendered":"<p>Round Baler Gearbox FMP9.0-HL01 Dimensions Round Baler Gearbox FMP9.0-HL01 Technical Data i Suitable Rpm input Rpm output KW(Nom) KW(Max) Toothing r\/min r\/min hp hp Decelerate 1.92:1 Round baler, harvester, etc 540 282 120 3000 Gleason Helical Teeth Remark: If you have any special require feel free let me know, we also accept custom. Round Baler [&hellip;]<\/p>","protected":false},"featured_media":2504,"comment_status":"open","ping_status":"closed","template":"","meta":{"_et_pb_use_builder":"","_et_pb_old_content":"","_et_gb_content_width":""},"product_brand":[],"product_cat":[59],"product_tag":[],"class_list":{"0":"post-2501","1":"product","2":"type-product","3":"status-publish","4":"has-post-thumbnail","6":"product_cat-round-baler-gearbox","8":"first","9":"instock","10":"shipping-taxable","11":"product-type-simple"},"_links":{"self":[{"href":"https:\/\/fmp-components.com\/sl\/wp-json\/wp\/v2\/product\/2501","targetHints":{"allow":["GET"]}}],"collection":[{"href":"https:\/\/fmp-components.com\/sl\/wp-json\/wp\/v2\/product"}],"about":[{"href":"https:\/\/fmp-components.com\/sl\/wp-json\/wp\/v2\/types\/product"}],"replies":[{"embeddable":true,"href":"https:\/\/fmp-components.com\/sl\/wp-json\/wp\/v2\/comments?post=2501"}],"wp:featuredmedia":[{"embeddable":true,"href":"https:\/\/fmp-components.com\/sl\/wp-json\/wp\/v2\/media\/2504"}],"wp:attachment":[{"href":"https:\/\/fmp-components.com\/sl\/wp-json\/wp\/v2\/media?parent=2501"}],"wp:term":[{"taxonomy":"product_brand","embeddable":true,"href":"https:\/\/fmp-components.com\/sl\/wp-json\/wp\/v2\/product_brand?post=2501"},{"taxonomy":"product_cat","embeddable":true,"href":"https:\/\/fmp-components.com\/sl\/wp-json\/wp\/v2\/product_cat?post=2501"},{"taxonomy":"product_tag","embeddable":true,"href":"https:\/\/fmp-components.com\/sl\/wp-json\/wp\/v2\/product_tag?post=2501"}],"curies":[{"name":"delovni list","href":"https:\/\/api.w.org\/{rel}","templated":true}]}}