{"id":2446,"date":"2025-01-01T07:46:56","date_gmt":"2025-01-01T07:46:56","guid":{"rendered":"https:\/\/fmp-components.com\/?page_id=8"},"modified":"2025-01-01T07:46:56","modified_gmt":"2025-01-01T07:46:56","slug":"flail-mower-gearbox-replacement-of-comer-code-t-301b","status":"publish","type":"product","link":"https:\/\/fmp-components.com\/sl\/product\/flail-mower-gearbox-replacement-of-comer-code-t-301b\/","title":{"rendered":"Menjalnik mul\u010darja \u2013 zamenjava kode Comer T-301B"},"content":{"rendered":"<p><img loading=\"lazy\" decoding=\"async\" class=\"size-full wp-image-2450 aligncenter\" src=\"https:\/\/fmp-components.com\/wp-content\/uploads\/2025\/01\/Flail-Mower-Gearbox-Replacement-of-Comer-Gearbox-T-301B.webp\" alt=\"Zamenjava menjalnika-kosilnice-za-mul\u010der-T-301B\" width=\"666\" height=\"409\" title=\"\" srcset=\"https:\/\/fmp-components.com\/wp-content\/uploads\/2025\/01\/Flail-Mower-Gearbox-Replacement-of-Comer-Gearbox-T-301B.webp 666w, https:\/\/fmp-components.com\/wp-content\/uploads\/2025\/01\/Flail-Mower-Gearbox-Replacement-of-Comer-Gearbox-T-301B-480x295.webp 480w\" sizes=\"(min-width: 0px) and (max-width: 480px) 480px, (min-width: 481px) 666px, 100vw\" \/><\/p>\n<h2>Specifikacije menjalnika mul\u010darja T-301B<\/h2>\n<table class=\"kh-1xzm1su\" border=\"1\" cellspacing=\"0\" cellpadding=\"0\" data-intent=\"lists-product-attributes\" data-test-id=\"attributes-list\">\n<tbody class=\"kh-1ago99h\">\n<tr id=\"alexis#custom#item-id\" class=\"kh-bwvum6\" data-test-id=\"attribute-row\">\n<th class=\"kh-10oizfy\">Opis izdelka<\/th>\n<td class=\"kh-1f5nhat\">\n<div class=\"kh-pkx4zo\">Menjalnik mul\u010darja \u2013 Zamenjava menjalnika Comer T-301B<\/div>\n<\/td>\n<\/tr>\n<tr id=\"attProductDetails\" class=\"kh-bwvum6\" data-test-id=\"attribute-row\">\n<th class=\"kh-10oizfy\">Podrobnosti o izdelku<\/th>\n<td class=\"kh-1f5nhat\">\n<ul>\n<li class=\"kh-16zd49f\">Za mo\u010d pri druga\u010dnem \u0161tevilu vrtljajev nas kontaktirajte<\/li>\n<li class=\"kh-16zd49f\">Menjalnik je dobavljen brez olja in ga je treba pred prvo uporabo napolniti.<\/li>\n<li class=\"kh-16zd49f\">Najprej se olje menja po 50\u201370 obratovalnih urah, nato po 500\u2013700 obratovalnih urah ali vsaj enkrat letno.<\/li>\n<\/ul>\n<\/td>\n<\/tr>\n<tr id=\"attApplicationRange\" class=\"kh-bwvum6\" data-test-id=\"attribute-row\">\n<th class=\"kh-10oizfy\">Obmo\u010dje uporabe<\/th>\n<td class=\"kh-1f5nhat\">\n<ul>\n<li class=\"kh-16zd49f\">Razli\u010dne (kmetijske) aplikacije<\/li>\n<li class=\"kh-16zd49f\">Kosilnice<\/li>\n<li class=\"kh-16zd49f\">Rotacijski kultivatorji<\/li>\n<\/ul>\n<\/td>\n<\/tr>\n<tr id=\"taModel_35\" class=\"kh-bwvum6\" data-test-id=\"attribute-row\">\n<th class=\"kh-10oizfy\">Model<\/th>\n<td class=\"kh-1f5nhat\">\n<div class=\"kh-pkx4zo\">T-301B<\/div>\n<\/td>\n<\/tr>\n<tr id=\"taMaxInputRotationSpeedRpm\" class=\"kh-bwvum6\" data-test-id=\"attribute-row\">\n<th class=\"kh-10oizfy\">Maks. vhodna hitrost vrtenja<\/th>\n<td class=\"kh-1f5nhat\">\n<div class=\"kh-pkx4zo\">1000 vrt\/min<\/div>\n<\/td>\n<\/tr>\n<tr id=\"attConsistsOf\" class=\"kh-bwvum6\" data-test-id=\"attribute-row\">\n<th class=\"kh-10oizfy\">Sestavljen je iz<\/th>\n<td class=\"kh-1f5nhat\">\n<ul>\n<li class=\"kh-16zd49f\">Menjalnik<\/li>\n<li class=\"kh-16zd49f\">Brez olja<\/li>\n<\/ul>\n<\/td>\n<\/tr>\n<tr id=\"taMaxInputPowerKw\" class=\"kh-bwvum6\" data-test-id=\"attribute-row\">\n<th class=\"kh-10oizfy\">Maks. vhodna mo\u010d<\/th>\n<td class=\"kh-1f5nhat\">\n<div class=\"kh-pkx4zo\">132 kW<\/div>\n<\/td>\n<\/tr>\n<tr id=\"taMaxOutputTorqueDaNm\" class=\"kh-bwvum6\" data-test-id=\"attribute-row\">\n<th class=\"kh-10oizfy\">Maks. izhodni navor<\/th>\n<td class=\"kh-1f5nhat\">\n<div class=\"kh-pkx4zo\">76,4 daNm<\/div>\n<\/td>\n<\/tr>\n<tr id=\"taConnect1Type\" class=\"kh-bwvum6\" data-test-id=\"attribute-row\">\n<th class=\"kh-10oizfy\">Vrsta povezave 1<\/th>\n<td class=\"kh-1f5nhat\">\n<div class=\"kh-pkx4zo\">Z utori<\/div>\n<\/td>\n<\/tr>\n<tr id=\"taConnect1OutsideDiameterInch\" class=\"kh-bwvum6\" data-test-id=\"attribute-row\">\n<th class=\"kh-10oizfy\"><span class=\"kh-rp0pq4\">X<\/span>Zunanji premer priklju\u010dka 1<\/th>\n<td class=\"kh-1f5nhat\">\n<div class=\"kh-pkx4zo\">1-3\/4 palca<\/div>\n<\/td>\n<\/tr>\n<tr id=\"taConnect1SplinesNumber\" class=\"kh-bwvum6\" data-test-id=\"attribute-row\">\n<th class=\"kh-10oizfy\">\u0160tevilo utorov za povezavo 1<\/th>\n<td class=\"kh-1f5nhat\">\n<div class=\"kh-pkx4zo\">6<\/div>\n<\/td>\n<\/tr>\n<tr id=\"taConnect2Type\" class=\"kh-bwvum6\" data-test-id=\"attribute-row\">\n<th class=\"kh-10oizfy\">Vrsta povezave 2<\/th>\n<td class=\"kh-1f5nhat\">\n<div class=\"kh-pkx4zo\">Z utori<\/div>\n<\/td>\n<\/tr>\n<tr id=\"taConnect2OutsideDiameterInch\" class=\"kh-bwvum6\" data-test-id=\"attribute-row\">\n<th class=\"kh-10oizfy\"><span class=\"kh-rp0pq4\">Y<\/span>Zunanji premer priklju\u010dka 2<\/th>\n<td class=\"kh-1f5nhat\">\n<div class=\"kh-pkx4zo\">1-3\/8 palca<\/div>\n<\/td>\n<\/tr>\n<tr id=\"taConnect2SplinesNumber\" class=\"kh-bwvum6\" data-test-id=\"attribute-row\">\n<th class=\"kh-10oizfy\">\u0160tevilo utorov povezave 2<\/th>\n<td class=\"kh-1f5nhat\">\n<div class=\"kh-pkx4zo\">6<\/div>\n<\/td>\n<\/tr>\n<tr id=\"taConnect3Type\" class=\"kh-bwvum6\" data-test-id=\"attribute-row\">\n<th class=\"kh-10oizfy\">Vrsta povezave 3<\/th>\n<td class=\"kh-1f5nhat\">\n<div class=\"kh-pkx4zo\">Z utori<\/div>\n<\/td>\n<\/tr>\n<tr id=\"taConnect3OutsideDiameterInch\" class=\"kh-bwvum6\" data-test-id=\"attribute-row\">\n<th class=\"kh-10oizfy\"><span class=\"kh-rp0pq4\">\u017d<\/span>Priklju\u010dek 3 zunanji premer<\/th>\n<td class=\"kh-1f5nhat\">\n<div class=\"kh-pkx4zo\">1-3\/8 palca<\/div>\n<\/td>\n<\/tr>\n<tr id=\"taConnect3SplinesNumber\" class=\"kh-bwvum6\" data-test-id=\"attribute-row\">\n<th class=\"kh-10oizfy\">\u0160tevilo utorov pri priklju\u010dku 3<\/th>\n<td class=\"kh-1f5nhat\">\n<div class=\"kh-pkx4zo\">6<\/div>\n<\/td>\n<\/tr>\n<tr id=\"taContainsOil\" class=\"kh-bwvum6\" data-test-id=\"attribute-row\">\n<th class=\"kh-10oizfy\">Vsebuje olje<\/th>\n<td class=\"kh-1f5nhat\">\n<div class=\"kh-pkx4zo\">Ne<\/div>\n<\/td>\n<\/tr>\n<tr id=\"taMaxOilCapacityL\" class=\"kh-bwvum6\" data-test-id=\"attribute-row\">\n<th class=\"kh-10oizfy\">Najve\u010dja prostornina olja<\/th>\n<td class=\"kh-1f5nhat\">\n<div class=\"kh-pkx4zo\">4,4 l<\/div>\n<\/td>\n<\/tr>\n<tr id=\"taMaxOilChangeIntervalH\" class=\"kh-bwvum6\" data-test-id=\"attribute-row\">\n<th class=\"kh-10oizfy\">Maks. interval menjave olja<\/th>\n<td class=\"kh-1f5nhat\">\n<div class=\"kh-pkx4zo\">500 ur<\/div>\n<\/td>\n<\/tr>\n<tr id=\"taOilSAEViscosityGrade\" class=\"kh-bwvum6\" data-test-id=\"attribute-row\">\n<th class=\"kh-10oizfy\">Viskoznost olja SAE<\/th>\n<td class=\"kh-1f5nhat\">\n<div class=\"kh-pkx4zo\">80W-90<\/div>\n<\/td>\n<\/tr>\n<tr id=\"taHousingMaterial_16\" class=\"kh-bwvum6\" data-test-id=\"attribute-row\">\n<th class=\"kh-10oizfy\">Material ohi\u0161ja<\/th>\n<td class=\"kh-1f5nhat\">\n<div class=\"kh-pkx4zo\">Lito \u017eelezo GGG40<\/div>\n<\/td>\n<\/tr>\n<tr id=\"taOriginalNumber_\" class=\"kh-bwvum6\" data-test-id=\"attribute-row\">\n<th class=\"kh-10oizfy\">Izvirni \u0161tevilski ekvivalent<\/th>\n<td class=\"kh-1f5nhat\">\n<div class=\"kh-pkx4zo\">9.301.041.00<\/div>\n<\/td>\n<\/tr>\n<tr id=\"taWeightKg_75\" class=\"kh-bwvum6\" data-test-id=\"attribute-row\">\n<th class=\"kh-10oizfy\">Te\u017ea<\/th>\n<td class=\"kh-1f5nhat\">\n<div class=\"kh-pkx4zo\">61,5 kg<\/div>\n<\/td>\n<\/tr>\n<tr id=\"taRatioIncreasing\" class=\"kh-bwvum6\" data-test-id=\"attribute-row\">\n<th class=\"kh-10oizfy\">Pove\u010danje razmerja<\/th>\n<td class=\"kh-1f5nhat\">\n<div class=\"kh-pkx4zo\">1: 1.60<\/div>\n<\/td>\n<\/tr>\n<\/tbody>\n<\/table>\n<h2>Zna\u010dilnosti menjalnika mul\u010darja T-301B<\/h2>\n<p>Menjalnik za mul\u010darje T-301B je visokozmogljiv menjalnik, zasnovan za uporabo s mul\u010darji v kmetijstvu, urejanju krajine in industriji. Ta menjalnik je zasnovan za u\u010dinkovitost, vzdr\u017eljivost in natan\u010dnost, kar zagotavlja optimalno delovanje v zahtevnih okoljih ko\u0161nje. Spodaj so navedene klju\u010dne zna\u010dilnosti menjalnika T-301B:<\/p>\n<p><strong>Visoko prestavno razmerje za izbolj\u0161ano zmogljivost<\/strong><\/p>\n<p>Menjalnik T-301B ima visoko prestavno razmerje, ki zagotavlja u\u010dinkovit prenos navora in optimizirano vrtenje rezila. To prestavno razmerje je zasnovano za maksimalno mo\u010d rezanja, zaradi \u010desar je primeren za trdo vegetacijo, vklju\u010dno z gosto travo, grmi\u010devjem in majhnimi drevesi. Menjalnik zagotavlja konstantno hitrost rezila, hkrati pa ohranja nizko porabo energije, kar izbolj\u0161uje splo\u0161no u\u010dinkovitost.<\/p>\n<ul>\n<li>Optimizirano prestavno razmerje za izbolj\u0161an navor in zmogljivost rezila.<\/li>\n<li>Idealno za zahtevna ko\u0161nja z zahtevno vegetacijo.<\/li>\n<\/ul>\n<p><strong>Trpe\u017ena in robustna konstrukcija<\/strong><\/p>\n<p>Menjalnik T-301B je izdelan iz trpe\u017enih materialov, ki zagotavljajo vzdr\u017eljivost in dolgoro\u010dno delovanje v zahtevnih pogojih. Izdelan je iz visoko trdnega jekla in oja\u010danih komponent ter je zasnovan tako, da prenese obremenitve neprekinjenega delovanja v zahtevnih okoljih, kot sta neraven teren ali gosto grmovje. Robustno ohi\u0161je \u0161\u010diti notranje komponente pred po\u0161kodbami, kar prispeva k dolgi \u017eivljenjski dobi menjalnika.<\/p>\n<ul>\n<li>Robustna konstrukcija za zanesljivo delovanje v zahtevnih okoljih.<\/li>\n<li>Zasnovan tako, da prenese neprekinjeno uporabo in je odporen proti obrabi.<\/li>\n<\/ul>\n<p><strong>Precizno in\u017eenirstvo za nemoteno delovanje<\/strong><\/p>\n<p>Menjalnik T-301B je zasnovan s preciznimi zobniki, ki zagotavljajo gladko in tiho delovanje. Notranje komponente so skrbno zasnovane in strojno obdelane za natan\u010dno prileganje, kar zmanj\u0161uje vibracije in hrup med delovanjem. Ta lastnost pove\u010duje udobje in varnost upravljavca, hkrati pa ohranja u\u010dinkovito delovanje tako pri lahkih kot te\u017ekih ko\u0161nji.<\/p>\n<ul>\n<li>Natan\u010dni zobniki zagotavljajo gladko in tiho delovanje.<\/li>\n<li>Zmanj\u0161uje vibracije, kar pove\u010duje udobje in varnost upravljavca.<\/li>\n<\/ul>\n<p><strong>U\u010dinkovit prenos mo\u010di<\/strong><\/p>\n<p>Menjalnik T-301B je zasnovan za u\u010dinkovit prenos mo\u010di iz kardanske gredi na rezila kosilnice. Zagotavlja odli\u010dno pretvorbo mo\u010di z minimalnimi izgubami, kar zagotavlja, da rezila kosilnice delujejo z idealno hitrostjo za ko\u0161njo. Ta u\u010dinkovit prenos mo\u010di zmanj\u0161uje obremenitev motorja traktorja, kar vodi do bolj\u0161e porabe goriva in ni\u017ejih obratovalnih stro\u0161kov.<\/p>\n<ul>\n<li>U\u010dinkovit prenos mo\u010di zmanj\u0161uje izgubo energije.<\/li>\n<li>Zmanj\u0161a obremenitev motorja traktorja, kar vodi do bolj\u0161e porabe goriva.<\/li>\n<\/ul>\n<p><strong>Vsestranska uporaba<\/strong><\/p>\n<p>Menjalnik T-301B je vsestranski in se lahko uporablja s \u0161iroko paleto mul\u010darjev in opreme s pogonom na kardansko gredo. Zasnovan je za razli\u010dne ko\u0161nje, od ko\u0161nje trave in vzdr\u017eevanja polj do \u010di\u0161\u010denja grmovja in gozdarskih opravil. Ne glede na to, ali se uporablja v manj\u0161ih ali velikih komercialnih okoljih, se menjalnik T-301B prilagaja razli\u010dnim pogojem ko\u0161nje in zagotavlja u\u010dinkovito delovanje.<\/p>\n<ul>\n<li>Vsestranski za razli\u010dne namene, kot so ko\u0161nja trave, \u010di\u0161\u010denje grmovja in gozdarstvo.<\/li>\n<li>Primerno tako za kmetijske kot krajinske namene.<\/li>\n<\/ul>\n<p>Menjalnik za mul\u010dar T-301B je robusten, visokozmogljiv menjalnik, zasnovan za zahtevna ko\u0161nja. Zaradi visokega prestavnega razmerja, trpe\u017ene konstrukcije in u\u010dinkovitega prenosa mo\u010di je idealen za ko\u0161njo goste trave, grmovja in majhnih dreves. Ne glede na to, ali se uporablja za kmetijske ali krajinske namene, T-301B zagotavlja nemoteno delovanje, natan\u010dno ko\u0161njo in dolgotrajno delovanje z minimalnimi zahtevami po vzdr\u017eevanju.<\/p>\n<h2>Kje se lahko uporablja menjalnik mul\u010darja?<\/h2>\n<p>Menjalnik mul\u010darja je vsestranski in bistveni sestavni del, ki se uporablja v \u0161tevilnih kmetijskih, krajinskih in industrijskih aplikacijah. Zaradi svoje sposobnosti u\u010dinkovitega pogona rezil kosilnice z visokim navorom in natan\u010dnostjo je idealen za okolja, ki zahtevajo robustno in dosledno delovanje. Spodaj so navedena klju\u010dna podro\u010dja, kjer se lahko menjalnik mul\u010darja u\u010dinkovito uporablja:<\/p>\n<p><strong>Kmetijska polja<\/strong><\/p>\n<p>Kosilnice z menjalniki se v kmetijstvu pogosto uporabljajo za vzdr\u017eevanje polj. Idealne so za ko\u0161njo trave, plevela in vegetacije na velikih poljih. Menjalniki zagotavljajo u\u010dinkovit prenos mo\u010di, kar traktorjem omogo\u010da hitro in u\u010dinkovito obvladovanje zara\u0161\u010denih povr\u0161in. Te kosilnice so \u0161e posebej uporabne za vzdr\u017eevanje pa\u0161nikov, seno\u017eetih polj in kmetijskih zemlji\u0161\u010d, saj lahko obvladajo gosto vegetacijo in \u010distijo polja za sajenje ali pa\u0161o.<\/p>\n<ul>\n<li>Uporaba: Ko\u0161nja trave, vzdr\u017eevanje pa\u0161nikov, zatiranje plevela.<\/li>\n<li>Prednosti: U\u010dinkovita ko\u0161nja na velikih kmetijskih povr\u0161inah, izbolj\u0161anje upravljanja zemlji\u0161\u010d.<\/li>\n<\/ul>\n<p><strong>Vzdr\u017eevanje cest in avtocest<\/strong><\/p>\n<p>Kosilnice z rahljalnikom se pogosto uporabljajo za vzdr\u017eevanje cest in \u010di\u0161\u010denje avtocest, kjer je treba ko\u0161iti travo, grmi\u010devje in majhna drevesa ob cestah. Menjalnik kosilnice z rahljalnikom zagotavlja mo\u010d, potrebno za ko\u0161njo skozi gosto grmi\u010devje in zara\u0161\u010deno vegetacijo, ki se pogosto pojavlja ob avtocestah, s \u010dimer prepre\u010duje te\u017eave z vidljivostjo in zagotavlja varne vozne razmere. Zaradi vzdr\u017eljivosti menjalnika je zelo primeren za neprekinjena, zahtevna opravila na cestah.<\/p>\n<ul>\n<li>Uporaba: Ko\u0161nja ob cestah, nadzor vegetacije ob avtocestah in urbanih obmo\u010djih.<\/li>\n<li>Prednosti: Pomaga vzdr\u017eevati \u010diste robove cest in pove\u010duje varnost z nadzorom zara\u0161\u010danja.<\/li>\n<\/ul>\n<p><strong>Urejanje krajine in vzdr\u017eevanje mest<\/strong><\/p>\n<p>V krajinskem in urbanem okolju ima menjalnik mul\u010darjev klju\u010dno vlogo pri vzdr\u017eevanju parkov, igri\u0161\u010d za golf in javnih zelenih povr\u0161in. Ta menjalnika pomagajo pri obrezovanju trave, grmovnic in majhnih dreves, kar zagotavlja dosledne in profesionalne rezultate urejanja krajine. \u0160e posebej so koristni za komunalno vzdr\u017eevanje in komercialno urejanje krajine, kjer sta estetika in funkcionalnost bistvenega pomena.<\/p>\n<ul>\n<li>Uporaba: Vzdr\u017eevanje trate, ko\u0161nja parkov in zelenih povr\u0161in, vzdr\u017eevanje igri\u0161\u010d za golf.<\/li>\n<li>Prednosti: Zagotavlja \u010diste, urejene in dobro vzdr\u017eevane javne prostore z minimalnim \u010dasom izpada.<\/li>\n<\/ul>\n<p><strong>Gozdarstvo in kr\u010denje grmovja<\/strong><\/p>\n<p>V gozdarstvu se menjalnik mul\u010darja uporablja za \u010di\u0161\u010denje gostega grmovja, podrasti in majhnih dreves. Idealen je za \u010di\u0161\u010denje po\u017earnih pregrad, gozdnih cest in upravljanje vegetacije v gozdnih tleh. Zaradi visokega navora in vzdr\u017eljivosti menjalnika je zelo primeren za \u010di\u0161\u010denje neravnega, zara\u0161\u010denega terena v gozdovih ali gozdnih obmo\u010djih. Ta uporaba je klju\u010dnega pomena za prepre\u010devanje po\u017earov in ustvarjanje dostopnih obmo\u010dij za gozdarske operacije.<\/p>\n<ul>\n<li>Uporaba: \u010di\u0161\u010denje grmovja, vzdr\u017eevanje protipo\u017earnih pregrad, gospodarjenje z gozdovi.<\/li>\n<li>Prednosti: U\u010dinkovito \u010di\u0161\u010denje gostega rastlinja, prepre\u010devanje nevarnosti po\u017earov in la\u017eji dostop do gozdnih obmo\u010dij.<\/li>\n<\/ul>\n<p><strong>Komunalna in industrijska uporaba<\/strong><\/p>\n<p>V industrijskih in komunalnih okoljih se mul\u010darji, opremljeni z menjalnikom, pogosto uporabljajo za \u010di\u0161\u010denje zemlji\u0161\u010d, upravljanje industrijskih lokacij in vzdr\u017eevanje velikih nepremi\u010dnin ali posesti. Zaradi vsestranskosti menjalnika mul\u010darja je primeren za obmo\u010dja, kjer je treba nadzorovati vegetacijo, da se prepre\u010di oviranje strojev, delovanja ali infrastrukture. Ti menjalniki zagotavljajo u\u010dinkovito in dosledno delovanje, tudi pri uporabi v urbanih okoljih, tovarni\u0161kih prostorih ali skladi\u0161\u010dih.<\/p>\n<ul>\n<li>Uporaba: \u010ci\u0161\u010denje zemlji\u0161\u010d za industrijska obmo\u010dja, vzdr\u017eevanje posesti, obmo\u010dja ravnanja z odpadki.<\/li>\n<li>Prednosti: Omogo\u010da u\u010dinkovito upravljanje zemlji\u0161\u010d in nadzor vegetacije v industrijskih ali velikih ob\u010dinskih objektih.<\/li>\n<\/ul>\n<p>Menjalnik za mul\u010dar je bistvena komponenta za razli\u010dne kmetijske, krajinske in industrijske aplikacije. Njegova vsestranskost omogo\u010da uporabo na poljih, obcestnih povr\u0161inah, v gozdovih, na ob\u010dinskih zemlji\u0161\u010dih in pri upravljanju \u0161portnih trat, kar zagotavlja u\u010dinkovit nadzor vegetacije v zahtevnih okoljih. Ne glede na to, ali gre za vzdr\u017eevanje ali \u010di\u0161\u010denje zemlji\u0161\u010d, menjalnik zagotavlja u\u010dinkovitost, vzdr\u017eljivost in dosledno delovanje pri zahtevnih nalogah.<\/p>\n<table style=\"width: 102.574%; height: 34px;\" width=\"136\">\n<tbody>\n<tr>\n<td style=\"width: 49.8419%;\" width=\"72\"><img loading=\"lazy\" decoding=\"async\" class=\"alignnone size-full wp-image-2448\" src=\"https:\/\/fmp-components.com\/wp-content\/uploads\/2025\/01\/Where-Can-the-Flail-Mower-Gearbox-Be-Used-1.webp\" alt=\"Kje-se-lahko-uporabi-menjalnik-mul\u010derja-1\" width=\"1024\" height=\"683\" title=\"\" srcset=\"https:\/\/fmp-components.com\/wp-content\/uploads\/2025\/01\/Where-Can-the-Flail-Mower-Gearbox-Be-Used-1.webp 1024w, https:\/\/fmp-components.com\/wp-content\/uploads\/2025\/01\/Where-Can-the-Flail-Mower-Gearbox-Be-Used-1-980x654.webp 980w, https:\/\/fmp-components.com\/wp-content\/uploads\/2025\/01\/Where-Can-the-Flail-Mower-Gearbox-Be-Used-1-480x320.webp 480w\" sizes=\"(min-width: 0px) and (max-width: 480px) 480px, (min-width: 481px) and (max-width: 980px) 980px, (min-width: 981px) 1024px, 100vw\" \/><\/td>\n<td style=\"width: 49.5258%;\" width=\"64\"><img loading=\"lazy\" decoding=\"async\" class=\"alignnone size-full wp-image-2449\" src=\"https:\/\/fmp-components.com\/wp-content\/uploads\/2025\/01\/Where-Can-the-Flail-Mower-Gearbox-Be-Used.webp\" alt=\"Kje-se-lahko-uporabi-menjalni-sistem-mul\u010derja\" width=\"1024\" height=\"683\" title=\"\" srcset=\"https:\/\/fmp-components.com\/wp-content\/uploads\/2025\/01\/Where-Can-the-Flail-Mower-Gearbox-Be-Used.webp 1024w, https:\/\/fmp-components.com\/wp-content\/uploads\/2025\/01\/Where-Can-the-Flail-Mower-Gearbox-Be-Used-980x654.webp 980w, https:\/\/fmp-components.com\/wp-content\/uploads\/2025\/01\/Where-Can-the-Flail-Mower-Gearbox-Be-Used-480x320.webp 480w\" sizes=\"(min-width: 0px) and (max-width: 480px) 480px, (min-width: 481px) and (max-width: 980px) 980px, (min-width: 981px) 1024px, 100vw\" \/><\/td>\n<\/tr>\n<\/tbody>\n<\/table>\n<h3>O FMP-ju<\/h3>\n<p>FMP s sede\u017eem v Italiji je vodilni proizvajalec, znan po svojem strokovnem znanju na podro\u010dju na\u010drtovanja, razvoja in proizvodnje visokozmogljivih menjalnikov, s posebnim poudarkom na sektorju kmetijske mehanizacije. Z ugledom na podro\u010dju natan\u010dnega in\u017eeniringa, inovativnih re\u0161itev in neomajne zanesljivosti je FMP postal zaupanja vreden partner pri re\u0161evanju razvijajo\u010dih se potreb tako kmetijskega kot industrijskega sektorja. Na\u0161a raznolika ponudba izdelkov vklju\u010duje specializirane menjalnike za kosilnice, kardanske gredi in druge bistvene komponente, ki so vse skrbno zasnovane za zagotavljanje prilagojenih re\u0161itev za \u0161irok spekter uporabe.<\/p>\n<p>Pri FMP razumemo, da ima vsaka stranka edinstvene zahteve in izzive. Zato smo specializirani za ponujanje re\u0161itev po meri, bodisi za posamezne komponente bodisi za popolnoma integrirane sisteme. Tesno sodelujemo z na\u0161imi strankami, da zagotovimo, da je vsaka re\u0161itev ne le u\u010dinkovita, ampak tudi uspe\u0161na, kar optimizira tako zmogljivost kot vrednost. Na\u0161a zavezanost hitrim in profesionalnim odgovorom, skupaj s strokovnim vodenjem, zagotavlja, da se vsako povpra\u0161evanje obravnava z najve\u010djo skrbnostjo in natan\u010dnostjo, kar vodi do najbolj\u0161ih mo\u017enih rezultatov.<\/p>\n<p>V celotnem procesu razvoja izdelkov dajemo prednost odprti in stalni komunikaciji. Na\u0161a predana ekipa sodeluje neposredno s strankami, da bi v celoti razumela njihove specifi\u010dne potrebe, in jim ponuja dragocene vpoglede in priporo\u010dila za zagotavljanje optimalnih re\u0161itev. Ne glede na to, ali oblikujemo inovativne izdelke ali izpolnjujemo teko\u010da naro\u010dila, je FMP zavezan k zagotavljanju visokokakovostnih, natan\u010dno izdelanih re\u0161itev pravo\u010dasno in vsaki\u010d. Na\u0161 cilj je strankam zagotoviti najbolj\u0161o storitev in rezultate, ki pri vsakem projektu presegajo pri\u010dakovanja.<\/p>\n<p>Kakovost je temelj poslovanja podjetja FMP. Dr\u017eimo se najvi\u0161jih proizvodnih standardov in izvajamo stroge ukrepe nadzora kakovosti, da zagotovimo, da vsak izdelek ne le izpolnjuje, ampak tudi presega industrijske standarde. Ta neomajna zavezanost kakovosti, skupaj z na\u0161imi temeljnimi vrednotami integritete, timskega dela in vztrajnosti, nam je omogo\u010dila, da smo s strankami v skoraj 30 dr\u017eavah po vsem svetu zgradili dolgotrajne, na zaupanju temelje\u010de odnose.<\/p>\n<p>FMP je vedno odprt za spodbujanje globalnih partnerstev in ostaja predan ponujanju strokovnih nasvetov in prilagojenih re\u0161itev, ki ustrezajo raznolikim potrebam na\u0161ih strank. Gremo dlje od zgolj dobave izdelkov; na\u0161 cilj je graditi trajne odnose, ki prispevajo k uspehu vsakega projekta. Ne glede na to, ali potrebujete inovativne re\u0161itve za novo pobudo ali stalno podporo za obstoje\u010di sistem, je FMP tukaj, da se spopade z va\u0161imi tehni\u010dnimi izzivi in \u200b\u200bzagotovi va\u0161 nadaljnji uspeh.<\/p>\n<p><img loading=\"lazy\" decoding=\"async\" class=\"alignnone size-full wp-image-1861\" src=\"https:\/\/fmp-components.com\/wp-content\/uploads\/2024\/12\/Other-Agricultural-Gearboxes.webp\" sizes=\"(min-width: 0px) and (max-width: 480px) 480px, (min-width: 481px) and (max-width: 980px) 980px, (min-width: 981px) 1200px, 100vw\" srcset=\"https:\/\/fmp-components.com\/wp-content\/uploads\/2024\/12\/Other-Agricultural-Gearboxes.webp 1200w, https:\/\/fmp-components.com\/wp-content\/uploads\/2024\/12\/Other-Agricultural-Gearboxes-980x1143.webp 980w, https:\/\/fmp-components.com\/wp-content\/uploads\/2024\/12\/Other-Agricultural-Gearboxes-480x560.webp 480w\" alt=\"Altri-cambi-agricoli\" width=\"1200\" height=\"1400\" title=\"\"><\/p>\n<p>Avtor: CX<\/p>","protected":false},"excerpt":{"rendered":"<p>Specifications of Flail Mower Gearbox T-301B Product\u00a0 Description Flail Mower Gearbox &#8211; Replacement of Comer Gearbox T-301B Product details Contact us for power at a different RPM The gearbox is delivered without oil and must be filled before first use. First, the oil change after 50-70 operating hours, then after 500-700 operating hours or at [&hellip;]<\/p>","protected":false},"featured_media":2450,"comment_status":"open","ping_status":"closed","template":"","meta":{"_et_pb_use_builder":"","_et_pb_old_content":"","_et_gb_content_width":""},"product_brand":[],"product_cat":[58],"product_tag":[],"class_list":{"0":"post-2446","1":"product","2":"type-product","3":"status-publish","4":"has-post-thumbnail","6":"product_cat-flail-mower-gearbox","8":"first","9":"instock","10":"shipping-taxable","11":"product-type-simple"},"_links":{"self":[{"href":"https:\/\/fmp-components.com\/sl\/wp-json\/wp\/v2\/product\/2446","targetHints":{"allow":["GET"]}}],"collection":[{"href":"https:\/\/fmp-components.com\/sl\/wp-json\/wp\/v2\/product"}],"about":[{"href":"https:\/\/fmp-components.com\/sl\/wp-json\/wp\/v2\/types\/product"}],"replies":[{"embeddable":true,"href":"https:\/\/fmp-components.com\/sl\/wp-json\/wp\/v2\/comments?post=2446"}],"wp:featuredmedia":[{"embeddable":true,"href":"https:\/\/fmp-components.com\/sl\/wp-json\/wp\/v2\/media\/2450"}],"wp:attachment":[{"href":"https:\/\/fmp-components.com\/sl\/wp-json\/wp\/v2\/media?parent=2446"}],"wp:term":[{"taxonomy":"product_brand","embeddable":true,"href":"https:\/\/fmp-components.com\/sl\/wp-json\/wp\/v2\/product_brand?post=2446"},{"taxonomy":"product_cat","embeddable":true,"href":"https:\/\/fmp-components.com\/sl\/wp-json\/wp\/v2\/product_cat?post=2446"},{"taxonomy":"product_tag","embeddable":true,"href":"https:\/\/fmp-components.com\/sl\/wp-json\/wp\/v2\/product_tag?post=2446"}],"curies":[{"name":"delovni list","href":"https:\/\/api.w.org\/{rel}","templated":true}]}}