{"id":2422,"date":"2025-01-01T06:49:10","date_gmt":"2025-01-01T06:49:10","guid":{"rendered":"https:\/\/fmp-components.com\/?page_id=8"},"modified":"2025-01-01T06:49:10","modified_gmt":"2025-01-01T06:49:10","slug":"flail-mower-gearboxes-replacement-of-comer-code-t-292b-1-861","status":"publish","type":"product","link":"https:\/\/fmp-components.com\/sl\/product\/flail-mower-gearboxes-replacement-of-comer-code-t-292b-1-861\/","title":{"rendered":"Menjalniki kosilnic \u2013 zamenjava, koda Comer T-292B 1,86:1"},"content":{"rendered":"<p><img loading=\"lazy\" decoding=\"async\" class=\"size-full wp-image-2429 aligncenter\" src=\"https:\/\/fmp-components.com\/wp-content\/uploads\/2025\/01\/Flail-Mower-Gearboxes-Replacement-of-Comer-Code-T-292B.webp\" alt=\"Zamenjava menjalnikov kosilnic Comer, koda T-292B\" width=\"600\" height=\"491\" title=\"\" srcset=\"https:\/\/fmp-components.com\/wp-content\/uploads\/2025\/01\/Flail-Mower-Gearboxes-Replacement-of-Comer-Code-T-292B.webp 600w, https:\/\/fmp-components.com\/wp-content\/uploads\/2025\/01\/Flail-Mower-Gearboxes-Replacement-of-Comer-Code-T-292B-480x393.webp 480w\" sizes=\"(min-width: 0px) and (max-width: 480px) 480px, (min-width: 481px) 600px, 100vw\" \/><\/p>\n<h2>Specifikacije menjalnika mul\u010darja T-292B (1,86:1)<\/h2>\n<p>&nbsp;<\/p>\n<table style=\"width: 99.1544%; height: 163px;\" width=\"136\">\n<tbody>\n<tr>\n<td style=\"width: 49.3464%;\" width=\"72\"><img loading=\"lazy\" decoding=\"async\" class=\"alignnone size-full wp-image-2428\" src=\"https:\/\/fmp-components.com\/wp-content\/uploads\/2025\/01\/Flail-Mower-Gearbox-T-292B-Specifications-1.webp\" alt=\"Menjalnik kosilnice-T-292B-Specifikacije-1\" width=\"600\" height=\"350\" title=\"\" srcset=\"https:\/\/fmp-components.com\/wp-content\/uploads\/2025\/01\/Flail-Mower-Gearbox-T-292B-Specifications-1.webp 600w, https:\/\/fmp-components.com\/wp-content\/uploads\/2025\/01\/Flail-Mower-Gearbox-T-292B-Specifications-1-480x280.webp 480w\" sizes=\"(min-width: 0px) and (max-width: 480px) 480px, (min-width: 481px) 600px, 100vw\" \/><\/td>\n<td style=\"width: 49.8911%;\" width=\"64\"><img loading=\"lazy\" decoding=\"async\" class=\"alignnone size-full wp-image-2427\" src=\"https:\/\/fmp-components.com\/wp-content\/uploads\/2025\/01\/Flail-Mower-Gearbox-T-292B-Specifications-2.webp\" alt=\"Menjalnik kosilnice-T-292B-Specifikacije-2\" width=\"600\" height=\"354\" title=\"\" srcset=\"https:\/\/fmp-components.com\/wp-content\/uploads\/2025\/01\/Flail-Mower-Gearbox-T-292B-Specifications-2.webp 600w, https:\/\/fmp-components.com\/wp-content\/uploads\/2025\/01\/Flail-Mower-Gearbox-T-292B-Specifications-2-480x283.webp 480w\" sizes=\"(min-width: 0px) and (max-width: 480px) 480px, (min-width: 481px) 600px, 100vw\" \/><\/td>\n<\/tr>\n<\/tbody>\n<\/table>\n<table class=\"kh-1xzm1su\" border=\"1\" cellspacing=\"0\" cellpadding=\"0\" data-intent=\"lists-product-attributes\" data-test-id=\"attributes-list\">\n<tbody class=\"kh-1ago99h\">\n<tr id=\"alexis#custom#item-id\" class=\"kh-bwvum6\" data-test-id=\"attribute-row\">\n<th class=\"kh-10oizfy\">Opis izdelka<\/th>\n<td class=\"kh-1f5nhat\">\n<div class=\"kh-pkx4zo\">Menjalniki kosilnic \u2013 zamenjava, koda Comer T-292B 1,86:1<\/div>\n<\/td>\n<\/tr>\n<tr id=\"attProductDetails\" class=\"kh-bwvum6\" data-test-id=\"attribute-row\">\n<th class=\"kh-10oizfy\">Podrobnosti o izdelku<\/th>\n<td class=\"kh-1f5nhat\">\n<ul>\n<li class=\"kh-16zd49f\">Vsi menjalniki so dobavljeni brez olja.<\/li>\n<li class=\"kh-16zd49f\">Najprej menjajte olje po 50\u201370 obratovalnih urah, nato po 500\u2013700 obratovalnih urah ali vsaj enkrat letno.<\/li>\n<li class=\"kh-16zd49f\">Za mo\u010d pri druga\u010dnem \u0161tevilu vrtljajev nas kontaktirajte.<\/li>\n<\/ul>\n<\/td>\n<\/tr>\n<tr id=\"attApplicationRange\" class=\"kh-bwvum6\" data-test-id=\"attribute-row\">\n<th class=\"kh-10oizfy\">Obmo\u010dje uporabe<\/th>\n<td class=\"kh-1f5nhat\">\n<ul>\n<li class=\"kh-16zd49f\">Razli\u010dne (kmetijske) aplikacije<\/li>\n<li class=\"kh-16zd49f\">Kosilnice<\/li>\n<li class=\"kh-16zd49f\">Rotacijski kultivatorji<\/li>\n<\/ul>\n<\/td>\n<\/tr>\n<tr id=\"attConsistsOf\" class=\"kh-bwvum6\" data-test-id=\"attribute-row\">\n<th class=\"kh-10oizfy\">Sestavljen je iz<\/th>\n<td class=\"kh-1f5nhat\">\n<ul>\n<li class=\"kh-16zd49f\">Menjalnik<\/li>\n<li class=\"kh-16zd49f\">Brez olja<\/li>\n<\/ul>\n<\/td>\n<\/tr>\n<tr id=\"taContainsOil\" class=\"kh-bwvum6\" data-test-id=\"attribute-row\">\n<th class=\"kh-10oizfy\">Vsebuje olje<\/th>\n<td class=\"kh-1f5nhat\">\n<div class=\"kh-pkx4zo\">Ne<\/div>\n<\/td>\n<\/tr>\n<tr id=\"taMaxOilCapacityL\" class=\"kh-bwvum6\" data-test-id=\"attribute-row\">\n<th class=\"kh-10oizfy\">Najve\u010dja prostornina olja<\/th>\n<td class=\"kh-1f5nhat\">\n<div class=\"kh-pkx4zo\">2,5 l<\/div>\n<\/td>\n<\/tr>\n<tr id=\"taMaxOilChangeIntervalH\" class=\"kh-bwvum6\" data-test-id=\"attribute-row\">\n<th class=\"kh-10oizfy\">Maks. interval menjave olja<\/th>\n<td class=\"kh-1f5nhat\">\n<div class=\"kh-pkx4zo\">500 ur<\/div>\n<\/td>\n<\/tr>\n<tr id=\"taOilSAEViscosityGrade\" class=\"kh-bwvum6\" data-test-id=\"attribute-row\">\n<th class=\"kh-10oizfy\">Viskoznost olja SAE<\/th>\n<td class=\"kh-1f5nhat\">\n<div class=\"kh-pkx4zo\">80W-90<\/div>\n<\/td>\n<\/tr>\n<tr id=\"taHousingMaterial_16\" class=\"kh-bwvum6\" data-test-id=\"attribute-row\">\n<th class=\"kh-10oizfy\">Material ohi\u0161ja<\/th>\n<td class=\"kh-1f5nhat\">\n<div class=\"kh-pkx4zo\">Lito \u017eelezo GGG40<\/div>\n<\/td>\n<\/tr>\n<tr id=\"taWeightKg_75\" class=\"kh-bwvum6\" data-test-id=\"attribute-row\">\n<th class=\"kh-10oizfy\">Te\u017ea<\/th>\n<td class=\"kh-1f5nhat\">\n<div class=\"kh-pkx4zo\">33 kg<\/div>\n<\/td>\n<\/tr>\n<tr id=\"taGearArrangementInc\" class=\"kh-bwvum6\" data-test-id=\"attribute-row\">\n<th class=\"kh-10oizfy\">Razporeditev zobnikov Pove\u010danje<\/th>\n<td class=\"kh-1f5nhat\">\n<div class=\"kh-pkx4zo\">33 &#8211; 34<\/div>\n<\/td>\n<\/tr>\n<tr id=\"taInputPowerKwHpInc\" class=\"kh-bwvum6\" data-test-id=\"attribute-row\">\n<th class=\"kh-10oizfy\">Vhodna mo\u010d kW \/ KM Nara\u0161\u010da<\/th>\n<td class=\"kh-1f5nhat\">\n<div class=\"kh-pkx4zo\">58,9 \/ 80 kW\/KM<\/div>\n<\/td>\n<\/tr>\n<tr id=\"taInputShaftIncreasi\" class=\"kh-bwvum6\" data-test-id=\"attribute-row\">\n<th class=\"kh-10oizfy\">Vhodna gred Pove\u010danje<\/th>\n<td class=\"kh-1f5nhat\">\n<div class=\"kh-pkx4zo\">\u017d<\/div>\n<\/td>\n<\/tr>\n<tr id=\"taNSOutputTorqueDaNm_1\" class=\"kh-bwvum6\" data-test-id=\"attribute-row\">\n<th class=\"kh-10oizfy\">Izhodni navor DaNm se pove\u010duje<\/th>\n<td class=\"kh-1f5nhat\">\n<div class=\"kh-pkx4zo\">54,2 daNm<\/div>\n<\/td>\n<\/tr>\n<tr id=\"taRatioIncreasing\" class=\"kh-bwvum6\" data-test-id=\"attribute-row\">\n<th class=\"kh-10oizfy\">Pove\u010danje razmerja<\/th>\n<td class=\"kh-1f5nhat\">\n<div class=\"kh-pkx4zo\">1: 1.86<\/div>\n<\/td>\n<\/tr>\n<tr id=\"taRatioReducing\" class=\"kh-bwvum6\" data-test-id=\"attribute-row\">\n<th class=\"kh-10oizfy\">Zmanj\u0161anje razmerja<\/th>\n<td class=\"kh-1f5nhat\">\n<div class=\"kh-pkx4zo\">1.86: 1<\/div>\n<\/td>\n<\/tr>\n<tr id=\"taShaftX\" class=\"kh-bwvum6\" data-test-id=\"attribute-row\">\n<th class=\"kh-10oizfy\">Gred X<\/th>\n<td class=\"kh-1f5nhat\">\n<div class=\"kh-pkx4zo\">35 ur in 7 dni<\/div>\n<\/td>\n<\/tr>\n<tr id=\"taShaftZ\" class=\"kh-bwvum6\" data-test-id=\"attribute-row\">\n<th class=\"kh-10oizfy\">Gred Z<\/th>\n<td class=\"kh-1f5nhat\">\n<div class=\"kh-pkx4zo\">1 3\/8\u2033 (6) (A)<\/div>\n<\/td>\n<\/tr>\n<\/tbody>\n<\/table>\n<h2>Zna\u010dilnosti menjalnika mul\u010darja T-292B (1,86:1)<\/h2>\n<p>Menjalnik mul\u010darja T-292B z prestavnim razmerjem 1,86:1 je zasnovan za visoko u\u010dinkovitost in vzdr\u017eljivost pri razli\u010dnih ko\u0161nji, zlasti v kmetijstvu, urejanju krajine in industriji. Spodaj so navedene klju\u010dne zna\u010dilnosti tega menjalnika:<\/p>\n<p><strong>Optimizirano prestavno razmerje za prenos mo\u010di<\/strong><\/p>\n<p>Prestavno razmerje 1,86:1 v menjalniku T-292B zagotavlja u\u010dinkovit prenos mo\u010di iz sistema kardanske gredi traktorja na rezila kosilnice. To razmerje zagotavlja ravnovesje med navorom in hitrostjo, kar omogo\u010da kosilnici u\u010dinkovito ko\u0161njo trave, plevela in rahlega grmovja, hkrati pa zagotavlja bolj\u0161i nadzor nad postopkom ko\u0161nje. Zaradi ve\u010djega navora je menjalnik primeren za ravnanje z bolj trdo vegetacijo, kar izbolj\u0161a u\u010dinkovitost ko\u0161nje.<\/p>\n<p><strong>Trpe\u017ena konstrukcija za vzdr\u017eljivost<\/strong><\/p>\n<p>Menjalnik T-292B je izdelan iz visoko trdnih materialov, zasnovanih tako, da prenesejo te\u017eke delovne pogoje. Njegovo trpe\u017eno ohi\u0161je, oja\u010dani zobniki in natan\u010dno izdelane komponente so posebej zasnovane za obvladovanje velikih delovnih obremenitev v zahtevnih okoljih, kot je neraven ali grob teren. Ta robustna konstrukcija zagotavlja dolgotrajno delovanje in zmanj\u0161uje potrebo po pogostih popravilih ali zamenjavah.<br \/>\n<strong>Visoka navorna zmogljivost<\/strong><\/p>\n<p>Z optimiziranim prestavnim razmerjem 1,86:1 ponuja menjalnik T-292B visoko navorno zmogljivost. Ta funkcija omogo\u010da menjalniku u\u010dinkovit prenos mo\u010di na rezila kosilnice, kar kosilnici omogo\u010da obvladovanje goste trave, plevela in majhnih grmovnic. Pove\u010dan navor zagotavlja nemoteno delovanje tudi v zahtevnih pogojih ko\u0161nje, zaradi \u010desar je idealna izbira za razli\u010dna kmetijska in industrijska opravila.<\/p>\n<p><strong>Zmanj\u0161ane vibracije in hrup<\/strong><\/p>\n<p>Menjalnik T-292B je zasnovan za gladko in stabilno delovanje z zmanj\u0161ano ravnjo vibracij in hrupa. Natan\u010dno izdelani zobniki pomagajo zmanj\u0161ati trenje in zagotavljajo enakomerno porazdelitev mo\u010di, kar ima za posledico ti\u0161je delovanje in manj\u0161o obrabo sistema. To prispeva k udobnej\u0161i in u\u010dinkovitej\u0161i ko\u0161nji, hkrati pa podalj\u0161uje \u017eivljenjsko dobo menjalnika in pripadajo\u010dih komponent.<\/p>\n<p><strong>Nizko vzdr\u017eevanje in zanesljivo delovanje<\/strong><\/p>\n<p>Menjalnik T-292B je zasnovan za enostavno vzdr\u017eevanje in zanesljivo delovanje. Ima zatesnjene le\u017eaje in precizne komponente, ki zmanj\u0161ujejo potrebo po pogostem mazanju in vzdr\u017eevalnih pregledih. Redne menjave olja in ob\u010dasni pregledi so obi\u010dajno zadostni za ohranjanje optimalne zmogljivosti. Ta zasnova z malo vzdr\u017eevanja prihrani \u010das in dolgoro\u010dno zmanj\u0161uje obratovalne stro\u0161ke.<\/p>\n<p>Menjalnik za mul\u010dar T-292B (1,86:1) ponuja uravnote\u017eeno kombinacijo mo\u010di, vzdr\u017eljivosti in nizkih potreb po vzdr\u017eevanju. Zaradi optimiziranega prestavnega razmerja, visokega navora in robustne konstrukcije je primeren za zahtevne ko\u0161nje, medtem ko njegovo gladko delovanje in zmanj\u0161ane vibracije izbolj\u0161ujejo splo\u0161no uporabni\u0161ko izku\u0161njo. Ta menjalnik je idealen za tiste, ki i\u0161\u010dejo u\u010dinkovito, zanesljivo in stro\u0161kovno ugodno re\u0161itev za svoje potrebe pri kosilnici.<\/p>\n<table style=\"width: 99.6423%; height: 10px;\" width=\"136\">\n<tbody>\n<tr style=\"height: 23px;\">\n<td style=\"height: 23px; width: 49.6747%;\" width=\"72\"><img loading=\"lazy\" decoding=\"async\" class=\"alignnone size-full wp-image-2425\" src=\"https:\/\/fmp-components.com\/wp-content\/uploads\/2025\/01\/Agricultural-PTO-Shaft-for-Flail-Mower-Gearbox-41.webp\" alt=\"Kmetijska kardanska gred za menjalnik mul\u010darja 41\" width=\"900\" height=\"675\" title=\"\" srcset=\"https:\/\/fmp-components.com\/wp-content\/uploads\/2025\/01\/Agricultural-PTO-Shaft-for-Flail-Mower-Gearbox-41.webp 900w, https:\/\/fmp-components.com\/wp-content\/uploads\/2025\/01\/Agricultural-PTO-Shaft-for-Flail-Mower-Gearbox-41-480x360.webp 480w\" sizes=\"(min-width: 0px) and (max-width: 480px) 480px, (min-width: 481px) 900px, 100vw\" \/><\/td>\n<td style=\"height: 23px; width: 49.6746%;\" width=\"64\"><img loading=\"lazy\" decoding=\"async\" class=\"alignnone size-full wp-image-2424\" src=\"https:\/\/fmp-components.com\/wp-content\/uploads\/2025\/01\/Agricultural-PTO-Shaft-for-Flail-Mower-Gearbox-42.webp\" alt=\"Kmetijska kardanska gred za menjalnik mul\u010darja 42\" width=\"900\" height=\"675\" title=\"\" srcset=\"https:\/\/fmp-components.com\/wp-content\/uploads\/2025\/01\/Agricultural-PTO-Shaft-for-Flail-Mower-Gearbox-42.webp 900w, https:\/\/fmp-components.com\/wp-content\/uploads\/2025\/01\/Agricultural-PTO-Shaft-for-Flail-Mower-Gearbox-42-480x360.webp 480w\" sizes=\"(min-width: 0px) and (max-width: 480px) 480px, (min-width: 481px) 900px, 100vw\" \/><\/td>\n<\/tr>\n<\/tbody>\n<\/table>\n<h2>Kmetijska kardanska gred za menjalnik kosilnice<\/h2>\n<p>Kardanska gred za menjalnik mul\u010derja je klju\u010dni sestavni del, ki prena\u0161a mo\u010d iz sistema odvzema mo\u010di (PTO) traktorja na menjalnik mul\u010derja, kar zagotavlja nemoteno in u\u010dinkovito delovanje. Kardanska gred igra klju\u010dno vlogo pri povezovanju traktorja s kosilnico in zagotavljanju vrtilne mo\u010di, potrebne za pogon rezil kosilnice.<\/p>\n<p>Spodaj so navedene klju\u010dne zna\u010dilnosti, prednosti in premisleki za uporabo kmetijske kardanske gredi z menjalnikom mul\u010darja:<\/p>\n<p><strong>U\u010dinkovitost prenosa mo\u010di<\/strong><\/p>\n<p>Kardanska gred je zasnovana za u\u010dinkovit prenos vrtilne mo\u010di iz motorja traktorja na menjalnik kosilnice. Mo\u010d, ki se prena\u0161a prek kardanske gredi, omogo\u010da menjalniku pogon rezil kosilnice, ki se uporabljajo za ko\u0161njo trave, plevela in drugega rastlinja. Kardanska gred je bistvenega pomena za doseganje optimalne zmogljivosti, saj zagotavlja, da kosilnica deluje s pravilno hitrostjo in navorom za u\u010dinkovito ko\u0161njo.<\/p>\n<ul>\n<li>U\u010dinkovit prenos mo\u010di zagotavlja, da rezila kosilnice prejmejo potrebno mo\u010d za nemoteno delovanje.<\/li>\n<li>Kardanska gred je primerna za visoke zahteve glede navora in je zasnovana za obvladovanje zahtevnih pogojev v kmetijskih okoljih.<\/li>\n<\/ul>\n<p><strong>Vzdr\u017eljivost in trdnost<\/strong><\/p>\n<p>Kardanske gredi za kmetijstvo so izdelane tako, da prenesejo te\u017eke pogoje, vklju\u010dno s pogosto uporabo v zahtevnih kmetijskih okoljih. Kardanska gred za menjalnike mul\u010darjev je izdelana iz visoko trdnih materialov, kot sta jeklo ali ogljikova vlakna, da se zagotovi, da lahko opravlja te\u017eka dela brez loma ali upogibanja. Gred je zasnovana za neprekinjeno delovanje, ki zagotavlja zanesljivo mo\u010d kosilnice, hkrati pa prenese ekstremne obremenitve in stres.<\/p>\n<ul>\n<li>Trpe\u017ena konstrukcija zagotavlja dolgo \u017eivljenjsko dobo in minimalno obrabo pri neprekinjenem delovanju.<\/li>\n<li>Robustna zasnova je odporna na obremenitve ko\u0161nje na poljih, obcestah ali v gozdarstvu.<\/li>\n<\/ul>\n<p><strong>Varnostne funkcije<\/strong><\/p>\n<p>Varnost je klju\u010dni vidik pri uporabi kardanskih gredi v kmetijstvu. Kardanska gred za mul\u010darje je opremljena z varnostnimi \u0161\u010ditniki in mehanizmi za za\u0161\u010dito pred preobremenitvijo. Te funkcije so zasnovane tako, da za\u0161\u010ditijo upravljavca in druge, ki delajo v bli\u017eini, pred morebitnimi nevarnostmi, kot so vrte\u010di se deli, odpadki ali nenaden izklop gredi.<\/p>\n<ul>\n<li>Varnostni \u0161\u010ditniki prepre\u010dujejo nenameren stik z vrte\u010dimi se deli.<\/li>\n<li>Za\u0161\u010dita pred preobremenitvijo pomaga prepre\u010diti po\u0161kodbe kardanske gredi in menjalnika v nepri\u010dakovanih pogojih, kot sta zatikanje ali prekomerna obremenitev.<\/li>\n<\/ul>\n<p><strong>Nastavljiva dol\u017eina za zdru\u017eljivost<\/strong><\/p>\n<p>Kardanske gredi za menjalnike mul\u010darjev so zasnovane z nastavljivo dol\u017eino, da se prilagodijo razli\u010dnim velikostim traktorjev in konfiguracijam kosilnic. Dol\u017eino je mogo\u010de prilagoditi, da se zagotovi pravilna povezava gredi med izhodom kardanske gredi traktorja in vhodom menjalnika mul\u010darja. Ta nastavljivost zagotavlja, da je mogo\u010de kardansko gred prilagoditi razli\u010dnim modelom in znamkam, zaradi \u010desar je vsestranska za uporabo z razli\u010dno opremo.<\/p>\n<ul>\n<li>Teleskopska zasnova omogo\u010da enostavno nastavitev dol\u017eine.<\/li>\n<li>Prilagodljiva namestitev zagotavlja zdru\u017eljivost z razli\u010dnimi modeli traktorjev in menjalniki kosilnic.<\/li>\n<\/ul>\n<p><strong>Enostavna namestitev in vzdr\u017eevanje<\/strong><\/p>\n<p>Namestitev in vzdr\u017eevanje kmetijske kardanske gredi je relativno enostavno. Kardanska gred je obi\u010dajno opremljena z univerzalnimi zglobi in hitrospojkami, kar omogo\u010da enostavno priklop in odklop z menjalnika kosilnice in traktorja. Redno vzdr\u017eevanje vklju\u010duje preverjanje obrabe gredi, mazanje zglobov in zagotavljanje namestitve varnostnih \u0161\u010ditov.<\/p>\n<ul>\n<li>Hitre spojke omogo\u010dajo enostavno pritrditev in odstranitev.<\/li>\n<li>Nizke zahteve glede vzdr\u017eevanja vklju\u010dujejo ob\u010dasno mazanje in varnostne preglede.<\/li>\n<\/ul>\n<p>Kardanska gred za menjalnik mul\u010derja je bistvena komponenta za zagotavljanje u\u010dinkovitega delovanja mul\u010derja. Zagotavlja potreben prenos mo\u010di s traktorja na kosilnico, kar omogo\u010da u\u010dinkovito upravljanje vegetacije. Z vzdr\u017eljivo konstrukcijo, varnostnimi funkcijami, nastavljivo dol\u017eino in enostavnim vzdr\u017eevanjem je kardanska gred zasnovana za zahtevna kmetijska opravila, hkrati pa ohranja varnost upravljavca in dolgo \u017eivljenjsko dobo opreme. Pri izbiri kardanske gredi je pomembno upo\u0161tevati zdru\u017eljivost z menjalnikom va\u0161ega traktorja in mul\u010derja za optimalno delovanje.<\/p>\n<p><img loading=\"lazy\" decoding=\"async\" class=\"alignnone size-full wp-image-2426\" src=\"https:\/\/fmp-components.com\/wp-content\/uploads\/2025\/01\/Some-of-Flail-Mower-Gearbox-Common-Problems.webp\" alt=\"Nekatere pogoste te\u017eave z menjalnikom mul\u010darja\" width=\"1906\" height=\"1048\" title=\"\" srcset=\"https:\/\/fmp-components.com\/wp-content\/uploads\/2025\/01\/Some-of-Flail-Mower-Gearbox-Common-Problems.webp 1906w, https:\/\/fmp-components.com\/wp-content\/uploads\/2025\/01\/Some-of-Flail-Mower-Gearbox-Common-Problems-1280x704.webp 1280w, https:\/\/fmp-components.com\/wp-content\/uploads\/2025\/01\/Some-of-Flail-Mower-Gearbox-Common-Problems-980x539.webp 980w, https:\/\/fmp-components.com\/wp-content\/uploads\/2025\/01\/Some-of-Flail-Mower-Gearbox-Common-Problems-480x264.webp 480w\" sizes=\"(min-width: 0px) and (max-width: 480px) 480px, (min-width: 481px) and (max-width: 980px) 980px, (min-width: 981px) and (max-width: 1280px) 1280px, (min-width: 1281px) 1906px, 100vw\" \/><\/p>\n<h3>O FMP-ju<\/h3>\n<p>FMP s sede\u017eem v Italiji je vodilni proizvajalec, znan po svojem strokovnem znanju na podro\u010dju na\u010drtovanja, razvoja in proizvodnje visokozmogljivih menjalnikov, s posebnim poudarkom na sektorju kmetijske mehanizacije. Z ugledom na podro\u010dju natan\u010dnega in\u017eeniringa, inovativnih re\u0161itev in neomajne zanesljivosti je FMP postal zaupanja vreden partner pri re\u0161evanju razvijajo\u010dih se potreb tako kmetijskega kot industrijskega sektorja. Na\u0161a raznolika ponudba izdelkov vklju\u010duje specializirane menjalnike za kosilnice, kardanske gredi in druge bistvene komponente, ki so vse skrbno zasnovane za zagotavljanje prilagojenih re\u0161itev za \u0161irok spekter uporabe.<\/p>\n<p>Pri FMP razumemo, da ima vsaka stranka edinstvene zahteve in izzive. Zato smo specializirani za ponujanje re\u0161itev po meri, bodisi za posamezne komponente bodisi za popolnoma integrirane sisteme. Tesno sodelujemo z na\u0161imi strankami, da zagotovimo, da je vsaka re\u0161itev ne le u\u010dinkovita, ampak tudi uspe\u0161na, kar optimizira tako zmogljivost kot vrednost. Na\u0161a zavezanost hitrim in profesionalnim odgovorom, skupaj s strokovnim vodenjem, zagotavlja, da se vsako povpra\u0161evanje obravnava z najve\u010djo skrbnostjo in natan\u010dnostjo, kar vodi do najbolj\u0161ih mo\u017enih rezultatov.<\/p>\n<p>V celotnem procesu razvoja izdelkov dajemo prednost odprti in stalni komunikaciji. Na\u0161a predana ekipa sodeluje neposredno s strankami, da bi v celoti razumela njihove specifi\u010dne potrebe, in jim ponuja dragocene vpoglede in priporo\u010dila za zagotavljanje optimalnih re\u0161itev. Ne glede na to, ali oblikujemo inovativne izdelke ali izpolnjujemo teko\u010da naro\u010dila, je FMP zavezan k zagotavljanju visokokakovostnih, natan\u010dno izdelanih re\u0161itev pravo\u010dasno in vsaki\u010d. Na\u0161 cilj je strankam zagotoviti najbolj\u0161o storitev in rezultate, ki pri vsakem projektu presegajo pri\u010dakovanja.<\/p>\n<p>Kakovost je temelj poslovanja podjetja FMP. Dr\u017eimo se najvi\u0161jih proizvodnih standardov in izvajamo stroge ukrepe nadzora kakovosti, da zagotovimo, da vsak izdelek ne le izpolnjuje, ampak tudi presega industrijske standarde. Ta neomajna zavezanost kakovosti, skupaj z na\u0161imi temeljnimi vrednotami integritete, timskega dela in vztrajnosti, nam je omogo\u010dila, da smo s strankami v skoraj 30 dr\u017eavah po vsem svetu zgradili dolgotrajne, na zaupanju temelje\u010de odnose.<\/p>\n<p>FMP je vedno odprt za spodbujanje globalnih partnerstev in ostaja predan ponujanju strokovnih nasvetov in prilagojenih re\u0161itev, ki ustrezajo raznolikim potrebam na\u0161ih strank. Gremo dlje od zgolj dobave izdelkov; na\u0161 cilj je graditi trajne odnose, ki prispevajo k uspehu vsakega projekta. Ne glede na to, ali potrebujete inovativne re\u0161itve za novo pobudo ali stalno podporo za obstoje\u010di sistem, je FMP tukaj, da se spopade z va\u0161imi tehni\u010dnimi izzivi in \u200b\u200bzagotovi va\u0161 nadaljnji uspeh.<\/p>\n<p><img loading=\"lazy\" decoding=\"async\" class=\"alignnone size-full wp-image-1861\" src=\"https:\/\/fmp-components.com\/wp-content\/uploads\/2024\/12\/Other-Agricultural-Gearboxes.webp\" sizes=\"(min-width: 0px) and (max-width: 480px) 480px, (min-width: 481px) and (max-width: 980px) 980px, (min-width: 981px) 1200px, 100vw\" srcset=\"https:\/\/fmp-components.com\/wp-content\/uploads\/2024\/12\/Other-Agricultural-Gearboxes.webp 1200w, https:\/\/fmp-components.com\/wp-content\/uploads\/2024\/12\/Other-Agricultural-Gearboxes-980x1143.webp 980w, https:\/\/fmp-components.com\/wp-content\/uploads\/2024\/12\/Other-Agricultural-Gearboxes-480x560.webp 480w\" alt=\"Altri-cambi-agricoli\" width=\"1200\" height=\"1400\" title=\"\"><\/p>\n<p>Avtor: CX<\/p>","protected":false},"excerpt":{"rendered":"<p>Specifications of Flail Mower Gearbox T-292B (1.86:1) &nbsp; Product Description Flail Mower Gearboxes &#8211; Replacement of Comer Code T-292B 1.86:1 Product details All gearboxes are supplied without oil. First, oil change after 50-70 operating hours, then after 500-700 operating hours or at least once a year. Contact us for power at a different RPM. Application [&hellip;]<\/p>","protected":false},"featured_media":2429,"comment_status":"open","ping_status":"closed","template":"","meta":{"_et_pb_use_builder":"","_et_pb_old_content":"","_et_gb_content_width":""},"product_brand":[],"product_cat":[58],"product_tag":[],"class_list":{"0":"post-2422","1":"product","2":"type-product","3":"status-publish","4":"has-post-thumbnail","6":"product_cat-flail-mower-gearbox","8":"first","9":"instock","10":"shipping-taxable","11":"product-type-simple"},"_links":{"self":[{"href":"https:\/\/fmp-components.com\/sl\/wp-json\/wp\/v2\/product\/2422","targetHints":{"allow":["GET"]}}],"collection":[{"href":"https:\/\/fmp-components.com\/sl\/wp-json\/wp\/v2\/product"}],"about":[{"href":"https:\/\/fmp-components.com\/sl\/wp-json\/wp\/v2\/types\/product"}],"replies":[{"embeddable":true,"href":"https:\/\/fmp-components.com\/sl\/wp-json\/wp\/v2\/comments?post=2422"}],"wp:featuredmedia":[{"embeddable":true,"href":"https:\/\/fmp-components.com\/sl\/wp-json\/wp\/v2\/media\/2429"}],"wp:attachment":[{"href":"https:\/\/fmp-components.com\/sl\/wp-json\/wp\/v2\/media?parent=2422"}],"wp:term":[{"taxonomy":"product_brand","embeddable":true,"href":"https:\/\/fmp-components.com\/sl\/wp-json\/wp\/v2\/product_brand?post=2422"},{"taxonomy":"product_cat","embeddable":true,"href":"https:\/\/fmp-components.com\/sl\/wp-json\/wp\/v2\/product_cat?post=2422"},{"taxonomy":"product_tag","embeddable":true,"href":"https:\/\/fmp-components.com\/sl\/wp-json\/wp\/v2\/product_tag?post=2422"}],"curies":[{"name":"delovni list","href":"https:\/\/api.w.org\/{rel}","templated":true}]}}