{"id":2404,"date":"2025-01-01T06:22:07","date_gmt":"2025-01-01T06:22:07","guid":{"rendered":"https:\/\/fmp-components.com\/?page_id=8"},"modified":"2025-01-01T06:22:07","modified_gmt":"2025-01-01T06:22:07","slug":"flail-mower-gearboxes-replacement-of-comer-code-t-290a-11-86","status":"publish","type":"product","link":"https:\/\/fmp-components.com\/sl\/product\/flail-mower-gearboxes-replacement-of-comer-code-t-290a-11-86\/","title":{"rendered":"Menjalniki mul\u010darjev \u2013 zamenjava, koda Comer T-290A 1:1,86"},"content":{"rendered":"<table style=\"width: 103.346%; height: 67px;\" width=\"136\">\n<tbody>\n<tr>\n<td width=\"72\"><img loading=\"lazy\" decoding=\"async\" class=\"alignnone size-full wp-image-2408\" src=\"https:\/\/fmp-components.com\/wp-content\/uploads\/2025\/01\/Flail-Mower-Gearboxes-Replacement-of-Comer-Gearbox-T-290A.webp\" alt=\"Menjalniki-za-mul\u010der-kosilnico-za-zamenjavo-menjalnika-Comer-T-290A\" width=\"600\" height=\"600\" title=\"\" srcset=\"https:\/\/fmp-components.com\/wp-content\/uploads\/2025\/01\/Flail-Mower-Gearboxes-Replacement-of-Comer-Gearbox-T-290A.webp 600w, https:\/\/fmp-components.com\/wp-content\/uploads\/2025\/01\/Flail-Mower-Gearboxes-Replacement-of-Comer-Gearbox-T-290A-480x480.webp 480w\" sizes=\"(min-width: 0px) and (max-width: 480px) 480px, (min-width: 481px) 600px, 100vw\" \/><\/td>\n<td width=\"64\"><img loading=\"lazy\" decoding=\"async\" class=\"alignnone size-full wp-image-2409\" src=\"https:\/\/fmp-components.com\/wp-content\/uploads\/2025\/01\/Flail-Mower-Gearboxes-Replacement-of-Comer-Code-T-290A.webp\" alt=\"Zamenjava menjalnikov kosilnic Comer T-290A\" width=\"600\" height=\"600\" title=\"\" srcset=\"https:\/\/fmp-components.com\/wp-content\/uploads\/2025\/01\/Flail-Mower-Gearboxes-Replacement-of-Comer-Code-T-290A.webp 600w, https:\/\/fmp-components.com\/wp-content\/uploads\/2025\/01\/Flail-Mower-Gearboxes-Replacement-of-Comer-Code-T-290A-480x480.webp 480w\" sizes=\"(min-width: 0px) and (max-width: 480px) 480px, (min-width: 481px) 600px, 100vw\" \/><\/td>\n<\/tr>\n<\/tbody>\n<\/table>\n<h2>Specifikacije menjalnika mul\u010darja T-290A (1:1,86)<\/h2>\n<p><img loading=\"lazy\" decoding=\"async\" class=\"alignnone size-full wp-image-2411\" src=\"https:\/\/fmp-components.com\/wp-content\/uploads\/2025\/01\/Flail-Mower-Gearbox-T-290A-Specifications-1.webp\" alt=\"Menjalnik kosilnice-T-290A-Specifikacije-1\" width=\"1335\" height=\"850\" title=\"\" srcset=\"https:\/\/fmp-components.com\/wp-content\/uploads\/2025\/01\/Flail-Mower-Gearbox-T-290A-Specifications-1.webp 1335w, https:\/\/fmp-components.com\/wp-content\/uploads\/2025\/01\/Flail-Mower-Gearbox-T-290A-Specifications-1-1280x815.webp 1280w, https:\/\/fmp-components.com\/wp-content\/uploads\/2025\/01\/Flail-Mower-Gearbox-T-290A-Specifications-1-980x624.webp 980w, https:\/\/fmp-components.com\/wp-content\/uploads\/2025\/01\/Flail-Mower-Gearbox-T-290A-Specifications-1-480x306.webp 480w\" sizes=\"(min-width: 0px) and (max-width: 480px) 480px, (min-width: 481px) and (max-width: 980px) 980px, (min-width: 981px) and (max-width: 1280px) 1280px, (min-width: 1281px) 1335px, 100vw\" \/><\/p>\n<p><img loading=\"lazy\" decoding=\"async\" class=\"alignnone size-full wp-image-2410\" src=\"https:\/\/fmp-components.com\/wp-content\/uploads\/2025\/01\/Flail-Mower-Gearbox-T-290A-Specifications-2.webp\" alt=\"Menjalnik kosilnice-T-290A-Specifikacije-2\" width=\"1333\" height=\"443\" title=\"\" srcset=\"https:\/\/fmp-components.com\/wp-content\/uploads\/2025\/01\/Flail-Mower-Gearbox-T-290A-Specifications-2.webp 1333w, https:\/\/fmp-components.com\/wp-content\/uploads\/2025\/01\/Flail-Mower-Gearbox-T-290A-Specifications-2-1280x425.webp 1280w, https:\/\/fmp-components.com\/wp-content\/uploads\/2025\/01\/Flail-Mower-Gearbox-T-290A-Specifications-2-980x326.webp 980w, https:\/\/fmp-components.com\/wp-content\/uploads\/2025\/01\/Flail-Mower-Gearbox-T-290A-Specifications-2-480x160.webp 480w\" sizes=\"(min-width: 0px) and (max-width: 480px) 480px, (min-width: 481px) and (max-width: 980px) 980px, (min-width: 981px) and (max-width: 1280px) 1280px, (min-width: 1281px) 1333px, 100vw\" \/><\/p>\n<table class=\"kh-1xzm1su\" border=\"1\" cellspacing=\"0\" cellpadding=\"0\" data-intent=\"lists-product-attributes\" data-test-id=\"attributes-list\">\n<tbody class=\"kh-1ago99h\">\n<tr id=\"attLongDescription\" class=\"kh-bwvum6\">\n<th class=\"kh-10oizfy\">Opis<\/th>\n<td class=\"kh-1f5nhat\">\n<div class=\"kh-pkx4zo\">Menjalniki mul\u010darjev \u2013 Zamenjava menjalnika Comer T-290A 1:1,86<\/div>\n<\/td>\n<\/tr>\n<tr id=\"attApplicationRange\" class=\"kh-bwvum6\">\n<th class=\"kh-10oizfy\">Uporaba<\/th>\n<td class=\"kh-1f5nhat\">\n<ul>\n<li class=\"kh-16zd49f\">Razli\u010dne (kmetijske) aplikacije<\/li>\n<li class=\"kh-16zd49f\">Kosilnice<\/li>\n<\/ul>\n<\/td>\n<\/tr>\n<tr id=\"attConsistsOf\" class=\"kh-bwvum6\">\n<th class=\"kh-10oizfy\">Sestavljen je iz<\/th>\n<td class=\"kh-1f5nhat\">\n<ul>\n<li class=\"kh-16zd49f\">Menjalnik<\/li>\n<li class=\"kh-16zd49f\">Brez olja<\/li>\n<\/ul>\n<\/td>\n<\/tr>\n<tr id=\"attTechnicalInformation\" class=\"kh-bwvum6\">\n<th class=\"kh-10oizfy\">Tehni\u010dne informacije<\/th>\n<td class=\"kh-1f5nhat\">\n<ul>\n<li class=\"kh-16zd49f\">\u010ce imate kakr\u0161na koli vpra\u0161anja glede delovanja pri razli\u010dnih hitrostih, nas prosimo kontaktirajte.<\/li>\n<li class=\"kh-16zd49f\">Pri prvi uporabi zamenjajte olje po 50 obratovalnih urah.<\/li>\n<\/ul>\n<\/td>\n<\/tr>\n<tr id=\"taMaxOutputTorqueDaNm\" class=\"kh-bwvum6\">\n<th class=\"kh-10oizfy\">Maks. izhodni navor<\/th>\n<td class=\"kh-1f5nhat\">\n<div class=\"kh-pkx4zo\">175,9 daNm<\/div>\n<\/td>\n<\/tr>\n<tr id=\"taContainsOil\" class=\"kh-bwvum6\">\n<th class=\"kh-10oizfy\">Vsebuje olje<\/th>\n<td class=\"kh-1f5nhat\">\n<div class=\"kh-pkx4zo\">Ne<\/div>\n<\/td>\n<\/tr>\n<tr id=\"taMaxOilCapacityL\" class=\"kh-bwvum6\">\n<th class=\"kh-10oizfy\">Najve\u010dja prostornina olja<\/th>\n<td class=\"kh-1f5nhat\">\n<div class=\"kh-pkx4zo\">2,3 l<\/div>\n<\/td>\n<\/tr>\n<tr id=\"taMaxOilChangeIntervalH\" class=\"kh-bwvum6\">\n<th class=\"kh-10oizfy\">Maks. interval menjave olja<\/th>\n<td class=\"kh-1f5nhat\">\n<div class=\"kh-pkx4zo\">500 ur<\/div>\n<\/td>\n<\/tr>\n<tr id=\"taOilSAEViscosityGrade\" class=\"kh-bwvum6\">\n<th class=\"kh-10oizfy\">Viskoznost olja SAE<\/th>\n<td class=\"kh-1f5nhat\">\n<div class=\"kh-pkx4zo\">80W-90<\/div>\n<\/td>\n<\/tr>\n<tr id=\"taHousingMaterial_16\" class=\"kh-bwvum6\">\n<th class=\"kh-10oizfy\">Material ohi\u0161ja<\/th>\n<td class=\"kh-1f5nhat\">\n<div class=\"kh-pkx4zo\">Lito \u017eelezo GG25<\/div>\n<\/td>\n<\/tr>\n<tr id=\"taWeightKg_75\" class=\"kh-bwvum6\">\n<th class=\"kh-10oizfy\">Te\u017ea<\/th>\n<td class=\"kh-1f5nhat\">\n<div class=\"kh-pkx4zo\">30 kg<\/div>\n<\/td>\n<\/tr>\n<tr id=\"taGearArrangementInc\" class=\"kh-bwvum6\">\n<th class=\"kh-10oizfy\">Razporeditev zobnikov Pove\u010danje<\/th>\n<td class=\"kh-1f5nhat\">\n<div class=\"kh-pkx4zo\">25 &#8211; 26<\/div>\n<\/td>\n<\/tr>\n<tr id=\"taGearArrangementRed\" class=\"kh-bwvum6\">\n<th class=\"kh-10oizfy\">Razporeditev zobnikov Reduciranje<\/th>\n<td class=\"kh-1f5nhat\">\n<div class=\"kh-pkx4zo\">5 &#8211; 6<\/div>\n<\/td>\n<\/tr>\n<tr id=\"taInputPowerKwHpInc\" class=\"kh-bwvum6\">\n<th class=\"kh-10oizfy\">Vhodna mo\u010d kW \/ KM Nara\u0161\u010da<\/th>\n<td class=\"kh-1f5nhat\">\n<div class=\"kh-pkx4zo\">62,5 \/ 85 kW\/KM<\/div>\n<\/td>\n<\/tr>\n<tr id=\"taInputShaftIncreasi\" class=\"kh-bwvum6\">\n<th class=\"kh-10oizfy\">Vhodna gred Pove\u010danje<\/th>\n<td class=\"kh-1f5nhat\">\n<div class=\"kh-pkx4zo\">X<\/div>\n<\/td>\n<\/tr>\n<tr id=\"taInputShaftReducing\" class=\"kh-bwvum6\">\n<th class=\"kh-10oizfy\">Vhodna gred, reduktor<\/th>\n<td class=\"kh-1f5nhat\">\n<div class=\"kh-pkx4zo\">\u017d<\/div>\n<\/td>\n<\/tr>\n<tr id=\"taNSInputpowerKW-HPR\" class=\"kh-bwvum6\">\n<th class=\"kh-10oizfy\">Vhodna mo\u010d kW \/ KM Zmanj\u0161anje<\/th>\n<td class=\"kh-1f5nhat\">\n<div class=\"kh-pkx4zo\">55,1 \/ 75 kW\/KM<\/div>\n<\/td>\n<\/tr>\n<tr id=\"taNSOutputTorqueDaNm_1\" class=\"kh-bwvum6\">\n<th class=\"kh-10oizfy\">Izhodni navor DaNm se pove\u010duje<\/th>\n<td class=\"kh-1f5nhat\">\n<div class=\"kh-pkx4zo\">57,6 daNm<\/div>\n<\/td>\n<\/tr>\n<tr id=\"taRatioIncreasing\" class=\"kh-bwvum6\">\n<th class=\"kh-10oizfy\">Pove\u010danje razmerja<\/th>\n<td class=\"kh-1f5nhat\">\n<div class=\"kh-pkx4zo\">1:1.86<\/div>\n<\/td>\n<\/tr>\n<tr id=\"taRatioReducing\" class=\"kh-bwvum6\">\n<th class=\"kh-10oizfy\">Zmanj\u0161anje razmerja<\/th>\n<td class=\"kh-1f5nhat\">\n<div class=\"kh-pkx4zo\">1.86:1<\/div>\n<\/td>\n<\/tr>\n<tr id=\"taShaftX\" class=\"kh-bwvum6\">\n<th class=\"kh-10oizfy\">Gred X<\/th>\n<td class=\"kh-1f5nhat\">\n<div class=\"kh-pkx4zo\">1 3\/8\u2033 (6) (A)<\/div>\n<\/td>\n<\/tr>\n<tr id=\"taShaftY\" class=\"kh-bwvum6\">\n<th class=\"kh-10oizfy\">Gred Y<\/th>\n<td class=\"kh-1f5nhat\">\n<div class=\"kh-pkx4zo\">1 3\/8\u2033 (6) (A)<\/div>\n<\/td>\n<\/tr>\n<tr id=\"taShaftZ\" class=\"kh-bwvum6\">\n<th class=\"kh-10oizfy\">Gred Z<\/th>\n<td class=\"kh-1f5nhat\">\n<div class=\"kh-pkx4zo\">1 3\/8\u2033 (6) (B)<\/div>\n<\/td>\n<\/tr>\n<\/tbody>\n<\/table>\n<h2>Prednosti menjalnika mul\u010darja T-290A (1:1,86)<\/h2>\n<p>Menjalnik mul\u010darja T-290A (1:1,86) je zasnovan za optimalno delovanje, vzdr\u017eljivost in u\u010dinkovitost pri kmetijskih in krajinskih delih. Spodaj so navedene klju\u010dne prednosti uporabe menjalnika T-290A s prestavnim razmerjem 1:1,86:<\/p>\n<p><strong>Uravnote\u017eeno prestavno razmerje za vsestransko zmogljivost<\/strong><\/p>\n<p>Prestavno razmerje 1:1,86 menjalnika T-290A dosega idealno ravnovesje med hitrostjo in navorom. To razmerje zagotavlja zadosten navor za ko\u0161njo debelej\u0161e vegetacije, kot sta visoka trava in rahel grmi\u010devje, hkrati pa ohranja dovolj hitro vrtenje rezila za u\u010dinkovito ko\u0161njo. Zaradi tega je kosilnica dovolj vsestranska za vrsto uporab, od rednega vzdr\u017eevanja trate do zahtevnej\u0161ih ko\u0161enj na bolj razgibanem terenu.<\/p>\n<p><strong>Izbolj\u0161ana u\u010dinkovitost prenosa mo\u010di<\/strong><\/p>\n<p>Menjalnik T-290A je zasnovan tako, da zmanj\u0161a izgubo mo\u010di med prenosom s kardanske gredi na rezila kosilnice. Visokokakovosten sistem zobnikov zagotavlja u\u010dinkovit prenos energije, zaradi \u010desar je kosilnica energetsko u\u010dinkovitej\u0161a in dolgoro\u010dno manj\u0161a poraba goriva. To pomaga pove\u010dati mo\u010d traktorja in izbolj\u0161a splo\u0161no zmogljivost kosilnice.<\/p>\n<p><strong>Trpe\u017ena in robustna konstrukcija<\/strong><\/p>\n<p>Menjalnik T-290A, izdelan iz visoko trdnega jekla in vrhunskih materialov, je zasnovan tako, da prenese zahtevna kmetijska okolja in zahtevne terenske razmere. Oja\u010dani zobniki in robustni le\u017eaji zagotavljajo zanesljivo delovanje menjalnika tudi pri velikih obremenitvah. Ne glede na to, ali delate na suhem, skalnatem terenu ali mokrih, blatnih poljih, ta menjalnik prenese obremenitve in ponuja dolgo \u017eivljenjsko dobo ter dosledno delovanje.<\/p>\n<p><strong>Manj\u0161e vzdr\u017eevanje in ve\u010dja \u017eivljenjska doba<\/strong><\/p>\n<p>Z ustreznim vzdr\u017eevanjem menjalnik T-290A zahteva malo vzdr\u017eevanja. Trpe\u017ena konstrukcija in zatesnjeni le\u017eaji zmanj\u0161ujejo verjetnost vdora umazanije in vlage v sistem, kar zmanj\u0161uje obrabo. Redno mazanje in pregled sta potrebna za nemoteno delovanje menjalnika. To pomeni manj okvar, ni\u017eje stro\u0161ke popravil in dalj\u0161o \u017eivljenjsko dobo tako menjalnika kot kosilnice.<\/p>\n<p><strong>Izbolj\u0161ana u\u010dinkovitost rezanja<\/strong><\/p>\n<p>Menjalnik je zasnovan tako, da zagotavlja enakomeren in zanesljiv navor na rezila kosilnice, kar zagotavlja enakomerno in dosledno ko\u0161njo. Prestavno razmerje 1:1,86 omogo\u010da optimalno hitrost rezila, kar ima za posledico \u010disto in natan\u010dno ko\u0161njo trave, plevela in majhnega grmovja. Ne glede na to, ali vzdr\u017eujete pa\u0161nike, obcestnice ali komercialne vrtove, menjalnik T-290A izbolj\u0161a sposobnost kosilnice, da z lahkoto obvladuje razli\u010dne naloge ko\u0161nje.<\/p>\n<p>Menjalnik mul\u010darja T-290A (1:1,86) ponuja kombinacijo u\u010dinkovitosti, vzdr\u017eljivosti in vsestranskosti. Njegovo uravnote\u017eeno prestavno razmerje optimizira zmogljivost za vrsto ko\u0161enj, robustna konstrukcija pa zagotavlja dolgotrajno zanesljivost v zahtevnih okoljih. Z nizkimi zahtevami po vzdr\u017eevanju, izbolj\u0161ano u\u010dinkovitostjo ko\u0161nje in vgrajenimi varnostnimi funkcijami je menjalnik T-290A odli\u010dna izbira za vse, ki \u017eelijo pove\u010dati zmogljivost svojega mul\u010darja.<\/p>\n<table style=\"width: 103.346%; height: 54px;\" width=\"136\">\n<tbody>\n<tr>\n<td style=\"width: 49.6343%;\" width=\"72\"><img loading=\"lazy\" decoding=\"async\" class=\"alignnone size-full wp-image-2405\" src=\"https:\/\/fmp-components.com\/wp-content\/uploads\/2025\/01\/PTO-Shaft-for-Flail-Mower-Gearbox-14.webp\" alt=\"Kardanska gred za menjalnik mul\u010darja 14\" width=\"750\" height=\"546\" title=\"\" srcset=\"https:\/\/fmp-components.com\/wp-content\/uploads\/2025\/01\/PTO-Shaft-for-Flail-Mower-Gearbox-14.webp 750w, https:\/\/fmp-components.com\/wp-content\/uploads\/2025\/01\/PTO-Shaft-for-Flail-Mower-Gearbox-14-480x349.webp 480w\" sizes=\"(min-width: 0px) and (max-width: 480px) 480px, (min-width: 481px) 750px, 100vw\" \/><\/td>\n<td style=\"width: 49.7388%;\" width=\"64\"><img loading=\"lazy\" decoding=\"async\" class=\"alignnone size-full wp-image-2406\" src=\"https:\/\/fmp-components.com\/wp-content\/uploads\/2025\/01\/PTO-Shaft-for-Flail-Mower-Gearbox-13.webp\" alt=\"Kardanska gred za menjalnik mul\u010darja 13\" width=\"750\" height=\"546\" title=\"\" srcset=\"https:\/\/fmp-components.com\/wp-content\/uploads\/2025\/01\/PTO-Shaft-for-Flail-Mower-Gearbox-13.webp 750w, https:\/\/fmp-components.com\/wp-content\/uploads\/2025\/01\/PTO-Shaft-for-Flail-Mower-Gearbox-13-480x349.webp 480w\" sizes=\"(min-width: 0px) and (max-width: 480px) 480px, (min-width: 481px) 750px, 100vw\" \/><\/td>\n<\/tr>\n<\/tbody>\n<\/table>\n<h2>Kako deluje menjalnik kosilnice?<\/h2>\n<p>Menjalnik mul\u010derja je klju\u010dni sestavni del pri pretvorbi mo\u010di iz sistema odvzema mo\u010di (PTO) traktorja na rezila kosilnice. Nadzoruje hitrost vrtenja in navor, ki se uporabljata za rezila mul\u010derja, kar jim omogo\u010da u\u010dinkovito ko\u0161njo trave, plevela in grmovja. Tukaj je podrobna razlaga delovanja:<\/p>\n<p><strong>Prenos mo\u010di s kardanske gredi traktorja<\/strong><\/p>\n<p>Kardanska gred traktorja se priklju\u010di na vhodno stran menjalnika mul\u010derja. Sistem kardanske gredi poganja motor traktorja in zagotavlja mehansko mo\u010d razli\u010dnim priklju\u010dkom, vklju\u010dno s mul\u010derjem. Vrte\u010da se kardanska gred prena\u0161a mo\u010d prek vrste zobnikov znotraj menjalnika. Ta mo\u010d je bistvena za pogon rezil kosilnice.<\/p>\n<p><strong>Menjalnik prena\u0161a mo\u010d in prilagaja navor<\/strong><\/p>\n<p>V menjalniku vrsta zobnikov, gredi in le\u017eajev deluje skupaj za prilagajanje hitrosti in navora mo\u010di, ki jo prejema kardanska gred. Prestavno razmerje v menjalniku dolo\u010da izhodno hitrost in koli\u010dino navora, ki se prena\u0161a na rezila kosilnice.<\/p>\n<ul>\n<li>Visoka prestavna razmerja (npr. 1:2,91) pove\u010dajo navor, kar zagotavlja ve\u010d mo\u010di za te\u017eje pogoje ko\u0161nje, kot so gostej\u0161a vegetacija ali neraven teren.<\/li>\n<li>Ni\u017eja prestavna razmerja (npr. 1:1,6) pove\u010dajo hitrost rezila, kar je idealno za ko\u0161njo la\u017eje trave, kjer je za enakomeren ko\u0161 potrebno hitrej\u0161e vrtenje rezila.<\/li>\n<\/ul>\n<p>Menjalnik u\u010dinkovito prilagodi visoko hitrost in zmeren navor kardanske gredi po\u010dasnej\u0161emu izhodu z ve\u010djim navorom, primernemu za ko\u0161njo.<\/p>\n<p><strong>Prenos mo\u010di na izhodno gred<\/strong><\/p>\n<p>Ko je mo\u010d nastavljena v menjalniku, se ta prenese na izhodno gred, ki je povezana z rezili kosilnice. Izhodna gred je pogosto povezana z jermenicami ali neposrednimi pogonskimi \u010dleni, ki prena\u0161ajo vrtilno mo\u010d neposredno na rezila kosilnice.<\/p>\n<p>Ta mehanizem omogo\u010da, da se rezila mul\u010derja vrtijo s pravilno hitrostjo in navorom za u\u010dinkovito ko\u0161njo vegetacije. Pri mul\u010derjih so rezila name\u0161\u010dena na bobnu ali gredi, ki se vrti in udarja v travo ali grmovje med sekanjem.<\/p>\n<p><strong>Vrtenje rezila in rezanje<\/strong><\/p>\n<p>Ko mo\u010d dose\u017ee rezila cepilnika, se ta zavrtijo z veliko hitrostjo. Cepilniki so obi\u010dajno razporejeni na bobnu ali gredi tako, da se lahko vrtijo navpi\u010dno ali vodoravno za sekanje vegetacije. Ko se rezila vrtijo, z mo\u010djo udarjajo ob vegetacijo in jo re\u017eejo ali drobijo na manj\u0161e ko\u0161\u010dke. Mo\u010d in hitrost vrtenja, ki ju zagotavlja menjalnik, zagotavljata, da rezila ohranjajo enakomerno zmogljivost rezanja pri razli\u010dnih vrstah vegetacije.<\/p>\n<ul>\n<li>Hitrost in navor uravnote\u017euje menjalnik, da se rezila ne vrtijo prehitro (kar bi lahko povzro\u010dilo neu\u010dinkovito ko\u0161njo) ali prepo\u010dasi (kar bi lahko povzro\u010dilo, da se kosilnica zatakne ali ima te\u017eave v debelej\u0161em materialu).<\/li>\n<\/ul>\n<p>Vloga menjalnika je klju\u010dnega pomena pri ohranjanju pravilnega ravnovesja mo\u010di za optimalno u\u010dinkovitost ko\u0161nje.<\/p>\n<p><strong>Neprekinjeno delovanje z minimalnimi prekinitvami<\/strong><\/p>\n<p>Menjalnik mul\u010darja je zasnovan tako, da deluje neprekinjeno med vo\u017enjo traktorja. Ker je menjalnik zaprt in obi\u010dajno napolnjen z oljem za mazanje, med rednim delovanjem deluje gladko z minimalnimi potrebami po vzdr\u017eevanju. Uporaba zatesnjenih le\u017eajev in visokokakovostnih zobnikov zagotavlja, da menjalnik ostane zanesljiv tudi pri intenzivni ali dolgotrajni uporabi, kar zagotavlja u\u010dinkovito delovanje med celotnim postopkom ko\u0161nje.<\/p>\n<p>Skratka, menjalnik mul\u010derja igra klju\u010dno vlogo pri prenosu in prilagajanju mo\u010di iz sistema kardanske gredi traktorja na rezila kosilnice. S pretvorbo visokohitrostne vhodne mo\u010di z nizkim navorom v po\u010dasnej\u0161o izhodno mo\u010d z ve\u010djim navorom menjalnik zagotavlja, da rezila mul\u010derja delujejo u\u010dinkovito pri ko\u0161nji trave, plevela in grmovja. Sposobnost menjalnika, da prilagodi hitrost in navor glede na specifi\u010dne zahteve ko\u0161nje, pomaga pove\u010dati tako zmogljivost kot vzdr\u017eljivost, zaradi \u010desar je bistveni sestavni del sistema mul\u010derja.<\/p>\n<p><img loading=\"lazy\" decoding=\"async\" class=\"alignnone size-full wp-image-2407\" src=\"https:\/\/fmp-components.com\/wp-content\/uploads\/2025\/01\/How-Does-the-Flail-Mower-Gearbox-Work.webp\" alt=\"Kako deluje menjalnik mul\u010darja\" width=\"1000\" height=\"551\" title=\"\" srcset=\"https:\/\/fmp-components.com\/wp-content\/uploads\/2025\/01\/How-Does-the-Flail-Mower-Gearbox-Work.webp 1000w, https:\/\/fmp-components.com\/wp-content\/uploads\/2025\/01\/How-Does-the-Flail-Mower-Gearbox-Work-980x540.webp 980w, https:\/\/fmp-components.com\/wp-content\/uploads\/2025\/01\/How-Does-the-Flail-Mower-Gearbox-Work-480x264.webp 480w\" sizes=\"(min-width: 0px) and (max-width: 480px) 480px, (min-width: 481px) and (max-width: 980px) 980px, (min-width: 981px) 1000px, 100vw\" \/><\/p>\n<h3>O FMP-ju<\/h3>\n<p>FMP s sede\u017eem v Italiji je vodilni proizvajalec, znan po svojem strokovnem znanju na podro\u010dju na\u010drtovanja, razvoja in proizvodnje visokozmogljivih menjalnikov, s posebnim poudarkom na sektorju kmetijske mehanizacije. Z ugledom na podro\u010dju natan\u010dnega in\u017eeniringa, inovativnih re\u0161itev in neomajne zanesljivosti je FMP postal zaupanja vreden partner pri re\u0161evanju razvijajo\u010dih se potreb tako kmetijskega kot industrijskega sektorja. Na\u0161a raznolika ponudba izdelkov vklju\u010duje specializirane menjalnike za kosilnice, kardanske gredi in druge bistvene komponente, ki so vse skrbno zasnovane za zagotavljanje prilagojenih re\u0161itev za \u0161irok spekter uporabe.<\/p>\n<p>Pri FMP razumemo, da ima vsaka stranka edinstvene zahteve in izzive. Zato smo specializirani za ponujanje re\u0161itev po meri, bodisi za posamezne komponente bodisi za popolnoma integrirane sisteme. Tesno sodelujemo z na\u0161imi strankami, da zagotovimo, da je vsaka re\u0161itev ne le u\u010dinkovita, ampak tudi uspe\u0161na, kar optimizira tako zmogljivost kot vrednost. Na\u0161a zavezanost hitrim in profesionalnim odgovorom, skupaj s strokovnim vodenjem, zagotavlja, da se vsako povpra\u0161evanje obravnava z najve\u010djo skrbnostjo in natan\u010dnostjo, kar vodi do najbolj\u0161ih mo\u017enih rezultatov.<\/p>\n<p>V celotnem procesu razvoja izdelkov dajemo prednost odprti in stalni komunikaciji. Na\u0161a predana ekipa sodeluje neposredno s strankami, da bi v celoti razumela njihove specifi\u010dne potrebe, in jim ponuja dragocene vpoglede in priporo\u010dila za zagotavljanje optimalnih re\u0161itev. Ne glede na to, ali oblikujemo inovativne izdelke ali izpolnjujemo teko\u010da naro\u010dila, je FMP zavezan k zagotavljanju visokokakovostnih, natan\u010dno izdelanih re\u0161itev pravo\u010dasno in vsaki\u010d. Na\u0161 cilj je strankam zagotoviti najbolj\u0161o storitev in rezultate, ki pri vsakem projektu presegajo pri\u010dakovanja.<\/p>\n<p>Kakovost je temelj poslovanja podjetja FMP. Dr\u017eimo se najvi\u0161jih proizvodnih standardov in izvajamo stroge ukrepe nadzora kakovosti, da zagotovimo, da vsak izdelek ne le izpolnjuje, ampak tudi presega industrijske standarde. Ta neomajna zavezanost kakovosti, skupaj z na\u0161imi temeljnimi vrednotami integritete, timskega dela in vztrajnosti, nam je omogo\u010dila, da smo s strankami v skoraj 30 dr\u017eavah po vsem svetu zgradili dolgotrajne, na zaupanju temelje\u010de odnose.<\/p>\n<p>FMP je vedno odprt za spodbujanje globalnih partnerstev in ostaja predan ponujanju strokovnih nasvetov in prilagojenih re\u0161itev, ki ustrezajo raznolikim potrebam na\u0161ih strank. Gremo dlje od zgolj dobave izdelkov; na\u0161 cilj je graditi trajne odnose, ki prispevajo k uspehu vsakega projekta. Ne glede na to, ali potrebujete inovativne re\u0161itve za novo pobudo ali stalno podporo za obstoje\u010di sistem, je FMP tukaj, da se spopade z va\u0161imi tehni\u010dnimi izzivi in \u200b\u200bzagotovi va\u0161 nadaljnji uspeh.<\/p>\n<p><img loading=\"lazy\" decoding=\"async\" class=\"alignnone size-full wp-image-1861\" src=\"https:\/\/fmp-components.com\/wp-content\/uploads\/2024\/12\/Other-Agricultural-Gearboxes.webp\" sizes=\"(min-width: 0px) and (max-width: 480px) 480px, (min-width: 481px) and (max-width: 980px) 980px, (min-width: 981px) 1200px, 100vw\" srcset=\"https:\/\/fmp-components.com\/wp-content\/uploads\/2024\/12\/Other-Agricultural-Gearboxes.webp 1200w, https:\/\/fmp-components.com\/wp-content\/uploads\/2024\/12\/Other-Agricultural-Gearboxes-980x1143.webp 980w, https:\/\/fmp-components.com\/wp-content\/uploads\/2024\/12\/Other-Agricultural-Gearboxes-480x560.webp 480w\" alt=\"Altri-cambi-agricoli\" width=\"1200\" height=\"1400\" title=\"\"><\/p>\n<p>Avtor: CX<\/p>","protected":false},"excerpt":{"rendered":"<p>Specifications of\u00a0Flail Mower Gearbox T-290A (1:1.86) Description Flail Mower Gearboxes &#8211; Replacement of Comer Gearbox T-290A 1:1.86 Application Various (agricultural) applications Mowers Consists of Gearbox Without oil Technical information If you have any questions regarding performance at different speeds, please do not hesitate to contact us. When using it for the first time, replace the [&hellip;]<\/p>","protected":false},"featured_media":2409,"comment_status":"open","ping_status":"closed","template":"","meta":{"_et_pb_use_builder":"","_et_pb_old_content":"","_et_gb_content_width":""},"product_brand":[],"product_cat":[58],"product_tag":[],"class_list":{"0":"post-2404","1":"product","2":"type-product","3":"status-publish","4":"has-post-thumbnail","6":"product_cat-flail-mower-gearbox","8":"first","9":"instock","10":"shipping-taxable","11":"product-type-simple"},"_links":{"self":[{"href":"https:\/\/fmp-components.com\/sl\/wp-json\/wp\/v2\/product\/2404","targetHints":{"allow":["GET"]}}],"collection":[{"href":"https:\/\/fmp-components.com\/sl\/wp-json\/wp\/v2\/product"}],"about":[{"href":"https:\/\/fmp-components.com\/sl\/wp-json\/wp\/v2\/types\/product"}],"replies":[{"embeddable":true,"href":"https:\/\/fmp-components.com\/sl\/wp-json\/wp\/v2\/comments?post=2404"}],"wp:featuredmedia":[{"embeddable":true,"href":"https:\/\/fmp-components.com\/sl\/wp-json\/wp\/v2\/media\/2409"}],"wp:attachment":[{"href":"https:\/\/fmp-components.com\/sl\/wp-json\/wp\/v2\/media?parent=2404"}],"wp:term":[{"taxonomy":"product_brand","embeddable":true,"href":"https:\/\/fmp-components.com\/sl\/wp-json\/wp\/v2\/product_brand?post=2404"},{"taxonomy":"product_cat","embeddable":true,"href":"https:\/\/fmp-components.com\/sl\/wp-json\/wp\/v2\/product_cat?post=2404"},{"taxonomy":"product_tag","embeddable":true,"href":"https:\/\/fmp-components.com\/sl\/wp-json\/wp\/v2\/product_tag?post=2404"}],"curies":[{"name":"delovni list","href":"https:\/\/api.w.org\/{rel}","templated":true}]}}