{"id":2284,"date":"2024-12-31T06:33:04","date_gmt":"2024-12-31T06:33:04","guid":{"rendered":"https:\/\/fmp-components.com\/?page_id=8"},"modified":"2024-12-31T06:33:37","modified_gmt":"2024-12-31T06:33:37","slug":"rotary-cutter-gearboxes-replacement-of-omni-code-rc-130-gearbox","status":"publish","type":"product","link":"https:\/\/fmp-components.com\/sl\/product\/rotary-cutter-gearboxes-replacement-of-omni-code-rc-130-gearbox\/","title":{"rendered":"Menjalniki rotacijskih rezalnikov \u2013 zamenjava menjalnika Omni Code RC-130"},"content":{"rendered":"<p style=\"text-align: center;\"><span style=\"font-size: 18pt;\">Menjalniki rotacijskih rezalnikov \u2013 zamenjava menjalnika Omni Code RC-130<\/span><\/p>\n<p>Menjalnik rotacijske kosilnice \u2013 zamenjava za menjalnik Omni Code RC-130 je robusten, visokozmogljiv menjalnik, posebej zasnovan za zamenjavo menjalnika Omni Code RC-130 v sistemih rotacijskih kosilnic. Ta menjalnik, zasnovan za te\u017eka kmetijska, industrijska in zemlji\u0161ko-pripravni\u0161ka dela, ponuja vrhunski prenos mo\u010di, zanesljivost in vzdr\u017eljivost. Zagotavlja optimalno zmogljivost ko\u0161nje v zahtevnih pogojih, zaradi \u010desar je idealen za uporabo pri ko\u0161nji, odstranjevanju grmovja in upravljanju vegetacije pri obse\u017enih operacijah.<\/p>\n<p><img loading=\"lazy\" decoding=\"async\" class=\"alignnone size-full wp-image-2294\" src=\"https:\/\/fmp-components.com\/wp-content\/uploads\/2024\/12\/Rotary-Cutter-Gearboxes-Replacement-of-Omni-Code-RC-130-Gearbox.webp\" alt=\"Zamenjava menjalnika rotacijskega rezalnika Omni Code RC-130\" width=\"1392\" height=\"961\" title=\"\" srcset=\"https:\/\/fmp-components.com\/wp-content\/uploads\/2024\/12\/Rotary-Cutter-Gearboxes-Replacement-of-Omni-Code-RC-130-Gearbox.webp 1392w, https:\/\/fmp-components.com\/wp-content\/uploads\/2024\/12\/Rotary-Cutter-Gearboxes-Replacement-of-Omni-Code-RC-130-Gearbox-1280x884.webp 1280w, https:\/\/fmp-components.com\/wp-content\/uploads\/2024\/12\/Rotary-Cutter-Gearboxes-Replacement-of-Omni-Code-RC-130-Gearbox-980x677.webp 980w, https:\/\/fmp-components.com\/wp-content\/uploads\/2024\/12\/Rotary-Cutter-Gearboxes-Replacement-of-Omni-Code-RC-130-Gearbox-480x331.webp 480w\" sizes=\"(min-width: 0px) and (max-width: 480px) 480px, (min-width: 481px) and (max-width: 980px) 980px, (min-width: 981px) and (max-width: 1280px) 1280px, (min-width: 1281px) 1392px, 100vw\" \/><\/p>\n<h3>Klju\u010dne lastnosti:<\/h3>\n<ol>\n<li>Visoka konjska mo\u010d<br \/>\nNadomestni menjalnik RC-130 je zasnovan za do 130 konjskih mo\u010di, kar zagotavlja, da lahko zadosti potrebam po mo\u010di velikih rotacijskih kosilnic v razli\u010dnih aplikacijah. Ta zmogljivost omogo\u010da menjalniku u\u010dinkovito obvladovanje goste vegetacije, neravnega terena in zahtevnih pogojev ko\u0161nje, ne da bi pri tem ogrozil zmogljivost.<\/li>\n<li>Trpe\u017ena in robustna konstrukcija<br \/>\nMenjalnik RC-130 je izdelan iz visoko trdnih materialov in je zasnovan tako, da prenese te\u017eke okoljske razmere in dolgotrajno uporabo. Njegovo ohi\u0161je, odporno proti koroziji, in oja\u010dane komponente zagotavljajo izjemno vzdr\u017eljivost, kar omogo\u010da u\u010dinkovito delovanje menjalnika v zahtevnih kmetijskih in industrijskih okoljih. Ta robustna zasnova zagotavlja minimalno vzdr\u017eevanje in podalj\u0161ano \u017eivljenjsko dobo.<\/li>\n<li>U\u010dinkovit prenos mo\u010di<br \/>\nMenjalnik ima napreden sistem zobnikov, ki u\u010dinkovito prena\u0161a mo\u010d iz kardanske gredi traktorja na rezila rotacijske kosilnice. Z zmanj\u0161anjem \u0161tevila vrtljajev traktorja na idealno hitrost rezanja in pove\u010danjem navora menjalnik RC-130 zagotavlja gladko in enakomerno vrtenje rezil, kar zagotavlja optimalno zmogljivost rezanja, hkrati pa zmanj\u0161uje porabo energije in obratovalne stro\u0161ke.<\/li>\n<\/ol>\n<p>Menjalnik rotacijskega rezalnika \u2013 zamenjava za menjalnik Omni Code RC-130 je visoko zmogljiva, trpe\u017ena in u\u010dinkovita re\u0161itev za sisteme rotacijskih rezalnikov. Zasnovan je za gladek prenos mo\u010di, izjemno vzdr\u017eljivost in enostavno namestitev, zato je ta menjalnik idealen za zahtevne aplikacije v kmetijstvu, \u010di\u0161\u010denju zemlji\u0161\u010d, vzdr\u017eevanju ob cesti in industrijskih okoljih. Z zasnovo, ki ne zahteva veliko vzdr\u017eevanja, in dolgotrajno zmogljivostjo nadomestni menjalnik RC-130 zagotavlja optimalno u\u010dinkovitost ko\u0161nje in minimalen \u010das izpada, zaradi \u010desar je odli\u010dna izbira za upravljavce, ki \u017eelijo izbolj\u0161ati svoje sisteme rotacijskih rezalnikov.<\/p>\n<h2>Specifikacije menjalnika rotacijskega rezalnika RC130<\/h2>\n<table style=\"width: 102.548%; height: 408px;\" border=\"1\" cellspacing=\"0\" cellpadding=\"0\">\n<tbody>\n<tr>\n<td>Model:<\/td>\n<td>Menjalnik rotacijskega rezalnika FMP-RC130<\/td>\n<\/tr>\n<tr>\n<td>Mo\u010d:<\/td>\n<td>47 \u2013 104 KM<br \/>\n35 \u2013 78 kW<\/td>\n<\/tr>\n<tr>\n<td>Uporaba:<\/td>\n<td>Zaklju\u010dne kosilnice<br \/>\nRotacijski rezalniki<br \/>\nRotacijski rezalniki<\/td>\n<\/tr>\n<tr>\n<td>Navor:<\/td>\n<td>7.117 \u2013 19.950 lb-in.<br \/>\n(803 \u2013 2.252 Nm)<\/td>\n<\/tr>\n<tr>\n<td>Razmerja:<\/td>\n<td>1.21:1, 1:1, 1:1.21, 1:1.46, 1:1.92<\/td>\n<\/tr>\n<tr>\n<td>Vrsta zobnika:<\/td>\n<td>Po\u0161evnina<\/td>\n<\/tr>\n<tr>\n<td>Vrsta tesnila:<\/td>\n<td>Trojna vzmetna obremenitev<\/td>\n<\/tr>\n<tr>\n<td>Vrsta le\u017eaja:<\/td>\n<td>Zo\u017eeni valj<\/td>\n<\/tr>\n<tr>\n<td>Prostornina olja:<\/td>\n<td>60 oz.<br \/>\n(1,8 l)<\/td>\n<\/tr>\n<tr>\n<td>Te\u017ea:<\/td>\n<td>109 funtov.<br \/>\n(49,9 kg)<\/td>\n<\/tr>\n<\/tbody>\n<\/table>\n<p><img loading=\"lazy\" decoding=\"async\" class=\"alignnone size-full wp-image-2296\" src=\"https:\/\/fmp-components.com\/wp-content\/uploads\/2024\/12\/Rotary-Cutter-Gearboxes-1.webp\" alt=\"Menjalniki za rotacijske rezalnike\" width=\"1278\" height=\"676\" title=\"\" srcset=\"https:\/\/fmp-components.com\/wp-content\/uploads\/2024\/12\/Rotary-Cutter-Gearboxes-1.webp 1278w, https:\/\/fmp-components.com\/wp-content\/uploads\/2024\/12\/Rotary-Cutter-Gearboxes-1-980x518.webp 980w, https:\/\/fmp-components.com\/wp-content\/uploads\/2024\/12\/Rotary-Cutter-Gearboxes-1-480x254.webp 480w\" sizes=\"(min-width: 0px) and (max-width: 480px) 480px, (min-width: 481px) and (max-width: 980px) 980px, (min-width: 981px) 1278px, 100vw\" \/><\/p>\n<h2>Kako pritrditi menjalnik rotacijskega rezalnika na rotacijski rezalnik<\/h2>\n<p>Namestitev menjalnika rotacijskega rezalnika na rotacijski rezalnik je preprost postopek, vendar zahteva ustrezno skrbnost in pozornost do podrobnosti, da se zagotovi varno, u\u010dinkovito in zanesljivo delovanje. Spodaj so navedeni koraki za namestitev menjalnika rotacijskega rezalnika na rotacijski rezalnik:<\/p>\n<p><strong>Pripravite potrebno orodje in opremo<\/strong><\/p>\n<p>Preden za\u010dnete z namestitvijo, zberite vse potrebno orodje, vklju\u010dno s klju\u010di, vijaki, za\u0161\u010ditnimi rokavicami in vsem specifi\u010dnim orodjem, ki je potrebno za va\u0161 model menjalnika. Prepri\u010dajte se, da je traktor varno parkiran na ravni povr\u0161ini in da je kardanska gred (PTO) odklopljena, da prepre\u010dite nenamerno vklop. Pomembno je tudi preveriti stanje menjalnika, kardanske gredi in sistema rezalnika, da se prepri\u010date, da so \u010disti in nepo\u0161kodovani.<\/p>\n<p><strong>Poravnajte menjalnik z rezalno enoto<\/strong><\/p>\n<p>Gonilo rotacijskega rezalnika namestite blizu kosilnice in se prepri\u010dajte, da je vhodna gred (gred, ki je povezana s kardansko gredjo) poravnana z ustrezno priklju\u010dno to\u010dko na kosilnici. Previdno dvignite ali namestite menjalnik na svoje mesto in se prepri\u010dajte, da se pritrdilne luknje na menjalniku poravnajo s pritrdilnimi to\u010dkami na kosilnici. Ta korak zahteva skrbno poravnavo, da se med namestitvijo izognete po\u0161kodbam menjalnika ali kosilnice.<\/p>\n<p><strong>Pritrdite menjalnik na kosilnico<\/strong><\/p>\n<p>Ko je menjalnik pravilno poravnan z rezalnikom, ga s prilo\u017eenimi vijaki in pritrdilnim materialom pritrdite na rezalnik. Vijake enakomerno privijte z ustreznim orodjem, da zagotovite trdno in stabilno povezavo. Upo\u0161tevajte vse posebne zahteve glede navora, ki jih je dolo\u010dil proizvajalec, da se izognete prekomernemu privijanju, ki bi lahko po\u0161kodovalo menjalnik ali pritrdilne to\u010dke. Preden nadaljujete z naslednjim korakom, dvakrat preverite, ali so vsi vijaki varno pritrjeni.<\/p>\n<p><strong>Priklju\u010dite kardansko gred na menjalnik<\/strong><\/p>\n<p>Nato priklju\u010dite kardansko gred na vhodno gred menjalnika. Kardanska gred mora biti pravilno poravnana z vhodom kardanske gredi menjalnika. Prepri\u010dajte se, da je gred popolnoma vstavljena in zaklenjena v skladu z navodili proizvajalca. Glede na vrsto kardanske gredi boste morda morali uporabiti stri\u017eni zati\u010d ali zaklepni mehanizem za njeno pritrditev. Prepri\u010dajte se, da je kardanska gred pravilno name\u0161\u010dena, brez vrzeli ali ohlapnih povezav, da prepre\u010dite izgubo mo\u010di ali varnostne nevarnosti.<\/p>\n<p><strong>Preverite poravnavo in preizkusite sistem<\/strong><\/p>\n<p>Po pritrditvi menjalnika in kardanske gredi \u0161e enkrat preverite poravnavo, da se prepri\u010date, da ni nobenih nepravilnosti ali zatikanja. Prepri\u010dajte se, da se menjalnik prosto in gladko vrti. Preden za\u010dnete s polnim delovanjem, je pomembno, da sistem preizkusite pri nizkih vrtljajih traktorja, da zagotovite pravilno delovanje. Prisluhnite nenavadnim zvokom ali vibracijam, ki bi lahko kazale na te\u017eavo z namestitvijo. \u010ce vse deluje gladko, je menjalnik pravilno pritrjen in lahko za\u010dnete uporabljati rotacijski rezalnik.<\/p>\n<p>Pritrditev menjalnika rotacijskega rezalnika na rotacijski rezalnik vklju\u010duje skrbno pripravo, poravnavo in pritrditev komponent, da se zagotovi nemoteno in varno delovanje. Z upo\u0161tevanjem teh korakov in zagotavljanjem pravilne namestitve kardanske gredi, menjalnika in kosilnega mehanizma lahko upravljavci pri\u010dakujejo zanesljivo delovanje in dolgo \u017eivljenjsko dobo svojega sistema rotacijskega rezalnika.<\/p>\n<p><img loading=\"lazy\" decoding=\"async\" class=\"alignnone size-full wp-image-2291\" src=\"https:\/\/fmp-components.com\/wp-content\/uploads\/2024\/12\/Installation-of-Rotary-Cutter-Gearbox-for-Rotary-Cutter1.webp\" alt=\"Namestitev menjalnika rotacijskega rezalnika\" width=\"2064\" height=\"1112\" title=\"\" srcset=\"https:\/\/fmp-components.com\/wp-content\/uploads\/2024\/12\/Installation-of-Rotary-Cutter-Gearbox-for-Rotary-Cutter1.webp 2064w, https:\/\/fmp-components.com\/wp-content\/uploads\/2024\/12\/Installation-of-Rotary-Cutter-Gearbox-for-Rotary-Cutter1-1280x690.webp 1280w, https:\/\/fmp-components.com\/wp-content\/uploads\/2024\/12\/Installation-of-Rotary-Cutter-Gearbox-for-Rotary-Cutter1-980x528.webp 980w, https:\/\/fmp-components.com\/wp-content\/uploads\/2024\/12\/Installation-of-Rotary-Cutter-Gearbox-for-Rotary-Cutter1-480x259.webp 480w\" sizes=\"(min-width: 0px) and (max-width: 480px) 480px, (min-width: 481px) and (max-width: 980px) 980px, (min-width: 981px) and (max-width: 1280px) 1280px, (min-width: 1281px) 2064px, 100vw\" \/><\/p>\n<h2>Kmetijske kardanske gredi za menjalnike rotacijskih rezalnikov<\/h2>\n<p>Kardanske gredi za kmetijske stroje so klju\u010dne komponente, ki povezujejo sistem kardanske gredi (PTO) traktorja z menjalnikom rotacijskega rezalnika in prena\u0161ajo mehansko mo\u010d iz traktorja na rezila rezalnika. Te gredi so zasnovane tako, da u\u010dinkovito prena\u0161ajo mo\u010d na rotacijske rezalnike, kar zagotavlja optimalno zmogljivost ko\u0161nje pri kmetijskih aplikacijah, kot so ko\u0161nja, \u010di\u0161\u010denje grmovja in upravljanje zemlji\u0161\u010d. Kardanske gredi za menjalnike rotacijskih rezalnikov so zasnovane za vzdr\u017eljivost, varnost in enostavno uporabo ter so izdelane tako, da prenesejo visoke zahteve glede navora pri te\u017ekih kmetijskih in industrijskih operacijah.<\/p>\n<p><strong>U\u010dinkovit prenos mo\u010di<\/strong><\/p>\n<p>Kardanske gredi za menjalnike rotacijskih rezalnikov so zasnovane za u\u010dinkovit prenos mo\u010di iz sistema kardanske gredi traktorja na menjalnik rotacijskega rezalnika, ki nato poganja rezila rezalnika. Gred zagotavlja gladek in zanesljiv prenos mo\u010di pri zahtevanih vrtljajih, kar omogo\u010da rotacijskemu rezalniku, da se spopade z gosto vegetacijo, neravnim terenom in obse\u017enimi operacijami. Zasnova kardanske gredi zmanj\u0161uje izgubo energije med prenosom mo\u010di, zaradi \u010desar je sistem u\u010dinkovitej\u0161i in poraba goriva manj\u0161a.<\/p>\n<p><strong>Te\u017eka gradnja<\/strong><\/p>\n<p>Kardanske gredi za menjalnike rotacijskih rezalnikov so izdelane iz trpe\u017enih materialov, ki prenesejo obremenitve pri delovanju z visokim navorom. Obi\u010dajno so izdelane iz visoko trdnega jekla in imajo trpe\u017ene univerzalne zglobe, ki zagotavljajo fleksibilnost in nemoteno delovanje tudi pri ekstremnih obremenitvah. Ta robustna konstrukcija omogo\u010da kardanskim gredem zanesljivo delovanje v zahtevnih kmetijskih okoljih, kot je na primer rezanje skozi gosto grmovje ali neraven teren.<\/p>\n<p><strong>Varnostne funkcije<\/strong><\/p>\n<p>Kardanske gredi so opremljene s pomembnimi varnostnimi elementi za prepre\u010devanje nesre\u010d med delovanjem. V zasnovo so obi\u010dajno vgrajeni stri\u017eni zati\u010di, mehanizmi sklopke in za\u0161\u010ditni \u0161\u010ditniki. Stri\u017eni zati\u010d pomaga za\u0161\u010dititi kardansko gred in menjalnik pred preobremenitvijo, \u010de se zlomi, \u010de sistem naleti na prevelik upor. Za\u0161\u010ditni \u0161\u010ditnik pokriva vrte\u010do se gred, da prepre\u010di nenameren stik z upravljavci ali bli\u017enjo opremo, kar pove\u010duje varnost na terenu.<\/p>\n<p><strong>Prilagodljiva dol\u017eina in prileganje<\/strong><\/p>\n<p>Kmetijske kardanske gredi za menjalnike rotacijskih rezalnikov so na voljo v razli\u010dnih dol\u017einah in konfiguracijah, da ustrezajo razli\u010dnim modelom traktorjev in sistemom rezalnikov. Glede na zahtevani doseg in specifikacije traktorja je mogo\u010de kardanske gredi prilagoditi, da se zagotovi popolno prileganje. Ne glede na to, ali potrebujete enohitrostno ali ve\u010dhitrostno gred, je mogo\u010de kardanske gredi prilagoditi specifi\u010dnim potrebam va\u0161ega rotacijskega rezalnika, kar zagotavlja nemoten prenos mo\u010di in u\u010dinkovito delovanje.<\/p>\n<p><strong>Enostavna namestitev in vzdr\u017eevanje<\/strong><\/p>\n<p>Kardanske gredi so zasnovane za enostavno namestitev in odstranitev, kar omogo\u010da hitro priklop in odklop med traktorjem in menjalnikom rotacijske kosilnice. Zasnova univerzalnega zgloba zagotavlja fleksibilnost in odpravlja manj\u0161e neusklajenosti med kardansko gredjo in vhodom v menjalnik. Redno vzdr\u017eevanje kardanskih gredi vklju\u010duje mazanje in pregled obrabe, na primer preverjanje razpok ali obrabljenih spojev. Pravilno vzdr\u017eevanje podalj\u0161a \u017eivljenjsko dobo kardanske gredi in zagotavlja nadaljnje zanesljivo delovanje.<\/p>\n<p>Kardanske gredi za menjalnike rotacijskih rezalnikov so bistvene komponente za prenos mo\u010di iz sistema kardanske gredi traktorja na rezila rezalnika, kar zagotavlja u\u010dinkovito in zanesljivo ko\u0161njo v razli\u010dnih kmetijskih aplikacijah. Zaradi svoje robustne konstrukcije, varnostnih funkcij in prilagodljivega prileganja so kardanske gredi izdelane tako, da prenesejo zahteve obse\u017enega kmetijstva in upravljanja zemlji\u0161\u010d. Redno vzdr\u017eevanje in pravilna namestitev zagotavljata dolgoro\u010dno delovanje, zaradi \u010desar so kardanske gredi nepogre\u0161ljiv del sistema rotacijskih rezalnikov.<\/p>\n<table style=\"width: 103.235%; height: 75px;\" width=\"136\">\n<tbody>\n<tr>\n<td style=\"width: 49.7908%;\" width=\"72\"><img loading=\"lazy\" decoding=\"async\" class=\"alignnone size-full wp-image-2292\" src=\"https:\/\/fmp-components.com\/wp-content\/uploads\/2024\/12\/Agricultural-PTO-Shafts-for-Rotary-Cutter-Gearboxes-91.webp\" alt=\"Kmetijske kardanske gredi za menjalnike rotacijskih rezalnikov\" width=\"964\" height=\"545\" title=\"\" srcset=\"https:\/\/fmp-components.com\/wp-content\/uploads\/2024\/12\/Agricultural-PTO-Shafts-for-Rotary-Cutter-Gearboxes-91.webp 964w, https:\/\/fmp-components.com\/wp-content\/uploads\/2024\/12\/Agricultural-PTO-Shafts-for-Rotary-Cutter-Gearboxes-91-480x271.webp 480w\" sizes=\"(min-width: 0px) and (max-width: 480px) 480px, (min-width: 481px) 964px, 100vw\" \/><\/td>\n<td style=\"width: 49.477%;\" width=\"64\"><img loading=\"lazy\" decoding=\"async\" class=\"alignnone size-full wp-image-2293\" src=\"https:\/\/fmp-components.com\/wp-content\/uploads\/2024\/12\/Agricultural-PTO-Shafts-for-Rotary-Cutter-Gearboxes-81.webp\" alt=\"Kmetijske kardanske gredi za menjalnike rotacijskih rezalnikov\" width=\"964\" height=\"545\" title=\"\" srcset=\"https:\/\/fmp-components.com\/wp-content\/uploads\/2024\/12\/Agricultural-PTO-Shafts-for-Rotary-Cutter-Gearboxes-81.webp 964w, https:\/\/fmp-components.com\/wp-content\/uploads\/2024\/12\/Agricultural-PTO-Shafts-for-Rotary-Cutter-Gearboxes-81-480x271.webp 480w\" sizes=\"(min-width: 0px) and (max-width: 480px) 480px, (min-width: 481px) 964px, 100vw\" \/><\/td>\n<\/tr>\n<\/tbody>\n<\/table>\n<h3>O FMP-ju<\/h3>\n<p>FMP s sede\u017eem v Italiji je vodilni proizvajalec, znan po svojem strokovnem znanju na podro\u010dju na\u010drtovanja, razvoja in proizvodnje visokozmogljivih menjalnikov, s posebnim poudarkom na sektorju kmetijske mehanizacije. Z ugledom na podro\u010dju natan\u010dnega in\u017eeniringa, inovativnih re\u0161itev in neomajne zanesljivosti je FMP postal zaupanja vreden partner pri re\u0161evanju razvijajo\u010dih se potreb tako kmetijskega kot industrijskega sektorja. Na\u0161a raznolika ponudba izdelkov vklju\u010duje specializirane menjalnike za kosilnice, kardanske gredi in druge bistvene komponente, ki so vse skrbno zasnovane za zagotavljanje prilagojenih re\u0161itev za \u0161irok spekter uporabe.<\/p>\n<p>Pri FMP razumemo, da ima vsaka stranka edinstvene zahteve in izzive. Zato smo specializirani za ponujanje re\u0161itev po meri, bodisi za posamezne komponente bodisi za popolnoma integrirane sisteme. Tesno sodelujemo z na\u0161imi strankami, da zagotovimo, da je vsaka re\u0161itev ne le u\u010dinkovita, ampak tudi uspe\u0161na, kar optimizira tako zmogljivost kot vrednost. Na\u0161a zavezanost hitrim in profesionalnim odgovorom, skupaj s strokovnim vodenjem, zagotavlja, da se vsako povpra\u0161evanje obravnava z najve\u010djo skrbnostjo in natan\u010dnostjo, kar vodi do najbolj\u0161ih mo\u017enih rezultatov.<\/p>\n<p>V celotnem procesu razvoja izdelkov dajemo prednost odprti in stalni komunikaciji. Na\u0161a predana ekipa sodeluje neposredno s strankami, da bi v celoti razumela njihove specifi\u010dne potrebe, in jim ponuja dragocene vpoglede in priporo\u010dila za zagotavljanje optimalnih re\u0161itev. Ne glede na to, ali oblikujemo inovativne izdelke ali izpolnjujemo teko\u010da naro\u010dila, je FMP zavezan k zagotavljanju visokokakovostnih, natan\u010dno izdelanih re\u0161itev pravo\u010dasno in vsaki\u010d. Na\u0161 cilj je strankam zagotoviti najbolj\u0161o storitev in rezultate, ki pri vsakem projektu presegajo pri\u010dakovanja.<\/p>\n<p>Kakovost je temelj poslovanja podjetja FMP. Dr\u017eimo se najvi\u0161jih proizvodnih standardov in izvajamo stroge ukrepe nadzora kakovosti, da zagotovimo, da vsak izdelek ne le izpolnjuje, ampak tudi presega industrijske standarde. Ta neomajna zavezanost kakovosti, skupaj z na\u0161imi temeljnimi vrednotami integritete, timskega dela in vztrajnosti, nam je omogo\u010dila, da smo s strankami v skoraj 30 dr\u017eavah po vsem svetu zgradili dolgotrajne, na zaupanju temelje\u010de odnose.<\/p>\n<p>FMP je vedno odprt za spodbujanje globalnih partnerstev in ostaja predan ponujanju strokovnih nasvetov in prilagojenih re\u0161itev, ki ustrezajo raznolikim potrebam na\u0161ih strank. Gremo dlje od zgolj dobave izdelkov; na\u0161 cilj je graditi trajne odnose, ki prispevajo k uspehu vsakega projekta. Ne glede na to, ali potrebujete inovativne re\u0161itve za novo pobudo ali stalno podporo za obstoje\u010di sistem, je FMP tukaj, da se spopade z va\u0161imi tehni\u010dnimi izzivi in \u200b\u200bzagotovi va\u0161 nadaljnji uspeh.<\/p>\n<p><img loading=\"lazy\" decoding=\"async\" class=\"alignnone size-full wp-image-1861\" src=\"https:\/\/fmp-components.com\/wp-content\/uploads\/2024\/12\/Other-Agricultural-Gearboxes.webp\" sizes=\"(min-width: 0px) and (max-width: 480px) 480px, (min-width: 481px) and (max-width: 980px) 980px, (min-width: 981px) 1200px, 100vw\" srcset=\"https:\/\/fmp-components.com\/wp-content\/uploads\/2024\/12\/Other-Agricultural-Gearboxes.webp 1200w, https:\/\/fmp-components.com\/wp-content\/uploads\/2024\/12\/Other-Agricultural-Gearboxes-980x1143.webp 980w, https:\/\/fmp-components.com\/wp-content\/uploads\/2024\/12\/Other-Agricultural-Gearboxes-480x560.webp 480w\" alt=\"Altri-cambi-agricoli\" width=\"1200\" height=\"1400\" title=\"\"><\/p>\n<p>Avtor: CX<\/p>","protected":false},"excerpt":{"rendered":"<p>Rotary Cutter Gearboxes \u2013 Replacement of Omni Code RC-130 Gearbox The Rotary Cutter Gearbox \u2013 Replacement of Omni Code RC-130 Gearbox is a robust, high-performance gearbox specifically engineered to replace the Omni Code RC-130 gearbox in rotary cutter systems. Designed for heavy-duty agricultural, industrial, and land management applications, this gearbox offers superior power transmission, reliability, [&hellip;]<\/p>","protected":false},"featured_media":2295,"comment_status":"open","ping_status":"closed","template":"","meta":{"_et_pb_use_builder":"","_et_pb_old_content":"","_et_gb_content_width":""},"product_brand":[],"product_cat":[56],"product_tag":[],"class_list":{"0":"post-2284","1":"product","2":"type-product","3":"status-publish","4":"has-post-thumbnail","6":"product_cat-rotary-cutter-gearbox","8":"first","9":"instock","10":"shipping-taxable","11":"product-type-simple"},"_links":{"self":[{"href":"https:\/\/fmp-components.com\/sl\/wp-json\/wp\/v2\/product\/2284","targetHints":{"allow":["GET"]}}],"collection":[{"href":"https:\/\/fmp-components.com\/sl\/wp-json\/wp\/v2\/product"}],"about":[{"href":"https:\/\/fmp-components.com\/sl\/wp-json\/wp\/v2\/types\/product"}],"replies":[{"embeddable":true,"href":"https:\/\/fmp-components.com\/sl\/wp-json\/wp\/v2\/comments?post=2284"}],"wp:featuredmedia":[{"embeddable":true,"href":"https:\/\/fmp-components.com\/sl\/wp-json\/wp\/v2\/media\/2295"}],"wp:attachment":[{"href":"https:\/\/fmp-components.com\/sl\/wp-json\/wp\/v2\/media?parent=2284"}],"wp:term":[{"taxonomy":"product_brand","embeddable":true,"href":"https:\/\/fmp-components.com\/sl\/wp-json\/wp\/v2\/product_brand?post=2284"},{"taxonomy":"product_cat","embeddable":true,"href":"https:\/\/fmp-components.com\/sl\/wp-json\/wp\/v2\/product_cat?post=2284"},{"taxonomy":"product_tag","embeddable":true,"href":"https:\/\/fmp-components.com\/sl\/wp-json\/wp\/v2\/product_tag?post=2284"}],"curies":[{"name":"delovni list","href":"https:\/\/api.w.org\/{rel}","templated":true}]}}