{"id":2267,"date":"2024-12-31T05:03:28","date_gmt":"2024-12-31T05:03:28","guid":{"rendered":"https:\/\/fmp-components.com\/?page_id=8"},"modified":"2024-12-31T06:39:43","modified_gmt":"2024-12-31T06:39:43","slug":"rotary-cutter-gearboxes-replacement-of-omni-code-rc-81-gearbox","status":"publish","type":"product","link":"https:\/\/fmp-components.com\/sl\/product\/rotary-cutter-gearboxes-replacement-of-omni-code-rc-81-gearbox\/","title":{"rendered":"Menjalniki rotacijskih rezalnikov \u2013 zamenjava menjalnika Omni Code RC-81"},"content":{"rendered":"<p style=\"text-align: center;\"><span style=\"font-size: 18pt;\">Menjalniki rotacijskih rezalnikov \u2013 zamenjava menjalnika Omni Code RC-81<\/span><\/p>\n<p>Menjalnik rotacijskega rezalnika \u2013 zamenjava za menjalnik Omni Code RC-81 je visokozmogljiva in trpe\u017ena re\u0161itev, zasnovana za zamenjavo menjalnika Omni Code RC-81 v sistemih rotacijskih rezalnikov. Ta nadomestni menjalnik, izdelan za opravljanje te\u017ekih kmetijskih in industrijskih opravil, zagotavlja zanesljiv prenos mo\u010di, optimalno zmogljivost ko\u0161nje in podalj\u0161ano \u017eivljenjsko dobo rotacijskih rezalnikov, ki se uporabljajo v zahtevnih okoljih, kot so ko\u0161nja, \u010di\u0161\u010denje zemlji\u0161\u010d in nadzor vegetacije.<\/p>\n<p><img loading=\"lazy\" decoding=\"async\" class=\"size-full wp-image-2272 aligncenter\" src=\"https:\/\/fmp-components.com\/wp-content\/uploads\/2024\/12\/Rotary-Cutter-Gearbox-Replacement-of-Omni-Code-RC-81-Gearbox1.webp\" alt=\"Zamenjava menjalnika rotacijskega rezalnika Omni Code RC-81\" width=\"500\" height=\"500\" title=\"\" srcset=\"https:\/\/fmp-components.com\/wp-content\/uploads\/2024\/12\/Rotary-Cutter-Gearbox-Replacement-of-Omni-Code-RC-81-Gearbox1.webp 500w, https:\/\/fmp-components.com\/wp-content\/uploads\/2024\/12\/Rotary-Cutter-Gearbox-Replacement-of-Omni-Code-RC-81-Gearbox1-480x480.webp 480w\" sizes=\"(min-width: 0px) and (max-width: 480px) 480px, (min-width: 481px) 500px, 100vw\" \/><\/p>\n<h3>Klju\u010dne lastnosti:<\/h3>\n<ol>\n<li>Izbolj\u0161ana zmogljivost<br \/>\nTa nadomestni menjalnik je zasnovan za uporabo do 80 konjskih mo\u010di, zaradi \u010desar je primeren za zahtevne aplikacije, kot so \u010di\u0161\u010denje zemlji\u0161\u010d, ko\u0161nja grmovja in ko\u0161nja trave na velikih povr\u0161inah. Njegova robustna zasnova zagotavlja, da menjalnik u\u010dinkovito prena\u0161a mo\u010d iz sistema kardanske gredi na rezila rotacijske kosilnice, kar zagotavlja dosledno in u\u010dinkovito delovanje tudi pri velikih obremenitvah.<\/li>\n<li>Trpe\u017ena konstrukcija za zahtevna okolja<br \/>\nNadomestni menjalnik RC-81, izdelan iz visokokakovostnih in trpe\u017enih materialov, ponuja izjemno vzdr\u017eljivost in odpornost proti obrabi, koroziji in okoljskim obremenitvam. Njegova robustna konstrukcija zagotavlja, da lahko prenese neprekinjeno delovanje v te\u017ekih pogojih, vklju\u010dno z izpostavljenostjo umazaniji, vlagi in ostankom, kar zagotavlja dolgotrajno zanesljivost v zahtevnih kmetijskih in industrijskih okoljih.<\/li>\n<li>U\u010dinkovit prenos mo\u010di<br \/>\nMenjalnik je posebej zasnovan za optimalen prenos mo\u010di z minimalnimi izgubami energije. Z u\u010dinkovitim prenosom mo\u010di iz kardanske gredi na rezila rotacijskega rezalnika se pove\u010da u\u010dinkovitost ko\u0161nje, hkrati pa se zmanj\u0161a poraba goriva in obratovalni stro\u0161ki. Zaradi te lastnosti je nadomestni menjalnik zelo stro\u0161kovno u\u010dinkovita re\u0161itev, ki upravljavcem omogo\u010da doseganje vrhunskih rezultatov ko\u0161nje z ni\u017ejimi obratovalnimi stro\u0161ki.<\/li>\n<\/ol>\n<p>Menjalnik rotacijskega rezalnika \u2013 zamenjava za menjalnik Omni Code RC-81 ponuja visoko zmogljivo, vzdr\u017eljivo in u\u010dinkovito re\u0161itev za sisteme rotacijskih rezalnikov. Z izbolj\u0161ano zmogljivostjo, zanesljivim prenosom mo\u010di in enostavno namestitvijo zagotavlja zanesljivo delovanje v \u0161irokem naboru kmetijskih in industrijskih aplikacij. Ta nadomestni menjalnik je zasnovan za opravljanje te\u017ekih nalog, kot so \u010di\u0161\u010denje zemlji\u0161\u010d, ko\u0161nja grmovja in trave, zato ponuja dolgotrajno zanesljivost, minimalno vzdr\u017eevanje in stro\u0161kovno u\u010dinkovito delovanje za vse vrste operacij rotacijskega rezalnika.<\/p>\n<h2>Specifikacije menjalnika rotacijskega rezalnika RC81<\/h2>\n<p><img loading=\"lazy\" decoding=\"async\" class=\"alignnone size-full wp-image-2271\" src=\"https:\/\/fmp-components.com\/wp-content\/uploads\/2024\/12\/RC81-Rotary-Cutter-Gearbox-Specifications-31.webp\" alt=\"RC81-Specifikacije menjalnika rotacijskega rezalnika\" width=\"1060\" height=\"818\" title=\"\" srcset=\"https:\/\/fmp-components.com\/wp-content\/uploads\/2024\/12\/RC81-Rotary-Cutter-Gearbox-Specifications-31.webp 1060w, https:\/\/fmp-components.com\/wp-content\/uploads\/2024\/12\/RC81-Rotary-Cutter-Gearbox-Specifications-31-980x756.webp 980w, https:\/\/fmp-components.com\/wp-content\/uploads\/2024\/12\/RC81-Rotary-Cutter-Gearbox-Specifications-31-480x370.webp 480w\" sizes=\"(min-width: 0px) and (max-width: 480px) 480px, (min-width: 481px) and (max-width: 980px) 980px, (min-width: 981px) 1060px, 100vw\" \/><\/p>\n<table style=\"width: 97.8368%; height: 155px;\" border=\"1\" cellspacing=\"0\" cellpadding=\"0\">\n<tbody>\n<tr style=\"height: 31px;\">\n<td style=\"width: 13.302%; height: 93px;\" rowspan=\"3\">Uporaba<\/td>\n<td style=\"width: 12.6761%; height: 93px;\" rowspan=\"3\">\u0160tevilka dela<\/td>\n<td style=\"width: 49.7653%; height: 31px;\" colspan=\"5\">Vhodni parametri<\/td>\n<td style=\"width: 23.9437%; height: 31px;\" colspan=\"2\">Izhodni parametri<\/td>\n<\/tr>\n<tr style=\"height: 31px;\">\n<td style=\"width: 6.41628%; height: 62px;\" rowspan=\"2\">Razmerje<\/td>\n<td style=\"width: 17.0579%; height: 31px;\">Vrtilna hitrost<\/td>\n<td style=\"width: 6.41628%; height: 31px;\">Mo\u010d<\/td>\n<td style=\"width: 12.989%; height: 31px;\">Konjska mo\u010d<\/td>\n<td style=\"width: 6.88576%; height: 31px;\">Navor<\/td>\n<td style=\"width: 6.88576%; height: 31px;\">Navor<\/td>\n<td style=\"width: 17.0579%; height: 31px;\">Vrtilna hitrost<\/td>\n<\/tr>\n<tr style=\"height: 31px;\">\n<td style=\"width: 17.0579%; height: 31px;\">RPM<\/td>\n<td style=\"width: 6.41628%; height: 31px;\">KW<\/td>\n<td style=\"width: 12.989%; height: 31px;\">HP-CV<\/td>\n<td style=\"width: 6.88576%; height: 31px;\">Novi Meksiko<\/td>\n<td style=\"width: 6.88576%; height: 31px;\">Novi Meksiko<\/td>\n<td style=\"width: 17.0579%; height: 31px;\">RPM<\/td>\n<\/tr>\n<tr style=\"height: 31px;\">\n<td style=\"width: 13.302%; height: 62px;\" rowspan=\"2\">Rotacijski rezalnik<\/td>\n<td style=\"width: 12.6761%; height: 31px;\">RC81-01<\/td>\n<td style=\"width: 6.41628%; height: 31px;\">1:1.92<\/td>\n<td style=\"width: 17.0579%; height: 31px;\">540<\/td>\n<td style=\"width: 6.41628%; height: 31px;\">74<\/td>\n<td style=\"width: 12.989%; height: 31px;\">100<\/td>\n<td style=\"width: 6.88576%; height: 31px;\">1308<\/td>\n<td style=\"width: 6.88576%; height: 31px;\">680<\/td>\n<td style=\"width: 17.0579%; height: 31px;\">1038<\/td>\n<\/tr>\n<tr style=\"height: 31px;\">\n<td style=\"width: 12.6761%; height: 31px;\">RC81-02<\/td>\n<td style=\"width: 6.41628%; height: 31px;\">1:1.46<\/td>\n<td style=\"width: 17.0579%; height: 31px;\">540<\/td>\n<td style=\"width: 6.41628%; height: 31px;\">74<\/td>\n<td style=\"width: 12.989%; height: 31px;\">100<\/td>\n<td style=\"width: 6.88576%; height: 31px;\">1308<\/td>\n<td style=\"width: 6.88576%; height: 31px;\">680<\/td>\n<td style=\"width: 17.0579%; height: 31px;\">788<\/td>\n<\/tr>\n<\/tbody>\n<\/table>\n<table style=\"width: 97.4752%; height: 307px;\" border=\"1\" cellspacing=\"0\" cellpadding=\"0\">\n<tbody>\n<tr>\n<td>Model<\/td>\n<td>Menjalnik rotacijskega rezalnika FMP-RC-81<\/td>\n<\/tr>\n<tr>\n<td>Navor<\/td>\n<td>5.483 \u2013 12.133 lb-in.<br \/>\n(619 \u2013 1.370 Nm)<\/td>\n<\/tr>\n<tr>\n<td>Razmerja<\/td>\n<td>1.21:1, 1:1, 1:1.21, 1:1.46, 1:1.92<\/td>\n<\/tr>\n<tr>\n<td>Vrsta zobnika<\/td>\n<td>Po\u0161evnina<\/td>\n<\/tr>\n<tr>\n<td>Vrsta tesnila<\/td>\n<td>Trojna vzmetna obremenitev<\/td>\n<\/tr>\n<tr>\n<td>Vrsta le\u017eaja<\/td>\n<td>Zo\u017eeni valj<\/td>\n<\/tr>\n<tr>\n<td>Prostornina olja<\/td>\n<td>62 oz.<br \/>\n(1,8 l)<\/td>\n<\/tr>\n<tr>\n<td>Te\u017ea<\/td>\n<td>98 funtov.<br \/>\n(44,5 kg)<\/td>\n<\/tr>\n<\/tbody>\n<\/table>\n<h2>Kako deluje menjalnik rotacijskega rezalnika?<\/h2>\n<p>Menjalnik rotacijske kosilnice je klju\u010dni sestavni del kmetijske mehanizacije, ki pretvarja mo\u010d iz sistema kardanske gredi traktorja v no\u017ee rotacijske kosilnice, kar omogo\u010da u\u010dinkovito ko\u0161njo trave, grmovja in drugega rastlinja. Menjalnik igra bistveno vlogo pri prenosu mo\u010di, saj zagotavlja nemoteno in zanesljivo delovanje rotacijske kosilnice v te\u017ekih delovnih pogojih.<\/p>\n<p><strong>Prenos mo\u010di iz sistema kardanske gredi<\/strong><\/p>\n<p>Postopek se za\u010dne, ko sistem kardanske gredi (PTO) traktorja ustvari mehansko mo\u010d. Ta mo\u010d se preko kardanske gredi prenese na menjalnik rotacijskega rezalnika. Kardanska gred je povezana z vhodno gredjo menjalnika in prena\u0161a vrtilno mo\u010d. Menjalnik nato to mo\u010d pretvori v potrebno hitrost in navor, ki sta potrebna za vrtenje rezil rotacijskega rezalnika, s \u010dimer se zagotovi, da se vrtijo z optimalno hitrostjo za ko\u0161njo.<\/p>\n<p><strong>Zmanj\u0161evanje prestav za optimalno hitrost rezila<\/strong><\/p>\n<p>Znotraj menjalnika je razporejena vrsta zobnikov, ki zmanj\u0161ujejo vhodne vrtljaje kardanske gredi na ni\u017eje, primernej\u0161e vrtljaje za rezila rotacijske kosilnice. Ta sistem redukcije zobnikov je bistvenega pomena, ker se morajo rezila vrteti z dolo\u010deno hitrostjo, da u\u010dinkovito obrezujejo vegetacijo, ne da bi pri tem preobremenili motor traktorja. Reduktorji v menjalniku omogo\u010dajo visok navor, hkrati pa ohranjajo ustrezno hitrost rezil za razli\u010dna opravila ko\u0161nje.<\/p>\n<p><strong>Prenos navora na rezila rezalnika<\/strong><\/p>\n<p>Menjalnik rotacijske kosilnice je zasnovan tako, da rezilom dovaja potreben navor. Ko se vhodna mo\u010d zmanj\u0161a na pravo hitrost, se navor prenese na izhodno gred menjalnika, ki je povezana z rezili. Menjalnik zagotavlja, da se rezilom dovaja dovolj vrtilne sile za rezanje goste trave, grmovja in majhnega grmi\u010devja. Izhodna gred ima pogosto univerzalni zglob, ki je povezan z rezili, kar zagotavlja gladko rotacijsko gibanje.<\/p>\n<p><strong>Vzdr\u017eljivost pri velikih obremenitvah<\/strong><\/p>\n<p>Menjalnik rotacijskega rezalnika je zasnovan tako, da prenese visok navor in te\u017eke pogoje uporabe. Ko rezila re\u017eejo gosto vegetacijo, menjalnik absorbira udarce in pritisk, ki nastaneta med delovanjem. Zaradi robustne konstrukcije menjalnika se lahko spopade s temi intenzivnimi silami, kar prepre\u010duje po\u0161kodbe notranjih komponent in zagotavlja dolgo \u017eivljenjsko dobo menjalnika z minimalnim vzdr\u017eevanjem. Ohi\u0161je menjalnika je zasnovano tako, da je odporno na obrabo, korozijo in okoljske po\u0161kodbe, kar zagotavlja zanesljivo delovanje tudi v te\u017ekih pogojih.<\/p>\n<p><strong>Varnostni in vzdr\u017eevalni vidiki<\/strong><\/p>\n<p>Za zagotovitev varnega delovanja menjalnika je opremljen z razli\u010dnimi varnostnimi elementi, kot so za\u0161\u010ditni pokrovi in \u200b\u200b\u0161\u010ditniki, ki prepre\u010dujejo vdor umazanije in po\u0161kodbe notranjih zobnikov. Redno vzdr\u017eevanje je bistvenega pomena za ohranjanje optimalnega stanja menjalnika, kar obi\u010dajno vklju\u010duje preverjanje in dolivanje maziva, pregled morebitnih po\u0161kodb ali obrabe ter zagotavljanje varnosti vseh priklju\u010dkov. Pravilno vzdr\u017eevanje zagotavlja, da menjalnik \u0161e naprej deluje u\u010dinkovito in varno ter zagotavlja potrebno mo\u010d za optimalno delovanje rezil rotacijskega rezalnika.<\/p>\n<p>Menjalnik rotacijskega rezalnika deluje tako, da u\u010dinkovito prena\u0161a mehansko mo\u010d iz sistema kardanske gredi traktorja na rezila prek vrste zobnikov, ki zmanj\u0161ujejo \u0161tevilo vrtljajev in pove\u010dujejo navor. Ta sistem zagotavlja, da se rezila vrtijo z optimalno hitrostjo za u\u010dinkovito ko\u0161njo vegetacije. Menjalnik je izdelan za vzdr\u017eljivost in lahko prenese velike obremenitve in te\u017eke pogoje, varnostne funkcije in redno vzdr\u017eevanje pa zagotavljajo zanesljivo delovanje skozi \u010das. Ne glede na to, ali se uporablja za ko\u0161njo, \u010di\u0161\u010denje zemlji\u0161\u010d ali upravljanje vegetacije, je menjalnik rotacijskega rezalnika klju\u010dna komponenta za u\u010dinkovito ko\u0161njo.<\/p>\n<p><img loading=\"lazy\" decoding=\"async\" class=\"alignnone size-full wp-image-2273\" src=\"https:\/\/fmp-components.com\/wp-content\/uploads\/2024\/12\/How-Does-the-Rotary-Cutter-Gearbox-Work-5.webp\" alt=\"Kako-deluje-menjalnik-rotacijskega-rezalnika-5\" width=\"1000\" height=\"600\" title=\"\" srcset=\"https:\/\/fmp-components.com\/wp-content\/uploads\/2024\/12\/How-Does-the-Rotary-Cutter-Gearbox-Work-5.webp 1000w, https:\/\/fmp-components.com\/wp-content\/uploads\/2024\/12\/How-Does-the-Rotary-Cutter-Gearbox-Work-5-980x588.webp 980w, https:\/\/fmp-components.com\/wp-content\/uploads\/2024\/12\/How-Does-the-Rotary-Cutter-Gearbox-Work-5-480x288.webp 480w\" sizes=\"(min-width: 0px) and (max-width: 480px) 480px, (min-width: 481px) and (max-width: 980px) 980px, (min-width: 981px) 1000px, 100vw\" \/><\/p>\n<h2>Kardanska gred in menjalnik rotacijskega rezalnika za rotacijski rezalnik<\/h2>\n<p>Kardanska gred in menjalnik rotacijskega rezalnika sta bistvena sestavna dela sistemov rotacijskih rezalnikov, ki delujeta skupaj in zagotavljata mo\u010d in zanesljivost, potrebno za u\u010dinkovito upravljanje zemlji\u0161\u010d. Kardanska gred prena\u0161a mehansko mo\u010d iz sistema kardanske gredi traktorja v menjalnik, ki nato poganja rezila. Skupaj ti sestavni deli zagotavljajo nemoteno delovanje in optimalno zmogljivost pri \u0161irokem naboru kmetijskih in industrijskih aplikacij, kot so ko\u0161nja, \u010di\u0161\u010denje grmovja in upravljanje vegetacije.<\/p>\n<p><strong>U\u010dinkovit prenos mo\u010di s kardansko gredjo<\/strong><\/p>\n<p>Kardanska gred slu\u017ei kot klju\u010dna povezava med traktorjem in menjalnikom rotacijske kosilnice. Prena\u0161a mehansko mo\u010d iz sistema kardanske gredi traktorja na menjalnik, ki poganja rezila rotacijske kosilnice. Kardanska gred je zasnovana za u\u010dinkovitost in zagotavlja minimalno izgubo energije med prenosom mo\u010di, kar omogo\u010da gladko in neprekinjeno ko\u0161njo. Ta u\u010dinkovit prenos mo\u010di prispeva k manj\u0161i porabi goriva in ve\u010dji produktivnosti, zaradi \u010desar je bistvena komponenta za visokozmogljiva opravila upravljanja zemlji\u0161\u010d.<\/p>\n<p><strong>Vzdr\u017eljiv in visokozmogljiv menjalnik rotacijskega rezalnika<\/strong><\/p>\n<p>Menjalnik rotacijskega rezalnika je zasnovan za delo v te\u017ekih pogojih, saj pretvarja mo\u010d, ki jo prena\u0161a kardanska gred, v rotacijsko energijo, potrebno za pogon rezil. Ti menjalniki so izdelani tako, da prenesejo te\u017eke pogoje, vklju\u010dno s stalno izpostavljenostjo odpadkom, vlagi in umazaniji, zaradi \u010desar so zelo vzdr\u017eljivi in \u200b\u200bdolgo\u017eivi. Njihova robustna konstrukcija zagotavlja, da lahko prenesejo visoke navorne obremenitve in mo\u010dne udarce, kar zagotavlja zanesljivo delovanje tudi v najzahtevnej\u0161ih okoljih, kot sta \u010di\u0161\u010denje zemlji\u0161\u010d in vzdr\u017eevanje cest.<\/p>\n<p><strong>Varnostne funkcije za za\u0161\u010dito upravljavca<\/strong><\/p>\n<p>Tako kardanska gred kot menjalnik rotacijskega rezalnika sta opremljena z varnostnimi funkcijami za za\u0161\u010dito upravljavca med delovanjem. Kardanska gred je zasnovana z za\u0161\u010ditnimi pokrovi in \u200b\u200b\u0161\u010diti, ki prepre\u010dujejo nenameren stik z vrte\u010dimi se deli, kar zmanj\u0161uje tveganje po\u0161kodb. Menjalnik je zasnovan tudi tako, da zmanj\u0161uje vibracije, kar zagotavlja bolj gladko delovanje in manj\u0161o obremenitev tako opreme kot upravljavca. Zaradi teh varnostnih funkcij je uporaba kombinacije kardanske gredi in menjalnika varnej\u0161a ter zagotavlja varno delovno okolje.<\/p>\n<p><strong>Enostavna namestitev in vzdr\u017eevanje<\/strong><\/p>\n<p>Kardanska gred in menjalnik rotacijskega rezalnika sta zasnovana za enostavno namestitev in integracijo s sistemi rotacijskih rezalnikov. Kardanska gred ima obi\u010dajno mehanizem za hitro priklju\u010ditev, ki omogo\u010da hitro pritrditev na sistem kardanske gredi traktorja. Menjalnik je zasnovan tudi za enostavno namestitev na okvir rotacijskega rezalnika, kar poenostavi postopek namestitve in zmanj\u0161a \u010das izpada. Poleg tega obe komponenti zahtevata minimalno vzdr\u017eevanje, saj ima menjalnik mazalne to\u010dke za mazanje, kardansko gred pa je enostavno pregledati in vzdr\u017eevati. Redno vzdr\u017eevanje zagotavlja njuno dolgo \u017eivljenjsko dobo in nenehno visoko zmogljivost.<\/p>\n<p><strong>Vsestranske uporabe za kmetijstvo in industrijo<\/strong><\/p>\n<p>Kardanska gred in menjalnik rotacijskega rezalnika sta vsestranski komponenti, ki se uporabljata v razli\u010dnih aplikacijah. V kmetijstvu sta bistvenega pomena za opravila, kot so ko\u0161nja velikih polj, urejanje trave in grmovja ter vzdr\u017eevanje pa\u0161nikov. Za industrijsko uporabo sta idealna za \u010di\u0161\u010denje zemlji\u0161\u010d, urejanje obcestnega rastlinja in nadzor vegetacije na gradbi\u0161\u010dih ali komunalnih koridorjih. Zaradi svoje sposobnosti obvladovanja te\u017ekih bremen in zahtevnih pogojev ko\u0161nje sta neprecenljiva za vsako delo, ki zahteva zanesljivo in u\u010dinkovito rotacijsko ko\u0161njo.<\/p>\n<p>Kardanska gred in menjalnik rotacijskega rezalnika skupaj zagotavljata zanesljivo, u\u010dinkovito in vzdr\u017eljivo delovanje sistemov rotacijskih rezalnikov. Zasnovani so za prenos mo\u010di s traktorja na rezila ter zagotavljajo optimalno u\u010dinkovitost in varnost ko\u0161nje. Zaradi enostavne namestitve, nizkih vzdr\u017eevalnih potreb in vsestranskosti so idealni za \u0161irok spekter kmetijskih, industrijskih in zemlji\u0161ko-pripravnih aplikacij ter ponujajo stro\u0161kovno u\u010dinkovito re\u0161itev za zahtevna opravila ko\u0161nje. Ne glede na to, ali se uporabljajo za ko\u0161njo, \u010di\u0161\u010denje grmovja ali upravljanje vegetacije, so te komponente izdelane za dolgo \u017eivljenjsko dobo in zagotavljajo visoko zmogljivost v vsakem okolju.<\/p>\n<table style=\"width: 100.625%; height: 142px;\" width=\"136\">\n<tbody>\n<tr>\n<td style=\"width: 50%;\" width=\"72\"><img loading=\"lazy\" decoding=\"async\" class=\"alignnone size-full wp-image-2274\" src=\"https:\/\/fmp-components.com\/wp-content\/uploads\/2024\/12\/PTO-Shaft-and-Rotary-Cutter-Gearbox-for-Rotary-Cutter-1.webp\" alt=\"Kardanska gred in menjalnik rotacijskega rezalnika 1\" width=\"1085\" height=\"720\" title=\"\" srcset=\"https:\/\/fmp-components.com\/wp-content\/uploads\/2024\/12\/PTO-Shaft-and-Rotary-Cutter-Gearbox-for-Rotary-Cutter-1.webp 1085w, https:\/\/fmp-components.com\/wp-content\/uploads\/2024\/12\/PTO-Shaft-and-Rotary-Cutter-Gearbox-for-Rotary-Cutter-1-980x650.webp 980w, https:\/\/fmp-components.com\/wp-content\/uploads\/2024\/12\/PTO-Shaft-and-Rotary-Cutter-Gearbox-for-Rotary-Cutter-1-480x319.webp 480w\" sizes=\"(min-width: 0px) and (max-width: 480px) 480px, (min-width: 481px) and (max-width: 980px) 980px, (min-width: 981px) 1085px, 100vw\" \/><\/td>\n<td style=\"width: 49.2443%;\" width=\"64\"><strong><img loading=\"lazy\" decoding=\"async\" class=\"alignnone size-full wp-image-2275\" src=\"https:\/\/fmp-components.com\/wp-content\/uploads\/2024\/12\/PTO-Shaft-and-Rotary-Cutter-Gearbox-for-Rotary-Cutter-2.webp\" alt=\"Kardanska gred in menjalnik rotacijskega rezalnika 2\" width=\"1085\" height=\"720\" title=\"\" srcset=\"https:\/\/fmp-components.com\/wp-content\/uploads\/2024\/12\/PTO-Shaft-and-Rotary-Cutter-Gearbox-for-Rotary-Cutter-2.webp 1085w, https:\/\/fmp-components.com\/wp-content\/uploads\/2024\/12\/PTO-Shaft-and-Rotary-Cutter-Gearbox-for-Rotary-Cutter-2-980x650.webp 980w, https:\/\/fmp-components.com\/wp-content\/uploads\/2024\/12\/PTO-Shaft-and-Rotary-Cutter-Gearbox-for-Rotary-Cutter-2-480x319.webp 480w\" sizes=\"(min-width: 0px) and (max-width: 480px) 480px, (min-width: 481px) and (max-width: 980px) 980px, (min-width: 981px) 1085px, 100vw\" \/><\/strong><\/td>\n<\/tr>\n<\/tbody>\n<\/table>\n<h3>O FMP-ju<\/h3>\n<p>FMP s sede\u017eem v Italiji je vodilni proizvajalec z mo\u010dnim slovesom odli\u010dnosti pri na\u010drtovanju, razvoju in proizvodnji visokozmogljivih menjalnikov, specializiran za sektor kmetijske mehanizacije. FMP, znan po svojem natan\u010dnem in\u017eeniringu, inovativnih re\u0161itvah in neprekosljivi zanesljivosti, dosledno zagotavlja vrhunske izdelke, ki ustrezajo spreminjajo\u010dim se zahtevam tako kmetijskega kot industrijskega trga. Na\u0161a \u0161iroka paleta izdelkov vklju\u010duje napredne menjalnike za kosilnice, kardanske gredi in druge klju\u010dne komponente, ki so zasnovane tako, da zagotavljajo prilagojene re\u0161itve za \u0161iroko paleto aplikacij.<\/p>\n<p>Pri FMP razumemo, da ima vsaka stranka edinstvene izzive in zahteve. Zato ponujamo re\u0161itve po meri, pa naj gre za posamezne komponente ali popolnoma integrirane sisteme. Tesno sodelujemo z na\u0161imi strankami, da zagotovimo, da vsaka re\u0161itev ne le zadovolji njihove specifi\u010dne potrebe, temve\u010d tudi izbolj\u0161a u\u010dinkovitost in pove\u010da vrednost. Na\u0161a zavezanost hitrim in profesionalnim odzivom, skupaj s strokovnim vodenjem, zagotavlja, da se vsako povpra\u0161evanje obravnava natan\u010dno in skrbno.<\/p>\n<p>Velik poudarek dajemo jasni in stalni komunikaciji, zlasti pri razvoju novih izdelkov. Na\u0161a predana ekipa sodeluje neposredno s strankami, da bi razumela njihove specifi\u010dne potrebe, in jim nudi prakti\u010dne vpoglede, ki vodijo do optimalnih in u\u010dinkovitih re\u0161itev. Ne glede na to, ali razvijamo vrhunske izdelke ali izpolnjujemo teko\u010da naro\u010dila, smo \u0161e vedno zavezani zagotavljanju visokokakovostnih, natan\u010dno zasnovanih re\u0161itev, ki izpolnjujejo najvi\u0161je standarde hitrosti in zanesljivosti.<\/p>\n<p>Kakovost je v sredi\u0161\u010du delovanja podjetja FMP. Dr\u017eimo se strogih proizvodnih standardov in izvajamo stroge postopke nadzora kakovosti, da zagotovimo, da vsak izdelek ne le izpolnjuje, ampak tudi presega pri\u010dakovanja industrije. Na\u0161a neomajna zavezanost kakovosti, skupaj z na\u0161imi vrednotami integritete, sodelovanja in vztrajnosti, nam je omogo\u010dila, da smo zgradili dolgoro\u010dna partnerstva s strankami v ve\u010d kot 30 dr\u017eavah po vsem svetu.<\/p>\n<p>FMP je vedno odprt za spodbujanje globalnih partnerstev in ostaja predan zagotavljanju strokovnih nasvetov in prilagojenih re\u0161itev, ki zadovoljujejo raznolike potrebe na\u0161ih strank. Gremo dlje od zgolj dobave izdelkov \u2013 prizadevamo si vzpostaviti smiselne in dolgotrajne odnose, ki prispevajo k uspehu vsakega projekta. Ne glede na to, ali i\u0161\u010dete inovativne re\u0161itve za novo pobudo ali stalno podporo za obstoje\u010di sistem, je FMP zavezan, da vam bo pomagal premagati tehni\u010dne izzive in zagotoviti va\u0161 nadaljnji uspeh.<\/p>\n<p><img loading=\"lazy\" decoding=\"async\" class=\"alignnone size-full wp-image-1861\" src=\"https:\/\/fmp-components.com\/wp-content\/uploads\/2024\/12\/Other-Agricultural-Gearboxes.webp\" sizes=\"(min-width: 0px) and (max-width: 480px) 480px, (min-width: 481px) and (max-width: 980px) 980px, (min-width: 981px) 1200px, 100vw\" srcset=\"https:\/\/fmp-components.com\/wp-content\/uploads\/2024\/12\/Other-Agricultural-Gearboxes.webp 1200w, https:\/\/fmp-components.com\/wp-content\/uploads\/2024\/12\/Other-Agricultural-Gearboxes-980x1143.webp 980w, https:\/\/fmp-components.com\/wp-content\/uploads\/2024\/12\/Other-Agricultural-Gearboxes-480x560.webp 480w\" alt=\"Altri-cambi-agricoli\" width=\"1200\" height=\"1400\" title=\"\"><\/p>\n<p>Avtor: CX<\/p>\n<p>&nbsp;<\/p>","protected":false},"excerpt":{"rendered":"<p>Rotary Cutter Gearboxes \u2013 Replacement of Omni Code RC-81 Gearbox The Rotary Cutter Gearbox \u2013 Replacement of Omni Code RC-81 Gearbox is a high-performance, durable solution designed to replace the Omni Code RC-81 gearbox in rotary cutter systems. Built to handle heavy-duty agricultural and industrial tasks, this replacement gearbox ensures reliable power transmission, optimal cutting [&hellip;]<\/p>","protected":false},"featured_media":2272,"comment_status":"open","ping_status":"closed","template":"","meta":{"_et_pb_use_builder":"","_et_pb_old_content":"","_et_gb_content_width":""},"product_brand":[],"product_cat":[56],"product_tag":[],"class_list":{"0":"post-2267","1":"product","2":"type-product","3":"status-publish","4":"has-post-thumbnail","6":"product_cat-rotary-cutter-gearbox","8":"first","9":"instock","10":"shipping-taxable","11":"product-type-simple"},"_links":{"self":[{"href":"https:\/\/fmp-components.com\/sl\/wp-json\/wp\/v2\/product\/2267","targetHints":{"allow":["GET"]}}],"collection":[{"href":"https:\/\/fmp-components.com\/sl\/wp-json\/wp\/v2\/product"}],"about":[{"href":"https:\/\/fmp-components.com\/sl\/wp-json\/wp\/v2\/types\/product"}],"replies":[{"embeddable":true,"href":"https:\/\/fmp-components.com\/sl\/wp-json\/wp\/v2\/comments?post=2267"}],"wp:featuredmedia":[{"embeddable":true,"href":"https:\/\/fmp-components.com\/sl\/wp-json\/wp\/v2\/media\/2272"}],"wp:attachment":[{"href":"https:\/\/fmp-components.com\/sl\/wp-json\/wp\/v2\/media?parent=2267"}],"wp:term":[{"taxonomy":"product_brand","embeddable":true,"href":"https:\/\/fmp-components.com\/sl\/wp-json\/wp\/v2\/product_brand?post=2267"},{"taxonomy":"product_cat","embeddable":true,"href":"https:\/\/fmp-components.com\/sl\/wp-json\/wp\/v2\/product_cat?post=2267"},{"taxonomy":"product_tag","embeddable":true,"href":"https:\/\/fmp-components.com\/sl\/wp-json\/wp\/v2\/product_tag?post=2267"}],"curies":[{"name":"delovni list","href":"https:\/\/api.w.org\/{rel}","templated":true}]}}