{"id":2237,"date":"2024-12-31T02:56:15","date_gmt":"2024-12-31T02:56:15","guid":{"rendered":"https:\/\/fmp-components.com\/?page_id=8"},"modified":"2024-12-31T03:03:57","modified_gmt":"2024-12-31T03:03:57","slug":"rotary-cutter-gearbox-for-rotary-cutter-replacement-of-omni-gearbox-rc61","status":"publish","type":"product","link":"https:\/\/fmp-components.com\/sl\/product\/rotary-cutter-gearbox-for-rotary-cutter-replacement-of-omni-gearbox-rc61\/","title":{"rendered":"Menjalnik rotacijskega rezalnika za rotacijski rezalnik - zamenjava menjalnika Omni RC61"},"content":{"rendered":"<p><span style=\"font-size: 18pt;\">Menjalnik rotacijskega rezalnika za rotacijski rezalnik \u2013 zamenjava za Omni menjalnik RC61<\/span><\/p>\n<p>Menjalnik rotacijskega rezalnika \u2013 zamenjava za Omni Gearbox RC61 je visokokakovosten in vzdr\u017eljiv menjalnik, zasnovan za zamenjavo Omni Gearbox RC61, ki ponuja brezhibno zdru\u017eljivost in izbolj\u0161ano zmogljivost za rotacijske rezalnike, ki se uporabljajo v kmetijstvu in industriji. Ta nadomestni menjalnik zagotavlja enako zanesljiv prenos mo\u010di in u\u010dinkovitost rezanja kot original, hkrati pa vklju\u010duje sodobne izbolj\u0161ave zasnove za podalj\u0161anje \u017eivljenjske dobe in zmanj\u0161anje stro\u0161kov vzdr\u017eevanja.<\/p>\n<table style=\"border-collapse: collapse; width: 101.281%; height: 21px;\" border=\"0\" width=\"128\" cellspacing=\"0\" cellpadding=\"0\">\n<tbody>\n<tr style=\"height: 13.8pt;\">\n<td style=\"height: 13.8pt; width: 48pt;\" align=\"right\" width=\"64\" height=\"18\"><img loading=\"lazy\" decoding=\"async\" class=\"alignnone size-full wp-image-2251\" src=\"https:\/\/fmp-components.com\/wp-content\/uploads\/2024\/12\/75HP-Rotary-Cutter-Gearbox-1.webp\" alt=\"75 KM-rotacijski-rezalnik-menjalnik\" width=\"800\" height=\"800\" title=\"\" srcset=\"https:\/\/fmp-components.com\/wp-content\/uploads\/2024\/12\/75HP-Rotary-Cutter-Gearbox-1.webp 800w, https:\/\/fmp-components.com\/wp-content\/uploads\/2024\/12\/75HP-Rotary-Cutter-Gearbox-1-480x480.webp 480w\" sizes=\"(min-width: 0px) and (max-width: 480px) 480px, (min-width: 481px) 800px, 100vw\" \/><\/td>\n<td style=\"width: 48pt;\" align=\"right\" width=\"64\"><img loading=\"lazy\" decoding=\"async\" class=\"alignnone size-full wp-image-2252\" src=\"https:\/\/fmp-components.com\/wp-content\/uploads\/2024\/12\/75HP-Rotary-Cutter-Gearbox.webp\" alt=\"75 KM-rotacijski-rezalnik-menjalnik\" width=\"800\" height=\"800\" title=\"\" srcset=\"https:\/\/fmp-components.com\/wp-content\/uploads\/2024\/12\/75HP-Rotary-Cutter-Gearbox.webp 800w, https:\/\/fmp-components.com\/wp-content\/uploads\/2024\/12\/75HP-Rotary-Cutter-Gearbox-480x480.webp 480w\" sizes=\"(min-width: 0px) and (max-width: 480px) 480px, (min-width: 481px) 800px, 100vw\" \/><\/td>\n<\/tr>\n<\/tbody>\n<\/table>\n<ol>\n<li>Neposredna zamenjava za Omni Gearbox RC61<br \/>\nTa nadomestni menjalnik, zasnovan tako, da ustreza specifikacijam Omni RC61, je neposredno primeren za rotacijske rezalnike, ki so bili predhodno opremljeni z menjalnikom Omni. Zagotavlja enostavno namestitev, kar zmanj\u0161a \u010das izpada in zagotovi, da bo va\u0161a oprema hitro spet v uporabi.<\/li>\n<li>Visoka zmogljivost<br \/>\nNadomestni menjalnik je zasnovan tako, da zadosti potrebam po mo\u010di te\u017ekih rotacijskih kosilnic in zagotavlja zanesljivo delovanje pri opravilih, kot so ko\u0161nja, \u010di\u0161\u010denje zemlji\u0161\u010d in ko\u0161nja grmovja. Zagotavlja gladek in u\u010dinkovit prenos mo\u010di iz kardanske gredi traktorja na rezila, kar optimizira operativno u\u010dinkovitost.<\/li>\n<li>Izbolj\u0161ana vzdr\u017eljivost in zmogljivost<br \/>\nNadomestni menjalnik, izdelan iz visoko trdnih in obrabno odpornih materialov, ponuja izbolj\u0161ano vzdr\u017eljivost in dolgo \u017eivljenjsko dobo v primerjavi z originalnim Omni RC61. Zasnovan je tako, da prenese zahtevne kmetijske in industrijske pogoje, vklju\u010dno z neravnim terenom, gosto vegetacijo in neprekinjenim delovanjem, zaradi \u010desar je zanesljiva re\u0161itev za zahtevna opravila.<\/li>\n<li>Izbolj\u0161ano odvajanje toplote<br \/>\nMenjalnik je zasnovan z vrhunskimi zmogljivostmi upravljanja toplote, kar zagotavlja u\u010dinkovito delovanje tudi pri velikih obremenitvah in dolgotrajni uporabi. Izbolj\u0161ano odvajanje toplote zmanj\u0161uje tveganje pregrevanja in podalj\u0161uje \u017eivljenjsko dobo tako menjalnika kot rotacijskega rezalnika, s \u010dimer ohranja vrhunsko zmogljivost skozi ves delovni dan.<\/li>\n<li>Nizko vzdr\u017eevanje in enostavno servisiranje<br \/>\nNadomestni menjalnik je zasnovan za enostavno vzdr\u017eevanje, z dostopnimi mazalnimi mesti in zatesnjenimi le\u017eaji, ki zmanj\u0161ujejo potrebo po pogostem mazanju. Robustna zasnova in u\u010dinkoviti tesnilni mehanizmi \u0161\u010ditijo pred umazanijo, vlago in onesna\u017eevalci, kar zmanj\u0161uje obrabo in pogostost servisnih potreb.<\/li>\n<\/ol>\n<p>Menjalnik rotacijskega rezalnika \u2013 zamenjava za Omni menjalnik RC61 je idealna re\u0161itev za tiste, ki \u017eelijo zamenjati svoj menjalnik Omni RC61, ne da bi pri tem ogrozili zmogljivost ali zanesljivost. Z izbolj\u0161ano vzdr\u017eljivostjo, u\u010dinkovitim prenosom mo\u010di in enostavnimi vzdr\u017eevalnimi funkcijami ta nadomestni menjalnik zagotavlja, da bo va\u0161 rotacijski rezalnik \u0161e naprej deloval optimalno, tudi v najzahtevnej\u0161ih kmetijskih in industrijskih aplikacijah. Ponuja neposredno zamenjavo z izbolj\u0161animi funkcijami, kar zagotavlja minimalen \u010das izpada in dolgotrajno zanesljivost, zaradi \u010desar je idealna izbira za upravljavce, ki od svojih strojev zahtevajo najbolj\u0161e.<\/p>\n<h2>Specifikacije menjalnika rotacijskega rezalnika RC61:<\/h2>\n<p>Model: FMP-RC61<\/p>\n<table border=\"1\" width=\"100%\" cellspacing=\"0\" cellpadding=\"0\">\n<tbody>\n<tr>\n<td class=\"et2\" rowspan=\"2\" width=\"117\" height=\"162\">Navor<\/td>\n<td class=\"et2\" width=\"117\">4.803 \u2013 9.683 lb-in.<\/td>\n<\/tr>\n<tr>\n<td class=\"et2\" width=\"117\">(461 \u2013 1.903 Nm)<\/td>\n<\/tr>\n<tr>\n<td class=\"et2\" width=\"117\" height=\"96\">Razmerja<\/td>\n<td class=\"et2\" width=\"117\">1.21:1, 1:1, 1:1.21, 1:1.46, 1:1.93<\/td>\n<\/tr>\n<tr>\n<td class=\"et2\" width=\"117\" height=\"27\">Vrsta zobnika<\/td>\n<td class=\"et2\" width=\"117\">Po\u0161evnina<\/td>\n<\/tr>\n<tr>\n<td class=\"et2\" width=\"117\" height=\"72\">Vrsta tesnila<\/td>\n<td class=\"et2\" width=\"117\">Trojna vzmetna obremenitev<\/td>\n<\/tr>\n<tr>\n<td class=\"et2\" width=\"117\" height=\"54\">Vrsta le\u017eaja<\/td>\n<td class=\"et2\" width=\"117\">Zo\u017eeni valj<\/td>\n<\/tr>\n<tr>\n<td class=\"et2\" rowspan=\"2\" width=\"117\" height=\"54\">Prostornina olja<\/td>\n<td class=\"et2\" width=\"117\">32 oz.<\/td>\n<\/tr>\n<tr>\n<td class=\"et2\" width=\"117\">(0,95 l)<\/td>\n<\/tr>\n<tr>\n<td class=\"et2\" rowspan=\"2\" width=\"117\" height=\"54\">Te\u017ea<\/td>\n<td class=\"et2\" width=\"117\">81 funtov.<\/td>\n<\/tr>\n<tr>\n<td class=\"et2\" width=\"117\">(36,7 kg)<\/td>\n<\/tr>\n<\/tbody>\n<\/table>\n<p>Menjalnik rotacijskega rezalnika z mo\u010djo 75 KM z vhodno gredjo s 6 utori 1-3\/8\u2033 in prestavnim razmerjem 1:1,46. Lito\u017eelezno ohi\u0161je je zatesnjeno za za\u0161\u010dito zobnikov in le\u017eajev. Monta\u017ena plo\u0161\u010da ima \u0161tiri luknje za vijake, razporejene po kvadratnih razdaljah 5,5\u2033. Dobavlja se brez olja (16 oz 80-90 W)<\/p>\n<p>Menjalnik ima spodnjo prirobnico s pilotnim vstavkom, ki se prilega v pilotno luknjo premera 5-5\/8\u2033 v kosilnici\/rezalnem mehanizmu.<\/p>\n<table style=\"border-collapse: collapse; width: 97.0182%; height: 19px;\" border=\"0\" width=\"128\" cellspacing=\"0\" cellpadding=\"0\">\n<tbody>\n<tr style=\"height: 13.8pt;\">\n<td style=\"height: 19px; width: 49.6183%;\" align=\"right\" width=\"64\" height=\"18\"><img loading=\"lazy\" decoding=\"async\" class=\"alignnone size-full wp-image-2248\" src=\"https:\/\/fmp-components.com\/wp-content\/uploads\/2024\/12\/Rotary-Cutter-Gearbox-Manufacturers-1.webp\" alt=\"Rotacijski rezalnik-menjalniki\" width=\"1173\" height=\"866\" title=\"\" srcset=\"https:\/\/fmp-components.com\/wp-content\/uploads\/2024\/12\/Rotary-Cutter-Gearbox-Manufacturers-1.webp 1173w, https:\/\/fmp-components.com\/wp-content\/uploads\/2024\/12\/Rotary-Cutter-Gearbox-Manufacturers-1-980x724.webp 980w, https:\/\/fmp-components.com\/wp-content\/uploads\/2024\/12\/Rotary-Cutter-Gearbox-Manufacturers-1-480x354.webp 480w\" sizes=\"(min-width: 0px) and (max-width: 480px) 480px, (min-width: 481px) and (max-width: 980px) 980px, (min-width: 981px) 1173px, 100vw\" \/><\/td>\n<td style=\"width: 378.551%; height: 19px;\" align=\"right\" width=\"64\"><img loading=\"lazy\" decoding=\"async\" class=\"alignnone  wp-image-2249\" src=\"https:\/\/fmp-components.com\/wp-content\/uploads\/2024\/12\/Rotary-Cutter-Gearbox-Manufacturers.webp\" alt=\"Rotacijski rezalnik-menjalniki\" width=\"523\" height=\"382\" title=\"\"><\/td>\n<\/tr>\n<\/tbody>\n<\/table>\n<h2>Kardanske gredi za rotacijske rezalnike Menjalniki<\/h2>\n<p>Kardanske gredi za menjalnike rotacijskih rezalnikov igrajo klju\u010dno vlogo pri prenosu mo\u010di iz sistema odvzema mo\u010di (PTO) traktorja na menjalnik rotacijskega rezalnika, kar omogo\u010da u\u010dinkovito delovanje rezil. Te gredi so zasnovane tako, da obvladujejo visok navor in zahtevne pogoje, zna\u010dilne za kmetijsko in industrijsko uporabo, ter zagotavljajo zanesljiv prenos mo\u010di za razli\u010dna opravila rotacijske ko\u0161nje, kot so ko\u0161nja, \u010di\u0161\u010denje zemlji\u0161\u010d in upravljanje vegetacije.<\/p>\n<p>Kardanske gredi so izdelane iz visoko trdnih materialov in so zasnovane za vzdr\u017eljivost ter sposobne prenesti zahtevne pogoje na kmetijskih poljih in v industrijskih okoljih. Njihova robustna konstrukcija zmanj\u0161uje tveganje obrabe in zagotavlja dolgotrajno delovanje z minimalno potrebo po vzdr\u017eevanju ali zamenjavi. Zaradi tega so stro\u0161kovno u\u010dinkovita re\u0161itev za upravljavce, ki i\u0161\u010dejo zanesljivo opremo za te\u017eka dela.<\/p>\n<p>Kardanske gredi za menjalnike rotacijskih rezalnikov so zasnovane z mislijo na vsestranskost in so na voljo v razli\u010dnih velikostih in konfiguracijah, zaradi \u010desar so zdru\u017eljive s \u0161iroko paleto rotacijskih rezalnikov in menjalnikov. Ta univerzalna zdru\u017eljivost zagotavlja, da lahko upravljavci enostavno najdejo primerno gred za svoj specifi\u010dni stroj, kar omogo\u010da brezhibno integracijo z obstoje\u010do opremo brez potrebe po dodatnih modifikacijah.<\/p>\n<p>Kardanske gredi so opremljene z univerzalnimi zglobi, ki omogo\u010dajo nemoten prenos mo\u010di in zmanj\u0161ujejo vibracije med delovanjem. To ne le pove\u010da u\u010dinkovitost rotacijskega rezalnika, temve\u010d tudi zmanj\u0161a obrabo gredi in menjalnika, kar podalj\u0161a \u017eivljenjsko dobo obeh komponent. Poleg tega ti zglobi pomagajo izbolj\u0161ati udobje delovanja z zmanj\u0161anjem vibracij, ki bi sicer lahko povzro\u010dile nelagodje ali po\u0161kodbe opreme.<\/p>\n<p>Pri kardanskih gredeh za menjalnike rotacijskih rezalnikov je varnost na prvem mestu. Opremljene so z za\u0161\u010ditnimi varnostnimi \u0161\u010diti, ki prepre\u010dujejo nenameren stik s premi\u010dnimi deli in s tem zmanj\u0161ujejo tveganje po\u0161kodb med delovanjem. Zaradi enostavne zasnove za vzdr\u017eevanje, vklju\u010dno z dostopnimi mazalnimi mesti, kardanske gredi zahtevajo minimalno vzdr\u017eevanje, kar zagotavlja nemoteno in neprekinjeno delovanje ter brezskrbnost upravljavcev.<\/p>\n<table style=\"border-collapse: collapse; width: 99.75%; height: 84px;\" border=\"0\" width=\"128\" cellspacing=\"0\" cellpadding=\"0\">\n<tbody>\n<tr style=\"height: 13.8pt;\">\n<td style=\"height: 13.8pt; width: 48pt;\" align=\"right\" width=\"64\" height=\"18\"><img loading=\"lazy\" decoding=\"async\" class=\"alignnone size-full wp-image-2247\" src=\"https:\/\/fmp-components.com\/wp-content\/uploads\/2024\/12\/PTO-Shafts-for-Rotary-Cutters-Gearboxes.webp\" alt=\"Kardanske gredi za rotacijske kosilnice in menjalnike\" width=\"800\" height=\"547\" title=\"\" srcset=\"https:\/\/fmp-components.com\/wp-content\/uploads\/2024\/12\/PTO-Shafts-for-Rotary-Cutters-Gearboxes.webp 800w, https:\/\/fmp-components.com\/wp-content\/uploads\/2024\/12\/PTO-Shafts-for-Rotary-Cutters-Gearboxes-480x328.webp 480w\" sizes=\"(min-width: 0px) and (max-width: 480px) 480px, (min-width: 481px) 800px, 100vw\" \/><\/td>\n<td style=\"width: 48pt;\" align=\"right\" width=\"64\"><img loading=\"lazy\" decoding=\"async\" class=\"alignnone size-full wp-image-2246\" src=\"https:\/\/fmp-components.com\/wp-content\/uploads\/2024\/12\/PTO-Shafts-for-Rotary-Cutters-Gearboxes-1.webp\" alt=\"Kardanske gredi za rotacijske kosilnice in menjalnike\" width=\"800\" height=\"547\" title=\"\" srcset=\"https:\/\/fmp-components.com\/wp-content\/uploads\/2024\/12\/PTO-Shafts-for-Rotary-Cutters-Gearboxes-1.webp 800w, https:\/\/fmp-components.com\/wp-content\/uploads\/2024\/12\/PTO-Shafts-for-Rotary-Cutters-Gearboxes-1-480x328.webp 480w\" sizes=\"(min-width: 0px) and (max-width: 480px) 480px, (min-width: 481px) 800px, 100vw\" \/><\/td>\n<\/tr>\n<\/tbody>\n<\/table>\n<article class=\"w-full scroll-mb-[var(--thread-trailing-height,150px)] text-token-text-primary focus-visible:outline-2 focus-visible:outline-offset-[-4px]\" dir=\"auto\" data-testid=\"conversation-turn-20\" data-scroll-anchor=\"false\">\n<div class=\"m-auto text-base py-[18px] px-3 md:px-4 w-full md:px-5 lg:px-4 xl:px-5\">\n<div class=\"mx-auto flex flex-1 gap-4 text-base md:gap-5 lg:gap-6 md:max-w-3xl lg:max-w-[40rem] xl:max-w-[48rem]\">\n<div class=\"group\/conversation-turn relative flex w-full min-w-0 flex-col\">\n<div class=\"flex-col gap-1 md:gap-3\">\n<div class=\"flex max-w-full flex-col flex-grow\">\n<div class=\"min-h-8 text-message flex w-full flex-col items-end gap-2 whitespace-normal break-words text-start [.text-message+&amp;]:mt-5\" dir=\"auto\" data-message-author-role=\"user\" data-message-id=\"aaa27fd9-49dc-4708-a221-af5ead1cb429\">\n<div class=\"flex w-full flex-col gap-1 empty:hidden items-end rtl:items-start\">\n<div class=\"relative max-w-[var(--user-chat-width,70%)] rounded-3xl bg-token-message-surface px-5 py-2.5\">\n<h2 class=\"whitespace-pre-wrap\">Rotacijski rezalni menjalnik, ki se uporablja v kmetijstvu<\/h2>\n<\/div>\n<\/div>\n<\/div>\n<\/div>\n<\/div>\n<\/div>\n<\/div>\n<\/div>\n<\/article>\n<article class=\"w-full scroll-mb-[var(--thread-trailing-height,150px)] text-token-text-primary focus-visible:outline-2 focus-visible:outline-offset-[-4px]\" dir=\"auto\" data-testid=\"conversation-turn-21\" data-scroll-anchor=\"true\">\n<div class=\"m-auto text-base py-[18px] px-3 md:px-4 w-full md:px-5 lg:px-4 xl:px-5\">\n<div class=\"mx-auto flex flex-1 gap-4 text-base md:gap-5 lg:gap-6 md:max-w-3xl lg:max-w-[40rem] xl:max-w-[48rem]\">\n<div class=\"group\/conversation-turn relative flex w-full min-w-0 flex-col agent-turn\">\n<div class=\"flex-col gap-1 md:gap-3\">\n<div class=\"flex max-w-full flex-col flex-grow\">\n<div class=\"min-h-8 text-message flex w-full flex-col items-end gap-2 whitespace-normal break-words text-start [.text-message+&amp;]:mt-5\" dir=\"auto\" data-message-author-role=\"assistant\" data-message-id=\"3f3b9200-b56c-4000-a794-05c47b9c7c81\" data-message-model-slug=\"gpt-4o\">\n<div class=\"flex w-full flex-col gap-1 empty:hidden first:pt-[3px]\">\n<div class=\"markdown prose w-full break-words dark:prose-invert light\">\n<p>Menjalnik rotacijskega rezalnika igra klju\u010dno vlogo v kmetijski mehanizaciji, zlasti pri rotacijskih rezalnikih, ki se uporabljajo za ko\u0161njo, \u010di\u0161\u010denje zemlji\u0161\u010d in upravljanje vegetacije. Ta menjalnik u\u010dinkovito prena\u0161a mo\u010d iz sistema kardanske gredi (PTO) traktorja na rezila rotacijskega rezalnika, kar zagotavlja nemoteno delovanje in u\u010dinkovito ko\u0161njo v \u0161irokem naboru kmetijskih aplikacij.<\/p>\n<ol>\n<li>Zmogljiva in u\u010dinkovita zmogljivost<br \/>\nMenjalniki rotacijskih rezalnikov so zasnovani za delo z veliko konjskimi mo\u010dmi, zaradi \u010desar so primerni za te\u017eka kmetijska opravila. U\u010dinkovito pretvarjajo mo\u010d kardanske gredi traktorja v rotacijsko silo za rezila, kar zagotavlja visoko zmogljivost tudi v gosti ali trdi vegetaciji. Ta prenos mo\u010di zmanj\u0161uje izgube energije in optimizira u\u010dinkovitost ko\u0161nje, kar zmanj\u0161uje porabo goriva in obratovalne stro\u0161ke.<\/li>\n<li>Vzdr\u017eljivost in zanesljivost<br \/>\nKmetijska okolja so lahko zahtevna, z neravnim terenom in stalno izpostavljenostjo elementom, kot so umazanija, vlaga in kemikalije. Menjalniki rotacijskih rezalnikov so izdelani tako, da prenesejo te pogoje, z vzdr\u017eljivo konstrukcijo in materiali, ki so odporni proti obrabi in koroziji. Njihova robustna zasnova zagotavlja dolgoro\u010dno zanesljivost in manj\u0161e potrebe po vzdr\u017eevanju, zaradi \u010desar so idealni za kmete in upravljavce, ki se na stroje zana\u0161ajo dlje \u010dasa.<\/li>\n<li>Vsestranskost v kmetijskih operacijah<br \/>\nMenjalniki rotacijskih kosilnic so vsestranski in se lahko uporabljajo v razli\u010dnih kmetijskih aplikacijah, vklju\u010dno s ko\u0161njo velikih polj, odstranjevanjem plevela in grmovja, urejanjem trave in vzdr\u017eevanjem obcestnih povr\u0161in. Te menjalnike je mogo\u010de prilagoditi razli\u010dnim modelom rotacijskih kosilnic, zaradi \u010desar so prilagodljiva re\u0161itev za \u0161irok spekter kmetijskih in vzdr\u017eevalnih opravil.<\/li>\n<li>Enostavnost vzdr\u017eevanja<br \/>\nRedno vzdr\u017eevanje menjalnika rotacijskega rezalnika je bistvenega pomena za podalj\u0161anje njegove \u017eivljenjske dobe in zmogljivosti. Ti menjalniki so zasnovani za enostavno vzdr\u017eevanje, z dostopnimi mazalnimi mesti in zatesnjenimi le\u017eaji, ki zahtevajo minimalno mazanje. Poleg tega imajo \u0161tevilni modeli za\u0161\u010ditne funkcije za zmanj\u0161anje vdora ostankov in onesna\u017eevalcev, kar zagotavlja bolj gladko delovanje in zmanj\u0161uje pogostost popravil ali zamenjav.<\/li>\n<li>Varnost in za\u0161\u010dita<br \/>\nMenjalniki kmetijskih rotacijskih rezalnikov so opremljeni z varnostnimi funkcijami, kot je za\u0161\u010dita pred preobremenitvijo, ki zagotavlja, da menjalnik ostane delujo\u010d tudi pri velikih obremenitvah, ne da bi pri tem tvegali po\u0161kodbe. Poleg tega so ti menjalniki pogosto opremljeni z varnostnimi \u0161\u010diti ali za\u0161\u010ditnimi \u0161\u010diti za za\u0161\u010dito upravljavcev pred gibljivimi deli, kar prispeva k varnej\u0161emu delovnemu okolju.<\/li>\n<\/ol>\n<p>Menjalnik rotacijskega rezalnika je bistvena komponenta sodobne kmetijske mehanizacije, ki zagotavlja mo\u010d in vzdr\u017eljivost, potrebno za razli\u010dna opravila ko\u0161nje. Z u\u010dinkovitim prenosom mo\u010di, robustno konstrukcijo in enostavnim vzdr\u017eevanjem ti menjalniki zagotavljajo, da rotacijski rezalniki delujejo z najve\u010djo zmogljivostjo dlje \u010dasa, zaradi \u010desar so dragoceno orodje za kmete in upravljavce zemlji\u0161\u010d. Ne glede na to, ali se uporablja za ko\u0161njo, \u010di\u0161\u010denje zemlji\u0161\u010d ali upravljanje vegetacije, menjalnik rotacijskega rezalnika prispeva k izbolj\u0161ani produktivnosti, zmanj\u0161anim obratovalnim stro\u0161kom in ve\u010dji varnosti pri kmetijskih dejavnostih.<\/p>\n<table style=\"border-collapse: collapse; width: 100.734%; height: 112px;\" border=\"0\" width=\"128\" cellspacing=\"0\" cellpadding=\"0\">\n<tbody>\n<tr style=\"height: 13.8pt;\">\n<td style=\"height: 13.8pt; width: 48pt;\" align=\"right\" width=\"64\" height=\"18\"><img loading=\"lazy\" decoding=\"async\" class=\"alignnone size-full wp-image-2244\" src=\"https:\/\/fmp-components.com\/wp-content\/uploads\/2024\/12\/RC61-75HP-Rotary-Cutter-Gearbox-Features-1.webp\" alt=\"Zna\u010dilnosti menjalnika rotacijskega rezalnika RC61-75HP\" width=\"1024\" height=\"768\" title=\"\" srcset=\"https:\/\/fmp-components.com\/wp-content\/uploads\/2024\/12\/RC61-75HP-Rotary-Cutter-Gearbox-Features-1.webp 1024w, https:\/\/fmp-components.com\/wp-content\/uploads\/2024\/12\/RC61-75HP-Rotary-Cutter-Gearbox-Features-1-980x735.webp 980w, https:\/\/fmp-components.com\/wp-content\/uploads\/2024\/12\/RC61-75HP-Rotary-Cutter-Gearbox-Features-1-480x360.webp 480w\" sizes=\"(min-width: 0px) and (max-width: 480px) 480px, (min-width: 481px) and (max-width: 980px) 980px, (min-width: 981px) 1024px, 100vw\" \/><\/td>\n<td style=\"width: 48pt;\" align=\"right\" width=\"64\"><img loading=\"lazy\" decoding=\"async\" class=\"alignnone size-full wp-image-2245\" src=\"https:\/\/fmp-components.com\/wp-content\/uploads\/2024\/12\/RC61-75HP-Rotary-Cutter-Gearbox-Features-2.webp\" alt=\"Zna\u010dilnosti menjalnika rotacijskega rezalnika RC61-75HP\" width=\"1024\" height=\"768\" title=\"\" srcset=\"https:\/\/fmp-components.com\/wp-content\/uploads\/2024\/12\/RC61-75HP-Rotary-Cutter-Gearbox-Features-2.webp 1024w, https:\/\/fmp-components.com\/wp-content\/uploads\/2024\/12\/RC61-75HP-Rotary-Cutter-Gearbox-Features-2-980x735.webp 980w, https:\/\/fmp-components.com\/wp-content\/uploads\/2024\/12\/RC61-75HP-Rotary-Cutter-Gearbox-Features-2-480x360.webp 480w\" sizes=\"(min-width: 0px) and (max-width: 480px) 480px, (min-width: 481px) and (max-width: 980px) 980px, (min-width: 981px) 1024px, 100vw\" \/><\/td>\n<\/tr>\n<\/tbody>\n<\/table>\n<h3>O FMP-ju<\/h3>\n<p>FMP s sede\u017eem v Italiji je vodilni proizvajalec, znan po svojem strokovnem znanju na podro\u010dju na\u010drtovanja, razvoja in proizvodnje visokozmogljivih menjalnikov, s posebnim poudarkom na sektorju kmetijske mehanizacije. Z ugledom na podro\u010dju natan\u010dnega in\u017eeniringa, inovativnih re\u0161itev in neomajne zanesljivosti je FMP postal zaupanja vreden partner pri re\u0161evanju razvijajo\u010dih se potreb tako kmetijskega kot industrijskega sektorja. Na\u0161a raznolika ponudba izdelkov vklju\u010duje specializirane menjalnike za kosilnice, kardanske gredi in druge bistvene komponente, ki so vse skrbno zasnovane za zagotavljanje prilagojenih re\u0161itev za \u0161irok spekter uporabe.<\/p>\n<p>Pri FMP razumemo, da ima vsaka stranka edinstvene zahteve in izzive. Zato smo specializirani za ponujanje re\u0161itev po meri, bodisi za posamezne komponente bodisi za popolnoma integrirane sisteme. Tesno sodelujemo z na\u0161imi strankami, da zagotovimo, da je vsaka re\u0161itev ne le u\u010dinkovita, ampak tudi uspe\u0161na, kar optimizira tako zmogljivost kot vrednost. Na\u0161a zavezanost hitrim in profesionalnim odgovorom, skupaj s strokovnim vodenjem, zagotavlja, da se vsako povpra\u0161evanje obravnava z najve\u010djo skrbnostjo in natan\u010dnostjo, kar vodi do najbolj\u0161ih mo\u017enih rezultatov.<\/p>\n<p>V celotnem procesu razvoja izdelkov dajemo prednost odprti in stalni komunikaciji. Na\u0161a predana ekipa sodeluje neposredno s strankami, da bi v celoti razumela njihove specifi\u010dne potrebe, in jim ponuja dragocene vpoglede in priporo\u010dila za zagotavljanje optimalnih re\u0161itev. Ne glede na to, ali oblikujemo inovativne izdelke ali izpolnjujemo teko\u010da naro\u010dila, je FMP zavezan k zagotavljanju visokokakovostnih, natan\u010dno izdelanih re\u0161itev pravo\u010dasno in vsaki\u010d. Na\u0161 cilj je strankam zagotoviti najbolj\u0161o storitev in rezultate, ki pri vsakem projektu presegajo pri\u010dakovanja.<\/p>\n<p>Kakovost je temelj poslovanja podjetja FMP. Dr\u017eimo se najvi\u0161jih proizvodnih standardov in izvajamo stroge ukrepe nadzora kakovosti, da zagotovimo, da vsak izdelek ne le izpolnjuje, ampak tudi presega industrijske standarde. Ta neomajna zavezanost kakovosti, skupaj z na\u0161imi temeljnimi vrednotami integritete, timskega dela in vztrajnosti, nam je omogo\u010dila, da smo s strankami v skoraj 30 dr\u017eavah po vsem svetu zgradili dolgotrajne, na zaupanju temelje\u010de odnose.<\/p>\n<p>FMP je vedno odprt za spodbujanje globalnih partnerstev in ostaja predan ponujanju strokovnih nasvetov in prilagojenih re\u0161itev, ki ustrezajo raznolikim potrebam na\u0161ih strank. Gremo dlje od zgolj dobave izdelkov; na\u0161 cilj je graditi trajne odnose, ki prispevajo k uspehu vsakega projekta. Ne glede na to, ali potrebujete inovativne re\u0161itve za novo pobudo ali stalno podporo za obstoje\u010di sistem, je FMP tukaj, da se spopade z va\u0161imi tehni\u010dnimi izzivi in \u200b\u200bzagotovi va\u0161 nadaljnji uspeh.<\/p>\n<p><img loading=\"lazy\" decoding=\"async\" class=\"alignnone size-full wp-image-1861\" src=\"https:\/\/fmp-components.com\/wp-content\/uploads\/2024\/12\/Other-Agricultural-Gearboxes.webp\" sizes=\"(min-width: 0px) and (max-width: 480px) 480px, (min-width: 481px) and (max-width: 980px) 980px, (min-width: 981px) 1200px, 100vw\" srcset=\"https:\/\/fmp-components.com\/wp-content\/uploads\/2024\/12\/Other-Agricultural-Gearboxes.webp 1200w, https:\/\/fmp-components.com\/wp-content\/uploads\/2024\/12\/Other-Agricultural-Gearboxes-980x1143.webp 980w, https:\/\/fmp-components.com\/wp-content\/uploads\/2024\/12\/Other-Agricultural-Gearboxes-480x560.webp 480w\" alt=\"Altri-cambi-agricoli\" width=\"1200\" height=\"1400\" title=\"\"><\/p>\n<p>Avtor: CX<\/p>\n<\/div>\n<\/div>\n<\/div>\n<\/div>\n<\/div>\n<\/div>\n<\/div>\n<\/div>\n<\/article>","protected":false},"excerpt":{"rendered":"<p>Rotary Cutter Gearbox for Rotary Cutter \u2013 Replacement for Omni Gearbox RC61 The Rotary Cutter Gearbox for Rotary Cutter \u2013 Replacement for Omni Gearbox RC61 is a high-quality, durable gearbox designed to replace the Omni Gearbox RC61, offering seamless compatibility and enhanced performance for rotary cutters used in agricultural and industrial applications. This replacement gearbox [&hellip;]<\/p>","protected":false},"featured_media":2243,"comment_status":"open","ping_status":"closed","template":"","meta":{"_et_pb_use_builder":"","_et_pb_old_content":"","_et_gb_content_width":""},"product_brand":[],"product_cat":[56],"product_tag":[],"class_list":{"0":"post-2237","1":"product","2":"type-product","3":"status-publish","4":"has-post-thumbnail","6":"product_cat-rotary-cutter-gearbox","8":"first","9":"instock","10":"shipping-taxable","11":"product-type-simple"},"_links":{"self":[{"href":"https:\/\/fmp-components.com\/sl\/wp-json\/wp\/v2\/product\/2237","targetHints":{"allow":["GET"]}}],"collection":[{"href":"https:\/\/fmp-components.com\/sl\/wp-json\/wp\/v2\/product"}],"about":[{"href":"https:\/\/fmp-components.com\/sl\/wp-json\/wp\/v2\/types\/product"}],"replies":[{"embeddable":true,"href":"https:\/\/fmp-components.com\/sl\/wp-json\/wp\/v2\/comments?post=2237"}],"wp:featuredmedia":[{"embeddable":true,"href":"https:\/\/fmp-components.com\/sl\/wp-json\/wp\/v2\/media\/2243"}],"wp:attachment":[{"href":"https:\/\/fmp-components.com\/sl\/wp-json\/wp\/v2\/media?parent=2237"}],"wp:term":[{"taxonomy":"product_brand","embeddable":true,"href":"https:\/\/fmp-components.com\/sl\/wp-json\/wp\/v2\/product_brand?post=2237"},{"taxonomy":"product_cat","embeddable":true,"href":"https:\/\/fmp-components.com\/sl\/wp-json\/wp\/v2\/product_cat?post=2237"},{"taxonomy":"product_tag","embeddable":true,"href":"https:\/\/fmp-components.com\/sl\/wp-json\/wp\/v2\/product_tag?post=2237"}],"curies":[{"name":"delovni list","href":"https:\/\/api.w.org\/{rel}","templated":true}]}}