{"id":2218,"date":"2024-12-31T01:15:47","date_gmt":"2024-12-31T01:15:47","guid":{"rendered":"https:\/\/fmp-components.com\/?page_id=8"},"modified":"2024-12-31T01:49:51","modified_gmt":"2024-12-31T01:49:51","slug":"rotary-cutter-gearboxes-replacement-of-omni-code-rc-27-gearbox","status":"publish","type":"product","link":"https:\/\/fmp-components.com\/sl\/product\/rotary-cutter-gearboxes-replacement-of-omni-code-rc-27-gearbox\/","title":{"rendered":"Menjalniki rotacijskih rezalnikov \u2013 zamenjava menjalnika Omni Code RC-27"},"content":{"rendered":"<p style=\"text-align: center;\"><span style=\"font-size: 18pt;\">Menjalnik rotacijskega rezalnika \u2013 zamenjava menjalnika Omni Code RC-27<\/span><\/p>\n<p>Menjalnik rotacijskega rezalnika RC-27 je visokozmogljiv menjalnik, zasnovan za zanesljiv in u\u010dinkovit prenos mo\u010di za rotacijske rezalnike, ki se uporabljajo pri kmetijskih in vzdr\u017eevalnih opravilih. Ta nadomestni menjalnik je idealna re\u0161itev za zamenjavo menjalnika Omni Code RC-27, ki zagotavlja, da va\u0161 rotacijski rezalnik \u0161e naprej deluje z optimalno u\u010dinkovitostjo.<\/p>\n<p><img loading=\"lazy\" decoding=\"async\" class=\"size-full wp-image-2221 aligncenter\" src=\"https:\/\/fmp-components.com\/wp-content\/uploads\/2024\/12\/Rotary-Cutter-Gearboxes-Replacement-of-Omni-Code-RC-27-Gearbox.webp\" alt=\"Zamenjava menjalnika rotacijskega rezalnika Omni Code RC-27\" width=\"500\" height=\"500\" title=\"\" srcset=\"https:\/\/fmp-components.com\/wp-content\/uploads\/2024\/12\/Rotary-Cutter-Gearboxes-Replacement-of-Omni-Code-RC-27-Gearbox.webp 500w, https:\/\/fmp-components.com\/wp-content\/uploads\/2024\/12\/Rotary-Cutter-Gearboxes-Replacement-of-Omni-Code-RC-27-Gearbox-480x480.webp 480w\" sizes=\"(min-width: 0px) and (max-width: 480px) 480px, (min-width: 481px) 500px, 100vw\" \/><\/p>\n<h3>Klju\u010dne lastnosti:<\/h3>\n<ul>\n<li>Visoka navorna zmogljivost: Menjalnik RC-27, zasnovan za zahtevne ko\u0161nje, zagotavlja potreben navor za delo skozi gosto grmovje, gosto travo in drugo trdo rastlinje.<\/li>\n<li>Vzdr\u017eljivost: Menjalnik RC-27 je izdelan iz robustnih, visoko trdnih materialov in ponuja dolgotrajno delovanje tudi v te\u017ekih delovnih pogojih, kar zmanj\u0161uje \u010das izpada.<\/li>\n<li>Natan\u010den prenos mo\u010di: Menjalnik je zasnovan za gladek in u\u010dinkovit prenos mo\u010di s traktorja na rezila rotacijske kosilnice, kar zagotavlja enakomerno hitrost rezila in u\u010dinkovitost ko\u0161nje.<\/li>\n<li>Vsestranskost: Menjalnik RC-27 je zdru\u017eljiv s \u0161iroko paleto modelov rotacijskih rezalnikov in je idealna zamenjava za Omni Code RC-27, saj ponuja brezhibno prileganje va\u0161i obstoje\u010di opremi.<\/li>\n<li>Enostavno vzdr\u017eevanje: Z enostavno zasnovo in enostavno dostopnimi komponentami menjalnik RC-27 poenostavlja rutinsko vzdr\u017eevanje, kar zagotavlja manj izpadov in u\u010dinkovitej\u0161e delovanje.<\/li>\n<\/ul>\n<p>Nadgradite svoj rotacijski rezalni stroj z menjalnikom rotacijskega rezalnika RC-27 za zanesljivo in u\u010dinkovito delovanje pri zahtevnih kmetijskih in zemlji\u0161ko-upravljalskih opravilih.<\/p>\n<h2>Specifikacije menjalnika rotacijskega rezalnika RC27<\/h2>\n<table style=\"width: 98.8984%; height: 384px;\" border=\"1\" cellspacing=\"0\" cellpadding=\"0\">\n<tbody>\n<tr>\n<td style=\"width: 31.0383%;\">Model:<\/td>\n<td style=\"width: 68.8525%;\">Menjalnik rotacijskega rezalnika FMP-RC27<\/td>\n<\/tr>\n<tr>\n<td style=\"width: 31.0383%;\">Mo\u010d:<\/td>\n<td style=\"width: 68.8525%;\">23 \u2013 53 KM<br \/>\n17 \u2013 40 kW<\/td>\n<\/tr>\n<tr>\n<td style=\"width: 31.0383%;\">Navor<\/td>\n<td style=\"width: 68.8525%;\">2.683 \u2013 6.183 lb-in.<br \/>\n(303\u2013698 Nm)<\/td>\n<\/tr>\n<tr>\n<td style=\"width: 31.0383%;\">Razmerja<\/td>\n<td style=\"width: 68.8525%;\">1:2.5, 1:2.83<\/td>\n<\/tr>\n<tr>\n<td style=\"width: 31.0383%;\">Vrsta zobnika<\/td>\n<td style=\"width: 68.8525%;\">Po\u0161evnina<\/td>\n<\/tr>\n<tr>\n<td style=\"width: 31.0383%;\">Vrsta tesnila<\/td>\n<td style=\"width: 68.8525%;\">Dvojna vzmetna obremenitev<\/td>\n<\/tr>\n<tr>\n<td style=\"width: 31.0383%;\">Prostornina olja<\/td>\n<td style=\"width: 68.8525%;\">20 oz.<br \/>\n(0,59 l)<\/td>\n<\/tr>\n<tr>\n<td style=\"width: 31.0383%;\">Te\u017ea<\/td>\n<td style=\"width: 68.8525%;\">47 funtov.<br \/>\n(21,3 kg)<\/td>\n<\/tr>\n<tr>\n<td style=\"width: 31.0383%;\">\u00a0Uporaba:<\/td>\n<td style=\"width: 68.8525%;\">Zaklju\u010dne kosilnice<br \/>\nRotacijski rezalniki<br \/>\nRotacijski rezalniki<\/td>\n<\/tr>\n<\/tbody>\n<\/table>\n<h2>Zna\u010dilnosti menjalnika rotacijskega rezalnika RC27<\/h2>\n<p>Menjalnik rotacijskega rezalnika RC27 je zasnovan za robusten, zanesljiv in u\u010dinkovit prenos mo\u010di za rotacijske rezalnike, ki se uporabljajo v kmetijstvu in vzdr\u017eevanju zemlji\u0161\u010d. Zgrajen je posebej za zahtevne naloge ko\u0161nje, od \u010di\u0161\u010denja gostega grmovja do ko\u0161nje velikih povr\u0161in. Klju\u010dne zna\u010dilnosti menjalnika rotacijskega rezalnika RC27 so:<\/p>\n<p><strong>Visok navor<\/strong><\/p>\n<p>Menjalnik RC27 zagotavlja visok navor, kar omogo\u010da hitro ko\u0161njo goste vegetacije, goste trave in gostega grmovja. Zaradi tega je primeren tako za lahka kot te\u017eka opravila ko\u0161nje, kar zagotavlja dosledno in mo\u010dno delovanje.<\/p>\n<p><strong>Trpe\u017ena konstrukcija<\/strong><\/p>\n<p>Menjalnik RC27 je izdelan iz visokokakovostnih, proti obrabi odpornih materialov in je zasnovan za dolgotrajno vzdr\u017eljivost, tudi v najte\u017ejih delovnih pogojih. Robustno ohi\u0161je in natan\u010dno izdelane komponente zagotavljajo, da je odporen na zahtevna okolja, kar zmanj\u0161uje tveganje okvare in podalj\u0161uje \u017eivljenjsko dobo va\u0161ega rotacijskega rezalnika.<\/p>\n<p><strong>U\u010dinkovit prenos mo\u010di<\/strong><\/p>\n<p>Menjalnik RC27 zagotavlja u\u010dinkovit prenos mo\u010di iz traktorja na rezila rotacijske kosilnice, kar optimizira u\u010dinkovitost rezanja. Pomaga ohranjati konstantno hitrost rezila, izbolj\u0161uje u\u010dinkovitost rezanja in zagotavlja visokokakovosten zaklju\u010dek za razli\u010dna opravila.<\/p>\n<p><strong>Vsestranskost in zdru\u017eljivost<\/strong><\/p>\n<p>Menjalnik RC27 je zdru\u017eljiv s \u0161iroko paleto modelov rotacijskih rezalnikov, zaradi \u010desar je odli\u010dna zamenjava za obstoje\u010de menjalnike Omni Code RC-27. Njegova vsestranska zasnova zagotavlja enostavno integracijo v razli\u010dne vrste opreme, kar zagotavlja zanesljivo in stro\u0161kovno u\u010dinkovito re\u0161itev.<\/p>\n<p><strong>Enostavno vzdr\u017eevanje<\/strong><\/p>\n<p>Menjalnik RC27 je zaradi uporabniku prijazne zasnove enostaven za vzdr\u017eevanje in servisiranje. Njegove komponente so lahko dostopne, kar omogo\u010da enostavno izvajanje rutinskih vzdr\u017eevalnih del, kot so mazanje in pregledi. To zmanj\u0161a \u010das izpada in zagotavlja, da menjalnik ostane v odli\u010dnem delovnem stanju.<\/p>\n<p><strong>Odvajanje toplote<\/strong><\/p>\n<p>Menjalnik RC27 je zasnovan z mislijo na upravljanje toplote in je zasnovan tako, da prenese visoke temperature, ki se lahko pojavijo med dolgotrajno uporabo. Njegov u\u010dinkovit sistem za odvajanje toplote zagotavlja nemoteno delovanje menjalnika, tudi pod velikimi obremenitvami, kar prepre\u010duje pregrevanje in izbolj\u0161uje zmogljivost.<\/p>\n<p>Menjalnik rotacijskega rezalnika RC27 je visokozmogljiv, vzdr\u017eljiv in vsestranski menjalnik, ki zagotavlja zanesljivo mo\u010d za rotacijske rezalnike, zaradi \u010desar je odli\u010dna izbira tako za komercialno kot kmetijsko uporabo.<\/p>\n<p><img loading=\"lazy\" decoding=\"async\" class=\"alignnone size-full wp-image-2215\" src=\"https:\/\/fmp-components.com\/wp-content\/uploads\/2024\/12\/Rotary-Cutter-Gearbox1.webp\" alt=\"Rotacijski rezalnik menjalnika\" width=\"1279\" height=\"761\" title=\"\" srcset=\"https:\/\/fmp-components.com\/wp-content\/uploads\/2024\/12\/Rotary-Cutter-Gearbox1.webp 1279w, https:\/\/fmp-components.com\/wp-content\/uploads\/2024\/12\/Rotary-Cutter-Gearbox1-980x583.webp 980w, https:\/\/fmp-components.com\/wp-content\/uploads\/2024\/12\/Rotary-Cutter-Gearbox1-480x286.webp 480w\" sizes=\"(min-width: 0px) and (max-width: 480px) 480px, (min-width: 481px) and (max-width: 980px) 980px, (min-width: 981px) 1279px, 100vw\" \/><\/p>\n<h2>Menjalnik rotacijske kosilnice v primerjavi z menjalnikom rotacijske kosilnice<\/h2>\n<ol>\n<li><strong>Namen in uporaba<\/strong><br \/>\nMenjalniki rotacijskih rezalnikov in menjalniki rotacijskih kosilnic imajo podobne funkcije, vendar so zasnovani za razli\u010dne vrste dela. <strong>menjalnik rotacijskega rezalnika<\/strong> se obi\u010dajno uporablja za te\u017eka opravila, kot je \u010di\u0161\u010denje gostega grmovja, visoke trave in lesnatega rastlinja, zaradi \u010desar je idealen za \u010di\u0161\u010denje zemlji\u0161\u010d, kmetijstvo in druga zahtevna dela. Nasprotno pa se <strong>menjalnik rotacijske kosilnice<\/strong> se obi\u010dajno uporablja za la\u017eja opravila ko\u0161nje, kot je vzdr\u017eevanje trate, parkov in igri\u0161\u010d za golf, kjer je vegetacija manj gosta.<\/li>\n<li><strong>Oblika in vzdr\u017eljivost<\/strong><br \/>\nThe <strong>menjalnik rotacijskega rezalnika<\/strong> je izdelan iz robustnej\u0161ih, te\u017ejih komponent, zasnovanih tako, da prenesejo visoke obremenitve, ki nastanejo med grobim rezanjem. Ti menjalniki imajo obi\u010dajno mo\u010dnej\u0161e ohi\u0161je in ve\u010dje zobnike za obvladovanje ve\u010djega navora in prepre\u010devanje po\u0161kodb pri rezanju trdih materialov. Po drugi strani pa <strong>menjalniki rotacijskih kosilnic<\/strong> so obi\u010dajno la\u017eji in manj robustni, s poudarkom na zagotavljanju bolj gladke mo\u010di za manj zahtevne, finej\u0161e reze. Pogosto imajo enostavnej\u0161o zasnovo z ni\u017ejo navorno zmogljivostjo.<\/li>\n<li><strong>Navor in hitrost<\/strong><br \/>\nKar zadeva uspe\u0161nost, <strong>menjalniki rotacijskih rezalnikov<\/strong> so zasnovani za zagotavljanje visokega navora, kar jim omogo\u010da, da se brez zastojev lotijo \u200b\u200brezanja gostih materialov. Vi\u0161ji navor pomaga rotacijskemu rezalniku ohranjati dosledno zmogljivost rezanja v zahtevnih pogojih. Medtem <strong>menjalniki rotacijskih kosilnic<\/strong> so zasnovane tako, da zagotavljajo hitrej\u0161o hitrost rezil z ni\u017ejim navorom, kar jih optimizira za enakomernej\u0161e ko\u0161nje mehkej\u0161e in tanj\u0161e vegetacije. Pri kosilnicah je poudarek bolj na hitrosti in natan\u010dnosti kot na surovi mo\u010di, potrebni za \u010di\u0161\u010denje debelej\u0161e vegetacije.<\/li>\n<li><strong>Vzdr\u017eevanje in dolgo\u017eivost<\/strong><br \/>\nKer <strong>menjalniki rotacijskih rezalnikov<\/strong> so zasnovani za zahtevnej\u0161e naloge, so obi\u010dajno bolj robustni, zahtevajo manj pogosto vzdr\u017eevanje in ponujajo dalj\u0161o \u017eivljenjsko dobo pri intenzivni uporabi. Ti menjalniki imajo pogosto trpe\u017ena tesnila in hladilne sisteme, ki prenesejo vro\u010dino in obremenitve zaradi neprekinjenega delovanja v te\u017ekih pogojih. <strong>Menjalniki rotacijskih kosilnic<\/strong>V primerjavi s tem lahko zahtevajo pogostej\u0161e vzdr\u017eevanje zaradi la\u017eje konstrukcije in vi\u0161jih obratovalnih hitrosti. Na splo\u0161no jih je la\u017eje vzdr\u017eevati, vendar imajo lahko kraj\u0161o \u017eivljenjsko dobo, \u010de se uporabljajo v bolj zahtevnih aplikacijah.<\/li>\n<li><strong>Stro\u0161ki in u\u010dinkovitost<\/strong><br \/>\nObi\u010dajno, <strong>menjalniki rotacijskih rezalnikov<\/strong> so dra\u017eji zaradi svoje robustne zasnove in sposobnosti opravljanja zahtevnej\u0161ih del. Vendar pa so za uporabnike, ki pogosto \u010distijo zemlji\u0161\u010da ali ko\u0161njo grmovja, zaradi svoje vzdr\u017eljivosti in zmogljivosti dolgoro\u010dno stro\u0161kovno u\u010dinkovita izbira. Nasprotno pa, <strong>menjalniki rotacijskih kosilnic<\/strong> So cenej\u0161i in u\u010dinkovitej\u0161i za vzdr\u017eevanje trate in ru\u0161evin, saj zagotavljajo dobro ravnovesje med zmogljivostjo in stro\u0161ki za la\u017eja dela. Idealni so za stranke, ki potrebujejo u\u010dinkovitost in natan\u010dnost brez dodatnih stro\u0161kov za mo\u010dan menjalnik.<\/li>\n<\/ol>\n<table border=\"1\" cellspacing=\"0\" cellpadding=\"0\">\n<tbody>\n<tr>\n<td><img loading=\"lazy\" decoding=\"async\" class=\"alignnone size-full wp-image-2223\" src=\"https:\/\/fmp-components.com\/wp-content\/uploads\/2024\/12\/Rotary-Cutter-Gearbox-Vs-Rotary-Mower-Gearbox-61.webp\" alt=\"Menjalnik rotacijske kosilnice v primerjavi z menjalnikom rotacijske kosilnice\" width=\"1500\" height=\"1000\" title=\"\" srcset=\"https:\/\/fmp-components.com\/wp-content\/uploads\/2024\/12\/Rotary-Cutter-Gearbox-Vs-Rotary-Mower-Gearbox-61.webp 1500w, https:\/\/fmp-components.com\/wp-content\/uploads\/2024\/12\/Rotary-Cutter-Gearbox-Vs-Rotary-Mower-Gearbox-61-1280x853.webp 1280w, https:\/\/fmp-components.com\/wp-content\/uploads\/2024\/12\/Rotary-Cutter-Gearbox-Vs-Rotary-Mower-Gearbox-61-980x653.webp 980w, https:\/\/fmp-components.com\/wp-content\/uploads\/2024\/12\/Rotary-Cutter-Gearbox-Vs-Rotary-Mower-Gearbox-61-480x320.webp 480w\" sizes=\"(min-width: 0px) and (max-width: 480px) 480px, (min-width: 481px) and (max-width: 980px) 980px, (min-width: 981px) and (max-width: 1280px) 1280px, (min-width: 1281px) 1500px, 100vw\" \/><\/td>\n<td><img loading=\"lazy\" decoding=\"async\" class=\"alignnone size-full wp-image-2222\" src=\"https:\/\/fmp-components.com\/wp-content\/uploads\/2024\/12\/Rotary-Cutter-Gearbox-Vs-Rotary-Mower-Gearbox-71.webp\" alt=\"Menjalnik rotacijske kosilnice v primerjavi z menjalnikom rotacijske kosilnice\" width=\"1500\" height=\"1000\" title=\"\" srcset=\"https:\/\/fmp-components.com\/wp-content\/uploads\/2024\/12\/Rotary-Cutter-Gearbox-Vs-Rotary-Mower-Gearbox-71.webp 1500w, https:\/\/fmp-components.com\/wp-content\/uploads\/2024\/12\/Rotary-Cutter-Gearbox-Vs-Rotary-Mower-Gearbox-71-1280x853.webp 1280w, https:\/\/fmp-components.com\/wp-content\/uploads\/2024\/12\/Rotary-Cutter-Gearbox-Vs-Rotary-Mower-Gearbox-71-980x653.webp 980w, https:\/\/fmp-components.com\/wp-content\/uploads\/2024\/12\/Rotary-Cutter-Gearbox-Vs-Rotary-Mower-Gearbox-71-480x320.webp 480w\" sizes=\"(min-width: 0px) and (max-width: 480px) 480px, (min-width: 481px) and (max-width: 980px) 980px, (min-width: 981px) and (max-width: 1280px) 1280px, (min-width: 1281px) 1500px, 100vw\" \/><\/td>\n<\/tr>\n<tr>\n<td><strong>Rotacijski rezalnik menjalnika<\/strong><\/td>\n<td><strong>Menjalnik rotacijske kosilnice<\/strong><\/td>\n<\/tr>\n<\/tbody>\n<\/table>\n<h2>Kardanske gredi za menjalnike rotacijskih rezalnikov<\/h2>\n<ol>\n<li><strong>Namen in funkcionalnost<\/strong><br \/>\nKardanske gredi za menjalnike rotacijskih kosilnic so bistvene komponente, ki prena\u0161ajo mo\u010d iz motorja traktorja v menjalnik, ki nato poganja rezila rotacijske kosilnice. Te gredi so zasnovane tako, da obvladujejo zahtevne zahteve glede mo\u010di rotacijskih kosilnic in zagotavljajo u\u010dinkovito delovanje stroja v zahtevnih pogojih, kot sta gosta vegetacija in neraven teren.<\/li>\n<li><strong>Na\u010drtovanje in gradnja<\/strong><br \/>\nKardanske gredi za menjalnike rotacijskih rezalnikov so obi\u010dajno izdelane iz visoko trdnega jekla, da prenesejo visok navor, ki nastane med delovanjem. Na obeh koncih imajo univerzalne zglobe, kar omogo\u010da fleksibilnost in nemoten prenos mo\u010di med traktorjem in menjalnikom, tudi \u010de pride do neusklajenosti ali sprememb delovnega kota. Gredi so pogosto opremljene z varnostnimi elementi, kot so stri\u017eni vijaki ali mehanizmi sklopke, ki prepre\u010dujejo po\u0161kodbe zaradi preobremenitve.<\/li>\n<li><strong>Vzdr\u017eljivost in zmogljivost<\/strong><br \/>\nGlede na zahtevno naravo delovanja rotacijskih rezalnikov so kardanske gredi za te menjalnike zasnovane tako, da so izjemno vzdr\u017eljive in sposobne prenesti zahtevna delovna okolja. Prenesti morajo nenehne obremenitve, vibracije in ob\u010dasne udarne obremenitve, ki jih povzro\u010da rezanje gostega grmovja ali majhnih dreves. Za zagotovitev maksimalne zmogljivosti so te gredi obi\u010dajno uravnote\u017eene, da se \u010dim bolj zmanj\u0161ajo vibracije, ki lahko s\u010dasoma povzro\u010dijo obrabo in po\u0161kodbe.<\/li>\n<li><strong>Prilagoditev in prilagoditev<\/strong><br \/>\nKardanske gredi za menjalnike rotacijskih rezalnikov so na voljo v razli\u010dnih velikostih in konfiguracijah, da ustrezajo razli\u010dnim modelom in zahtevam glede mo\u010di. Na voljo so mo\u017enosti prilagoditve, ki zagotavljajo pravilno usklajenost kardanske gredi s traktorjem in menjalnikom. To zagotavlja optimalen prenos mo\u010di in zmanj\u0161uje tveganje okvare zaradi nepravilne namestitve ali neporavnanosti. Kardanske gredi so na voljo tudi v razli\u010dnih dol\u017einah, da se prilagodijo razli\u010dnim konfiguracijam rezalnikov in delovnim \u0161irinam.<\/li>\n<\/ol>\n<table style=\"width: 101.801%; height: 44px;\" width=\"136\">\n<tbody>\n<tr>\n<td style=\"width: 49.363%;\" width=\"72\"><img loading=\"lazy\" decoding=\"async\" class=\"alignnone size-full wp-image-2225\" src=\"https:\/\/fmp-components.com\/wp-content\/uploads\/2024\/12\/PTO-Shafts-for-Rotary-Cutter-Gearboxes-71.webp\" alt=\"Kardanske gredi za menjalnike rotacijskih rezalnikov\" width=\"800\" height=\"600\" title=\"\" srcset=\"https:\/\/fmp-components.com\/wp-content\/uploads\/2024\/12\/PTO-Shafts-for-Rotary-Cutter-Gearboxes-71.webp 800w, https:\/\/fmp-components.com\/wp-content\/uploads\/2024\/12\/PTO-Shafts-for-Rotary-Cutter-Gearboxes-71-480x360.webp 480w\" sizes=\"(min-width: 0px) and (max-width: 480px) 480px, (min-width: 481px) 800px, 100vw\" \/><\/td>\n<td style=\"width: 50%;\" width=\"64\"><img loading=\"lazy\" decoding=\"async\" class=\"alignnone size-full wp-image-2224\" src=\"https:\/\/fmp-components.com\/wp-content\/uploads\/2024\/12\/PTO-Shafts-for-Rotary-Cutter-Gearboxes-81.webp\" alt=\"Kardanske gredi za menjalnike rotacijskih rezalnikov\" width=\"800\" height=\"600\" title=\"\" srcset=\"https:\/\/fmp-components.com\/wp-content\/uploads\/2024\/12\/PTO-Shafts-for-Rotary-Cutter-Gearboxes-81.webp 800w, https:\/\/fmp-components.com\/wp-content\/uploads\/2024\/12\/PTO-Shafts-for-Rotary-Cutter-Gearboxes-81-480x360.webp 480w\" sizes=\"(min-width: 0px) and (max-width: 480px) 480px, (min-width: 481px) 800px, 100vw\" \/><\/td>\n<\/tr>\n<\/tbody>\n<\/table>\n<h3>O FMP-ju<\/h3>\n<p>FMP s sede\u017eem v Italiji velja za vodilnega proizvajalca, znanega po svojem strokovnem znanju na podro\u010dju na\u010drtovanja, razvoja in proizvodnje visokozmogljivih menjalnikov, s primarnim poudarkom na sektorju kmetijske mehanizacije. Znan po svoji zavezanosti natan\u010dnemu in\u017eenirstvu, inovacijam in neprimerljivi zanesljivosti, si je FMP prislu\u017eil trden sloves z zagotavljanjem vrhunskih izdelkov, ki zadovoljujejo dinami\u010dne potrebe tako kmetijskega kot industrijskega trga. Na\u0161a obse\u017ena ponudba izdelkov vklju\u010duje specializirane menjalnike za kosilnice, kardanske gredi in druge bistvene komponente, vse prilagojene za zagotavljanje re\u0161itev po meri za \u0161irok spekter uporabe.<\/p>\n<p>Pri FMP se zavedamo, da se vsaka stranka soo\u010da z razli\u010dnimi izzivi in \u200b\u200bzahtevami. Zato smo specializirani za zagotavljanje re\u0161itev po meri, pa naj gre za posamezne komponente ali celovite, integrirane sisteme. Tesno sodelujemo z na\u0161imi strankami in zagotavljamo, da je vsaka re\u0161itev ne le u\u010dinkovita, ampak tudi uspe\u0161na, kar optimizira delovanje in vrednost. Na\u0161a zavezanost hitrim in profesionalnim odzivom v kombinaciji s strokovnim vodenjem zagotavlja, da se vsako povpra\u0161evanje obravnava natan\u010dno in skrbno.<\/p>\n<p>Dajemo prednost jasni in stalni komunikaciji, zlasti pri razvoju novih izdelkov. Na\u0161a predana ekipa sodeluje neposredno s strankami, da bi pridobila poglobljeno razumevanje njihovih specifi\u010dnih potreb, in jim ponuja prakti\u010dne vpoglede, ki vodijo do najoptimalnej\u0161ih re\u0161itev. Ne glede na to, ali oblikujemo vrhunske izdelke ali izpolnjujemo teko\u010da naro\u010dila, ostajamo neomajni v svoji zavezanosti zagotavljanju visokokakovostnih, natan\u010dno izdelanih re\u0161itev s hitrostjo in zanesljivostjo.<\/p>\n<p>V sredi\u0161\u010du delovanja podjetja FMP je neomajna osredoto\u010denost na kakovost. Dr\u017eimo se najvi\u0161jih proizvodnih standardov in vklju\u010dujemo stroge postopke nadzora kakovosti, da zagotovimo, da vsak izdelek ne le izpolnjuje, ampak tudi presega pri\u010dakovanja industrije. Na\u0161a predanost kakovosti, skupaj z na\u0161imi temeljnimi vrednotami integritete, sodelovanja in vztrajnosti, nam je pomagala vzpostaviti mo\u010dne in dolgoro\u010dne odnose s strankami v ve\u010d kot 30 dr\u017eavah po vsem svetu.<\/p>\n<p>FMP je vedno odprt za spodbujanje globalnih partnerstev in ostaja predan ponujanju strokovnih nasvetov in prilagojenih re\u0161itev za zadovoljevanje raznolikih potreb na\u0161ih strank. Gremo dlje od zgolj dobave izdelkov \u2013 prizadevamo si graditi trajne in smiselne odnose, ki spodbujajo uspeh vsakega projekta. Ne glede na to, ali i\u0161\u010dete inovativne re\u0161itve za novo pobudo ali stalno podporo za obstoje\u010di sistem, je FMP tukaj, da re\u0161i va\u0161e tehni\u010dne izzive in zagotovi va\u0161 nadaljnji uspeh.<\/p>\n<p><img loading=\"lazy\" decoding=\"async\" class=\"alignnone size-full wp-image-1861\" src=\"https:\/\/fmp-components.com\/wp-content\/uploads\/2024\/12\/Other-Agricultural-Gearboxes.webp\" sizes=\"(min-width: 0px) and (max-width: 480px) 480px, (min-width: 481px) and (max-width: 980px) 980px, (min-width: 981px) 1200px, 100vw\" srcset=\"https:\/\/fmp-components.com\/wp-content\/uploads\/2024\/12\/Other-Agricultural-Gearboxes.webp 1200w, https:\/\/fmp-components.com\/wp-content\/uploads\/2024\/12\/Other-Agricultural-Gearboxes-980x1143.webp 980w, https:\/\/fmp-components.com\/wp-content\/uploads\/2024\/12\/Other-Agricultural-Gearboxes-480x560.webp 480w\" alt=\"Altri-cambi-agricoli\" width=\"1200\" height=\"1400\" title=\"\"><\/p>\n<p>Avtor: CX<\/p>","protected":false},"excerpt":{"rendered":"<p>Rotary Cutter Gearbox \u2013 Replacement of Omni Code RC-27 Gearbox The RC-27 Rotary Cutter Gearbox is a high-performance gearbox designed to deliver reliable and efficient power transfer for rotary cutters used in agricultural and land maintenance tasks. This replacement gearbox serves as an ideal solution for replacing the Omni Code RC-27 gearbox, ensuring that your [&hellip;]<\/p>","protected":false},"featured_media":2221,"comment_status":"open","ping_status":"closed","template":"","meta":{"_et_pb_use_builder":"","_et_pb_old_content":"","_et_gb_content_width":""},"product_brand":[],"product_cat":[56],"product_tag":[],"class_list":{"0":"post-2218","1":"product","2":"type-product","3":"status-publish","4":"has-post-thumbnail","6":"product_cat-rotary-cutter-gearbox","8":"first","9":"instock","10":"shipping-taxable","11":"product-type-simple"},"_links":{"self":[{"href":"https:\/\/fmp-components.com\/sl\/wp-json\/wp\/v2\/product\/2218","targetHints":{"allow":["GET"]}}],"collection":[{"href":"https:\/\/fmp-components.com\/sl\/wp-json\/wp\/v2\/product"}],"about":[{"href":"https:\/\/fmp-components.com\/sl\/wp-json\/wp\/v2\/types\/product"}],"replies":[{"embeddable":true,"href":"https:\/\/fmp-components.com\/sl\/wp-json\/wp\/v2\/comments?post=2218"}],"wp:featuredmedia":[{"embeddable":true,"href":"https:\/\/fmp-components.com\/sl\/wp-json\/wp\/v2\/media\/2221"}],"wp:attachment":[{"href":"https:\/\/fmp-components.com\/sl\/wp-json\/wp\/v2\/media?parent=2218"}],"wp:term":[{"taxonomy":"product_brand","embeddable":true,"href":"https:\/\/fmp-components.com\/sl\/wp-json\/wp\/v2\/product_brand?post=2218"},{"taxonomy":"product_cat","embeddable":true,"href":"https:\/\/fmp-components.com\/sl\/wp-json\/wp\/v2\/product_cat?post=2218"},{"taxonomy":"product_tag","embeddable":true,"href":"https:\/\/fmp-components.com\/sl\/wp-json\/wp\/v2\/product_tag?post=2218"}],"curies":[{"name":"delovni list","href":"https:\/\/api.w.org\/{rel}","templated":true}]}}