{"id":2209,"date":"2024-12-31T00:44:14","date_gmt":"2024-12-31T00:44:14","guid":{"rendered":"https:\/\/fmp-components.com\/?page_id=8"},"modified":"2024-12-31T01:41:45","modified_gmt":"2024-12-31T01:41:45","slug":"rotary-cutter-gearboxes-replacement-of-omni-code-rc-20-gearbox","status":"publish","type":"product","link":"https:\/\/fmp-components.com\/sl\/product\/rotary-cutter-gearboxes-replacement-of-omni-code-rc-20-gearbox\/","title":{"rendered":"Menjalniki rotacijskih rezalnikov \u2013 zamenjava menjalnika Omni Code RC-20"},"content":{"rendered":"<p style=\"text-align: center;\"><span style=\"font-size: 18pt;\">Menjalniki rotacijskih rezalnikov \u2013 zamenjava menjalnika Omni Code RC-20<\/span><\/p>\n<p><img loading=\"lazy\" decoding=\"async\" class=\"size-full wp-image-2211 aligncenter\" src=\"https:\/\/fmp-components.com\/wp-content\/uploads\/2024\/12\/Rotary-Cutter-Gearboxes-Replacement-of-Omni-Code-RC-20-Gearbox-1.webp\" alt=\"Zamenjava menjalnika rotacijskega rezalnika Omni Code RC-20\" width=\"500\" height=\"500\" title=\"\" srcset=\"https:\/\/fmp-components.com\/wp-content\/uploads\/2024\/12\/Rotary-Cutter-Gearboxes-Replacement-of-Omni-Code-RC-20-Gearbox-1.webp 500w, https:\/\/fmp-components.com\/wp-content\/uploads\/2024\/12\/Rotary-Cutter-Gearboxes-Replacement-of-Omni-Code-RC-20-Gearbox-1-480x480.webp 480w\" sizes=\"(min-width: 0px) and (max-width: 480px) 480px, (min-width: 481px) 500px, 100vw\" \/><\/p>\n<p>Menjalnik rotacijske kosilnice, ki nadome\u0161\u010da menjalnik Omni Code RC-20, je zasnovan za vrhunsko zmogljivost in vzdr\u017eljivost v kmetijski in industrijski uporabi. Ta visokokakovosten nadomestni menjalnik je zasnovan tako, da se brezhibno prilega rotacijskim kosilnicam in ponuja u\u010dinkovito in zanesljivo re\u0161itev za nego trate, \u010di\u0161\u010denje zemlji\u0161\u010d in vzdr\u017eevanje pridelkov. Z natan\u010dno in\u017eeniringom in robustno konstrukcijo zagotavlja optimalen prenos mo\u010di in zmogljivost, kar omogo\u010da nemoteno delovanje rotacijskih kosilnic v razli\u010dnih delovnih pogojih.<\/p>\n<h3>Klju\u010dne lastnosti:<\/h3>\n<ol>\n<li><strong>Zdru\u017eljivost<\/strong>Menjalnik je zasnovan kot zamenjava za menjalnik Omni Code RC-20, kar zagotavlja enostavno namestitev in zdru\u017eljivost z obstoje\u010do opremo. Omogo\u010da neposredno zamenjavo, kar zmanj\u0161uje \u010das izpada in potrebo po modifikacijah.<\/li>\n<li><strong>Visoka u\u010dinkovitost<\/strong>Menjalnik rotacijskega rezalnika, izdelan za visoko u\u010dinkovitost, zagotavlja u\u010dinkovit prenos mo\u010di iz kardanske gredi traktorja na rezila rezalnika, kar maksimizira operativno zmogljivost.<\/li>\n<li><strong>Vzdr\u017eljivost<\/strong>Menjalnik je izdelan iz visokokakovostnih materialov in zasnovan tako, da prenese zahtevna delovna okolja. Ponuja izjemno odpornost proti obrabi, koroziji in ekstremnim obremenitvam, kar zagotavlja dolgoro\u010dno zanesljivost in zmanj\u0161uje stro\u0161ke vzdr\u017eevanja.<\/li>\n<li><strong>Nizko vzdr\u017eevanje<\/strong>Zasnova menjalnika zmanj\u0161uje potrebo po pogostem servisiranju. Njegovi zatesnjeni le\u017eaji in natan\u010dno izdelane komponente zmanj\u0161ujejo trenje, kar podalj\u0161a \u017eivljenjsko dobo in zmanj\u0161a obrabo.<\/li>\n<li><strong>Vsestranska uporaba<\/strong>Idealno za uporabo v razli\u010dnih aplikacijah, vklju\u010dno s kmetijskimi polji, pa\u0161niki in industrijskimi okolji, kjer se rotacijski rezalniki uporabljajo za ko\u0161njo, \u010di\u0161\u010denje grmovja ali ko\u0161njo trave in majhnega grmi\u010devja.<\/li>\n<\/ol>\n<h2>Specifikacije menjalnika rotacijskega rezalnika RC20<\/h2>\n<table style=\"width: 94.902%; height: 417px;\" border=\"1\" cellspacing=\"0\" cellpadding=\"0\">\n<tbody>\n<tr>\n<td style=\"width: 28.4738%;\">Model:<\/td>\n<td style=\"width: 71.4123%;\">\u00a0Menjalnik rotacijskega rezalnika FMP-RC20<\/td>\n<\/tr>\n<tr>\n<td style=\"width: 28.4738%;\">Mo\u010d:<\/td>\n<td style=\"width: 71.4123%;\">15 \u2013 18 KM<br \/>\n11 \u2013 21 kW<\/td>\n<\/tr>\n<tr>\n<td style=\"width: 28.4738%;\">Navor:<\/td>\n<td style=\"width: 71.4123%;\">1.750 \u2013 3.267 lb-in.<br \/>\n(198\u2013369 Nm)<\/td>\n<\/tr>\n<tr>\n<td style=\"width: 28.4738%;\">Razmerja:<\/td>\n<td style=\"width: 71.4123%;\">1:1.25, 1:2.83<\/td>\n<\/tr>\n<tr>\n<td style=\"width: 28.4738%;\">Vrsta zobnika:<\/td>\n<td style=\"width: 71.4123%;\">Po\u0161evnina<\/td>\n<\/tr>\n<tr>\n<td style=\"width: 28.4738%;\">Vrsta tesnila:<\/td>\n<td style=\"width: 71.4123%;\">Trojna vzmetna obremenitev<\/td>\n<\/tr>\n<tr>\n<td style=\"width: 28.4738%;\">Vrsta le\u017eaja:<\/td>\n<td style=\"width: 71.4123%;\">Globoka utorna \u017eoga<\/td>\n<\/tr>\n<tr>\n<td style=\"width: 28.4738%;\">Prostornina olja:<\/td>\n<td style=\"width: 71.4123%;\">450 g.<br \/>\n(0,47 l)<\/td>\n<\/tr>\n<tr>\n<td style=\"width: 28.4738%;\">Te\u017ea:<\/td>\n<td style=\"width: 71.4123%;\">34 funtov.<br \/>\n(15,4 kg)<\/td>\n<\/tr>\n<tr>\n<td style=\"width: 28.4738%;\">Uporaba:<\/td>\n<td style=\"width: 71.4123%;\">Zaklju\u010dne kosilnice<br \/>\nRotacijski rezalniki<br \/>\nRotacijski rezalniki<\/td>\n<\/tr>\n<\/tbody>\n<\/table>\n<h2>Zasnova razmerja menjalnika rotacijskega rezalnika RC20<\/h2>\n<p>Menjalnik rotacijskega rezalnika RC20 ponuja razli\u010dna prestavna razmerja za razli\u010dne konjske mo\u010di in zahteve glede rezanja. Prestavno razmerje menjalnika dolo\u010da hitrost vrtenja rezila \u2013 vi\u0161ja prestavna razmerja pomenijo vi\u0161je hitrosti rezila, vendar manj\u0161i navor, ni\u017eja prestavna razmerja pa zagotavljajo ve\u010dji navor z manj\u0161o hitrostjo rezila.<\/p>\n<p>Na voljo v razmerjih, kot so <strong>1:1.25<\/strong> in <strong>1:2.83<\/strong>, ustrezna izbira je odvisna od specifi\u010dnih zahtev va\u0161e aplikacije.<\/p>\n<ul>\n<li><strong>Vi\u0161ja razmerja<\/strong> (npr. 1:1,25) so idealni za la\u017eja opravila, kjer je hitrost bistvenega pomena, kot je ko\u0161nja trate ali ko\u0161nja trave.<\/li>\n<li><strong>Ni\u017eja razmerja<\/strong> (npr. 1:2,83) so bolj primerni za te\u017eka dela, kot so \u010di\u0161\u010denje neravnega terena, rezanje gostega grmovja ali \u010di\u0161\u010denje zemlji\u0161\u010d, saj zagotavljajo ve\u010dji navor za pogon pri tr\u0161ih materialih.<\/li>\n<\/ul>\n<p>Pri izbiri prestavnega razmerja je bistveno upo\u0161tevati dejavnike, kot so mo\u010d va\u0161ega traktorja, gostota materiala, ki ga re\u017eete, in hitrost rezila, potrebna za \u010dist in enakomeren rez. Izbira pravega prestavnega razmerja za va\u0161 rotacijski rezalnik RC20 zagotavlja optimalno delovanje, u\u010dinkovitost in dolgo \u017eivljenjsko dobo tako menjalnika kot rezalnika.<\/p>\n<p><img loading=\"lazy\" decoding=\"async\" class=\"alignnone size-full wp-image-2215\" src=\"https:\/\/fmp-components.com\/wp-content\/uploads\/2024\/12\/Rotary-Cutter-Gearbox1.webp\" alt=\"Rotacijski rezalnik menjalnika\" width=\"1279\" height=\"761\" title=\"\" srcset=\"https:\/\/fmp-components.com\/wp-content\/uploads\/2024\/12\/Rotary-Cutter-Gearbox1.webp 1279w, https:\/\/fmp-components.com\/wp-content\/uploads\/2024\/12\/Rotary-Cutter-Gearbox1-980x583.webp 980w, https:\/\/fmp-components.com\/wp-content\/uploads\/2024\/12\/Rotary-Cutter-Gearbox1-480x286.webp 480w\" sizes=\"(min-width: 0px) and (max-width: 480px) 480px, (min-width: 481px) and (max-width: 980px) 980px, (min-width: 981px) 1279px, 100vw\" \/><\/p>\n<h2>Zna\u010dilnosti menjalnika rotacijske kosilnice RC20<\/h2>\n<ol>\n<li><strong>Trpe\u017ena konstrukcija<\/strong>Menjalnik rotacijske kosilnice RC20 je izdelan iz visokokakovostnih materialov, kar zagotavlja dolgotrajno vzdr\u017eljivost in odpornost proti obrabi, tudi v zahtevnih pogojih. Ta robustna konstrukcija omogo\u010da menjalniku, da obvladuje te\u017eke delovne obremenitve in zagotavlja zanesljivo delovanje ve\u010d let.<\/li>\n<li><strong>Ve\u010d prestavnih razmerij<\/strong>Na voljo v razli\u010dnih prestavnih razmerjih, kot npr. <strong>1:1.25<\/strong> in <strong>1:2.83<\/strong>Menjalnik RC20 ponuja prilagodljivost za razli\u010dne zahteve glede rezanja. Ta razmerja uporabnikom omogo\u010dajo izbiro med vi\u0161jo hitrostjo rezila za la\u017eja opravila ali ve\u010djim navorom za zahtevna opravila, kot je \u010di\u0161\u010denje gostega grmovja.<\/li>\n<li><strong>Gladko delovanje<\/strong>Menjalnik je zasnovan za gladek in u\u010dinkovit prenos mo\u010di, kar zmanj\u0161uje izgubo energije in pove\u010duje u\u010dinkovitost ko\u0161nje. Njegova natan\u010dna in\u017eeniring zagotavlja, da kosilnica deluje z minimalnimi vibracijami in hrupom, kar zagotavlja bolj\u0161o uporabni\u0161ko izku\u0161njo.<\/li>\n<li><strong>Vsestranskost<\/strong>Menjalnik rotacijske kosilnice RC20 je primeren za \u0161irok spekter uporabe in je idealen za naloge, kot so ko\u0161nja trate, \u010di\u0161\u010denje zemlji\u0161\u010d in rezanje goste vegetacije. Zaradi svoje prilagodljivosti je popolnoma primeren za razli\u010dne modele kosilnic in razli\u010dne terene.<\/li>\n<li><strong>Enostavno vzdr\u017eevanje<\/strong>Menjalnik RC20 je zasnovan z mislijo na enostavno vzdr\u017eevanje. Ima dostopne komponente, ki poenostavljajo rutinske preglede, mazanje in popravila, kar zagotavlja, da kosilnica ostane v vrhunskem stanju z minimalnim \u010dasom izpada.<\/li>\n<li><strong>Visoka navorna zmogljivost<\/strong>Menjalnik RC20 zagotavlja visok navor, zlasti pri ni\u017ejih prestavnih razmerjih, zaradi \u010desar je idealen za zahtevna opravila, kot je rezanje gostega grmovja ali neravnega terena. Ta lastnost zagotavlja optimalno delovanje tudi pri velikih obremenitvah.<\/li>\n<li><strong>Kompaktna in lahka zasnova<\/strong>Kljub robustni vzdr\u017eljivosti je menjalnik RC20 kompakten in lahek, zaradi \u010desar ga je enostavno namestiti in vzdr\u017eevati. Njegova zasnova prispeva k splo\u0161ni u\u010dinkovitosti kosilnice, hkrati pa zmanj\u0161uje odve\u010dno te\u017eo.<\/li>\n<\/ol>\n<p>Z vklju\u010ditvijo teh lastnosti je menjalnik rotacijske kosilnice RC20 zanesljiva in visokozmogljiva re\u0161itev za \u0161iroko paleto ko\u0161enj in \u010di\u0161\u010denja zemlji\u0161\u010d.<\/p>\n<table style=\"width: 103.676%; height: 337px;\" width=\"136\">\n<tbody>\n<tr style=\"height: 337px;\">\n<td style=\"width: 49.375%; height: 337px;\" width=\"72\"><img loading=\"lazy\" decoding=\"async\" class=\"alignnone size-full wp-image-2216\" src=\"https:\/\/fmp-components.com\/wp-content\/uploads\/2024\/12\/Using-RC20-Rotary-Mower-Gearbox-Precautions-1.webp\" alt=\"Previdnostni ukrepi pri uporabi menjalnika rotacijske kosilnice RC20\" width=\"1000\" height=\"700\" title=\"\" srcset=\"https:\/\/fmp-components.com\/wp-content\/uploads\/2024\/12\/Using-RC20-Rotary-Mower-Gearbox-Precautions-1.webp 1000w, https:\/\/fmp-components.com\/wp-content\/uploads\/2024\/12\/Using-RC20-Rotary-Mower-Gearbox-Precautions-1-980x686.webp 980w, https:\/\/fmp-components.com\/wp-content\/uploads\/2024\/12\/Using-RC20-Rotary-Mower-Gearbox-Precautions-1-480x336.webp 480w\" sizes=\"(min-width: 0px) and (max-width: 480px) 480px, (min-width: 481px) and (max-width: 980px) 980px, (min-width: 981px) 1000px, 100vw\" \/><\/td>\n<td style=\"width: 49.8959%; height: 337px;\" width=\"64\"><img loading=\"lazy\" decoding=\"async\" class=\"alignnone size-full wp-image-2217\" src=\"https:\/\/fmp-components.com\/wp-content\/uploads\/2024\/12\/Using-RC20-Rotary-Mower-Gearbox-Precautions-2.webp\" alt=\"Previdnostni ukrepi pri uporabi menjalnika rotacijske kosilnice RC20\" width=\"1000\" height=\"700\" title=\"\" srcset=\"https:\/\/fmp-components.com\/wp-content\/uploads\/2024\/12\/Using-RC20-Rotary-Mower-Gearbox-Precautions-2.webp 1000w, https:\/\/fmp-components.com\/wp-content\/uploads\/2024\/12\/Using-RC20-Rotary-Mower-Gearbox-Precautions-2-980x686.webp 980w, https:\/\/fmp-components.com\/wp-content\/uploads\/2024\/12\/Using-RC20-Rotary-Mower-Gearbox-Precautions-2-480x336.webp 480w\" sizes=\"(min-width: 0px) and (max-width: 480px) 480px, (min-width: 481px) and (max-width: 980px) 980px, (min-width: 981px) 1000px, 100vw\" \/><\/td>\n<\/tr>\n<\/tbody>\n<\/table>\n<h2>Kardanska gred za menjalnik rotacijskega rezalnika<\/h2>\n<p>Kardanska gred (gred za odvzem mo\u010di) je bistvena komponenta, ki povezuje menjalnik rotacijske kosilnice z napajalnim sistemom traktorja in omogo\u010da prenos mo\u010di s traktorja na rezalni mehanizem. Visokokakovostna kardanska gred zagotavlja u\u010dinkovito in zanesljivo delovanje menjalnika rotacijske kosilnice, kar mu omogo\u010da, da se spopade s te\u017ekimi nalogami ko\u0161nje in \u010di\u0161\u010denja trave. Tukaj so klju\u010dne zna\u010dilnosti in prednosti kardanske gredi za menjalnik rotacijske kosilnice:<\/p>\n<p><strong>U\u010dinkovit prenos mo\u010di<\/strong><\/p>\n<p>Kardanska gred zagotavlja brezhibno povezavo med sistemom kardanske gredi traktorja in menjalnikom rotacijskega rezalnika. U\u010dinkovito prena\u0161a vrtilno mo\u010d in zagotavlja, da rezila rezalnika dose\u017eejo optimalno hitrost za u\u010dinkovito ko\u0161njo. Ta neposreden prenos mo\u010di pomaga ohranjati visoko produktivnost med delovanjem.<\/p>\n<p><strong>Trpe\u017ena konstrukcija<\/strong><\/p>\n<p>Kardanska gred je izdelana iz visoko trdnih materialov, zasnovanih tako, da prenesejo visok navor in te\u017eko uporabo. Zasnovana je tako, da je odporna na obrabo in utrujenost tudi v te\u017ekih delovnih okoljih, kar zagotavlja dolgotrajno delovanje z minimalnim vzdr\u017eevanjem.<\/p>\n<p><strong>Prilagodljivost in vsestranskost<\/strong><\/p>\n<p>Kardanske gredi so na voljo v razli\u010dnih velikostih in konfiguracijah, zaradi \u010desar so zdru\u017eljive z razli\u010dnimi menjalniki rotacijskih kosilnic in modeli traktorjev. Zasnovane so za opravljanje najrazli\u010dnej\u0161ih kmetijskih opravil, vklju\u010dno s ko\u0161njo, \u010di\u0161\u010denjem zemlji\u0161\u010d in ko\u0161njo grmovja, na razli\u010dnih terenih in vrstah vegetacije.<\/p>\n<p><strong>Varnostne funkcije<\/strong><\/p>\n<p>\u0160tevilne kardanske gredi so opremljene z varnostnimi elementi, kot so stri\u017eni zati\u010di ali drsne sklopke, ki \u0161\u010ditijo stroje pred po\u0161kodbami zaradi nenadnih preobremenitev ali zatikanja. Te funkcije zagotavljajo varno delovanje in prepre\u010dujejo po\u0161kodbe menjalnika rotacijskega rezalnika in sistema kardanske gredi traktorja.<\/p>\n<p><strong>Enostavna namestitev in vzdr\u017eevanje<\/strong><\/p>\n<p>Kardanske gredi za menjalnike rotacijskih rezalnikov so zasnovane za enostavno priklop in odklop s sistema kardanske gredi traktorja. Njihova preprosta in uporabniku prijazna zasnova omogo\u010da hitro namestitev in vzdr\u017eevanje, kar zmanj\u0161uje \u010das izpada med delovnim dnem. Poleg tega redno vzdr\u017eevanje in mazanje kardanske gredi zagotavljata nemoteno delovanje in podalj\u0161ujeta njeno \u017eivljenjsko dobo.<\/p>\n<p><strong>Zmogljivost za te\u017eka dela<\/strong><\/p>\n<p>Za zahtevnej\u0161a dela, kot sta \u010di\u0161\u010denje gostega grmovja ali delo na neravnem terenu, je kardanska gred za menjalnike rotacijskih rezalnikov zasnovana za prena\u0161anje visokih navornih obremenitev. Zagotavlja, da menjalnik deluje z najve\u010djo zmogljivostjo, tudi v te\u017ekih pogojih, ter zagotavlja dosledno in zanesljivo mo\u010d rezilom rotacijskega rezalnika.<\/p>\n<p><strong>Odpornost proti koroziji<\/strong><\/p>\n<p>Da bi bile kardanske gredi odporne na vremenske vplive, so pogosto prevle\u010dene z materiali, odpornimi proti koroziji, kar jih \u0161\u010diti pred rjo in obrabo zaradi vlage, umazanije in drugih okoljskih dejavnikov. Zaradi tega so primerne za uporabo v razli\u010dnih vremenskih razmerah in se podalj\u0161a njihova \u017eivljenjska doba.<\/p>\n<p>Skratka, kardanska gred za menjalnike rotacijskih rezalnikov igra klju\u010dno vlogo pri omogo\u010danju u\u010dinkovitega, zanesljivega in varnega delovanja kmetijske opreme. Z zagotavljanjem nemotenega prenosa mo\u010di ter fleksibilnosti in vzdr\u017eljivosti kardanska gred zagotavlja optimalno delovanje rotacijskega rezalnika in izpolnjuje zahteve \u0161irokega nabora ko\u0161enj.<\/p>\n<table style=\"width: 104.338%; height: 13px;\" width=\"136\">\n<tbody>\n<tr>\n<td style=\"width: 51.3458%;\" width=\"72\"><img loading=\"lazy\" decoding=\"async\" class=\"alignnone size-full wp-image-2213\" src=\"https:\/\/fmp-components.com\/wp-content\/uploads\/2024\/12\/PTO-Shaft-for-Rotary-Cutter-Gearbox-61.webp\" alt=\"Kardanska gred za menjalnik rotacijskega rezalnika\" width=\"600\" height=\"400\" title=\"\" srcset=\"https:\/\/fmp-components.com\/wp-content\/uploads\/2024\/12\/PTO-Shaft-for-Rotary-Cutter-Gearbox-61.webp 600w, https:\/\/fmp-components.com\/wp-content\/uploads\/2024\/12\/PTO-Shaft-for-Rotary-Cutter-Gearbox-61-480x320.webp 480w\" sizes=\"(min-width: 0px) and (max-width: 480px) 480px, (min-width: 481px) 600px, 100vw\" \/><\/td>\n<td style=\"width: 47.9296%;\" width=\"64\"><img loading=\"lazy\" decoding=\"async\" class=\"alignnone size-full wp-image-2214\" src=\"https:\/\/fmp-components.com\/wp-content\/uploads\/2024\/12\/PTO-Shaft-for-Rotary-Cutter-Gearbox-51.webp\" alt=\"Kardanska gred za menjalnik rotacijskega rezalnika\" width=\"600\" height=\"400\" title=\"\" srcset=\"https:\/\/fmp-components.com\/wp-content\/uploads\/2024\/12\/PTO-Shaft-for-Rotary-Cutter-Gearbox-51.webp 600w, https:\/\/fmp-components.com\/wp-content\/uploads\/2024\/12\/PTO-Shaft-for-Rotary-Cutter-Gearbox-51-480x320.webp 480w\" sizes=\"(min-width: 0px) and (max-width: 480px) 480px, (min-width: 481px) 600px, 100vw\" \/><\/td>\n<\/tr>\n<\/tbody>\n<\/table>\n<h3>O FMP-ju<\/h3>\n<p>FMP s sede\u017eem v Italiji je vodilni proizvajalec, priznan po svojem strokovnem znanju pri na\u010drtovanju, razvoju in proizvodnji visokozmogljivih menjalnikov, predvsem za sektor kmetijske mehanizacije. Znan po svojem natan\u010dnem in\u017eeniringu, inovacijah in neomajni zanesljivosti, se je FMP uveljavil kot zaupanja vreden partner pri izpolnjevanju spreminjajo\u010dih se zahtev tako kmetijskega kot industrijskega trga. Na\u0161a celovita ponudba izdelkov vklju\u010duje specializirane menjalnike za kosilnice, kardanske gredi in druge klju\u010dne komponente, ki so zasnovane za zagotavljanje u\u010dinkovitih, prilagojenih re\u0161itev za \u0161irok spekter uporabe.<\/p>\n<p>Pri FMP razumemo, da ima vsaka stranka edinstvene potrebe in izzive. Zato smo specializirani za ponujanje re\u0161itev po meri, bodisi s posameznimi komponentami bodisi s popolnoma integriranimi sistemi. Uporabljamo sodelovalni pristop in tesno sodelujemo z na\u0161imi strankami, da zagotovimo, da je vsaka re\u0161itev ne le u\u010dinkovita, ampak tudi uspe\u0161na. Na\u0161a zavezanost hitrim, profesionalnim odzivom in strokovnemu vodenju zagotavlja, da se vsako povpra\u0161evanje obravnava z najve\u010djo skrbnostjo in natan\u010dnostjo, kar zagotavlja najbolj\u0161e rezultate za na\u0161e stranke.<\/p>\n<p>Velik poudarek dajemo odprti in stalni komunikaciji, zlasti pri razvoju novih izdelkov. Na\u0161a predana ekipa sodeluje neposredno s strankami, da bi v celoti razumela njihove zahteve, in jim ponuja dragocene vpoglede in priporo\u010dila, ki vodijo do optimalnih re\u0161itev. Ne glede na to, ali oblikujemo inovativne izdelke ali izpolnjujemo obstoje\u010da naro\u010dila, je FMP zavezan k zagotavljanju visokokakovostnih, natan\u010dno izdelanih re\u0161itev pravo\u010dasno in vsaki\u010d, s \u010dimer zagotavlja, da na\u0161e stranke prejmejo najbolj\u0161o storitev in rezultate.<\/p>\n<p>V sredi\u0161\u010du delovanja podjetja FMP je na\u0161a neomajna osredoto\u010denost na kakovost. Dr\u017eimo se najvi\u0161jih proizvodnih standardov in uporabljamo stroge ukrepe nadzora kakovosti, da zagotovimo, da vsak izdelek ne le izpolnjuje, ampak tudi presega pri\u010dakovanja industrije. Ta zavezanost kakovosti, skupaj z na\u0161imi temeljnimi vrednotami integritete, timskega dela in vztrajnosti, nam je omogo\u010dila, da smo zgradili trajne in zaupanja vredne odnose s strankami v skoraj 30 dr\u017eavah po vsem svetu.<\/p>\n<p>FMP si vedno prizadeva za gradnjo globalnih partnerstev in ostaja predan zagotavljanju strokovnega svetovanja in re\u0161itev po meri, ki ustrezajo raznolikim potrebam na\u0161ih strank. Na\u0161 pristop presega zgolj dobavo izdelkov; na\u0161 cilj je gojiti dolgoro\u010dne odnose, ki prispevajo k uspehu vsakega projekta. Ne glede na to, ali potrebujete inovativne re\u0161itve za novo podjetje ali stalno podporo za obstoje\u010di sistem, je FMP tukaj, da re\u0161i va\u0161e tehni\u010dne izzive in vam pomaga zagotoviti trajen uspeh.<\/p>\n<p><img loading=\"lazy\" decoding=\"async\" class=\"alignnone size-full wp-image-1861\" src=\"https:\/\/fmp-components.com\/wp-content\/uploads\/2024\/12\/Other-Agricultural-Gearboxes.webp\" sizes=\"(min-width: 0px) and (max-width: 480px) 480px, (min-width: 481px) and (max-width: 980px) 980px, (min-width: 981px) 1200px, 100vw\" srcset=\"https:\/\/fmp-components.com\/wp-content\/uploads\/2024\/12\/Other-Agricultural-Gearboxes.webp 1200w, https:\/\/fmp-components.com\/wp-content\/uploads\/2024\/12\/Other-Agricultural-Gearboxes-980x1143.webp 980w, https:\/\/fmp-components.com\/wp-content\/uploads\/2024\/12\/Other-Agricultural-Gearboxes-480x560.webp 480w\" alt=\"Altri-cambi-agricoli\" width=\"1200\" height=\"1400\" title=\"\"><\/p>\n<p>Avtor: CX<\/p>","protected":false},"excerpt":{"rendered":"<p>Rotary Cutter Gearboxes \u2013 Replacement of Omni Code RC-20 Gearbox The Rotary Cutter Gearbox for the replacement of the Omni Code RC-20 gearbox is designed to provide superior performance and durability in agricultural and industrial applications. This high-quality replacement gearbox is engineered to fit seamlessly into rotary cutters, offering an efficient and reliable solution for [&hellip;]<\/p>","protected":false},"featured_media":2211,"comment_status":"open","ping_status":"closed","template":"","meta":{"_et_pb_use_builder":"","_et_pb_old_content":"","_et_gb_content_width":""},"product_brand":[],"product_cat":[56],"product_tag":[],"class_list":{"0":"post-2209","1":"product","2":"type-product","3":"status-publish","4":"has-post-thumbnail","6":"product_cat-rotary-cutter-gearbox","8":"first","9":"instock","10":"shipping-taxable","11":"product-type-simple"},"_links":{"self":[{"href":"https:\/\/fmp-components.com\/sl\/wp-json\/wp\/v2\/product\/2209","targetHints":{"allow":["GET"]}}],"collection":[{"href":"https:\/\/fmp-components.com\/sl\/wp-json\/wp\/v2\/product"}],"about":[{"href":"https:\/\/fmp-components.com\/sl\/wp-json\/wp\/v2\/types\/product"}],"replies":[{"embeddable":true,"href":"https:\/\/fmp-components.com\/sl\/wp-json\/wp\/v2\/comments?post=2209"}],"wp:featuredmedia":[{"embeddable":true,"href":"https:\/\/fmp-components.com\/sl\/wp-json\/wp\/v2\/media\/2211"}],"wp:attachment":[{"href":"https:\/\/fmp-components.com\/sl\/wp-json\/wp\/v2\/media?parent=2209"}],"wp:term":[{"taxonomy":"product_brand","embeddable":true,"href":"https:\/\/fmp-components.com\/sl\/wp-json\/wp\/v2\/product_brand?post=2209"},{"taxonomy":"product_cat","embeddable":true,"href":"https:\/\/fmp-components.com\/sl\/wp-json\/wp\/v2\/product_cat?post=2209"},{"taxonomy":"product_tag","embeddable":true,"href":"https:\/\/fmp-components.com\/sl\/wp-json\/wp\/v2\/product_tag?post=2209"}],"curies":[{"name":"delovni list","href":"https:\/\/api.w.org\/{rel}","templated":true}]}}