{"id":2187,"date":"2024-12-30T08:31:56","date_gmt":"2024-12-30T08:31:56","guid":{"rendered":"https:\/\/fmp-components.com\/?page_id=8"},"modified":"2024-12-30T08:37:15","modified_gmt":"2024-12-30T08:37:15","slug":"agricultural-sprayer-gearbox-replacement-of-comer-code-d27a-d27j-d27b","status":"publish","type":"product","link":"https:\/\/fmp-components.com\/sl\/product\/agricultural-sprayer-gearbox-replacement-of-comer-code-d27a-d27j-d27b\/","title":{"rendered":"Menjalnik kmetijske \u0161kropilnice \u2013 zamenjava kode Comer D27A D27J D27B"},"content":{"rendered":"<h2>Specifikacije menjalnika kmetijske \u0161kropilnice D27A\/D27J\/D27B<\/h2>\n<h3><em>D27A<\/em><\/h3>\n<p><img loading=\"lazy\" decoding=\"async\" class=\"alignnone size-full wp-image-2192\" src=\"https:\/\/fmp-components.com\/wp-content\/uploads\/2024\/12\/agricultural-sprayer-gearbox-specification-D27A.webp\" alt=\"specifikacija menjalnika kmetijske \u0161kropilnice D27A\" width=\"908\" height=\"473\" title=\"\" srcset=\"https:\/\/fmp-components.com\/wp-content\/uploads\/2024\/12\/agricultural-sprayer-gearbox-specification-D27A.webp 908w, https:\/\/fmp-components.com\/wp-content\/uploads\/2024\/12\/agricultural-sprayer-gearbox-specification-D27A-480x250.webp 480w\" sizes=\"(min-width: 0px) and (max-width: 480px) 480px, (min-width: 481px) 908px, 100vw\" \/><\/p>\n<table style=\"width: 101.336%; height: 345px;\" border=\"1\" cellspacing=\"0\" cellpadding=\"0\">\n<tbody>\n<tr style=\"height: 23px;\">\n<td style=\"height: 70px; width: 7.24947%;\" rowspan=\"2\"><strong>jaz<\/strong><\/td>\n<td style=\"height: 70px; width: 13.6461%;\" rowspan=\"2\"><strong>S<sub>1<\/sub>[vrt\/min]<\/strong><\/td>\n<td style=\"height: 70px; width: 12.0469%;\" rowspan=\"2\"><strong>P<sub>1<\/sub>[kW]<\/strong><\/td>\n<td style=\"height: 70px; width: 13.0064%;\" rowspan=\"2\"><strong>M<sub>2<\/sub>[Nm]<\/strong><\/td>\n<td style=\"height: 23px; width: 44.8827%;\" colspan=\"2\"><strong>Vrsta gredi<\/strong><strong><br \/>\n<\/strong><\/td>\n<td style=\"height: 70px; width: 9.06183%;\" rowspan=\"2\"><strong>Vnos<\/strong><\/td>\n<\/tr>\n<tr style=\"height: 47px;\">\n<td style=\"height: 47px; width: 21.9616%;\"><strong>\u00a0 \u00a0 \u00a0 \u00a0 \u00a0 \u00a0 \u00a0 \u00a0 \u00a0 \u00a0 \u00a0 \u00a0X<br \/>\n<\/strong>\u00a0<img loading=\"lazy\" decoding=\"async\" class=\"size-full wp-image-2180 aligncenter\" src=\"https:\/\/fmp-components.com\/wp-content\/uploads\/2024\/12\/shaft-x-3.webp\" alt=\"gred-x\" width=\"81\" height=\"78\" title=\"\" srcset=\"https:\/\/fmp-components.com\/wp-content\/uploads\/2024\/12\/shaft-x-3.webp 81w, https:\/\/fmp-components.com\/wp-content\/uploads\/2024\/12\/shaft-x-3-12x12.webp 12w\" sizes=\"(max-width: 81px) 100vw, 81px\" \/><\/td>\n<td style=\"height: 47px; width: 22.9211%;\"><strong>\u00a0 \u00a0 \u00a0 \u00a0 \u00a0 \u00a0 \u00a0 \u00a0 \u00a0 \u00a0 \u00a0\u017d<\/strong><\/p>\n<p><strong><img loading=\"lazy\" decoding=\"async\" class=\"size-full wp-image-2181 aligncenter\" src=\"https:\/\/fmp-components.com\/wp-content\/uploads\/2024\/12\/shaft-z.webp\" alt=\"gred-z\" width=\"81\" height=\"84\" title=\"\" srcset=\"https:\/\/fmp-components.com\/wp-content\/uploads\/2024\/12\/shaft-z.webp 81w, https:\/\/fmp-components.com\/wp-content\/uploads\/2024\/12\/shaft-z-12x12.webp 12w\" sizes=\"(max-width: 81px) 100vw, 81px\" \/><\/strong><\/td>\n<\/tr>\n<tr style=\"height: 47px;\">\n<td style=\"height: 47px; width: 7.24947%;\">4.00<br \/>\n5.25<\/td>\n<td style=\"height: 47px; width: 13.6461%;\">540<\/td>\n<td style=\"height: 47px; width: 12.0469%;\">22.1<\/td>\n<td style=\"height: 47px; width: 13.0064%;\"><\/td>\n<td style=\"height: 47px; width: 21.9616%;\">1\u201d 3\/8 Z6<\/td>\n<td style=\"height: 47px; width: 22.9211%;\"><\/td>\n<td style=\"height: 47px; width: 9.06183%;\">X<\/td>\n<\/tr>\n<tr style=\"height: 47px;\">\n<td style=\"height: 47px; width: 7.24947%;\">3.70<br \/>\n4.80<\/td>\n<td style=\"height: 47px; width: 13.6461%;\">540<\/td>\n<td style=\"height: 47px; width: 12.0469%;\">22.1<\/td>\n<td style=\"height: 47px; width: 13.0064%;\">&#8211;<\/td>\n<td style=\"height: 47px; width: 21.9616%;\">1\u201d 3\/8 Z6<\/td>\n<td style=\"height: 47px; width: 22.9211%;\">\u00a0L250 35<\/td>\n<td style=\"height: 47px; width: 9.06183%;\">X<\/td>\n<\/tr>\n<tr style=\"height: 47px;\">\n<td style=\"height: 47px; width: 7.24947%;\">3.70<br \/>\n4.40<\/td>\n<td style=\"height: 47px; width: 13.6461%;\">540<\/td>\n<td style=\"height: 47px; width: 12.0469%;\">22.1<\/td>\n<td style=\"height: 47px; width: 13.0064%;\">&#8211;<\/td>\n<td style=\"height: 47px; width: 21.9616%;\">1\u201d 3\/8 Z6<\/td>\n<td style=\"height: 47px; width: 22.9211%;\">L117 35<\/td>\n<td style=\"height: 47px; width: 9.06183%;\">X<\/td>\n<\/tr>\n<tr style=\"height: 47px;\">\n<td style=\"height: 47px; width: 7.24947%;\">2.95<br \/>\n4.00<\/td>\n<td style=\"height: 47px; width: 13.6461%;\">540<\/td>\n<td style=\"height: 47px; width: 12.0469%;\">22.1<\/td>\n<td style=\"height: 47px; width: 13.0064%;\"><\/td>\n<td style=\"height: 47px; width: 21.9616%;\">1\u201d 3\/8 Z6<\/td>\n<td style=\"height: 47px; width: 22.9211%;\"><\/td>\n<td style=\"height: 47px; width: 9.06183%;\">X<\/td>\n<\/tr>\n<\/tbody>\n<\/table>\n<p><img loading=\"lazy\" decoding=\"async\" class=\"alignnone size-full wp-image-2191\" src=\"https:\/\/fmp-components.com\/wp-content\/uploads\/2024\/12\/agricultural-sprayer-gearbox-specification-D27J-D27B.webp\" alt=\"specifikacija menjalnika kmetijske \u0161kropilnice D27J-D27B\" width=\"853\" height=\"454\" title=\"\" srcset=\"https:\/\/fmp-components.com\/wp-content\/uploads\/2024\/12\/agricultural-sprayer-gearbox-specification-D27J-D27B.webp 853w, https:\/\/fmp-components.com\/wp-content\/uploads\/2024\/12\/agricultural-sprayer-gearbox-specification-D27J-D27B-480x255.webp 480w\" sizes=\"(min-width: 0px) and (max-width: 480px) 480px, (min-width: 481px) 853px, 100vw\" \/><\/p>\n<table style=\"width: 100.094%; height: 286px;\" border=\"1\" cellspacing=\"0\" cellpadding=\"0\">\n<tbody>\n<tr>\n<td style=\"width: 7.5594%;\" rowspan=\"2\"><strong>jaz<\/strong><\/td>\n<td style=\"width: 14.0389%;\" rowspan=\"2\"><strong>S<sub>1<\/sub>[vrt\/min]<\/strong><\/td>\n<td style=\"width: 12.419%;\" rowspan=\"2\"><strong>P<sub>1<\/sub>[kW]<\/strong><\/td>\n<td style=\"width: 13.4989%;\" rowspan=\"2\"><strong>M<sub>2<\/sub>[Nm]<\/strong><\/td>\n<td style=\"width: 42.9806%;\" colspan=\"2\"><strong>Vrsta gredi<\/strong><strong><br \/>\n<\/strong><\/td>\n<td style=\"width: 9.28726%;\" rowspan=\"2\"><strong>Vnos<\/strong><\/td>\n<\/tr>\n<tr>\n<td style=\"width: 21.4903%;\"><strong>\u00a0 \u00a0 \u00a0 \u00a0 \u00a0 \u00a0 \u00a0 \u00a0 \u00a0 \u00a0 \u00a0 \u00a0X<br \/>\n<\/strong><img loading=\"lazy\" decoding=\"async\" class=\"size-full wp-image-2180 aligncenter\" src=\"https:\/\/fmp-components.com\/wp-content\/uploads\/2024\/12\/shaft-x-3.webp\" alt=\"gred-x\" width=\"81\" height=\"78\" title=\"\" srcset=\"https:\/\/fmp-components.com\/wp-content\/uploads\/2024\/12\/shaft-x-3.webp 81w, https:\/\/fmp-components.com\/wp-content\/uploads\/2024\/12\/shaft-x-3-12x12.webp 12w\" sizes=\"(max-width: 81px) 100vw, 81px\" \/><\/td>\n<td style=\"width: 21.4903%;\"><strong>\u00a0 \u00a0 \u00a0 \u00a0 \u00a0 \u00a0 \u00a0 \u00a0 \u00a0 \u00a0 \u00a0 \u017d<img loading=\"lazy\" decoding=\"async\" class=\"size-full wp-image-2181 aligncenter\" src=\"https:\/\/fmp-components.com\/wp-content\/uploads\/2024\/12\/shaft-z.webp\" alt=\"gred-z\" width=\"81\" height=\"84\" title=\"\" srcset=\"https:\/\/fmp-components.com\/wp-content\/uploads\/2024\/12\/shaft-z.webp 81w, https:\/\/fmp-components.com\/wp-content\/uploads\/2024\/12\/shaft-z-12x12.webp 12w\" sizes=\"(max-width: 81px) 100vw, 81px\" \/><\/strong><\/td>\n<\/tr>\n<tr>\n<td style=\"width: 7.5594%;\">4.00<br \/>\n5.25<\/td>\n<td style=\"width: 14.0389%;\">540<\/td>\n<td style=\"width: 12.419%;\">22.1<\/td>\n<td style=\"width: 13.4989%;\">&#8211;<\/td>\n<td style=\"width: 21.4903%;\">1\u201d 3\/8 Z6<\/td>\n<td style=\"width: 21.4903%;\">L200 \u03a630<\/td>\n<td style=\"width: 9.28726%;\">X<\/td>\n<\/tr>\n<tr>\n<td style=\"width: 7.5594%;\">3.69<br \/>\n4.36<\/td>\n<td style=\"width: 14.0389%;\">540<\/td>\n<td style=\"width: 12.419%;\">22.1<\/td>\n<td style=\"width: 13.4989%;\">&#8211;<\/td>\n<td style=\"width: 21.4903%;\">1\u201d 3\/8 Z6<\/td>\n<td style=\"width: 21.4903%;\">\u00a0L253 40<\/td>\n<td style=\"width: 9.28726%;\">X<\/td>\n<\/tr>\n<tr>\n<td style=\"width: 7.5594%;\">2.95<br \/>\n4.00<\/td>\n<td style=\"width: 14.0389%;\">540<\/td>\n<td style=\"width: 12.419%;\">22.1<\/td>\n<td style=\"width: 13.4989%;\">&#8211;<\/td>\n<td style=\"width: 21.4903%;\">1\u201d 3\/8 Z6<\/td>\n<td style=\"width: 21.4903%;\">L200 40<\/td>\n<td style=\"width: 9.28726%;\">X<\/td>\n<\/tr>\n<tr>\n<td style=\"width: 7.5594%;\">2.95<br \/>\n4.00<\/td>\n<td style=\"width: 14.0389%;\">540<\/td>\n<td style=\"width: 12.419%;\">22.1<\/td>\n<td style=\"width: 13.4989%;\">&#8211;<\/td>\n<td style=\"width: 21.4903%;\">1\u201d 3\/8 Z6<\/td>\n<td style=\"width: 21.4903%;\">L250 40<\/td>\n<td style=\"width: 9.28726%;\">X<\/td>\n<\/tr>\n<\/tbody>\n<\/table>\n<h3>Prednosti menjalnika kmetijske \u0161kropilnice<\/h3>\n<ol>\n<li><strong>U\u010dinkovit prenos mo\u010di<\/strong><br \/>\nMenjalniki kmetijskih \u0161kropilnic so zasnovani tako, da u\u010dinkovito prena\u0161ajo mo\u010d iz sistema kardanske gredi traktorja na \u010drpalko ali \u0161kropilni mehanizem \u0161kropilnice. To zagotavlja optimalno u\u010dinkovitost delovanja \u0161kropilnice, pri \u010demer menjalnik pretvori visokohitrostni in nizek navorni vhod iz traktorja v pravilen nizkohitrostni in visok navorni izhod, potreben za u\u010dinkovito \u0161kropljenje. Ta u\u010dinkovit prenos mo\u010di pove\u010da delovanje \u0161kropilnice ter zagotavlja natan\u010dno in dosledno \u0161kropljenje pesticidov, gnojil in drugih kemikalij.<\/li>\n<li><strong>Zmanj\u0161anje hitrosti in pove\u010danje navora<\/strong><br \/>\nEna klju\u010dnih prednosti menjalnika kmetijske \u0161kropilnice je njegova sposobnost zmanj\u0161anja hitrosti in pove\u010danja navora vhodne mo\u010di. \u0160kropilnice potrebujejo ni\u017eje hitrosti in ve\u010dji navor za u\u010dinkovito delovanje \u010drpalk in \u0161ob, menjalnik pa zagotavlja, da so ti pogoji izpolnjeni. Z upo\u010dasnitvijo hitrosti vrtenja kardanske gredi traktorja in hkrati pove\u010danjem navora menjalnik zagotavlja potrebno mehansko prednost za u\u010dinkovito \u0161kropljenje na velikih kmetijskih povr\u0161inah.<\/li>\n<li><strong>Vzdr\u017eljivost in dolgo\u017eivost<\/strong><br \/>\nMenjalniki kmetijskih \u0161kropilnic so izdelani tako, da prenesejo te\u017eke pogoje kmetijskega dela. Izdelani so iz visokokakovostnih materialov in robustne konstrukcije, kar zagotavlja vzdr\u017eljivost in dolgoro\u010dno delovanje. Zmo\u017enost prena\u0161anja visokih obremenitev in neprekinjenega delovanja, ki je obi\u010dajno v kmetijskih okoljih, naredi te menjalnike zelo zanesljive, kar zmanj\u0161uje potrebo po pogostih popravilih ali zamenjavah. Ta dolgo\u017eivost pomeni ni\u017eje skupne stro\u0161ke lastni\u0161tva za kmete.<\/li>\n<li><strong>Za\u0161\u010dita pred preobremenitvijo<\/strong><br \/>\n\u0160tevilni menjalniki kmetijskih \u0161kropilnic imajo mehanizme za za\u0161\u010dito pred preobremenitvijo, kot so stri\u017eni zati\u010di ali sklopke. Ti sistemi pomagajo za\u0161\u010dititi menjalnik pred nenadnimi mehanskimi preobremenitvami, do katerih lahko pride, \u010de \u0161kropilnica naleti na oviro ali \u010de pride do nenadne spremembe obremenitve. Z absorpcijo prekomerne obremenitve in prepre\u010devanjem po\u0161kodb notranjih komponent za\u0161\u010dita pred preobremenitvijo podalj\u0161a \u017eivljenjsko dobo menjalnika in zagotavlja nemoteno delovanje med kriti\u010dnimi \u0161kropilnimi opravili.<\/li>\n<li><strong>Nizko vzdr\u017eevanje in enostavno mazanje<\/strong><br \/>\nPravilno mazanje je bistvenega pomena za nemoteno delovanje katerega koli menjalnika, menjalniki kmetijskih \u0161kropilnic pa so zasnovani z enostavnimi sistemi mazanja. Ti sistemi zagotavljajo, da so zobniki in gibljivi deli ustrezno mazanje, kar zmanj\u0161uje trenje in obrabo ter prepre\u010duje pregrevanje. Z rutinskimi pregledi in vzdr\u017eevanjem, kot je redna menjava olja, lahko menjalnik ohranja svojo u\u010dinkovitost in deluje nemoteno, kar zahteva minimalno vzdr\u017eevanje skozi celotno \u017eivljenjsko dobo. Zaradi enostavnosti vzdr\u017eevanja se kmetom dodatno zmanj\u0161ajo obratovalni stro\u0161ki in izpadi.<\/li>\n<\/ol>\n<p>Menjalnik kmetijske \u0161kropilnice ponuja \u0161tevilne prednosti, vklju\u010dno z u\u010dinkovitim prenosom mo\u010di, zmanj\u0161anjem hitrosti s pove\u010danjem navora, vzdr\u017eljivostjo, za\u0161\u010dito pred preobremenitvijo in nizkimi zahtevami po vzdr\u017eevanju. Te lastnosti prispevajo k zanesljivosti in u\u010dinkovitosti menjalnika, kar zagotavlja, da \u0161kropilnice delujejo u\u010dinkovito skozi \u010das, tudi v te\u017ekih kmetijskih pogojih. Z optimizacijo delovanja in zmanj\u0161anjem \u010dasa izpada je menjalnik bistvena komponenta za uspe\u0161no in stro\u0161kovno u\u010dinkovito \u0161kropljenje.<\/p>\n<p><img loading=\"lazy\" decoding=\"async\" class=\"alignnone size-full wp-image-2193\" src=\"https:\/\/fmp-components.com\/wp-content\/uploads\/2024\/12\/Agricultural-Sprayer-Gearbox-19.webp\" alt=\"Menjalnik za kmetijske \u0161kropilnice\" width=\"2016\" height=\"1512\" title=\"\" srcset=\"https:\/\/fmp-components.com\/wp-content\/uploads\/2024\/12\/Agricultural-Sprayer-Gearbox-19.webp 2016w, https:\/\/fmp-components.com\/wp-content\/uploads\/2024\/12\/Agricultural-Sprayer-Gearbox-19-1280x960.webp 1280w, https:\/\/fmp-components.com\/wp-content\/uploads\/2024\/12\/Agricultural-Sprayer-Gearbox-19-980x735.webp 980w, https:\/\/fmp-components.com\/wp-content\/uploads\/2024\/12\/Agricultural-Sprayer-Gearbox-19-480x360.webp 480w\" sizes=\"(min-width: 0px) and (max-width: 480px) 480px, (min-width: 481px) and (max-width: 980px) 980px, (min-width: 981px) and (max-width: 1280px) 1280px, (min-width: 1281px) 2016px, 100vw\" \/><\/p>\n<h3>Kardanske gredi za menjalnik kmetijskih \u0161kropilnic<\/h3>\n<ol>\n<li><strong>U\u010dinkovitost prenosa mo\u010di<\/strong><br \/>\nKardanske gredi (PTO) igrajo klju\u010dno vlogo pri prenosu mehanske mo\u010di iz traktorja v menjalnik kmetijske \u0161kropilnice. Kardanska gred je povezana s sistemom kardanske gredi traktorja, kar omogo\u010da prenos mo\u010di motorja skozi gred v menjalnik, ki poganja \u010drpalko \u0161kropilnice in druge bistvene komponente. Ta neposreden prenos mo\u010di zagotavlja u\u010dinkovito delovanje \u0161kropilnice, saj zagotavlja pravilno koli\u010dino tlaka in pretoka v \u0161kropilni sistem za enakomerno porazdelitev kemikalij.<\/li>\n<li><strong>Vsestranskost in zdru\u017eljivost<\/strong><br \/>\nKardanske gredi so zasnovane tako, da so zelo vsestranske in zdru\u017eljive s \u0161iroko paleto menjalnikov kmetijskih \u0161kropilnic. Z razli\u010dnimi velikostmi in konfiguracijami, ki so na voljo, je mogo\u010de kardanske gredi enostavno uskladiti z razli\u010dnimi vrstami \u0161kropilnic, od majhnih, ro\u010dnih enot do velikih, traktorskih \u0161kropilnic. Njihova univerzalna zasnova omogo\u010da brezhibno integracijo z razli\u010dnimi sistemi \u0161kropilnic, zaradi \u010desar so zanesljiva re\u0161itev za kmete, ki uporabljajo razli\u010dne modele \u0161kropilnic v razli\u010dnih kmetijskih dejavnostih.<\/li>\n<li><strong>Vzdr\u017eljivost in robustna konstrukcija<\/strong><br \/>\nMenjalniki in kardanske gredi kmetijskih \u0161kropilnic so izpostavljeni te\u017ekim terenskim razmeram, vklju\u010dno z izpostavljenostjo umazaniji, vlagi in velikim obremenitvam. Kardanske gredi, ki se uporabljajo z menjalniki kmetijskih \u0161kropilnic, so izdelane iz visoko trdnih materialov, kot je legirano jeklo, kar pove\u010duje njihovo vzdr\u017eljivost in odpornost proti obrabi. Ta robustna konstrukcija zagotavlja, da kardanska gred prenese ponavljajo\u010de se obremenitve in obremenitve kmetijskih del, kar zagotavlja dolgoro\u010dno zanesljivost in zmanj\u0161uje potrebo po zamenjavah ali popravilih.<\/li>\n<li><strong>Varnostne funkcije<\/strong><br \/>\n\u0160tevilne kardanske gredi za menjalnike kmetijskih \u0161kropilnic so opremljene z vgrajenimi varnostnimi elementi, kot so stri\u017eni zati\u010di, sklopke ali drsne vilice. Ti varnostni mehanizmi pomagajo prepre\u010diti po\u0161kodbe kardanske gredi in menjalnika v primeru nenadnih mehanskih preobremenitev ali ovir. Ko pride do mehanske preobremenitve, stri\u017eni zati\u010d ali sklopka odklopi prenos mo\u010di gredi in prepre\u010di po\u0161kodbe menjalnika \u0161kropilnice ali drugih priklju\u010denih komponent. Te varnostne funkcije pomagajo zmanj\u0161ati tveganje izpada in dragih popravil ter zagotavljajo neprekinjeno delovanje.<\/li>\n<li><strong>Enostavnost vzdr\u017eevanja<\/strong><br \/>\nRedno vzdr\u017eevanje kardanskih gredi je bistvenega pomena za zagotavljanje optimalne zmogljivosti in dolge \u017eivljenjske dobe. Kardanske gredi, zasnovane za menjalnike kmetijskih \u0161kropilnic, so izdelane z mislijo na enostavno vzdr\u017eevanje. Opremljene so s funkcijami, kot so hitrospojke, mazalke in enostavne dostopne to\u010dke za mazanje. Z vzdr\u017eevanjem ustreznega mazanja in rednimi pregledi lahko kmetje zagotovijo nemoteno delovanje kardanske gredi, kar zmanj\u0161a trenje in obrabo. Redno vzdr\u017eevanje podalj\u0161a tudi \u017eivljenjsko dobo kardanske gredi in priklju\u010denega menjalnika \u0161kropilnice, kar zmanj\u0161a skupne stro\u0161ke lastni\u0161tva.<\/li>\n<\/ol>\n<p>Kardanske gredi za menjalnike kmetijskih \u0161kropilnic so bistvene komponente, ki u\u010dinkovito prena\u0161ajo mo\u010d iz traktorja v sistem \u0161kropilnice. Zaradi svoje vsestranskosti, vzdr\u017eljivosti in zdru\u017eljivosti z razli\u010dnimi modeli \u0161kropilnic so klju\u010dni del sodobnega kmetijskega delovanja. Z vgrajenimi varnostnimi funkcijami in enostavnim vzdr\u017eevanjem kardanske gredi zagotavljajo nemoteno delovanje, zmanj\u0161ujejo \u010das izpada in podalj\u0161ujejo \u017eivljenjsko dobo kardanske gredi in menjalnika. Za optimalno delovanje in dolgoro\u010dno zanesljivost sta redno vzdr\u017eevanje in pravilna uporaba teh gredi klju\u010dnega pomena za ohranjanje u\u010dinkovitega \u0161kropljenja v kmetijstvu.<\/p>\n<p><img loading=\"lazy\" decoding=\"async\" class=\"alignnone size-full wp-image-2194\" src=\"https:\/\/fmp-components.com\/wp-content\/uploads\/2024\/12\/tractor-pto-shaft.webp\" alt=\"Menjalnik za kmetijske \u0161kropilnice\" width=\"1000\" height=\"580\" title=\"\" srcset=\"https:\/\/fmp-components.com\/wp-content\/uploads\/2024\/12\/tractor-pto-shaft.webp 1000w, https:\/\/fmp-components.com\/wp-content\/uploads\/2024\/12\/tractor-pto-shaft-980x568.webp 980w, https:\/\/fmp-components.com\/wp-content\/uploads\/2024\/12\/tractor-pto-shaft-480x278.webp 480w\" sizes=\"(min-width: 0px) and (max-width: 480px) 480px, (min-width: 481px) and (max-width: 980px) 980px, (min-width: 981px) 1000px, 100vw\" \/><\/p>\n<h3>O FMP-ju<\/h3>\n<p>FMP s sede\u017eem v Italiji je vodilni proizvajalec, znan po svojem strokovnem znanju na podro\u010dju na\u010drtovanja, razvoja in proizvodnje visokozmogljivih menjalnikov, s posebnim poudarkom na sektorju kmetijske mehanizacije. Z ugledom na podro\u010dju natan\u010dnega in\u017eeniringa, inovativnih re\u0161itev in neomajne zanesljivosti je FMP postal zaupanja vreden partner pri re\u0161evanju razvijajo\u010dih se potreb tako kmetijskega kot industrijskega sektorja. Na\u0161a raznolika ponudba izdelkov vklju\u010duje specializirane menjalnike za kosilnice, kardanske gredi in druge bistvene komponente, ki so vse skrbno zasnovane za zagotavljanje prilagojenih re\u0161itev za \u0161irok spekter uporabe.<\/p>\n<p>Pri FMP razumemo, da ima vsaka stranka edinstvene zahteve in izzive. Zato smo specializirani za ponujanje re\u0161itev po meri, bodisi za posamezne komponente bodisi za popolnoma integrirane sisteme. Tesno sodelujemo z na\u0161imi strankami, da zagotovimo, da je vsaka re\u0161itev ne le u\u010dinkovita, ampak tudi uspe\u0161na, kar optimizira tako zmogljivost kot vrednost. Na\u0161a zavezanost hitrim in profesionalnim odgovorom, skupaj s strokovnim vodenjem, zagotavlja, da se vsako povpra\u0161evanje obravnava z najve\u010djo skrbnostjo in natan\u010dnostjo, kar vodi do najbolj\u0161ih mo\u017enih rezultatov.<\/p>\n<p>V celotnem procesu razvoja izdelkov dajemo prednost odprti in stalni komunikaciji. Na\u0161a predana ekipa sodeluje neposredno s strankami, da bi v celoti razumela njihove specifi\u010dne potrebe, in jim ponuja dragocene vpoglede in priporo\u010dila za zagotavljanje optimalnih re\u0161itev. Ne glede na to, ali oblikujemo inovativne izdelke ali izpolnjujemo teko\u010da naro\u010dila, je FMP zavezan k zagotavljanju visokokakovostnih, natan\u010dno izdelanih re\u0161itev pravo\u010dasno in vsaki\u010d. Na\u0161 cilj je strankam zagotoviti najbolj\u0161o storitev in rezultate, ki pri vsakem projektu presegajo pri\u010dakovanja.<\/p>\n<p>Kakovost je temelj poslovanja podjetja FMP. Dr\u017eimo se najvi\u0161jih proizvodnih standardov in izvajamo stroge ukrepe nadzora kakovosti, da zagotovimo, da vsak izdelek ne le izpolnjuje, ampak tudi presega industrijske standarde. Ta neomajna zavezanost kakovosti, skupaj z na\u0161imi temeljnimi vrednotami integritete, timskega dela in vztrajnosti, nam je omogo\u010dila, da smo s strankami v skoraj 30 dr\u017eavah po vsem svetu zgradili dolgotrajne, na zaupanju temelje\u010de odnose.<\/p>\n<p>FMP je vedno odprt za spodbujanje globalnih partnerstev in ostaja predan ponujanju strokovnih nasvetov in prilagojenih re\u0161itev, ki ustrezajo raznolikim potrebam na\u0161ih strank. Gremo dlje od zgolj dobave izdelkov; na\u0161 cilj je graditi trajne odnose, ki prispevajo k uspehu vsakega projekta. Ne glede na to, ali potrebujete inovativne re\u0161itve za novo pobudo ali stalno podporo za obstoje\u010di sistem, je FMP tukaj, da se spopade z va\u0161imi tehni\u010dnimi izzivi in \u200b\u200bzagotovi va\u0161 nadaljnji uspeh.<\/p>\n<p><img loading=\"lazy\" decoding=\"async\" class=\"alignnone size-full wp-image-1861\" src=\"https:\/\/fmp-components.com\/wp-content\/uploads\/2024\/12\/Other-Agricultural-Gearboxes.webp\" sizes=\"(min-width: 0px) and (max-width: 480px) 480px, (min-width: 481px) and (max-width: 980px) 980px, (min-width: 981px) 1200px, 100vw\" srcset=\"https:\/\/fmp-components.com\/wp-content\/uploads\/2024\/12\/Other-Agricultural-Gearboxes.webp 1200w, https:\/\/fmp-components.com\/wp-content\/uploads\/2024\/12\/Other-Agricultural-Gearboxes-980x1143.webp 980w, https:\/\/fmp-components.com\/wp-content\/uploads\/2024\/12\/Other-Agricultural-Gearboxes-480x560.webp 480w\" alt=\"Altri-cambi-agricoli\" width=\"1200\" height=\"1400\" title=\"\"><\/p>\n<p>Avtor: CX<\/p>","protected":false},"excerpt":{"rendered":"<p>Specifications of Agricultural Sprayer Gearbox D27A\/D27J\/D27B D27A i N1[rpm] P1[kW] M2[Nm] Shaft Type Input \u00a0 \u00a0 \u00a0 \u00a0 \u00a0 \u00a0 \u00a0 \u00a0 \u00a0 \u00a0 \u00a0 \u00a0X \u00a0 \u00a0 \u00a0 \u00a0 \u00a0 \u00a0 \u00a0 \u00a0 \u00a0 \u00a0 \u00a0 \u00a0Z 4.00 5.25 540 22.1 1&#8221; 3\/8 Z6 X 3.70 4.80 540 22.1 &#8211; 1&#8221; 3\/8 Z6 \u00a0L250 [&hellip;]<\/p>","protected":false},"featured_media":2189,"comment_status":"open","ping_status":"closed","template":"","meta":{"_et_pb_use_builder":"","_et_pb_old_content":"","_et_gb_content_width":""},"product_brand":[],"product_cat":[55],"product_tag":[],"class_list":{"0":"post-2187","1":"product","2":"type-product","3":"status-publish","4":"has-post-thumbnail","6":"product_cat-agricultural-sprayer-gearbox","8":"first","9":"instock","10":"shipping-taxable","11":"product-type-simple"},"_links":{"self":[{"href":"https:\/\/fmp-components.com\/sl\/wp-json\/wp\/v2\/product\/2187","targetHints":{"allow":["GET"]}}],"collection":[{"href":"https:\/\/fmp-components.com\/sl\/wp-json\/wp\/v2\/product"}],"about":[{"href":"https:\/\/fmp-components.com\/sl\/wp-json\/wp\/v2\/types\/product"}],"replies":[{"embeddable":true,"href":"https:\/\/fmp-components.com\/sl\/wp-json\/wp\/v2\/comments?post=2187"}],"wp:featuredmedia":[{"embeddable":true,"href":"https:\/\/fmp-components.com\/sl\/wp-json\/wp\/v2\/media\/2189"}],"wp:attachment":[{"href":"https:\/\/fmp-components.com\/sl\/wp-json\/wp\/v2\/media?parent=2187"}],"wp:term":[{"taxonomy":"product_brand","embeddable":true,"href":"https:\/\/fmp-components.com\/sl\/wp-json\/wp\/v2\/product_brand?post=2187"},{"taxonomy":"product_cat","embeddable":true,"href":"https:\/\/fmp-components.com\/sl\/wp-json\/wp\/v2\/product_cat?post=2187"},{"taxonomy":"product_tag","embeddable":true,"href":"https:\/\/fmp-components.com\/sl\/wp-json\/wp\/v2\/product_tag?post=2187"}],"curies":[{"name":"delovni list","href":"https:\/\/api.w.org\/{rel}","templated":true}]}}