{"id":2177,"date":"2024-12-30T08:25:25","date_gmt":"2024-12-30T08:25:25","guid":{"rendered":"https:\/\/fmp-components.com\/?page_id=8"},"modified":"2024-12-30T08:27:08","modified_gmt":"2024-12-30T08:27:08","slug":"agricultural-sprayer-gearbox-replacement-of-comer-code-d-7a-d-7b","status":"publish","type":"product","link":"https:\/\/fmp-components.com\/sl\/product\/agricultural-sprayer-gearbox-replacement-of-comer-code-d-7a-d-7b\/","title":{"rendered":"Menjalnik kmetijske \u0161kropilnice \u2013 zamenjava kode Comer D-7A\/D-7B"},"content":{"rendered":"<p><img loading=\"lazy\" decoding=\"async\" class=\"wp-image-2183 aligncenter\" src=\"https:\/\/fmp-components.com\/wp-content\/uploads\/2024\/12\/agricultural-sprayer-gearbox-D7.webp\" alt=\"menjalnik-za-kmetijske-\u0161kropilnice-D7\" width=\"536\" height=\"536\" title=\"\" srcset=\"https:\/\/fmp-components.com\/wp-content\/uploads\/2024\/12\/agricultural-sprayer-gearbox-D7.webp 536w, https:\/\/fmp-components.com\/wp-content\/uploads\/2024\/12\/agricultural-sprayer-gearbox-D7-480x480.webp 480w\" sizes=\"(min-width: 0px) and (max-width: 480px) 480px, (min-width: 481px) 536px, 100vw\" \/><\/p>\n<h2>Specifikacije menjalnika kmetijske \u0161kropilnice D-7A in D-7B<\/h2>\n<h3>D-7A<\/h3>\n<p><img loading=\"lazy\" decoding=\"async\" class=\"alignnone size-full wp-image-2178\" src=\"https:\/\/fmp-components.com\/wp-content\/uploads\/2024\/12\/agricultural-sprayer-gearbox-specification-D7A.webp\" alt=\"specifikacija-menjalnika-za-kmetijske-\u0161kropilnice-D7A\" width=\"950\" height=\"550\" title=\"\" srcset=\"https:\/\/fmp-components.com\/wp-content\/uploads\/2024\/12\/agricultural-sprayer-gearbox-specification-D7A.webp 950w, https:\/\/fmp-components.com\/wp-content\/uploads\/2024\/12\/agricultural-sprayer-gearbox-specification-D7A-480x278.webp 480w\" sizes=\"(min-width: 0px) and (max-width: 480px) 480px, (min-width: 481px) 950px, 100vw\" \/><\/p>\n<table style=\"width: 97.7768%; height: 297px;\" border=\"1\" cellspacing=\"0\" cellpadding=\"0\">\n<tbody>\n<tr>\n<td rowspan=\"2\"><strong>jaz<\/strong><\/td>\n<td rowspan=\"2\"><strong>S<sub>1<\/sub>[vrt\/min]<\/strong><\/td>\n<td rowspan=\"2\"><strong>P<sub>1<\/sub>[kW]<\/strong><\/td>\n<td rowspan=\"2\"><strong>M<sub>2<\/sub>[Nm]<\/strong><\/td>\n<td colspan=\"2\"><strong>Vrsta gredi<\/strong><strong><br \/>\n<\/strong><\/td>\n<td rowspan=\"2\"><strong>Vnos<\/strong><\/td>\n<\/tr>\n<tr>\n<td><strong>X<\/strong><img loading=\"lazy\" decoding=\"async\" class=\"alignnone size-full wp-image-2180\" src=\"https:\/\/fmp-components.com\/wp-content\/uploads\/2024\/12\/shaft-x-3.webp\" alt=\"gred-x\" width=\"81\" height=\"78\" title=\"\" srcset=\"https:\/\/fmp-components.com\/wp-content\/uploads\/2024\/12\/shaft-x-3.webp 81w, https:\/\/fmp-components.com\/wp-content\/uploads\/2024\/12\/shaft-x-3-12x12.webp 12w\" sizes=\"(max-width: 81px) 100vw, 81px\" \/><\/p>\n<p>&nbsp;<\/td>\n<td><strong>\u017d<\/strong><img loading=\"lazy\" decoding=\"async\" class=\"alignnone size-full wp-image-2181\" src=\"https:\/\/fmp-components.com\/wp-content\/uploads\/2024\/12\/shaft-z.webp\" alt=\"gred-z\" width=\"81\" height=\"84\" title=\"\" srcset=\"https:\/\/fmp-components.com\/wp-content\/uploads\/2024\/12\/shaft-z.webp 81w, https:\/\/fmp-components.com\/wp-content\/uploads\/2024\/12\/shaft-z-12x12.webp 12w\" sizes=\"(max-width: 81px) 100vw, 81px\" \/><\/p>\n<p>&nbsp;<\/td>\n<\/tr>\n<tr>\n<td>5.82<\/td>\n<td>540<\/td>\n<td>16.2<\/td>\n<td>48<\/td>\n<td>1\u201d 3\/8 Z6<\/td>\n<td>35<\/td>\n<td>X<\/td>\n<\/tr>\n<tr>\n<td>4.36<\/td>\n<td>540<\/td>\n<td>21.3<\/td>\n<td>84<\/td>\n<td>1\u201d 3\/8 Z6<\/td>\n<td><\/td>\n<td>X<\/td>\n<\/tr>\n<tr>\n<td>4.00<\/td>\n<td>540<\/td>\n<td>21.7<\/td>\n<td>93<\/td>\n<td>1\u201d 3\/8 Z6<\/td>\n<td><\/td>\n<td>X<\/td>\n<\/tr>\n<\/tbody>\n<\/table>\n<h3>D-7B<\/h3>\n<p><img loading=\"lazy\" decoding=\"async\" class=\"alignnone size-full wp-image-2179\" src=\"https:\/\/fmp-components.com\/wp-content\/uploads\/2024\/12\/agricultural-sprayer-gearbox-specification-D7B.webp\" alt=\"specifikacija menjalnika-za-kmetijske-\u0161kropilnice-D7B\" width=\"950\" height=\"550\" title=\"\" srcset=\"https:\/\/fmp-components.com\/wp-content\/uploads\/2024\/12\/agricultural-sprayer-gearbox-specification-D7B.webp 950w, https:\/\/fmp-components.com\/wp-content\/uploads\/2024\/12\/agricultural-sprayer-gearbox-specification-D7B-480x278.webp 480w\" sizes=\"(min-width: 0px) and (max-width: 480px) 480px, (min-width: 481px) 950px, 100vw\" \/><\/p>\n<table style=\"width: 90.4364%; height: 255px;\" border=\"1\" cellspacing=\"0\" cellpadding=\"0\">\n<tbody>\n<tr>\n<td rowspan=\"2\"><strong>jaz<\/strong><\/td>\n<td rowspan=\"2\"><strong>S<sub>1<\/sub>[vrt\/min]<\/strong><\/td>\n<td rowspan=\"2\"><strong>P<sub>1<\/sub>[kW]<\/strong><\/td>\n<td rowspan=\"2\"><strong>M<sub>2<\/sub>[Nm]<\/strong><\/td>\n<td colspan=\"2\"><strong>Vrsta gredi<\/strong><strong><br \/>\n<\/strong><\/td>\n<td rowspan=\"2\"><strong>Vnos<\/strong><\/td>\n<\/tr>\n<tr>\n<td><strong>X<\/strong><img loading=\"lazy\" decoding=\"async\" class=\"alignnone size-full wp-image-2180\" src=\"https:\/\/fmp-components.com\/wp-content\/uploads\/2024\/12\/shaft-x-3.webp\" alt=\"gred-x\" width=\"81\" height=\"78\" title=\"\" srcset=\"https:\/\/fmp-components.com\/wp-content\/uploads\/2024\/12\/shaft-x-3.webp 81w, https:\/\/fmp-components.com\/wp-content\/uploads\/2024\/12\/shaft-x-3-12x12.webp 12w\" sizes=\"(max-width: 81px) 100vw, 81px\" \/><\/p>\n<p>&nbsp;<\/td>\n<td><strong>\u017d<\/strong><img loading=\"lazy\" decoding=\"async\" class=\"alignnone size-full wp-image-2181\" src=\"https:\/\/fmp-components.com\/wp-content\/uploads\/2024\/12\/shaft-z.webp\" alt=\"gred-z\" width=\"81\" height=\"84\" title=\"\" srcset=\"https:\/\/fmp-components.com\/wp-content\/uploads\/2024\/12\/shaft-z.webp 81w, https:\/\/fmp-components.com\/wp-content\/uploads\/2024\/12\/shaft-z-12x12.webp 12w\" sizes=\"(max-width: 81px) 100vw, 81px\" \/><\/p>\n<p>&nbsp;<\/td>\n<\/tr>\n<tr>\n<td>5.25<\/td>\n<td>540<\/td>\n<td>20.6<\/td>\n<td>67<\/td>\n<td>1\u201d 3\/8 Z6<\/td>\n<td><\/td>\n<td>X<\/td>\n<\/tr>\n<tr>\n<td>4.36<\/td>\n<td>540<\/td>\n<td>21.3<\/td>\n<td>83<\/td>\n<td>1\u201d 3\/8 Z6<\/td>\n<td><\/td>\n<td>X<\/td>\n<\/tr>\n<tr>\n<td>4.00<\/td>\n<td>540<\/td>\n<td>21.7<\/td>\n<td>95<\/td>\n<td>1\u201d 3\/8 Z6<\/td>\n<td>40<\/td>\n<td>X<\/td>\n<\/tr>\n<\/tbody>\n<\/table>\n<h2>Zna\u010dilnosti menjalnika kmetijske \u0161kropilnice<\/h2>\n<ol>\n<li><strong>Visoko u\u010dinkovit prenos mo\u010di<\/strong><br \/>\nMenjalniki kmetijskih \u0161kropilnic so zasnovani za u\u010dinkovit prenos mo\u010di iz sistema kardanske gredi (PTO) traktorja na \u010drpalko ali \u0161kropilni mehanizem \u0161kropilnice. Ti menjalniki zagotavljajo nemoteno in zanesljivo delovanje, kar omogo\u010da, da \u0161kropilnica zagotavlja enakomeren pretok teko\u010dine in pokritost \u0161kropljenja, kar je klju\u010dnega pomena za u\u010dinkovito za\u0161\u010dito pridelkov in uporabo hranil.<\/li>\n<li><strong>Vzdr\u017eljivost in robustna konstrukcija<\/strong><br \/>\nMenjalniki kmetijskih \u0161kropilnic so izdelani tako, da prenesejo te\u017eke razmere v kmetijskem okolju, in so izdelani iz visokokakovostnih, trpe\u017enih materialov, kot sta kaljeno jeklo in lito \u017eelezo. Ti materiali so zasnovani tako, da so odporni na obrabo, tudi pri velikih obremenitvah in dolgotrajni uporabi, kar zagotavlja dolgo \u017eivljenjsko dobo in zmanj\u0161uje \u010das izpada zaradi vzdr\u017eevanja.<\/li>\n<li><strong>Odpornost proti koroziji<\/strong><br \/>\nZaradi izpostavljenosti kemikalijam in vremenskim vplivom so menjalniki kmetijskih \u0161kropilnic zasnovani s premazi in tesnili, odpornimi proti koroziji. To prepre\u010duje po\u0161kodbe menjalnika zaradi \u0161kropilnih kemikalij, vlage in zemlje, kar podalj\u0161uje \u017eivljenjsko dobo menjalnika in ohranja optimalno delovanje v zahtevnih okoljih.<\/li>\n<li><strong>Kompaktna in lahka zasnova<\/strong><br \/>\nMenjalniki kmetijskih \u0161kropilnic so zasnovani s kompaktno in lahko zasnovo, zaradi \u010desar jih je enostavno vklju\u010diti v sisteme \u0161kropilnic, ne da bi pri tem znatno pove\u010dali te\u017eo. Ta lastnost izbolj\u0161a splo\u0161no okretnost in u\u010dinkovitost \u0161kropilnice ter zagotavlja, da je sistem mogo\u010de upravljati z minimalno obremenitvijo traktorja.<\/li>\n<li><strong>Nastavljiva hitrost in nadzor pretoka<\/strong><br \/>\n\u0160tevilni menjalniki kmetijskih \u0161kropilnic so opremljeni z nastavljivimi zobniki, ki upravljavcem omogo\u010dajo nadzor nad hitrostjo in pretokom \u010drpalke \u0161kropilnice. Ta prilagodljivost zagotavlja, da je mogo\u010de \u0161kropilnico natan\u010dno nastaviti glede na specifi\u010dne zahteve pridelka ali polja, kar omogo\u010da natan\u010dno nana\u0161anje gnojil, pesticidov in herbicidov za optimalno za\u0161\u010dito in rast pridelka.<\/li>\n<li><strong>Nizke zahteve glede vzdr\u017eevanja<\/strong><br \/>\nMenjalniki kmetijskih \u0161kropilnic so zasnovani z mislijo na enostavno vzdr\u017eevanje. Z lastnostmi, kot so zatesnjeni le\u017eaji in dobro za\u0161\u010diteni zobniki, ti menjalniki zahtevajo minimalno vzdr\u017eevanje. Redni pregledi in mazanje obi\u010dajno zadostujejo za nemoteno delovanje menjalnika, zaradi \u010desar so dolgoro\u010dno stro\u0161kovno u\u010dinkoviti za kmete.<\/li>\n<li><strong>Visoka navorna zmogljivost<\/strong><br \/>\nMenjalniki kmetijskih \u0161kropilnic so zasnovani za prenos visokega navora, kar zagotavlja, da se mo\u010d, ki jo ustvari kardanska gred traktorja, u\u010dinkovito prena\u0161a na sistem \u0161kropilnice brez ogro\u017eanja zmogljivosti. Ta visoka zmogljivost navora zagotavlja, da lahko \u0161kropilnica vzdr\u017euje dosledno delovanje tudi v zahtevnih terenskih pogojih ali pri delu z veliko opremo.<\/li>\n<\/ol>\n<p>Menjalniki kmetijskih \u0161kropilnic so bistveni sestavni deli za u\u010dinkovito in zanesljivo \u0161kropljenje. Zaradi svoje vzdr\u017eljivosti, odpornosti proti koroziji, nastavljivih krmilnih elementov in kompaktne zasnove so idealni za izpolnjevanje zahtevnih potreb sodobnega kmetijstva in prispevajo k uspe\u0161nemu upravljanju in za\u0161\u010diti pridelkov.<\/p>\n<p><img loading=\"lazy\" decoding=\"async\" class=\"alignnone size-full wp-image-2184\" src=\"https:\/\/fmp-components.com\/wp-content\/uploads\/2024\/12\/Agricultural-Sprayer-Gearbox-24.webp\" alt=\"Menjalnik za kmetijske \u0161kropilnice\" width=\"1000\" height=\"606\" title=\"\" srcset=\"https:\/\/fmp-components.com\/wp-content\/uploads\/2024\/12\/Agricultural-Sprayer-Gearbox-24.webp 1000w, https:\/\/fmp-components.com\/wp-content\/uploads\/2024\/12\/Agricultural-Sprayer-Gearbox-24-980x594.webp 980w, https:\/\/fmp-components.com\/wp-content\/uploads\/2024\/12\/Agricultural-Sprayer-Gearbox-24-480x291.webp 480w\" sizes=\"(min-width: 0px) and (max-width: 480px) 480px, (min-width: 481px) and (max-width: 980px) 980px, (min-width: 981px) 1000px, 100vw\" \/><\/p>\n<h2>Klju\u010dne komponente menjalnika kmetijske \u0161kropilnice<\/h2>\n<ol>\n<li><strong>Vhodna gred<\/strong><br \/>\nVhodna gred je glavna priklju\u010dna to\u010dka, kjer se mo\u010d prena\u0161a iz sistema kardanske gredi (PTO) traktorja v menjalnik. Ta komponenta je zasnovana tako, da prenese visok navor kardanske gredi in tako zagotovi, da lahko prenese silo, potrebno za pogon \u010drpalke ali \u0161kropilnega sistema \u0161kropilnice. Vhodna gred je obi\u010dajno izdelana iz visoko trdnih materialov, kar zagotavlja vzdr\u017eljivost in dolgotrajno delovanje.<\/li>\n<li><strong>Zobniki in zobni\u0161ki mehanizem<\/strong><br \/>\nZobni\u0161ki sistem je srce menjalnika kmetijske \u0161kropilnice. Sestavljen je iz ve\u010d zobnikov, vklju\u010dno s sto\u017e\u010dastimi zobniki, \u010delnimi zobniki in planetnimi zobniki, odvisno od zasnove. Ti zobniki delujejo skupaj za u\u010dinkovit prenos mo\u010di, pri \u010demer pretvarjajo visokohitrostno vrtenje kardanske gredi v ustrezno hitrost in navor, ki ju potrebuje \u0161kropilnica. Zobni\u0161ki sistem je obi\u010dajno izdelan iz kaljenega jekla za bolj\u0161o trdnost in odpornost proti obrabi.<\/li>\n<li><strong>Le\u017eaji<\/strong><br \/>\nLe\u017eaji so klju\u010dne komponente, ki zmanj\u0161ujejo trenje in podpirajo vrte\u010de se dele menjalnika. V menjalnikih kmetijskih \u0161kropilnic so le\u017eaji obi\u010dajno zatesnjeni ali mazani za vzdr\u017eljivost in za\u0161\u010dito pred te\u017ekimi pogoji. Visokokakovostni le\u017eaji zagotavljajo nemoteno delovanje, zmanj\u0161ujejo tveganje pregrevanja in obrabe, hkrati pa pove\u010dujejo splo\u0161no u\u010dinkovitost in \u017eivljenjsko dobo menjalnika.<\/li>\n<li><strong>Izhodna gred<\/strong><br \/>\nIzhodna gred je povezana s \u010drpalko ali \u0161kropilnim mehanizmom \u0161kropilnice in prena\u0161a mo\u010d iz menjalnika za delovanje \u010drpalke \u0161kropilnice. Zasnova izhodne gredi zagotavlja, da lahko obvladuje zahteve glede navora in hitrosti \u0161kropilnega sistema. Obi\u010dajno je zasnovana z visoko navorno zmogljivostjo in je izdelana iz robustnih materialov, ki zagotavljajo zanesljivost v zahtevnih kmetijskih pogojih.<\/li>\n<li><strong>Tesnila in tesnila<\/strong><br \/>\nTesnila so klju\u010dnega pomena za prepre\u010devanje pu\u0161\u010danja maziva in za\u0161\u010dito notranjih komponent menjalnika pred umazanijo, vodo in kemikalijami. Menjalniki kmetijskih \u0161kropilnic so izpostavljeni te\u017ekim pogojem, vklju\u010dno z mokrimi polji in \u0161kropilnimi kemikalijami, zato so visokokakovostna tesnila bistvena za zagotovitev u\u010dinkovitega delovanja menjalnika in za\u0161\u010dite pred zunanjimi onesna\u017eevalci.<\/li>\n<li><strong>Stanovanja<\/strong><br \/>\nOhi\u0161je menjalnika je zunanje ohi\u0161je, ki dr\u017ei in \u0161\u010diti vse notranje komponente. Obi\u010dajno je izdelano iz litega \u017eeleza ali trpe\u017enih aluminijevih zlitin, ki zagotavljajo trdnost in odpornost proti obrabi in udarcem. Ohi\u0161je zagotavlja, da vse komponente ostanejo na svojem mestu, in zagotavlja trpe\u017eno lupino, ki lahko prenese zunanje okoljske dejavnike, kot so vlaga, izpostavljenost kemikalijam in grobo ravnanje.<\/li>\n<li><strong>Sistem mazanja<\/strong><br \/>\nMazalni sistem vklju\u010duje oljno korito in kanale, ki porazdelijo mazivo do gibljivih delov menjalnika. Pravilno mazanje je bistvenega pomena za zmanj\u0161anje trenja, prepre\u010devanje pregrevanja in podalj\u0161anje \u017eivljenjske dobe menjalnika. Sistem zagotavlja, da so zobniki, le\u017eaji in druge gibljive komponente ustrezno mazane, da se ohrani nemoteno in u\u010dinkovito delovanje pri velikih obremenitvah.<\/li>\n<\/ol>\n<p>Skratka, klju\u010dne komponente menjalnika kmetijske \u0161kropilnice delujejo skupaj, da zagotavljajo u\u010dinkovit in zanesljiv prenos mo\u010di iz kardanske gredi traktorja na operativne sisteme \u0161kropilnice. Z vzdr\u017eljivimi zobniki, visoko trdnimi gredmi, u\u010dinkovitim tesnjenjem in ustreznim mazanjem so te komponente zasnovane tako, da prenesejo te\u017eke pogoje kmetijskega okolja in zagotavljajo optimalno delovanje \u0161kropilnic v dalj\u0161em \u010dasovnem obdobju.<\/p>\n<p><img loading=\"lazy\" decoding=\"async\" class=\"alignnone wp-image-2186\" src=\"https:\/\/fmp-components.com\/wp-content\/uploads\/2024\/12\/Agricultural-Sprayer-Gearbox-22.webp\" alt=\"Menjalnik za kmetijske \u0161kropilnice\" width=\"875\" height=\"872\" title=\"\" srcset=\"https:\/\/fmp-components.com\/wp-content\/uploads\/2024\/12\/Agricultural-Sprayer-Gearbox-22.webp 875w, https:\/\/fmp-components.com\/wp-content\/uploads\/2024\/12\/Agricultural-Sprayer-Gearbox-22-480x478.webp 480w\" sizes=\"(min-width: 0px) and (max-width: 480px) 480px, (min-width: 481px) 875px, 100vw\" \/><\/p>\n<h3>Na\u010delo delovanja menjalnika kmetijske \u0161kropilnice<\/h3>\n<ol>\n<li><strong>Prenos mo\u010di iz kardanske gredi<\/strong><br \/>\nMenjalnik kmetijske \u0161kropilnice deluje tako, da prejema mo\u010d iz sistema kardanske gredi (PTO) traktorja. Kardanska gred, ki se obi\u010dajno nahaja na zadnjem delu traktorja, dovaja mehansko energijo, ki se prena\u0161a na vhodno gred menjalnika. Ta vhodna gred je zasnovana tako, da obvladuje visok navor, ki ga proizvaja motor traktorja, in zagotavlja, da se mo\u010d usmeri v menjalnik brez prekomerne obremenitve komponent.<\/li>\n<li><strong>Zmanj\u0161anje hitrosti in pretvorba navora<\/strong><br \/>\nZnotraj menjalnika se mo\u010d kardanske gredi prena\u0161a na vrsto zobnikov, ki so zasnovani za zmanj\u0161anje hitrosti vrtenja. Konfiguracije zobnikov, kot so \u010delni zobniki, sto\u017e\u010dasti zobniki ali planetarni zobniki, se uporabljajo za pretvorbo visokohitrostnega vhodnega pogona traktorja z nizkim navorom v nizkohitrostni izhod z vi\u0161jim navorom, ki je idealen za \u0161kropilnico. To zmanj\u0161anje hitrosti je bistveno, ker kmetijske \u0161kropilnice potrebujejo nadzorovano in konstantno mo\u010d za u\u010dinkovito delovanje \u010drpalk in \u0161kropilnih mehanizmov.<\/li>\n<li><strong>Prenos mo\u010di na \u010drpalko \u0161kropilnice<\/strong><br \/>\nZmanj\u0161ana hitrost in pove\u010dan navor se prek izhodne gredi menjalnika prena\u0161ata na \u010drpalko ali \u0161kropilni mehanizem \u0161kropilnice. Izhodna gred je neposredno povezana s \u010drpalko ali drugimi \u0161kropilnimi sistemi, kar zagotavlja, da se mo\u010d, ki jo ustvari traktor, u\u010dinkovito izkoristi za \u0161kropljenje teko\u010din, kot so pesticidi, herbicidi ali gnojila. Menjalnik zagotavlja, da \u010drpalka \u0161kropilnice deluje s pravilno hitrostjo in zagotavlja potreben pretok in tlak za u\u010dinkovito \u0161kropljenje.<\/li>\n<li><strong>Mazanje in hlajenje<\/strong><br \/>\nMed delovanjem menjalnika zobniki in druge notranje komponente ustvarjajo trenje in toploto. Za zagotovitev nemotenega in u\u010dinkovitega delovanja je menjalnik opremljen s sistemom mazanja, ki olje ali mast porazdeli po vseh gibljivih delih. Ta sistem zmanj\u0161uje trenje, prepre\u010duje pregrevanje in podalj\u0161uje \u017eivljenjsko dobo menjalnika. Pravilno mazanje je klju\u010dnega pomena za ohranjanje u\u010dinkovitosti menjalnika, zlasti v zahtevnih pogojih kmetijskega dela.<\/li>\n<li><strong>Za\u0161\u010dita in varnost preobremenitve<\/strong><br \/>\nZa za\u0161\u010dito menjalnika pred nenadnimi mehanskimi preobremenitvami so \u0161tevilni menjalniki kmetijskih \u0161kropilnic opremljeni z mehanizmom za za\u0161\u010dito pred preobremenitvijo, kot je stri\u017eni zati\u010d ali sistem sklopke. Ta sistem je zasnovan tako, da absorbira prekomerno obremenitev in prepre\u010duje po\u0161kodbe notranjih zobnikov in gredi v primeru ovire ali nenadne spremembe obremenitve. \u010ce pride do preobremenitve, se za\u0161\u010ditni mehanizem aktivira, kar omogo\u010da nadaljnje delovanje menjalnika brez trajnih po\u0161kodb.<\/li>\n<\/ol>\n<p>Skratka, menjalnik kmetijske \u0161kropilnice deluje tako, da prena\u0161a mo\u010d iz kardanske gredi traktorja na \u010drpalko ali \u0161kropilni mehanizem \u0161kropilnice. Zmanj\u0161a hitrost dovodne mo\u010di, jo pretvori v ve\u010dji navor in zagotavlja, da \u0161kropilnica deluje z optimalno hitrostjo in u\u010dinkovitostjo. Menjalnik je opremljen tudi s sistemi za mazanje za zmanj\u0161anje obrabe in prepre\u010devanje pregrevanja ter mehanizmi za za\u0161\u010dito pred preobremenitvijo za zagotavljanje varnega in zanesljivega delovanja.<\/p>\n<p><img loading=\"lazy\" decoding=\"async\" class=\"alignnone size-full wp-image-2185\" src=\"https:\/\/fmp-components.com\/wp-content\/uploads\/2024\/12\/Agricultural-Sprayer-Gearbox-Applications.webp\" alt=\"Menjalnik za kmetijske \u0161kropilnice\" width=\"1200\" height=\"770\" title=\"\" srcset=\"https:\/\/fmp-components.com\/wp-content\/uploads\/2024\/12\/Agricultural-Sprayer-Gearbox-Applications.webp 1200w, https:\/\/fmp-components.com\/wp-content\/uploads\/2024\/12\/Agricultural-Sprayer-Gearbox-Applications-980x629.webp 980w, https:\/\/fmp-components.com\/wp-content\/uploads\/2024\/12\/Agricultural-Sprayer-Gearbox-Applications-480x308.webp 480w\" sizes=\"(min-width: 0px) and (max-width: 480px) 480px, (min-width: 481px) and (max-width: 980px) 980px, (min-width: 981px) 1200px, 100vw\" \/><\/p>\n<h3>O FMP-ju<\/h3>\n<p>FMP s sede\u017eem v Italiji je vodilni proizvajalec, priznan po svojem strokovnem znanju pri na\u010drtovanju, razvoju in proizvodnji visokozmogljivih menjalnikov, predvsem za sektor kmetijske mehanizacije. Znan po svojem natan\u010dnem in\u017eeniringu, inovacijah in neomajni zanesljivosti, se je FMP uveljavil kot zaupanja vreden partner pri izpolnjevanju spreminjajo\u010dih se zahtev tako kmetijskega kot industrijskega trga. Na\u0161a celovita ponudba izdelkov vklju\u010duje specializirane menjalnike za kosilnice, kardanske gredi in druge klju\u010dne komponente, ki so zasnovane za zagotavljanje u\u010dinkovitih, prilagojenih re\u0161itev za \u0161irok spekter uporabe.<\/p>\n<p>Pri FMP razumemo, da ima vsaka stranka edinstvene potrebe in izzive. Zato smo specializirani za ponujanje re\u0161itev po meri, bodisi s posameznimi komponentami bodisi s popolnoma integriranimi sistemi. Uporabljamo sodelovalni pristop in tesno sodelujemo z na\u0161imi strankami, da zagotovimo, da je vsaka re\u0161itev ne le u\u010dinkovita, ampak tudi uspe\u0161na. Na\u0161a zavezanost hitrim, profesionalnim odzivom in strokovnemu vodenju zagotavlja, da se vsako povpra\u0161evanje obravnava z najve\u010djo skrbnostjo in natan\u010dnostjo, kar zagotavlja najbolj\u0161e rezultate za na\u0161e stranke.<\/p>\n<p>Velik poudarek dajemo odprti in stalni komunikaciji, zlasti pri razvoju novih izdelkov. Na\u0161a predana ekipa sodeluje neposredno s strankami, da bi v celoti razumela njihove zahteve, in jim ponuja dragocene vpoglede in priporo\u010dila, ki vodijo do optimalnih re\u0161itev. Ne glede na to, ali oblikujemo inovativne izdelke ali izpolnjujemo obstoje\u010da naro\u010dila, je FMP zavezan k zagotavljanju visokokakovostnih, natan\u010dno izdelanih re\u0161itev pravo\u010dasno in vsaki\u010d, s \u010dimer zagotavlja, da na\u0161e stranke prejmejo najbolj\u0161o storitev in rezultate.<\/p>\n<p>V sredi\u0161\u010du delovanja podjetja FMP je na\u0161a neomajna osredoto\u010denost na kakovost. Dr\u017eimo se najvi\u0161jih proizvodnih standardov in uporabljamo stroge ukrepe nadzora kakovosti, da zagotovimo, da vsak izdelek ne le izpolnjuje, ampak tudi presega pri\u010dakovanja industrije. Ta zavezanost kakovosti, skupaj z na\u0161imi temeljnimi vrednotami integritete, timskega dela in vztrajnosti, nam je omogo\u010dila, da smo zgradili trajne in zaupanja vredne odnose s strankami v skoraj 30 dr\u017eavah po vsem svetu.<\/p>\n<p>FMP si vedno prizadeva za gradnjo globalnih partnerstev in ostaja predan zagotavljanju strokovnega svetovanja in re\u0161itev po meri, ki ustrezajo raznolikim potrebam na\u0161ih strank. Na\u0161 pristop presega zgolj dobavo izdelkov; na\u0161 cilj je gojiti dolgoro\u010dne odnose, ki prispevajo k uspehu vsakega projekta. Ne glede na to, ali potrebujete inovativne re\u0161itve za novo podjetje ali stalno podporo za obstoje\u010di sistem, je FMP tukaj, da re\u0161i va\u0161e tehni\u010dne izzive in vam pomaga zagotoviti trajen uspeh.<\/p>\n<p><img loading=\"lazy\" decoding=\"async\" class=\"alignnone size-full wp-image-1861\" src=\"https:\/\/fmp-components.com\/wp-content\/uploads\/2024\/12\/Other-Agricultural-Gearboxes.webp\" sizes=\"(min-width: 0px) and (max-width: 480px) 480px, (min-width: 481px) and (max-width: 980px) 980px, (min-width: 981px) 1200px, 100vw\" srcset=\"https:\/\/fmp-components.com\/wp-content\/uploads\/2024\/12\/Other-Agricultural-Gearboxes.webp 1200w, https:\/\/fmp-components.com\/wp-content\/uploads\/2024\/12\/Other-Agricultural-Gearboxes-980x1143.webp 980w, https:\/\/fmp-components.com\/wp-content\/uploads\/2024\/12\/Other-Agricultural-Gearboxes-480x560.webp 480w\" alt=\"Altri-cambi-agricoli\" width=\"1200\" height=\"1400\" title=\"\"><\/p>\n<p>Avtor: CX<\/p>","protected":false},"excerpt":{"rendered":"<p>Specifications of Agricultural Sprayer Gearbox D-7A &amp; D-7B D-7A i N1[rpm] P1[kW] M2[Nm] Shaft Type Input X &nbsp; Z &nbsp; 5.82 540 16.2 48 1&#8221; 3\/8 Z6 35 X 4.36 540 21.3 84 1&#8221; 3\/8 Z6 X 4.00 540 21.7 93 1&#8221; 3\/8 Z6 X D-7B i N1[rpm] P1[kW] M2[Nm] Shaft Type Input X &nbsp; [&hellip;]<\/p>","protected":false},"featured_media":2183,"comment_status":"open","ping_status":"closed","template":"","meta":{"_et_pb_use_builder":"","_et_pb_old_content":"","_et_gb_content_width":""},"product_brand":[],"product_cat":[55],"product_tag":[],"class_list":{"0":"post-2177","1":"product","2":"type-product","3":"status-publish","4":"has-post-thumbnail","6":"product_cat-agricultural-sprayer-gearbox","8":"first","9":"instock","10":"shipping-taxable","11":"product-type-simple"},"_links":{"self":[{"href":"https:\/\/fmp-components.com\/sl\/wp-json\/wp\/v2\/product\/2177","targetHints":{"allow":["GET"]}}],"collection":[{"href":"https:\/\/fmp-components.com\/sl\/wp-json\/wp\/v2\/product"}],"about":[{"href":"https:\/\/fmp-components.com\/sl\/wp-json\/wp\/v2\/types\/product"}],"replies":[{"embeddable":true,"href":"https:\/\/fmp-components.com\/sl\/wp-json\/wp\/v2\/comments?post=2177"}],"wp:featuredmedia":[{"embeddable":true,"href":"https:\/\/fmp-components.com\/sl\/wp-json\/wp\/v2\/media\/2183"}],"wp:attachment":[{"href":"https:\/\/fmp-components.com\/sl\/wp-json\/wp\/v2\/media?parent=2177"}],"wp:term":[{"taxonomy":"product_brand","embeddable":true,"href":"https:\/\/fmp-components.com\/sl\/wp-json\/wp\/v2\/product_brand?post=2177"},{"taxonomy":"product_cat","embeddable":true,"href":"https:\/\/fmp-components.com\/sl\/wp-json\/wp\/v2\/product_cat?post=2177"},{"taxonomy":"product_tag","embeddable":true,"href":"https:\/\/fmp-components.com\/sl\/wp-json\/wp\/v2\/product_tag?post=2177"}],"curies":[{"name":"delovni list","href":"https:\/\/api.w.org\/{rel}","templated":true}]}}