{"id":2151,"date":"2024-12-30T06:59:10","date_gmt":"2024-12-30T06:59:10","guid":{"rendered":"https:\/\/fmp-components.com\/?page_id=8"},"modified":"2024-12-30T08:06:25","modified_gmt":"2024-12-30T08:06:25","slug":"fertilizer-spreader-gearbox-replacement-of-comer-code-l-25c","status":"publish","type":"product","link":"https:\/\/fmp-components.com\/sl\/product\/fertilizer-spreader-gearbox-replacement-of-comer-code-l-25c\/","title":{"rendered":"Menjalnik trosilnika gnojil \u2013 zamenjava kode Comer L-25C"},"content":{"rendered":"<p><img loading=\"lazy\" decoding=\"async\" class=\"wp-image-2156 aligncenter\" src=\"https:\/\/fmp-components.com\/wp-content\/uploads\/2024\/12\/fertilizer-spreader-gearbox-l25c.webp\" alt=\"menjalnik-za-trosilnik-gnojil-l25c\" width=\"790\" height=\"790\" title=\"\" srcset=\"https:\/\/fmp-components.com\/wp-content\/uploads\/2024\/12\/fertilizer-spreader-gearbox-l25c.webp 300w, https:\/\/fmp-components.com\/wp-content\/uploads\/2024\/12\/fertilizer-spreader-gearbox-l25c-150x150.webp 150w, https:\/\/fmp-components.com\/wp-content\/uploads\/2024\/12\/fertilizer-spreader-gearbox-l25c-12x12.webp 12w, https:\/\/fmp-components.com\/wp-content\/uploads\/2024\/12\/fertilizer-spreader-gearbox-l25c-100x100.webp 100w\" sizes=\"(max-width: 790px) 100vw, 790px\" \/><\/p>\n<h2>Specifikacije menjalnika trosilnika gnojil L-25C<\/h2>\n<p><img loading=\"lazy\" decoding=\"async\" class=\"alignnone size-full wp-image-2157\" src=\"https:\/\/fmp-components.com\/wp-content\/uploads\/2024\/12\/fertilizer-spreader-gearbox-specifications-l25c.webp\" alt=\"specifikacije-menjalnika-za-trosilnik-gnojil-l25c\" width=\"974\" height=\"544\" title=\"\" srcset=\"https:\/\/fmp-components.com\/wp-content\/uploads\/2024\/12\/fertilizer-spreader-gearbox-specifications-l25c.webp 974w, https:\/\/fmp-components.com\/wp-content\/uploads\/2024\/12\/fertilizer-spreader-gearbox-specifications-l25c-480x268.webp 480w\" sizes=\"(min-width: 0px) and (max-width: 480px) 480px, (min-width: 481px) 974px, 100vw\" \/><\/p>\n<table style=\"width: 100%;\" border=\"1\" width=\"100%\" cellspacing=\"0\" cellpadding=\"0\">\n<tbody>\n<tr>\n<th style=\"width: 53.1318%;\">Vhodno razmerje (i)<\/th>\n<td style=\"width: 46.6522%;\">1.35<\/td>\n<\/tr>\n<tr>\n<th style=\"width: 53.1318%;\">Vhodna hitrost (N1 [vrt\/min])<\/th>\n<td style=\"width: 46.6522%;\">540<\/td>\n<\/tr>\n<tr>\n<th style=\"width: 53.1318%;\">Vhodna mo\u010d (P1 [kW])<\/th>\n<td style=\"width: 46.6522%;\">9.9<\/td>\n<\/tr>\n<tr>\n<th style=\"width: 53.1318%;\">Izhodni navor (M2 [Nm])<\/th>\n<td style=\"width: 46.6522%;\">126<\/td>\n<\/tr>\n<tr>\n<th style=\"width: 53.1318%;\">Vrsta vnosa<\/th>\n<td style=\"width: 46.6522%;\">\u017d<\/td>\n<\/tr>\n<tr>\n<th style=\"width: 53.1318%;\">Te\u017ea<\/th>\n<td style=\"width: 46.6522%;\">17 kg<\/td>\n<\/tr>\n<\/tbody>\n<\/table>\n<p><span style=\"color: #333333; font-size: 26px;\">Zna\u010dilnosti menjalnika trosilnika gnojil<\/span><\/p>\n<article class=\"w-full scroll-mb-[var(--thread-trailing-height,150px)] text-token-text-primary focus-visible:outline-2 focus-visible:outline-offset-[-4px]\" dir=\"auto\" data-testid=\"conversation-turn-92\" data-scroll-anchor=\"false\">\n<div class=\"m-auto text-base py-[18px] px-3 md:px-4 w-full md:px-5 lg:px-4 xl:px-5\">\n<div class=\"mx-auto flex flex-1 gap-4 text-base md:gap-5 lg:gap-6 md:max-w-3xl lg:max-w-[40rem] xl:max-w-[48rem]\">\n<div class=\"group\/conversation-turn relative flex w-full min-w-0 flex-col\">\n<div class=\"flex-col gap-1 md:gap-3\">\n<div class=\"flex max-w-full flex-col flex-grow\">\n<div class=\"min-h-8 text-message flex w-full flex-col items-end gap-2 whitespace-normal break-words text-start [.text-message+&amp;]:mt-5\" dir=\"auto\" data-message-author-role=\"user\" data-message-id=\"aaa27537-8ed0-4e1f-9cf5-d9a41e7e7f9f\">\n<div class=\"flex w-full flex-col gap-1 empty:hidden items-end rtl:items-start\">\n<div class=\"relative max-w-[var(--user-chat-width,70%)] rounded-3xl bg-token-message-surface px-5 py-2.5\">\n<ol>\n<li><strong>Precizna porazdelitev mo\u010di<\/strong><br \/>\nMenjalnik trosilnika gnojil je zasnovan za natan\u010den nadzor nad vrtenjem in hitrostjo komponent trosilnika. To zagotavlja enakomerno in natan\u010dno porazdelitev gnojila po polju, s \u010dimer prepre\u010duje prekomerno ali premajhno nana\u0161anje, kar lahko \u0161koduje pridelkom in povzro\u010di zapravljanje virov. Menjalnik optimizira pretok mo\u010di od traktorja do trosilnika in zagotavlja enakomerno pokritost pri vsakem prehodu.<\/li>\n<li><strong>Te\u017eka gradnja<\/strong><br \/>\nMenjalnik trosilnika gnojil, izdelan za zahtevna kmetijska okolja, je izdelan iz visokokakovostnih materialov, ki zagotavljajo vzdr\u017eljivost in odpornost pri intenzivni uporabi. Zasnovan je tako, da prenese obremenitve in visok navor, ki nastanejo med delovanjem, kar zagotavlja dolgoro\u010dno zanesljivost in dalj\u0161o \u017eivljenjsko dobo. Menjalnik lahko prenese izpostavljenost te\u017ekim pogojem, kot so vlaga, prah in zemlja, ne da bi pri tem ogrozil zmogljivost.<\/li>\n<li><strong>Nastavljive izhodne hitrosti<\/strong><br \/>\n\u0160tevilni menjalniki trosilnikov gnojil imajo nastavljive izhodne hitrosti, kar upravljavcem omogo\u010da nadzor nad koli\u010dino gnojila in zagotavljanje, da izpolnjuje specifi\u010dne zahteve glede gnojenja. Ta funkcija pove\u010duje vsestranskost menjalnika, zaradi \u010desar je primeren za razli\u010dna opravila, od lahkega tro\u0161enja do te\u017ekih aplikacij. Z nastavitvijo hitrosti lahko uporabniki optimizirajo porabo gnojila za razli\u010dne pridelke in terenske razmere.<\/li>\n<li><strong>Kompaktna in prostorsko u\u010dinkovita zasnova<\/strong><br \/>\nMenjalniki trosilnikov gnojil so zasnovani tako, da so kompaktni in prostorsko u\u010dinkoviti, zaradi \u010desar jih je enostavno namestiti na razli\u010dne modele trosilnikov. Njihova kompaktna zasnova omogo\u010da u\u010dinkovito integracijo z minimalnimi spremembami, kar zagotavlja, da ne zavzamejo odve\u010dnega prostora ali dodajo nepotrebne te\u017ee. To prispeva k splo\u0161ni enostavnosti uporabe in okretnosti trosilnika med delovanjem.<\/li>\n<li><strong>Nizko vzdr\u017eevanje in visoka u\u010dinkovitost<\/strong><br \/>\nMenjalnik trosilnika gnojil je zasnovan za delovanje z malo vzdr\u017eevanja, saj ima robustna tesnila in samomazalne komponente, ki zmanj\u0161ujejo potrebo po pogostem servisiranju. To pomaga zmanj\u0161ati \u010das izpada in zagotavlja neprekinjeno delovanje skozi celotno sezono sajenja in gnojenja. Visoko u\u010dinkovit menjalnik zmanj\u0161uje izgubo mo\u010di, izbolj\u0161uje porabo goriva in ga naredi stro\u0161kovno u\u010dinkovito re\u0161itev za obse\u017ena kmetijska opravila. Poleg tega je menjalnik enostaven za vzdr\u017eevanje, z dostopnimi mazalnimi mesti in vzdr\u017eljivimi le\u017eaji, kar prispeva k njegovi dolgi \u017eivljenjski dobi.<\/li>\n<\/ol>\n<div class=\"absolute bottom-0 right-full top-0 -mr-3.5 hidden pr-5 pt-1 [.group\\\/conversation-turn:hover_&amp;]:block\"><\/div>\n<\/div>\n<\/div>\n<\/div>\n<\/div>\n<\/div>\n<\/div>\n<\/div>\n<\/div>\n<\/article>\n<article class=\"w-full scroll-mb-[var(--thread-trailing-height,150px)] text-token-text-primary focus-visible:outline-2 focus-visible:outline-offset-[-4px]\" dir=\"auto\" data-testid=\"conversation-turn-93\" data-scroll-anchor=\"true\">\n<h6 class=\"sr-only\"><\/h6>\n<\/article>\n<p>\u00a0<img loading=\"lazy\" decoding=\"async\" class=\"wp-image-2155 aligncenter\" src=\"https:\/\/fmp-components.com\/wp-content\/uploads\/2024\/12\/fertilizer-spreader-gearbox-2.webp\" alt=\"menjalnik-za-trosilnik-gnojil-2\" width=\"631\" height=\"631\" title=\"\" srcset=\"https:\/\/fmp-components.com\/wp-content\/uploads\/2024\/12\/fertilizer-spreader-gearbox-2.webp 400w, https:\/\/fmp-components.com\/wp-content\/uploads\/2024\/12\/fertilizer-spreader-gearbox-2-300x300.webp 300w, https:\/\/fmp-components.com\/wp-content\/uploads\/2024\/12\/fertilizer-spreader-gearbox-2-150x150.webp 150w, https:\/\/fmp-components.com\/wp-content\/uploads\/2024\/12\/fertilizer-spreader-gearbox-2-12x12.webp 12w, https:\/\/fmp-components.com\/wp-content\/uploads\/2024\/12\/fertilizer-spreader-gearbox-2-100x100.webp 100w\" sizes=\"(max-width: 631px) 100vw, 631px\" \/><\/p>\n<h2>Kardanske gredi za menjalnik kmetijskih trosilnikov gnojil<\/h2>\n<p>Kardanske gredi (PTO) za menjalnike kmetijskih trosilnikov gnojil so bistvene komponente, ki prena\u0161ajo mehansko mo\u010d iz traktorja v menjalnik, kar omogo\u010da delovanje trosilnika gnojil. Te gredi so posebej zasnovane za zahtevne kmetijske aplikacije ter zagotavljajo zanesljiv in u\u010dinkovit prenos mo\u010di za dosledno delovanje v razli\u010dnih terenskih pogojih. S povezavo motorja traktorja z menjalnikom imajo kardanske gredi klju\u010dno vlogo pri zagotavljanju funkcionalnosti in u\u010dinkovitosti trosilnika.<\/p>\n<p><strong>1. Robusten prenos mo\u010di:<\/strong> Kardanske gredi za menjalnike trosilnikov gnojil so izdelane tako, da prenesejo visok navor in te\u017eko uporabo. Izdelane so iz trpe\u017enih materialov, kot je visokotrdno jeklo, in zagotavljajo optimalen prenos mo\u010di brez kompromisov pri delovanju. Ta robustna konstrukcija prepre\u010duje obrabo med dolgotrajno uporabo, zaradi \u010desar so gredi idealne za zahtevna kmetijska okolja, kjer sta zanesljivost in vzdr\u017eljivost najpomembnej\u0161i.<\/p>\n<p><strong>2. Precizno in\u017eenirstvo:<\/strong> Kardanske gredi, zasnovane s preciznim in\u017eeniringom, so optimizirane za brezhibno delovanje z menjalnikom trosilnika gnojil. Dol\u017eina, premer in priklju\u010dne to\u010dke gredi so skrbno zasnovani tako, da se mo\u010d iz motorja traktorja u\u010dinkovito prena\u0161a na menjalnik, kar zagotavlja potrebno rotacijsko silo za delovanje trosilnika. To zagotavlja enakomerno in dosledno porazdelitev gnojila s strani trosilnika po velikih kmetijskih poljih.<\/p>\n<p><strong>3. Vsestranskost in zdru\u017eljivost:<\/strong> Kardanske gredi za menjalnike trosilnikov gnojil so na voljo v razli\u010dnih velikostih in konfiguracijah, kar zagotavlja zdru\u017eljivost s \u0161iroko paleto kmetijske mehanizacije. Ne glede na to, ali je trosilnik majhen ali velik, je mogo\u010de kardansko gred izbrati tako, da ustreza specifi\u010dnim zahtevam opreme in mo\u010di kardanske gredi traktorja. Ta vsestranskost kmetom olaj\u0161a vzdr\u017eevanje optimalne zmogljivosti pri razli\u010dnih vrstah strojev in terenskih razmerah.<\/p>\n<p><strong>4. Enostavno vzdr\u017eevanje in dolga \u017eivljenjska doba:<\/strong> Zasnova kardanskih gredi vklju\u010duje funkcije, ki omogo\u010dajo enostavno vzdr\u017eevanje in podalj\u0161ujejo njihovo \u017eivljenjsko dobo. Komponente, kot so mazalke, nastavljive dol\u017eine in za\u0161\u010ditni pokrovi, poenostavljajo redno servisiranje in zagotavljajo, da gredi \u0161e naprej u\u010dinkovito delujejo. Redno vzdr\u017eevanje pomaga prepre\u010diti po\u0161kodbe in zmanj\u0161a verjetnost dragih popravil, zaradi \u010desar so te kardanske gredi stro\u0161kovno u\u010dinkovita re\u0161itev za kmete.<\/p>\n<p><strong>5. Izbolj\u0161ana u\u010dinkovitost pri uporabi gnojil:<\/strong> Z zagotavljanjem doslednega in zanesljivega prenosa mo\u010di na menjalnik trosilnika gnojil kardanske gredi prispevajo k ve\u010dji operativni u\u010dinkovitosti. To se ka\u017ee v enakomerni porazdelitvi gnojil, zmanj\u0161anju odpadkov in optimizaciji pridelka. Natan\u010dnost in vzdr\u017eljivost kardanskih gredi pomagata izbolj\u0161ati splo\u0161no u\u010dinkovitost uporabe gnojil, podpirata trajnostne kmetijske prakse in spodbujata bolj\u0161o rast pridelkov.<\/p>\n<p>Skratka, kardanske gredi za menjalnike kmetijskih trosilnikov gnojil so klju\u010dne komponente, ki zagotavljajo zanesljiv prenos mo\u010di, operativno u\u010dinkovitost in dolgotrajno delovanje v kmetijski uporabi. Zasnovane so za vzdr\u017eljivost, natan\u010dnost in enostavno vzdr\u017eevanje, zato pomagajo optimizirati delovanje trosilnikov gnojil in prispevajo k izbolj\u0161ani kmetijski produktivnosti.<\/p>\n<p><img loading=\"lazy\" decoding=\"async\" class=\"alignnone size-full wp-image-2171\" src=\"https:\/\/fmp-components.com\/wp-content\/uploads\/2024\/12\/PTO-Shafts-for-Agricultural-Fertilizer-Spreader-Gearbox-1.webp\" alt=\"Kardanske gredi za menjalnik trosilnika kmetijskih gnojil 1\" width=\"1200\" height=\"800\" title=\"\" srcset=\"https:\/\/fmp-components.com\/wp-content\/uploads\/2024\/12\/PTO-Shafts-for-Agricultural-Fertilizer-Spreader-Gearbox-1.webp 1200w, https:\/\/fmp-components.com\/wp-content\/uploads\/2024\/12\/PTO-Shafts-for-Agricultural-Fertilizer-Spreader-Gearbox-1-980x653.webp 980w, https:\/\/fmp-components.com\/wp-content\/uploads\/2024\/12\/PTO-Shafts-for-Agricultural-Fertilizer-Spreader-Gearbox-1-480x320.webp 480w\" sizes=\"(min-width: 0px) and (max-width: 480px) 480px, (min-width: 481px) and (max-width: 980px) 980px, (min-width: 981px) 1200px, 100vw\" \/><\/p>\n<h3>O FMP-ju<\/h3>\n<p>FMP s sede\u017eem v Italiji je vodilni proizvajalec, svetovno priznan po svojem strokovnem znanju na podro\u010dju na\u010drtovanja, razvoja in proizvodnje visokozmogljivih menjalnikov, predvsem za sektor kmetijske mehanizacije. FMP, znan po svoji zavezanosti natan\u010dnemu in\u017eenirstvu, inovacijam in neprekosljivi zanesljivosti, se je uveljavil kot zaupanja vreden partner pri zagotavljanju vrhunskih izdelkov, ki ustrezajo spreminjajo\u010dim se zahtevam tako kmetijskega kot industrijskega trga. Na\u0161 obse\u017een portfelj izdelkov vklju\u010duje specializirane menjalnike za kosilnice, kardanske gredi in druge klju\u010dne komponente, ki so zasnovane tako, da ponujajo prilagojene re\u0161itve, prilagojene \u0161irokemu naboru aplikacij.<\/p>\n<p>Pri FMP razumemo, da ima vsaka stranka edinstvene izzive in zahteve. Zato smo specializirani za ponujanje re\u0161itev po meri, pa naj gre za posamezne komponente ali celovite, integrirane sisteme. Na\u0161 sodelovalni pristop zagotavlja, da je vsaka re\u0161itev u\u010dinkovita in uspe\u0161na, kar izbolj\u0161uje u\u010dinkovitost in optimizira vrednost. Z zavezanostjo hitrim, profesionalnim odzivom in strokovnemu vodenju vsako povpra\u0161evanje obravnavamo natan\u010dno in pozorno na podrobnosti, s \u010dimer zagotavljamo, da na\u0161e stranke prejmejo najvi\u0161jo raven storitev in podpore.<\/p>\n<p>Velik poudarek dajemo jasni in stalni komunikaciji, zlasti pri razvoju novih izdelkov. Na\u0161a predana ekipa tesno sodeluje s strankami, da bi razumela njihove specifi\u010dne potrebe, in jim ponuja uporabne vpoglede, ki vodijo do naju\u010dinkovitej\u0161ih re\u0161itev. Ne glede na to, ali oblikujemo inovativne izdelke ali izpolnjujemo obstoje\u010da naro\u010dila, ostajamo osredoto\u010deni na zagotavljanje visokokakovostnih, natan\u010dno zasnovanih re\u0161itev, ki so dokon\u010dane pravo\u010dasno in presegajo pri\u010dakovanja.<\/p>\n<p>V sredi\u0161\u010du delovanja podjetja FMP je neomajna predanost kakovosti. Dr\u017eimo se najvi\u0161jih proizvodnih standardov in izvajamo stroge postopke nadzora kakovosti, da zagotovimo, da vsak izdelek izpolnjuje ali presega industrijske standarde. Na\u0161a neomajna osredoto\u010denost na kakovost, skupaj z na\u0161imi temeljnimi vrednotami integritete, sodelovanja in vztrajnosti, nam je pomagala vzpostaviti mo\u010dne in dolgoro\u010dne odnose s strankami v ve\u010d kot 30 dr\u017eavah po vsem svetu.<\/p>\n<p>FMP je vedno odprt za gradnjo globalnih partnerstev in ostaja zavezan ponujanju strokovnih nasvetov in prilagojenih re\u0161itev za zadovoljevanje raznolikih potreb na\u0161ih strank. Gremo dlje od zgolj dobave izdelkov \u2013 osredoto\u010damo se na spodbujanje trajnih in smiselnih odnosov, ki spodbujajo uspeh vsakega projekta. Ne glede na to, ali i\u0161\u010dete inovativne re\u0161itve za novo pobudo ali potrebujete stalno podporo za obstoje\u010di sistem, vam je FMP na voljo za re\u0161evanje va\u0161ih tehni\u010dnih izzivov in zagotavljanje va\u0161ega nadaljnjega uspeha.<\/p>\n<p><img loading=\"lazy\" decoding=\"async\" class=\"alignnone size-full wp-image-1861\" src=\"https:\/\/fmp-components.com\/wp-content\/uploads\/2024\/12\/Other-Agricultural-Gearboxes.webp\" sizes=\"(min-width: 0px) and (max-width: 480px) 480px, (min-width: 481px) and (max-width: 980px) 980px, (min-width: 981px) 1200px, 100vw\" srcset=\"https:\/\/fmp-components.com\/wp-content\/uploads\/2024\/12\/Other-Agricultural-Gearboxes.webp 1200w, https:\/\/fmp-components.com\/wp-content\/uploads\/2024\/12\/Other-Agricultural-Gearboxes-980x1143.webp 980w, https:\/\/fmp-components.com\/wp-content\/uploads\/2024\/12\/Other-Agricultural-Gearboxes-480x560.webp 480w\" alt=\"Altri-cambi-agricoli\" width=\"1200\" height=\"1400\" title=\"\"><\/p>\n<p>Avtor: CX<\/p>","protected":false},"excerpt":{"rendered":"<p>Specifications of Fertilizer Spreader Gearbox L-25C Input Ratio (i) 1.35 Input Speed (N1 [rpm]) 540 Input Power (P1 [kW]) 9.9 Output Torque (M2 [Nm]) 126 Input Type Z Weight 17 kg Features of Fertilizer Spreader Gearbox Precision Power Distribution The fertilizer spreader gearbox is designed to deliver precise control over the rotation and speed of [&hellip;]<\/p>","protected":false},"featured_media":2156,"comment_status":"open","ping_status":"closed","template":"","meta":{"_et_pb_use_builder":"","_et_pb_old_content":"","_et_gb_content_width":""},"product_brand":[],"product_cat":[54],"product_tag":[],"class_list":{"0":"post-2151","1":"product","2":"type-product","3":"status-publish","4":"has-post-thumbnail","6":"product_cat-fertilizer-spreader-gearbox","8":"first","9":"instock","10":"shipping-taxable","11":"product-type-simple"},"_links":{"self":[{"href":"https:\/\/fmp-components.com\/sl\/wp-json\/wp\/v2\/product\/2151","targetHints":{"allow":["GET"]}}],"collection":[{"href":"https:\/\/fmp-components.com\/sl\/wp-json\/wp\/v2\/product"}],"about":[{"href":"https:\/\/fmp-components.com\/sl\/wp-json\/wp\/v2\/types\/product"}],"replies":[{"embeddable":true,"href":"https:\/\/fmp-components.com\/sl\/wp-json\/wp\/v2\/comments?post=2151"}],"wp:featuredmedia":[{"embeddable":true,"href":"https:\/\/fmp-components.com\/sl\/wp-json\/wp\/v2\/media\/2156"}],"wp:attachment":[{"href":"https:\/\/fmp-components.com\/sl\/wp-json\/wp\/v2\/media?parent=2151"}],"wp:term":[{"taxonomy":"product_brand","embeddable":true,"href":"https:\/\/fmp-components.com\/sl\/wp-json\/wp\/v2\/product_brand?post=2151"},{"taxonomy":"product_cat","embeddable":true,"href":"https:\/\/fmp-components.com\/sl\/wp-json\/wp\/v2\/product_cat?post=2151"},{"taxonomy":"product_tag","embeddable":true,"href":"https:\/\/fmp-components.com\/sl\/wp-json\/wp\/v2\/product_tag?post=2151"}],"curies":[{"name":"delovni list","href":"https:\/\/api.w.org\/{rel}","templated":true}]}}