{"id":2148,"date":"2024-12-30T06:48:50","date_gmt":"2024-12-30T06:48:50","guid":{"rendered":"https:\/\/fmp-components.com\/?page_id=8"},"modified":"2024-12-30T08:06:20","modified_gmt":"2024-12-30T08:06:20","slug":"fertilizer-spreader-gearbox-replacement-of-comer-code-l-150c","status":"publish","type":"product","link":"https:\/\/fmp-components.com\/sl\/product\/fertilizer-spreader-gearbox-replacement-of-comer-code-l-150c\/","title":{"rendered":"Menjalnik trosilnika gnojil \u2013 zamenjava kode Comer L-150C"},"content":{"rendered":"<p><img loading=\"lazy\" decoding=\"async\" class=\"wp-image-2150 aligncenter\" src=\"https:\/\/fmp-components.com\/wp-content\/uploads\/2024\/12\/fertilizer-spreader-gearbox-l150c1.webp\" alt=\"menjalnik-za-trosilnik-gnojil-l150c\" width=\"453\" height=\"453\" title=\"\" srcset=\"https:\/\/fmp-components.com\/wp-content\/uploads\/2024\/12\/fertilizer-spreader-gearbox-l150c1.webp 300w, https:\/\/fmp-components.com\/wp-content\/uploads\/2024\/12\/fertilizer-spreader-gearbox-l150c1-150x150.webp 150w, https:\/\/fmp-components.com\/wp-content\/uploads\/2024\/12\/fertilizer-spreader-gearbox-l150c1-12x12.webp 12w, https:\/\/fmp-components.com\/wp-content\/uploads\/2024\/12\/fertilizer-spreader-gearbox-l150c1-100x100.webp 100w\" sizes=\"(max-width: 453px) 100vw, 453px\" \/><\/p>\n<h2>Specifikacije menjalnika trosilnika gnojil L-150C<\/h2>\n<p><img loading=\"lazy\" decoding=\"async\" class=\"alignnone size-full wp-image-2149\" src=\"https:\/\/fmp-components.com\/wp-content\/uploads\/2024\/12\/fertilizer-spreader-gearbox-specifications-l150c.webp\" alt=\"specifikacije-menjalnika-za-trosilnik-gnojil-l150c\" width=\"1000\" height=\"744\" title=\"\" srcset=\"https:\/\/fmp-components.com\/wp-content\/uploads\/2024\/12\/fertilizer-spreader-gearbox-specifications-l150c.webp 1000w, https:\/\/fmp-components.com\/wp-content\/uploads\/2024\/12\/fertilizer-spreader-gearbox-specifications-l150c-980x729.webp 980w, https:\/\/fmp-components.com\/wp-content\/uploads\/2024\/12\/fertilizer-spreader-gearbox-specifications-l150c-480x357.webp 480w\" sizes=\"(min-width: 0px) and (max-width: 480px) 480px, (min-width: 481px) and (max-width: 980px) 980px, (min-width: 981px) 1000px, 100vw\" \/><\/p>\n<table style=\"width: 100%;\" border=\"1\" width=\"100%\" cellspacing=\"0\" cellpadding=\"0\">\n<tbody>\n<tr>\n<th style=\"width: 53.9957%;\">Vhodno razmerje (i)<\/th>\n<td style=\"width: 45.7883%;\">1.35<\/td>\n<\/tr>\n<tr>\n<th style=\"width: 53.9957%;\">Vhodna hitrost (N1 [vrt\/min])<\/th>\n<td style=\"width: 45.7883%;\">540<\/td>\n<\/tr>\n<tr>\n<th style=\"width: 53.9957%;\">Vhodna mo\u010d (P1 [kW])<\/th>\n<td style=\"width: 45.7883%;\">9.9<\/td>\n<\/tr>\n<tr>\n<th style=\"width: 53.9957%;\">Izhodni navor (M2 [Nm])<\/th>\n<td style=\"width: 45.7883%;\">126<\/td>\n<\/tr>\n<\/tbody>\n<\/table>\n<h3>Zna\u010dilnosti menjalnika trosilnika gnojil<\/h3>\n<ol>\n<li><strong>Visoka natan\u010dnost in u\u010dinkovitost<\/strong><br \/>\nMenjalnik trosilnika gnojil je zasnovan za natan\u010den in u\u010dinkovit prenos mo\u010di za kmetijske trosilnike. Zagotavlja, da je prestavno razmerje optimizirano za dosledno in enakomerno trosenje gnojila, kar je klju\u010dnega pomena za maksimiranje pridelka in zmanj\u0161anje odpadkov. Z zanesljivim delovanjem menjalnik pomaga vzdr\u017eevati ustrezno hitrost in navor, ki sta potrebna za natan\u010dno porazdelitev gnojila.<\/li>\n<li><strong>Vzdr\u017eljivost in trdnost<\/strong><br \/>\nMenjalnik trosilnika gnojil je zasnovan tako, da prenese zahtevne pogoje kmetijskega dela, in je izdelan iz trpe\u017enih materialov, ki zagotavljajo dolgotrajno delovanje. Robustna konstrukcija zagotavlja, da lahko prenese visoke obremenitve in stalno delovanje, ki je potrebno v zahtevnih okoljih, kot so neravni tereni ali te\u017eke vremenske razmere.<\/li>\n<li><strong>Kompaktna in prostorsko u\u010dinkovita zasnova<\/strong><br \/>\nMenjalnik je zasnovan tako, da je kompakten, a zmogljiv, kar zagotavlja, da se brezhibno prilega trosilniku, ne da bi zavzel nepotreben prostor. Ta prostorsko u\u010dinkovita zasnova pomaga zmanj\u0161ati skupno te\u017eo stroja, hkrati pa ohranja optimalno delovanje. Kompaktna zasnova olaj\u0161a tudi namestitev in vzdr\u017eevanje, kar prihrani dragoceni \u010das in trud.<\/li>\n<li><strong>Nizko vzdr\u017eevanje in enostavno upravljanje<\/strong><br \/>\nMenjalnik trosilnika gnojil je zasnovan za enostavno uporabo in minimalno vzdr\u017eevanje. Z visokokakovostnimi tesnili in mazalnimi sistemi menjalnik deluje gladko in zahteva manj pogosto servisiranje. Redni pregledi in osnovno vzdr\u017eevanje so obi\u010dajno zadostni za optimalno delovanje menjalnika, zaradi \u010desar je idealna re\u0161itev za zahtevna kmetijska dela.<\/li>\n<li><strong>Vsestranskost in prilagodljivost<\/strong><br \/>\nTi menjalniki so vsestranski in jih je mogo\u010de prilagoditi razli\u010dnim vrstam trosilnikov gnojil, tako za manj\u0161a kot za velika kmetijska dela. Z nastavljivimi prestavnimi razmerji in konfiguracijami je mogo\u010de menjalnik prilagoditi specifi\u010dnim operativnim zahtevam, kar zagotavlja zdru\u017eljivost z razli\u010dnimi vrstami gnojil in modeli trosilnikov. Ta prilagodljivost uporabnikom omogo\u010da optimizacijo njihove opreme za maksimalno u\u010dinkovitost in produktivnost.<\/li>\n<\/ol>\n<p><img loading=\"lazy\" decoding=\"async\" class=\"wp-image-2152 aligncenter\" src=\"https:\/\/fmp-components.com\/wp-content\/uploads\/2024\/12\/pto-shaft-for-fertilizer-spreader.webp\" alt=\"kardanska gred za trosilnik gnojil\" width=\"881\" height=\"663\" title=\"\" srcset=\"https:\/\/fmp-components.com\/wp-content\/uploads\/2024\/12\/pto-shaft-for-fertilizer-spreader.webp 881w, https:\/\/fmp-components.com\/wp-content\/uploads\/2024\/12\/pto-shaft-for-fertilizer-spreader-480x361.webp 480w\" sizes=\"(min-width: 0px) and (max-width: 480px) 480px, (min-width: 481px) 881px, 100vw\" \/><\/p>\n<h3>Kardanska gred za trosilnik gnojil<\/h3>\n<ol>\n<li><strong>U\u010dinkovit prenos mo\u010di<\/strong><br \/>\nKardanska gred za trosilnike gnojil je zasnovana za u\u010dinkovit prenos mehanske mo\u010di iz priklju\u010dne gredi traktorja (PTO) na menjalnik trosilnika. Ta neposredni prenos mo\u010di zagotavlja nemoteno in dosledno delovanje trosilnika gnojil, kar optimizira delovanje opreme med trosenjem. Kardanska gred zagotavlja potreben navor za pogon komponent trosilnika, kar zagotavlja enakomerno in natan\u010dno porazdelitev gnojila.<\/li>\n<li><strong>Vzdr\u017eljivost in robustnost<\/strong><br \/>\nKardanska gred za trosilnike gnojil, izdelana za prena\u0161anje zahtevnih kmetijskih okolij, je izdelana iz visokokakovostnih materialov, ki zagotavljajo trdnost in vzdr\u017eljivost. Zmore intenzivne delovne obremenitve, povezane s trosenjem gnojil na velikih poljih, tudi v zahtevnih vremenskih razmerah in na neravnem terenu. Robustna zasnova zagotavlja dolgo \u017eivljenjsko dobo in zmanj\u0161uje potrebo po pogostih zamenjavah ali popravilih.<\/li>\n<li><strong>Varnostne funkcije<\/strong><br \/>\nVarnost je klju\u010dni dejavnik pri zasnovi kardanske gredi za trosilnike gnojil. Opremljena z varnostnimi \u0161\u010ditniki in drugimi za\u0161\u010ditnimi elementi, gred pomaga prepre\u010devati nesre\u010de, saj zmanj\u0161uje tveganje za zapletanje ali po\u0161kodbe med delovanjem. Te varnostne funkcije so klju\u010dne za zagotavljanje varnega in zanesljivega delovanja ter zmanj\u0161ujejo mo\u017enost po\u0161kodb upravljavcev in \u017eivine v bli\u017eini.<\/li>\n<li><strong>Enostavna namestitev in vzdr\u017eevanje<\/strong><br \/>\nKardanska gred za trosilnike gnojil je zasnovana za enostavno priklop in odklop s traktorja in trosilnika. Ta uporabniku prijazna funkcija prihrani \u010das in trud med postopki namestitve in vzdr\u017eevanja. Poleg tega je redno mazanje in vzdr\u017eevanje kardanske gredi enostavno, kar zagotavlja nemoteno delovanje in podalj\u0161uje \u017eivljenjsko dobo tako kardanske gredi kot trosilnika gnojil.<\/li>\n<li><strong>Vsestranska zdru\u017eljivost<\/strong><br \/>\nKardanska gred za trosilnike gnojil, ki je na voljo v razli\u010dnih velikostih in konfiguracijah, je vsestranska in jo je mogo\u010de prilagoditi \u0161irokemu naboru modelov trosilnikov in tipov traktorjev. Ne glede na to, ali gre za majhne kmetije ali velika kmetijska podjetja, je mogo\u010de kardansko gred prilagoditi specifi\u010dnim zahtevam glede mo\u010di trosilnika, kar zagotavlja zdru\u017eljivost in optimalno delovanje pri razli\u010dnih aplikacijah. Ta prilagodljivost uporabnikom omogo\u010da u\u010dinkovito uporabo njihove opreme, ne glede na obseg njihovega delovanja.<\/li>\n<\/ol>\n<p><img loading=\"lazy\" decoding=\"async\" class=\"alignnone size-full wp-image-2088\" src=\"https:\/\/fmp-components.com\/wp-content\/uploads\/2024\/12\/Agricultural-Gearbox-and-PTO-Drive-Shaft1.webp\" alt=\"Kmetijski menjalnik in kardanska gred\" width=\"1200\" height=\"540\" title=\"\" srcset=\"https:\/\/fmp-components.com\/wp-content\/uploads\/2024\/12\/Agricultural-Gearbox-and-PTO-Drive-Shaft1.webp 1200w, https:\/\/fmp-components.com\/wp-content\/uploads\/2024\/12\/Agricultural-Gearbox-and-PTO-Drive-Shaft1-980x441.webp 980w, https:\/\/fmp-components.com\/wp-content\/uploads\/2024\/12\/Agricultural-Gearbox-and-PTO-Drive-Shaft1-480x216.webp 480w\" sizes=\"(min-width: 0px) and (max-width: 480px) 480px, (min-width: 481px) and (max-width: 980px) 980px, (min-width: 981px) 1200px, 100vw\" \/><\/p>\n<h3>O FMP-ju<\/h3>\n<p>FMP s sede\u017eem v Italiji je vodilni proizvajalec, znan po svojem strokovnem znanju na podro\u010dju na\u010drtovanja, razvoja in proizvodnje visokozmogljivih menjalnikov, s posebnim poudarkom na sektorju kmetijske mehanizacije. Z ugledom na podro\u010dju natan\u010dnega in\u017eeniringa, inovativnih re\u0161itev in neomajne zanesljivosti je FMP postal zaupanja vreden partner pri re\u0161evanju razvijajo\u010dih se potreb tako kmetijskega kot industrijskega sektorja. Na\u0161a raznolika ponudba izdelkov vklju\u010duje specializirane menjalnike za kosilnice, kardanske gredi in druge bistvene komponente, ki so vse skrbno zasnovane za zagotavljanje prilagojenih re\u0161itev za \u0161irok spekter uporabe.<\/p>\n<p>Pri FMP razumemo, da ima vsaka stranka edinstvene zahteve in izzive. Zato smo specializirani za ponujanje re\u0161itev po meri, bodisi za posamezne komponente bodisi za popolnoma integrirane sisteme. Tesno sodelujemo z na\u0161imi strankami, da zagotovimo, da je vsaka re\u0161itev ne le u\u010dinkovita, ampak tudi uspe\u0161na, kar optimizira tako zmogljivost kot vrednost. Na\u0161a zavezanost hitrim in profesionalnim odgovorom, skupaj s strokovnim vodenjem, zagotavlja, da se vsako povpra\u0161evanje obravnava z najve\u010djo skrbnostjo in natan\u010dnostjo, kar vodi do najbolj\u0161ih mo\u017enih rezultatov.<\/p>\n<p>V celotnem procesu razvoja izdelkov dajemo prednost odprti in stalni komunikaciji. Na\u0161a predana ekipa sodeluje neposredno s strankami, da bi v celoti razumela njihove specifi\u010dne potrebe, in jim ponuja dragocene vpoglede in priporo\u010dila za zagotavljanje optimalnih re\u0161itev. Ne glede na to, ali oblikujemo inovativne izdelke ali izpolnjujemo teko\u010da naro\u010dila, je FMP zavezan k zagotavljanju visokokakovostnih, natan\u010dno izdelanih re\u0161itev pravo\u010dasno in vsaki\u010d. Na\u0161 cilj je strankam zagotoviti najbolj\u0161o storitev in rezultate, ki pri vsakem projektu presegajo pri\u010dakovanja.<\/p>\n<p>Kakovost je temelj poslovanja podjetja FMP. Dr\u017eimo se najvi\u0161jih proizvodnih standardov in izvajamo stroge ukrepe nadzora kakovosti, da zagotovimo, da vsak izdelek ne le izpolnjuje, ampak tudi presega industrijske standarde. Ta neomajna zavezanost kakovosti, skupaj z na\u0161imi temeljnimi vrednotami integritete, timskega dela in vztrajnosti, nam je omogo\u010dila, da smo s strankami v skoraj 30 dr\u017eavah po vsem svetu zgradili dolgotrajne, na zaupanju temelje\u010de odnose.<\/p>\n<p>FMP je vedno odprt za spodbujanje globalnih partnerstev in ostaja predan ponujanju strokovnih nasvetov in prilagojenih re\u0161itev, ki ustrezajo raznolikim potrebam na\u0161ih strank. Gremo dlje od zgolj dobave izdelkov; na\u0161 cilj je graditi trajne odnose, ki prispevajo k uspehu vsakega projekta. Ne glede na to, ali potrebujete inovativne re\u0161itve za novo pobudo ali stalno podporo za obstoje\u010di sistem, je FMP tukaj, da se spopade z va\u0161imi tehni\u010dnimi izzivi in \u200b\u200bzagotovi va\u0161 nadaljnji uspeh.<\/p>\n<p><img loading=\"lazy\" decoding=\"async\" class=\"alignnone size-full wp-image-1861\" src=\"https:\/\/fmp-components.com\/wp-content\/uploads\/2024\/12\/Other-Agricultural-Gearboxes.webp\" sizes=\"(min-width: 0px) and (max-width: 480px) 480px, (min-width: 481px) and (max-width: 980px) 980px, (min-width: 981px) 1200px, 100vw\" srcset=\"https:\/\/fmp-components.com\/wp-content\/uploads\/2024\/12\/Other-Agricultural-Gearboxes.webp 1200w, https:\/\/fmp-components.com\/wp-content\/uploads\/2024\/12\/Other-Agricultural-Gearboxes-980x1143.webp 980w, https:\/\/fmp-components.com\/wp-content\/uploads\/2024\/12\/Other-Agricultural-Gearboxes-480x560.webp 480w\" alt=\"Altri-cambi-agricoli\" width=\"1200\" height=\"1400\" title=\"\"><\/p>\n<p>Avtor: CX<\/p>\n<p>&nbsp;<\/p>","protected":false},"excerpt":{"rendered":"<p>Specifications of\u00a0Fertilizer Spreader Gearbox L-150C Input Ratio (i) 1.35 Input Speed (N1 [rpm]) 540 Input Power (P1 [kW]) 9.9 Output Torque (M2 [Nm]) 126 Features of Fertilizer Spreader Gearbox High Precision and Efficiency The fertilizer spreader gearbox is engineered to provide precise and efficient power transmission for agricultural spreaders. It ensures that the gear ratio [&hellip;]<\/p>","protected":false},"featured_media":2150,"comment_status":"open","ping_status":"closed","template":"","meta":{"_et_pb_use_builder":"","_et_pb_old_content":"","_et_gb_content_width":""},"product_brand":[],"product_cat":[54],"product_tag":[],"class_list":{"0":"post-2148","1":"product","2":"type-product","3":"status-publish","4":"has-post-thumbnail","6":"product_cat-fertilizer-spreader-gearbox","8":"first","9":"instock","10":"shipping-taxable","11":"product-type-simple"},"_links":{"self":[{"href":"https:\/\/fmp-components.com\/sl\/wp-json\/wp\/v2\/product\/2148","targetHints":{"allow":["GET"]}}],"collection":[{"href":"https:\/\/fmp-components.com\/sl\/wp-json\/wp\/v2\/product"}],"about":[{"href":"https:\/\/fmp-components.com\/sl\/wp-json\/wp\/v2\/types\/product"}],"replies":[{"embeddable":true,"href":"https:\/\/fmp-components.com\/sl\/wp-json\/wp\/v2\/comments?post=2148"}],"wp:featuredmedia":[{"embeddable":true,"href":"https:\/\/fmp-components.com\/sl\/wp-json\/wp\/v2\/media\/2150"}],"wp:attachment":[{"href":"https:\/\/fmp-components.com\/sl\/wp-json\/wp\/v2\/media?parent=2148"}],"wp:term":[{"taxonomy":"product_brand","embeddable":true,"href":"https:\/\/fmp-components.com\/sl\/wp-json\/wp\/v2\/product_brand?post=2148"},{"taxonomy":"product_cat","embeddable":true,"href":"https:\/\/fmp-components.com\/sl\/wp-json\/wp\/v2\/product_cat?post=2148"},{"taxonomy":"product_tag","embeddable":true,"href":"https:\/\/fmp-components.com\/sl\/wp-json\/wp\/v2\/product_tag?post=2148"}],"curies":[{"name":"delovni list","href":"https:\/\/api.w.org\/{rel}","templated":true}]}}