{"id":2117,"date":"2024-12-30T05:53:09","date_gmt":"2024-12-30T05:53:09","guid":{"rendered":"https:\/\/fmp-components.com\/?page_id=8"},"modified":"2024-12-30T06:19:10","modified_gmt":"2024-12-30T06:19:10","slug":"rotary-tiller-gearboxes-replacement-of-comer-code-tlz21j","status":"publish","type":"product","link":"https:\/\/fmp-components.com\/sl\/product\/rotary-tiller-gearboxes-replacement-of-comer-code-tlz21j\/","title":{"rendered":"Menjalniki rotacijskega kultivatorja \u2013 zamenjava kode Comer TLZ21J"},"content":{"rendered":"<p><img loading=\"lazy\" decoding=\"async\" class=\"size-full wp-image-2132 aligncenter\" src=\"https:\/\/fmp-components.com\/wp-content\/uploads\/2024\/12\/rotary-tiller-gearbox-TLZ-21J1.webp\" alt=\"menjalnik-rotacijskega-tillerja-TLZ-21J\" width=\"674\" height=\"314\" title=\"\" srcset=\"https:\/\/fmp-components.com\/wp-content\/uploads\/2024\/12\/rotary-tiller-gearbox-TLZ-21J1.webp 674w, https:\/\/fmp-components.com\/wp-content\/uploads\/2024\/12\/rotary-tiller-gearbox-TLZ-21J1-480x224.webp 480w\" sizes=\"(min-width: 0px) and (max-width: 480px) 480px, (min-width: 481px) 674px, 100vw\" \/><\/p>\n<h2>Specifikacije menjalnika rotacijskega krmila TLZ-21J<\/h2>\n<p><img loading=\"lazy\" decoding=\"async\" class=\"alignnone size-full wp-image-2127\" src=\"https:\/\/fmp-components.com\/wp-content\/uploads\/2024\/12\/rotary-tiller-gearbox-TLZ-21J-detail.webp\" alt=\"podrobnosti o menjalniku-rotacijskega-tillerja-TLZ-21J\" width=\"936\" height=\"565\" title=\"\" srcset=\"https:\/\/fmp-components.com\/wp-content\/uploads\/2024\/12\/rotary-tiller-gearbox-TLZ-21J-detail.webp 936w, https:\/\/fmp-components.com\/wp-content\/uploads\/2024\/12\/rotary-tiller-gearbox-TLZ-21J-detail-480x290.webp 480w\" sizes=\"(min-width: 0px) and (max-width: 480px) 480px, (min-width: 481px) 936px, 100vw\" \/><\/p>\n<table style=\"width: 101.556%; height: 310px;\" border=\"1\" cellspacing=\"0\" cellpadding=\"0\">\n<tbody>\n<tr>\n<td style=\"width: 58.0851%;\"><strong>jaz<\/strong><\/td>\n<td style=\"width: 41.7021%;\">1.46<\/td>\n<\/tr>\n<tr>\n<td style=\"width: 58.0851%;\"><strong>S<sub>1<\/sub>[vrt\/min]<\/strong><\/td>\n<td style=\"width: 41.7021%;\">540<\/td>\n<\/tr>\n<tr>\n<td style=\"width: 58.0851%;\"><strong>P<sub>1<\/sub>[kW]<\/strong><\/td>\n<td style=\"width: 41.7021%;\">29.4<\/td>\n<\/tr>\n<tr>\n<td style=\"width: 58.0851%;\"><strong>M<sub>2<\/sub>[Nm]<\/strong><\/td>\n<td style=\"width: 41.7021%;\">736<\/td>\n<\/tr>\n<tr>\n<td style=\"width: 58.0851%;\"><strong>Gred X\u00a0 \u00a0 \u00a0 \u00a0 \u00a0 \u00a0 \u00a0 \u00a0 \u00a0 \u00a0 \u00a0 \u00a0 \u00a0 \u00a0 \u00a0 \u00a0 \u00a0 \u00a0 \u00a0 \u00a0 \u00a0 \u00a0 \u00a0 \u00a0 \u00a0 \u00a0 \u00a0 \u00a0 \u00a0 \u00a0 \u00a0 \u00a0 \u00a0 \u00a0 \u00a0 \u00a0 \u00a0 \u00a0 \u00a0 \u00a0 <img loading=\"lazy\" decoding=\"async\" class=\"alignnone size-full wp-image-2126\" src=\"https:\/\/fmp-components.com\/wp-content\/uploads\/2024\/12\/shaft-x-1.webp\" alt=\"gred-x \" width=\"81\" height=\"78\" title=\"\" srcset=\"https:\/\/fmp-components.com\/wp-content\/uploads\/2024\/12\/shaft-x-1.webp 81w, https:\/\/fmp-components.com\/wp-content\/uploads\/2024\/12\/shaft-x-1-12x12.webp 12w\" sizes=\"(max-width: 81px) 100vw, 81px\" \/><\/strong><\/td>\n<td style=\"width: 41.7021%;\">1\u201d 3\/8 Z6<\/td>\n<\/tr>\n<tr>\n<td style=\"width: 58.0851%;\"><strong>Gred Z\u00a0 \u00a0 \u00a0 \u00a0 \u00a0 \u00a0 \u00a0 \u00a0 \u00a0 \u00a0 \u00a0 \u00a0 \u00a0 \u00a0 \u00a0 \u00a0 \u00a0 \u00a0 \u00a0 \u00a0 \u00a0 \u00a0 \u00a0 \u00a0 \u00a0 \u00a0 \u00a0 \u00a0 \u00a0 \u00a0 \u00a0 \u00a0 \u00a0 \u00a0 \u00a0 \u00a0 \u00a0 \u00a0 \u00a0 \u00a0 \u00a0 \u00a0<img loading=\"lazy\" decoding=\"async\" class=\"alignnone size-full wp-image-2125\" src=\"https:\/\/fmp-components.com\/wp-content\/uploads\/2024\/12\/shaft-1.webp\" alt=\"gred\" width=\"64\" height=\"57\" title=\"\" srcset=\"https:\/\/fmp-components.com\/wp-content\/uploads\/2024\/12\/shaft-1.webp 64w, https:\/\/fmp-components.com\/wp-content\/uploads\/2024\/12\/shaft-1-13x12.webp 13w\" sizes=\"(max-width: 64px) 100vw, 64px\" \/><\/strong><\/td>\n<td style=\"width: 41.7021%;\">36*40<\/td>\n<\/tr>\n<tr>\n<td style=\"width: 58.0851%;\"><strong>Vnos<\/strong><\/td>\n<td style=\"width: 41.7021%;\">X<\/td>\n<\/tr>\n<\/tbody>\n<\/table>\n<h2>Kako deluje menjalnik rotacijskega freze, ki ga poganja kardanska gred traktorja?<\/h2>\n<p>Menjalnik rotacijskega freze, ki ga poganja kardanska gred traktorja, deluje tako, da prena\u0161a mehansko mo\u010d iz kardanske gredi traktorja na rezila rotacijskega freze, kar omogo\u010da u\u010dinkovito obdelavo tal. Ko se traktor premika, se kardanska gred vrti in prena\u0161a rotacijsko energijo na menjalnik, ki nato to mo\u010d porazdeli na rezila freze. Ta rezila, pogosto zasnovana v kompletu vrte\u010dih se diskov ali zobcev, se zarijejo v zemljo in jo razdrobijo na manj\u0161e delce za bolj\u0161e prezra\u010devanje in pripravo setvene gredice.<\/p>\n<p>Menjalnik igra klju\u010dno vlogo pri zagotavljanju, da se vrtilna hitrost in navor, ki ju zagotavlja kardanska gred, ustrezno pretvorita in porazdelita na rezila freze. Menjalnik obi\u010dajno vklju\u010duje vrsto zobnikov in gredi, zasnovanih za prilagajanje hitrosti in sile, kar zagotavlja optimalne pogoje za razli\u010dne vrste tal in globino obdelave. To omogo\u010da u\u010dinkovito delovanje rotacijskega freze v razli\u010dnih kmetijskih pogojih.<\/p>\n<p>Menjalnik pomaga tudi ohranjati konstantno hitrost vrtenja, kar zagotavlja nemoteno delovanje in prepre\u010duje preobremenitev rezil freze. Navor, ki ga zagotavlja kardanska gred, se prena\u0161a prek menjalnika, kar zmanj\u0161uje tveganje po\u0161kodb tako kardanske gredi kot same freze. Posledi\u010dno menjalnik pomaga podalj\u0161ati \u017eivljenjsko dobo traktorja in freze.<\/p>\n<p>Poleg prenosa mo\u010di je menjalnik zasnovan tako, da obvladuje zahtevne pogoje, s katerimi se rotacijski kultivatorji soo\u010dajo med uporabo, kot je odpornost trde zemlje ali kamenja. Visokokakovostni materiali, robustna zasnova in ustrezno mazanje zagotavljajo, da menjalnik brezhibno prenese obremenitve delovanja. Redno vzdr\u017eevanje, kot sta menjava olja in pregledi, je bistvenega pomena za ohranjanje optimalnega delovnega stanja menjalnika.<\/p>\n<p>Na splo\u0161no je menjalnik rotacijskega freze, ki ga poganja kardanska gred traktorja, bistvenega pomena za pretvorbo mo\u010di motorja traktorja v potrebno silo za pogon rezil freze. Z uravnavanjem hitrosti, navora in u\u010dinkovitosti zagotavlja u\u010dinkovito delovanje rotacijske freze z minimalno obrabo, kar pove\u010duje produktivnost na polju.<\/p>\n<p><img loading=\"lazy\" decoding=\"async\" class=\"alignnone size-full wp-image-2128\" src=\"https:\/\/fmp-components.com\/wp-content\/uploads\/2024\/12\/Rotary-Tiller-Gearbox-47.webp\" alt=\"Rotacijski menjalnik\" width=\"1024\" height=\"600\" title=\"\" srcset=\"https:\/\/fmp-components.com\/wp-content\/uploads\/2024\/12\/Rotary-Tiller-Gearbox-47.webp 1024w, https:\/\/fmp-components.com\/wp-content\/uploads\/2024\/12\/Rotary-Tiller-Gearbox-47-980x574.webp 980w, https:\/\/fmp-components.com\/wp-content\/uploads\/2024\/12\/Rotary-Tiller-Gearbox-47-480x281.webp 480w\" sizes=\"(min-width: 0px) and (max-width: 480px) 480px, (min-width: 481px) and (max-width: 980px) 980px, (min-width: 981px) 1024px, 100vw\" \/><\/p>\n<h2>Uporaba rotacijskega menjalnika s pogonom na kardansko gred traktorja<\/h2>\n<p>Rotacijski menjalnik freze, ki ga poganja kardanska gred traktorja, je klju\u010dni sestavni del sodobnega kmetijstva, saj omogo\u010da u\u010dinkovito pripravo in obdelavo tal. Njegova primarna uporaba je v rotacijskih frezah, ki se uporabljajo za obdelavo in rahljanje tal, zaradi \u010desar je idealen za razli\u010dna kmetijska opravila, od priprave setvenih gredic do vdelave organskih snovi v tla. Spodaj so navedena klju\u010dna podro\u010dja uporabe rotacijskega menjalnika freze, ki ga poganja kardanska gred traktorja:<\/p>\n<ol>\n<li><strong>Obdelava tal in priprava setvene gredice<\/strong><br \/>\nEna glavnih uporab menjalnika rotacijskega freze, ki ga poganja kardanska gred traktorja, je obdelava tal. Z prenosom mo\u010di s kardanske gredi traktorja na rezila rotacijskega freze menjalnik omogo\u010da rezilom, da zare\u017eejo in razdrobijo zbito zemljo. Ta postopek pomaga pripraviti zemljo za sajenje, saj zagotavlja ustrezno prezra\u010devanje in razgrajuje kepe zemlje, kar olaj\u0161a kalitev in ukoreninjenje semen.<\/li>\n<li><strong>Zatiranje plevela<\/strong><br \/>\nRotacijski freze, opremljene z menjalniki, ki jih poganja kardanska gred, se pogosto uporabljajo tudi za zatiranje plevela. Z obra\u010danjem zemlje in motenjem koreninskega sistema plevela ti freze pomagajo odstraniti ne\u017eeleno vegetacijo in prepre\u010diti njeno ponovno rast. Menjalnik zagotavlja, da rezila freze delujejo s pravo hitrostjo in navorom, da u\u010dinkovito izruvajo plevel, ne da bi pri tem po\u0161kodovali okoli\u0161ko strukturo tal.<\/li>\n<li><strong>Vklju\u010devanje organskih snovi in \u200b\u200bgnojil<\/strong><br \/>\nDruga pomembna uporaba menjalnika rotacijskega freze, ki ga poganja kardanska gred, je vdelava organske snovi (kot so ostanki pridelka, kompost ali gnoj) v zemljo. Rezila rotacijskega freze me\u0161ajo organsko snov v zgornjo plast zemlje, kar pove\u010duje rodovitnost tal in izbolj\u0161uje njihovo strukturo. Ta postopek pomaga tudi pospe\u0161iti razgradnjo in obogatiti zemljo z bistvenimi hranili za prihodnje pridelke.<\/li>\n<li><strong>Razbijanje trde zemlje v posodi<\/strong><br \/>\nNa obmo\u010djih z zbito zemljo je lahko menjalnik rotacijskega kultivatorja, ki ga poganja kardanska gred, neprecenljiv za razbijanje trdih plasti tal. Trda plast je gosta, neprebojna plast pod povr\u0161ino tal, ki omejuje rast korenin in prodiranje vode. Menjalnik zagotavlja, da imajo rezila kultivatorja potrebno mo\u010d za prebijanje teh trdih plasti, kar omogo\u010da bolj\u0161e prodiranje korenin in izbolj\u0161uje splo\u0161no zadr\u017eevanje vode v tleh.<\/li>\n<li><strong>\u010ci\u0161\u010denje zemlji\u0161\u010da in priprava lokacije<\/strong><br \/>\nPoleg tradicionalnega oranja se menjalnik rotacijskega freze, ki ga poganja kardan, uporablja tudi pri \u010di\u0161\u010denju zemlji\u0161\u010d in pripravi gradbi\u0161\u010d za kmetijske ali gradbene namene. Freza lahko \u010disti vegetacijo, razbija skalnat ali neraven teren in pripravlja velike povr\u0161ine za sajenje ali gradnjo. Menjalnik zagotavlja potrebno mo\u010d za delovanje rezil freze pri visokih hitrostih, kar omogo\u010da u\u010dinkovito \u010di\u0161\u010denje zemlji\u0161\u010d tudi v zahtevnih razmerah.<\/li>\n<\/ol>\n<p>Rotacijski menjalnik freze, ki ga poganja kardanska gred traktorja, je bistveno orodje za \u0161irok spekter kmetijskih del. Pomaga izbolj\u0161ati kakovost tal, pove\u010dati pridelek in pove\u010dati operativno u\u010dinkovitost z zagotavljanjem optimalnega prenosa mo\u010di za razli\u010dna opravila, kot so obdelava tal, zatiranje plevela in priprava zemlji\u0161\u010d.<\/p>\n<p><img loading=\"lazy\" decoding=\"async\" class=\"alignnone size-full wp-image-2129\" src=\"https:\/\/fmp-components.com\/wp-content\/uploads\/2024\/12\/Rotary-Tiller-Gearbox-Applications.webp\" alt=\"Uporaba menjalnika rotacijskega kultivatorja\" width=\"1000\" height=\"720\" title=\"\" srcset=\"https:\/\/fmp-components.com\/wp-content\/uploads\/2024\/12\/Rotary-Tiller-Gearbox-Applications.webp 1000w, https:\/\/fmp-components.com\/wp-content\/uploads\/2024\/12\/Rotary-Tiller-Gearbox-Applications-980x706.webp 980w, https:\/\/fmp-components.com\/wp-content\/uploads\/2024\/12\/Rotary-Tiller-Gearbox-Applications-480x346.webp 480w\" sizes=\"(min-width: 0px) and (max-width: 480px) 480px, (min-width: 481px) and (max-width: 980px) 980px, (min-width: 981px) 1000px, 100vw\" \/><\/p>\n<h3>O FMP-ju<\/h3>\n<p>FMP s sede\u017eem v Italiji velja za vodilnega proizvajalca, znanega po svojem strokovnem znanju na podro\u010dju na\u010drtovanja, razvoja in proizvodnje visokozmogljivih menjalnikov, s primarnim poudarkom na sektorju kmetijske mehanizacije. Znan po svoji zavezanosti natan\u010dnemu in\u017eenirstvu, inovacijam in neprimerljivi zanesljivosti, si je FMP prislu\u017eil trden sloves z zagotavljanjem vrhunskih izdelkov, ki zadovoljujejo dinami\u010dne potrebe tako kmetijskega kot industrijskega trga. Na\u0161a obse\u017ena ponudba izdelkov vklju\u010duje specializirane menjalnike za kosilnice, kardanske gredi in druge bistvene komponente, vse prilagojene za zagotavljanje re\u0161itev po meri za \u0161irok spekter uporabe.<\/p>\n<p>Pri FMP se zavedamo, da se vsaka stranka soo\u010da z razli\u010dnimi izzivi in \u200b\u200bzahtevami. Zato smo specializirani za zagotavljanje re\u0161itev po meri, pa naj gre za posamezne komponente ali celovite, integrirane sisteme. Tesno sodelujemo z na\u0161imi strankami in zagotavljamo, da je vsaka re\u0161itev ne le u\u010dinkovita, ampak tudi uspe\u0161na, kar optimizira delovanje in vrednost. Na\u0161a zavezanost hitrim in profesionalnim odzivom v kombinaciji s strokovnim vodenjem zagotavlja, da se vsako povpra\u0161evanje obravnava natan\u010dno in skrbno.<\/p>\n<p>Dajemo prednost jasni in stalni komunikaciji, zlasti pri razvoju novih izdelkov. Na\u0161a predana ekipa sodeluje neposredno s strankami, da bi pridobila poglobljeno razumevanje njihovih specifi\u010dnih potreb, in jim ponuja prakti\u010dne vpoglede, ki vodijo do najoptimalnej\u0161ih re\u0161itev. Ne glede na to, ali oblikujemo vrhunske izdelke ali izpolnjujemo teko\u010da naro\u010dila, ostajamo neomajni v svoji zavezanosti zagotavljanju visokokakovostnih, natan\u010dno izdelanih re\u0161itev s hitrostjo in zanesljivostjo.<\/p>\n<p>V sredi\u0161\u010du delovanja podjetja FMP je neomajna osredoto\u010denost na kakovost. Dr\u017eimo se najvi\u0161jih proizvodnih standardov in vklju\u010dujemo stroge postopke nadzora kakovosti, da zagotovimo, da vsak izdelek ne le izpolnjuje, ampak tudi presega pri\u010dakovanja industrije. Na\u0161a predanost kakovosti, skupaj z na\u0161imi temeljnimi vrednotami integritete, sodelovanja in vztrajnosti, nam je pomagala vzpostaviti mo\u010dne in dolgoro\u010dne odnose s strankami v ve\u010d kot 30 dr\u017eavah po vsem svetu.<\/p>\n<p>FMP je vedno odprt za spodbujanje globalnih partnerstev in ostaja predan ponujanju strokovnih nasvetov in prilagojenih re\u0161itev za zadovoljevanje raznolikih potreb na\u0161ih strank. Gremo dlje od zgolj dobave izdelkov \u2013 prizadevamo si graditi trajne in smiselne odnose, ki spodbujajo uspeh vsakega projekta. Ne glede na to, ali i\u0161\u010dete inovativne re\u0161itve za novo pobudo ali stalno podporo za obstoje\u010di sistem, je FMP tukaj, da re\u0161i va\u0161e tehni\u010dne izzive in zagotovi va\u0161 nadaljnji uspeh.<\/p>\n<p><img loading=\"lazy\" decoding=\"async\" class=\"alignnone size-full wp-image-1861\" src=\"https:\/\/fmp-components.com\/wp-content\/uploads\/2024\/12\/Other-Agricultural-Gearboxes.webp\" sizes=\"(min-width: 0px) and (max-width: 480px) 480px, (min-width: 481px) and (max-width: 980px) 980px, (min-width: 981px) 1200px, 100vw\" srcset=\"https:\/\/fmp-components.com\/wp-content\/uploads\/2024\/12\/Other-Agricultural-Gearboxes.webp 1200w, https:\/\/fmp-components.com\/wp-content\/uploads\/2024\/12\/Other-Agricultural-Gearboxes-980x1143.webp 980w, https:\/\/fmp-components.com\/wp-content\/uploads\/2024\/12\/Other-Agricultural-Gearboxes-480x560.webp 480w\" alt=\"Altri-cambi-agricoli\" width=\"1200\" height=\"1400\" title=\"\"><\/p>\n<p>Avtor: CX<\/p>","protected":false},"excerpt":{"rendered":"<p>Rotary Tiller Gearbox TLZ-21J Specifications i 1.46 N1[rpm] 540 P1[kW] 29.4 M2[Nm] 736 Shaft X\u00a0 \u00a0 \u00a0 \u00a0 \u00a0 \u00a0 \u00a0 \u00a0 \u00a0 \u00a0 \u00a0 \u00a0 \u00a0 \u00a0 \u00a0 \u00a0 \u00a0 \u00a0 \u00a0 \u00a0 \u00a0 \u00a0 \u00a0 \u00a0 \u00a0 \u00a0 \u00a0 \u00a0 \u00a0 \u00a0 \u00a0 \u00a0 \u00a0 \u00a0 \u00a0 \u00a0 \u00a0 \u00a0 \u00a0 \u00a0 1&#8221; [&hellip;]<\/p>","protected":false},"featured_media":2131,"comment_status":"open","ping_status":"closed","template":"","meta":{"_et_pb_use_builder":"","_et_pb_old_content":"","_et_gb_content_width":""},"product_brand":[],"product_cat":[53],"product_tag":[],"class_list":{"0":"post-2117","1":"product","2":"type-product","3":"status-publish","4":"has-post-thumbnail","6":"product_cat-rotary-tiller-gearbox","8":"first","9":"instock","10":"shipping-taxable","11":"product-type-simple"},"_links":{"self":[{"href":"https:\/\/fmp-components.com\/sl\/wp-json\/wp\/v2\/product\/2117","targetHints":{"allow":["GET"]}}],"collection":[{"href":"https:\/\/fmp-components.com\/sl\/wp-json\/wp\/v2\/product"}],"about":[{"href":"https:\/\/fmp-components.com\/sl\/wp-json\/wp\/v2\/types\/product"}],"replies":[{"embeddable":true,"href":"https:\/\/fmp-components.com\/sl\/wp-json\/wp\/v2\/comments?post=2117"}],"wp:featuredmedia":[{"embeddable":true,"href":"https:\/\/fmp-components.com\/sl\/wp-json\/wp\/v2\/media\/2131"}],"wp:attachment":[{"href":"https:\/\/fmp-components.com\/sl\/wp-json\/wp\/v2\/media?parent=2117"}],"wp:term":[{"taxonomy":"product_brand","embeddable":true,"href":"https:\/\/fmp-components.com\/sl\/wp-json\/wp\/v2\/product_brand?post=2117"},{"taxonomy":"product_cat","embeddable":true,"href":"https:\/\/fmp-components.com\/sl\/wp-json\/wp\/v2\/product_cat?post=2117"},{"taxonomy":"product_tag","embeddable":true,"href":"https:\/\/fmp-components.com\/sl\/wp-json\/wp\/v2\/product_tag?post=2117"}],"curies":[{"name":"delovni list","href":"https:\/\/api.w.org\/{rel}","templated":true}]}}