{"id":2111,"date":"2024-12-30T05:16:14","date_gmt":"2024-12-30T05:16:14","guid":{"rendered":"https:\/\/fmp-components.com\/?page_id=8"},"modified":"2024-12-30T05:23:39","modified_gmt":"2024-12-30T05:23:39","slug":"rotary-tillers-gearboxes-replacement-of-comer-code-tb-278c-11","status":"publish","type":"product","link":"https:\/\/fmp-components.com\/sl\/product\/rotary-tillers-gearboxes-replacement-of-comer-code-tb-278c-11\/","title":{"rendered":"Menjalniki rotacijskih frezerjev \u2013 zamenjava Comer Code TB-278C 1:1"},"content":{"rendered":"<p style=\"text-align: center;\"><span style=\"font-size: 18pt;\">Menjalniki rotacijskih frezerjev \u2013 zamenjava Comer Code TB-278C 1:1<\/span><\/p>\n<p>Menjalnik za rotacijske freze \u2013 zamenjava za Comerjevo kodo TB-278C 1:1 je visokozmogljiv in vzdr\u017eljiv menjalnik, zasnovan posebej za uporabo v rotacijskih frezah, ki ponuja u\u010dinkovito re\u0161itev za pripravo tal in obdelavo zemlji\u0161\u010d. Ta nadomestni menjalnik je zasnovan tako, da zagotavlja zanesljiv prenos mo\u010di iz kardanske gredi traktorja na rezila freze, kar zagotavlja nemoteno delovanje tudi v zahtevnih kmetijskih okoljih.<\/p>\n<p>Klju\u010dne zna\u010dilnosti menjalnika TB-278C vklju\u010dujejo prestavno razmerje 1:1, ki zagotavlja optimalen prenos mo\u010di za obdelavo tal, zaradi \u010desar je zelo u\u010dinkovit za razli\u010dne vrste tal, od lahkih do te\u017ekih kmetijskih del. Robustna konstrukcija zagotavlja odpornost proti obrabi, kar podalj\u0161uje \u017eivljenjsko dobo menjalnika in zmanj\u0161uje stro\u0161ke vzdr\u017eevanja. Poleg tega je menjalnik zasnovan za enostavno namestitev in ponuja neposredno zamenjavo za menjalnik Comer TB-278C, kar zmanj\u0161uje \u010das izpada in zagotavlja stalno produktivnost na terenu.<\/p>\n<p>Menjalnik TB-278C je izdelan s preciznim in\u017eeniringom in visokokakovostnimi materiali, zaradi \u010desar je zanesljiva izbira tako za manj\u0161e kmetije kot za velika kmetijska podjetja. Njegova zasnova omogo\u010da u\u010dinkovit prenos energije, kar pove\u010da zmogljivost kultivatorja in izbolj\u0161a u\u010dinkovitost porabe goriva.<\/p>\n<p>Ta nadomestni menjalnik je idealen za kmete, ki i\u0161\u010dejo visokokakovostno in stro\u0161kovno u\u010dinkovito re\u0161itev za ohranjanje delovanja svojih rotacijskih frezerjev. Ne glede na to, ali gre za zamenjavo obrabljenega menjalnika ali nadgradnjo starej\u0161ega modela, TB-278C zagotavlja optimalno delovanje pri obdelavi in \u200b\u200bpove\u010dano produktivnost. Menjalnik ima tudi koristi od strogih standardov nadzora kakovosti, da izpolnjuje visoke zahteve sodobnega kmetijstva.<\/p>\n<p>Menjalnik za rotacijske freze \u2013 zamenjava za Comerjevo kodo TB-278C 1:1 zagotavlja trpe\u017eno, u\u010dinkovito in stro\u0161kovno ugodno re\u0161itev za rotacijske freze. S poudarkom na zanesljivosti, natan\u010dnosti in zmogljivosti ta menjalnik pomaga izbolj\u0161ati operativno u\u010dinkovitost in podalj\u0161a \u017eivljenjsko dobo va\u0161e kmetijske opreme.<\/p>\n<table style=\"width: 100%;\" border=\"1\" width=\"100%\" cellspacing=\"0\" cellpadding=\"0\">\n<tbody>\n<tr>\n<th>Opis<\/th>\n<td>Menjalniki za rotacijske brane, menjalniki za rotacijske freze \u2013 zamenjava za Comerjevo kodo TB-278C 1:1<\/td>\n<\/tr>\n<tr>\n<th>Uporaba<\/th>\n<td>Razli\u010dne (kmetijske) aplikacije,<br \/>\nKosilnice,<br \/>\nSerijski mlin<\/td>\n<\/tr>\n<tr>\n<th>Sestavljen je iz<\/th>\n<td>Menjalnik<\/td>\n<\/tr>\n<tr>\n<th>Olje naro\u010dite lo\u010deno<\/th>\n<td>Tehni\u010dne informacije<\/td>\n<\/tr>\n<tr>\n<th><\/th>\n<td>Vsi tehni\u010dni podatki ustrezajo standardoma ISO 6335 in ISO 281.<\/td>\n<\/tr>\n<tr>\n<th>Najve\u010dja vhodna mo\u010d<\/th>\n<td>40,5 kW<\/td>\n<\/tr>\n<tr>\n<th>Maks. izhodni navor<\/th>\n<td>695 Nm<\/td>\n<\/tr>\n<tr>\n<th>Vsebuje olje<\/th>\n<td>Ne<\/td>\n<\/tr>\n<tr>\n<th>Najve\u010dja prostornina olja<\/th>\n<td>1,6 l<\/td>\n<\/tr>\n<tr>\n<th>Stopnja viskoznosti olja SAE<\/th>\n<td>80W-90<\/td>\n<\/tr>\n<tr>\n<th>Te\u017ea<\/th>\n<td>24 kg<\/td>\n<\/tr>\n<tr>\n<th>Razporeditev zobnikov<\/th>\n<td>5 &#8211; 6<\/td>\n<\/tr>\n<tr>\n<th>Razmerje<\/th>\n<td>1 : 1<\/td>\n<\/tr>\n<tr>\n<th>Vhodna gred<\/th>\n<td>\u017d<\/td>\n<\/tr>\n<tr>\n<th>Gred X<\/th>\n<td>C<\/td>\n<\/tr>\n<tr>\n<th>Gred Z<\/th>\n<td>1 3\/8\u2033 (6) (A)<\/td>\n<\/tr>\n<\/tbody>\n<\/table>\n<h3>Menjalniki rotacijskih frezerjev \u2013 zamenjava Comer Code TB-278C 1:1<\/h3>\n<p>Menjalnik za rotacijske freze \u2013 zamenjava za Comerjevo kodo TB-278C 1:1 je visokozmogljiv in vzdr\u017eljiv menjalnik, zasnovan posebej za uporabo v rotacijskih frezah, ki ponuja u\u010dinkovito re\u0161itev za pripravo tal in obdelavo zemlji\u0161\u010d. Ta nadomestni menjalnik je zasnovan tako, da zagotavlja zanesljiv prenos mo\u010di iz kardanske gredi traktorja na rezila freze, kar zagotavlja nemoteno delovanje tudi v zahtevnih kmetijskih okoljih.<\/p>\n<p>Klju\u010dne zna\u010dilnosti menjalnika TB-278C vklju\u010dujejo prestavno razmerje 1:1, ki zagotavlja optimalen prenos mo\u010di za obdelavo tal, zaradi \u010desar je zelo u\u010dinkovit za razli\u010dne vrste tal, od lahkih do te\u017ekih kmetijskih del. Robustna konstrukcija zagotavlja odpornost proti obrabi, kar podalj\u0161uje \u017eivljenjsko dobo menjalnika in zmanj\u0161uje stro\u0161ke vzdr\u017eevanja. Poleg tega je menjalnik zasnovan za enostavno namestitev in ponuja neposredno zamenjavo za menjalnik Comer TB-278C, kar zmanj\u0161uje \u010das izpada in zagotavlja stalno produktivnost na terenu.<\/p>\n<p>Menjalnik TB-278C je izdelan s preciznim in\u017eeniringom in visokokakovostnimi materiali, zaradi \u010desar je zanesljiva izbira tako za manj\u0161e kmetije kot za velika kmetijska podjetja. Njegova zasnova omogo\u010da u\u010dinkovit prenos energije, kar pove\u010da zmogljivost kultivatorja in izbolj\u0161a u\u010dinkovitost porabe goriva.<\/p>\n<p>Ta nadomestni menjalnik je idealen za kmete, ki i\u0161\u010dejo visokokakovostno in stro\u0161kovno u\u010dinkovito re\u0161itev za ohranjanje delovanja svojih rotacijskih frezerjev. Ne glede na to, ali gre za zamenjavo obrabljenega menjalnika ali nadgradnjo starej\u0161ega modela, TB-278C zagotavlja optimalno delovanje pri obdelavi in \u200b\u200bpove\u010dano produktivnost. Menjalnik ima tudi koristi od strogih standardov nadzora kakovosti, da izpolnjuje visoke zahteve sodobnega kmetijstva.<\/p>\n<p>Skratka, menjalnik za rotacijske freze \u2013 zamenjava za Comerjevo kodo TB-278C 1:1 zagotavlja trpe\u017eno, u\u010dinkovito in stro\u0161kovno ugodno re\u0161itev za rotacijske freze. S poudarkom na zanesljivosti, natan\u010dnosti in zmogljivosti ta menjalnik pomaga izbolj\u0161ati operativno u\u010dinkovitost in podalj\u0161a \u017eivljenjsko dobo va\u0161e kmetijske opreme.<\/p>\n<p><img loading=\"lazy\" decoding=\"async\" class=\"alignnone size-full wp-image-2102\" src=\"https:\/\/fmp-components.com\/wp-content\/uploads\/2024\/12\/PTO-Shaft-for-Rotary-Tiller-Gearbox.webp\" alt=\"Kardanska gred za menjalnik rotacijskega kultivatorja\" width=\"1000\" height=\"600\" title=\"\" srcset=\"https:\/\/fmp-components.com\/wp-content\/uploads\/2024\/12\/PTO-Shaft-for-Rotary-Tiller-Gearbox.webp 1000w, https:\/\/fmp-components.com\/wp-content\/uploads\/2024\/12\/PTO-Shaft-for-Rotary-Tiller-Gearbox-980x588.webp 980w, https:\/\/fmp-components.com\/wp-content\/uploads\/2024\/12\/PTO-Shaft-for-Rotary-Tiller-Gearbox-480x288.webp 480w\" sizes=\"(min-width: 0px) and (max-width: 480px) 480px, (min-width: 481px) and (max-width: 980px) 980px, (min-width: 981px) 1000px, 100vw\" \/><\/p>\n<h2>Kardanske gredi za menjalnike rotacijskih frez<\/h2>\n<p>Kardanske gredi za menjalnike rotacijskih frezerjev so klju\u010dne komponente v sodobnem kmetijstvu, saj zagotavljajo bistveno povezavo med sistemom odvzema mo\u010di (PTO) traktorja in menjalnikom rotacijskega frezerja. Te gredi so zasnovane za prenos mehanske mo\u010di iz motorja traktorja na mehanizem za obdelavo tal, kar omogo\u010da vrtenje rezil freze in u\u010dinkovito obdelovanje tal. Z omogo\u010danjem prenosa mo\u010di kardanske gredi zagotavljajo optimalno delovanje pri razli\u010dnih kmetijskih aplikacijah, od priprave tal do vzdr\u017eevanja zemlji\u0161\u010d.<\/p>\n<p>Vzdr\u017eljivost in zanesljivost sta klju\u010dni lastnosti kardanskih gredi za menjalnike rotacijskih frez. Te gredi so izdelane iz visoko trdnega jekla ali drugih trpe\u017enih materialov in so zasnovane tako, da prenesejo obremenitve te\u017ekih kmetijskih del. Ne glede na to, ali gre za zahteven teren ali v te\u017ekih okoljskih razmerah, so kardanske gredi zasnovane tako, da zagotavljajo dosledno in dolgotrajno delovanje, kar zmanj\u0161uje potrebo po pogostem vzdr\u017eevanju in zmanj\u0161uje izpade v kriti\u010dnih kmetijskih sezonah.<\/p>\n<p>Druga pomembna lastnost kardanskih gredi je njihova enostavna pritrditev in odstranitev. Te gredi so zasnovane za hitro priklop na traktor in menjalnik ro\u010dice, kar zagotavlja brezhibno integracijo z razli\u010dnimi modeli opreme. Mehanizem za hitro priklop omogo\u010da kmetom enostavno preklapljanje med razli\u010dnimi priklju\u010dki, kar izbolj\u0161a operativno u\u010dinkovitost in skraj\u0161a \u010das priprave pri menjavi nalog ali opreme.<\/p>\n<p>Varnost je prav tako glavna prednostna naloga pri kardanskih gredeh za menjalnike rotacijskih frez. Te gredi so opremljene z za\u0161\u010ditnimi \u0161\u010ditniki, drsnimi sklopkami in drugimi varnostnimi elementi, namenjenimi prepre\u010devanju nesre\u010d in zmanj\u0161evanju \u0161kode med delovanjem. Kardanske gredi pomagajo zagotoviti varno in zanesljivo povezavo med traktorjem in frezo, kar zmanj\u0161uje tveganje za okvaro opreme ali po\u0161kodbe med delovanjem, zlasti v pogojih visokega navora.<\/p>\n<p>Kon\u010dno so kardanske gredi za menjalnike rotacijskih frez so zelo prilagodljive, saj ponujajo vrsto dol\u017ein, konfiguracij in izvedb, ki ustrezajo razli\u010dnim modelom frez in tipom traktorjev. Prilagoditev zagotavlja, da je kardanska gred popolnoma usklajena s specifi\u010dnimi potrebami vsake kmetije, kar maksimizira u\u010dinkovitost in zmogljivost rotacijskega freze. S pravo kardansko gredjo lahko kmetje pove\u010dajo svojo produktivnost ter zagotovijo nemoteno in u\u010dinkovito pripravo tal za optimalno rast pridelka.<\/p>\n<p><img loading=\"lazy\" decoding=\"async\" class=\"alignnone size-full wp-image-2088\" src=\"https:\/\/fmp-components.com\/wp-content\/uploads\/2024\/12\/Agricultural-Gearbox-and-PTO-Drive-Shaft1.webp\" alt=\"Kmetijski menjalnik in kardanska gred\" width=\"1200\" height=\"540\" title=\"\" srcset=\"https:\/\/fmp-components.com\/wp-content\/uploads\/2024\/12\/Agricultural-Gearbox-and-PTO-Drive-Shaft1.webp 1200w, https:\/\/fmp-components.com\/wp-content\/uploads\/2024\/12\/Agricultural-Gearbox-and-PTO-Drive-Shaft1-980x441.webp 980w, https:\/\/fmp-components.com\/wp-content\/uploads\/2024\/12\/Agricultural-Gearbox-and-PTO-Drive-Shaft1-480x216.webp 480w\" sizes=\"(min-width: 0px) and (max-width: 480px) 480px, (min-width: 481px) and (max-width: 980px) 980px, (min-width: 981px) 1200px, 100vw\" \/><\/p>\n<h3>O FMP-ju<\/h3>\n<p>FMP s sede\u017eem v Italiji je vodilni proizvajalec, znan po svojem strokovnem znanju na podro\u010dju na\u010drtovanja, razvoja in proizvodnje visokozmogljivih menjalnikov, predvsem za sektor kmetijske mehanizacije. Z ugledom, ki temelji na natan\u010dnem in\u017eenirstvu, inovacijah in neprekosljivi zanesljivosti, FMP dosledno zagotavlja vrhunske izdelke, ki izpolnjujejo dinami\u010dne zahteve kmetijskega in industrijskega trga. Na\u0161a obse\u017ena paleta izdelkov vklju\u010duje specializirane menjalnike za kosilnice, kardanske gredi in druge klju\u010dne komponente, vse prilagojene za zagotavljanje prilagojenih re\u0161itev za \u0161irok spekter uporabe.<\/p>\n<p>Pri FMP se zavedamo, da ima vsaka stranka edinstvene zahteve. Zato smo specializirani za zagotavljanje re\u0161itev po meri, bodisi v obliki posameznih komponent bodisi v obliki popolnoma integriranih sistemov. Tesno sodelujemo z na\u0161imi strankami, da zagotovimo, da je vsaka re\u0161itev ne le u\u010dinkovita, ampak tudi uspe\u0161na, kar zagotavlja maksimalno vrednost. Na\u0161a zavezanost hitrim in profesionalnim odzivom ter strokovnemu vodenju zagotavlja, da je vsako povpra\u0161evanje obravnavano natan\u010dno in pozorno na podrobnosti.<\/p>\n<p>V celotnem procesu razvoja izdelkov dajemo prednost odprti komunikaciji in sodelovanju. Na\u0161a ekipa sodeluje s strankami, da bi v celoti razumela njihove specifi\u010dne potrebe, in jim nudi pronicljiva priporo\u010dila, ki vodijo do najoptimalnej\u0161ih re\u0161itev. Ne glede na to, ali razvijamo nove izdelke ali izpolnjujemo teko\u010da naro\u010dila, smo zavezani k zagotavljanju visokokakovostnih, natan\u010dno zasnovanih re\u0161itev s hitrostjo in zanesljivostjo.<\/p>\n<p>Kakovost je v sredi\u0161\u010du vsega, kar po\u010dnemo. Dr\u017eimo se najvi\u0161jih proizvodnih standardov in izvajamo stroge postopke nadzora kakovosti, da zagotovimo, da vsak izdelek ne le izpolnjuje, ampak tudi presega pri\u010dakovanja industrije. Ta neomajna zavezanost kakovosti, skupaj z na\u0161imi vrednotami integritete, timskega dela in vztrajnosti, nam je omogo\u010dila, da smo zgradili mo\u010dne in trajne odnose s strankami v ve\u010d kot 30 dr\u017eavah po vsem svetu.<\/p>\n<p>FMP je vedno odprt za gojenje globalnih partnerstev, zagotavljanje strokovnega svetovanja in ponujanje prilagojenih re\u0161itev za zadovoljevanje raznolikih potreb na\u0161ih strank. Gremo dlje od zgolj dobave izdelkov \u2013 na\u0161 cilj je spodbujati dolgoro\u010dne odnose, ki spodbujajo uspeh vsakega projekta. Ne glede na to, ali i\u0161\u010dete inovativne re\u0161itve za novo pobudo ali potrebujete stalno podporo za obstoje\u010de sisteme, je FMP predan re\u0161evanju va\u0161ih tehni\u010dnih izzivov in zagotavljanju va\u0161ega nadaljnjega uspeha.<\/p>\n<p><img loading=\"lazy\" decoding=\"async\" class=\"alignnone size-full wp-image-1861\" src=\"https:\/\/fmp-components.com\/wp-content\/uploads\/2024\/12\/Other-Agricultural-Gearboxes.webp\" sizes=\"(min-width: 0px) and (max-width: 480px) 480px, (min-width: 481px) and (max-width: 980px) 980px, (min-width: 981px) 1200px, 100vw\" srcset=\"https:\/\/fmp-components.com\/wp-content\/uploads\/2024\/12\/Other-Agricultural-Gearboxes.webp 1200w, https:\/\/fmp-components.com\/wp-content\/uploads\/2024\/12\/Other-Agricultural-Gearboxes-980x1143.webp 980w, https:\/\/fmp-components.com\/wp-content\/uploads\/2024\/12\/Other-Agricultural-Gearboxes-480x560.webp 480w\" alt=\"Altri-cambi-agricoli\" width=\"1200\" height=\"1400\" title=\"\"><\/p>\n<p>Avtor: CX<\/p>","protected":false},"excerpt":{"rendered":"<p>Rotary Tillers Gearboxes \u2013 Replacement of Comer Code TB-278C 1:1 The Rotary Tillers Gearbox \u2013 Replacement of Comer Code TB-278C 1:1 is a high-performance, durable gearbox designed specifically for use in rotary tillers, offering an efficient solution for soil preparation and land cultivation. This replacement gearbox is engineered to deliver reliable power transmission from the [&hellip;]<\/p>","protected":false},"featured_media":2112,"comment_status":"open","ping_status":"closed","template":"","meta":{"_et_pb_use_builder":"","_et_pb_old_content":"","_et_gb_content_width":""},"product_brand":[],"product_cat":[53],"product_tag":[],"class_list":{"0":"post-2111","1":"product","2":"type-product","3":"status-publish","4":"has-post-thumbnail","6":"product_cat-rotary-tiller-gearbox","8":"first","9":"instock","10":"shipping-taxable","11":"product-type-simple"},"_links":{"self":[{"href":"https:\/\/fmp-components.com\/sl\/wp-json\/wp\/v2\/product\/2111","targetHints":{"allow":["GET"]}}],"collection":[{"href":"https:\/\/fmp-components.com\/sl\/wp-json\/wp\/v2\/product"}],"about":[{"href":"https:\/\/fmp-components.com\/sl\/wp-json\/wp\/v2\/types\/product"}],"replies":[{"embeddable":true,"href":"https:\/\/fmp-components.com\/sl\/wp-json\/wp\/v2\/comments?post=2111"}],"wp:featuredmedia":[{"embeddable":true,"href":"https:\/\/fmp-components.com\/sl\/wp-json\/wp\/v2\/media\/2112"}],"wp:attachment":[{"href":"https:\/\/fmp-components.com\/sl\/wp-json\/wp\/v2\/media?parent=2111"}],"wp:term":[{"taxonomy":"product_brand","embeddable":true,"href":"https:\/\/fmp-components.com\/sl\/wp-json\/wp\/v2\/product_brand?post=2111"},{"taxonomy":"product_cat","embeddable":true,"href":"https:\/\/fmp-components.com\/sl\/wp-json\/wp\/v2\/product_cat?post=2111"},{"taxonomy":"product_tag","embeddable":true,"href":"https:\/\/fmp-components.com\/sl\/wp-json\/wp\/v2\/product_tag?post=2111"}],"curies":[{"name":"delovni list","href":"https:\/\/api.w.org\/{rel}","templated":true}]}}