{"id":2090,"date":"2024-12-30T03:25:31","date_gmt":"2024-12-30T03:25:31","guid":{"rendered":"https:\/\/fmp-components.com\/?page_id=8"},"modified":"2024-12-30T05:24:10","modified_gmt":"2024-12-30T05:24:10","slug":"rotary-tiller-gearbox-replacement-of-comer-code-tb-27c","status":"publish","type":"product","link":"https:\/\/fmp-components.com\/sl\/product\/rotary-tiller-gearbox-replacement-of-comer-code-tb-27c\/","title":{"rendered":"Menjalnik rotacijskega kultivatorja \u2013 zamenjava Comer Code TB-27C"},"content":{"rendered":"<p>&nbsp;<\/p>\n<table style=\"width: 100%;\" border=\"1\" width=\"100%\" cellspacing=\"0\" cellpadding=\"0\">\n<tbody>\n<tr>\n<td style=\"width: 51.9608%;\" width=\"64\"><img loading=\"lazy\" decoding=\"async\" class=\"alignnone size-full wp-image-2098\" src=\"https:\/\/fmp-components.com\/wp-content\/uploads\/2024\/12\/Rotary-Tiller-Gearbox-Replacement-of-Comer-Gearbox-TB-27C.webp\" alt=\"Zamenjava menjalnika rotacijskega kultivatorja Comer TB-27C\" width=\"600\" height=\"600\" title=\"\" srcset=\"https:\/\/fmp-components.com\/wp-content\/uploads\/2024\/12\/Rotary-Tiller-Gearbox-Replacement-of-Comer-Gearbox-TB-27C.webp 600w, https:\/\/fmp-components.com\/wp-content\/uploads\/2024\/12\/Rotary-Tiller-Gearbox-Replacement-of-Comer-Gearbox-TB-27C-480x480.webp 480w\" sizes=\"(min-width: 0px) and (max-width: 480px) 480px, (min-width: 481px) 600px, 100vw\" \/><\/td>\n<td style=\"width: 44.6078%;\" width=\"138\"><img loading=\"lazy\" decoding=\"async\" class=\"alignnone size-full wp-image-2099\" src=\"https:\/\/fmp-components.com\/wp-content\/uploads\/2024\/12\/Rotary-Tiller-Gearbox-Replacement-of-Comer-Code-TB-27C.webp\" alt=\"Zamenjava menjalnika rotacijskega kultivatorja Comer Code TB-27C\" width=\"600\" height=\"600\" title=\"\" srcset=\"https:\/\/fmp-components.com\/wp-content\/uploads\/2024\/12\/Rotary-Tiller-Gearbox-Replacement-of-Comer-Code-TB-27C.webp 600w, https:\/\/fmp-components.com\/wp-content\/uploads\/2024\/12\/Rotary-Tiller-Gearbox-Replacement-of-Comer-Code-TB-27C-480x480.webp 480w\" sizes=\"(min-width: 0px) and (max-width: 480px) 480px, (min-width: 481px) 600px, 100vw\" \/><\/td>\n<\/tr>\n<\/tbody>\n<\/table>\n<h2>Specifikacije menjalnika rotacijskega rotorja TB-27C<\/h2>\n<table style=\"width: 100%;\" border=\"1\" width=\"100%\" cellspacing=\"0\" cellpadding=\"0\">\n<tbody>\n<tr>\n<td style=\"width: 51.9608%;\" width=\"64\"><img loading=\"lazy\" decoding=\"async\" class=\"alignnone size-full wp-image-2097\" src=\"https:\/\/fmp-components.com\/wp-content\/uploads\/2024\/12\/Specifications-of-Rotary-Tiller-Gearbox-TB-27C.webp\" alt=\"Specifikacije-rotacijskega-menjalnika-TB-27C\" width=\"600\" height=\"468\" title=\"\" srcset=\"https:\/\/fmp-components.com\/wp-content\/uploads\/2024\/12\/Specifications-of-Rotary-Tiller-Gearbox-TB-27C.webp 600w, https:\/\/fmp-components.com\/wp-content\/uploads\/2024\/12\/Specifications-of-Rotary-Tiller-Gearbox-TB-27C-480x374.webp 480w\" sizes=\"(min-width: 0px) and (max-width: 480px) 480px, (min-width: 481px) 600px, 100vw\" \/><\/td>\n<td style=\"width: 44.6078%;\" width=\"138\"><img loading=\"lazy\" decoding=\"async\" class=\"alignnone size-full wp-image-2096\" src=\"https:\/\/fmp-components.com\/wp-content\/uploads\/2024\/12\/Specifications-of-Rotary-Tiller-Gearbox-TB-27C-1.webp\" alt=\"Specifikacije-rotacijskega-menjalnika-TB-27C-1\" width=\"600\" height=\"468\" title=\"\" srcset=\"https:\/\/fmp-components.com\/wp-content\/uploads\/2024\/12\/Specifications-of-Rotary-Tiller-Gearbox-TB-27C-1.webp 600w, https:\/\/fmp-components.com\/wp-content\/uploads\/2024\/12\/Specifications-of-Rotary-Tiller-Gearbox-TB-27C-1-480x374.webp 480w\" sizes=\"(min-width: 0px) and (max-width: 480px) 480px, (min-width: 481px) 600px, 100vw\" \/><\/td>\n<\/tr>\n<\/tbody>\n<\/table>\n<table style=\"width: 100%;\" border=\"1\" width=\"100%\" cellspacing=\"0\" cellpadding=\"0\">\n<tbody class=\"kh-1ago99h\">\n<tr id=\"attLongDescription\" class=\"kh-bwvum6\" style=\"height: 23px;\">\n<th class=\"kh-10oizfy\" style=\"height: 23px;\">Opis<\/th>\n<td class=\"kh-1f5nhat\" style=\"height: 23px;\">\n<div class=\"kh-pkx4zo\">Menjalnik rotacijskega kultivatorja \u2013 zamenjava menjalnika Comer TB-27C<\/div>\n<\/td>\n<\/tr>\n<tr id=\"attApplicationRange\" class=\"kh-bwvum6\" style=\"height: 99px;\">\n<th class=\"kh-10oizfy\" style=\"height: 99px;\">Uporaba<\/th>\n<td class=\"kh-1f5nhat\" style=\"height: 99px;\">\n<ul>\n<li class=\"kh-pkx4zo\">Razli\u010dne (kmetijske) aplikacije<\/li>\n<li class=\"kh-pkx4zo\">Trosilniki gnoja<\/li>\n<li>Rotacijski kultivatorji<\/li>\n<\/ul>\n<\/td>\n<\/tr>\n<tr id=\"attConsistsOf\" class=\"kh-bwvum6\" style=\"height: 75px;\">\n<th class=\"kh-10oizfy\" style=\"height: 75px;\">Sestavljen je iz<\/th>\n<td class=\"kh-1f5nhat\" style=\"height: 75px;\">\n<ul>\n<li class=\"kh-16zd49f\">Menjalnik<\/li>\n<li class=\"kh-16zd49f\">Brez olja<\/li>\n<\/ul>\n<\/td>\n<\/tr>\n<tr id=\"attTechnicalInformation\" class=\"kh-bwvum6\" style=\"height: 75px;\">\n<th class=\"kh-10oizfy\" style=\"height: 75px;\">Tehni\u010dne informacije<\/th>\n<td class=\"kh-1f5nhat\" style=\"height: 75px;\">\n<ul>\n<li class=\"kh-16zd49f\">\u010ce imate kakr\u0161na koli vpra\u0161anja glede delovanja pri razli\u010dnih hitrostih, nas prosimo kontaktirajte.<\/li>\n<li class=\"kh-16zd49f\">Pri prvi uporabi zamenjajte olje po 50 obratovalnih urah.<\/li>\n<\/ul>\n<\/td>\n<\/tr>\n<tr id=\"taMaxInputPowerKw\" class=\"kh-bwvum6\" style=\"height: 23px;\">\n<th class=\"kh-10oizfy\" style=\"height: 23px;\">Maks. vhodna mo\u010d<\/th>\n<td class=\"kh-1f5nhat\" style=\"height: 23px;\">\n<div class=\"kh-pkx4zo\">40,5 kW<\/div>\n<\/td>\n<\/tr>\n<tr id=\"taMaxOutputTorqueNm_\" class=\"kh-bwvum6\" style=\"height: 23px;\">\n<th class=\"kh-10oizfy\" style=\"height: 23px;\">Maks. izhodni navor<\/th>\n<td class=\"kh-1f5nhat\" style=\"height: 23px;\">\n<div class=\"kh-pkx4zo\">693 nm<\/div>\n<\/td>\n<\/tr>\n<tr id=\"taContainsOil\" class=\"kh-bwvum6\" style=\"height: 23px;\">\n<th class=\"kh-10oizfy\" style=\"height: 23px;\">Vsebuje olje<\/th>\n<td class=\"kh-1f5nhat\" style=\"height: 23px;\">\n<div class=\"kh-pkx4zo\">Ne<\/div>\n<\/td>\n<\/tr>\n<tr id=\"taMaxOilCapacityL\" class=\"kh-bwvum6\" style=\"height: 23px;\">\n<th class=\"kh-10oizfy\" style=\"height: 23px;\">Najve\u010dja prostornina olja<\/th>\n<td class=\"kh-1f5nhat\" style=\"height: 23px;\">\n<div class=\"kh-pkx4zo\">1,1 l<\/div>\n<\/td>\n<\/tr>\n<tr id=\"taMaxOilChangeIntervalH\" class=\"kh-bwvum6\" style=\"height: 23px;\">\n<th class=\"kh-10oizfy\" style=\"height: 23px;\">Maks. interval menjave olja<\/th>\n<td class=\"kh-1f5nhat\" style=\"height: 23px;\">\n<div class=\"kh-pkx4zo\">500 ur<\/div>\n<\/td>\n<\/tr>\n<tr id=\"taOilSAEViscosityGrade\" class=\"kh-bwvum6\" style=\"height: 23px;\">\n<th class=\"kh-10oizfy\" style=\"height: 23px;\">Viskoznost olja SAE<\/th>\n<td class=\"kh-1f5nhat\" style=\"height: 23px;\">\n<div class=\"kh-pkx4zo\">80W-90<\/div>\n<\/td>\n<\/tr>\n<tr id=\"taHousingMaterial_16\" class=\"kh-bwvum6\" style=\"height: 23px;\">\n<th class=\"kh-10oizfy\" style=\"height: 23px;\">Material ohi\u0161ja<\/th>\n<td class=\"kh-1f5nhat\" style=\"height: 23px;\">\n<div class=\"kh-pkx4zo\">Lito \u017eelezo GG25<\/div>\n<\/td>\n<\/tr>\n<tr id=\"taWeightKg_75\" class=\"kh-bwvum6\" style=\"height: 23px;\">\n<th class=\"kh-10oizfy\" style=\"height: 23px;\">Te\u017ea<\/th>\n<td class=\"kh-1f5nhat\" style=\"height: 23px;\">\n<div class=\"kh-pkx4zo\">39,5 kg<\/div>\n<\/td>\n<\/tr>\n<tr id=\"taGearArrangement\" class=\"kh-bwvum6\" style=\"height: 23px;\">\n<th class=\"kh-10oizfy\" style=\"height: 23px;\">Razporeditev zobnikov<\/th>\n<td class=\"kh-1f5nhat\" style=\"height: 23px;\">\n<div class=\"kh-pkx4zo\">26<\/div>\n<\/td>\n<\/tr>\n<tr id=\"taRatio\" class=\"kh-bwvum6\" style=\"height: 23px;\">\n<th class=\"kh-10oizfy\" style=\"height: 23px;\">Razmerje<\/th>\n<td class=\"kh-1f5nhat\" style=\"height: 23px;\">\n<div class=\"kh-pkx4zo\">1:1<\/div>\n<\/td>\n<\/tr>\n<tr id=\"taSPLITInputShaft\" class=\"kh-bwvum6\" style=\"height: 23px;\">\n<th class=\"kh-10oizfy\" style=\"height: 23px;\">Vhodna gred<\/th>\n<td class=\"kh-1f5nhat\" style=\"height: 23px;\">\n<div class=\"kh-pkx4zo\">\u017d<\/div>\n<\/td>\n<\/tr>\n<tr id=\"taShaftX\" class=\"kh-bwvum6\" style=\"height: 23px;\">\n<th class=\"kh-10oizfy\" style=\"height: 23px;\">Gred X<\/th>\n<td class=\"kh-1f5nhat\" style=\"height: 23px;\">\n<div class=\"kh-pkx4zo\">1 3\/8\u2033 (6) (C)<\/div>\n<\/td>\n<\/tr>\n<tr id=\"taShaftZ\" class=\"kh-bwvum6\" style=\"height: 23px;\">\n<th class=\"kh-10oizfy\" style=\"height: 23px;\">Gred Z<\/th>\n<td class=\"kh-1f5nhat\" style=\"height: 23px;\">\n<div class=\"kh-pkx4zo\">1 3\/8\u2033 (6) (A)<\/div>\n<\/td>\n<\/tr>\n<\/tbody>\n<\/table>\n<article dir=\"auto\" data-testid=\"conversation-turn-48\" data-scroll-anchor=\"false\"><\/article>\n<article dir=\"auto\" data-testid=\"conversation-turn-48\" data-scroll-anchor=\"false\">\n<h2>Menjalnik rotacijskega krmila TB-27C<\/h2>\n<p>Menjalnik rotacijskega freza TB-27C je visokozmogljiv in vzdr\u017eljiv menjalnik, zasnovan za uporabo v rotacijskih frezah, ki zagotavlja u\u010dinkovit prenos mo\u010di s traktorja na rezila freze. Natan\u010dno zasnovan omogo\u010da nemoteno in zanesljivo delovanje ter zagotavlja dosledno obdelavo z minimalnim \u010dasom izpada. Menjalnik TB-27C je zasnovan za zahtevna kmetijska opravila, zaradi \u010desar je primeren za razli\u010dne vrste tal in terenske razmere.<\/p>\n<p>Ena klju\u010dnih zna\u010dilnosti menjalnika TB-27C je njegova robustna konstrukcija, ki zagotavlja dolgo \u017eivljenjsko dobo in zanesljivost pri te\u017eki uporabi. Menjalnik je izdelan iz visokokakovostnih materialov, ki lahko prenesejo obremenitve neprekinjenega delovanja, kar zmanj\u0161uje potrebo po pogostem vzdr\u017eevanju in podalj\u0161uje njegovo \u017eivljenjsko dobo. Ta vzdr\u017eljivost zagotavlja dolgoro\u010dne prihranke stro\u0161kov z zmanj\u0161anjem popravil in zamenjav.<\/p>\n<p>Menjalnik TB-27C je zasnovan za enostavno integracijo z razli\u010dnimi modeli rotacijskih frez, kar ponuja prilagodljivost in vsestranskost. Njegova zdru\u017eljivost z razli\u010dno opremo za obdelavo tal uporabnikom omogo\u010da u\u010dinkovito upravljanje priprave tal v razli\u010dnih kmetijskih okoljih, od majhnih vrtov do velikih kmetijskih dejavnosti. Menjalnik zagotavlja dosledno delovanje, ne glede na to, ali se uporablja za rahlo prezra\u010devanje tal ali zahtevno obdelavo zbitih ali skalnatih tal.<\/p>\n<p>Poleg mo\u010di in vsestranskosti je menjalnik TB-27C zasnovan tako, da optimizira u\u010dinkovitost porabe goriva z zagotavljanjem gladkega in enakomernega prenosa mo\u010di iz traktorja. Ta u\u010dinkovitost zmanj\u0161uje porabo goriva, zni\u017euje obratovalne stro\u0161ke za kmete in pove\u010duje produktivnost. Zaradi kombinacije vzdr\u017eljivosti, u\u010dinkovitosti in vsestranskosti je TB-27C bistvena komponenta za doseganje optimalne obdelave tal in izbolj\u0161anje kmetijskih operacij.<\/p>\n<\/article>\n<article class=\"w-full scroll-mb-[var(--thread-trailing-height,150px)] text-token-text-primary focus-visible:outline-2 focus-visible:outline-offset-[-4px]\" dir=\"auto\" data-testid=\"conversation-turn-48\" data-scroll-anchor=\"false\">\n<div class=\"m-auto text-base py-[18px] px-3 md:px-4 w-full md:px-5 lg:px-4 xl:px-5\">\n<div class=\"mx-auto flex flex-1 gap-4 text-base md:gap-5 lg:gap-6 md:max-w-3xl lg:max-w-[40rem] xl:max-w-[48rem]\">\n<div class=\"group\/conversation-turn relative flex w-full min-w-0 flex-col\">\n<div class=\"flex-col gap-1 md:gap-3\">\n<div class=\"flex max-w-full flex-col flex-grow\">\n<div class=\"min-h-8 text-message flex w-full flex-col items-end gap-2 whitespace-normal break-words text-start [.text-message+&amp;]:mt-5\" dir=\"auto\" data-message-author-role=\"user\" data-message-id=\"aaa290d0-736c-44f1-aa11-e215147c246d\">\n<div class=\"flex w-full flex-col gap-1 empty:hidden items-end rtl:items-start\">\n<div class=\"relative max-w-[var(--user-chat-width,70%)] rounded-3xl bg-token-message-surface px-5 py-2.5\">\n<h2 class=\"whitespace-pre-wrap\"><img loading=\"lazy\" decoding=\"async\" class=\"alignnone size-full wp-image-2095\" src=\"https:\/\/fmp-components.com\/wp-content\/uploads\/2024\/12\/Benefits-of-Using-the-Rotary-Tiller-Gearbox.webp\" alt=\"Prednosti uporabe menjalnika rotacijskega kultivatorja\" width=\"1000\" height=\"600\" title=\"\" srcset=\"https:\/\/fmp-components.com\/wp-content\/uploads\/2024\/12\/Benefits-of-Using-the-Rotary-Tiller-Gearbox.webp 1000w, https:\/\/fmp-components.com\/wp-content\/uploads\/2024\/12\/Benefits-of-Using-the-Rotary-Tiller-Gearbox-980x588.webp 980w, https:\/\/fmp-components.com\/wp-content\/uploads\/2024\/12\/Benefits-of-Using-the-Rotary-Tiller-Gearbox-480x288.webp 480w\" sizes=\"(min-width: 0px) and (max-width: 480px) 480px, (min-width: 481px) and (max-width: 980px) 980px, (min-width: 981px) 1000px, 100vw\" \/>Prednosti uporabe menjalnika rotacijskega rotorja<\/h2>\n<\/div>\n<\/div>\n<\/div>\n<\/div>\n<\/div>\n<\/div>\n<\/div>\n<\/div>\n<\/article>\n<p>Menjalnik rotacijskega kultivatorja ponuja vrsto prednosti za kmetijsko in vrtnarsko uporabo, zaradi \u010desar je bistvena komponenta za u\u010dinkovito obdelavo tal. Tukaj je nekaj klju\u010dnih prednosti:<\/p>\n<p><strong>Izbolj\u0161ana u\u010dinkovitost obdelave tal<\/strong><\/p>\n<p>Menjalnik rotacijskega freze je zasnovan za u\u010dinkovit prenos mo\u010di iz motorja traktorja na vrte\u010da se rezila ali zobce freze. To omogo\u010da frezi u\u010dinkovitej\u0161e rahljanje in razrahljanje zemlje, kar zagotavlja enakomerno prezra\u010devanje tal in bolj\u0161o setveno povr\u0161ino za sajenje. Menjalnik omogo\u010da dosledno delovanje, tudi v te\u017ekih tleh, kar pomaga skraj\u0161ati delovni \u010das in pove\u010da splo\u0161no produktivnost.<\/p>\n<p><strong>Vzdr\u017eljivost in dolgo\u017eivost<\/strong><\/p>\n<p>Dobro izdelan menjalnik rotacijskega kultivatorja je zasnovan tako, da prenese te\u017eke zahteve kmetijskih del. Izdelani so iz trpe\u017enih materialov in natan\u010dnega in\u017eeniringa ter so zasnovani tako, da zdr\u017eijo tudi v te\u017ekih obremenitvah, kar zagotavlja zanesljivo delovanje skozi \u010das. Robustna konstrukcija zmanj\u0161uje potrebo po pogostih popravilih ali zamenjavah, kar zagotavlja dolgo \u017eivljenjsko dobo in visoko donosnost nalo\u017ebe za kmete.<\/p>\n<p><strong>Vsestranskost v razli\u010dnih vrstah tal<\/strong><\/p>\n<p>Menjalnik rotacijskega kultivatorja je vsestranski in ga je mogo\u010de prilagoditi za uporabo na razli\u010dnih vrstah tal, pa naj gre za zbita tla, skalnat teren ali mehkej\u0161a tla. Zaradi te prilagodljivosti je idealno orodje za razli\u010dna kmetijska opravila, kot so priprava polj, obdelava vrta ali melioracija zemlji\u0161\u010d. Zmo\u017enost menjalnika, da se u\u010dinkovito prilagodi razli\u010dnim pogojem, zagotavlja optimalno delovanje v \u0161irokem naboru kmetijskih del.<\/p>\n<p><strong>Gladek prenos mo\u010di<\/strong><\/p>\n<p>Menjalnik zagotavlja gladek in zanesljiv prenos mo\u010di s traktorja na rezila freze. To zmanj\u0161uje tveganje zastoja ali neu\u010dinkovitosti pri prenosu mo\u010di, kar zagotavlja stabilno in dosledno delovanje med celotnim postopkom obdelave. Gladek prenos mo\u010di zmanj\u0161uje tudi vibracije in obrabo opreme, kar pove\u010duje udobje upravljavca in podalj\u0161uje \u017eivljenjsko dobo stroja.<\/p>\n<p><strong>Zni\u017eani stro\u0161ki vzdr\u017eevanja<\/strong><\/p>\n<p>Z ustreznim vzdr\u017eevanjem lahko menjalniki rotacijskih frezerjev zmanj\u0161ajo \u010das izpada in skupne stro\u0161ke vzdr\u017eevanja. Redno mazanje, pravo\u010dasni pregledi in pravilno ravnanje zagotavljajo optimalno delovanje menjalnika, kar prepre\u010duje draga popravila ali prezgodnje zamenjave. Poleg tega u\u010dinkovito delovanje menjalnika zmanj\u0161a obremenitev celotnega sistema za obdelavo oranja, kar se odra\u017ea v manj\u0161i obrabi drugih komponent.<\/p>\n<p>Skratka, menjalnik rotacijskega kultivatorja izbolj\u0161a pripravo tal z izbolj\u0161anjem u\u010dinkovitosti, vzdr\u017eljivosti, vsestranskosti in stro\u0161kovne u\u010dinkovitosti. Ne glede na to, ali delate na majhnih vrtovih ali velikih kmetijskih poljih, je nalo\u017eba v visokokakovosten menjalnik rotacijskega kultivatorja pametna odlo\u010ditev za zagotovitev dolgoro\u010dnega uspeha in trajnosti va\u0161ega kmetijskega poslovanja.<\/p>\n<p><img loading=\"lazy\" decoding=\"async\" class=\"alignnone size-full wp-image-2092\" src=\"https:\/\/fmp-components.com\/wp-content\/uploads\/2024\/12\/Rotary-Tiller-Gearbox-Manufacturers-Suppliers.webp\" alt=\"Proizvajalci in dobavitelji menjalnikov rotacijskih frezerjev\" width=\"1024\" height=\"600\" title=\"\" srcset=\"https:\/\/fmp-components.com\/wp-content\/uploads\/2024\/12\/Rotary-Tiller-Gearbox-Manufacturers-Suppliers.webp 1024w, https:\/\/fmp-components.com\/wp-content\/uploads\/2024\/12\/Rotary-Tiller-Gearbox-Manufacturers-Suppliers-980x574.webp 980w, https:\/\/fmp-components.com\/wp-content\/uploads\/2024\/12\/Rotary-Tiller-Gearbox-Manufacturers-Suppliers-480x281.webp 480w\" sizes=\"(min-width: 0px) and (max-width: 480px) 480px, (min-width: 481px) and (max-width: 980px) 980px, (min-width: 981px) 1024px, 100vw\" \/><\/p>\n<h2>Kardanska gred za menjalnik rotacijskega kultivatorja<\/h2>\n<p>Kardanska gred (PTO) je bistveni del, ki povezuje menjalnik rotacijskega kultivatorja s traktorjem in prena\u0161a mo\u010d iz motorja traktorja v menjalnik kultivatorja. Ta povezava omogo\u010da u\u010dinkovito delovanje kultivatorja, saj poganja rotacijske no\u017ee ali zobce, ki obdelujejo zemljo in jo pripravljajo za sajenje. Kardanska gred zagotavlja nemoten in zanesljiv prenos mo\u010di, zaradi \u010desar je klju\u010dni del vsakega obdelovanja zemlje.<\/p>\n<p>Zasnova kardanske gredi za menjalnike rotacijskih frezerjev je obi\u010dajno sestavljena iz vhodnega jarma, pogonske gredi in izhodnega jarma. Te komponente delujejo skupaj, da omogo\u010dajo stabilno povezavo med traktorjem in frezerjem. Kardanska gred je zasnovana tako, da jo je mogo\u010de enostavno pritrditi ali odstraniti, kar omogo\u010da hitro in priro\u010dno uporabo pri razli\u010dnih kmetijskih opravilih. Glede na uporabo so kardanske gredi na voljo v razli\u010dnih dol\u017einah in konfiguracijah, da ustrezajo dolo\u010denim modelom traktorjev in frezerjev.<\/p>\n<p>Ena klju\u010dnih lastnosti kardanske gredi je njena sposobnost, da prenese zahtevna kmetijska dela. Kardanska gred je izdelana tako, da prenese velike obremenitve, visok navor in neprekinjeno delovanje v zahtevnih okoljih, zato je izdelana iz trpe\u017enih materialov, ki zagotavljajo dolgotrajno delovanje. Redno vzdr\u017eevanje je pomembno za zagotovitev optimalnega delovanja gredi in za prepre\u010devanje po\u0161kodb ali obrabe, ki bi lahko ogrozile u\u010dinkovitost celotnega sistema za obdelavo tal.<\/p>\n<p>Za optimalno delovanje je klju\u010dnega pomena, da je kardanska gred pravilno vzdr\u017eevana. To vklju\u010duje rutinske preglede obrabe, mazanja in zagotavljanje varnosti vseh priklju\u010dkov. Prav tako je pomembno zagotoviti, da je kardanska gred pravilne velikosti in specifikacije za traktor in menjalnik rotacijskega kultivatorja, s katerim se uporablja. Pravilne nastavitve in nega lahko podalj\u0161ajo \u017eivljenjsko dobo kardanske gredi in prepre\u010dijo izpade med kriti\u010dnimi kmetijskimi operacijami.<\/p>\n<p>FMP ponuja \u0161iroko paleto visokokakovostnih kardanskih gredi, posebej zasnovanih za menjalnike rotacijskih frez. Na\u0161e kardanske gredi so izdelane v skladu z industrijskimi standardi, kar zagotavlja zdru\u017eljivost z razli\u010dnimi modeli traktorjev in menjalniki frez. Ponujamo prilagojene re\u0161itve za specifi\u010dne kmetijske potrebe, pri \u010demer ponujamo izdelke, ki zagotavljajo u\u010dinkovito, zanesljivo in varno delovanje. Ne glede na to, ali potrebujete nadomestno ali po meri izdelano kardansko gred, ima FMP pravo re\u0161itev za va\u0161o kmetijsko opremo.<\/p>\n<table style=\"width: 100%; height: 293px;\" border=\"1\" width=\"100%\" cellspacing=\"0\" cellpadding=\"0\">\n<tbody>\n<tr style=\"height: 293px;\">\n<td style=\"width: 48.3716%; height: 293px;\" width=\"64\"><img loading=\"lazy\" decoding=\"async\" class=\"alignnone size-full wp-image-2094\" src=\"https:\/\/fmp-components.com\/wp-content\/uploads\/2024\/12\/PTO-Shaft-for-Rotary-Tiller-Gearbox-21.webp\" alt=\"Kardanska gred za menjalnik rotacijskega kultivatorja 21\" width=\"1173\" height=\"756\" title=\"\" srcset=\"https:\/\/fmp-components.com\/wp-content\/uploads\/2024\/12\/PTO-Shaft-for-Rotary-Tiller-Gearbox-21.webp 1173w, https:\/\/fmp-components.com\/wp-content\/uploads\/2024\/12\/PTO-Shaft-for-Rotary-Tiller-Gearbox-21-980x632.webp 980w, https:\/\/fmp-components.com\/wp-content\/uploads\/2024\/12\/PTO-Shaft-for-Rotary-Tiller-Gearbox-21-480x309.webp 480w\" sizes=\"(min-width: 0px) and (max-width: 480px) 480px, (min-width: 481px) and (max-width: 980px) 980px, (min-width: 981px) 1173px, 100vw\" \/><\/td>\n<td style=\"width: 48.197%; height: 293px;\" width=\"138\"><img loading=\"lazy\" decoding=\"async\" class=\"alignnone size-full wp-image-2093\" src=\"https:\/\/fmp-components.com\/wp-content\/uploads\/2024\/12\/PTO-Shaft-for-Rotary-Tiller-Gearbox-22.webp\" alt=\"Kardanska gred za menjalnik rotacijskega kultivatorja 22\" width=\"1173\" height=\"756\" title=\"\" srcset=\"https:\/\/fmp-components.com\/wp-content\/uploads\/2024\/12\/PTO-Shaft-for-Rotary-Tiller-Gearbox-22.webp 1173w, https:\/\/fmp-components.com\/wp-content\/uploads\/2024\/12\/PTO-Shaft-for-Rotary-Tiller-Gearbox-22-980x632.webp 980w, https:\/\/fmp-components.com\/wp-content\/uploads\/2024\/12\/PTO-Shaft-for-Rotary-Tiller-Gearbox-22-480x309.webp 480w\" sizes=\"(min-width: 0px) and (max-width: 480px) 480px, (min-width: 481px) and (max-width: 980px) 980px, (min-width: 981px) 1173px, 100vw\" \/><\/td>\n<\/tr>\n<\/tbody>\n<\/table>\n<h3>O FMP-ju<\/h3>\n<p>FMP s sede\u017eem v Italiji je vodilni proizvajalec z izjemnim ugledom na podro\u010dju na\u010drtovanja, razvoja in proizvodnje visokozmogljivih menjalnikov, ki slu\u017eijo predvsem sektorju kmetijske mehanizacije. FMP, znan po svoji zavezanosti natan\u010dnemu in\u017eenirstvu, inovacijam in neprimerljivi zanesljivosti, si je prislu\u017eil sloves ponudnika vrhunskih izdelkov, ki ustrezajo spreminjajo\u010dim se zahtevam tako kmetijske kot industrijske industrije. Na\u0161a celovita ponudba izdelkov vklju\u010duje specializirane menjalnike za kosilnice, kardanske gredi in \u0161iroko paleto klju\u010dnih komponent, ki so zasnovane za zagotavljanje prilagojenih re\u0161itev za razli\u010dne aplikacije.<\/p>\n<p>Pri FMP se zavedamo, da se vsaka stranka soo\u010da z edinstvenimi izzivi. Zato smo odli\u010dni v zagotavljanju re\u0161itev po meri, bodisi za posamezne komponente bodisi za popolnoma integrirane sisteme. S tesnim sodelovanjem z na\u0161imi strankami zagotavljamo, da je vsaka re\u0161itev ne le u\u010dinkovita, ampak tudi uspe\u0161na. Na\u0161a predanost hitrim in profesionalnim odzivom, skupaj s strokovnim vodenjem, zagotavlja, da se vsako povpra\u0161evanje obravnava z najvi\u0161jo stopnjo pozornosti in natan\u010dnosti.<\/p>\n<p>Velik poudarek dajemo transparentni in stalni komunikaciji, zlasti med razvojem novih izdelkov. Na\u0161a ekipa sodeluje neposredno s strankami, da bi v celoti razumela njihove specifi\u010dne potrebe in jim zagotovila dragocene vpoglede, s \u010dimer zagotavlja optimalne re\u0161itve. Ne glede na to, ali oblikujemo inovativne izdelke ali izpolnjujemo teko\u010da naro\u010dila, smo zavezani k zagotavljanju visokokakovostnih, natan\u010dno izdelanih re\u0161itev s hitrostjo in zanesljivostjo.<\/p>\n<p>V sredi\u0161\u010du delovanja podjetja FMP je neomajna zavezanost kakovosti. Dr\u017eimo se najvi\u0161jih proizvodnih standardov in izvajamo stroge ukrepe za nadzor kakovosti, da zagotovimo, da vsak izdelek izpolnjuje ali presega pri\u010dakovanja industrije. Ta neomajna osredoto\u010denost na kakovost, skupaj z na\u0161imi temeljnimi vrednotami integritete, timskega dela in vztrajnosti, nam je omogo\u010dila, da smo vzpostavili mo\u010dne in trajne odnose s strankami v skoraj 30 dr\u017eavah po vsem svetu.<\/p>\n<p>FMP je vedno odprt za gradnjo globalnih partnerstev, saj ponuja strokovne nasvete in re\u0161itve po meri, ki ustrezajo raznolikim potrebam na\u0161ih strank. Na\u0161 pristop presega zgolj dobavo izdelkov \u2013 osredoto\u010damo se na gojenje dolgoro\u010dnih odnosov, ki zagotavljajo uspeh vsakega projekta. Ne glede na to, ali potrebujete inovativne re\u0161itve za novo pobudo ali stalno podporo za obstoje\u010di sistem, je FMP predan re\u0161evanju va\u0161ih tehni\u010dnih izzivov in zagotavljanju va\u0161ega nadaljnjega uspeha.<\/p>\n<p><img loading=\"lazy\" decoding=\"async\" class=\"alignnone size-full wp-image-1861\" src=\"https:\/\/fmp-components.com\/wp-content\/uploads\/2024\/12\/Other-Agricultural-Gearboxes.webp\" sizes=\"(min-width: 0px) and (max-width: 480px) 480px, (min-width: 481px) and (max-width: 980px) 980px, (min-width: 981px) 1200px, 100vw\" srcset=\"https:\/\/fmp-components.com\/wp-content\/uploads\/2024\/12\/Other-Agricultural-Gearboxes.webp 1200w, https:\/\/fmp-components.com\/wp-content\/uploads\/2024\/12\/Other-Agricultural-Gearboxes-980x1143.webp 980w, https:\/\/fmp-components.com\/wp-content\/uploads\/2024\/12\/Other-Agricultural-Gearboxes-480x560.webp 480w\" alt=\"Altri-cambi-agricoli\" width=\"1200\" height=\"1400\" title=\"\"><\/p>\n<p>Avtor: CX<\/p>","protected":false},"excerpt":{"rendered":"<p>&nbsp; Specifications of Rotary Tiller Gearbox TB-27C Description Rotary Tiller Gearbox &#8211; Replacement of Comer Gearbox TB-27C Application Various (agricultural) applications Manure Spreaders Rotary Tillers Consists of Gearbox Without oil Technical information If you have any questions regarding performance at different speeds, please do not hesitate to contact us. When using it for the first [&hellip;]<\/p>","protected":false},"featured_media":2099,"comment_status":"open","ping_status":"closed","template":"","meta":{"_et_pb_use_builder":"","_et_pb_old_content":"","_et_gb_content_width":""},"product_brand":[],"product_cat":[53],"product_tag":[],"class_list":{"0":"post-2090","1":"product","2":"type-product","3":"status-publish","4":"has-post-thumbnail","6":"product_cat-rotary-tiller-gearbox","8":"first","9":"instock","10":"shipping-taxable","11":"product-type-simple"},"_links":{"self":[{"href":"https:\/\/fmp-components.com\/sl\/wp-json\/wp\/v2\/product\/2090","targetHints":{"allow":["GET"]}}],"collection":[{"href":"https:\/\/fmp-components.com\/sl\/wp-json\/wp\/v2\/product"}],"about":[{"href":"https:\/\/fmp-components.com\/sl\/wp-json\/wp\/v2\/types\/product"}],"replies":[{"embeddable":true,"href":"https:\/\/fmp-components.com\/sl\/wp-json\/wp\/v2\/comments?post=2090"}],"wp:featuredmedia":[{"embeddable":true,"href":"https:\/\/fmp-components.com\/sl\/wp-json\/wp\/v2\/media\/2099"}],"wp:attachment":[{"href":"https:\/\/fmp-components.com\/sl\/wp-json\/wp\/v2\/media?parent=2090"}],"wp:term":[{"taxonomy":"product_brand","embeddable":true,"href":"https:\/\/fmp-components.com\/sl\/wp-json\/wp\/v2\/product_brand?post=2090"},{"taxonomy":"product_cat","embeddable":true,"href":"https:\/\/fmp-components.com\/sl\/wp-json\/wp\/v2\/product_cat?post=2090"},{"taxonomy":"product_tag","embeddable":true,"href":"https:\/\/fmp-components.com\/sl\/wp-json\/wp\/v2\/product_tag?post=2090"}],"curies":[{"name":"delovni list","href":"https:\/\/api.w.org\/{rel}","templated":true}]}}