{"id":2039,"date":"2024-12-30T01:00:18","date_gmt":"2024-12-30T01:00:18","guid":{"rendered":"https:\/\/fmp-components.com\/?page_id=8"},"modified":"2024-12-30T01:08:49","modified_gmt":"2024-12-30T01:08:49","slug":"agricultural-lawn-mower-gearbox-fmp-140","status":"publish","type":"product","link":"https:\/\/fmp-components.com\/sl\/product\/agricultural-lawn-mower-gearbox-fmp-140\/","title":{"rendered":"Menjalnik kmetijske kosilnice FMP-140"},"content":{"rendered":"<h2>Menjalnik kmetijske kosilnice FMP-140 \u2013 Predstavitev izdelka<\/h2>\n<p>Menjalnik za kmetijsko kosilnico FMP-140 je visokozmogljiv in vzdr\u017eljiv menjalnik, zasnovan posebej za kosilnice in drugo kmetijsko mehanizacijo. FMP-140, ki ga je zasnovalo podjetje FMP, vodilni proizvajalec preciznih menjalnikov, zdru\u017euje zanesljivost, u\u010dinkovitost in dolgotrajno delovanje, da zadosti zahtevam tako komercialne kot stanovanjske ko\u0161nje.<\/p>\n<p><strong>Klju\u010dne lastnosti:<\/strong><\/p>\n<ol>\n<li><strong>Robustna konstrukcija:<\/strong> FMP-140 je izdelan iz visokokakovostnih materialov, ki prenesejo te\u017eke pogoje kmetijskega dela. Njegova trpe\u017ena zasnova zagotavlja, da lahko prenese zahtevno uporabo in dolgo \u017eivljenjsko dobo tudi v zahtevnih okoljih.<\/li>\n<li><strong>Visoka u\u010dinkovitost:<\/strong> Ta menjalnik je zasnovan za maksimalno u\u010dinkovitost delovanja in zagotavlja nemoten prenos mo\u010di z minimalno izgubo energije. Omogo\u010da optimalno delovanje kosilnic, saj zagotavlja enakomerno mo\u010d rezil za \u010disto in natan\u010dno rezanje.<\/li>\n<li><strong>Kompakten in lahek:<\/strong> Menjalnik FMP-140 ima kompaktno in lahko zasnovo, zaradi \u010desar ga je enostavno namestiti in integrirati v razli\u010dne sisteme kosilnic. Kljub majhnosti ne vpliva na mo\u010d ali zmogljivost.<\/li>\n<li><strong>Vsestranskost:<\/strong> FMP-140 je zelo prilagodljiv in se lahko uporablja v razli\u010dnih kmetijskih strojih, vklju\u010dno z rotacijskimi kosilnicami, obrezovalniki grmovja in drugo podobno opremo. Zaradi svoje vsestranskosti je zanesljiva izbira za razli\u010dne aplikacije.<\/li>\n<li><strong>Enostavno vzdr\u017eevanje:<\/strong> Menjalnik FMP-140 je zasnovan z mislijo na enostavno vzdr\u017eevanje. Njegova preprosta, a robustna zasnova zagotavlja enostavno redno vzdr\u017eevanje, kar zmanj\u0161uje \u010das izpada in zagotavlja nemoteno delovanje.<\/li>\n<li><strong>Prilagodljive mo\u017enosti:<\/strong> FMP ponuja mo\u017enosti prilagoditve za menjalnik FMP-140, kar omogo\u010da prilagoditev specifi\u010dnim potrebam strank, vklju\u010dno s spremembami vhodnih\/izhodnih gredi, premera le\u017eajev in konfiguracij monta\u017ee.<\/li>\n<\/ol>\n<p><strong>Uporaba:<\/strong><\/p>\n<ul>\n<li>Kmetijske kosilnice<\/li>\n<li>Rotacijske kosilnice<\/li>\n<li>Kose za grmovje<\/li>\n<li>Stroji za nego trate<\/li>\n<li>Drugi kmetijski stroji, ki zahtevajo u\u010dinkovit prenos mo\u010di<\/li>\n<\/ul>\n<table style=\"width: 96.2203%; height: 596px;\" border=\"1\" width=\"100%\" cellspacing=\"0\" cellpadding=\"0\">\n<tbody>\n<tr>\n<td width=\"110\"><img loading=\"lazy\" decoding=\"async\" class=\"alignnone size-full wp-image-2040\" src=\"https:\/\/fmp-components.com\/wp-content\/uploads\/2024\/12\/FMP_agricultural-gearbox-HC-140-2.webp\" alt=\"FMP_kmetijski-menjalnik-HC-140-2\" width=\"413\" height=\"553\" title=\"\" srcset=\"https:\/\/fmp-components.com\/wp-content\/uploads\/2024\/12\/FMP_agricultural-gearbox-HC-140-2.webp 413w, https:\/\/fmp-components.com\/wp-content\/uploads\/2024\/12\/FMP_agricultural-gearbox-HC-140-2-224x300.webp 224w, https:\/\/fmp-components.com\/wp-content\/uploads\/2024\/12\/FMP_agricultural-gearbox-HC-140-2-9x12.webp 9w\" sizes=\"(max-width: 413px) 100vw, 413px\" \/><\/td>\n<td width=\"98\"><img loading=\"lazy\" decoding=\"async\" class=\"alignnone size-full wp-image-2041\" src=\"https:\/\/fmp-components.com\/wp-content\/uploads\/2024\/12\/Lawn-Mower-Gearbox-9.webp\" alt=\"Menjalnik kosilnice\" width=\"500\" height=\"500\" title=\"\" srcset=\"https:\/\/fmp-components.com\/wp-content\/uploads\/2024\/12\/Lawn-Mower-Gearbox-9.webp 500w, https:\/\/fmp-components.com\/wp-content\/uploads\/2024\/12\/Lawn-Mower-Gearbox-9-480x480.webp 480w\" sizes=\"(min-width: 0px) and (max-width: 480px) 480px, (min-width: 481px) 500px, 100vw\" \/><\/td>\n<\/tr>\n<\/tbody>\n<\/table>\n<table style=\"width: 97.407%; height: 214px;\" border=\"1\">\n<tbody>\n<tr>\n<td style=\"width: 31.0059%;\"><strong>POSTAVKA<\/strong><\/td>\n<td style=\"width: 68.284%;\">FMP-140<\/td>\n<\/tr>\n<tr>\n<td style=\"width: 31.0059%;\"><strong>Razmerje<\/strong><\/td>\n<td style=\"width: 68.284%;\">1:1.5\/1:1.93<\/td>\n<\/tr>\n<tr>\n<td style=\"width: 31.0059%;\"><strong>Zobje<\/strong><\/td>\n<td style=\"width: 68.284%;\">21\/14 27\/14<\/td>\n<\/tr>\n<tr>\n<td style=\"width: 31.0059%;\"><strong>Modul<\/strong><\/td>\n<td style=\"width: 68.284%;\">\u00a05.7 \/5.64<\/td>\n<\/tr>\n<tr>\n<td style=\"width: 31.0059%;\"><strong>Mo\u010d (KM)<\/strong><\/td>\n<td style=\"width: 68.284%;\">60<\/td>\n<\/tr>\n<tr>\n<td style=\"width: 31.0059%;\"><strong>Nazivni vhod<\/strong><\/td>\n<td style=\"width: 68.284%;\">540 vrt\/min<\/td>\n<\/tr>\n<tr>\n<td style=\"width: 31.0059%;\"><strong>Opis vhoda\/izhoda<\/strong><\/td>\n<td style=\"width: 68.284%;\">1-3\/8 Z6 konusni utor<\/td>\n<\/tr>\n<tr>\n<td style=\"width: 31.0059%;\"><strong>Te\u017ea (SZ)<\/strong><\/td>\n<td style=\"width: 68.284%;\">30 kg<\/td>\n<\/tr>\n<\/tbody>\n<\/table>\n<article class=\"w-full scroll-mb-[var(--thread-trailing-height,150px)] text-token-text-primary focus-visible:outline-2 focus-visible:outline-offset-[-4px]\" dir=\"auto\" data-testid=\"conversation-turn-11\" data-scroll-anchor=\"true\">\n<div class=\"m-auto text-base py-[18px] px-3 md:px-4 w-full md:px-5 lg:px-4 xl:px-5\">\n<div class=\"mx-auto flex flex-1 gap-4 text-base md:gap-5 lg:gap-6 md:max-w-3xl lg:max-w-[40rem] xl:max-w-[48rem]\">\n<div class=\"group\/conversation-turn relative flex w-full min-w-0 flex-col agent-turn\">\n<div class=\"flex-col gap-1 md:gap-3\">\n<div class=\"flex max-w-full flex-col flex-grow\">\n<div class=\"min-h-8 text-message flex w-full flex-col items-end gap-2 whitespace-normal break-words text-start [.text-message+&amp;]:mt-5\" dir=\"auto\" data-message-author-role=\"assistant\" data-message-id=\"34732349-e34e-4f41-bcf6-f51e6a4c4ca7\" data-message-model-slug=\"gpt-4o\">\n<div class=\"flex w-full flex-col gap-1 empty:hidden first:pt-[3px]\">\n<div class=\"markdown prose w-full break-words dark:prose-invert light\">\n<h2>Prednosti menjalnika kmetijske kosilnice FMP-140<\/h2>\n<p>Menjalnik za kmetijsko kosilnico FMP-140 je posebej zasnovan za izbolj\u0161anje zmogljivosti, u\u010dinkovitosti in vzdr\u017eljivosti kosilnic in druge kmetijske mehanizacije. Klju\u010dne prednosti izbire menjalnika FMP-140 so:<\/p>\n<ol>\n<li>Izjemna vzdr\u017eljivost in dolgo\u017eivost:\n<ul>\n<li>FMP-140 je izdelan iz visokokakovostnih materialov in natan\u010dne izdelave, kar zagotavlja robusten in dolgotrajen menjalnik, ki lahko prenese zahtevno uporabo.<\/li>\n<li>Njegova trpe\u017ena konstrukcija prenese zahtevne kmetijske pogoje, kar zmanj\u0161uje potrebo po pogostih popravilih ali zamenjavah.<\/li>\n<\/ul>\n<\/li>\n<li>Izbolj\u0161ana operativna u\u010dinkovitost:\n<ul>\n<li>Menjalnik je zasnovan za maksimalno u\u010dinkovitost prenosa mo\u010di, kar zmanj\u0161uje izgubo energije med motorjem in rezili.<\/li>\n<li>Ta u\u010dinkovitost vodi do bolj\u0161e porabe goriva, ni\u017ejih obratovalnih stro\u0161kov in izbolj\u0161ane splo\u0161ne zmogljivosti, zaradi \u010desar je stro\u0161kovno u\u010dinkovita izbira tako za komercialne kot stanovanjske aplikacije.<\/li>\n<\/ul>\n<\/li>\n<li>Vsestranskost v razli\u010dnih aplikacijah:\n<ul>\n<li>Menjalnik FMP-140 je zdru\u017eljiv s \u0161iroko paleto kmetijskih in vrtnih strojev, vklju\u010dno z rotacijskimi kosilnicami, obrezovalniki grmovja in opremo za upravljanje trate.<\/li>\n<li>Njegova vsestranska zasnova omogo\u010da uporabo v razli\u010dnih vrstah strojev za ko\u0161njo trate in urejanje krajine, kar zagotavlja prilagodljivo re\u0161itev za raznolike operativne potrebe.<\/li>\n<\/ul>\n<\/li>\n<li>Kompakten in lahek:\n<ul>\n<li>Kljub robustni zmogljivosti je FMP-140 zasnovan tako, da je kompakten in lahek, kar omogo\u010da la\u017ejo namestitev in integracijo v razli\u010dne sisteme.<\/li>\n<li>To zmanj\u0161a skupno te\u017eo stroja, izbolj\u0161a okretnost in enostavnost upravljanja med delovanjem.<\/li>\n<\/ul>\n<\/li>\n<li>Nizko vzdr\u017eevanje in enostavno servisiranje:\n<ul>\n<li>Menjalnik FMP-140 je zasnovan z mislijo na uporabniku prijazno vzdr\u017eevanje, saj ima lahko dostopne komponente za redno servisiranje in popravila.<\/li>\n<li>Zaradi preproste zasnove je potreba po specializiranem orodju ali tehni\u010dnem znanju \u010dim manj\u0161a, kar pomaga zmanj\u0161ati stro\u0161ke vzdr\u017eevanja in izpade.<\/li>\n<\/ul>\n<\/li>\n<\/ol>\n<p>Menjalnik za kmetijsko kosilnico FMP-140 ponuja \u0161tevilne prednosti, zaradi \u010desar je idealna izbira za vse, ki i\u0161\u010dejo zanesljivo, u\u010dinkovito in trpe\u017eno re\u0161itev menjalnika za kosilnice in kmetijsko mehanizacijo. Z vsestranskostjo, enostavnim vzdr\u017eevanjem in vrhunsko zmogljivostjo v zahtevnih pogojih je FMP-140 zasnovan tako, da zagotavlja odli\u010dno vrednost in dolgoro\u010dno zanesljivost na terenu.<\/p>\n<p><img loading=\"lazy\" decoding=\"async\" class=\"alignnone  wp-image-1961\" src=\"https:\/\/fmp-components.com\/wp-content\/uploads\/2024\/12\/Lawn-Mower-Gearbox-1.webp\" alt=\"Menjalnik kosilnice\" width=\"928\" height=\"620\" title=\"\" srcset=\"https:\/\/fmp-components.com\/wp-content\/uploads\/2024\/12\/Lawn-Mower-Gearbox-1.webp 928w, https:\/\/fmp-components.com\/wp-content\/uploads\/2024\/12\/Lawn-Mower-Gearbox-1-480x321.webp 480w\" sizes=\"(min-width: 0px) and (max-width: 480px) 480px, (min-width: 481px) 928px, 100vw\" \/><\/p>\n<\/div>\n<\/div>\n<\/div>\n<\/div>\n<\/div>\n<\/div>\n<\/div>\n<\/div>\n<\/article>\n<h3>Zakaj izbrati menjalnik FMP-140?<\/h3>\n<p>FMP-140 je zasnovan za visoko zmogljivost, zanesljivost in enostavno uporabo. Z zavezanostjo FMP k natan\u010dnemu in\u017eeniringu in kakovosti, menjalnik FMP-140 zagotavlja, da va\u0161a kosilnica deluje u\u010dinkovito in uspe\u0161no, tudi v zahtevnih pogojih. Ne glede na to, ali vzdr\u017eujete velika posestva, poslovne nepremi\u010dnine ali kmetijska polja, ta menjalnik zagotavlja zanesljivost in mo\u010d, potrebno za doseganje vrhunskih rezultatov ko\u0161nje.<\/p>\n<p>Za ve\u010d informacij ali povpra\u0161evanje o mo\u017enostih po meri se obrnite na FMP \u0161e danes. Predani smo zagotavljanju najbolj\u0161ih re\u0161itev, prilagojenih va\u0161im specifi\u010dnim zahtevam.<\/p>\n<h3>O FMP-ju<\/h3>\n<p>FMP s sede\u017eem v Italiji je priznano vodilno podjetje na podro\u010dju na\u010drtovanja, razvoja in proizvodnje visokozmogljivih menjalnikov, s primarnim poudarkom na sektorju kmetijske mehanizacije. FMP, znan po svojem strokovnem znanju na podro\u010dju preciznega in\u017eenirstva, inovacij in zanesljivosti, si je prislu\u017eil sloves ponudnika visokokakovostnih izdelkov, ki odgovarjajo na spreminjajo\u010de se zahteve kmetijske in industrijske industrije. Na\u0161a raznolika ponudba izdelkov vklju\u010duje specializirane menjalnike za kosilnice, kardanske gredi in razli\u010dne bistvene komponente, ki so vse zasnovane tako, da zagotavljajo prilagojene re\u0161itve za \u0161irok spekter uporabe.<\/p>\n<p>Pri FMP se zavedamo, da ima vsaka stranka razli\u010dne potrebe. Zato smo specializirani za ponujanje re\u0161itev po meri \u2013 ne glede na to, ali gre za posamezne komponente ali popolnoma integrirane sisteme. Uporabljamo sodelovalni pristop in tesno sodelujemo z na\u0161imi strankami, da zagotovimo, da je vsaka re\u0161itev u\u010dinkovita in uspe\u0161na. Na\u0161a zavezanost hitrim, profesionalnim odzivom in strokovnemu vodenju zagotavlja, da se vsako povpra\u0161evanje obravnava natan\u010dno in skrbno.<\/p>\n<p>Velik pomen dajemo odprti in stalni komunikaciji, zlasti pri razvoju izdelkov. Na\u0161a ekipa sodeluje neposredno s strankami, da bi v celoti razumela njihove specifi\u010dne izzive, in jim ponudila uporabne vpoglede, ki vodijo do optimalnih re\u0161itev. Ne glede na to, ali razvijamo nove izdelke ali izpolnjujemo obstoje\u010da naro\u010dila, na\u0161a predanost zagotavljanju visokokakovostnih, natan\u010dno zasnovanih re\u0161itev ostaja neomajna.<\/p>\n<p>Kakovost je temelj vsega, kar po\u010dnemo pri FMP. Dr\u017eimo se najvi\u0161jih standardov proizvodnje in izvajamo stroge postopke nadzora kakovosti, da zagotovimo, da vsak izdelek izpolnjuje ali presega pri\u010dakovanja industrije. Na\u0161a neomajna zavezanost kakovosti, skupaj z na\u0161imi temeljnimi vrednotami integritete, timskega dela in vztrajnosti, nam je pomagala vzpostaviti dolgoro\u010dne odnose s strankami v skoraj 30 dr\u017eavah po vsem svetu.<\/p>\n<p>FMP je vedno odprt za globalna partnerstva in je predan zagotavljanju strokovnih nasvetov in re\u0161itev po meri, ki ustrezajo raznolikim potrebam na\u0161ih strank. Gremo dlje od zgolj dobave izdelkov \u2013 osredoto\u010damo se na gradnjo trajnih odnosov in zagotavljanje uspeha vsakega projekta. Ne glede na to, ali i\u0161\u010dete inovativne re\u0161itve za novo pobudo ali potrebujete podporo za obstoje\u010di sistem, je FMP zavezan re\u0161evanju va\u0161ih tehni\u010dnih izzivov in vam pomaga dose\u010di trajen uspeh.<\/p>\n<p><img loading=\"lazy\" decoding=\"async\" class=\"alignnone size-full wp-image-1861\" src=\"https:\/\/fmp-components.com\/wp-content\/uploads\/2024\/12\/Other-Agricultural-Gearboxes.webp\" sizes=\"(min-width: 0px) and (max-width: 480px) 480px, (min-width: 481px) and (max-width: 980px) 980px, (min-width: 981px) 1200px, 100vw\" srcset=\"https:\/\/fmp-components.com\/wp-content\/uploads\/2024\/12\/Other-Agricultural-Gearboxes.webp 1200w, https:\/\/fmp-components.com\/wp-content\/uploads\/2024\/12\/Other-Agricultural-Gearboxes-980x1143.webp 980w, https:\/\/fmp-components.com\/wp-content\/uploads\/2024\/12\/Other-Agricultural-Gearboxes-480x560.webp 480w\" alt=\"Altri-cambi-agricoli\" width=\"1200\" height=\"1400\" title=\"\"><\/p>\n<p>Avtor: CX<\/p>\n<p>&nbsp;<\/p>","protected":false},"excerpt":{"rendered":"<p>Agricultural Lawn Mower Gearbox FMP-140 \u2013 Product Introduction The FMP-140 Agricultural Lawn Mower Gearbox is a high-performance, durable gearbox designed specifically for lawn mowers and other agricultural machinery. Engineered by FMP, a leading manufacturer of precision gearboxes, the FMP-140 combines reliability, efficiency, and long-lasting performance to meet the demands of both commercial and residential mowing [&hellip;]<\/p>","protected":false},"featured_media":2041,"comment_status":"open","ping_status":"closed","template":"","meta":{"_et_pb_use_builder":"","_et_pb_old_content":"","_et_gb_content_width":""},"product_brand":[],"product_cat":[52],"product_tag":[],"class_list":{"0":"post-2039","1":"product","2":"type-product","3":"status-publish","4":"has-post-thumbnail","6":"product_cat-lawn-mower-gearbox","8":"first","9":"instock","10":"shipping-taxable","11":"product-type-simple"},"_links":{"self":[{"href":"https:\/\/fmp-components.com\/sl\/wp-json\/wp\/v2\/product\/2039","targetHints":{"allow":["GET"]}}],"collection":[{"href":"https:\/\/fmp-components.com\/sl\/wp-json\/wp\/v2\/product"}],"about":[{"href":"https:\/\/fmp-components.com\/sl\/wp-json\/wp\/v2\/types\/product"}],"replies":[{"embeddable":true,"href":"https:\/\/fmp-components.com\/sl\/wp-json\/wp\/v2\/comments?post=2039"}],"wp:featuredmedia":[{"embeddable":true,"href":"https:\/\/fmp-components.com\/sl\/wp-json\/wp\/v2\/media\/2041"}],"wp:attachment":[{"href":"https:\/\/fmp-components.com\/sl\/wp-json\/wp\/v2\/media?parent=2039"}],"wp:term":[{"taxonomy":"product_brand","embeddable":true,"href":"https:\/\/fmp-components.com\/sl\/wp-json\/wp\/v2\/product_brand?post=2039"},{"taxonomy":"product_cat","embeddable":true,"href":"https:\/\/fmp-components.com\/sl\/wp-json\/wp\/v2\/product_cat?post=2039"},{"taxonomy":"product_tag","embeddable":true,"href":"https:\/\/fmp-components.com\/sl\/wp-json\/wp\/v2\/product_tag?post=2039"}],"curies":[{"name":"delovni list","href":"https:\/\/api.w.org\/{rel}","templated":true}]}}