{"id":2035,"date":"2024-12-30T00:46:25","date_gmt":"2024-12-30T00:46:25","guid":{"rendered":"https:\/\/fmp-components.com\/?page_id=8"},"modified":"2024-12-30T00:57:51","modified_gmt":"2024-12-30T00:57:51","slug":"agricultural-lawn-mower-gearbox-fmp-55","status":"publish","type":"product","link":"https:\/\/fmp-components.com\/sl\/product\/agricultural-lawn-mower-gearbox-fmp-55\/","title":{"rendered":"Menjalnik kmetijske kosilnice FMP-55"},"content":{"rendered":"<h2>Zna\u010dilnosti menjalnika kmetijske kosilnice FMP-55<\/h2>\n<p>Menjalnik kmetijske kosilnice FMP-55 je zasnovan za visoko zmogljivost, vzdr\u017eljivost in zanesljivost ter izpolnjuje zahtevne zahteve ko\u0161nje kmetijskih trat. FMP-55 je izdelan za te\u017eko uporabo in zagotavlja nemoteno delovanje, dolgotrajno uporabo in u\u010dinkovit prenos mo\u010di. Klju\u010dne zna\u010dilnosti FMP-55 vklju\u010dujejo:<\/p>\n<ol>\n<li><strong>Te\u017eka gradnja<\/strong><br \/>\nFMP-55 je izdelan iz visoko trdnih materialov, zaradi \u010desar je primeren za te\u017eke kmetijske razmere. Njegova robustna konstrukcija zagotavlja odli\u010dno odpornost proti obrabi, udarcem in ekstremnim obratovalnim obremenitvam.<\/li>\n<li><strong>Visoka navorna zmogljivost<\/strong><br \/>\nTa menjalnik je zasnovan za visok navor, zaradi \u010desar je idealen za zahtevna ko\u0161nja, vklju\u010dno z delom v gosti travi, gostem grmovju in neravnem terenu. FMP-55 zagotavlja u\u010dinkovit prenos mo\u010di iz motorja na rezila.<\/li>\n<li><strong>Precizno in\u017eenirstvo<\/strong><br \/>\nMenjalnik FMP-55 ima natan\u010dno obdelane zobnike, ki zagotavljajo nemoten prenos mo\u010di, zmanj\u0161ujejo vibracije in obrabo. Ta natan\u010dna in\u017eeniringa izbolj\u0161uje splo\u0161no zmogljivost, operativno u\u010dinkovitost in \u017eivljenjsko dobo menjalnika.<\/li>\n<li><strong>U\u010dinkovit prenos mo\u010di<\/strong><br \/>\nFMP-55 je zasnovan za maksimalno u\u010dinkovitost delovanja in zmanj\u0161uje izgubo energije med prenosom. To izbolj\u0161a porabo goriva, zmanj\u0161a obremenitev motorja in zagotavlja optimalno delovanje med dolgimi ko\u0161njami.<\/li>\n<li><strong>Kompakten in lahek<\/strong><br \/>\nKljub robustnim lastnostim je FMP-55 zasnovan tako, da je kompakten in lahek. To zmanj\u0161a skupno te\u017eo kosilnice, izbolj\u0161a njeno okretnost ter olaj\u0161a namestitev in upravljanje.<\/li>\n<li><strong>Nizke zahteve glede vzdr\u017eevanja<\/strong><br \/>\nMenjalnik FMP-55 zahteva minimalno vzdr\u017eevanje zaradi samomazalnih komponent in trpe\u017enih tesnil. To zmanj\u0161a pogostost servisiranja in zagotavlja neprekinjeno delovanje, s \u010dimer se zni\u017eajo skupni stro\u0161ki vzdr\u017eevanja.<\/li>\n<\/ol>\n<p>Menjalnik za kmetijsko kosilnico FMP-55 je robustna, zanesljiva in u\u010dinkovita re\u0161itev za razli\u010dne ko\u0161nje. Zasnovan je za prena\u0161anje te\u017ekih bremen, zmanj\u0161anje vzdr\u017eevanja in zagotavljanje nemotenega prenosa mo\u010di, zato je idealna izbira za kmetijske strokovnjake, ki i\u0161\u010dejo visokozmogljive menjalnike, ki so kos zahtevnim pogojem.<\/p>\n<h2>Specifikacija<\/h2>\n<table style=\"width: 96.2203%; height: 596px;\" border=\"1\" width=\"100%\" cellspacing=\"0\" cellpadding=\"0\">\n<tbody>\n<tr>\n<td width=\"110\"><img loading=\"lazy\" decoding=\"async\" class=\"alignnone size-full wp-image-2037\" src=\"https:\/\/fmp-components.com\/wp-content\/uploads\/2024\/12\/fmp_agricultural-gearbox-HC-55-2.webp\" alt=\"fmp_kmetijski-menjalnik-HC-55\" width=\"400\" height=\"486\" title=\"\" srcset=\"https:\/\/fmp-components.com\/wp-content\/uploads\/2024\/12\/fmp_agricultural-gearbox-HC-55-2.webp 400w, https:\/\/fmp-components.com\/wp-content\/uploads\/2024\/12\/fmp_agricultural-gearbox-HC-55-2-247x300.webp 247w, https:\/\/fmp-components.com\/wp-content\/uploads\/2024\/12\/fmp_agricultural-gearbox-HC-55-2-10x12.webp 10w\" sizes=\"(max-width: 400px) 100vw, 400px\" \/><\/td>\n<td width=\"98\"><img loading=\"lazy\" decoding=\"async\" class=\"alignnone size-full wp-image-2036\" src=\"https:\/\/fmp-components.com\/wp-content\/uploads\/2024\/12\/Agricultural-Lawn-Mower-Gearbox-FMP-55.webp\" alt=\"Menjalnik kmetijske kosilnice FMP-55\" width=\"500\" height=\"500\" title=\"\" srcset=\"https:\/\/fmp-components.com\/wp-content\/uploads\/2024\/12\/Agricultural-Lawn-Mower-Gearbox-FMP-55.webp 500w, https:\/\/fmp-components.com\/wp-content\/uploads\/2024\/12\/Agricultural-Lawn-Mower-Gearbox-FMP-55-480x480.webp 480w\" sizes=\"(min-width: 0px) and (max-width: 480px) 480px, (min-width: 481px) 500px, 100vw\" \/><\/td>\n<\/tr>\n<\/tbody>\n<\/table>\n<table style=\"width: 100%;\" border=\"1\" width=\"100%\" cellspacing=\"0\" cellpadding=\"0\">\n<tbody>\n<tr>\n<th>Predmet<\/th>\n<td>FMP-55<\/td>\n<\/tr>\n<tr>\n<th>Razmerje<\/th>\n<td>1:1.6<\/td>\n<\/tr>\n<tr>\n<th>Zobje<\/th>\n<td>15\/24<\/td>\n<\/tr>\n<tr>\n<th>Modul<\/th>\n<td>6.0<\/td>\n<\/tr>\n<tr>\n<th>Mo\u010d (KM)<\/th>\n<td>50<\/td>\n<\/tr>\n<tr>\n<th>Nazivni vhod<\/th>\n<td>540 vrt\/min<\/td>\n<\/tr>\n<tr>\n<th>Opis vhoda\/izhoda<\/th>\n<td>1-3\/8 Z6, konusna osnova, ustrezna utorna gred<\/td>\n<\/tr>\n<tr>\n<th>Te\u017ea (SZ)<\/th>\n<td>28,7 kg<\/td>\n<\/tr>\n<tr>\n<th>Material<\/th>\n<td>\u2013 HT250 za stanovanja<br \/>\n\u2013 20CrMnTi za zobni\u0161ko gred<br \/>\n\u2013 Aluminij za plo\u0161\u010do<\/td>\n<\/tr>\n<\/tbody>\n<\/table>\n<h3>Dobavljamo tudi kardanske gredi<\/h3>\n<p>FMP, zaupanja vreden in zanesljiv proizvajalec kardanskih gredi s sede\u017eem na Kitajskem, je zavezan k dobavi visokokakovostnih kardanskih gredi, zasnovanih za optimalno delovanje in vzdr\u017eljivost. Ponujamo \u0161iroko paleto serij kardanskih gredi, od katerih je vsaka prilagojena razli\u010dnim potrebam kmetijske in industrijske mehanizacije. Na\u0161e kardanske gredi so na voljo z razli\u010dnimi premeri le\u017eajev, kar zagotavlja zdru\u017eljivost z razli\u010dno opremo in aplikacijami.<\/p>\n<p>Ne glede na to, ali potrebujete kardansko gred z univerzalnim zglobom za kmetijski menjalnik, rotacijsko kosilnico ali drugo kmetijsko mehanizacijo, vam FMP ponuja prilagojene re\u0161itve, ki ustrezajo va\u0161im specifi\u010dnim zahtevam. Z na\u0161im strokovnim znanjem na podro\u010dju natan\u010dnega in\u017eenirstva in dolgoletnimi izku\u0161njami zagotavljamo izdelke, ki so zanesljivi, vzdr\u017eljivi in \u200b\u200bizdelani za dolgo \u017eivljenjsko dobo.<\/p>\n<p>Na\u0161a ekipa je predana zagotavljanju hitre in odzivne storitve ter zagotavlja, da bodo va\u0161a povpra\u0161evanja obravnavana s strokovnim svetovanjem in pravo\u010dasnimi re\u0161itvami. \u010ce i\u0161\u010dete visokozmogljivo kardansko gred, ki bo kos zahtevam va\u0161e mehanizacije, nas kontaktirajte \u0161e danes. Naj bo FMP va\u0161 zaupanja vreden partner za vse va\u0161e potrebe po kardanski gredi!<\/p>\n<p><img loading=\"lazy\" decoding=\"async\" class=\"alignnone size-full wp-image-2010\" src=\"https:\/\/fmp-components.com\/wp-content\/uploads\/2024\/12\/Agricultural-Lawnmower-Gearbox-Precautions-for-Use1.webp\" alt=\"Menjalnik kosilnice\" width=\"1202\" height=\"665\" title=\"\" srcset=\"https:\/\/fmp-components.com\/wp-content\/uploads\/2024\/12\/Agricultural-Lawnmower-Gearbox-Precautions-for-Use1.webp 1202w, https:\/\/fmp-components.com\/wp-content\/uploads\/2024\/12\/Agricultural-Lawnmower-Gearbox-Precautions-for-Use1-980x542.webp 980w, https:\/\/fmp-components.com\/wp-content\/uploads\/2024\/12\/Agricultural-Lawnmower-Gearbox-Precautions-for-Use1-480x266.webp 480w\" sizes=\"(min-width: 0px) and (max-width: 480px) 480px, (min-width: 481px) and (max-width: 980px) 980px, (min-width: 981px) 1202px, 100vw\" \/><\/p>\n<h3>O FMP-ju<\/h3>\n<p>FMP s sede\u017eem v Italiji je vodilni proizvajalec, znan po svojem strokovnem znanju na podro\u010dju na\u010drtovanja, razvoja in proizvodnje visokozmogljivih menjalnikov, predvsem za sektor kmetijske mehanizacije. Z mo\u010dnim poudarkom na natan\u010dnem in\u017eenirstvu, inovacijah in zanesljivosti si je FMP ustvaril sloves proizvajalca vrhunskih izdelkov, ki ustrezajo spreminjajo\u010dim se potrebam kmetijske in industrijske industrije. Na\u0161 portfelj izdelkov vklju\u010duje specializirane menjalnike za kosilnice, kardanske gredi in razli\u010dne klju\u010dne komponente, ki so zasnovane tako, da ponujajo prilagojene re\u0161itve za \u0161irok spekter uporabe.<\/p>\n<p>Pri FMP razumemo, da ima vsaka stranka edinstvene zahteve. Zato smo specializirani za zagotavljanje re\u0161itev po meri \u2013 pa naj gre za posamezne komponente ali popolnoma integrirane sisteme. Uporabljamo sodelovalni pristop in tesno sodelujemo z na\u0161imi strankami, da zagotovimo, da je vsaka re\u0161itev ne le u\u010dinkovita, ampak tudi uspe\u0161na. Na\u0161a zavezanost hitrim, profesionalnim odzivom in strokovnemu vodenju zagotavlja, da se vsako povpra\u0161evanje obravnava z najve\u010djo skrbnostjo in natan\u010dnostjo.<\/p>\n<p>Velik poudarek dajemo odprti in stalni komunikaciji, zlasti pri razvoju izdelkov. Na\u0161a ekipa sodeluje neposredno s strankami, da bi razumela njihove specifi\u010dne izzive in ponudila uporabne vpoglede, ki vodijo do optimalnih re\u0161itev. Ne glede na to, ali oblikujemo inovativne izdelke ali izpolnjujemo teko\u010da naro\u010dila, smo predani zagotavljanju visokokakovostnih, natan\u010dno zasnovanih re\u0161itev vsaki\u010d pravo\u010dasno.<\/p>\n<p>Kakovost je v sredi\u0161\u010du vsega, kar po\u010dnemo pri FMP. Dr\u017eimo se najvi\u0161jih proizvodnih standardov in izvajamo stroge postopke nadzora kakovosti, da zagotovimo, da vsak izdelek izpolnjuje ali presega pri\u010dakovanja industrije. Na\u0161a zavezanost kakovosti, skupaj z na\u0161imi vrednotami integritete, timskega dela in vztrajnosti, nam je pomagala zgraditi trajne odnose s strankami v skoraj 30 dr\u017eavah po vsem svetu.<\/p>\n<p>FMP je vedno odprt za globalna partnerstva in je zavezan k zagotavljanju strokovnih nasvetov in re\u0161itev po meri, ki ustrezajo raznolikim potrebam na\u0161ih strank. Gremo dlje od zgolj dobave izdelkov \u2013 osredoto\u010damo se na negovanje dolgoro\u010dnih odnosov in zagotavljanje uspeha vsakega projekta. Ne glede na to, ali i\u0161\u010dete inovativne re\u0161itve za novo pobudo ali potrebujete podporo za obstoje\u010di sistem, je FMP predan re\u0161evanju va\u0161ih tehni\u010dnih izzivov in vam pomaga dose\u010di nadaljnji uspeh.<\/p>\n<p><img loading=\"lazy\" decoding=\"async\" class=\"alignnone size-full wp-image-1861\" src=\"https:\/\/fmp-components.com\/wp-content\/uploads\/2024\/12\/Other-Agricultural-Gearboxes.webp\" sizes=\"(min-width: 0px) and (max-width: 480px) 480px, (min-width: 481px) and (max-width: 980px) 980px, (min-width: 981px) 1200px, 100vw\" srcset=\"https:\/\/fmp-components.com\/wp-content\/uploads\/2024\/12\/Other-Agricultural-Gearboxes.webp 1200w, https:\/\/fmp-components.com\/wp-content\/uploads\/2024\/12\/Other-Agricultural-Gearboxes-980x1143.webp 980w, https:\/\/fmp-components.com\/wp-content\/uploads\/2024\/12\/Other-Agricultural-Gearboxes-480x560.webp 480w\" alt=\"Altri-cambi-agricoli\" width=\"1200\" height=\"1400\" title=\"\"><\/p>\n<p>Avtor: CX<\/p>","protected":false},"excerpt":{"rendered":"<p>Features of Agricultural Lawn Mower Gearbox FMP-55 The FMP-55 Agricultural Lawn Mower Gearbox is engineered for high performance, durability, and reliability, designed to meet the demanding requirements of agricultural lawn mowing applications. Built for heavy-duty use, the FMP-55 ensures smooth operation, long-lasting service, and efficient power transmission. Key features of the FMP-55 include: Heavy-Duty Construction [&hellip;]<\/p>","protected":false},"featured_media":2036,"comment_status":"open","ping_status":"closed","template":"","meta":{"_et_pb_use_builder":"","_et_pb_old_content":"","_et_gb_content_width":""},"product_brand":[],"product_cat":[52],"product_tag":[],"class_list":{"0":"post-2035","1":"product","2":"type-product","3":"status-publish","4":"has-post-thumbnail","6":"product_cat-lawn-mower-gearbox","8":"first","9":"instock","10":"shipping-taxable","11":"product-type-simple"},"_links":{"self":[{"href":"https:\/\/fmp-components.com\/sl\/wp-json\/wp\/v2\/product\/2035","targetHints":{"allow":["GET"]}}],"collection":[{"href":"https:\/\/fmp-components.com\/sl\/wp-json\/wp\/v2\/product"}],"about":[{"href":"https:\/\/fmp-components.com\/sl\/wp-json\/wp\/v2\/types\/product"}],"replies":[{"embeddable":true,"href":"https:\/\/fmp-components.com\/sl\/wp-json\/wp\/v2\/comments?post=2035"}],"wp:featuredmedia":[{"embeddable":true,"href":"https:\/\/fmp-components.com\/sl\/wp-json\/wp\/v2\/media\/2036"}],"wp:attachment":[{"href":"https:\/\/fmp-components.com\/sl\/wp-json\/wp\/v2\/media?parent=2035"}],"wp:term":[{"taxonomy":"product_brand","embeddable":true,"href":"https:\/\/fmp-components.com\/sl\/wp-json\/wp\/v2\/product_brand?post=2035"},{"taxonomy":"product_cat","embeddable":true,"href":"https:\/\/fmp-components.com\/sl\/wp-json\/wp\/v2\/product_cat?post=2035"},{"taxonomy":"product_tag","embeddable":true,"href":"https:\/\/fmp-components.com\/sl\/wp-json\/wp\/v2\/product_tag?post=2035"}],"curies":[{"name":"delovni list","href":"https:\/\/api.w.org\/{rel}","templated":true}]}}