{"id":2031,"date":"2024-12-27T01:51:37","date_gmt":"2024-12-27T01:51:37","guid":{"rendered":"https:\/\/fmp-components.com\/?page_id=8"},"modified":"2024-12-27T01:51:37","modified_gmt":"2024-12-27T01:51:37","slug":"agricultural-lawn-mower-gearbox-fmp-rc81","status":"publish","type":"product","link":"https:\/\/fmp-components.com\/sl\/product\/agricultural-lawn-mower-gearbox-fmp-rc81\/","title":{"rendered":"Menjalnik kmetijske kosilnice FMP-RC81"},"content":{"rendered":"<h2>Specifikacija menjalnika kmetijske kosilnice FMP-RC81<\/h2>\n<table style=\"width: 96.2203%; height: 596px;\" border=\"1\" width=\"100%\" cellspacing=\"0\" cellpadding=\"0\">\n<tbody>\n<tr>\n<td width=\"110\"><img loading=\"lazy\" decoding=\"async\" class=\"alignnone size-full wp-image-2033\" src=\"https:\/\/fmp-components.com\/wp-content\/uploads\/2024\/12\/fmp_agricultural-gearbox-HC-RC81-2.webp\" alt=\"fmp_kmetijski-menjalnik-HC-RC81-2\" width=\"399\" height=\"518\" title=\"\" srcset=\"https:\/\/fmp-components.com\/wp-content\/uploads\/2024\/12\/fmp_agricultural-gearbox-HC-RC81-2.webp 399w, https:\/\/fmp-components.com\/wp-content\/uploads\/2024\/12\/fmp_agricultural-gearbox-HC-RC81-2-231x300.webp 231w, https:\/\/fmp-components.com\/wp-content\/uploads\/2024\/12\/fmp_agricultural-gearbox-HC-RC81-2-9x12.webp 9w\" sizes=\"(max-width: 399px) 100vw, 399px\" \/><\/td>\n<td width=\"98\"><img loading=\"lazy\" decoding=\"async\" class=\"alignnone size-full wp-image-2034\" src=\"https:\/\/fmp-components.com\/wp-content\/uploads\/2024\/12\/fmp_agricultural-gearbox-HC-RC81.webp\" alt=\"fmp_kmetijski-menjalnik-HC-RC81-2\" width=\"400\" height=\"400\" title=\"\" srcset=\"https:\/\/fmp-components.com\/wp-content\/uploads\/2024\/12\/fmp_agricultural-gearbox-HC-RC81.webp 400w, https:\/\/fmp-components.com\/wp-content\/uploads\/2024\/12\/fmp_agricultural-gearbox-HC-RC81-300x300.webp 300w, https:\/\/fmp-components.com\/wp-content\/uploads\/2024\/12\/fmp_agricultural-gearbox-HC-RC81-150x150.webp 150w, https:\/\/fmp-components.com\/wp-content\/uploads\/2024\/12\/fmp_agricultural-gearbox-HC-RC81-12x12.webp 12w, https:\/\/fmp-components.com\/wp-content\/uploads\/2024\/12\/fmp_agricultural-gearbox-HC-RC81-100x100.webp 100w\" sizes=\"(max-width: 400px) 100vw, 400px\" \/><\/td>\n<\/tr>\n<\/tbody>\n<\/table>\n<table style=\"width: 95.6387%; height: 235px;\" border=\"1\">\n<tbody>\n<tr>\n<td><strong>POSTAVKA<\/strong><\/td>\n<td>FMP-RC81<\/td>\n<\/tr>\n<tr>\n<td><strong>Razmerje<\/strong><\/td>\n<td>1:1.93\/1:1.46<\/td>\n<\/tr>\n<tr>\n<td><strong>Zobje<\/strong><\/td>\n<td>27\/14 19\/13<\/td>\n<\/tr>\n<tr>\n<td><strong>Modul<\/strong><\/td>\n<td>5.5 \/ 7.0<\/td>\n<\/tr>\n<tr>\n<td><strong>Mo\u010d (KM)<\/strong><\/td>\n<td>80<\/td>\n<\/tr>\n<tr>\n<td><strong>Nazivni vhod<\/strong><\/td>\n<td>600 vrt\/min<\/td>\n<\/tr>\n<tr>\n<td><strong>Opis vhoda\/izhoda<\/strong><\/td>\n<td>1-3\/8 Z6 konusni utor<\/td>\n<\/tr>\n<tr>\n<td><strong>Te\u017ea (SZ)<\/strong><\/td>\n<td>28,7 kg<\/td>\n<\/tr>\n<\/tbody>\n<\/table>\n<h3>Zna\u010dilnosti menjalnika kmetijske kosilnice FMP-RC81<\/h3>\n<p>Menjalnik za kmetijsko kosilnico FMP-RC81 je visokozmogljiv in robusten menjalnik, zasnovan za izjemno zanesljivost, u\u010dinkovitost in vzdr\u017eljivost pri zahtevnih ko\u0161njah. Zasnovan je tako, da se spopada z najte\u017ejimi pogoji in zagotavlja dolgotrajno delovanje. Klju\u010dne zna\u010dilnosti FMP-RC81 vklju\u010dujejo:<\/p>\n<ol>\n<li><strong>Zasnova za te\u017eka bremena<\/strong><br \/>\nFMP-RC81 je izdelan iz robustnih, visoko trdnih materialov, ki prenesejo velike obremenitve, povezane s ko\u0161njo kmetijskih trat. Njegova robustna zasnova zagotavlja vrhunsko delovanje v zahtevnih okoljih, od goste trave do neravnega terena.<\/li>\n<li><strong>Visoka navorna zmogljivost<\/strong><br \/>\nZ vrhunsko zmogljivostjo obvladovanja navora je FMP-RC81 idealna za delo z visokimi obremenitvami. Zagotavlja u\u010dinkovit prenos mo\u010di tudi v najzahtevnej\u0161ih pogojih, kar omogo\u010da kosilnici, da deluje optimalno, tudi v gosti travi ali na nagnjenih tleh.<\/li>\n<li><strong>Precizno obdelani zobniki<\/strong><br \/>\nOpremljen z natan\u010dno izdelanimi zobniki, FMP-RC81 zagotavlja gladek in u\u010dinkovit prenos mo\u010di z minimalnimi vibracijami. Ta natan\u010dnost zmanj\u0161uje obrabo, kar zagotavlja dalj\u0161o \u017eivljenjsko dobo in ni\u017eje stro\u0161ke vzdr\u017eevanja.<\/li>\n<li><strong>Optimizirana energetska u\u010dinkovitost<\/strong><br \/>\nFMP-RC81 ima optimizirano zasnovo zobnika, ki zmanj\u0161uje izgubo mo\u010di in pove\u010duje splo\u0161no u\u010dinkovitost kosilnice. To zmanj\u0161uje obremenitev motorja, izbolj\u0161uje porabo goriva in zagotavlja u\u010dinkovito uporabo mo\u010di za ko\u0161njo.<\/li>\n<li><strong>Kompakten in lahek<\/strong><br \/>\nKljub svoji te\u017eki zmogljivosti je FMP-RC81 zasnovan tako, da je kompakten in lahek. Zaradi tega ga je mogo\u010de enostavno vklju\u010diti v razli\u010dne sisteme kosilnic, ne da bi pri tem dodal odve\u010dno te\u017eo, kar prispeva k bolj\u0161i okretnosti in manj\u0161i obremenitvi opreme.<\/li>\n<li><strong>Zasnova z nizkimi stro\u0161ki vzdr\u017eevanja<\/strong><br \/>\nMenjalnik FMP-RC81 je zasnovan tako, da zahteva minimalno vzdr\u017eevanje, s samomazalnimi komponentami, ki zmanj\u0161ujejo potrebo po pogostem servisiranju. Ta zasnova zagotavlja neprekinjeno delovanje z zmanj\u0161anim \u010dasom izpada in stro\u0161ki vzdr\u017eevanja.<\/li>\n<li><strong>Vsestranski in prilagodljivi<\/strong><br \/>\nFMP-RC81 je zelo vsestranska, zdru\u017eljiva s \u0161iroko paleto kosilnic, ki se uporabljajo v kmetijstvu in urejanju krajine. Prilagodi se lahko specifi\u010dnim zahtevam, kar zagotavlja optimalno delovanje pri razli\u010dnih konfiguracijah kosilnic.<\/li>\n<\/ol>\n<p>Menjalnik kmetijske kosilnice FMP-RC81 zdru\u017euje mo\u010d, u\u010dinkovitost in zanesljivost, zaradi \u010desar je odli\u010dna izbira za kmetijsko in industrijsko ko\u0161njo. Zasnovan je za prena\u0161anje te\u017ekih bremen, zmanj\u0161anje vzdr\u017eevanja in zagotavljanje nemotenega prenosa mo\u010di ter je izdelan tako, da pove\u010da operativno u\u010dinkovitost in zmanj\u0161a \u010das izpada.<\/p>\n<p><img loading=\"lazy\" decoding=\"async\" class=\"alignnone size-full wp-image-1994\" src=\"https:\/\/fmp-components.com\/wp-content\/uploads\/2024\/12\/Lawn-Mower-Gearbox-7.webp\" alt=\"Menjalnik kosilnice\" width=\"1502\" height=\"805\" title=\"\" srcset=\"https:\/\/fmp-components.com\/wp-content\/uploads\/2024\/12\/Lawn-Mower-Gearbox-7.webp 1502w, https:\/\/fmp-components.com\/wp-content\/uploads\/2024\/12\/Lawn-Mower-Gearbox-7-1280x686.webp 1280w, https:\/\/fmp-components.com\/wp-content\/uploads\/2024\/12\/Lawn-Mower-Gearbox-7-980x525.webp 980w, https:\/\/fmp-components.com\/wp-content\/uploads\/2024\/12\/Lawn-Mower-Gearbox-7-480x257.webp 480w\" sizes=\"(min-width: 0px) and (max-width: 480px) 480px, (min-width: 481px) and (max-width: 980px) 980px, (min-width: 981px) and (max-width: 1280px) 1280px, (min-width: 1281px) 1502px, 100vw\" \/><\/p>\n<h3>O FMP-ju<\/h3>\n<p>FMP s sede\u017eem v Italiji je vodilni proizvajalec, specializiran za visokozmogljive menjalnike za kmetijsko mehanizacijo. Znani smo po natan\u010dnem in\u017eenirstvu, inovacijah in zanesljivosti, zato ponujamo \u0161iroko paleto menjalnikov, vklju\u010dno z menjalniki kosilnic, in bistvene komponente, kot so kardanske gredi. Na\u0161e poslanstvo je zagotavljati prilagojene re\u0161itve, ki ustrezajo specifi\u010dnim potrebam kmetijskega in industrijskega sektorja, bodisi s posameznimi izdelki bodisi z integriranimi sistemi.<\/p>\n<p>Razumemo, da ima vsaka stranka edinstvene zahteve, zato smo odli\u010dni v prilagajanju na\u0161ih izdelkov tem potrebam. Ne glede na to, ali potrebujete specializiran menjalnik ali celoten sistem, tesno sodelujemo z vami, da bi vam zagotovili naju\u010dinkovitej\u0161e in najuspe\u0161nej\u0161e re\u0161itve. Na\u0161i hitri in profesionalni odzivi v kombinaciji s strokovnim svetovanjem zagotavljajo, da je vsako povpra\u0161evanje obravnavano skrbno in natan\u010dno.<\/p>\n<p>Pri FMP dajemo prednost odprti komunikaciji in sodelovanju, zlasti pri razvoju novih izdelkov. Na\u0161a ekipa sodeluje s strankami, da bi razumela njihove izzive in jim ponudila vpoglede, ki vodijo do optimalnih re\u0161itev. Zavezani smo k pravo\u010dasni dobavi visokokakovostnih, natan\u010dno izdelanih izdelkov, ne glede na to, ali gre za nove razvojne projekte ali obstoje\u010da naro\u010dila.<\/p>\n<p>Kakovost je v sredi\u0161\u010du delovanja podjetja FMP. Na\u0161i proizvodni procesi so v skladu z najvi\u0161jimi standardi, kar zagotavlja natan\u010dnost in ni\u010d napak. Strog nadzor kakovosti zagotavlja, da vsak izdelek izpolnjuje ali presega industrijske standarde. Ta zavezanost kakovosti, skupaj z na\u0161imi temeljnimi vrednotami integritete, timskega dela in vztrajnosti, nam je omogo\u010dila, da smo zgradili mo\u010dne odnose s strankami v skoraj 30 dr\u017eavah.<\/p>\n<p>FMP je vedno odprt za globalna partnerstva in ponuja strokovne nasvete ter re\u0161itve po meri. Na\u0161 pristop presega zgolj dobavo izdelkov; cilj nam je graditi dolgoro\u010dne odnose, ki vodijo do obojestranskega uspeha. Ne glede na to, ali potrebujete nove re\u0161itve ali podporo za obstoje\u010de sisteme, je FMP predan re\u0161evanju va\u0161ih tehni\u010dnih izzivov in zagotavljanju nadaljnjega uspeha.<\/p>\n<p><img loading=\"lazy\" decoding=\"async\" class=\"alignnone size-full wp-image-1861\" src=\"https:\/\/fmp-components.com\/wp-content\/uploads\/2024\/12\/Other-Agricultural-Gearboxes.webp\" sizes=\"(min-width: 0px) and (max-width: 480px) 480px, (min-width: 481px) and (max-width: 980px) 980px, (min-width: 981px) 1200px, 100vw\" srcset=\"https:\/\/fmp-components.com\/wp-content\/uploads\/2024\/12\/Other-Agricultural-Gearboxes.webp 1200w, https:\/\/fmp-components.com\/wp-content\/uploads\/2024\/12\/Other-Agricultural-Gearboxes-980x1143.webp 980w, https:\/\/fmp-components.com\/wp-content\/uploads\/2024\/12\/Other-Agricultural-Gearboxes-480x560.webp 480w\" alt=\"Altri-cambi-agricoli\" width=\"1200\" height=\"1400\" title=\"\"><\/p>\n<p>Avtor: CX<\/p>","protected":false},"excerpt":{"rendered":"<p>Agricultural Lawn Mower Gearbox FMP-RC81 Specification ITEM FMP-RC81 Ratio 1:1.93\/1:1.46 Teeth 27\/14 19\/13 Module 5.5 \/ 7.0 Power(HP) 80 Rated Input 600rpm Input\/Output Description 1-3\/8 Z6 Taper spline Weight(N.W) 28.7KG Features of Agricultural Lawn Mower Gearbox FMP-RC81 The FMP-RC81 Agricultural Lawn Mower Gearbox is a high-performance, heavy-duty gearbox designed to deliver exceptional reliability, efficiency, and [&hellip;]<\/p>","protected":false},"featured_media":2034,"comment_status":"open","ping_status":"closed","template":"","meta":{"_et_pb_use_builder":"","_et_pb_old_content":"","_et_gb_content_width":""},"product_brand":[],"product_cat":[52],"product_tag":[],"class_list":{"0":"post-2031","1":"product","2":"type-product","3":"status-publish","4":"has-post-thumbnail","6":"product_cat-lawn-mower-gearbox","8":"first","9":"instock","10":"shipping-taxable","11":"product-type-simple"},"_links":{"self":[{"href":"https:\/\/fmp-components.com\/sl\/wp-json\/wp\/v2\/product\/2031","targetHints":{"allow":["GET"]}}],"collection":[{"href":"https:\/\/fmp-components.com\/sl\/wp-json\/wp\/v2\/product"}],"about":[{"href":"https:\/\/fmp-components.com\/sl\/wp-json\/wp\/v2\/types\/product"}],"replies":[{"embeddable":true,"href":"https:\/\/fmp-components.com\/sl\/wp-json\/wp\/v2\/comments?post=2031"}],"wp:featuredmedia":[{"embeddable":true,"href":"https:\/\/fmp-components.com\/sl\/wp-json\/wp\/v2\/media\/2034"}],"wp:attachment":[{"href":"https:\/\/fmp-components.com\/sl\/wp-json\/wp\/v2\/media?parent=2031"}],"wp:term":[{"taxonomy":"product_brand","embeddable":true,"href":"https:\/\/fmp-components.com\/sl\/wp-json\/wp\/v2\/product_brand?post=2031"},{"taxonomy":"product_cat","embeddable":true,"href":"https:\/\/fmp-components.com\/sl\/wp-json\/wp\/v2\/product_cat?post=2031"},{"taxonomy":"product_tag","embeddable":true,"href":"https:\/\/fmp-components.com\/sl\/wp-json\/wp\/v2\/product_tag?post=2031"}],"curies":[{"name":"delovni list","href":"https:\/\/api.w.org\/{rel}","templated":true}]}}