{"id":2028,"date":"2024-12-27T01:47:24","date_gmt":"2024-12-27T01:47:24","guid":{"rendered":"https:\/\/fmp-components.com\/?page_id=8"},"modified":"2024-12-27T01:47:24","modified_gmt":"2024-12-27T01:47:24","slug":"agricultural-lawn-mower-gearbox-fmp-rc61","status":"publish","type":"product","link":"https:\/\/fmp-components.com\/sl\/product\/agricultural-lawn-mower-gearbox-fmp-rc61\/","title":{"rendered":"Menjalnik kmetijske kosilnice FMP-RC61"},"content":{"rendered":"<h2>Specifikacija menjalnika kmetijske kosilnice FMP-RC61<\/h2>\n<table style=\"width: 96.2203%; height: 596px;\" border=\"1\" width=\"100%\" cellspacing=\"0\" cellpadding=\"0\">\n<tbody>\n<tr>\n<td width=\"110\"><img loading=\"lazy\" decoding=\"async\" class=\"alignnone size-full wp-image-2029\" src=\"https:\/\/fmp-components.com\/wp-content\/uploads\/2024\/12\/fmp_agricultural-gearbox-HC-RC61-2.webp\" alt=\"fmp_kmetijski-menjalnik-HC-RC61-2\" width=\"470\" height=\"564\" title=\"\" srcset=\"https:\/\/fmp-components.com\/wp-content\/uploads\/2024\/12\/fmp_agricultural-gearbox-HC-RC61-2.webp 470w, https:\/\/fmp-components.com\/wp-content\/uploads\/2024\/12\/fmp_agricultural-gearbox-HC-RC61-2-250x300.webp 250w, https:\/\/fmp-components.com\/wp-content\/uploads\/2024\/12\/fmp_agricultural-gearbox-HC-RC61-2-10x12.webp 10w\" sizes=\"(max-width: 470px) 100vw, 470px\" \/><\/td>\n<td width=\"98\"><img loading=\"lazy\" decoding=\"async\" class=\"alignnone size-full wp-image-2030\" src=\"https:\/\/fmp-components.com\/wp-content\/uploads\/2024\/12\/fmp_agricultural-gearbox-HC-RC61.webp\" alt=\"fmp_kmetijski-menjalnik-HC-RC61-2\" width=\"400\" height=\"400\" title=\"\" srcset=\"https:\/\/fmp-components.com\/wp-content\/uploads\/2024\/12\/fmp_agricultural-gearbox-HC-RC61.webp 400w, https:\/\/fmp-components.com\/wp-content\/uploads\/2024\/12\/fmp_agricultural-gearbox-HC-RC61-300x300.webp 300w, https:\/\/fmp-components.com\/wp-content\/uploads\/2024\/12\/fmp_agricultural-gearbox-HC-RC61-150x150.webp 150w, https:\/\/fmp-components.com\/wp-content\/uploads\/2024\/12\/fmp_agricultural-gearbox-HC-RC61-12x12.webp 12w, https:\/\/fmp-components.com\/wp-content\/uploads\/2024\/12\/fmp_agricultural-gearbox-HC-RC61-100x100.webp 100w\" sizes=\"(max-width: 400px) 100vw, 400px\" \/><\/td>\n<\/tr>\n<\/tbody>\n<\/table>\n<table style=\"width: 96.4817%; height: 184px;\" border=\"1\">\n<tbody>\n<tr style=\"height: 23px;\">\n<td style=\"width: 39.6789%; height: 23px;\"><strong>POSTAVKA<\/strong><\/td>\n<td style=\"width: 62.0413%; height: 23px;\">FMP-RC61<\/td>\n<\/tr>\n<tr style=\"height: 23px;\">\n<td style=\"width: 39.6789%; height: 23px;\"><strong>Razmerje<\/strong><\/td>\n<td style=\"width: 62.0413%; height: 23px;\">1:1.46\/1:1.93<\/td>\n<\/tr>\n<tr style=\"height: 23px;\">\n<td style=\"width: 39.6789%; height: 23px;\"><strong>Zobje<\/strong><\/td>\n<td style=\"width: 62.0413%; height: 23px;\">19\/13 27\/14<\/td>\n<\/tr>\n<tr style=\"height: 23px;\">\n<td style=\"width: 39.6789%; height: 23px;\"><strong>Modul<\/strong><\/td>\n<td style=\"width: 62.0413%; height: 23px;\">\u00a07.0\u00a0\/5.5<\/td>\n<\/tr>\n<tr style=\"height: 23px;\">\n<td style=\"width: 39.6789%; height: 23px;\"><strong>Mo\u010d (KM)<\/strong><\/td>\n<td style=\"width: 62.0413%; height: 23px;\">60<\/td>\n<\/tr>\n<tr style=\"height: 23px;\">\n<td style=\"width: 39.6789%; height: 23px;\"><strong>Nazivni vhod<\/strong><\/td>\n<td style=\"width: 62.0413%; height: 23px;\">540 vrt\/min<\/td>\n<\/tr>\n<tr style=\"height: 23px;\">\n<td style=\"width: 39.6789%; height: 23px;\"><strong>Opis vhoda\/izhoda<\/strong><\/td>\n<td style=\"width: 62.0413%; height: 23px;\">1-3\/8 Z6 konusni utor<\/td>\n<\/tr>\n<tr style=\"height: 23px;\">\n<td style=\"width: 39.6789%; height: 23px;\"><strong>Te\u017ea (SZ)<\/strong><\/td>\n<td style=\"width: 62.0413%; height: 23px;\">36,5 kg<\/td>\n<\/tr>\n<\/tbody>\n<\/table>\n<h2>Zna\u010dilnosti menjalnika kmetijske kosilnice FMP-RC61<\/h2>\n<p>Menjalnik kmetijske kosilnice FMP-RC61 je zasnovan za izjemno zmogljivost, vzdr\u017eljivost in zanesljivost v zahtevnih kmetijskih okoljih. Zasnovan je za te\u017eka dela, zato zagotavlja vrhunsko u\u010dinkovitost in dolgo \u017eivljenjsko dobo. Klju\u010dne zna\u010dilnosti FMP-RC61 vklju\u010dujejo:<\/p>\n<ol>\n<li><strong>Te\u017eka gradnja<\/strong><br \/>\nFMP-RC61 je izdelan iz visoko trdnih materialov, da se spopade z zahtevnimi zahtevami ko\u0161nje kmetijskih trat. Njegova robustna zasnova zagotavlja zanesljivost tudi v te\u017ekih delovnih pogojih.<\/li>\n<li><strong>Visok navor in nosilnost<\/strong><br \/>\nMenjalnik FMP-RC61, ki je zmo\u017een obvladovanja ve\u010djih navornih obremenitev, se odli\u010dno obnese pri te\u017ekih delih, saj zagotavlja u\u010dinkovit prenos mo\u010di na rezila kosilnice, tudi v gosti travi in \u200b\u200bna te\u017ekem terenu.<\/li>\n<li><strong>Natan\u010dna zasnova zobnikov<\/strong><br \/>\nZ natan\u010dno zasnovanimi zobniki FMP-RC61 zagotavlja gladek in enakomeren prenos mo\u010di. Ta natan\u010dnost zmanj\u0161uje obrabo, zmanj\u0161uje vibracije in podalj\u0161uje \u017eivljenjsko dobo menjalnika.<\/li>\n<li><strong>Izbolj\u0161ana energetska u\u010dinkovitost<\/strong><br \/>\nFMP-RC61 je zasnovan za maksimalno u\u010dinkovitost in zmanj\u0161uje izgubo energije med prenosom mo\u010di. U\u010dinkovita zasnova pove\u010duje porabo goriva, zmanj\u0161uje obremenitev motorja in zagotavlja optimalno zmogljivost ko\u0161nje.<\/li>\n<li><strong>Kompakten in prihrani prostor<\/strong><br \/>\nKljub svojim zmogljivostim za te\u017eka dela je FMP-RC61 zasnovan s kompaktno, prostorsko var\u010dno strukturo, ki omogo\u010da enostavno integracijo v razli\u010dne sisteme kosilnic brez kompromisov pri zmogljivosti.<\/li>\n<li><strong>Nizke zahteve glede vzdr\u017eevanja<\/strong><br \/>\nFMP-RC61 je zasnovan za minimalno vzdr\u017eevanje, saj ima samomazalne komponente in trpe\u017ena tesnila, ki zmanj\u0161ujejo potrebo po pogostem servisiranju in zagotavljajo neprekinjeno delovanje z minimalnim \u010dasom izpada.<\/li>\n<li><strong>Vsestranska zdru\u017eljivost<\/strong><br \/>\nFMP-RC61 je zdru\u017eljiv s \u0161iroko paleto kmetijskih kosilnic, kar ponuja vsestranskost za razli\u010dne aplikacije. Prilagoditi ga je mogo\u010de specifi\u010dnim konfiguracijam strojev in potrebam strank.<\/li>\n<\/ol>\n<p>Menjalnik za kmetijsko kosilnico FMP-RC61 je visokozmogljiva, zanesljiva in trpe\u017ena re\u0161itev, zasnovana za zagotavljanje vrhunskih rezultatov pri zahtevnih kmetijskih in industrijskih ko\u0161njah. Njegove inovativne lastnosti zagotavljajo optimalno u\u010dinkovitost, dolgo \u017eivljenjsko dobo in nizke obratovalne stro\u0161ke.<\/p>\n<p><img loading=\"lazy\" decoding=\"async\" class=\"alignnone size-full wp-image-1994\" src=\"https:\/\/fmp-components.com\/wp-content\/uploads\/2024\/12\/Lawn-Mower-Gearbox-7.webp\" alt=\"Menjalnik kosilnice\" width=\"1502\" height=\"805\" title=\"\" srcset=\"https:\/\/fmp-components.com\/wp-content\/uploads\/2024\/12\/Lawn-Mower-Gearbox-7.webp 1502w, https:\/\/fmp-components.com\/wp-content\/uploads\/2024\/12\/Lawn-Mower-Gearbox-7-1280x686.webp 1280w, https:\/\/fmp-components.com\/wp-content\/uploads\/2024\/12\/Lawn-Mower-Gearbox-7-980x525.webp 980w, https:\/\/fmp-components.com\/wp-content\/uploads\/2024\/12\/Lawn-Mower-Gearbox-7-480x257.webp 480w\" sizes=\"(min-width: 0px) and (max-width: 480px) 480px, (min-width: 481px) and (max-width: 980px) 980px, (min-width: 981px) and (max-width: 1280px) 1280px, (min-width: 1281px) 1502px, 100vw\" \/><\/p>\n<h3>O FMP-ju<\/h3>\n<p>FMP s sede\u017eem v Italiji je ugleden proizvajalec, znan po svojih visokozmogljivih menjalnikih, prilagojenih kmetijski mehanizaciji. Z mo\u010dnim slovesom na podro\u010dju natan\u010dnega in\u017eeniringa, inovacij in zanesljivosti ponujamo celovito paleto menjalnikov, vklju\u010dno s specializiranimi menjalniki za kosilnice in klju\u010dnimi komponentami, kot so kardanske gredi. Na\u0161 cilj je ponuditi re\u0161itve po meri, ki se popolnoma ujemajo z edinstvenimi zahtevami kmetijskega in industrijskega sektorja, bodisi kot samostojni izdelki bodisi kot integrirani sistemi.<\/p>\n<p>Ker razumemo, da so potrebe vsake stranke druga\u010dne, smo specializirani za prilagajanje na\u0161ih izdelkov tem specifi\u010dnim zahtevam. Ne glede na to, ali i\u0161\u010dete menjalnik po meri ali celoten sistem, tesno sodelujemo z vami pri razvoju u\u010dinkovitih in uspe\u0161nih re\u0161itev. Na\u0161i hitri, profesionalni odzivi in \u200b\u200bstrokovno vodenje zagotavljajo, da je vsako povpra\u0161evanje obravnavano z najve\u010djo skrbnostjo in natan\u010dnostjo.<\/p>\n<p>V podjetju FMP dajemo velik poudarek transparentni komunikaciji in sodelovanju, zlasti pri na\u010drtovanju in razvoju novih izdelkov. Z na\u0161imi strankami tesno sodelujemo, da bi pridobili poglobljeno razumevanje njihovih izzivov, in jim ponudili vpoglede, ki vodijo do optimalnih, inovativnih re\u0161itev. Na\u0161a zavezanost k zagotavljanju visokokakovostnih, natan\u010dno izdelanih izdelkov, pravo\u010dasno in v skladu s pri\u010dakovanji strank, je osrednjega pomena za vse, kar po\u010dnemo.<\/p>\n<p>Kakovost je temelj poslovanja podjetja FMP. Na\u0161e proizvodne procese urejajo najvi\u0161ji standardi, ki zagotavljajo brezhibno izvedbo in ni\u010d napak. Strog nadzor kakovosti zagotavlja, da vsak izdelek izpolnjuje ali presega industrijske standarde. Ta neomajna predanost kakovosti nam je skupaj z na\u0161imi temeljnimi vrednotami integritete, timskega dela in vztrajnosti pomagala gojiti trajne odnose s strankami v ve\u010d kot 30 dr\u017eavah.<\/p>\n<p>FMP je vedno odprt za sklepanje globalnih partnerstev, zagotavljanje strokovnega svetovanja in prilagojenih re\u0161itev. Na\u0161 pristop ni le dobava izdelkov, temve\u010d sklepanje dolgoro\u010dnih partnerstev, ki vodijo do skupnega uspeha. Ne glede na to, ali i\u0161\u010dete inovativne re\u0161itve ali stalno podporo za obstoje\u010de sisteme, je FMP zavezan re\u0161evanju va\u0161ih tehni\u010dnih izzivov in zagotavljanju va\u0161ega nadaljnjega uspeha.<\/p>\n<p><img loading=\"lazy\" decoding=\"async\" class=\"alignnone size-full wp-image-1861\" src=\"https:\/\/fmp-components.com\/wp-content\/uploads\/2024\/12\/Other-Agricultural-Gearboxes.webp\" sizes=\"(min-width: 0px) and (max-width: 480px) 480px, (min-width: 481px) and (max-width: 980px) 980px, (min-width: 981px) 1200px, 100vw\" srcset=\"https:\/\/fmp-components.com\/wp-content\/uploads\/2024\/12\/Other-Agricultural-Gearboxes.webp 1200w, https:\/\/fmp-components.com\/wp-content\/uploads\/2024\/12\/Other-Agricultural-Gearboxes-980x1143.webp 980w, https:\/\/fmp-components.com\/wp-content\/uploads\/2024\/12\/Other-Agricultural-Gearboxes-480x560.webp 480w\" alt=\"Altri-cambi-agricoli\" width=\"1200\" height=\"1400\" title=\"\"><\/p>\n<p>Avtor: CX<\/p>","protected":false},"excerpt":{"rendered":"<p>Agricultural Lawn Mower Gearbox FMP-RC61 Specification ITEM FMP-RC61 Ratio 1:1.46\/1:1.93 Teeth 19\/13 27\/14 Module \u00a07.0\u00a0\/5.5 Power(HP) 60 Rated Input 540rpm Input\/Output Description 1-3\/8 Z6 Taper spline Weight(N.W) 36.5KG Features of Agricultural Lawn Mower Gearbox FMP-RC61 The FMP-RC61 Agricultural Lawn Mower Gearbox is engineered to provide outstanding performance, durability, and reliability in demanding agricultural environments. Designed [&hellip;]<\/p>","protected":false},"featured_media":2030,"comment_status":"open","ping_status":"closed","template":"","meta":{"_et_pb_use_builder":"","_et_pb_old_content":"","_et_gb_content_width":""},"product_brand":[],"product_cat":[52],"product_tag":[],"class_list":{"0":"post-2028","1":"product","2":"type-product","3":"status-publish","4":"has-post-thumbnail","6":"product_cat-lawn-mower-gearbox","8":"first","9":"instock","10":"shipping-taxable","11":"product-type-simple"},"_links":{"self":[{"href":"https:\/\/fmp-components.com\/sl\/wp-json\/wp\/v2\/product\/2028","targetHints":{"allow":["GET"]}}],"collection":[{"href":"https:\/\/fmp-components.com\/sl\/wp-json\/wp\/v2\/product"}],"about":[{"href":"https:\/\/fmp-components.com\/sl\/wp-json\/wp\/v2\/types\/product"}],"replies":[{"embeddable":true,"href":"https:\/\/fmp-components.com\/sl\/wp-json\/wp\/v2\/comments?post=2028"}],"wp:featuredmedia":[{"embeddable":true,"href":"https:\/\/fmp-components.com\/sl\/wp-json\/wp\/v2\/media\/2030"}],"wp:attachment":[{"href":"https:\/\/fmp-components.com\/sl\/wp-json\/wp\/v2\/media?parent=2028"}],"wp:term":[{"taxonomy":"product_brand","embeddable":true,"href":"https:\/\/fmp-components.com\/sl\/wp-json\/wp\/v2\/product_brand?post=2028"},{"taxonomy":"product_cat","embeddable":true,"href":"https:\/\/fmp-components.com\/sl\/wp-json\/wp\/v2\/product_cat?post=2028"},{"taxonomy":"product_tag","embeddable":true,"href":"https:\/\/fmp-components.com\/sl\/wp-json\/wp\/v2\/product_tag?post=2028"}],"curies":[{"name":"delovni list","href":"https:\/\/api.w.org\/{rel}","templated":true}]}}