{"id":2021,"date":"2024-12-27T01:29:14","date_gmt":"2024-12-27T01:29:14","guid":{"rendered":"https:\/\/fmp-components.com\/?page_id=8"},"modified":"2024-12-27T01:42:20","modified_gmt":"2024-12-27T01:42:20","slug":"agricultural-lawn-mower-gearbox-fmp-rc51","status":"publish","type":"product","link":"https:\/\/fmp-components.com\/sl\/product\/agricultural-lawn-mower-gearbox-fmp-rc51\/","title":{"rendered":"Menjalnik kmetijske kosilnice FMP-RC51"},"content":{"rendered":"<h2>Specifikacija<\/h2>\n<table style=\"width: 96.2203%; height: 596px;\" border=\"1\" width=\"100%\" cellspacing=\"0\" cellpadding=\"0\">\n<tbody>\n<tr>\n<td width=\"110\"><img loading=\"lazy\" decoding=\"async\" class=\"alignnone size-full wp-image-2025\" src=\"https:\/\/fmp-components.com\/wp-content\/uploads\/2024\/12\/fmp_agricultural-gearbox-HC-RC51-2.webp\" alt=\"fmp_kmetijski-menjalnik-HC-RC51-2\" width=\"404\" height=\"547\" title=\"\" srcset=\"https:\/\/fmp-components.com\/wp-content\/uploads\/2024\/12\/fmp_agricultural-gearbox-HC-RC51-2.webp 404w, https:\/\/fmp-components.com\/wp-content\/uploads\/2024\/12\/fmp_agricultural-gearbox-HC-RC51-2-222x300.webp 222w, https:\/\/fmp-components.com\/wp-content\/uploads\/2024\/12\/fmp_agricultural-gearbox-HC-RC51-2-9x12.webp 9w\" sizes=\"(max-width: 404px) 100vw, 404px\" \/><\/td>\n<td width=\"98\"><img loading=\"lazy\" decoding=\"async\" class=\"alignnone size-full wp-image-2026\" src=\"https:\/\/fmp-components.com\/wp-content\/uploads\/2024\/12\/fmp_agricultural-gearbox-HC-RC51.webp\" alt=\"fmp_kmetijski-menjalnik-HC-RC51-2\" width=\"400\" height=\"400\" title=\"\" srcset=\"https:\/\/fmp-components.com\/wp-content\/uploads\/2024\/12\/fmp_agricultural-gearbox-HC-RC51.webp 400w, https:\/\/fmp-components.com\/wp-content\/uploads\/2024\/12\/fmp_agricultural-gearbox-HC-RC51-300x300.webp 300w, https:\/\/fmp-components.com\/wp-content\/uploads\/2024\/12\/fmp_agricultural-gearbox-HC-RC51-150x150.webp 150w, https:\/\/fmp-components.com\/wp-content\/uploads\/2024\/12\/fmp_agricultural-gearbox-HC-RC51-12x12.webp 12w, https:\/\/fmp-components.com\/wp-content\/uploads\/2024\/12\/fmp_agricultural-gearbox-HC-RC51-100x100.webp 100w\" sizes=\"(max-width: 400px) 100vw, 400px\" \/><\/td>\n<\/tr>\n<\/tbody>\n<\/table>\n<p>&nbsp;<\/p>\n<table style=\"width: 100.19%; height: 241px;\" border=\"1\">\n<tbody>\n<tr>\n<td style=\"width: 36.3538%;\"><strong>POSTAVKA<\/strong><\/td>\n<td style=\"width: 62.9989%;\">FMP-rc51<\/td>\n<\/tr>\n<tr>\n<td style=\"width: 36.3538%;\"><strong>Razmerje<\/strong><\/td>\n<td style=\"width: 62.9989%;\">1:1.47\/1:1.93<\/td>\n<\/tr>\n<tr>\n<td style=\"width: 36.3538%;\"><strong>Zobje<\/strong><\/td>\n<td style=\"width: 62.9989%;\">22\/15 29\/15<\/td>\n<\/tr>\n<tr>\n<td style=\"width: 36.3538%;\"><strong>Modul<\/strong><\/td>\n<td style=\"width: 62.9989%;\">\u00a05.08 \/4.0<\/td>\n<\/tr>\n<tr>\n<td style=\"width: 36.3538%;\"><strong>Mo\u010d (KM)<\/strong><\/td>\n<td style=\"width: 62.9989%;\">30<\/td>\n<\/tr>\n<tr>\n<td style=\"width: 36.3538%;\"><strong>Nazivni vhod<\/strong><\/td>\n<td style=\"width: 62.9989%;\">540 vrt\/min<\/td>\n<\/tr>\n<tr>\n<td style=\"width: 36.3538%;\"><strong>Opis vhoda\/izhoda<\/strong><\/td>\n<td style=\"width: 62.9989%;\">\u00a0Utor\/zo\u017eni utor<\/td>\n<\/tr>\n<tr>\n<td style=\"width: 36.3538%;\"><strong>Te\u017ea (SZ)<\/strong><\/td>\n<td style=\"width: 62.9989%;\">29 kg<\/td>\n<\/tr>\n<\/tbody>\n<\/table>\n<h2>Zna\u010dilnosti menjalnika kmetijske kosilnice FMP-RC51<\/h2>\n<p>Menjalnik kmetijske kosilnice FMP-RC51 je zasnovan za visoko zmogljivost, zanesljivost in vzdr\u017eljivost, zaradi \u010desar je idealna re\u0161itev za ko\u0161njo trate. Klju\u010dne zna\u010dilnosti FMP-RC51 vklju\u010dujejo:<\/p>\n<ol>\n<li><strong>Robustna zasnova<\/strong><br \/>\nMenjalnik FMP-RC51, izdelan iz visokokakovostnih materialov, ponuja izjemno trdnost in odpornost, kar zagotavlja, da lahko prenese stroge zahteve kmetijskih okolij.<\/li>\n<li><strong>Precizno in\u017eenirstvo<\/strong><br \/>\nFMP-RC51 se pona\u0161a z natan\u010dno obdelavo, ki zagotavlja nemoteno delovanje in optimalen prenos mo\u010di. Ta zasnova zmanj\u0161uje obrabo, kar podalj\u0161a \u017eivljenjsko dobo in u\u010dinkovitost menjalnika.<\/li>\n<li><strong>Visoka navorna zmogljivost<\/strong><br \/>\nFMP-RC51 je zasnovan za visoke navorne obremenitve in zagotavlja vrhunsko zmogljivost pri te\u017ekih ko\u0161njah, kar zagotavlja zanesljivo delovanje tudi na zahtevnem terenu.<\/li>\n<li><strong>U\u010dinkovit prenos mo\u010di<\/strong><br \/>\nZ visoko u\u010dinkovitim zobni\u0161kim pogonom FMP-RC51 zagotavlja minimalno izgubo energije in maksimalno izhodno mo\u010d. To omogo\u010da nemoteno delovanje, zmanj\u0161uje obremenitev motorja in pove\u010duje u\u010dinkovitost porabe goriva.<\/li>\n<li><strong>Kompakten in lahek<\/strong><br \/>\nMenjalnik je zasnovan s kompaktno in lahko strukturo, zaradi \u010desar ga je enostavno namestiti in integrirati v razli\u010dne sisteme kosilnic brez nepotrebnega pove\u010danja te\u017ee.<\/li>\n<li><strong>Nizko vzdr\u017eevanje<\/strong><br \/>\nMenjalnik FMP-RC51 je zasnovan za enostavno vzdr\u017eevanje, saj ima samomazalne komponente, ki zmanj\u0161ujejo potrebo po pogostem servisiranju, pove\u010dujejo produktivnost in zmanj\u0161ujejo \u010das izpada.<\/li>\n<li><strong>Vsestranska zdru\u017eljivost<\/strong><br \/>\nFMP-RC51 je zdru\u017eljiv s \u0161iroko paleto kosilnic, zaradi \u010desar je vsestranska mo\u017enost za razli\u010dne aplikacije v kmetijskem sektorju. Z lahkoto ga je mogo\u010de prilagoditi specifi\u010dnim zahtevam strojev.<\/li>\n<\/ol>\n<p>Zaradi teh lastnosti je menjalnik kmetijske kosilnice FMP-RC51 zanesljiva, u\u010dinkovita in trpe\u017ena izbira za kmetijsko mehanizacijo, saj zagotavlja izjemno zmogljivost in dolgo \u017eivljenjsko dobo pri ko\u0161nji trate.<\/p>\n<div class=\"flex-shrink-0 flex flex-col relative items-end\">\n<div>\n<div class=\"pt-0\">\n<div class=\"gizmo-bot-avatar flex h-8 w-8 items-center justify-center overflow-hidden rounded-full\">\n<div class=\"relative p-1 rounded-sm flex items-center justify-center bg-token-main-surface-primary text-token-text-primary h-8 w-8\"><img loading=\"lazy\" decoding=\"async\" class=\"alignnone size-full wp-image-1994\" src=\"https:\/\/fmp-components.com\/wp-content\/uploads\/2024\/12\/Lawn-Mower-Gearbox-7.webp\" alt=\"Menjalnik kosilnice\" width=\"1502\" height=\"805\" title=\"\" srcset=\"https:\/\/fmp-components.com\/wp-content\/uploads\/2024\/12\/Lawn-Mower-Gearbox-7.webp 1502w, https:\/\/fmp-components.com\/wp-content\/uploads\/2024\/12\/Lawn-Mower-Gearbox-7-1280x686.webp 1280w, https:\/\/fmp-components.com\/wp-content\/uploads\/2024\/12\/Lawn-Mower-Gearbox-7-980x525.webp 980w, https:\/\/fmp-components.com\/wp-content\/uploads\/2024\/12\/Lawn-Mower-Gearbox-7-480x257.webp 480w\" sizes=\"(min-width: 0px) and (max-width: 480px) 480px, (min-width: 481px) and (max-width: 980px) 980px, (min-width: 981px) and (max-width: 1280px) 1280px, (min-width: 1281px) 1502px, 100vw\" \/><\/div>\n<\/div>\n<\/div>\n<\/div>\n<\/div>\n<div class=\"group\/conversation-turn relative flex w-full min-w-0 flex-col agent-turn\">\n<div class=\"flex-col gap-1 md:gap-3\">\n<div class=\"flex max-w-full flex-col flex-grow\">\n<div class=\"min-h-8 text-message flex w-full flex-col items-end gap-2 whitespace-normal break-words text-start [.text-message+&amp;]:mt-5\" dir=\"auto\" data-message-author-role=\"assistant\" data-message-id=\"f83c79da-cb0c-4da0-823f-20067c852903\" data-message-model-slug=\"gpt-4o\">\n<div class=\"flex w-full flex-col gap-1 empty:hidden first:pt-[3px]\">\n<div class=\"markdown prose w-full break-words dark:prose-invert light\">\n<h3>O FMP-ju<\/h3>\n<p>FMP s sede\u017eem v Italiji je ugleden proizvajalec, znan po svojih visokozmogljivih menjalnikih, prilagojenih kmetijski mehanizaciji. Z mo\u010dnim slovesom na podro\u010dju natan\u010dnega in\u017eeniringa, inovacij in zanesljivosti ponujamo celovito paleto menjalnikov, vklju\u010dno s specializiranimi menjalniki za kosilnice in klju\u010dnimi komponentami, kot so kardanske gredi. Na\u0161 cilj je ponuditi re\u0161itve po meri, ki se popolnoma ujemajo z edinstvenimi zahtevami kmetijskega in industrijskega sektorja, bodisi kot samostojni izdelki bodisi kot integrirani sistemi.<\/p>\n<p>Ker razumemo, da so potrebe vsake stranke druga\u010dne, smo specializirani za prilagajanje na\u0161ih izdelkov tem specifi\u010dnim zahtevam. Ne glede na to, ali i\u0161\u010dete menjalnik po meri ali celoten sistem, tesno sodelujemo z vami pri razvoju u\u010dinkovitih in uspe\u0161nih re\u0161itev. Na\u0161i hitri, profesionalni odzivi in \u200b\u200bstrokovno vodenje zagotavljajo, da je vsako povpra\u0161evanje obravnavano z najve\u010djo skrbnostjo in natan\u010dnostjo.<\/p>\n<p>V podjetju FMP dajemo velik poudarek transparentni komunikaciji in sodelovanju, zlasti pri na\u010drtovanju in razvoju novih izdelkov. Z na\u0161imi strankami tesno sodelujemo, da bi pridobili poglobljeno razumevanje njihovih izzivov, in jim ponudili vpoglede, ki vodijo do optimalnih, inovativnih re\u0161itev. Na\u0161a zavezanost k zagotavljanju visokokakovostnih, natan\u010dno izdelanih izdelkov, pravo\u010dasno in v skladu s pri\u010dakovanji strank, je osrednjega pomena za vse, kar po\u010dnemo.<\/p>\n<p>Kakovost je temelj poslovanja podjetja FMP. Na\u0161e proizvodne procese urejajo najvi\u0161ji standardi, ki zagotavljajo brezhibno izvedbo in ni\u010d napak. Strog nadzor kakovosti zagotavlja, da vsak izdelek izpolnjuje ali presega industrijske standarde. Ta neomajna predanost kakovosti nam je skupaj z na\u0161imi temeljnimi vrednotami integritete, timskega dela in vztrajnosti pomagala gojiti trajne odnose s strankami v ve\u010d kot 30 dr\u017eavah.<\/p>\n<p>FMP je vedno odprt za sklepanje globalnih partnerstev, zagotavljanje strokovnega svetovanja in prilagojenih re\u0161itev. Na\u0161 pristop ni le dobava izdelkov, temve\u010d sklepanje dolgoro\u010dnih partnerstev, ki vodijo do skupnega uspeha. Ne glede na to, ali i\u0161\u010dete inovativne re\u0161itve ali stalno podporo za obstoje\u010de sisteme, je FMP zavezan re\u0161evanju va\u0161ih tehni\u010dnih izzivov in zagotavljanju va\u0161ega nadaljnjega uspeha.<\/p>\n<\/div>\n<\/div>\n<\/div>\n<\/div>\n<\/div>\n<\/div>\n<p><img loading=\"lazy\" decoding=\"async\" class=\"alignnone size-full wp-image-1861\" src=\"https:\/\/fmp-components.com\/wp-content\/uploads\/2024\/12\/Other-Agricultural-Gearboxes.webp\" sizes=\"(min-width: 0px) and (max-width: 480px) 480px, (min-width: 481px) and (max-width: 980px) 980px, (min-width: 981px) 1200px, 100vw\" srcset=\"https:\/\/fmp-components.com\/wp-content\/uploads\/2024\/12\/Other-Agricultural-Gearboxes.webp 1200w, https:\/\/fmp-components.com\/wp-content\/uploads\/2024\/12\/Other-Agricultural-Gearboxes-980x1143.webp 980w, https:\/\/fmp-components.com\/wp-content\/uploads\/2024\/12\/Other-Agricultural-Gearboxes-480x560.webp 480w\" alt=\"Altri-cambi-agricoli\" width=\"1200\" height=\"1400\" title=\"\"><\/p>\n<p>Avtor: CX<\/p>","protected":false},"excerpt":{"rendered":"<p>Specification &nbsp; ITEM FMP-rc51 Ratio 1:1.47\/1:1.93 Teeth 22\/15 29\/15 Module \u00a05.08 \/4.0 Power(HP) 30 Rated Input 540rpm Input\/Output Description \u00a0Spline \/Taper spline Weight(N.W) 29KG Features of Agricultural Lawn Mower Gearbox FMP-RC51 The FMP-RC51 Agricultural Lawn Mower Gearbox is designed for high performance, reliability, and durability, making it the ideal solution for lawn mowing applications. Key [&hellip;]<\/p>","protected":false},"featured_media":2026,"comment_status":"open","ping_status":"closed","template":"","meta":{"_et_pb_use_builder":"","_et_pb_old_content":"","_et_gb_content_width":""},"product_brand":[],"product_cat":[52],"product_tag":[],"class_list":{"0":"post-2021","1":"product","2":"type-product","3":"status-publish","4":"has-post-thumbnail","6":"product_cat-lawn-mower-gearbox","8":"first","9":"instock","10":"shipping-taxable","11":"product-type-simple"},"_links":{"self":[{"href":"https:\/\/fmp-components.com\/sl\/wp-json\/wp\/v2\/product\/2021","targetHints":{"allow":["GET"]}}],"collection":[{"href":"https:\/\/fmp-components.com\/sl\/wp-json\/wp\/v2\/product"}],"about":[{"href":"https:\/\/fmp-components.com\/sl\/wp-json\/wp\/v2\/types\/product"}],"replies":[{"embeddable":true,"href":"https:\/\/fmp-components.com\/sl\/wp-json\/wp\/v2\/comments?post=2021"}],"wp:featuredmedia":[{"embeddable":true,"href":"https:\/\/fmp-components.com\/sl\/wp-json\/wp\/v2\/media\/2026"}],"wp:attachment":[{"href":"https:\/\/fmp-components.com\/sl\/wp-json\/wp\/v2\/media?parent=2021"}],"wp:term":[{"taxonomy":"product_brand","embeddable":true,"href":"https:\/\/fmp-components.com\/sl\/wp-json\/wp\/v2\/product_brand?post=2021"},{"taxonomy":"product_cat","embeddable":true,"href":"https:\/\/fmp-components.com\/sl\/wp-json\/wp\/v2\/product_cat?post=2021"},{"taxonomy":"product_tag","embeddable":true,"href":"https:\/\/fmp-components.com\/sl\/wp-json\/wp\/v2\/product_tag?post=2021"}],"curies":[{"name":"delovni list","href":"https:\/\/api.w.org\/{rel}","templated":true}]}}