{"id":2020,"date":"2024-12-27T01:24:26","date_gmt":"2024-12-27T01:24:26","guid":{"rendered":"https:\/\/fmp-components.com\/?page_id=8"},"modified":"2024-12-27T01:37:57","modified_gmt":"2024-12-27T01:37:57","slug":"agricultural-lawn-mower-gearbox-fmp-rc31-193-fmp-rc31-147","status":"publish","type":"product","link":"https:\/\/fmp-components.com\/sl\/product\/agricultural-lawn-mower-gearbox-fmp-rc31-193-fmp-rc31-147\/","title":{"rendered":"Menjalnik kmetijske kosilnice FMP-RC31-193 FMP-RC31-147"},"content":{"rendered":"<h2>Specifikacija<\/h2>\n<table style=\"width: 96.2203%; height: 596px;\" border=\"1\" width=\"100%\" cellspacing=\"0\" cellpadding=\"0\">\n<tbody>\n<tr>\n<td width=\"110\">\u00a0<img loading=\"lazy\" decoding=\"async\" class=\"alignnone size-full wp-image-2024\" src=\"https:\/\/fmp-components.com\/wp-content\/uploads\/2024\/12\/fmp_agricultural-gearbox-HC-RC31-2.webp\" alt=\"fmp_kmetijski-menjalnik-HC-RC31\" width=\"460\" height=\"559\" title=\"\" srcset=\"https:\/\/fmp-components.com\/wp-content\/uploads\/2024\/12\/fmp_agricultural-gearbox-HC-RC31-2.webp 460w, https:\/\/fmp-components.com\/wp-content\/uploads\/2024\/12\/fmp_agricultural-gearbox-HC-RC31-2-247x300.webp 247w, https:\/\/fmp-components.com\/wp-content\/uploads\/2024\/12\/fmp_agricultural-gearbox-HC-RC31-2-10x12.webp 10w\" sizes=\"(max-width: 460px) 100vw, 460px\" \/><\/td>\n<td width=\"98\"><img loading=\"lazy\" decoding=\"async\" class=\"alignnone size-full wp-image-2023\" src=\"https:\/\/fmp-components.com\/wp-content\/uploads\/2024\/12\/fmp_agricultural-gearbox-HC-RC31.webp\" alt=\"fmp_kmetijski-menjalnik-HC-RC31\" width=\"400\" height=\"400\" title=\"\" srcset=\"https:\/\/fmp-components.com\/wp-content\/uploads\/2024\/12\/fmp_agricultural-gearbox-HC-RC31.webp 400w, https:\/\/fmp-components.com\/wp-content\/uploads\/2024\/12\/fmp_agricultural-gearbox-HC-RC31-300x300.webp 300w, https:\/\/fmp-components.com\/wp-content\/uploads\/2024\/12\/fmp_agricultural-gearbox-HC-RC31-150x150.webp 150w, https:\/\/fmp-components.com\/wp-content\/uploads\/2024\/12\/fmp_agricultural-gearbox-HC-RC31-12x12.webp 12w, https:\/\/fmp-components.com\/wp-content\/uploads\/2024\/12\/fmp_agricultural-gearbox-HC-RC31-100x100.webp 100w\" sizes=\"(max-width: 400px) 100vw, 400px\" \/><\/td>\n<\/tr>\n<\/tbody>\n<\/table>\n<p>&nbsp;<\/p>\n<table style=\"width: 99.0815%; height: 208px;\" border=\"1\" cellspacing=\"0\" cellpadding=\"0\">\n<tbody>\n<tr>\n<td><strong>POSTAVKA<\/strong><\/td>\n<td>Menjalnik kosilnice FMP-RC30-193<\/td>\n<\/tr>\n<tr>\n<td><strong>Razmerje<\/strong><\/td>\n<td>1:1.93<\/td>\n<\/tr>\n<tr>\n<td><strong>Zobje<\/strong><\/td>\n<td>15\/29<\/td>\n<\/tr>\n<tr>\n<td><strong>Modul<\/strong><\/td>\n<td>4.0<\/td>\n<\/tr>\n<tr>\n<td><strong>Mo\u010d (KM)<\/strong><\/td>\n<td>30<\/td>\n<\/tr>\n<tr>\n<td><strong>Nazivni vhod<\/strong><\/td>\n<td>540 vrt\/min<\/td>\n<\/tr>\n<tr>\n<td><strong>Opis vhoda\/izhoda<\/strong><\/td>\n<td>1-3\/8 Z6\u03c631,75 Opti\u010dna os<\/td>\n<\/tr>\n<tr>\n<td><strong>Te\u017ea (SZ)<\/strong><\/td>\n<td>24,5 kg<\/td>\n<\/tr>\n<\/tbody>\n<\/table>\n<h2>Menjalnik za kmetijsko kosilnico FMP-RC31-193 in FMP-RC31-147<\/h2>\n<p>FMP ponuja vrsto visokozmogljivih menjalnikov za kmetijske kosilnice, zasnovanih za izpolnjevanje zahtev razli\u010dnih aplikacij vzdr\u017eevanja trate. Med na\u0161imi pomembnimi modeli sta FMP-RC31-193 in FMP-RC31-147, ki zagotavljata izjemno zanesljivost, vzdr\u017eljivost in u\u010dinkovitost. Oba modela sta zasnovana tako, da zagotavljata optimalno delovanje za razli\u010dne kmetijske in industrijske stroje, kar zagotavlja nemoteno delovanje in visoko produktivnost.<\/p>\n<h3>Klju\u010dne zna\u010dilnosti FMP-RC31-193 in FMP-RC31-147:<\/h3>\n<ol>\n<li><strong>Visoka u\u010dinkovitost in prenos navora<\/strong>:\n<ul>\n<li>Oba menjalnika sta zasnovana za zagotavljanje mo\u010dnega navora in visoke u\u010dinkovitosti, kar zagotavlja optimalno delovanje va\u0161e kosilnice ali kmetijske mehanizacije.<\/li>\n<\/ul>\n<\/li>\n<li><strong>Vzdr\u017eljivost<\/strong>:\n<ul>\n<li>Izdelana iz visokokakovostnih materialov in z naprednim in\u017eeniringom, sta FMP-RC31-193 in FMP-RC31-147 zasnovana tako, da preneseta te\u017eke delovne pogoje in dolgotrajno uporabo, kar zagotavlja dolgo \u017eivljenjsko dobo.<\/li>\n<\/ul>\n<\/li>\n<li><strong>Precizno in\u017eenirstvo<\/strong>:\n<ul>\n<li>Ti modeli so izdelani natan\u010dno, da zagotavljajo minimalen povratni udarec in hrup, kar omogo\u010da nemoteno delovanje va\u0161e kosilnice ali druge kmetijske opreme.<\/li>\n<\/ul>\n<\/li>\n<li><strong>Vsestranskost<\/strong>:\n<ul>\n<li>Menjalnika FMP-RC31-193 in FMP-RC31-147 je mogo\u010de enostavno integrirati z razli\u010dnimi kmetijskimi stroji, kar ponuja prilagodljivost pri namestitvi in \u200b\u200buporabi. Oba modela sta prilagodljiva razli\u010dnim zahtevam glede vhodne mo\u010di in izhodne mo\u010di.<\/li>\n<\/ul>\n<\/li>\n<li><strong>Nizko vzdr\u017eevanje<\/strong>:\n<ul>\n<li>Oba menjalnika sta zasnovana za minimalno obrabo in zahtevata manj pogosto vzdr\u017eevanje, kar zmanj\u0161uje \u010das izpada in izbolj\u0161uje obratovalno u\u010dinkovitost.<\/li>\n<\/ul>\n<\/li>\n<li><strong>Tiho delovanje<\/strong>:\n<ul>\n<li>Zahvaljujo\u010d napredni izdelavi in \u200b\u200bvisokokakovostnim materialom sta menjalnika FMP-RC31-193 in FMP-RC31-147 zasnovana za tiho in gladko delovanje ter zmanj\u0161ujeta hrup med uporabo.<\/li>\n<\/ul>\n<\/li>\n<\/ol>\n<p><img loading=\"lazy\" decoding=\"async\" class=\"alignnone size-full wp-image-2009\" src=\"https:\/\/fmp-components.com\/wp-content\/uploads\/2024\/12\/Lawn-Mower-Gearbox-Suppliers-6.webp\" alt=\"Menjalnik kosilnice\" width=\"1000\" height=\"445\" title=\"\" srcset=\"https:\/\/fmp-components.com\/wp-content\/uploads\/2024\/12\/Lawn-Mower-Gearbox-Suppliers-6.webp 1000w, https:\/\/fmp-components.com\/wp-content\/uploads\/2024\/12\/Lawn-Mower-Gearbox-Suppliers-6-980x436.webp 980w, https:\/\/fmp-components.com\/wp-content\/uploads\/2024\/12\/Lawn-Mower-Gearbox-Suppliers-6-480x214.webp 480w\" sizes=\"(min-width: 0px) and (max-width: 480px) 480px, (min-width: 481px) and (max-width: 980px) 980px, (min-width: 981px) 1000px, 100vw\" \/><\/p>\n<h3>Uporaba:<\/h3>\n<p>FMP-RC31-193 in FMP-RC31-147 sta idealna za uporabo v:<\/p>\n<ul>\n<li><strong>Rotacijske kosilnice<\/strong><\/li>\n<li><strong>Oprema za vzdr\u017eevanje trate<\/strong><\/li>\n<li><strong>Kmetijska mehanizacija<\/strong><\/li>\n<li><strong>Rotacijski rezalniki in \u017eage<\/strong><\/li>\n<li><strong>Sistemi za ko\u0161njo na polju<\/strong><\/li>\n<\/ul>\n<h3>Zakaj izbrati FMP-RC31-193 in FMP-RC31-147?<\/h3>\n<p>Menjalniki FMP so zasnovani tako, da ustrezajo specifi\u010dnim potrebam kmetijske mehanizacije, saj zdru\u017eujejo mo\u010d, natan\u010dnost in zanesljivost. Ne glede na to, ali potrebujete zamenjavo ali na\u010drtujete nov sistem, ti modeli ponujajo u\u010dinkovito in trajno re\u0161itev za va\u0161e kmetijske potrebe.<\/p>\n<p>V podjetju FMP razumemo, da je vsaka aplikacija edinstvena. Zato ponujamo mo\u017enosti prilagoditve, ki ustrezajo specifi\u010dnim operativnim zahtevam. Ne glede na to, ali potrebujete prilagojeno razmerje vhodne\/izhodne mo\u010di ali posebne konfiguracije monta\u017ee, vam lahko pomagamo oblikovati popolno re\u0161itev za va\u0161e potrebe.<\/p>\n<p>Za ve\u010d informacij ali zahtevo za ponudbo se obrnite na na\u0161o ekipo pri FMP. Zavezani smo k zagotavljanju najkakovostnej\u0161ih menjalnikov in izjemnih storitev, ki bodo zadovoljile vse va\u0161e potrebe po kmetijski mehanizaciji.<\/p>\n<p><img loading=\"lazy\" decoding=\"async\" class=\"alignnone size-full wp-image-1994\" src=\"https:\/\/fmp-components.com\/wp-content\/uploads\/2024\/12\/Lawn-Mower-Gearbox-7.webp\" alt=\"Menjalnik kosilnice\" width=\"1502\" height=\"805\" title=\"\" srcset=\"https:\/\/fmp-components.com\/wp-content\/uploads\/2024\/12\/Lawn-Mower-Gearbox-7.webp 1502w, https:\/\/fmp-components.com\/wp-content\/uploads\/2024\/12\/Lawn-Mower-Gearbox-7-1280x686.webp 1280w, https:\/\/fmp-components.com\/wp-content\/uploads\/2024\/12\/Lawn-Mower-Gearbox-7-980x525.webp 980w, https:\/\/fmp-components.com\/wp-content\/uploads\/2024\/12\/Lawn-Mower-Gearbox-7-480x257.webp 480w\" sizes=\"(min-width: 0px) and (max-width: 480px) 480px, (min-width: 481px) and (max-width: 980px) 980px, (min-width: 981px) and (max-width: 1280px) 1280px, (min-width: 1281px) 1502px, 100vw\" \/><\/p>\n<h3>O FMP-ju<\/h3>\n<p>FMP s sede\u017eem v Italiji je vodilni proizvajalec, priznan po svojem strokovnem znanju pri na\u010drtovanju, razvoju in proizvodnji visokozmogljivih menjalnikov za kmetijsko mehanizacijo. Zavezani smo k natan\u010dnemu in\u017eenirstvu, inovacijam in zanesljivosti. Na\u0161a ponudba izdelkov vklju\u010duje menjalnike za kosilnice in klju\u010dne komponente, kot so kardanske gredi, s ciljem zagotavljanja prilagojenih re\u0161itev za kmetijski in industrijski sektor. Ne glede na to, ali gre za posamezne komponente ali popolnoma integrirane sisteme, se osredoto\u010damo na izpolnjevanje edinstvenih potreb na\u0161ih strank.<\/p>\n<p>Pri FMP razumemo, da ima vsaka stranka posebne zahteve, zato smo specializirani za zagotavljanje re\u0161itev po meri. Od specializiranih menjalnikov do celotnih sistemov tesno sodelujemo z na\u0161imi strankami, da bi zagotovili naju\u010dinkovitej\u0161e in najuspe\u0161nej\u0161e re\u0161itve. Na\u0161i hitri in profesionalni odzivi v kombinaciji s strokovnim svetovanjem zagotavljajo, da je vsako povpra\u0161evanje obravnavano skrbno in natan\u010dno.<\/p>\n<p>Z na\u0161imi strankami dajemo prednost odprti in stalni komunikaciji, zlasti ko gre za razvoj novih izdelkov. Na\u0161a ekipa sodeluje neposredno s strankami, da bi v celoti razumela njihove izzive in ponudila vpoglede, ki vodijo do optimalnih re\u0161itev. Ne glede na to, ali oblikujemo nove izdelke ali izpolnjujemo obstoje\u010da naro\u010dila, smo zavezani k pravo\u010dasni dobavi visokokakovostnih, natan\u010dno izdelanih izdelkov.<\/p>\n<p>Kakovost je temelj vsega, kar po\u010dnemo pri FMP. Na\u0161i proizvodni procesi upo\u0161tevajo najvi\u0161je standarde natan\u010dnosti in brez napak. Izvajamo stroge postopke nadzora kakovosti, da zagotovimo, da vsak izdelek izpolnjuje ali presega industrijske standarde. Ta predanost kakovosti nam je skupaj z na\u0161imi temeljnimi vrednotami integritete, timskega dela in vztrajnosti omogo\u010dila, da smo zgradili mo\u010dne in trajne odnose s strankami v skoraj 30 dr\u017eavah.<\/p>\n<p>FMP je vedno odprt za globalna partnerstva in zavezan k ponujanju strokovnih nasvetov in re\u0161itev po meri. Na\u0161 pristop presega zgolj zagotavljanje izdelkov \u2013 osredoto\u010damo se na negovanje dolgoro\u010dnih odnosov z na\u0161imi strankami in zagotavljamo njihov uspeh pri vsakem projektu. Ne glede na to, ali potrebujete inovativne re\u0161itve za nov projekt ali podporo za obstoje\u010di sistem, je FMP predan re\u0161evanju va\u0161ih tehni\u010dnih izzivov in zagotavljanju va\u0161ega nadaljnjega uspeha.<\/p>\n<p><img loading=\"lazy\" decoding=\"async\" class=\"alignnone size-full wp-image-1861\" src=\"https:\/\/fmp-components.com\/wp-content\/uploads\/2024\/12\/Other-Agricultural-Gearboxes.webp\" sizes=\"(min-width: 0px) and (max-width: 480px) 480px, (min-width: 481px) and (max-width: 980px) 980px, (min-width: 981px) 1200px, 100vw\" srcset=\"https:\/\/fmp-components.com\/wp-content\/uploads\/2024\/12\/Other-Agricultural-Gearboxes.webp 1200w, https:\/\/fmp-components.com\/wp-content\/uploads\/2024\/12\/Other-Agricultural-Gearboxes-980x1143.webp 980w, https:\/\/fmp-components.com\/wp-content\/uploads\/2024\/12\/Other-Agricultural-Gearboxes-480x560.webp 480w\" alt=\"Altri-cambi-agricoli\" width=\"1200\" height=\"1400\" title=\"\"><\/p>\n<p>Avtor: CX<\/p>","protected":false},"excerpt":{"rendered":"<p>Specification \u00a0 &nbsp; ITEM Lawnmower Gearbox FMP-RC30-193 Ratio 1:1.93 Teeth 15\/29 Module 4.0 Power(HP) 30 Rated Input 540rpm Input\/Output Description 1-3\/8 Z6\u03c631.75 Optic axis Weight(N.W) 24.5KG Agricultural Lawn Mower Gearbox FMP-RC31-193 &amp; FMP-RC31-147 FMP offers a range of high-performance agricultural lawn mower gearboxes designed to meet the demands of various lawn maintenance applications. Among our [&hellip;]<\/p>","protected":false},"featured_media":2023,"comment_status":"open","ping_status":"closed","template":"","meta":{"_et_pb_use_builder":"","_et_pb_old_content":"","_et_gb_content_width":""},"product_brand":[],"product_cat":[52],"product_tag":[],"class_list":{"0":"post-2020","1":"product","2":"type-product","3":"status-publish","4":"has-post-thumbnail","6":"product_cat-lawn-mower-gearbox","8":"first","9":"instock","10":"shipping-taxable","11":"product-type-simple"},"_links":{"self":[{"href":"https:\/\/fmp-components.com\/sl\/wp-json\/wp\/v2\/product\/2020","targetHints":{"allow":["GET"]}}],"collection":[{"href":"https:\/\/fmp-components.com\/sl\/wp-json\/wp\/v2\/product"}],"about":[{"href":"https:\/\/fmp-components.com\/sl\/wp-json\/wp\/v2\/types\/product"}],"replies":[{"embeddable":true,"href":"https:\/\/fmp-components.com\/sl\/wp-json\/wp\/v2\/comments?post=2020"}],"wp:featuredmedia":[{"embeddable":true,"href":"https:\/\/fmp-components.com\/sl\/wp-json\/wp\/v2\/media\/2023"}],"wp:attachment":[{"href":"https:\/\/fmp-components.com\/sl\/wp-json\/wp\/v2\/media?parent=2020"}],"wp:term":[{"taxonomy":"product_brand","embeddable":true,"href":"https:\/\/fmp-components.com\/sl\/wp-json\/wp\/v2\/product_brand?post=2020"},{"taxonomy":"product_cat","embeddable":true,"href":"https:\/\/fmp-components.com\/sl\/wp-json\/wp\/v2\/product_cat?post=2020"},{"taxonomy":"product_tag","embeddable":true,"href":"https:\/\/fmp-components.com\/sl\/wp-json\/wp\/v2\/product_tag?post=2020"}],"curies":[{"name":"delovni list","href":"https:\/\/api.w.org\/{rel}","templated":true}]}}