{"id":2015,"date":"2024-12-27T01:18:55","date_gmt":"2024-12-27T01:18:55","guid":{"rendered":"https:\/\/fmp-components.com\/?page_id=8"},"modified":"2026-03-18T03:40:47","modified_gmt":"2026-03-18T03:40:47","slug":"agricultural-lawn-mower-gearbox-fmp-rc30-193","status":"publish","type":"product","link":"https:\/\/fmp-components.com\/sl\/product\/agricultural-lawn-mower-gearbox-fmp-rc30-193\/","title":{"rendered":"Menjalnik kmetijske kosilnice FMP-RC30-193"},"content":{"rendered":"<h2>Specifikacija menjalnika kmetijske kosilnice FMP-RC30-193<\/h2>\n<table style=\"width: 96.2203%; height: 596px;\" border=\"1\" width=\"100%\" cellspacing=\"0\" cellpadding=\"0\">\n<tbody>\n<tr>\n<td width=\"110\">\u00a0<img loading=\"lazy\" decoding=\"async\" class=\"alignnone size-full wp-image-2017\" src=\"https:\/\/fmp-components.com\/wp-content\/uploads\/2024\/12\/fmp_agricultural-gearbox-HC-RC30-193-2.webp\" alt=\"fmp_kmetijski-menjalnik-HC-RC30-193-2\" width=\"400\" height=\"537\" title=\"\" srcset=\"https:\/\/fmp-components.com\/wp-content\/uploads\/2024\/12\/fmp_agricultural-gearbox-HC-RC30-193-2.webp 400w, https:\/\/fmp-components.com\/wp-content\/uploads\/2024\/12\/fmp_agricultural-gearbox-HC-RC30-193-2-223x300.webp 223w, https:\/\/fmp-components.com\/wp-content\/uploads\/2024\/12\/fmp_agricultural-gearbox-HC-RC30-193-2-9x12.webp 9w\" sizes=\"(max-width: 400px) 100vw, 400px\" \/><\/td>\n<td width=\"98\"><img loading=\"lazy\" decoding=\"async\" class=\"alignnone size-full wp-image-2016\" src=\"https:\/\/fmp-components.com\/wp-content\/uploads\/2024\/12\/fmp_agricultural-gearbox-HC-RC30-193.webp\" alt=\"fmp_kmetijski-menjalnik-HC-RC30-193\" width=\"400\" height=\"400\" title=\"\" srcset=\"https:\/\/fmp-components.com\/wp-content\/uploads\/2024\/12\/fmp_agricultural-gearbox-HC-RC30-193.webp 400w, https:\/\/fmp-components.com\/wp-content\/uploads\/2024\/12\/fmp_agricultural-gearbox-HC-RC30-193-300x300.webp 300w, https:\/\/fmp-components.com\/wp-content\/uploads\/2024\/12\/fmp_agricultural-gearbox-HC-RC30-193-150x150.webp 150w, https:\/\/fmp-components.com\/wp-content\/uploads\/2024\/12\/fmp_agricultural-gearbox-HC-RC30-193-12x12.webp 12w, https:\/\/fmp-components.com\/wp-content\/uploads\/2024\/12\/fmp_agricultural-gearbox-HC-RC30-193-100x100.webp 100w\" sizes=\"(max-width: 400px) 100vw, 400px\" \/><\/td>\n<\/tr>\n<\/tbody>\n<\/table>\n<table style=\"width: 98.1069%; height: 204px;\" border=\"1\" cellspacing=\"0\" cellpadding=\"0\">\n<tbody>\n<tr>\n<td><strong>POSTAVKA<\/strong><\/td>\n<td>Menjalnik kosilnice FMP-RC30-193<\/td>\n<\/tr>\n<tr>\n<td><strong>Razmerje<\/strong><\/td>\n<td>1:1.93<\/td>\n<\/tr>\n<tr>\n<td><strong>Zobje<\/strong><\/td>\n<td>15\/29<\/td>\n<\/tr>\n<tr>\n<td><strong>Modul<\/strong><\/td>\n<td>4.0<\/td>\n<\/tr>\n<tr>\n<td><strong>Mo\u010d (KM)<\/strong><\/td>\n<td>30<\/td>\n<\/tr>\n<tr>\n<td><strong>Nazivni vhod<\/strong><\/td>\n<td>540 vrt\/min<\/td>\n<\/tr>\n<tr>\n<td><strong>Opis vhoda\/izhoda<\/strong><\/td>\n<td>1-3\/8 Z6\u03c631,75 Opti\u010dna os<\/td>\n<\/tr>\n<tr>\n<td><strong>Te\u017ea (SZ)<\/strong><\/td>\n<td>24,5 kg<\/td>\n<\/tr>\n<\/tbody>\n<\/table>\n<h2>Kardanske gredi in kmetijski menjalniki<\/h2>\n<p>Kardanske gredi in kmetijski menjalniki so bistveni sestavni deli, ki delujejo skupaj pri prenosu mehanske mo\u010di med kmetijskimi traktorji in njihovimi priklju\u010denimi priklju\u010dki. Ti sistemi igrajo klju\u010dno vlogo pri zagotavljanju nemotenega delovanja razli\u010dnih kmetijskih strojev, kar traktorjem omogo\u010da u\u010dinkovito opravljanje nalog, kot so oranje, ko\u0161nja in prevoz te\u017ekih bremen.<\/p>\n<p>Kardanska gred (gred za odvzem mo\u010di) je klju\u010dna povezava med traktorjem in kmetijsko opremo. Pretvarja vrtilno energijo motorja v mehansko energijo, ki poganja razli\u010dna kmetijska orodja in stroje. S prenosom mo\u010di motorja na druge priklju\u010dke, kot so kosilnice, balirke in plugi, kardanska gred omogo\u010da traktorju enostavno opravljanje ve\u010d nalog. Pri pravilnem delovanju kardanska gred pove\u010da vsestranskost in operativno u\u010dinkovitost traktorja. Poleg tega pomaga zmanj\u0161ati obrabo motorja traktorja in drugih sistemov, kar zagotavlja dolgoro\u010dno delovanje.<\/p>\n<p>Klju\u010dna prednost kardanske gredi je njena sposobnost prena\u0161anja te\u017ekih bremen brez ogro\u017eanja motorja traktorja. Pri pravilni uporabi zmanj\u0161uje tveganje po\u0161kodb tako traktorja kot upravljavca. Vendar pa se lahko kardanska gred, tako kot vsaka mehanska komponenta, s\u010dasoma obrabi, \u0161e posebej, \u010de ni pravilno vzdr\u017eevana. Redni pregledi, mazanje in pravo\u010dasna zamenjava obrabljenih delov so bistveni za u\u010dinkovito in varno delovanje sistema kardanske gredi.<\/p>\n<p>Kmetijski menjalnik deluje skupaj s kardansko gredjo ter prena\u0161a in modulira mehansko mo\u010d, da ustreza specifi\u010dnim zahtevam opreme, ki jo poganja. Zagotavlja ustrezno hitrost in navor, odvisno od opravljene naloge. Kmetijski menjalniki so na voljo v razli\u010dnih konfiguracijah, vklju\u010dno s sto\u017e\u010dastimi menjalniki, pol\u017eastimi menjalniki in planetarnimi menjalniki, pri \u010demer je vsak zasnovan tako, da ustreza specifi\u010dnim operativnim potrebam. Na primer, menjalniki za kosilnice morajo zagotavljati dosleden in u\u010dinkovit navor pri delovanju pri ni\u017ejih hitrostih, da se zagotovi natan\u010dno ko\u0161nja.<\/p>\n<p>Pri izbiri kmetijskega menjalnika je pomembno upo\u0161tevati dejavnike, kot so vzdr\u017eljivost, mehanizem in kakovost materiala. Trpe\u017een menjalnik, izdelan iz visoko trdnih materialov, bo zdr\u017eal ve\u010d let, kar bo zmanj\u0161alo pogostost zamenjav in stro\u0161ke vzdr\u017eevanja. Visokokakovostni menjalniki so izdelani tako, da prenesejo te\u017eke delovne pogoje, vklju\u010dno z izpostavljenostjo prahu, vlagi in velikim obremenitvam, zaradi \u010desar so bistvena nalo\u017eba za dolgoro\u010dno kmetijsko delovanje.<\/p>\n<p>Dolgo\u017eivost menjalnika neposredno vpliva na splo\u0161no zmogljivost in stro\u0161kovno u\u010dinkovitost kmetijske mehanizacije. Nalo\u017eba v dobro izdelan menjalnik zagotavlja, da bo optimalno deloval skozi celotno \u017eivljenjsko dobo, s \u010dimer se izognemo dragim popravilom ali zamenjavam. To je \u0161e posebej pomembno za kmete, ki se za vsakodnevno delovanje zana\u0161ajo na svojo mehanizacijo, saj lahko nepri\u010dakovani izpadi povzro\u010dijo znatne izgube produktivnosti.<\/p>\n<p>Skratka, tako kardanske gredi kot kmetijski menjalniki so klju\u010dne komponente za u\u010dinkovito delovanje kmetijske opreme. Pri nakupu teh izdelkov je bistveno izbrati visokokakovostne in trpe\u017ene mo\u017enosti, ki ustrezajo va\u0161im specifi\u010dnim potrebam. Upo\u0161tevajte dejavnike, kot so trdnost materiala, zahteve glede vzdr\u017eevanja in vrsta nalog, ki jih bo va\u0161a oprema opravljala. Z izbiro pravih komponent lahko zagotovite, da bo va\u0161 traktor in oprema delovala nemoteno, varno in u\u010dinkovito \u0161e vrsto let.<\/p>\n<table style=\"width: 100.747%; height: 471px;\" border=\"1\" cellspacing=\"0\" cellpadding=\"0\">\n<tbody>\n<tr style=\"height: 468px;\">\n<td style=\"width: 49.0831%; height: 468px;\" width=\"110\"><img loading=\"lazy\" decoding=\"async\" class=\"alignnone size-full wp-image-2018\" src=\"https:\/\/fmp-components.com\/wp-content\/uploads\/2024\/12\/PTO-Shafts-and-Agricultural-Gearboxes-1.webp\" alt=\"Kardanske gredi in kmetijski menjalniki\" width=\"600\" height=\"600\" title=\"\" srcset=\"https:\/\/fmp-components.com\/wp-content\/uploads\/2024\/12\/PTO-Shafts-and-Agricultural-Gearboxes-1.webp 600w, https:\/\/fmp-components.com\/wp-content\/uploads\/2024\/12\/PTO-Shafts-and-Agricultural-Gearboxes-1-480x480.webp 480w\" sizes=\"(min-width: 0px) and (max-width: 480px) 480px, (min-width: 481px) 600px, 100vw\" \/><\/td>\n<td style=\"width: 50.7012%; height: 468px;\" width=\"98\"><img loading=\"lazy\" decoding=\"async\" class=\"alignnone wp-image-2019\" src=\"https:\/\/fmp-components.com\/wp-content\/uploads\/2024\/12\/PTO-Shafts-and-Agricultural-Gearboxes.webp\" alt=\"Kardanske gredi in kmetijski menjalniki\" width=\"474\" height=\"474\" title=\"\"><\/td>\n<\/tr>\n<\/tbody>\n<\/table>\n<h3>O FMP-ju<\/h3>\n<p>FMP s sede\u017eem v Italiji je vodilni proizvajalec, priznan po svojem strokovnem znanju pri na\u010drtovanju in proizvodnji visokozmogljivih menjalnikov za kmetijsko mehanizacijo. Znani smo po natan\u010dnem in\u017eeniringu, inovacijah in zanesljivosti ter ponujamo \u0161iroko paleto izdelkov, vklju\u010dno z menjalniki kosilnic in bistvenimi komponentami, kot so kardanske gredi. Na\u0161e poslanstvo je zagotavljati prilagojene re\u0161itve, ki ustrezajo edinstvenim potrebam kmetijskega in industrijskega sektorja, tako da ponujamo tako posamezne izdelke kot popolnoma integrirane sisteme.<\/p>\n<p>Pri FMP razumemo, da ima vsaka stranka posebne potrebe, zato smo specializirani za prilagajanje na\u0161ih izdelkov temu primerno. Ne glede na to, ali potrebujete specializiran menjalnik ali celoten sistem, tesno sodelujemo z vami, da bi vam zagotovili naju\u010dinkovitej\u0161o in najuspe\u0161nej\u0161o re\u0161itev. Na\u0161a zavezanost zadovoljstvu strank se odra\u017ea v hitrih, profesionalnih odzivih in strokovnem vodenju, s \u010dimer zagotavljamo, da vsako povpra\u0161evanje obravnavamo skrbno in natan\u010dno.<\/p>\n<p>Veliko vrednost dajemo odprti komunikaciji in nenehnemu sodelovanju z na\u0161imi strankami, zlasti pri razvoju novih izdelkov. Na\u0161a ekipa tesno sodeluje s strankami, da bi v celoti razumela njihove izzive in ponudila vpoglede, ki vodijo do optimalnih re\u0161itev. Ne glede na to, ali razvijamo nove izdelke ali izpolnjujemo obstoje\u010da naro\u010dila, smo zavezani k pravo\u010dasni dobavi visokokakovostnih, natan\u010dno izdelanih izdelkov.<\/p>\n<p>Kakovost je temelj vsega, kar po\u010dnemo pri FMP. Na\u0161i proizvodni procesi upo\u0161tevajo najvi\u0161je standarde natan\u010dnosti in preciznosti, kar zagotavlja, da je vsak izdelek brez napak. Izvajamo stroge ukrepe nadzora kakovosti, da zagotovimo, da vsi na\u0161i izdelki izpolnjujejo ali presegajo industrijske standarde. Ta neomajna osredoto\u010denost na kakovost, skupaj z na\u0161imi temeljnimi vrednotami integritete, timskega dela in vztrajnosti, nam je pomagala vzpostaviti dolgoro\u010dne odnose s strankami v skoraj 30 dr\u017eavah po vsem svetu.<\/p>\n<p>FMP je vedno odprt za sklepanje globalnih partnerstev, ponuja strokovne nasvete in re\u0161itve po meri. Na\u0161 pristop presega zgolj zagotavljanje izdelkov \u2013 na\u0161 cilj je gojiti dolgoro\u010dne odnose, ki spodbujajo obojestranski uspeh. Ne glede na to, ali potrebujete nove re\u0161itve ali podporo za obstoje\u010de sisteme, je FMP predan re\u0161evanju va\u0161ih tehni\u010dnih izzivov in zagotavljanju va\u0161ega nadaljnjega uspeha.<\/p>\n<p><img loading=\"lazy\" decoding=\"async\" class=\"alignnone size-full wp-image-1861\" src=\"https:\/\/fmp-components.com\/wp-content\/uploads\/2024\/12\/Other-Agricultural-Gearboxes.webp\" sizes=\"(min-width: 0px) and (max-width: 480px) 480px, (min-width: 481px) and (max-width: 980px) 980px, (min-width: 981px) 1200px, 100vw\" srcset=\"https:\/\/fmp-components.com\/wp-content\/uploads\/2024\/12\/Other-Agricultural-Gearboxes.webp 1200w, https:\/\/fmp-components.com\/wp-content\/uploads\/2024\/12\/Other-Agricultural-Gearboxes-980x1143.webp 980w, https:\/\/fmp-components.com\/wp-content\/uploads\/2024\/12\/Other-Agricultural-Gearboxes-480x560.webp 480w\" alt=\"Altri-cambi-agricoli\" width=\"1200\" height=\"1400\" title=\"\"><\/p>\n<p>Avtor: CX<\/p>","protected":false},"excerpt":{"rendered":"<p>Agricultural Lawn Mower Gearbox FMP-RC30-193 Specification \u00a0 ITEM Lawnmower Gearbox FMP-RC30-193 Ratio 1:1.93 Teeth 15\/29 Module 4.0 Power(HP) 30 Rated Input 540rpm Input\/Output Description 1-3\/8 Z6\u03c631.75 Optic axis Weight(N.W) 24.5KG PTO Shafts and Agricultural Gearboxes PTO shafts and agricultural gearboxes are essential components that work in tandem to transfer mechanical power between farm tractors and [&hellip;]<\/p>","protected":false},"featured_media":2016,"comment_status":"open","ping_status":"closed","template":"","meta":{"_et_pb_use_builder":"","_et_pb_old_content":"","_et_gb_content_width":""},"product_brand":[],"product_cat":[52],"product_tag":[],"class_list":{"0":"post-2015","1":"product","2":"type-product","3":"status-publish","4":"has-post-thumbnail","6":"product_cat-lawn-mower-gearbox","8":"first","9":"instock","10":"shipping-taxable","11":"product-type-simple"},"_links":{"self":[{"href":"https:\/\/fmp-components.com\/sl\/wp-json\/wp\/v2\/product\/2015","targetHints":{"allow":["GET"]}}],"collection":[{"href":"https:\/\/fmp-components.com\/sl\/wp-json\/wp\/v2\/product"}],"about":[{"href":"https:\/\/fmp-components.com\/sl\/wp-json\/wp\/v2\/types\/product"}],"replies":[{"embeddable":true,"href":"https:\/\/fmp-components.com\/sl\/wp-json\/wp\/v2\/comments?post=2015"}],"wp:featuredmedia":[{"embeddable":true,"href":"https:\/\/fmp-components.com\/sl\/wp-json\/wp\/v2\/media\/2016"}],"wp:attachment":[{"href":"https:\/\/fmp-components.com\/sl\/wp-json\/wp\/v2\/media?parent=2015"}],"wp:term":[{"taxonomy":"product_brand","embeddable":true,"href":"https:\/\/fmp-components.com\/sl\/wp-json\/wp\/v2\/product_brand?post=2015"},{"taxonomy":"product_cat","embeddable":true,"href":"https:\/\/fmp-components.com\/sl\/wp-json\/wp\/v2\/product_cat?post=2015"},{"taxonomy":"product_tag","embeddable":true,"href":"https:\/\/fmp-components.com\/sl\/wp-json\/wp\/v2\/product_tag?post=2015"}],"curies":[{"name":"delovni list","href":"https:\/\/api.w.org\/{rel}","templated":true}]}}