{"id":2011,"date":"2024-12-27T01:08:17","date_gmt":"2024-12-27T01:08:17","guid":{"rendered":"https:\/\/fmp-components.com\/?page_id=8"},"modified":"2024-12-27T01:08:49","modified_gmt":"2024-12-27T01:08:49","slug":"agricultural-lawn-mower-gearbox-fmp-x30","status":"publish","type":"product","link":"https:\/\/fmp-components.com\/sl\/product\/agricultural-lawn-mower-gearbox-fmp-x30\/","title":{"rendered":"Menjalnik kmetijske kosilnice FMP-X30"},"content":{"rendered":"<h2>Specifikacija menjalnika kmetijske kosilnice FMP-X30<\/h2>\n<table style=\"width: 96.2203%; height: 596px;\" border=\"1\" width=\"100%\" cellspacing=\"0\" cellpadding=\"0\">\n<tbody>\n<tr>\n<td width=\"110\"><img loading=\"lazy\" decoding=\"async\" class=\"alignnone size-full wp-image-2013\" src=\"https:\/\/fmp-components.com\/wp-content\/uploads\/2024\/12\/FMP_agricultural-gearbox-HC-X30-2.webp\" alt=\"FMP_kmetijski-menjalnik-HC-X30-2\" width=\"500\" height=\"640\" title=\"\" srcset=\"https:\/\/fmp-components.com\/wp-content\/uploads\/2024\/12\/FMP_agricultural-gearbox-HC-X30-2.webp 500w, https:\/\/fmp-components.com\/wp-content\/uploads\/2024\/12\/FMP_agricultural-gearbox-HC-X30-2-480x614.webp 480w\" sizes=\"(min-width: 0px) and (max-width: 480px) 480px, (min-width: 481px) 500px, 100vw\" \/><\/td>\n<td width=\"98\"><img loading=\"lazy\" decoding=\"async\" class=\"alignnone size-full wp-image-2014\" src=\"https:\/\/fmp-components.com\/wp-content\/uploads\/2024\/12\/FMP_agricultural-gearbox-HC-X30.webp\" alt=\"FMP_kmetijski-menjalnik-HC-X30\" width=\"400\" height=\"400\" title=\"\" srcset=\"https:\/\/fmp-components.com\/wp-content\/uploads\/2024\/12\/FMP_agricultural-gearbox-HC-X30.webp 400w, https:\/\/fmp-components.com\/wp-content\/uploads\/2024\/12\/FMP_agricultural-gearbox-HC-X30-300x300.webp 300w, https:\/\/fmp-components.com\/wp-content\/uploads\/2024\/12\/FMP_agricultural-gearbox-HC-X30-150x150.webp 150w, https:\/\/fmp-components.com\/wp-content\/uploads\/2024\/12\/FMP_agricultural-gearbox-HC-X30-12x12.webp 12w, https:\/\/fmp-components.com\/wp-content\/uploads\/2024\/12\/FMP_agricultural-gearbox-HC-X30-100x100.webp 100w\" sizes=\"(max-width: 400px) 100vw, 400px\" \/><\/td>\n<\/tr>\n<\/tbody>\n<\/table>\n<table style=\"width: 95.4348%; height: 240px;\" border=\"1\">\n<tbody>\n<tr>\n<td><strong>POSTAVKA<\/strong><\/td>\n<td><strong>FMP\u201301-609<\/strong><\/td>\n<td><strong>FMP\u201301-723<\/strong><\/td>\n<td><strong>FMP\u201301-611<\/strong><\/td>\n<\/tr>\n<tr>\n<td><strong>Razmerje<\/strong><\/td>\n<td>1:1.47<\/td>\n<td>1:1.69<\/td>\n<td>1:1.93<\/td>\n<\/tr>\n<tr>\n<td><strong>Zobje<\/strong><\/td>\n<td>15\/22<\/td>\n<td>13\/22<\/td>\n<td>15\/29<\/td>\n<\/tr>\n<tr>\n<td><strong>Modul<\/strong><\/td>\n<td>\u00a05.08<\/td>\n<td>5.0<\/td>\n<td>4.0<\/td>\n<\/tr>\n<tr>\n<td><strong>Mo\u010d (KM)<\/strong><\/td>\n<td>35<\/td>\n<td>35<\/td>\n<td>30<\/td>\n<\/tr>\n<tr>\n<td><strong>Nazivni vhod<\/strong><\/td>\n<td>540 vrt\/min<\/td>\n<td>540 vrt\/min<\/td>\n<td>540 vrt\/min<\/td>\n<\/tr>\n<tr>\n<td><strong>Opis vhoda\/izhoda<\/strong><\/td>\n<td colspan=\"3\">\u00a01 3\/8 Z6 Opti\u010dna os Podno\u017eje sto\u017eca Izena\u010dena utorna gred<\/td>\n<\/tr>\n<tr>\n<td><strong>Te\u017ea (SZ)<\/strong><\/td>\n<td colspan=\"3\">26,5 kg<\/td>\n<\/tr>\n<\/tbody>\n<\/table>\n<h3>Storitev kmetijskih menjalnikov po meri<\/h3>\n<p>Ponujamo \u0161iroko paleto menjalnikov za kosilnice, s fleksibilnostjo za izdelavo re\u0161itev po meri, ki temeljijo na va\u0161ih specifi\u010dnih zahtevah. Ne glede na to, ali nam posredujete risbo ali vzorec, lahko izdelamo menjalnike, prilagojene va\u0161im potrebam. Spodaj je nekaj klju\u010dnih zna\u010dilnosti na\u0161ega menjalnika za kmetijske kosilnice EP-X30:<\/p>\n<ol>\n<li><strong>Visok izhodni navor<\/strong> \u2013 Zagotavlja zmogljivo delovanje za zahtevne aplikacije.<\/li>\n<li><strong>Zanesljiv in vzdr\u017eljiv<\/strong> \u2013 Zasnovan za varnost, zanesljivost in dolgo \u017eivljenjsko dobo, kar zagotavlja dolgotrajno delovanje.<\/li>\n<li><strong>Stabilen prenos in tiho delovanje<\/strong> \u2013 Gladko in tiho delovanje za u\u010dinkovitej\u0161e in udobnej\u0161e delovno okolje.<\/li>\n<li><strong>Visoka nosilnost<\/strong> \u2013 Zasnovan za enostavno prena\u0161anje te\u017ekih bremen.<\/li>\n<li><strong>Modularna zasnova<\/strong> \u2013 Enostavna prilagoditev razli\u010dnim vhodnim virom napajanja. Isti model menjalnika je lahko opremljen z razli\u010dnimi tipi motorjev, kar omogo\u010da enostavno konfiguracijo in medsebojno povezovanje strojev.<\/li>\n<li><strong>\u0160iroko obmo\u010dje prenosa<\/strong> \u2013 Ponuja fino nastavljen, \u0161irok razpon prenosnih razmerij, kar omogo\u010da doseganje zelo nizkih vrtilnih hitrosti.<\/li>\n<li><strong>Prilagodljiva namestitev<\/strong> \u2013 Lahko se namesti v razli\u010dne polo\u017eaje, kar zagotavlja ve\u010djo vsestranskost pri zasnovi stroja.<\/li>\n<li><strong>Visoka trdnost<\/strong> \u2013 Ohi\u0161je menjalnika je izdelano iz visoko trdne litine, zobniki in gredi pa so podvr\u017eeni plinskemu cementiranju, kaljenju in preciznemu bru\u0161enju, kar zagotavlja visoko nosilnost.<\/li>\n<li><strong>Dolga \u017eivljenjska doba<\/strong> \u2013 Z ustrezno izbiro in vzdr\u017eevanjem lahko \u017eivljenjska doba glavnih komponent menjalnika (brez obrabnih delov) prese\u017ee 20.000 ur.<\/li>\n<li><strong>Tiho delovanje<\/strong> \u2013 Kriti\u010dni proizvodni in testni procesi zagotavljajo, da menjalnik deluje z minimalnim hrupom.<\/li>\n<li><strong>Zasnova vzporednih osi in sto\u017e\u010dastega zobnika<\/strong> \u2013 Ima konfiguracijo koles z vzporednimi osmi in sto\u017e\u010dastim rezilom za u\u010dinkovito zmanj\u0161anje hitrosti.<\/li>\n<\/ol>\n<p>Pri FMP smo zavezani k zagotavljanju visokokakovostnih, prilagojenih menjalnikov, ki ustrezajo specifi\u010dnim potrebam va\u0161e kmetijske mehanizacije. Ne glede na to, ali potrebujete standardni model ali re\u0161itev po meri, tesno sodelujemo z vami, da dose\u017eemo najbolj\u0161e rezultate.<\/p>\n<p><img loading=\"lazy\" decoding=\"async\" class=\"alignnone size-full wp-image-2009\" src=\"https:\/\/fmp-components.com\/wp-content\/uploads\/2024\/12\/Lawn-Mower-Gearbox-Suppliers-6.webp\" alt=\"Menjalnik kosilnice\" width=\"1000\" height=\"445\" title=\"\" srcset=\"https:\/\/fmp-components.com\/wp-content\/uploads\/2024\/12\/Lawn-Mower-Gearbox-Suppliers-6.webp 1000w, https:\/\/fmp-components.com\/wp-content\/uploads\/2024\/12\/Lawn-Mower-Gearbox-Suppliers-6-980x436.webp 980w, https:\/\/fmp-components.com\/wp-content\/uploads\/2024\/12\/Lawn-Mower-Gearbox-Suppliers-6-480x214.webp 480w\" sizes=\"(min-width: 0px) and (max-width: 480px) 480px, (min-width: 481px) and (max-width: 980px) 980px, (min-width: 981px) 1000px, 100vw\" \/><\/p>\n<h3>O FMP-ju<\/h3>\n<p>FMP s sede\u017eem v Italiji je vodilni proizvajalec, priznan po svojem strokovnem znanju pri na\u010drtovanju in proizvodnji visokozmogljivih menjalnikov za kmetijsko mehanizacijo. Znani smo po natan\u010dnem in\u017eeniringu, inovativnosti in zanesljivosti ter ponujamo raznoliko paleto izdelkov, vklju\u010dno z menjalniki kosilnic in klju\u010dnimi komponentami, kot so kardanske gredi. Na\u0161e poslanstvo je zagotavljati prilagojene re\u0161itve, ki obravnavajo edinstvene potrebe kmetijskega in industrijskega sektorja, tako samostojne izdelke kot popolnoma integrirane sisteme.<\/p>\n<p>Pri FMP razumemo, da ima vsaka stranka posebne zahteve, zato smo specializirani za prilagajanje na\u0161ih izdelkov tem specifi\u010dnim potrebam. Ne glede na to, ali potrebujete specializiran menjalnik ali celoten sistem, tesno sodelujemo z vami, da bi zagotovili naju\u010dinkovitej\u0161o in najuspe\u0161nej\u0161o re\u0161itev. Na\u0161a zavezanost zadovoljstvu strank se odra\u017ea v hitrih, profesionalnih odzivih in strokovnem vodenju, kar zagotavlja natan\u010dno in skrbno obravnavo vsakega povpra\u0161evanja.<\/p>\n<p>Veliko vrednost dajemo odprti komunikaciji in nenehnemu sodelovanju z na\u0161imi strankami, zlasti pri razvoju novih izdelkov. Na\u0161a ekipa tesno sodeluje s strankami, da bi v celoti razumela njihove izzive in ponudila vpoglede, ki vodijo do optimalnih re\u0161itev. Ne glede na to, ali razvijamo nove izdelke ali izpolnjujemo obstoje\u010da naro\u010dila, smo zavezani k pravo\u010dasni dobavi visokokakovostnih, natan\u010dno izdelanih izdelkov.<\/p>\n<p>Kakovost je temelj vsega, kar po\u010dnemo pri FMP. Na\u0161i proizvodni procesi so v skladu z najvi\u0161jimi standardi natan\u010dnosti, kar zagotavlja, da je vsak izdelek brez napak. Izvajamo stroge ukrepe nadzora kakovosti, da zagotovimo, da vsi na\u0161i izdelki izpolnjujejo ali presegajo industrijske standarde. Ta neomajna osredoto\u010denost na kakovost, skupaj z na\u0161imi temeljnimi vrednotami integritete, timskega dela in vztrajnosti, nam je omogo\u010dila, da smo zgradili mo\u010dne in dolgotrajne odnose s strankami v skoraj 30 dr\u017eavah po vsem svetu.<\/p>\n<p>FMP je vedno odprt za globalna partnerstva in ponuja strokovne nasvete ter re\u0161itve po meri. Na\u0161 pristop presega zgolj zagotavljanje izdelkov \u2013 na\u0161 cilj je gojiti dolgoro\u010dne odnose, ki spodbujajo obojestranski uspeh. Ne glede na to, ali potrebujete nove re\u0161itve ali podporo za obstoje\u010de sisteme, je FMP zavezan re\u0161evanju va\u0161ih tehni\u010dnih izzivov in zagotavljanju va\u0161ega nadaljnjega uspeha.<\/p>\n<p><img loading=\"lazy\" decoding=\"async\" class=\"alignnone size-full wp-image-1861\" src=\"https:\/\/fmp-components.com\/wp-content\/uploads\/2024\/12\/Other-Agricultural-Gearboxes.webp\" sizes=\"(min-width: 0px) and (max-width: 480px) 480px, (min-width: 481px) and (max-width: 980px) 980px, (min-width: 981px) 1200px, 100vw\" srcset=\"https:\/\/fmp-components.com\/wp-content\/uploads\/2024\/12\/Other-Agricultural-Gearboxes.webp 1200w, https:\/\/fmp-components.com\/wp-content\/uploads\/2024\/12\/Other-Agricultural-Gearboxes-980x1143.webp 980w, https:\/\/fmp-components.com\/wp-content\/uploads\/2024\/12\/Other-Agricultural-Gearboxes-480x560.webp 480w\" alt=\"Altri-cambi-agricoli\" width=\"1200\" height=\"1400\" title=\"\"><\/p>\n<p>Avtor: CX<\/p>\n<p>&nbsp;<\/p>","protected":false},"excerpt":{"rendered":"<p>Agricultural Lawn Mower Gearbox FMP-X30 Specification ITEM FMP&#8211;01-609 FMP&#8211;01-723 FMP&#8211;01-611 Ratio 1:1.47 1:1.69 1:1.93 Teeth 15\/22 13\/22 15\/29 Module \u00a05.08 5.0 4.0 Power(HP) 35 35 30 Rated Input 540rpm 540rpm 540rpm Input\/Output Description \u00a01 3\/8 Z6 Optic axis Cone base aequilate spline shaft Weight(N.W) 26.5KG Customized Agricultural Gearbox Service We offer a wide range of [&hellip;]<\/p>","protected":false},"featured_media":2014,"comment_status":"open","ping_status":"closed","template":"","meta":{"_et_pb_use_builder":"","_et_pb_old_content":"","_et_gb_content_width":""},"product_brand":[],"product_cat":[52],"product_tag":[],"class_list":{"0":"post-2011","1":"product","2":"type-product","3":"status-publish","4":"has-post-thumbnail","6":"product_cat-lawn-mower-gearbox","8":"first","9":"instock","10":"shipping-taxable","11":"product-type-simple"},"_links":{"self":[{"href":"https:\/\/fmp-components.com\/sl\/wp-json\/wp\/v2\/product\/2011","targetHints":{"allow":["GET"]}}],"collection":[{"href":"https:\/\/fmp-components.com\/sl\/wp-json\/wp\/v2\/product"}],"about":[{"href":"https:\/\/fmp-components.com\/sl\/wp-json\/wp\/v2\/types\/product"}],"replies":[{"embeddable":true,"href":"https:\/\/fmp-components.com\/sl\/wp-json\/wp\/v2\/comments?post=2011"}],"wp:featuredmedia":[{"embeddable":true,"href":"https:\/\/fmp-components.com\/sl\/wp-json\/wp\/v2\/media\/2014"}],"wp:attachment":[{"href":"https:\/\/fmp-components.com\/sl\/wp-json\/wp\/v2\/media?parent=2011"}],"wp:term":[{"taxonomy":"product_brand","embeddable":true,"href":"https:\/\/fmp-components.com\/sl\/wp-json\/wp\/v2\/product_brand?post=2011"},{"taxonomy":"product_cat","embeddable":true,"href":"https:\/\/fmp-components.com\/sl\/wp-json\/wp\/v2\/product_cat?post=2011"},{"taxonomy":"product_tag","embeddable":true,"href":"https:\/\/fmp-components.com\/sl\/wp-json\/wp\/v2\/product_tag?post=2011"}],"curies":[{"name":"delovni list","href":"https:\/\/api.w.org\/{rel}","templated":true}]}}