{"id":2006,"date":"2024-12-27T00:52:54","date_gmt":"2024-12-27T00:52:54","guid":{"rendered":"https:\/\/fmp-components.com\/?page_id=8"},"modified":"2024-12-27T01:06:40","modified_gmt":"2024-12-27T01:06:40","slug":"agricultural-lawn-mower-gearbox-fmp-gs4rc","status":"publish","type":"product","link":"https:\/\/fmp-components.com\/sl\/product\/agricultural-lawn-mower-gearbox-fmp-gs4rc\/","title":{"rendered":"Menjalnik kmetijske kosilnice FMP-GS4RC"},"content":{"rendered":"<h2>Specifikacija menjalnika kmetijske kosilnice<\/h2>\n<table style=\"width: 100%;\" border=\"1\" width=\"100%\" cellspacing=\"0\" cellpadding=\"0\">\n<tbody>\n<tr>\n<td width=\"110\"><img loading=\"lazy\" decoding=\"async\" class=\"wp-image-2007 alignleft\" src=\"https:\/\/fmp-components.com\/wp-content\/uploads\/2024\/12\/fmp_agricultural-gearbox-HC-GS4RC-2.webp\" alt=\"fmp_kmetijski-menjalnik-HC-GS4RC-2\" width=\"363\" height=\"460\" title=\"\"><\/td>\n<td width=\"98\"><img loading=\"lazy\" decoding=\"async\" class=\"alignnone wp-image-2008\" src=\"https:\/\/fmp-components.com\/wp-content\/uploads\/2024\/12\/Lawn-Mower-Gearbox-8.webp\" alt=\"Menjalnik kosilnice\" width=\"420\" height=\"420\" title=\"\"><\/td>\n<\/tr>\n<\/tbody>\n<\/table>\n<table style=\"width: 96.588%; height: 225px;\" border=\"1\" cellspacing=\"0\" cellpadding=\"0\">\n<tbody>\n<tr>\n<td><strong>POSTAVKA<\/strong><\/td>\n<td>FMP-GS4RC<\/td>\n<\/tr>\n<tr>\n<td><strong>Razmerje<\/strong><\/td>\n<td>1:1.46\/1:1.93<\/td>\n<\/tr>\n<tr>\n<td><strong>Zobje<\/strong><\/td>\n<td>22\/15 23\/12<\/td>\n<\/tr>\n<tr>\n<td><strong>Modul<\/strong><\/td>\n<td>\u00a05.08 \/5.0<\/td>\n<\/tr>\n<tr>\n<td><strong>Mo\u010d (KM)<\/strong><\/td>\n<td>30<\/td>\n<\/tr>\n<tr>\n<td><strong>Nazivni vhod<\/strong><\/td>\n<td>540 vrt\/min<\/td>\n<\/tr>\n<tr>\n<td><strong>Opis vhoda\/izhoda<\/strong><\/td>\n<td>1-3\/8 Z6 konusni utor<\/td>\n<\/tr>\n<tr>\n<td><strong>Te\u017ea (SZ)<\/strong><\/td>\n<td>19 kg<\/td>\n<\/tr>\n<\/tbody>\n<\/table>\n<h2>Material menjalnika kmetijske kosilnice<\/h2>\n<table style=\"width: 96.0662%; height: 133px;\" border=\"1\" cellspacing=\"0\" cellpadding=\"0\">\n<tbody>\n<tr>\n<td colspan=\"2\"><strong>Material<\/strong><\/td>\n<\/tr>\n<tr>\n<td><strong>Stanovanja\u00a0<\/strong><\/td>\n<td>QT450<\/td>\n<\/tr>\n<tr>\n<td><strong>Zobni\u0161ka gred<\/strong><\/td>\n<td>20CrMnTi<\/td>\n<\/tr>\n<tr>\n<td><strong>Plo\u0161\u010da<\/strong><\/td>\n<td>Aluminij<\/td>\n<\/tr>\n<\/tbody>\n<\/table>\n<h2>Uporaba menjalnika kmetijskih kosilnic<\/h2>\n<p>Pri FMP smo specializirani za zagotavljanje visokozmogljivih menjalnikov, zasnovanih za izpolnjevanje posebnih zahtev kmetijske in industrijske mehanizacije. Na\u0161i menjalniki se uporabljajo v \u0161irokem naboru aplikacij, kar zagotavlja u\u010dinkovitost, vzdr\u017eljivost in zanesljivost v razli\u010dnih sektorjih. Spodaj je navedenih nekaj klju\u010dnih aplikacij za na\u0161e menjalnike kmetijskih kosilnic:<\/p>\n<h4>Rotacijski rezalniki<\/h4>\n<p>Rotacijski kosilniki so bistvenega pomena za \u010di\u0161\u010denje zara\u0161\u010dene trave, grmovja in plevela na kmetijskih in pode\u017eelskih obmo\u010djih. Na\u0161i menjalniki so zasnovani tako, da u\u010dinkovito prena\u0161ajo mo\u010d iz traktorja na rezila kosilnika, kar omogo\u010da gladko in u\u010dinkovito ko\u0161njo tudi v gostem rastlinju. Z vrhunsko vzdr\u017eljivostjo ti menjalniki zagotavljajo minimalen \u010das izpada in maksimalno zmogljivost med \u010di\u0161\u010denjem zemlji\u0161\u010d.<\/p>\n<h4>Rotacijski rezalniki<\/h4>\n<p>Rotacijski rezalniki se pogosto uporabljajo v kmetijstvu in urejanju krajine za vzdr\u017eevanje polj, pa\u0161nikov in obcestnih povr\u0161in z ko\u0161njo trave, plevela in majhnega grmovja. Menjalniki FMP so zasnovani tako, da zagotavljajo pravo koli\u010dino navora in mo\u010di, kar zagotavlja gladko vrtenje rezila in optimalno zmogljivost ko\u0161nje. Njihova robustna zasnova pomaga zmanj\u0161ati obrabo, zaradi \u010desar so idealni za zahtevna opravila ko\u0161nje.<\/p>\n<h4>Sekalniki bomba\u017ea<\/h4>\n<p>Sekalniki bomba\u017ea igrajo klju\u010dno vlogo pri zatiranju plevela in upravljanju pridelka na bomba\u017enih poljih. Na\u0161i menjalniki zagotavljajo natan\u010den prenos mo\u010di, ki je potreben za optimalno delovanje opreme za sekljanje bomba\u017ea, kar zagotavlja, da lahko upravljavci u\u010dinkovito upravljajo bomba\u017ene pridelke in ohranjajo zdravje polj. Ti menjalniki so izdelani tako, da se spopadajo s te\u017ekimi delovnimi pogoji, ki se pogosto pojavljajo pri gojenju bomba\u017ea.<\/p>\n<h4>Obrezovalci dreves<\/h4>\n<p>Obrezovalniki dreves se uporabljajo v gozdarstvu in kmetijstvu za \u010di\u0161\u010denje dreves, grmovja in gostega listja. Menjalniki kosilnic FMP zagotavljajo visok navor, potreben za pogon rezalnih mehanizmov, kar upravljavcem omogo\u010da enostavno rokovanje z debelimi vejami in debli. Na\u0161i menjalniki so zasnovani za delovanje pod visokimi obremenitvami, hkrati pa ohranjajo u\u010dinkovitost in zmanj\u0161ujejo vibracije, kar izbolj\u0161a udobje in zmogljivost upravljavca.<\/p>\n<h4>Terenski ko\u0161i<\/h4>\n<p>Poljski zabojniki se pogosto uporabljajo za zbiranje in prevoz po\u017eetih pridelkov. Menjalniki FMP zagotavljajo zanesljiv prenos mo\u010di, potreben za pogon razkladalnih mehanizmov poljskih zabojnikov, kar zagotavlja nemoteno delovanje med \u017eetvijo. Ne glede na to, ali se uporabljajo za \u017eito, bomba\u017e ali druge pridelke, so ti menjalniki izdelani tako, da prenesejo zahtevne pogoje kmetijske \u017eetve, s \u010dimer se zmanj\u0161a \u010das izpada in izbolj\u0161a splo\u0161na produktivnost.<\/p>\n<h4>Kosilnice in oprema za nego trate<\/h4>\n<p>Poleg zgoraj omenjenih specializiranih aplikacij se na\u0161i kmetijski menjalniki pogosto uporabljajo tudi v razli\u010dnih kosilnicah in opremi za nego trate. To vklju\u010duje vrtne kosilnice, komercialne kosilnice in industrijske sisteme ko\u0161nje, kjer na\u0161i menjalniki omogo\u010dajo u\u010dinkovito ko\u0161njo trave in enakomerno porazdelitev mo\u010di na rezila.<\/p>\n<p>Menjalniki FMP so zasnovani za zanesljivo delovanje v razli\u010dnih aplikacijah kmetijske mehanizacije. Od rotacijskih rezalnikov in kosilnic do sekalnikov bomba\u017ea in poljskih silosov, na\u0161i menjalniki zagotavljajo dosleden prenos mo\u010di, vzdr\u017eljivost in natan\u010dnost. Ne glede na to, ali gre za manj\u0161a kmetijska opravila ali veliko industrijsko uporabo, so menjalniki FMP zasnovani tako, da optimizirajo zmogljivost, zmanj\u0161ajo stro\u0161ke vzdr\u017eevanja in zagotovijo dolgo \u017eivljenjsko dobo va\u0161e kmetijske opreme.<\/p>\n<p><img loading=\"lazy\" decoding=\"async\" class=\"alignnone size-full wp-image-2009\" src=\"https:\/\/fmp-components.com\/wp-content\/uploads\/2024\/12\/Lawn-Mower-Gearbox-Suppliers-6.webp\" alt=\"\" width=\"1000\" height=\"445\" title=\"\" srcset=\"https:\/\/fmp-components.com\/wp-content\/uploads\/2024\/12\/Lawn-Mower-Gearbox-Suppliers-6.webp 1000w, https:\/\/fmp-components.com\/wp-content\/uploads\/2024\/12\/Lawn-Mower-Gearbox-Suppliers-6-980x436.webp 980w, https:\/\/fmp-components.com\/wp-content\/uploads\/2024\/12\/Lawn-Mower-Gearbox-Suppliers-6-480x214.webp 480w\" sizes=\"(min-width: 0px) and (max-width: 480px) 480px, (min-width: 481px) and (max-width: 980px) 980px, (min-width: 981px) 1000px, 100vw\" \/><\/p>\n<h2>Kardanska gred za menjalnik kmetijske kosilnice<\/h2>\n<p>Kardanska gred je klju\u010dni sestavni del kmetijske mehanizacije, ki slu\u017ei kot povezava med motorjem traktorja in razli\u010dnimi menjalniki priklju\u010dkov, kot so menjalniki kosilnic. V podjetju FMP izdelujemo visokokakovostne kardanske gredi, posebej zasnovane za brezhibno delovanje z menjalniki kosilnic in zagotavljajo zanesljivo delovanje za razli\u010dne kmetijske aplikacije.<\/p>\n<h3>Klju\u010dne lastnosti in prednosti kardanske gredi za menjalnik kmetijske kosilnice<\/h3>\n<ol>\n<li><strong>U\u010dinkovit prenos mo\u010di<\/strong><br \/>\nKardanske gredi so zasnovane za u\u010dinkovit prenos mehanske mo\u010di iz motorja traktorja v menjalnik kosilnice. To zagotavlja, da rezila kosilnice delujejo z optimalno hitrostjo za u\u010dinkovito ko\u0161njo trave in vegetacije. Z ohranjanjem enakomernega pretoka mo\u010di kardanske gredi pomagajo dose\u010di \u010distej\u0161o in enakomernej\u0161o ko\u0161njo, kar izbolj\u0161a splo\u0161no u\u010dinkovitost kosilnice.<\/li>\n<li><strong>Vzdr\u017eljivost in zanesljivost<\/strong><br \/>\nKardanske gredi FMP so izdelane tako, da prenesejo zahtevne kmetijske pogoje. Izdelane so iz visoko trdnih materialov in natan\u010dno zasnovane za zmanj\u0161anje obrabe, zato zagotavljajo dolgo \u017eivljenjsko dobo tudi pri velikih obremenitvah in zahtevnih terenskih pogojih. Njihova robustnost zmanj\u0161uje \u010das izpada in potrebo po pogostih popravilih, kar vodi do ve\u010dje produktivnosti.<\/li>\n<li><strong>Prilagodljiva dol\u017eina in konfiguracija<\/strong><br \/>\nKardanske gredi FMP je mogo\u010de prilagoditi glede dol\u017eine in konfiguracije, da ustrezajo specifi\u010dnim zahtevam. Ne glede na to, ali potrebujete standardno dol\u017eino ali nastavitev po meri za dolo\u010den model kosilnice, ponujamo re\u0161itve, prilagojene edinstvenim specifikacijam va\u0161e opreme.<\/li>\n<li><strong>Varnost in enostavno vzdr\u017eevanje<\/strong><br \/>\nNa\u0161e kardanske gredi so opremljene z varnostnimi elementi, kot so \u0161\u010ditniki in za\u0161\u010dite, ki zmanj\u0161ujejo tveganje nesre\u010d med delovanjem. Poleg tega so zasnovane za enostavno vzdr\u017eevanje, kar omogo\u010da hiter pregled in zamenjavo obrabnih komponent, kar zagotavlja nemoteno in varno delovanje sistema.<\/li>\n<li><strong>Vsestranskost kmetijske opreme<\/strong><br \/>\n\u010ceprav so kardanske gredi FMP zasnovane za kosilnice, se lahko uporabljajo tudi z razli\u010dnimi drugimi kmetijskimi stroji, vklju\u010dno z rotacijskimi kosilnicami, poljskimi kosilnicami in obrezovalniki trave. Zaradi te vsestranskosti so dragoceno sredstvo za kmetije in urejanje okolice, ki zahtevajo zanesljiv prenos mo\u010di med razli\u010dnimi vrstami opreme.<\/li>\n<\/ol>\n<p><img loading=\"lazy\" decoding=\"async\" class=\"alignnone size-full wp-image-2010\" src=\"https:\/\/fmp-components.com\/wp-content\/uploads\/2024\/12\/Agricultural-Lawnmower-Gearbox-Precautions-for-Use1.webp\" alt=\"\" width=\"1202\" height=\"665\" title=\"\" srcset=\"https:\/\/fmp-components.com\/wp-content\/uploads\/2024\/12\/Agricultural-Lawnmower-Gearbox-Precautions-for-Use1.webp 1202w, https:\/\/fmp-components.com\/wp-content\/uploads\/2024\/12\/Agricultural-Lawnmower-Gearbox-Precautions-for-Use1-980x542.webp 980w, https:\/\/fmp-components.com\/wp-content\/uploads\/2024\/12\/Agricultural-Lawnmower-Gearbox-Precautions-for-Use1-480x266.webp 480w\" sizes=\"(min-width: 0px) and (max-width: 480px) 480px, (min-width: 481px) and (max-width: 980px) 980px, (min-width: 981px) 1202px, 100vw\" \/><\/p>\n<h3>Uporaba kardanske gredi za menjalnik kmetijske kosilnice<\/h3>\n<ul>\n<li><strong>Kosilnice in motorne kose:<\/strong> Kardanske gredi povezujejo motor traktorja z rezili kosilnice, kar omogo\u010da u\u010dinkovito ko\u0161njo trave, plevela in majhnega grmi\u010devja.<\/li>\n<li><strong>Rotacijski rezalniki:<\/strong> Kardanske gredi se uporabljajo za pogon rotacijskih rezalnikov, kar jim omogo\u010da u\u010dinkovito delovanje v te\u017ekih terenskih pogojih.<\/li>\n<li><strong>Rotacijski kosilniki in kosilnice za plevel:<\/strong> Kardanske gredi pomagajo poganjati te\u017eka rezila rotacijskih kosilnic, ki \u010distijo gosto vegetacijo in plevel na kmetijskih poljih.<\/li>\n<li><strong>Kosilnice za travo:<\/strong> Kardanske gredi so bistvene za priklop traktorja na kosilnice, kar zagotavlja u\u010dinkovito ko\u0161njo in vzdr\u017eevanje velikih kmetijskih povr\u0161in.<\/li>\n<\/ul>\n<h3>Zakaj izbrati kardanske gredi FMP za menjalnik va\u0161e kmetijske kosilnice?<\/h3>\n<ul>\n<li><strong>Prilagoditev<\/strong>FMP ponuja \u0161iroko paleto kardanskih gredi razli\u010dnih dol\u017ein, konfiguracij in izvedb, da zadosti specifi\u010dnim potrebam.<\/li>\n<li><strong>Zanesljivost<\/strong>Na\u0161e kardanske gredi so zasnovane za dolgotrajno delovanje v zahtevnih kmetijskih pogojih, kar zmanj\u0161uje \u010das izpada in stro\u0161ke popravil.<\/li>\n<li><strong>Varnost<\/strong>Z vgrajenimi varnostnimi funkcijami na\u0161e kardanske gredi pomagajo zmanj\u0161ati tveganje po\u0161kodb med uporabo.<\/li>\n<li><strong>Precizno in\u017eenirstvo<\/strong>Vsaka kardanska gred je izdelana z visoko natan\u010dnostjo, kar zagotavlja nemoten prenos mo\u010di in zmanj\u0161uje tveganje mehanskih okvar.<\/li>\n<li><strong>Globalna podpora<\/strong>Izdelkom FMP zaupajo stranke po vsem svetu, zato nudimo strokovno svetovanje in podporo, da zagotovimo, da na\u0161e kardanske gredi natan\u010dno ustrezajo va\u0161im zahtevam.<\/li>\n<\/ul>\n<p>Kardanske gredi FMP za menjalnike kmetijskih kosilnic so odli\u010dna izbira za zagotavljanje zanesljivega prenosa mo\u010di in optimalne zmogljivosti pri razli\u010dnih kmetijskih in krajinskih opravilih. Na\u0161e kardanske gredi so izdelane za dolgo \u017eivljenjsko dobo in zasnovane za enostavno uporabo in varnost, zato vam pomagajo kar najbolje izkoristiti menjalnik va\u0161e kosilnice, saj zagotavljajo dolgoro\u010dno u\u010dinkovitost in zanesljivost pri najrazli\u010dnej\u0161ih kmetijskih opravilih.<\/p>\n<p><img loading=\"lazy\" decoding=\"async\" class=\"alignnone size-full wp-image-1906\" src=\"https:\/\/fmp-components.com\/wp-content\/uploads\/2024\/12\/Rotary-Mower-Gearbox17.webp\" alt=\"Menjalnik rotacijske kosilnice\" width=\"1280\" height=\"463\" title=\"\" srcset=\"https:\/\/fmp-components.com\/wp-content\/uploads\/2024\/12\/Rotary-Mower-Gearbox17.webp 1280w, https:\/\/fmp-components.com\/wp-content\/uploads\/2024\/12\/Rotary-Mower-Gearbox17-980x354.webp 980w, https:\/\/fmp-components.com\/wp-content\/uploads\/2024\/12\/Rotary-Mower-Gearbox17-480x174.webp 480w\" sizes=\"(min-width: 0px) and (max-width: 480px) 480px, (min-width: 481px) and (max-width: 980px) 980px, (min-width: 981px) 1280px, 100vw\" \/><\/p>\n<h2>O FMP-ju<\/h2>\n<p>FMP s sede\u017eem v Italiji je vodilni proizvajalec, znan po na\u010drtovanju in proizvodnji visokozmogljivih menjalnikov za kmetijsko mehanizacijo. Z ugledom natan\u010dnega in\u017eeniringa, inovacij in zanesljivosti ponujamo \u0161iroko paleto izdelkov, vklju\u010dno z menjalniki kosilnic in klju\u010dnimi komponentami, kot so kardanske gredi. Na\u0161 cilj je zagotoviti prilagojene re\u0161itve, ki ustrezajo edinstvenim potrebam kmetijskega in industrijskega sektorja, tako samostojnih izdelkov kot popolnoma integriranih sistemov.<\/p>\n<p>Pri FMP se zavedamo, da ima vsaka stranka posebne zahteve, zato smo specializirani za prilagajanje na\u0161ih izdelkov individualnim potrebam. Ne glede na to, ali i\u0161\u010dete specializiran menjalnik ali celoten sistem, tesno sodelujemo z vami, da bi vam zagotovili naju\u010dinkovitej\u0161o in najuspe\u0161nej\u0161o re\u0161itev. Na\u0161a zavezanost zadovoljstvu strank se odra\u017ea v hitrih in profesionalnih odzivih ter strokovnem svetovanju, s \u010dimer zagotavljamo natan\u010dno in skrbno obravnavo vsakega povpra\u0161evanja.<\/p>\n<p>Cenimo odprto komunikacijo in nenehno sodelovanje z na\u0161imi strankami, zlasti med razvojem novih izdelkov. Na\u0161a ekipa tesno sodeluje s strankami, da bi razumela njihove izzive in jim zagotovila dragocene vpoglede, ki vodijo do optimalnih re\u0161itev. Ne glede na to, ali razvijamo nove izdelke ali izpolnjujemo obstoje\u010da naro\u010dila, smo \u0161e vedno zavezani k pravo\u010dasni dobavi visokokakovostnih, natan\u010dno izdelanih izdelkov.<\/p>\n<p>Kakovost je temelj poslovanja podjetja FMP. Na\u0161i proizvodni procesi so zgrajeni na na\u010delih visokih standardov, natan\u010dnosti in ni\u010delne napake. Izvajamo stroge ukrepe nadzora kakovosti, da zagotovimo, da vsak izdelek izpolnjuje ali presega industrijske standarde. Ta neomajna osredoto\u010denost na kakovost, skupaj z na\u0161imi temeljnimi vrednotami integritete, timskega dela in vztrajnosti, nam je pomagala zgraditi trajne odnose s strankami v skoraj 30 dr\u017eavah.<\/p>\n<p>FMP je vedno odprt za sklepanje globalnih partnerstev, ponuja strokovne nasvete in re\u0161itve po meri. Na\u0161 pristop presega zgolj zagotavljanje izdelkov \u2013 na\u0161 cilj je spodbujati dolgoro\u010dne odnose, ki vodijo do obojestranskega uspeha. Ne glede na to, ali potrebujete nove re\u0161itve ali podporo za obstoje\u010de sisteme, je FMP predan re\u0161evanju va\u0161ih tehni\u010dnih izzivov in zagotavljanju va\u0161ega nadaljnjega uspeha.<\/p>\n<p><img loading=\"lazy\" decoding=\"async\" class=\"alignnone size-full wp-image-1861\" src=\"https:\/\/fmp-components.com\/wp-content\/uploads\/2024\/12\/Other-Agricultural-Gearboxes.webp\" sizes=\"(min-width: 0px) and (max-width: 480px) 480px, (min-width: 481px) and (max-width: 980px) 980px, (min-width: 981px) 1200px, 100vw\" srcset=\"https:\/\/fmp-components.com\/wp-content\/uploads\/2024\/12\/Other-Agricultural-Gearboxes.webp 1200w, https:\/\/fmp-components.com\/wp-content\/uploads\/2024\/12\/Other-Agricultural-Gearboxes-980x1143.webp 980w, https:\/\/fmp-components.com\/wp-content\/uploads\/2024\/12\/Other-Agricultural-Gearboxes-480x560.webp 480w\" alt=\"Altri-cambi-agricoli\" width=\"1200\" height=\"1400\" title=\"\"><\/p>\n<p>Avtor: CX<\/p>\n<p>&nbsp;<\/p>","protected":false},"excerpt":{"rendered":"<p>Agricultural Lawnmower Gearbox\u00a0Specification ITEM FMP-GS4RC Ratio 1:1.46\/1:1.93 Teeth 22\/15 23\/12 Module \u00a05.08 \/5.0 Power(HP) 30 Rated Input 540rpm Input\/Output Description 1-3\/8 Z6 Taper spline Weight(N.W) 19KG Agricultural Lawn Mower Gearbox Material Material Housing\u00a0 QT450 Gear shaft 20CrMnTi Plate Aluminum Agricultural Lawnmower Gearbox Applications At FMP, we specialize in providing high-performance gearboxes designed to meet the [&hellip;]<\/p>","protected":false},"featured_media":2008,"comment_status":"open","ping_status":"closed","template":"","meta":{"_et_pb_use_builder":"","_et_pb_old_content":"","_et_gb_content_width":""},"product_brand":[],"product_cat":[52],"product_tag":[],"class_list":{"0":"post-2006","1":"product","2":"type-product","3":"status-publish","4":"has-post-thumbnail","6":"product_cat-lawn-mower-gearbox","8":"first","9":"instock","10":"shipping-taxable","11":"product-type-simple"},"_links":{"self":[{"href":"https:\/\/fmp-components.com\/sl\/wp-json\/wp\/v2\/product\/2006","targetHints":{"allow":["GET"]}}],"collection":[{"href":"https:\/\/fmp-components.com\/sl\/wp-json\/wp\/v2\/product"}],"about":[{"href":"https:\/\/fmp-components.com\/sl\/wp-json\/wp\/v2\/types\/product"}],"replies":[{"embeddable":true,"href":"https:\/\/fmp-components.com\/sl\/wp-json\/wp\/v2\/comments?post=2006"}],"wp:featuredmedia":[{"embeddable":true,"href":"https:\/\/fmp-components.com\/sl\/wp-json\/wp\/v2\/media\/2008"}],"wp:attachment":[{"href":"https:\/\/fmp-components.com\/sl\/wp-json\/wp\/v2\/media?parent=2006"}],"wp:term":[{"taxonomy":"product_brand","embeddable":true,"href":"https:\/\/fmp-components.com\/sl\/wp-json\/wp\/v2\/product_brand?post=2006"},{"taxonomy":"product_cat","embeddable":true,"href":"https:\/\/fmp-components.com\/sl\/wp-json\/wp\/v2\/product_cat?post=2006"},{"taxonomy":"product_tag","embeddable":true,"href":"https:\/\/fmp-components.com\/sl\/wp-json\/wp\/v2\/product_tag?post=2006"}],"curies":[{"name":"delovni list","href":"https:\/\/api.w.org\/{rel}","templated":true}]}}