{"id":1999,"date":"2024-12-26T08:44:59","date_gmt":"2024-12-26T08:44:59","guid":{"rendered":"https:\/\/fmp-components.com\/?page_id=8"},"modified":"2024-12-27T00:36:22","modified_gmt":"2024-12-27T00:36:22","slug":"fmp-1zs-380-lawn-mower-gearbox","status":"publish","type":"product","link":"https:\/\/fmp-components.com\/sl\/product\/fmp-1zs-380-lawn-mower-gearbox\/","title":{"rendered":"Menjalnik kosilnice FMP-1ZS-380"},"content":{"rendered":"<p><img loading=\"lazy\" decoding=\"async\" class=\"size-full wp-image-2005 aligncenter\" src=\"https:\/\/fmp-components.com\/wp-content\/uploads\/2024\/12\/FMP_agricultural-gearbox-HC-1ZS-380.webp\" alt=\"FMP_kmetijski-menjalnik-HC-1ZS-380\" width=\"400\" height=\"400\" title=\"\" srcset=\"https:\/\/fmp-components.com\/wp-content\/uploads\/2024\/12\/FMP_agricultural-gearbox-HC-1ZS-380.webp 400w, https:\/\/fmp-components.com\/wp-content\/uploads\/2024\/12\/FMP_agricultural-gearbox-HC-1ZS-380-300x300.webp 300w, https:\/\/fmp-components.com\/wp-content\/uploads\/2024\/12\/FMP_agricultural-gearbox-HC-1ZS-380-150x150.webp 150w, https:\/\/fmp-components.com\/wp-content\/uploads\/2024\/12\/FMP_agricultural-gearbox-HC-1ZS-380-12x12.webp 12w, https:\/\/fmp-components.com\/wp-content\/uploads\/2024\/12\/FMP_agricultural-gearbox-HC-1ZS-380-100x100.webp 100w\" sizes=\"(max-width: 400px) 100vw, 400px\" \/><\/p>\n<h2>Specifikacija menjalnika kosilnice FMP-1ZS-380<\/h2>\n<p><img loading=\"lazy\" decoding=\"async\" class=\"alignnone wp-image-2000\" src=\"https:\/\/fmp-components.com\/wp-content\/uploads\/2024\/12\/fmp_agricultural-gearbox-HC-1ZS-380-1.webp\" alt=\"fmp_kmetijski-menjalnik-HC-1ZS-380-1\" width=\"806\" height=\"307\" title=\"\" srcset=\"https:\/\/fmp-components.com\/wp-content\/uploads\/2024\/12\/fmp_agricultural-gearbox-HC-1ZS-380-1.webp 806w, https:\/\/fmp-components.com\/wp-content\/uploads\/2024\/12\/fmp_agricultural-gearbox-HC-1ZS-380-1-480x183.webp 480w\" sizes=\"(min-width: 0px) and (max-width: 480px) 480px, (min-width: 481px) 806px, 100vw\" \/><\/p>\n<table style=\"width: 85.3964%; height: 238px;\" border=\"1\">\n<tbody>\n<tr>\n<td style=\"width: 37.4684%;\">POSTAVKA<\/td>\n<td style=\"width: 61.7722%;\">Menjalnik kosilnice FMP-1ZS-380<\/td>\n<\/tr>\n<tr>\n<td style=\"width: 37.4684%;\">Razmerje<\/td>\n<td style=\"width: 61.7722%;\">1:1.24<\/td>\n<\/tr>\n<tr>\n<td style=\"width: 37.4684%;\">Zobje<\/td>\n<td style=\"width: 61.7722%;\">21\/17\/17\/17<\/td>\n<\/tr>\n<tr>\n<td style=\"width: 37.4684%;\">Modul<\/td>\n<td style=\"width: 61.7722%;\">7.0<\/td>\n<\/tr>\n<tr>\n<td style=\"width: 37.4684%;\">Mo\u010d (KM)<\/td>\n<td style=\"width: 61.7722%;\">100<\/td>\n<\/tr>\n<tr>\n<td style=\"width: 37.4684%;\">Nazivni vhod<\/td>\n<td style=\"width: 61.7722%;\">540 vrt\/min<\/td>\n<\/tr>\n<tr>\n<td style=\"width: 37.4684%;\">Opis vhoda\/izhoda<\/td>\n<td style=\"width: 61.7722%;\">\u00a0Zobnik<\/td>\n<\/tr>\n<tr>\n<td style=\"width: 37.4684%;\">Te\u017ea (SZ)<\/td>\n<td style=\"width: 61.7722%;\">42,5 kg<\/td>\n<\/tr>\n<\/tbody>\n<\/table>\n<h3>Prednosti menjalnika kosilnice FMP-1ZS-380<\/h3>\n<ol>\n<li><strong>Visoka zmogljivost in u\u010dinkovitost<\/strong><br \/>\nMenjalnik kosilnice FMP-1ZS-380 je zasnovan za optimalen prenos mo\u010di, kar zagotavlja, da kosilnica deluje z najve\u010djo u\u010dinkovitostjo. Zagotavlja zanesljivo in dosledno delovanje, zaradi \u010desar je primeren za razli\u010dne namene nege trate, od majhnih stanovanjskih vrtov do ve\u010djih komercialnih ko\u0161enj.<\/li>\n<li><strong>Vzdr\u017eljivost in dolgo\u017eivost<\/strong><br \/>\nIzdelan iz visokokakovostnih materialov in natan\u010dnega in\u017eeniringa, je FMP-1ZS-380 zasnovan tako, da prenese obrabo in po\u0161kodbe zaradi te\u017eke uporabe. Njegova robustna zasnova zagotavlja vzdr\u017eljivost in dolgo \u017eivljenjsko dobo tudi v zahtevnih obratovalnih pogojih.<\/li>\n<li><strong>Mo\u017enosti prilagajanja<\/strong><br \/>\nFMP ponuja prilagoditve za izpolnjevanje specifi\u010dnih zahtev uporabe. Ne glede na to, ali potrebujete prilagoditve prestavnih razmerij, konfiguracij monta\u017ee ali drugih tehni\u010dnih specifikacij, je mogo\u010de FMP-1ZS-380 prilagoditi va\u0161im edinstvenim potrebam.<\/li>\n<li><strong>Enostavno vzdr\u017eevanje<\/strong><br \/>\nMenjalnik je zasnovan za enostavno vzdr\u017eevanje. Njegova uporabniku prijazna struktura zagotavlja hitro in enostavno servisiranje, kar skraj\u0161a \u010das izpada in omogo\u010da upravljavcem, da z minimalnim naporom ohranijo optimalno delovanje.<\/li>\n<li><strong>Nizek hrup in vibracije<\/strong><br \/>\nFMP-1ZS-380 je zasnovan s funkcijami za zmanj\u0161anje hrupa, ki zagotavljajo ti\u0161je delovanje. Zaradi tega je idealen za okolja, kjer je treba raven hrupa omejiti na minimum, hkrati pa zagotoviti u\u010dinkovit prenos mo\u010di na rezila kosilnice.<\/li>\n<li><strong>Kompaktna in lahka zasnova<\/strong><br \/>\nKljub svoji zmogljivi zmogljivosti ima FMP-1ZS-380 kompaktno in lahko zasnovo. To zagotavlja enostavno integracijo v razli\u010dne modele kosilnic brez nepotrebnega dodajanja te\u017ee, kar izbolj\u0161a okretnost in enostavnost uporabe.<\/li>\n<li><strong>Precizno in\u017eenirstvo<\/strong><br \/>\nKosilnica FMP-1ZS-380, izdelana po strogih standardih nadzora kakovosti, ima natan\u010dno izdelane zobnike, ki zmanj\u0161ujejo zra\u010dnost in izbolj\u0161ujejo splo\u0161no zmogljivost. To zagotavlja bolj gladko delovanje in izbolj\u0161uje kakovost rezultatov ko\u0161nje.<\/li>\n<\/ol>\n<p>Skratka, menjalnik kosilnice FMP-1ZS-380 zdru\u017euje visoko zmogljivost, vzdr\u017eljivost, enostavno vzdr\u017eevanje in mo\u017enosti prilagoditve, zaradi \u010desar je odli\u010dna izbira tako za stanovanjske kot komercialne namene ko\u0161nje.<\/p>\n<p><img loading=\"lazy\" decoding=\"async\" class=\"alignnone size-full wp-image-1994\" src=\"https:\/\/fmp-components.com\/wp-content\/uploads\/2024\/12\/Lawn-Mower-Gearbox-7.webp\" alt=\"Menjalnik kosilnice\" width=\"1502\" height=\"805\" title=\"\" srcset=\"https:\/\/fmp-components.com\/wp-content\/uploads\/2024\/12\/Lawn-Mower-Gearbox-7.webp 1502w, https:\/\/fmp-components.com\/wp-content\/uploads\/2024\/12\/Lawn-Mower-Gearbox-7-1280x686.webp 1280w, https:\/\/fmp-components.com\/wp-content\/uploads\/2024\/12\/Lawn-Mower-Gearbox-7-980x525.webp 980w, https:\/\/fmp-components.com\/wp-content\/uploads\/2024\/12\/Lawn-Mower-Gearbox-7-480x257.webp 480w\" sizes=\"(min-width: 0px) and (max-width: 480px) 480px, (min-width: 481px) and (max-width: 980px) 980px, (min-width: 981px) and (max-width: 1280px) 1280px, (min-width: 1281px) 1502px, 100vw\" \/><\/p>\n<h3>O FMP-ju<\/h3>\n<p>FMP s sede\u017eem v Italiji je vodilni proizvajalec, specializiran za visokozmogljive menjalnike za kmetijsko mehanizacijo. Znani smo po natan\u010dnem in\u017eenirstvu, inovacijah in zanesljivosti, zato ponujamo \u0161iroko paleto menjalnikov, vklju\u010dno z menjalniki kosilnic, in bistvene komponente, kot so kardanske gredi. Na\u0161e poslanstvo je zagotavljati prilagojene re\u0161itve, ki ustrezajo specifi\u010dnim potrebam kmetijskega in industrijskega sektorja, bodisi s posameznimi izdelki bodisi z integriranimi sistemi.<\/p>\n<p>Razumemo, da ima vsaka stranka edinstvene zahteve, zato smo odli\u010dni v prilagajanju na\u0161ih izdelkov tem potrebam. Ne glede na to, ali potrebujete specializiran menjalnik ali celoten sistem, tesno sodelujemo z vami, da bi vam zagotovili naju\u010dinkovitej\u0161e in najuspe\u0161nej\u0161e re\u0161itve. Na\u0161i hitri in profesionalni odzivi v kombinaciji s strokovnim svetovanjem zagotavljajo, da je vsako povpra\u0161evanje obravnavano skrbno in natan\u010dno.<\/p>\n<p>Pri FMP dajemo prednost odprti komunikaciji in sodelovanju, zlasti pri razvoju novih izdelkov. Na\u0161a ekipa sodeluje s strankami, da bi razumela njihove izzive in jim ponudila vpoglede, ki vodijo do optimalnih re\u0161itev. Zavezani smo k pravo\u010dasni dobavi visokokakovostnih, natan\u010dno izdelanih izdelkov, ne glede na to, ali gre za nove razvojne projekte ali obstoje\u010da naro\u010dila.<\/p>\n<p>Kakovost je v sredi\u0161\u010du delovanja podjetja FMP. Na\u0161i proizvodni procesi so v skladu z najvi\u0161jimi standardi, kar zagotavlja natan\u010dnost in ni\u010d napak. Strog nadzor kakovosti zagotavlja, da vsak izdelek izpolnjuje ali presega industrijske standarde. Ta zavezanost kakovosti, skupaj z na\u0161imi temeljnimi vrednotami integritete, timskega dela in vztrajnosti, nam je omogo\u010dila, da smo zgradili mo\u010dne odnose s strankami v skoraj 30 dr\u017eavah.<\/p>\n<p>FMP je vedno odprt za globalna partnerstva in ponuja strokovne nasvete ter re\u0161itve po meri. Na\u0161 pristop presega zgolj dobavo izdelkov; cilj nam je graditi dolgoro\u010dne odnose, ki vodijo do obojestranskega uspeha. Ne glede na to, ali potrebujete nove re\u0161itve ali podporo za obstoje\u010de sisteme, je FMP predan re\u0161evanju va\u0161ih tehni\u010dnih izzivov in zagotavljanju nadaljnjega uspeha.<\/p>\n<p><img loading=\"lazy\" decoding=\"async\" class=\"alignnone size-full wp-image-1861\" src=\"https:\/\/fmp-components.com\/wp-content\/uploads\/2024\/12\/Other-Agricultural-Gearboxes.webp\" sizes=\"(min-width: 0px) and (max-width: 480px) 480px, (min-width: 481px) and (max-width: 980px) 980px, (min-width: 981px) 1200px, 100vw\" srcset=\"https:\/\/fmp-components.com\/wp-content\/uploads\/2024\/12\/Other-Agricultural-Gearboxes.webp 1200w, https:\/\/fmp-components.com\/wp-content\/uploads\/2024\/12\/Other-Agricultural-Gearboxes-980x1143.webp 980w, https:\/\/fmp-components.com\/wp-content\/uploads\/2024\/12\/Other-Agricultural-Gearboxes-480x560.webp 480w\" alt=\"Altri-cambi-agricoli\" width=\"1200\" height=\"1400\" title=\"\"><\/p>\n<p>Avtor: CX<\/p>","protected":false},"excerpt":{"rendered":"<p>FMP-1ZS-380 Lawn Mower Gearbox Specification ITEM FMP-1ZS-380 Lawn Mower Gearbox Ratio 1:1.24 Teeth 21\/17\/17\/17 Module 7.0 Power\uff08HP\uff09 100 Rated Input 540rpm Input\/Output description \u00a0Spline Weight\uff08N.W\uff09 42.5Kg Advantages of FMP-1ZS-380 Lawn Mower Gearbox High Performance &amp; Efficiency The FMP-1ZS-380 lawn mower gearbox is designed for optimal power transmission, ensuring that the mower operates at peak efficiency. [&hellip;]<\/p>","protected":false},"featured_media":2005,"comment_status":"open","ping_status":"closed","template":"","meta":{"_et_pb_use_builder":"","_et_pb_old_content":"","_et_gb_content_width":""},"product_brand":[],"product_cat":[52],"product_tag":[],"class_list":{"0":"post-1999","1":"product","2":"type-product","3":"status-publish","4":"has-post-thumbnail","6":"product_cat-lawn-mower-gearbox","8":"first","9":"instock","10":"shipping-taxable","11":"product-type-simple"},"_links":{"self":[{"href":"https:\/\/fmp-components.com\/sl\/wp-json\/wp\/v2\/product\/1999","targetHints":{"allow":["GET"]}}],"collection":[{"href":"https:\/\/fmp-components.com\/sl\/wp-json\/wp\/v2\/product"}],"about":[{"href":"https:\/\/fmp-components.com\/sl\/wp-json\/wp\/v2\/types\/product"}],"replies":[{"embeddable":true,"href":"https:\/\/fmp-components.com\/sl\/wp-json\/wp\/v2\/comments?post=1999"}],"wp:featuredmedia":[{"embeddable":true,"href":"https:\/\/fmp-components.com\/sl\/wp-json\/wp\/v2\/media\/2005"}],"wp:attachment":[{"href":"https:\/\/fmp-components.com\/sl\/wp-json\/wp\/v2\/media?parent=1999"}],"wp:term":[{"taxonomy":"product_brand","embeddable":true,"href":"https:\/\/fmp-components.com\/sl\/wp-json\/wp\/v2\/product_brand?post=1999"},{"taxonomy":"product_cat","embeddable":true,"href":"https:\/\/fmp-components.com\/sl\/wp-json\/wp\/v2\/product_cat?post=1999"},{"taxonomy":"product_tag","embeddable":true,"href":"https:\/\/fmp-components.com\/sl\/wp-json\/wp\/v2\/product_tag?post=1999"}],"curies":[{"name":"delovni list","href":"https:\/\/api.w.org\/{rel}","templated":true}]}}