{"id":1993,"date":"2024-12-26T08:39:30","date_gmt":"2024-12-26T08:39:30","guid":{"rendered":"https:\/\/fmp-components.com\/?page_id=8"},"modified":"2024-12-26T08:43:04","modified_gmt":"2024-12-26T08:43:04","slug":"agricultural-lawn-mower-gearbox-fmp-966109","status":"publish","type":"product","link":"https:\/\/fmp-components.com\/sl\/product\/agricultural-lawn-mower-gearbox-fmp-966109\/","title":{"rendered":"Menjalnik kmetijske kosilnice FMP-966109"},"content":{"rendered":"<h2>Specifikacija menjalnika kmetijske kosilnice FMP-966109<\/h2>\n<p><img loading=\"lazy\" decoding=\"async\" class=\"size-full wp-image-1997 alignleft\" src=\"https:\/\/fmp-components.com\/wp-content\/uploads\/2024\/12\/fmp_agricultural-gearbox-HC-GS4RC-2-1.webp\" alt=\"fmp_kmetijski-menjalnik-HC-GS4RC-2-1\" width=\"506\" height=\"640\" title=\"\" srcset=\"https:\/\/fmp-components.com\/wp-content\/uploads\/2024\/12\/fmp_agricultural-gearbox-HC-GS4RC-2-1.webp 506w, https:\/\/fmp-components.com\/wp-content\/uploads\/2024\/12\/fmp_agricultural-gearbox-HC-GS4RC-2-1-480x607.webp 480w\" sizes=\"(min-width: 0px) and (max-width: 480px) 480px, (min-width: 481px) 506px, 100vw\" \/><img loading=\"lazy\" decoding=\"async\" class=\"wp-image-1996 aligncenter\" src=\"https:\/\/fmp-components.com\/wp-content\/uploads\/2024\/12\/FMP_agricultural-gearbox-HC-966109.webp\" alt=\"FMP_kmetijski-menjalnik-HC-966109\" width=\"383\" height=\"383\" title=\"\" srcset=\"https:\/\/fmp-components.com\/wp-content\/uploads\/2024\/12\/FMP_agricultural-gearbox-HC-966109.webp 400w, https:\/\/fmp-components.com\/wp-content\/uploads\/2024\/12\/FMP_agricultural-gearbox-HC-966109-300x300.webp 300w, https:\/\/fmp-components.com\/wp-content\/uploads\/2024\/12\/FMP_agricultural-gearbox-HC-966109-150x150.webp 150w, https:\/\/fmp-components.com\/wp-content\/uploads\/2024\/12\/FMP_agricultural-gearbox-HC-966109-12x12.webp 12w, https:\/\/fmp-components.com\/wp-content\/uploads\/2024\/12\/FMP_agricultural-gearbox-HC-966109-100x100.webp 100w\" sizes=\"(max-width: 383px) 100vw, 383px\" \/><\/p>\n<table style=\"width: 92.3941%; height: 221px;\" border=\"1\">\n<tbody>\n<tr>\n<td style=\"width: 31.5789%;\"><strong>POSTAVKA<\/strong><\/td>\n<td style=\"width: 67.7193%;\">FMP-966109<\/td>\n<\/tr>\n<tr>\n<td style=\"width: 31.5789%;\"><strong>Razmerje<\/strong><\/td>\n<td style=\"width: 67.7193%;\">1:1.47\/1:1.93<\/td>\n<\/tr>\n<tr>\n<td style=\"width: 31.5789%;\"><strong>Zobje<\/strong><\/td>\n<td style=\"width: 67.7193%;\">13\/19 14\/27<\/td>\n<\/tr>\n<tr>\n<td style=\"width: 31.5789%;\"><strong>Modul<\/strong><\/td>\n<td style=\"width: 67.7193%;\">\u00a07.0 \/5.5<\/td>\n<\/tr>\n<tr>\n<td style=\"width: 31.5789%;\"><strong>Mo\u010d (KM)<\/strong><\/td>\n<td style=\"width: 67.7193%;\">60<\/td>\n<\/tr>\n<tr>\n<td style=\"width: 31.5789%;\"><strong>Nazivni vhod<\/strong><\/td>\n<td style=\"width: 67.7193%;\">540 vrt\/min<\/td>\n<\/tr>\n<tr>\n<td style=\"width: 31.5789%;\"><strong>Opis vhoda\/izhoda<\/strong><\/td>\n<td style=\"width: 67.7193%;\">\u00a01 3\/8 Z6\/1 3\/4 Z20 Opti\u010dna os1 Zo\u017eeni utor<\/td>\n<\/tr>\n<tr>\n<td style=\"width: 31.5789%;\"><strong>Te\u017ea (SZ)<\/strong><\/td>\n<td style=\"width: 67.7193%;\">29 kg<\/td>\n<\/tr>\n<\/tbody>\n<\/table>\n<h2>Zasnova delov menjalnika kosilnice<\/h2>\n<p><img loading=\"lazy\" decoding=\"async\" class=\"alignnone size-full wp-image-1995\" src=\"https:\/\/fmp-components.com\/wp-content\/uploads\/2024\/12\/Lawn-Mower-Gearbox-Parts-Design.webp\" alt=\"Menjalnik kosilnice\" width=\"1000\" height=\"614\" title=\"\" srcset=\"https:\/\/fmp-components.com\/wp-content\/uploads\/2024\/12\/Lawn-Mower-Gearbox-Parts-Design.webp 1000w, https:\/\/fmp-components.com\/wp-content\/uploads\/2024\/12\/Lawn-Mower-Gearbox-Parts-Design-980x602.webp 980w, https:\/\/fmp-components.com\/wp-content\/uploads\/2024\/12\/Lawn-Mower-Gearbox-Parts-Design-480x295.webp 480w\" sizes=\"(min-width: 0px) and (max-width: 480px) 480px, (min-width: 481px) and (max-width: 980px) 980px, (min-width: 981px) 1000px, 100vw\" \/><\/p>\n<h3>Zna\u010dilnosti menjalnika kmetijske kosilnice<\/h3>\n<ol>\n<li><strong>Prilagodljiva prestavna razmerja<\/strong>Ponujamo razli\u010dna prestavna razmerja, prilagojena va\u0161im specifi\u010dnim potrebam.<\/li>\n<li><strong>Strokovni nadzor kakovosti<\/strong>Na\u0161 namenski oddelek za nadzor kakovosti uporablja napredno kontrolno opremo za zagotavljanje natan\u010dnih dimenzij, minimalnega zra\u010dnega toka in nizke ravni hrupa v vsakem menjalniku.<\/li>\n<li><strong>Zmogljivosti ODM in OEM<\/strong>Na\u0161 tehnolo\u0161ki oddelek je opremljen za na\u010drtovanje in razvoj menjalnikov po meri, ki temeljijo na va\u0161ih edinstvenih zahtevah, in nudi tako storitve proizvajalca originalne zasnove (ODM) kot tudi storitve proizvajalca originalne opreme (OEM).<\/li>\n<li><strong>Garancijsko obdobje<\/strong>Za dolgo \u017eivljenjsko dobo in zanesljivost na\u0161ih izdelkov nudimo garancijsko dobo od 1,5 do 2 let.<\/li>\n<li><strong>Obse\u017ene izku\u0161nje<\/strong>Z ve\u010d kot 20-letnimi izku\u0161njami v industriji so na\u0161i menjalniki znani po svoji varnosti, zanesljivosti, stro\u0161kovni u\u010dinkovitosti in vzdr\u017eljivosti.<\/li>\n<li><strong>Strog nadzor pakiranja in dostave<\/strong>Vsi na\u0161i delavci so visoko usposobljeni, da zagotovijo izpolnjevanje najvi\u0161jih standardov kakovosti. Vsak menjalnik pred odpremo opravi pregled 100%, kar zagotavlja brezhibno delovanje.<\/li>\n<\/ol>\n<p>Zavezani smo k zagotavljanju izjemnih dizajnov, profesionalnega nadzora kakovosti, konkuren\u010dnih cen in izjemne storitve za stranke, da bi zadostili va\u0161im potrebam.<\/p>\n<p><img loading=\"lazy\" decoding=\"async\" class=\"alignnone size-full wp-image-1994\" src=\"https:\/\/fmp-components.com\/wp-content\/uploads\/2024\/12\/Lawn-Mower-Gearbox-7.webp\" alt=\"Menjalnik kosilnice\" width=\"1502\" height=\"805\" title=\"\" srcset=\"https:\/\/fmp-components.com\/wp-content\/uploads\/2024\/12\/Lawn-Mower-Gearbox-7.webp 1502w, https:\/\/fmp-components.com\/wp-content\/uploads\/2024\/12\/Lawn-Mower-Gearbox-7-1280x686.webp 1280w, https:\/\/fmp-components.com\/wp-content\/uploads\/2024\/12\/Lawn-Mower-Gearbox-7-980x525.webp 980w, https:\/\/fmp-components.com\/wp-content\/uploads\/2024\/12\/Lawn-Mower-Gearbox-7-480x257.webp 480w\" sizes=\"(min-width: 0px) and (max-width: 480px) 480px, (min-width: 481px) and (max-width: 980px) 980px, (min-width: 981px) and (max-width: 1280px) 1280px, (min-width: 1281px) 1502px, 100vw\" \/><\/p>\n<h3>O FMP-ju<\/h3>\n<p>FMP s sede\u017eem v Italiji je vodilni proizvajalec, specializiran za visokozmogljive menjalnike za kmetijsko mehanizacijo. Znani smo po natan\u010dnem in\u017eenirstvu, inovacijah in zanesljivosti, zato ponujamo \u0161iroko paleto menjalnikov, vklju\u010dno z menjalniki kosilnic, in bistvene komponente, kot so kardanske gredi. Na\u0161e poslanstvo je zagotavljati prilagojene re\u0161itve, ki ustrezajo specifi\u010dnim potrebam kmetijskega in industrijskega sektorja, bodisi s posameznimi izdelki bodisi z integriranimi sistemi.<\/p>\n<p>Razumemo, da ima vsaka stranka edinstvene zahteve, zato smo odli\u010dni v prilagajanju na\u0161ih izdelkov tem potrebam. Ne glede na to, ali potrebujete specializiran menjalnik ali celoten sistem, tesno sodelujemo z vami, da bi vam zagotovili naju\u010dinkovitej\u0161e in najuspe\u0161nej\u0161e re\u0161itve. Na\u0161i hitri in profesionalni odzivi v kombinaciji s strokovnim svetovanjem zagotavljajo, da je vsako povpra\u0161evanje obravnavano skrbno in natan\u010dno.<\/p>\n<p>Pri FMP dajemo prednost odprti komunikaciji in sodelovanju, zlasti pri razvoju novih izdelkov. Na\u0161a ekipa sodeluje s strankami, da bi razumela njihove izzive in jim ponudila vpoglede, ki vodijo do optimalnih re\u0161itev. Zavezani smo k pravo\u010dasni dobavi visokokakovostnih, natan\u010dno izdelanih izdelkov, ne glede na to, ali gre za nove razvojne projekte ali obstoje\u010da naro\u010dila.<\/p>\n<p>Kakovost je v sredi\u0161\u010du delovanja podjetja FMP. Na\u0161i proizvodni procesi so v skladu z najvi\u0161jimi standardi, kar zagotavlja natan\u010dnost in ni\u010d napak. Strog nadzor kakovosti zagotavlja, da vsak izdelek izpolnjuje ali presega industrijske standarde. Ta zavezanost kakovosti, skupaj z na\u0161imi temeljnimi vrednotami integritete, timskega dela in vztrajnosti, nam je omogo\u010dila, da smo zgradili mo\u010dne odnose s strankami v skoraj 30 dr\u017eavah.<\/p>\n<p>FMP je vedno odprt za globalna partnerstva in ponuja strokovne nasvete ter re\u0161itve po meri. Na\u0161 pristop presega zgolj dobavo izdelkov; cilj nam je graditi dolgoro\u010dne odnose, ki vodijo do obojestranskega uspeha. Ne glede na to, ali potrebujete nove re\u0161itve ali podporo za obstoje\u010de sisteme, je FMP predan re\u0161evanju va\u0161ih tehni\u010dnih izzivov in zagotavljanju nadaljnjega uspeha.<\/p>\n<p><img loading=\"lazy\" decoding=\"async\" class=\"alignnone size-full wp-image-1861\" src=\"https:\/\/fmp-components.com\/wp-content\/uploads\/2024\/12\/Other-Agricultural-Gearboxes.webp\" sizes=\"(min-width: 0px) and (max-width: 480px) 480px, (min-width: 481px) and (max-width: 980px) 980px, (min-width: 981px) 1200px, 100vw\" srcset=\"https:\/\/fmp-components.com\/wp-content\/uploads\/2024\/12\/Other-Agricultural-Gearboxes.webp 1200w, https:\/\/fmp-components.com\/wp-content\/uploads\/2024\/12\/Other-Agricultural-Gearboxes-980x1143.webp 980w, https:\/\/fmp-components.com\/wp-content\/uploads\/2024\/12\/Other-Agricultural-Gearboxes-480x560.webp 480w\" alt=\"Altri-cambi-agricoli\" width=\"1200\" height=\"1400\" title=\"\"><\/p>\n<p>Avtor: CX<\/p>","protected":false},"excerpt":{"rendered":"<p>Agricultural Lawn Mower Gearbox FMP-966109 Specification ITEM FMP-966109 Ratio 1:1.47\/1:1.93 Teeth 13\/19 14\/27 Module \u00a07.0 \/5.5 Power(HP) 60 Rated Input 540rpm Input\/Output Description \u00a01 3\/8 Z6\/1 3\/4 Z20 Optic ax1 Taper spline Weight(N.W) 29KG Lawn Mower Gearbox Parts Design Agricultural Lawnmower Gearbox Features Customizable Transmission Ratios: We offer a variety of transmission ratios tailored to [&hellip;]<\/p>","protected":false},"featured_media":1996,"comment_status":"open","ping_status":"closed","template":"","meta":{"_et_pb_use_builder":"","_et_pb_old_content":"","_et_gb_content_width":""},"product_brand":[],"product_cat":[52],"product_tag":[],"class_list":{"0":"post-1993","1":"product","2":"type-product","3":"status-publish","4":"has-post-thumbnail","6":"product_cat-lawn-mower-gearbox","8":"first","9":"instock","10":"shipping-taxable","11":"product-type-simple"},"_links":{"self":[{"href":"https:\/\/fmp-components.com\/sl\/wp-json\/wp\/v2\/product\/1993","targetHints":{"allow":["GET"]}}],"collection":[{"href":"https:\/\/fmp-components.com\/sl\/wp-json\/wp\/v2\/product"}],"about":[{"href":"https:\/\/fmp-components.com\/sl\/wp-json\/wp\/v2\/types\/product"}],"replies":[{"embeddable":true,"href":"https:\/\/fmp-components.com\/sl\/wp-json\/wp\/v2\/comments?post=1993"}],"wp:featuredmedia":[{"embeddable":true,"href":"https:\/\/fmp-components.com\/sl\/wp-json\/wp\/v2\/media\/1996"}],"wp:attachment":[{"href":"https:\/\/fmp-components.com\/sl\/wp-json\/wp\/v2\/media?parent=1993"}],"wp:term":[{"taxonomy":"product_brand","embeddable":true,"href":"https:\/\/fmp-components.com\/sl\/wp-json\/wp\/v2\/product_brand?post=1993"},{"taxonomy":"product_cat","embeddable":true,"href":"https:\/\/fmp-components.com\/sl\/wp-json\/wp\/v2\/product_cat?post=1993"},{"taxonomy":"product_tag","embeddable":true,"href":"https:\/\/fmp-components.com\/sl\/wp-json\/wp\/v2\/product_tag?post=1993"}],"curies":[{"name":"delovni list","href":"https:\/\/api.w.org\/{rel}","templated":true}]}}