{"id":1983,"date":"2024-12-26T07:51:14","date_gmt":"2024-12-26T07:51:14","guid":{"rendered":"https:\/\/fmp-components.com\/?page_id=8"},"modified":"2024-12-30T02:49:27","modified_gmt":"2024-12-30T02:49:27","slug":"fmp-ag135-lawnmower-135-deg-gearbox-11-for-agricultural","status":"publish","type":"product","link":"https:\/\/fmp-components.com\/sl\/product\/fmp-ag135-lawnmower-135-deg-gearbox-11-for-agricultural\/","title":{"rendered":"FMP-AG135 Kosilnica 135 stopinjski menjalnik 1:1 za kmetijstvo"},"content":{"rendered":"<h2>FMP-AG135 Kosilnica z menjalnikom 135 stopinj 1:1 za kmetijske specifikacije<\/h2>\n<p><img loading=\"lazy\" decoding=\"async\" class=\"alignnone wp-image-1984\" src=\"https:\/\/fmp-components.com\/wp-content\/uploads\/2024\/12\/fmp_agricultural-gearbox-HC-AG135-1.webp\" alt=\"fmp_kmetijski-menjalnik-HC-AG135\" width=\"919\" height=\"548\" title=\"\" srcset=\"https:\/\/fmp-components.com\/wp-content\/uploads\/2024\/12\/fmp_agricultural-gearbox-HC-AG135-1.webp 919w, https:\/\/fmp-components.com\/wp-content\/uploads\/2024\/12\/fmp_agricultural-gearbox-HC-AG135-1-480x286.webp 480w\" sizes=\"(min-width: 0px) and (max-width: 480px) 480px, (min-width: 481px) 919px, 100vw\" \/><\/p>\n<table style=\"width: 99.0594%; height: 184px;\" border=\"1\">\n<tbody>\n<tr style=\"height: 23px;\">\n<td style=\"height: 23px;\">POSTAVKA<\/td>\n<td style=\"height: 23px;\">Menjalnik FMP-AG135 135 stopinj<\/td>\n<\/tr>\n<tr style=\"height: 23px;\">\n<td style=\"height: 23px;\">Razmerje<\/td>\n<td style=\"height: 23px;\">1:1<\/td>\n<\/tr>\n<tr style=\"height: 23px;\">\n<td style=\"height: 23px;\">Zobje<\/td>\n<td style=\"height: 23px;\">20\/20<\/td>\n<\/tr>\n<tr style=\"height: 23px;\">\n<td style=\"height: 23px;\">Modul<\/td>\n<td style=\"height: 23px;\">6.0<\/td>\n<\/tr>\n<tr style=\"height: 23px;\">\n<td style=\"height: 23px;\">Mo\u010d (KM)<\/td>\n<td style=\"height: 23px;\">50<\/td>\n<\/tr>\n<tr style=\"height: 23px;\">\n<td style=\"height: 23px;\">Nazivni vhod<\/td>\n<td style=\"height: 23px;\">540 vrt\/min<\/td>\n<\/tr>\n<tr style=\"height: 23px;\">\n<td style=\"height: 23px;\">Opis vhoda\/izhoda<\/td>\n<td style=\"height: 23px;\">\u00a01 3\/8 Z6 Sto\u017e\u010dasta osnova enakomerna zobata gred<\/td>\n<\/tr>\n<tr style=\"height: 23px;\">\n<td style=\"height: 23px;\">Te\u017ea (SZ)<\/td>\n<td style=\"height: 23px;\">16,5 kg<\/td>\n<\/tr>\n<\/tbody>\n<\/table>\n<h3>Zna\u010dilnosti menjalnika kosilnice<\/h3>\n<p>Menjalniki kosilnic so bistveni sestavni deli, ki poganjajo rezila in zagotavljajo u\u010dinkovito in dosledno delovanje kosilnice. Tukaj so klju\u010dne lastnosti, zaradi katerih so ti menjalniki u\u010dinkoviti in zanesljivi pri razli\u010dnih ko\u0161nji:<\/p>\n<h4>Vzdr\u017eljivost in robustnost<\/h4>\n<p>Menjalniki kosilnic so zasnovani tako, da prenesejo velike obremenitve in neprekinjeno delovanje, ki je potrebno v zunanjem okolju. Izdelani so iz visokokakovostnih materialov, kot je kaljeno jeklo, zato so vzdr\u017eljivi in \u200b\u200bodporni proti obrabi, kar zagotavlja dolgoro\u010dno zanesljivost tudi v te\u017ekih pogojih.<\/p>\n<h4>Natan\u010dna zasnova zobnikov<\/h4>\n<p>Ti menjalniki imajo natan\u010dno zasnovane zobnike, ki zagotavljajo gladek in u\u010dinkovit prenos mo\u010di na rezila kosilnice. Natan\u010dna zasnova zagotavlja minimalno trenje, zmanj\u0161uje izgubo energije in izbolj\u0161uje delovanje rezalnega sistema, kar ima za posledico \u010distej\u0161e ko\u0161nje in manj\u0161o porabo goriva.<\/p>\n<h4>Visoka navorna zmogljivost<\/h4>\n<p>Menjalniki kosilnic so zasnovani tako, da prenesejo visoke navore, potrebne za u\u010dinkovito poganjanje rezil kosilnice. Ne glede na to, ali gre za rotacijske kosilnice ali industrijske modele, lahko ti menjalniki u\u010dinkovito prenesejo potrebno mo\u010d, kar omogo\u010da rezilom, da re\u017eejo gosto travo, plevel in drugo trdo rastlinje.<\/p>\n<h4>Kompakten in lahek<\/h4>\n<p>Kljub svoji mo\u010di in vzdr\u017eljivosti so menjalniki kosilnic zasnovani tako, da so kompaktni in lahki. Zaradi tega jih je la\u017eje namestiti, vzdr\u017eevati in upravljati, ne da bi pri tem nepotrebno pove\u010dali te\u017eo opreme, kar lahko izbolj\u0161a okretnost in u\u010dinkovitost porabe goriva.<\/p>\n<h4>Odpornost proti koroziji in vremenskim vplivom<\/h4>\n<p>Glede na to, da se kosilnice obi\u010dajno uporabljajo na prostem, so menjalniki opremljeni z elementi, ki prepre\u010dujejo rjavenje in korozijo. \u0160tevilni menjalniki kosilnic so obdelani z za\u0161\u010ditnimi premazi ali izdelani iz materialov, odpornih proti koroziji, da se zagotovi optimalno delovanje v razli\u010dnih vremenskih razmerah, kot so de\u017e, vlaga in ekstremne temperature.<\/p>\n<p>Menjalniki kosilnic zdru\u017eujejo mo\u010d, natan\u010dnost in u\u010dinkovitost za u\u010dinkovito delovanje sistemov ko\u0161nje. Zasnovani so za vzdr\u017eljivost, nizko vzdr\u017eevanje in visoko zmogljivost, zaradi \u010desar so bistveni del sodobne opreme za ko\u0161njo. Ne glede na to, ali gre za stanovanjsko ali komercialno uporabo, pravi menjalnik zagotavlja optimalno zmogljivost ko\u0161nje in dolgo \u017eivljenjsko dobo opreme.<\/p>\n<p><img loading=\"lazy\" decoding=\"async\" class=\"alignnone wp-image-1985\" src=\"https:\/\/fmp-components.com\/wp-content\/uploads\/2024\/12\/Lawn-Mower-Gearbox-1-1.webp\" alt=\"Menjalnik kosilnice\" width=\"943\" height=\"630\" title=\"\" srcset=\"https:\/\/fmp-components.com\/wp-content\/uploads\/2024\/12\/Lawn-Mower-Gearbox-1-1.webp 943w, https:\/\/fmp-components.com\/wp-content\/uploads\/2024\/12\/Lawn-Mower-Gearbox-1-1-480x321.webp 480w\" sizes=\"(min-width: 0px) and (max-width: 480px) 480px, (min-width: 481px) 943px, 100vw\" \/><\/p>\n<h3>O FMP-ju<\/h3>\n<p>FMP s sede\u017eem v Italiji je vodilni proizvajalec, specializiran za na\u010drtovanje, razvoj in proizvodnjo visokozmogljivih menjalnikov za kmetijsko mehanizacijo. Znani smo po natan\u010dnem in\u017eeniringu, inovacijah in zanesljivosti ter ponujamo \u0161iroko paleto menjalnikov, vklju\u010dno s tistimi za kosilnice, skupaj z bistvenimi komponentami, kot so kardanske gredi. Na\u0161e poslanstvo je zagotavljati prilagojene re\u0161itve, ki ustrezajo specifi\u010dnim potrebam tako kmetijskega kot industrijskega sektorja, bodisi s posameznimi izdelki bodisi s popolnoma integriranimi sistemi.<\/p>\n<p>Pri FMP razumemo, da ima vsaka stranka edinstvene zahteve, zato smo predani prilagajanju na\u0161ih izdelkov temu primerno. Ne glede na to, ali potrebujete specializiran menjalnik ali celoten sistem, tesno sodelujemo z vami, da bi vam zagotovili naju\u010dinkovitej\u0161o in najuspe\u0161nej\u0161o re\u0161itev. Ponosni smo na to, da zagotavljamo hitre in profesionalne odgovore ter zagotavljamo, da je vsako povpra\u0161evanje obravnavano z najve\u010djim strokovnim znanjem in pozornostjo do podrobnosti.<\/p>\n<p>Odprta komunikacija in sodelovanje sta temeljna za na\u0161 pristop, zlasti pri razvoju novih izdelkov. Na\u0161a ekipa tesno sodeluje s strankami, da bi temeljito razumela njihove izzive in jim zagotovila dragocene vpoglede, ki vodijo do optimalnih re\u0161itev. Od razvoja novih izdelkov do izpolnjevanja obstoje\u010dih naro\u010dil smo zavezani k zagotavljanju visokokakovostnih, natan\u010dno izdelanih izdelkov s hitrostjo in natan\u010dnostjo.<\/p>\n<p>Kakovost je v sredi\u0161\u010du vsega, kar po\u010dnemo. Na\u0161i proizvodni procesi temeljijo na na\u010delih visokih standardov, natan\u010dnosti in ni\u010delne napake. Izvajamo stroge ukrepe nadzora kakovosti, da zagotovimo, da vsak izdelek presega industrijske standarde. Ta neomajna osredoto\u010denost na kakovost, skupaj z na\u0161imi vrednotami integritete, timskega dela in vztrajnosti, nam je omogo\u010dila, da smo zgradili trajne odnose s strankami v skoraj 30 dr\u017eavah po vsem svetu.<\/p>\n<p>FMP je vedno odprt za globalna partnerstva in je zavezan k ponujanju strokovnih nasvetov in re\u0161itev po meri. Na\u0161a filozofija presega zgolj zagotavljanje izdelkov \u2013 gre za gradnjo dolgoro\u010dnih odnosov, ki zagotavljajo obojestranski uspeh. Ne glede na to, ali potrebujete re\u0161itve za nov projekt ali podporo za obstoje\u010di sistem, je FMP predan re\u0161evanju va\u0161ih tehni\u010dnih izzivov in zagotavljanju va\u0161ega nadaljnjega uspeha.<\/p>\n<p><img loading=\"lazy\" decoding=\"async\" class=\"alignnone size-full wp-image-1861\" src=\"https:\/\/fmp-components.com\/wp-content\/uploads\/2024\/12\/Other-Agricultural-Gearboxes.webp\" sizes=\"(min-width: 0px) and (max-width: 480px) 480px, (min-width: 481px) and (max-width: 980px) 980px, (min-width: 981px) 1200px, 100vw\" srcset=\"https:\/\/fmp-components.com\/wp-content\/uploads\/2024\/12\/Other-Agricultural-Gearboxes.webp 1200w, https:\/\/fmp-components.com\/wp-content\/uploads\/2024\/12\/Other-Agricultural-Gearboxes-980x1143.webp 980w, https:\/\/fmp-components.com\/wp-content\/uploads\/2024\/12\/Other-Agricultural-Gearboxes-480x560.webp 480w\" alt=\"Altri-cambi-agricoli\" width=\"1200\" height=\"1400\" title=\"\"><\/p>\n<p>Avtor: CX<\/p>","protected":false},"excerpt":{"rendered":"<p>FMP-AG135 Lawnmower 135 deg gearbox 1:1 for Agricultural Specification ITEM FMP-AG135 135 deg gearbox Ratio 1:1 Teeth 20\/20 Module 6.0 Power\uff08HP\uff09 50 Rated Input 540rpm Input\/Output description \u00a01 3\/8 Z6 Cone base aequilate Spline Shaft Weight\uff08N.W\uff09 16.5Kg Features of Lawn Mower Gearbox Lawn mower gearboxes are essential components that drive the cutting blades, ensuring efficient [&hellip;]<\/p>","protected":false},"featured_media":2078,"comment_status":"open","ping_status":"closed","template":"","meta":{"_et_pb_use_builder":"","_et_pb_old_content":"","_et_gb_content_width":""},"product_brand":[],"product_cat":[52],"product_tag":[],"class_list":{"0":"post-1983","1":"product","2":"type-product","3":"status-publish","4":"has-post-thumbnail","6":"product_cat-lawn-mower-gearbox","8":"first","9":"instock","10":"shipping-taxable","11":"product-type-simple"},"_links":{"self":[{"href":"https:\/\/fmp-components.com\/sl\/wp-json\/wp\/v2\/product\/1983","targetHints":{"allow":["GET"]}}],"collection":[{"href":"https:\/\/fmp-components.com\/sl\/wp-json\/wp\/v2\/product"}],"about":[{"href":"https:\/\/fmp-components.com\/sl\/wp-json\/wp\/v2\/types\/product"}],"replies":[{"embeddable":true,"href":"https:\/\/fmp-components.com\/sl\/wp-json\/wp\/v2\/comments?post=1983"}],"wp:featuredmedia":[{"embeddable":true,"href":"https:\/\/fmp-components.com\/sl\/wp-json\/wp\/v2\/media\/2078"}],"wp:attachment":[{"href":"https:\/\/fmp-components.com\/sl\/wp-json\/wp\/v2\/media?parent=1983"}],"wp:term":[{"taxonomy":"product_brand","embeddable":true,"href":"https:\/\/fmp-components.com\/sl\/wp-json\/wp\/v2\/product_brand?post=1983"},{"taxonomy":"product_cat","embeddable":true,"href":"https:\/\/fmp-components.com\/sl\/wp-json\/wp\/v2\/product_cat?post=1983"},{"taxonomy":"product_tag","embeddable":true,"href":"https:\/\/fmp-components.com\/sl\/wp-json\/wp\/v2\/product_tag?post=1983"}],"curies":[{"name":"delovni list","href":"https:\/\/api.w.org\/{rel}","templated":true}]}}