{"id":1978,"date":"2024-12-26T07:41:22","date_gmt":"2024-12-26T07:41:22","guid":{"rendered":"https:\/\/fmp-components.com\/?page_id=8"},"modified":"2024-12-26T07:41:22","modified_gmt":"2024-12-26T07:41:22","slug":"fmp-bgb9-lawn-mower-gearbox-for-agricultural-lawn-mower","status":"publish","type":"product","link":"https:\/\/fmp-components.com\/sl\/product\/fmp-bgb9-lawn-mower-gearbox-for-agricultural-lawn-mower\/","title":{"rendered":"Menjalnik kosilnice FMP-BGB9 za kmetijsko kosilnico"},"content":{"rendered":"<p><img loading=\"lazy\" decoding=\"async\" class=\"alignnone size-full wp-image-1981\" src=\"https:\/\/fmp-components.com\/wp-content\/uploads\/2024\/12\/FMP_agricultural-gearbox-HC-LF211-1.webp\" alt=\"FMP_kmetijski-menjalnik-HC-LF211-1\" width=\"1000\" height=\"500\" title=\"\" srcset=\"https:\/\/fmp-components.com\/wp-content\/uploads\/2024\/12\/FMP_agricultural-gearbox-HC-LF211-1.webp 1000w, https:\/\/fmp-components.com\/wp-content\/uploads\/2024\/12\/FMP_agricultural-gearbox-HC-LF211-1-980x490.webp 980w, https:\/\/fmp-components.com\/wp-content\/uploads\/2024\/12\/FMP_agricultural-gearbox-HC-LF211-1-480x240.webp 480w\" sizes=\"(min-width: 0px) and (max-width: 480px) 480px, (min-width: 481px) and (max-width: 980px) 980px, (min-width: 981px) 1000px, 100vw\" \/><\/p>\n<h2>Specifikacija menjalnika kmetijske kosilnice<\/h2>\n<table style=\"width: 92.9372%; height: 200px;\" border=\"1\" cellspacing=\"0\" cellpadding=\"0\">\n<tbody>\n<tr style=\"height: 27px;\">\n<td style=\"width: 32.0166%; height: 27px;\">POSTAVKA<\/td>\n<td style=\"width: 67.8794%; height: 27px;\">Menjalnik kosilnice FMP-BGB9<\/td>\n<\/tr>\n<tr style=\"height: 27px;\">\n<td style=\"width: 32.0166%; height: 27px;\">Razmerje<\/td>\n<td style=\"width: 67.8794%; height: 27px;\">1:1 \/ 1:1.35 \/ 1:1.46 \/ 1:2<\/td>\n<\/tr>\n<tr style=\"height: 27px;\">\n<td style=\"width: 32.0166%; height: 27px;\">Zobje<\/td>\n<td style=\"width: 67.8794%; height: 27px;\">16\/16\u00a0 23\/17\u00a0 22\/15 15\/30<\/td>\n<\/tr>\n<tr style=\"height: 27px;\">\n<td style=\"width: 32.0166%; height: 27px;\">Modul<\/td>\n<td style=\"width: 67.8794%; height: 27px;\">6.35 \/\u00a0 5.0 \/ 5.0 \/ 3.5<\/td>\n<\/tr>\n<tr style=\"height: 27px;\">\n<td style=\"width: 32.0166%; height: 27px;\">Mo\u010d (KM)<\/td>\n<td style=\"width: 67.8794%; height: 27px;\">30<\/td>\n<\/tr>\n<tr style=\"height: 27px;\">\n<td style=\"width: 32.0166%; height: 27px;\">Nazivni vhod<\/td>\n<td style=\"width: 67.8794%; height: 27px;\">540 vrt\/min<\/td>\n<\/tr>\n<tr style=\"height: 27px;\">\n<td style=\"width: 32.0166%; height: 27px;\">Opis vhoda\/izhoda<\/td>\n<td style=\"width: 67.8794%; height: 27px;\">1 3\/8 Z6 13\/8 Z6 Opti\u010dna os<\/td>\n<\/tr>\n<tr style=\"height: 27px;\">\n<td style=\"width: 32.0166%; height: 27px;\">Te\u017ea (SZ)<\/td>\n<td style=\"width: 67.8794%; height: 27px;\">23 kg<\/td>\n<\/tr>\n<\/tbody>\n<\/table>\n<h3>Menjalnik kosilnice za kmetijsko uporabo<\/h3>\n<p>Menjalnik kosilnice je bistvenega pomena za prenos mo\u010di iz motorja na rezila kmetijskih kosilnic. Zagotavlja u\u010dinkovito delovanje, zaradi \u010desar je ko\u0161nja hitrej\u0161a in bolj gladka. Tukaj je pregled klju\u010dnih lastnosti in prednosti:<\/p>\n<h3>Klju\u010dne lastnosti:<\/h3>\n<ul>\n<li><strong>Prenos mo\u010di:<\/strong> Prena\u0161a mo\u010d motorja na rezila kosilnice, kar omogo\u010da u\u010dinkovito ko\u0161njo.<\/li>\n<li><strong>Vzdr\u017eljivost:<\/strong> Ti menjalniki so izdelani iz visoko trdnih materialov, kot je jeklo, zato prenesejo te\u017eke kmetijske pogoje.<\/li>\n<li><strong>Nadzor hitrosti in navora:<\/strong> Ponuja razli\u010dna prestavna razmerja za optimalno delovanje ko\u0161nje na razli\u010dnih terenih.<\/li>\n<li><strong>Varnostne funkcije:<\/strong> Opremljen s sklopkami za preobremenitev in za\u0161\u010dito pred preobremenitvijo za prepre\u010devanje po\u0161kodb in zagotavljanje varnosti.<\/li>\n<li><strong>Prilagoditev:<\/strong> Prilagodljivo glede dol\u017eine, navora in sklopke za izpolnjevanje posebnih zahtev kosilnice.<\/li>\n<li><strong>Vsestranskost:<\/strong> Primerno za rotacijske kosilnice, mul\u010darje in drugo kmetijsko opremo.<\/li>\n<li><strong>Stro\u0161kovno u\u010dinkovito:<\/strong> Zmanj\u0161uje \u010das izpada in stro\u0161ke popravil ter zagotavlja nemoteno delovanje.<\/li>\n<\/ul>\n<h3>Uporaba:<\/h3>\n<ul>\n<li><strong>Rotacijske kosilnice:<\/strong> Za u\u010dinkovito ko\u0161njo trave, priklju\u010dena preko kardanske gredi.<\/li>\n<li><strong>Kosilnice z mul\u010darjem:<\/strong> Zagotavlja gladko vrtenje za drobljenje in ko\u0161njo raznolike vegetacije.<\/li>\n<li><strong>Kosilnice s sede\u017eem in kosilnice z ni\u010delnim obra\u010danjem:<\/strong> Zagotavlja enakomeren prenos mo\u010di za ko\u0161njo na velikih povr\u0161inah.<\/li>\n<li><strong>Kosilnice za kosilnice:<\/strong> Optimizira hitrost rezila za \u010diste reze, tudi na neravnih tleh.<\/li>\n<\/ul>\n<h3>Prednosti:<\/h3>\n<ul>\n<li><strong>Izbolj\u0161ano rezanje:<\/strong> Enakomerna hitrost rezila za \u010dist in enakomeren rez.<\/li>\n<li><strong>Izkoristek goriva:<\/strong> Optimizira porabo energije in s tem izbolj\u0161a u\u010dinkovitost porabe goriva.<\/li>\n<li><strong>Dalj\u0161a \u017eivljenjska doba opreme:<\/strong> Trpe\u017ena zasnova podalj\u0161a \u017eivljenjsko dobo kosilnice.<\/li>\n<li><strong>Nizko vzdr\u017eevanje:<\/strong> Zahteva minimalno vzdr\u017eevanje, kar skraj\u0161a \u010das izpada.<\/li>\n<li><strong>Pove\u010dana varnost:<\/strong> Prepre\u010duje po\u0161kodbe z varnostnimi funkcijami in zmanj\u0161uje tveganje za upravljavca.<\/li>\n<\/ul>\n<h3>Zakaj izbrati FMP:<\/h3>\n<p>FMP izdeluje visokokakovostne menjalnike za kosilnice, zasnovane za vzdr\u017eljivost, zanesljivost in zmogljivost. Ne glede na to, ali potrebujete standardno ali prilagojeno re\u0161itev, FMP ponuja popoln menjalnik za kmetijske kosilnice, ki zagotavlja u\u010dinkovito delovanje in dolgotrajno zmogljivost.<\/p>\n<p>Menjalniki za kosilnice FMP ponujajo vzdr\u017eljivost, natan\u010dnost in u\u010dinkovitost, zaradi \u010desar so idealni za ko\u0161njo v kmetijstvu. Zaupajte FMP za prilagojene, visokozmogljive menjalnike, prilagojene va\u0161im potrebam.<\/p>\n<p><img loading=\"lazy\" decoding=\"async\" class=\"alignnone size-full wp-image-1871\" src=\"https:\/\/fmp-components.com\/wp-content\/uploads\/2024\/12\/Differences-Between-Rotary-Mower-Gearbox-and-Flail-Mower-Gearbox-2.webp\" alt=\"Razlike med menjalnikom rotacijske kosilnice in menjalnikom mul\u010darske kosilnice 2\" width=\"1000\" height=\"600\" title=\"\" srcset=\"https:\/\/fmp-components.com\/wp-content\/uploads\/2024\/12\/Differences-Between-Rotary-Mower-Gearbox-and-Flail-Mower-Gearbox-2.webp 1000w, https:\/\/fmp-components.com\/wp-content\/uploads\/2024\/12\/Differences-Between-Rotary-Mower-Gearbox-and-Flail-Mower-Gearbox-2-980x588.webp 980w, https:\/\/fmp-components.com\/wp-content\/uploads\/2024\/12\/Differences-Between-Rotary-Mower-Gearbox-and-Flail-Mower-Gearbox-2-480x288.webp 480w\" sizes=\"(min-width: 0px) and (max-width: 480px) 480px, (min-width: 481px) and (max-width: 980px) 980px, (min-width: 981px) 1000px, 100vw\" \/><\/p>\n<h3>O FMP-ju<\/h3>\n<p>FMP s sede\u017eem v Italiji je vodilni proizvajalec, specializiran za na\u010drtovanje, razvoj in proizvodnjo visokozmogljivih menjalnikov za kmetijsko mehanizacijo. Znani smo po natan\u010dnem in\u017eeniringu, inovativnosti in zanesljivosti, zato ponujamo \u0161iroko paleto menjalnikov, vklju\u010dno s tistimi za kosilnice, ter bistvene komponente, kot so kardanske gredi. Na\u0161 cilj je ponuditi prilagojene re\u0161itve, ki ustrezajo specifi\u010dnim potrebam kmetijskega in industrijskega sektorja, bodisi s posameznimi izdelki bodisi s popolnoma integriranimi sistemi.<\/p>\n<p>Pri FMP razumemo, da ima vsaka stranka edinstvene zahteve. To nas spodbuja k prilagajanju na\u0161ih izdelkov tem specifi\u010dnim potrebam. Ne glede na to, ali potrebujete specializiran menjalnik ali celoten sistem, tesno sodelujemo z vami, da bi razvili naju\u010dinkovitej\u0161o in najuspe\u0161nej\u0161o re\u0161itev. Ponosni smo na to, da zagotavljamo hitre in profesionalne odgovore ter zagotavljamo, da je vsako povpra\u0161evanje obravnavano strokovno in natan\u010dno.<\/p>\n<p>Velik pomen dajemo odprti in stalni komunikaciji z na\u0161imi strankami, zlasti ko gre za razvoj novih izdelkov. Na\u0161a predana ekipa sodeluje s strankami, da bi v celoti razumela njihove izzive in ponudila dragocene vpoglede, ki vodijo do optimalnih re\u0161itev. Od razvoja novih izdelkov do izpolnjevanja obstoje\u010dih naro\u010dil smo zavezani k zagotavljanju visokokakovostnih, natan\u010dno izdelanih izdelkov, tako hitro kot natan\u010dno.<\/p>\n<p>Kakovost je temelj vsega, kar po\u010dnemo pri FMP. Na\u0161i proizvodni procesi temeljijo na na\u010delih visokih standardov, natan\u010dnosti in ni\u010delne napake. Uporabljamo stroge postopke nadzora kakovosti, da zagotovimo, da vsak izdelek presega industrijske standarde. Ta neomajna zavezanost kakovosti, skupaj z na\u0161imi vrednotami integritete, timskega dela in vztrajnosti, nam je omogo\u010dila, da smo zgradili trajne odnose s strankami v skoraj 30 dr\u017eavah po vsem svetu.<\/p>\n<p>FMP je vedno odprt za sklepanje globalnih partnerstev in z veseljem nudi strokovne nasvete ter re\u0161itve po meri. Na\u0161 pristop presega zgolj zagotavljanje izdelkov \u2013 zavezani smo k spodbujanju dolgoro\u010dnih odnosov z na\u0161imi strankami in zagotavljanju njihovega uspeha pri vsakem projektu. Ne glede na to, ali i\u0161\u010dete re\u0161itve za novo pobudo ali potrebujete podporo za obstoje\u010di sistem, je FMP tukaj, da re\u0161i va\u0161e tehni\u010dne izzive in vam pomaga zagotoviti nadaljnji uspeh.<\/p>\n<p><img loading=\"lazy\" decoding=\"async\" class=\"alignnone size-full wp-image-1861\" src=\"https:\/\/fmp-components.com\/wp-content\/uploads\/2024\/12\/Other-Agricultural-Gearboxes.webp\" sizes=\"(min-width: 0px) and (max-width: 480px) 480px, (min-width: 481px) and (max-width: 980px) 980px, (min-width: 981px) 1200px, 100vw\" srcset=\"https:\/\/fmp-components.com\/wp-content\/uploads\/2024\/12\/Other-Agricultural-Gearboxes.webp 1200w, https:\/\/fmp-components.com\/wp-content\/uploads\/2024\/12\/Other-Agricultural-Gearboxes-980x1143.webp 980w, https:\/\/fmp-components.com\/wp-content\/uploads\/2024\/12\/Other-Agricultural-Gearboxes-480x560.webp 480w\" alt=\"Altri-cambi-agricoli\" width=\"1200\" height=\"1400\" title=\"\"><\/p>\n<p>Avtor: CX<\/p>","protected":false},"excerpt":{"rendered":"<p>Agricultural Lawnmower Gearbox Specification ITEM FMP-BGB9 Lawn mower gearbox Ratio 1:1 \/ 1:1.35 \/ 1:1.46 \/ 1:2 Teeth 16\/16\u00a0 23\/17\u00a0 22\/15 15\/30 Module 6.35 \/\u00a0 5.0 \/ 5.0 \/ 3.5 Power\uff08HP\uff09 30 Rated Input 540rpm Input\/Output description 1 3\/8 Z6 13\/8 Z6 OPtic axis Weight\uff08N.W\uff09 23Kg Lawn Mower Gearbox for Agricultural Use A lawn mower [&hellip;]<\/p>","protected":false},"featured_media":1982,"comment_status":"open","ping_status":"closed","template":"","meta":{"_et_pb_use_builder":"","_et_pb_old_content":"","_et_gb_content_width":""},"product_brand":[],"product_cat":[52],"product_tag":[],"class_list":{"0":"post-1978","1":"product","2":"type-product","3":"status-publish","4":"has-post-thumbnail","6":"product_cat-lawn-mower-gearbox","8":"first","9":"instock","10":"shipping-taxable","11":"product-type-simple"},"_links":{"self":[{"href":"https:\/\/fmp-components.com\/sl\/wp-json\/wp\/v2\/product\/1978","targetHints":{"allow":["GET"]}}],"collection":[{"href":"https:\/\/fmp-components.com\/sl\/wp-json\/wp\/v2\/product"}],"about":[{"href":"https:\/\/fmp-components.com\/sl\/wp-json\/wp\/v2\/types\/product"}],"replies":[{"embeddable":true,"href":"https:\/\/fmp-components.com\/sl\/wp-json\/wp\/v2\/comments?post=1978"}],"wp:featuredmedia":[{"embeddable":true,"href":"https:\/\/fmp-components.com\/sl\/wp-json\/wp\/v2\/media\/1982"}],"wp:attachment":[{"href":"https:\/\/fmp-components.com\/sl\/wp-json\/wp\/v2\/media?parent=1978"}],"wp:term":[{"taxonomy":"product_brand","embeddable":true,"href":"https:\/\/fmp-components.com\/sl\/wp-json\/wp\/v2\/product_brand?post=1978"},{"taxonomy":"product_cat","embeddable":true,"href":"https:\/\/fmp-components.com\/sl\/wp-json\/wp\/v2\/product_cat?post=1978"},{"taxonomy":"product_tag","embeddable":true,"href":"https:\/\/fmp-components.com\/sl\/wp-json\/wp\/v2\/product_tag?post=1978"}],"curies":[{"name":"delovni list","href":"https:\/\/api.w.org\/{rel}","templated":true}]}}