{"id":1973,"date":"2024-12-26T05:53:04","date_gmt":"2024-12-26T05:53:04","guid":{"rendered":"https:\/\/fmp-components.com\/?page_id=8"},"modified":"2024-12-26T07:47:18","modified_gmt":"2024-12-26T07:47:18","slug":"mower-gearboxes-replacement-of-comer-code-tl-312d","status":"publish","type":"product","link":"https:\/\/fmp-components.com\/sl\/product\/mower-gearboxes-replacement-of-comer-code-tl-312d\/","title":{"rendered":"Menjalniki kosilnic \u2013 zamenjava kode Comer TL-312D"},"content":{"rendered":"<p><img loading=\"lazy\" decoding=\"async\" class=\"size-full wp-image-1974 aligncenter\" src=\"https:\/\/fmp-components.com\/wp-content\/uploads\/2024\/12\/Mower-Gearboxes-\u2013-Replacement-of-Comer-Code-TL-312D.webp\" alt=\"Menjalniki kosilnic \u2013 zamenjava kode Comer TL-312D\" width=\"500\" height=\"500\" title=\"\" srcset=\"https:\/\/fmp-components.com\/wp-content\/uploads\/2024\/12\/Mower-Gearboxes-\u2013-Replacement-of-Comer-Code-TL-312D.webp 500w, https:\/\/fmp-components.com\/wp-content\/uploads\/2024\/12\/Mower-Gearboxes-\u2013-Replacement-of-Comer-Code-TL-312D-300x300.webp 300w, https:\/\/fmp-components.com\/wp-content\/uploads\/2024\/12\/Mower-Gearboxes-\u2013-Replacement-of-Comer-Code-TL-312D-150x150.webp 150w, https:\/\/fmp-components.com\/wp-content\/uploads\/2024\/12\/Mower-Gearboxes-\u2013-Replacement-of-Comer-Code-TL-312D-12x12.webp 12w, https:\/\/fmp-components.com\/wp-content\/uploads\/2024\/12\/Mower-Gearboxes-\u2013-Replacement-of-Comer-Code-TL-312D-480x480.webp 480w, https:\/\/fmp-components.com\/wp-content\/uploads\/2024\/12\/Mower-Gearboxes-\u2013-Replacement-of-Comer-Code-TL-312D-100x100.webp 100w\" sizes=\"(max-width: 500px) 100vw, 500px\" \/><\/p>\n<h2>Menjalniki kosilnic \u2013 zamenjava specifikacije Comer Code TL-312D<\/h2>\n<table style=\"width: 100%;\" border=\"1\" width=\"100%\" cellspacing=\"0\" cellpadding=\"0\">\n<tbody>\n<tr>\n<th>Opis<\/th>\n<td>Menjalniki kosilnic \u2013 zamenjava kode Comer TL-312D<\/td>\n<\/tr>\n<tr>\n<th>Uporaba<\/th>\n<td>Kosilnice<\/td>\n<\/tr>\n<tr>\n<th>Sestavljen je iz<\/th>\n<td>Menjalnik<\/td>\n<\/tr>\n<tr>\n<th>Brez olja<\/th>\n<td>Tehni\u010dne informacije<\/td>\n<\/tr>\n<tr>\n<th><\/th>\n<td>\u010ce imate kakr\u0161na koli vpra\u0161anja glede delovanja pri razli\u010dnih hitrostih, nas prosimo kontaktirajte.<\/td>\n<\/tr>\n<tr>\n<th><\/th>\n<td>Pri prvi uporabi zamenjajte olje po 50 obratovalnih urah.<\/td>\n<\/tr>\n<tr>\n<th>Vsebuje olje<\/th>\n<td>Ne<\/td>\n<\/tr>\n<tr>\n<th>Najve\u010dja prostornina olja<\/th>\n<td>1,5 l<\/td>\n<\/tr>\n<tr>\n<th>Najdalj\u0161i interval menjave olja<\/th>\n<td>500 ur<\/td>\n<\/tr>\n<tr>\n<th>Stopnja viskoznosti olja SAE<\/th>\n<td>80W-90<\/td>\n<\/tr>\n<tr>\n<th>Material ohi\u0161ja<\/th>\n<td>Lito \u017eelezo GG25<\/td>\n<\/tr>\n<tr>\n<th>Te\u017ea<\/th>\n<td>27 kg<\/td>\n<\/tr>\n<tr>\n<th>Pove\u010danje razporeditve zobnikov<\/th>\n<td>21-22<\/td>\n<\/tr>\n<tr>\n<th>Vhodna mo\u010d kW \/ KM Nara\u0161\u010da<\/th>\n<td>76,5 \/ 104 kW\/KM<\/td>\n<\/tr>\n<tr>\n<th>Vhodna gred se pove\u010duje<\/th>\n<td>X<\/td>\n<\/tr>\n<tr>\n<th>Izhodni navor DaNm se pove\u010duje<\/th>\n<td>42,7 daNm<\/td>\n<\/tr>\n<tr>\n<th>Pove\u010danje razmerja<\/th>\n<td>1 : 1.6<\/td>\n<\/tr>\n<tr>\n<th>Zmanj\u0161anje razmerja<\/th>\n<td>1.6 : 1<\/td>\n<\/tr>\n<tr>\n<th>Gred X<\/th>\n<td>1 3\/8\u2033 (6) (A)<\/td>\n<\/tr>\n<tr>\n<th>Gred Z<\/th>\n<td>33 h7 (B)<\/td>\n<\/tr>\n<\/tbody>\n<\/table>\n<h3>Prednosti menjalnikov kosilnic<\/h3>\n<p>Menjalniki kosilnic so bistveni sestavni deli strojev za ko\u0161njo trave in vrtov, saj prena\u0161ajo mo\u010d iz traktorja ali motorja na rezila kosilnice. Ti menjalniki igrajo klju\u010dno vlogo pri zagotavljanju u\u010dinkovitega, uspe\u0161nega in zanesljivega delovanja kosilnic. Spodaj je navedenih nekaj klju\u010dnih prednosti uporabe visokokakovostnih menjalnikov kosilnic:<\/p>\n<h4>U\u010dinkovit prenos mo\u010di<\/h4>\n<p>Menjalniki kosilnic so zasnovani tako, da zagotavljajo u\u010dinkovit prenos mo\u010di iz motorja traktorja na rezila kosilnice. Ta u\u010dinkovit prenos mo\u010di pomaga ohranjati pravilno hitrost in navor rezil, kar zagotavlja optimalno zmogljivost ko\u0161nje. Ne glede na to, ali gre za rotacijsko kosilnico ali vrtno kosilnico, u\u010dinkovit prenos mo\u010di zagotavlja, da rezila enakomerno re\u017eejo travo, kar ima za posledico \u010disto in enakomerno ko\u0161njo.<\/p>\n<h4>Vzdr\u017eljivost in dolgo\u017eivost<\/h4>\n<p>Visokokakovostni menjalniki kosilnic so izdelani tako, da prenesejo te\u017eke delovne pogoje in intenzivno uporabo. Izdelani so iz trpe\u017enih materialov, kot so visokokakovostno jeklo in aluminijeve zlitine, zato so odporni na obrabo, korozijo in vro\u010dino. To zagotavlja, da menjalniki kosilnic delujejo gladko in zanesljivo dlje \u010dasa, kar zmanj\u0161uje potrebo po pogostih popravilih ali zamenjavah. Njihova robustnost je klju\u010dnega pomena za ohranjanje optimalne zmogljivosti pri zahtevnih kmetijskih, krajinskih in industrijskih aplikacijah.<\/p>\n<h4>Zmanj\u0161ane zahteve glede vzdr\u017eevanja<\/h4>\n<p>Menjalniki kosilnic so zasnovani za delovanje z malo vzdr\u017eevanja. Z ustreznim mazanjem in trpe\u017eno konstrukcijo se manj obrabljajo v primerjavi z drugimi mehanskimi komponentami. To vodi do manj\u0161ega \u0161tevila okvar in zmanj\u0161uje skupne stro\u0161ke vzdr\u017eevanja. Z minimalnim vzdr\u017eevanjem ti menjalniki zagotavljajo nemoteno delovanje kosilnice, kar zagotavlja dalj\u0161i \u010das delovanja in produktivnost.<\/p>\n<h4>Izbolj\u0161ana zmogljivost rezanja<\/h4>\n<p>Menjalnik igra klju\u010dno vlogo pri zagotavljanju, da se rezila kosilnice vrtijo s pravilno hitrostjo in navorom, kar je bistveno za u\u010dinkovito ko\u0161njo. Ne glede na to, ali se spopadate z gosto travo, plevelom ali neravnim terenom, dobro zasnovan menjalnik kosilnice zagotavlja dosledno zmogljivost ko\u0161nje. To se posledi\u010dno odrazi v \u010distej\u0161em in enakomernej\u0161em ko\u0161enju, kar izbolj\u0161a estetiko trate ali polja, hkrati pa prepre\u010duje po\u0161kodbe opreme.<\/p>\n<h4>Vsestranskost in prilagodljivost<\/h4>\n<p>Menjalniki kosilnic so zelo vsestranski in jih je mogo\u010de prilagoditi razli\u010dnim modelom kosilnic in aplikacijam. Ne glede na to, ali potrebujete enostopenjski ali ve\u010dstopenjski menjalnik ali prilagojeno re\u0161itev za posebne potrebe ko\u0161nje, menjalniki kosilnic ponujajo prilagodljivost. \u0160tevilni proizvajalci, vklju\u010dno s FMP, ponujajo prilagojene mo\u017enosti menjalnikov, ki ustrezajo zahtevam glede zmogljivosti razli\u010dnih opravil ko\u0161nje, od manj\u0161ih opravil nege trate do velikih kmetijskih dejavnosti.<\/p>\n<h4>Varnost in zanesljivost<\/h4>\n<p>Sodobni menjalniki kosilnic so opremljeni z varnostnimi funkcijami, kot so naletne sklopke ali mehanizmi za izklop, ki \u0161\u010ditijo tako kosilnico kot upravljavca. Te funkcije prepre\u010dujejo po\u0161kodbe menjalnika in rezil kosilnice, \u010de se kosilnica nenadoma izklopi ali izklopi. Prav tako pomagajo prepre\u010devati nesre\u010de, zagotavljajo varnost upravljavca in zmanj\u0161ujejo tveganje mehanskih okvar med delovanjem.<\/p>\n<p>Menjalniki kosilnic so klju\u010dne komponente, ki pove\u010dujejo u\u010dinkovitost, vzdr\u017eljivost in delovanje kosilnic za trato in kmetijstvo. Zaradi svoje sposobnosti u\u010dinkovitega prenosa mo\u010di, izbolj\u0161anja zmogljivosti ko\u0161nje in zmanj\u0161anja potreb po vzdr\u017eevanju so nepogre\u0161ljivi pri vzdr\u017eevanju visokokakovostne opreme za ko\u0161njo. Z razli\u010dnimi mo\u017enostmi prilagoditve, robustno konstrukcijo in stro\u0161kovno u\u010dinkovitimi funkcijami menjalniki kosilnic zagotavljajo dolgoro\u010dno vrednost tako za osebno kot profesionalno uporabo.<\/p>\n<p><img loading=\"lazy\" decoding=\"async\" class=\"alignnone wp-image-1951\" src=\"https:\/\/fmp-components.com\/wp-content\/uploads\/2024\/12\/Rotary-Mower-Gearbox-211.webp\" alt=\"Menjalnik rotacijske kosilnice\" width=\"929\" height=\"697\" title=\"\" srcset=\"https:\/\/fmp-components.com\/wp-content\/uploads\/2024\/12\/Rotary-Mower-Gearbox-211.webp 929w, https:\/\/fmp-components.com\/wp-content\/uploads\/2024\/12\/Rotary-Mower-Gearbox-211-480x360.webp 480w\" sizes=\"(min-width: 0px) and (max-width: 480px) 480px, (min-width: 481px) 929px, 100vw\" \/><\/p>\n<h3>O FMP-ju<\/h3>\n<p>FMP s sede\u017eem v Italiji je vodilni proizvajalec, znan po na\u010drtovanju, razvoju in proizvodnji visokozmogljivih menjalnikov za kmetijsko mehanizacijo. S poudarkom na natan\u010dnem in\u017eenirstvu, inovacijah in neomajni zanesljivosti ponujamo \u0161iroko paleto menjalnikov, vklju\u010dno z menjalniki za kosilnice, skupaj s klju\u010dnimi komponentami, kot so kardanske gredi. Na\u0161e poslanstvo je zagotavljati prilagojene re\u0161itve za kmetijski in industrijski sektor, tako individualne izdelke kot popolnoma integrirane sisteme, ki ustrezajo specifi\u010dnim potrebam na\u0161ih strank.<\/p>\n<p>Pri FMP se zavedamo, da ima vsaka stranka edinstvene zahteve. Zato smo odli\u010dni v prilagajanju na\u0161ih izdelkov, da se popolnoma ujemajo s temi potrebami. Ne glede na to, ali i\u0161\u010dete specializiran menjalnik ali celovit sistem, tesno sodelujemo z vami, da bi razvili naju\u010dinkovitej\u0161o in najuspe\u0161nej\u0161o re\u0161itev. Na\u0161a zavezanost zadovoljstvu strank se odra\u017ea v hitrih, profesionalnih odzivih in strokovnih nasvetih, s \u010dimer zagotavljamo, da se vsako povpra\u0161evanje obravnava z najve\u010djo skrbnostjo in natan\u010dnostjo.<\/p>\n<p>Odprta in stalna komunikacija z na\u0161imi strankami je klju\u010dnega pomena, zlasti pri razvoju novih izdelkov. Na\u0161a predana ekipa sodeluje s strankami, da bi razumela njihove izzive in jim zagotovila dragocene vpoglede, ki vodijo do optimalnih re\u0161itev. Ne glede na to, ali razvijamo nove izdelke ali izpolnjujemo obstoje\u010da naro\u010dila, smo \u0161e vedno zavezani k zagotavljanju visokokakovostnih, natan\u010dno izdelanih izdelkov s hitrostjo in u\u010dinkovitostjo.<\/p>\n<p>Kakovost je temelj vsega, kar po\u010dnemo. V podjetju FMP so na\u0161i proizvodni procesi zgrajeni na na\u010delih visokih standardov, natan\u010dnosti in ni\u010delne napake. Izvajamo stroge ukrepe nadzora kakovosti, da zagotovimo, da vsak izdelek izpolnjuje ali presega industrijske standarde. Ta neomajna osredoto\u010denost na kakovost, skupaj z na\u0161imi temeljnimi vrednotami integritete, timskega dela in vztrajnosti, nam je pomagala vzpostaviti mo\u010dne in trajne odnose s strankami v skoraj 30 dr\u017eavah po vsem svetu.<\/p>\n<p>FMP je vedno odprt za gradnjo globalnih partnerstev in z veseljem ponuja strokovne nasvete in re\u0161itve po meri. Na\u0161 pristop presega zgolj zagotavljanje izdelkov \u2013 predani smo negovanju dolgoro\u010dnih odnosov z na\u0161imi strankami in zagotavljanju njihovega uspeha pri vsakem projektu. Ne glede na to, ali potrebujete re\u0161itve za novo pobudo ali podporo za obstoje\u010di sistem, je FMP tukaj, da se spoprime z va\u0161imi tehni\u010dnimi izzivi in \u200b\u200bvam pomaga zagotoviti nadaljnji uspeh.<\/p>\n<p><img loading=\"lazy\" decoding=\"async\" class=\"alignnone size-full wp-image-1861\" src=\"https:\/\/fmp-components.com\/wp-content\/uploads\/2024\/12\/Other-Agricultural-Gearboxes.webp\" sizes=\"(min-width: 0px) and (max-width: 480px) 480px, (min-width: 481px) and (max-width: 980px) 980px, (min-width: 981px) 1200px, 100vw\" srcset=\"https:\/\/fmp-components.com\/wp-content\/uploads\/2024\/12\/Other-Agricultural-Gearboxes.webp 1200w, https:\/\/fmp-components.com\/wp-content\/uploads\/2024\/12\/Other-Agricultural-Gearboxes-980x1143.webp 980w, https:\/\/fmp-components.com\/wp-content\/uploads\/2024\/12\/Other-Agricultural-Gearboxes-480x560.webp 480w\" alt=\"Altri-cambi-agricoli\" width=\"1200\" height=\"1400\" title=\"\"><\/p>\n<p>Avtor: CX<\/p>","protected":false},"excerpt":{"rendered":"<p>Mower Gearboxes \u2013 Replacement of Comer Code TL-312D Specification Description Mower Gearboxes &#8211; Replacement of Comer Code TL-312D Application Mowers Consists of Gearbox Without Oil Technical Information If you have any questions regarding performance at different speeds, please do not hesitate to contact us. When using for the first time, replace the oil after 50 [&hellip;]<\/p>","protected":false},"featured_media":1974,"comment_status":"open","ping_status":"closed","template":"","meta":{"_et_pb_use_builder":"","_et_pb_old_content":"","_et_gb_content_width":""},"product_brand":[],"product_cat":[52],"product_tag":[],"class_list":{"0":"post-1973","1":"product","2":"type-product","3":"status-publish","4":"has-post-thumbnail","6":"product_cat-lawn-mower-gearbox","8":"first","9":"instock","10":"shipping-taxable","11":"product-type-simple"},"_links":{"self":[{"href":"https:\/\/fmp-components.com\/sl\/wp-json\/wp\/v2\/product\/1973","targetHints":{"allow":["GET"]}}],"collection":[{"href":"https:\/\/fmp-components.com\/sl\/wp-json\/wp\/v2\/product"}],"about":[{"href":"https:\/\/fmp-components.com\/sl\/wp-json\/wp\/v2\/types\/product"}],"replies":[{"embeddable":true,"href":"https:\/\/fmp-components.com\/sl\/wp-json\/wp\/v2\/comments?post=1973"}],"wp:featuredmedia":[{"embeddable":true,"href":"https:\/\/fmp-components.com\/sl\/wp-json\/wp\/v2\/media\/1974"}],"wp:attachment":[{"href":"https:\/\/fmp-components.com\/sl\/wp-json\/wp\/v2\/media?parent=1973"}],"wp:term":[{"taxonomy":"product_brand","embeddable":true,"href":"https:\/\/fmp-components.com\/sl\/wp-json\/wp\/v2\/product_brand?post=1973"},{"taxonomy":"product_cat","embeddable":true,"href":"https:\/\/fmp-components.com\/sl\/wp-json\/wp\/v2\/product_cat?post=1973"},{"taxonomy":"product_tag","embeddable":true,"href":"https:\/\/fmp-components.com\/sl\/wp-json\/wp\/v2\/product_tag?post=1973"}],"curies":[{"name":"delovni list","href":"https:\/\/api.w.org\/{rel}","templated":true}]}}