{"id":1962,"date":"2024-12-26T03:46:41","date_gmt":"2024-12-26T03:46:41","guid":{"rendered":"https:\/\/fmp-components.com\/?page_id=8"},"modified":"2024-12-26T03:48:03","modified_gmt":"2024-12-26T03:48:03","slug":"agricultural-lawn-mower-gearbox-fmp-lf211","status":"publish","type":"product","link":"https:\/\/fmp-components.com\/sl\/product\/agricultural-lawn-mower-gearbox-fmp-lf211\/","title":{"rendered":"Menjalnik kmetijske kosilnice FMP-LF211"},"content":{"rendered":"<h2>Specifikacije menjalnika kmetijske kosilnice FMP-LF211:<\/h2>\n<p>&nbsp;<\/p>\n<p><img loading=\"lazy\" decoding=\"async\" class=\"alignnone size-full wp-image-1963\" src=\"https:\/\/fmp-components.com\/wp-content\/uploads\/2024\/12\/Lawn-Mower-Gearbox-2.webp\" alt=\"Menjalnik kosilnice\" width=\"1000\" height=\"500\" title=\"\" srcset=\"https:\/\/fmp-components.com\/wp-content\/uploads\/2024\/12\/Lawn-Mower-Gearbox-2.webp 1000w, https:\/\/fmp-components.com\/wp-content\/uploads\/2024\/12\/Lawn-Mower-Gearbox-2-980x490.webp 980w, https:\/\/fmp-components.com\/wp-content\/uploads\/2024\/12\/Lawn-Mower-Gearbox-2-480x240.webp 480w\" sizes=\"(min-width: 0px) and (max-width: 480px) 480px, (min-width: 481px) and (max-width: 980px) 980px, (min-width: 981px) 1000px, 100vw\" \/><\/p>\n<table style=\"width: 102.595%; height: 206px;\" border=\"1\">\n<tbody>\n<tr>\n<td style=\"width: 32.2105%;\"><strong>POSTAVKA<\/strong><\/td>\n<td style=\"width: 67.0526%;\">FMP-LF211<\/td>\n<\/tr>\n<tr>\n<td style=\"width: 32.2105%;\"><strong>Razmerje<\/strong><\/td>\n<td style=\"width: 67.0526%;\">1:2.83<\/td>\n<\/tr>\n<tr>\n<td style=\"width: 32.2105%;\"><strong>Zobje<\/strong><\/td>\n<td style=\"width: 67.0526%;\">34\/12<\/td>\n<\/tr>\n<tr>\n<td style=\"width: 32.2105%;\"><strong>Modul<\/strong><\/td>\n<td style=\"width: 67.0526%;\">3.36<\/td>\n<\/tr>\n<tr>\n<td style=\"width: 32.2105%;\"><strong>Mo\u010d (KM)<\/strong><\/td>\n<td style=\"width: 67.0526%;\">20<\/td>\n<\/tr>\n<tr>\n<td style=\"width: 32.2105%;\"><strong>Nazivni vhod<\/strong><\/td>\n<td style=\"width: 67.0526%;\">540 vrt\/min<\/td>\n<\/tr>\n<tr>\n<td style=\"width: 32.2105%;\"><strong>Opis vhoda\/izhoda<\/strong><\/td>\n<td style=\"width: 67.0526%;\">Opti\u010dna os 1-3\/8 Z6<\/td>\n<\/tr>\n<tr>\n<td style=\"width: 32.2105%;\"><strong>Te\u017ea (SZ)<\/strong><\/td>\n<td style=\"width: 67.0526%;\">14,5 kg<\/td>\n<\/tr>\n<\/tbody>\n<\/table>\n<h2>Kardanska gred za menjalnik kmetijske kosilnice<\/h2>\n<p>Kardanska gred (PTO) je klju\u010dni sestavni del pri povezovanju traktorja ali drugega vira energije z menjalnikom kmetijske kosilnice. Igra bistveno vlogo pri prenosu mehanske mo\u010di iz motorja traktorja na rezila kosilnice, kar omogo\u010da u\u010dinkovito delovanje. Pri FMP ponujamo \u0161iroko izbiro visokokakovostnih kardanskih gredi, ki so zasnovane za brezhibno delovanje z menjalniki kmetijskih kosilnic, kar zagotavlja optimalno delovanje in zanesljivost.<\/p>\n<h3>Klju\u010dne zna\u010dilnosti kardanskih gredi FMP za menjalnike kosilnic:<\/h3>\n<ol>\n<li><strong>Vzdr\u017eljivost in trdnost<\/strong><br \/>\nKardanske gredi FMP so izdelane za dolgo \u017eivljenjsko dobo, izdelane iz visokokakovostnih materialov, kot je jeklo, da prenesejo obremenitve te\u017ekih kmetijskih del. Ne glede na to, ali se uporabljajo v rotacijskih kosilnicah, kosilnicah ali drugi kmetijski opremi, na\u0161e kardanske gredi zagotavljajo dolgoro\u010dno zanesljivost in minimalno obrabo.<\/li>\n<li><strong>Visoka zmogljivost<\/strong><br \/>\nNa\u0161e kardanske gredi so zasnovane za u\u010dinkovit prenos mo\u010di, kar zagotavlja, da se rezila kosilnice vrtijo z ustrezno hitrostjo in navorom za u\u010dinkovito ko\u0161njo. Ta dosledna zmogljivost je klju\u010dnega pomena za doseganje optimalnih rezultatov ko\u0161nje, tudi v zahtevnih pogojih.<\/li>\n<li><strong>Mo\u017enosti prilagajanja<\/strong><br \/>\nPri FMP razumemo, da razli\u010dne aplikacije zahtevajo razli\u010dne re\u0161itve. Ponujamo prilagojene kardanske gredi, ki ustrezajo specifi\u010dnim potrebam, vklju\u010dno s prilagoditvami dol\u017eine, navorne zmogljivosti in vrst sklopk. Na\u0161a ekipa tesno sodeluje s strankami, da zagotovi, da se kardanska gred popolnoma prilega njihovi opremi in zagotavlja vrhunsko zmogljivost.<\/li>\n<li><strong>Varnost in enostavnost uporabe<\/strong><br \/>\nVarnost je pri kmetijski opremi na prvem mestu. Kardanske gredi FMP so zasnovane z varnostnimi funkcijami, vklju\u010dno s sklopkami proti preobremenitvi in \u200b\u200bdrugimi mehanizmi, ki prepre\u010dujejo po\u0161kodbe pri izklopu kardanske gredi. Prav tako jih je enostavno namestiti in vzdr\u017eevati, kar zagotavlja udobje za upravljavce.<\/li>\n<li><strong>Vsestranskost<\/strong><br \/>\nNa\u0161e kardanske gredi so zdru\u017eljive s \u0161iroko paleto menjalnikov kosilnic in kmetijske mehanizacije. Ne glede na to, ali i\u0161\u010dete standardno kardansko gred ali re\u0161itev po meri, FMP ponuja izdelke, primerne za razli\u010dne modele kosilnic, od manj\u0161ih obratov do velikih industrijskih uporab.<\/li>\n<li><strong>Stro\u0161kovno u\u010dinkovito<\/strong><br \/>\nZ vzdr\u017eljivimi in visokozmogljivimi kardanskimi gredmi FMP pomaga zmanj\u0161ati \u010das izpada in stro\u0161ke popravil ter zagotavlja nemoteno in u\u010dinkovito delovanje va\u0161e kmetijske opreme. Na\u0161e konkuren\u010dne cene vam zagotavljajo najbolj\u0161o vrednost za va\u0161o nalo\u017ebo.<\/li>\n<\/ol>\n<h3>Zakaj izbrati kardanske gredi FMP za menjalnik va\u0161e kosilnice?<\/h3>\n<ul>\n<li><strong>Zagotavljanje kakovosti:<\/strong> FMP se zavezuje k ohranjanju najvi\u0161jih standardov kakovosti pri vsakem izdelku, ki ga izdelujemo, in s tem zagotavlja, da va\u0161a kardanska gred deluje optimalno skozi \u010das.<\/li>\n<li><strong>Prilagoditev in podpora:<\/strong> Ponujamo strokovno svetovanje in prilagodljive re\u0161itve, ki ustrezajo specifi\u010dnim potrebam va\u0161ih strojev in delovanja.<\/li>\n<li><strong>Globalni doseg:<\/strong> S strankami v skoraj 30 dr\u017eavah si je FMP prislu\u017eil sloves dobavitelja zanesljivih in visokozmogljivih komponent za kmetijski sektor.<\/li>\n<\/ul>\n<p>Za ve\u010d informacij ali povpra\u0161evanje o prilagojenih kardanskih gredeh za menjalnik va\u0161e kmetijske kosilnice se obrnite na FMP \u0161e danes. Zavezani smo k temu, da vam zagotovimo najbolj\u0161e re\u0161itve za va\u0161o mehanizacijo ter zanesljivost in u\u010dinkovitost va\u0161ega delovanja.<\/p>\n<table style=\"width: 100%;\" border=\"1\" width=\"100%\" cellspacing=\"0\" cellpadding=\"0\">\n<tbody>\n<tr>\n<td width=\"110\"><img loading=\"lazy\" decoding=\"async\" class=\"alignnone size-full wp-image-1872\" src=\"https:\/\/fmp-components.com\/wp-content\/uploads\/2024\/12\/PTO-Shaft-for-Rotary-Mower-Gearboxes-16.webp\" alt=\"Kardanska gred za menjalnike rotacijske kosilnice 16\" width=\"1000\" height=\"1000\" title=\"\" srcset=\"https:\/\/fmp-components.com\/wp-content\/uploads\/2024\/12\/PTO-Shaft-for-Rotary-Mower-Gearboxes-16.webp 1000w, https:\/\/fmp-components.com\/wp-content\/uploads\/2024\/12\/PTO-Shaft-for-Rotary-Mower-Gearboxes-16-980x980.webp 980w, https:\/\/fmp-components.com\/wp-content\/uploads\/2024\/12\/PTO-Shaft-for-Rotary-Mower-Gearboxes-16-480x480.webp 480w\" sizes=\"(min-width: 0px) and (max-width: 480px) 480px, (min-width: 481px) and (max-width: 980px) 980px, (min-width: 981px) 1000px, 100vw\" \/><\/td>\n<td width=\"98\"><img loading=\"lazy\" decoding=\"async\" class=\"alignnone size-full wp-image-1873\" src=\"https:\/\/fmp-components.com\/wp-content\/uploads\/2024\/12\/PTO-Shaft-for-Rotary-Mower-Gearboxes-15.webp\" alt=\"Kardanska gred za menjalnike rotacijske kosilnice 15\" width=\"1000\" height=\"1000\" title=\"\" srcset=\"https:\/\/fmp-components.com\/wp-content\/uploads\/2024\/12\/PTO-Shaft-for-Rotary-Mower-Gearboxes-15.webp 1000w, https:\/\/fmp-components.com\/wp-content\/uploads\/2024\/12\/PTO-Shaft-for-Rotary-Mower-Gearboxes-15-980x980.webp 980w, https:\/\/fmp-components.com\/wp-content\/uploads\/2024\/12\/PTO-Shaft-for-Rotary-Mower-Gearboxes-15-480x480.webp 480w\" sizes=\"(min-width: 0px) and (max-width: 480px) 480px, (min-width: 481px) and (max-width: 980px) 980px, (min-width: 981px) 1000px, 100vw\" \/><\/td>\n<\/tr>\n<\/tbody>\n<\/table>\n<h3>O FMP-ju<\/h3>\n<p>FMP je vodilni proizvajalec menjalnikov s sede\u017eem v Italiji, specializiran za na\u010drtovanje, razvoj in proizvodnjo visokozmogljivih menjalnikov za kmetijsko mehanizacijo. Z mo\u010dnim poudarkom na kakovosti, natan\u010dnosti in inovacijah ponujamo \u0161iroko paleto menjalnikov, vklju\u010dno z menjalniki za kosilnice, skupaj z bistvenimi komponentami, kot so kardanske gredi. Na\u0161e poslanstvo je zagotavljati prilagojene re\u0161itve za kmetijski in industrijski sektor, pri \u010demer obravnavamo edinstvene potrebe na\u0161ih strank tako s posameznimi izdelki kot s popolnoma integriranimi sistemi.<\/p>\n<p>Pri FMP se zavedamo, da ima vsaka stranka posebne zahteve. Na\u0161a mo\u010d je v na\u0161i sposobnosti prilagajanja re\u0161itev, ki ustrezajo tem raznolikim potrebam. Ne glede na to, ali potrebujete dolo\u010deno vrsto menjalnika ali celoten sistem, tesno sodelujemo z vami, da zagotovimo naju\u010dinkovitej\u0161i in najuspe\u0161nej\u0161i izdelek. Na\u0161a zavezanost zadovoljstvu strank se odra\u017ea v na\u0161em odzivnem in profesionalnem pristopu, s katerim zagotavljamo, da se na vsako povpra\u0161evanje odzovemo s strokovnim vodenjem in podporo.<\/p>\n<p>Dajemo prednost odprti in stalni komunikaciji z na\u0161imi strankami, zlasti pri razvoju novih izdelkov. Na\u0161a ekipa tesno sodeluje s strankami, da bi razumela njihove izzive, in jim ponuja dragocene vpoglede in nasvete za ustvarjanje optimalnih re\u0161itev. Ne glede na to, ali razvijamo nove izdelke ali izpolnjujemo obstoje\u010da naro\u010dila, smo predani zagotavljanju vrhunskih izdelkov s hitrostjo in natan\u010dnostjo.<\/p>\n<p>Kakovost je v sredi\u0161\u010du vsega, kar po\u010dnemo. Na\u0161 proizvodni proces se dr\u017ei na\u010del \u00bbvisokih standardov, visoke natan\u010dnosti in ni\u010d napak\u00ab. Izvajamo stroge protokole nadzora kakovosti, da zagotovimo, da vsak izdelek, ki ga proizvedemo, presega industrijske standarde. Ta neomajna osredoto\u010denost na kakovost, skupaj z na\u0161imi vrednotami timskega dela, integritete in vztrajnosti, nam je pomagala zgraditi mo\u010dne in trajne odnose s strankami v skoraj 30 dr\u017eavah po vsem svetu.<\/p>\n<p>FMP pozdravlja globalno sodelovanje in je vedno pripravljen ponuditi strokovne nasvete in prilagojene re\u0161itve. Na\u0161 pristop presega zgolj dobavo izdelkov; gre za spodbujanje dolgoro\u010dnih partnerstev, ki prispevajo k skupnemu uspehu. Ne glede na to, ali i\u0161\u010dete re\u0161itve za nove projekte ali uveljavljene potrebe, je FMP zavezan k podpori pri va\u0161ih tehni\u010dnih izzivih in zagotavljanju va\u0161ega nadaljnjega uspeha.<\/p>\n<p><img loading=\"lazy\" decoding=\"async\" class=\"alignnone size-full wp-image-1861\" src=\"https:\/\/fmp-components.com\/wp-content\/uploads\/2024\/12\/Other-Agricultural-Gearboxes.webp\" sizes=\"(min-width: 0px) and (max-width: 480px) 480px, (min-width: 481px) and (max-width: 980px) 980px, (min-width: 981px) 1200px, 100vw\" srcset=\"https:\/\/fmp-components.com\/wp-content\/uploads\/2024\/12\/Other-Agricultural-Gearboxes.webp 1200w, https:\/\/fmp-components.com\/wp-content\/uploads\/2024\/12\/Other-Agricultural-Gearboxes-980x1143.webp 980w, https:\/\/fmp-components.com\/wp-content\/uploads\/2024\/12\/Other-Agricultural-Gearboxes-480x560.webp 480w\" alt=\"Altri-cambi-agricoli\" width=\"1200\" height=\"1400\" title=\"\"><\/p>\n<p>Avtor: CX<\/p>","protected":false},"excerpt":{"rendered":"<p>Agricultural Lawn Mower Gearbox FMP-LF211 Specifications: &nbsp; ITEM FMP-LF211 Ratio 1:2.83 Teeth 34\/12 Module 3.36 Power(HP) 20 Rated Input 540rpm Input\/Output Description 1-3\/8 Z6 Optic axis Weight(N.W) 14.5KG PTO Shaft for Agricultural Lawn Mower Gearbox A PTO (Power Take-Off) shaft is a crucial component in connecting a tractor or other power source to an agricultural [&hellip;]<\/p>","protected":false},"featured_media":1965,"comment_status":"open","ping_status":"closed","template":"","meta":{"_et_pb_use_builder":"","_et_pb_old_content":"","_et_gb_content_width":""},"product_brand":[],"product_cat":[52],"product_tag":[],"class_list":{"0":"post-1962","1":"product","2":"type-product","3":"status-publish","4":"has-post-thumbnail","6":"product_cat-lawn-mower-gearbox","8":"first","9":"instock","10":"shipping-taxable","11":"product-type-simple"},"_links":{"self":[{"href":"https:\/\/fmp-components.com\/sl\/wp-json\/wp\/v2\/product\/1962","targetHints":{"allow":["GET"]}}],"collection":[{"href":"https:\/\/fmp-components.com\/sl\/wp-json\/wp\/v2\/product"}],"about":[{"href":"https:\/\/fmp-components.com\/sl\/wp-json\/wp\/v2\/types\/product"}],"replies":[{"embeddable":true,"href":"https:\/\/fmp-components.com\/sl\/wp-json\/wp\/v2\/comments?post=1962"}],"wp:featuredmedia":[{"embeddable":true,"href":"https:\/\/fmp-components.com\/sl\/wp-json\/wp\/v2\/media\/1965"}],"wp:attachment":[{"href":"https:\/\/fmp-components.com\/sl\/wp-json\/wp\/v2\/media?parent=1962"}],"wp:term":[{"taxonomy":"product_brand","embeddable":true,"href":"https:\/\/fmp-components.com\/sl\/wp-json\/wp\/v2\/product_brand?post=1962"},{"taxonomy":"product_cat","embeddable":true,"href":"https:\/\/fmp-components.com\/sl\/wp-json\/wp\/v2\/product_cat?post=1962"},{"taxonomy":"product_tag","embeddable":true,"href":"https:\/\/fmp-components.com\/sl\/wp-json\/wp\/v2\/product_tag?post=1962"}],"curies":[{"name":"delovni list","href":"https:\/\/api.w.org\/{rel}","templated":true}]}}