{"id":1956,"date":"2024-12-26T03:32:54","date_gmt":"2024-12-26T03:32:54","guid":{"rendered":"https:\/\/fmp-components.com\/?page_id=8"},"modified":"2024-12-26T03:46:48","modified_gmt":"2024-12-26T03:46:48","slug":"agricultural-lawnmower-gearbox-fmp-lf205","status":"publish","type":"product","link":"https:\/\/fmp-components.com\/sl\/product\/agricultural-lawnmower-gearbox-fmp-lf205\/","title":{"rendered":"Menjalnik kmetijske kosilnice FMP-LF205"},"content":{"rendered":"<h2>Specifikacije menjalnika kmetijske kosilnice:<\/h2>\n<p><img loading=\"lazy\" decoding=\"async\" class=\"alignnone size-full wp-image-1959\" src=\"https:\/\/fmp-components.com\/wp-content\/uploads\/2024\/12\/FMP_agricultural-gearbox-1.webp\" alt=\"FMP_kmetijski-menjalnik-1\" width=\"1000\" height=\"500\" title=\"\" srcset=\"https:\/\/fmp-components.com\/wp-content\/uploads\/2024\/12\/FMP_agricultural-gearbox-1.webp 1000w, https:\/\/fmp-components.com\/wp-content\/uploads\/2024\/12\/FMP_agricultural-gearbox-1-980x490.webp 980w, https:\/\/fmp-components.com\/wp-content\/uploads\/2024\/12\/FMP_agricultural-gearbox-1-480x240.webp 480w\" sizes=\"(min-width: 0px) and (max-width: 480px) 480px, (min-width: 481px) and (max-width: 980px) 980px, (min-width: 981px) 1000px, 100vw\" \/><\/p>\n<table style=\"width: 100.31%; height: 347px;\" border=\"1\">\n<tbody>\n<tr>\n<td style=\"width: 30.4957%;\"><strong>POSTAVKA<\/strong><\/td>\n<td style=\"width: 68.8578%;\">FMP-LF205<\/td>\n<\/tr>\n<tr>\n<td style=\"width: 30.4957%;\"><strong>Razmerje<\/strong><\/td>\n<td style=\"width: 68.8578%;\">1:1.93\/1:1.46<\/td>\n<\/tr>\n<tr>\n<td style=\"width: 30.4957%;\"><strong>Zobje<\/strong><\/td>\n<td style=\"width: 68.8578%;\">23\/12 22\/15<\/td>\n<\/tr>\n<tr>\n<td style=\"width: 30.4957%;\"><strong>Modul<\/strong><\/td>\n<td style=\"width: 68.8578%;\">5.0 \/ 5.0<\/td>\n<\/tr>\n<tr>\n<td style=\"width: 30.4957%;\"><strong>Mo\u010d (KM)<\/strong><\/td>\n<td style=\"width: 68.8578%;\">30<\/td>\n<\/tr>\n<tr>\n<td style=\"width: 30.4957%;\"><strong>Nazivni vhod<\/strong><\/td>\n<td style=\"width: 68.8578%;\">540 vrt\/min<\/td>\n<\/tr>\n<tr>\n<td style=\"width: 30.4957%;\"><strong>Opis vhoda\/izhoda<\/strong><\/td>\n<td style=\"width: 68.8578%;\">Opti\u010dna os 1-3\/8 Z6<\/p>\n<p>Zo\u017eeni utor<\/td>\n<\/tr>\n<tr>\n<td style=\"width: 30.4957%;\"><strong>Te\u017ea (SZ)<\/strong><\/td>\n<td style=\"width: 68.8578%;\">19 kg<\/td>\n<\/tr>\n<\/tbody>\n<\/table>\n<h2>Ustreza naslednjim znamkam in modelom<\/h2>\n<p>Zamenjava kosilnice Comer: LF-205-J<\/p>\n<div class=\"rNotes\"><strong>Navzkri\u017ene reference:<\/strong><\/div>\n<p><strong>Nadome\u0161\u010da:<\/strong>\u00a0COMER<strong><br \/>\n<\/strong>U9.135.808.10, U9.205.808.00, U913580810, 9.135.029.00, 913502900<\/p>\n<h3>Zna\u010dilnosti menjalnika kmetijske kosilnice<\/h3>\n<p>Menjalniki kmetijskih kosilnic so bistveni sestavni deli, ki omogo\u010dajo rotacijskim kosilnicam u\u010dinkovito ko\u0161njo trave, plevela in drugega rastlinja. Ti menjalniki so zasnovani tako, da se spopadajo z zahtevnimi zahtevami kmetijske uporabe in zagotavljajo nemoteno in u\u010dinkovito delovanje. Spodaj so navedene klju\u010dne zna\u010dilnosti menjalnikov kmetijskih kosilnic:<\/p>\n<h4>U\u010dinkovit prenos mo\u010di<\/h4>\n<p>Menjalnik v kosilnici igra klju\u010dno vlogo pri prenosu mo\u010di iz motorja traktorja na rezila kosilnice. Zagotavlja, da se rezila vrtijo z optimalno hitrostjo in navorom, kar omogo\u010da u\u010dinkovito ko\u0161njo tudi v gosti ali visoki travi. Pravilen prenos mo\u010di pomaga ohranjati dosledno zmogljivost ko\u0161nje, zmanj\u0161uje obremenitev motorja in izbolj\u0161uje splo\u0161no u\u010dinkovitost.<\/p>\n<h4>Trpe\u017ena konstrukcija<\/h4>\n<p>Menjalniki kmetijskih kosilnic so izdelani tako, da prenesejo te\u017eko uporabo v zahtevnih okoljih. Izdelani so iz visokokakovostnih materialov, kot so lito \u017eelezo ali aluminijeve zlitine, zato so ti menjalniki odporni na obrabo, korozijo in udarce. Robustna konstrukcija zagotavlja, da menjalnik prenese obremenitve in obremenitve neprekinjenega delovanja v dalj\u0161ih obdobjih, kar vodi do izbolj\u0161ane zanesljivosti in dolge \u017eivljenjske dobe.<\/p>\n<h4>Gladko delovanje in zmanj\u0161ane vibracije<\/h4>\n<p>Dobro zasnovan menjalnik kosilnice zagotavlja nemoteno delovanje z zmanj\u0161evanjem vibracij in mehanskih obremenitev. To se dose\u017ee z natan\u010dno in\u017eeniringom in uporabo visokokakovostnih le\u017eajev, zobnikov in mazanja. Nemoteno delovanje ne le podalj\u0161a \u017eivljenjsko dobo menjalnika, temve\u010d tudi zmanj\u0161a obrabo drugih komponent kosilnice, kot so rezila in motor.<\/p>\n<h4>Vsestranskost pri ko\u0161nji<\/h4>\n<p>Menjalniki kosilnic so vsestranski in jih je mogo\u010de zasnovati tako, da ustrezajo razli\u010dnim zahtevam ko\u0161nje. Nekateri menjalniki ponujajo nastavljive hitrosti, kar omogo\u010da razli\u010dne na\u010dine ko\u0161nje glede na vrsto vegetacije ali teren. Ve\u010dstopenjski menjalniki so pogosto prednostni za opravljanje razli\u010dnih nalog, od ko\u0161nje trave do spopadanja z bolj trdovratno vegetacijo, kot sta plevel in manj\u0161e grmovje.<\/p>\n<h4>Prilagoditev za posebne potrebe<\/h4>\n<p>Mnogi proizvajalci, vklju\u010dno s FMP, ponujajo menjalnike kosilnic po meri, ki so prilagojeni specifi\u010dnim zahtevam strank. Ne glede na to, ali gre za nastavitev vi\u0161ine ko\u0161nje, zagotavljanje ve\u010djega navora za zahtevnej\u0161a opravila ali integracijo menjalnika v ve\u010dji sistem kosilnice, re\u0161itve po meri zagotavljajo, da menjalnik u\u010dinkovito deluje s celotno nastavitvijo kosilnice.<\/p>\n<p>Menjalniki za kmetijske kosilnice so zasnovani tako, da zagotavljajo zanesljivo, u\u010dinkovito in dolgotrajno delovanje v zahtevnih pogojih. Zaradi svoje vzdr\u017eljivosti, vsestranskosti in nizkih potreb po vzdr\u017eevanju so nepogre\u0161ljivi za kmete, krajinske arhitekte in strokovnjake za vzdr\u017eevanje zemlji\u0161\u010d, ki potrebujejo zanesljivo opremo za vzdr\u017eevanje velikih povr\u0161in trave in vegetacije.<\/p>\n<p><img loading=\"lazy\" decoding=\"async\" class=\"alignnone wp-image-1961\" src=\"https:\/\/fmp-components.com\/wp-content\/uploads\/2024\/12\/Lawn-Mower-Gearbox-1.webp\" alt=\"Menjalnik kosilnice\" width=\"943\" height=\"630\" title=\"\" srcset=\"https:\/\/fmp-components.com\/wp-content\/uploads\/2024\/12\/Lawn-Mower-Gearbox-1.webp 943w, https:\/\/fmp-components.com\/wp-content\/uploads\/2024\/12\/Lawn-Mower-Gearbox-1-480x321.webp 480w\" sizes=\"(min-width: 0px) and (max-width: 480px) 480px, (min-width: 481px) 943px, 100vw\" \/><\/p>\n<h3>O FMP-ju<\/h3>\n<p>FMP je vodilni proizvajalec menjalnikov s sede\u017eem v Italiji, specializiran za na\u010drtovanje in proizvodnjo menjalnikov za kmetijsko mehanizacijo. Z mo\u010dnim poudarkom na kakovosti in natan\u010dnosti ponujamo \u0161iroko paleto menjalnikov, vklju\u010dno z menjalniki za kosilnice, in dopolnilne izdelke, kot so kardanske gredi. Na\u0161 cilj je zagotoviti prilagojene re\u0161itve za kmetijski in industrijski trg, pri \u010demer obravnavamo edinstvene potrebe na\u0161ih strank tako s posameznimi izdelki kot s celotnimi sistemi.<\/p>\n<p>Pri FMP razumemo, da ima vsaka stranka posebne zahteve, in ponosni smo na na\u0161o sposobnost prilagajanja re\u0161itev tem potrebam. Ne glede na to, ali i\u0161\u010dete specifi\u010den menjalnik ali popolnoma integrirano re\u0161itev, tesno sodelujemo z vami, da bi razvili naju\u010dinkovitej\u0161e izdelke. Na\u0161a zavezanost zadovoljstvu strank se ka\u017ee v hitrih in profesionalnih odgovorih na povpra\u0161evanja, s \u010dimer zagotavljamo, da vsaka stranka prejme najbolj\u0161i nasvet in podporo.<\/p>\n<p>Verjamemo v odprto in stalno komunikacijo z na\u0161imi strankami, \u0161e posebej, ko gre za razvoj novih izdelkov. Na\u0161a ekipa strokovnjakov sodeluje s strankami, da bi razumela njihove izzive, in jim nudi dragocene prispevke za ustvarjanje naju\u010dinkovitej\u0161ih re\u0161itev. Ne glede na to, ali gre za nov projekt ali obstoje\u010de naro\u010dilo, smo predani zagotavljanju izdelkov najvi\u0161je kakovosti s hitrostjo in u\u010dinkovitostjo.<\/p>\n<p>Kakovost je v sredi\u0161\u010du vsega, kar po\u010dnemo. Na\u0161a proizvodna strategija temelji na na\u010delu \u00bbvisokih standardov, visoke natan\u010dnosti in ni\u010d napak\u00ab. Dr\u017eimo se strogih postopkov nadzora kakovosti, da zagotovimo, da vsak izdelek, ki ga dobavimo, izpolnjuje najvi\u0161je industrijske standarde. Ta osredoto\u010denost na kakovost, skupaj z na\u0161o zavezanostjo timskemu delu, integriteti in vztrajnosti, nam je pomagala zgraditi trajna partnerstva s strankami v skoraj 30 dr\u017eavah.<\/p>\n<p>Stranke z vsega sveta vabimo k sodelovanju in vedno smo pripravljeni ponuditi strokovne nasvete in re\u0161itve po meri. Pri FMP smo zavezani re\u0161evanju va\u0161ih tehni\u010dnih izzivov in podpiranju va\u0161ega uspeha. Na\u0161a storitev ni le zagotavljanje izdelkov, temve\u010d gradnja odnosov, ki vodijo do skupnega uspeha.<\/p>\n<p><img loading=\"lazy\" decoding=\"async\" class=\"alignnone size-full wp-image-1861\" src=\"https:\/\/fmp-components.com\/wp-content\/uploads\/2024\/12\/Other-Agricultural-Gearboxes.webp\" sizes=\"(min-width: 0px) and (max-width: 480px) 480px, (min-width: 481px) and (max-width: 980px) 980px, (min-width: 981px) 1200px, 100vw\" srcset=\"https:\/\/fmp-components.com\/wp-content\/uploads\/2024\/12\/Other-Agricultural-Gearboxes.webp 1200w, https:\/\/fmp-components.com\/wp-content\/uploads\/2024\/12\/Other-Agricultural-Gearboxes-980x1143.webp 980w, https:\/\/fmp-components.com\/wp-content\/uploads\/2024\/12\/Other-Agricultural-Gearboxes-480x560.webp 480w\" alt=\"Altri-cambi-agricoli\" width=\"1200\" height=\"1400\" title=\"\"><\/p>\n<p>Avtor: CX<\/p>","protected":false},"excerpt":{"rendered":"<p>Agricultural Lawnmower Gearbox Specifications: ITEM FMP-LF205 Ratio 1:1.93\/1:1.46 Teeth 23\/12 22\/15 Module 5.0 \/ 5.0 Power(HP) 30 Rated Input 540rpm Input\/Output Description 1-3\/8 Z6 Optic Axis Taper Spline Weight(N.W) 19KG Fits the Following Makes and Models Replacement of Comer FINISHING MOWER: LF-205-J Cross References: Replaces:\u00a0COMER U9.135.808.10, U9.205.808.00 , U913580810 , 9.135.029.00 , 913502900 Features of [&hellip;]<\/p>","protected":false},"featured_media":1960,"comment_status":"open","ping_status":"closed","template":"","meta":{"_et_pb_use_builder":"","_et_pb_old_content":"","_et_gb_content_width":""},"product_brand":[],"product_cat":[52],"product_tag":[],"class_list":{"0":"post-1956","1":"product","2":"type-product","3":"status-publish","4":"has-post-thumbnail","6":"product_cat-lawn-mower-gearbox","8":"first","9":"instock","10":"shipping-taxable","11":"product-type-simple"},"_links":{"self":[{"href":"https:\/\/fmp-components.com\/sl\/wp-json\/wp\/v2\/product\/1956","targetHints":{"allow":["GET"]}}],"collection":[{"href":"https:\/\/fmp-components.com\/sl\/wp-json\/wp\/v2\/product"}],"about":[{"href":"https:\/\/fmp-components.com\/sl\/wp-json\/wp\/v2\/types\/product"}],"replies":[{"embeddable":true,"href":"https:\/\/fmp-components.com\/sl\/wp-json\/wp\/v2\/comments?post=1956"}],"wp:featuredmedia":[{"embeddable":true,"href":"https:\/\/fmp-components.com\/sl\/wp-json\/wp\/v2\/media\/1960"}],"wp:attachment":[{"href":"https:\/\/fmp-components.com\/sl\/wp-json\/wp\/v2\/media?parent=1956"}],"wp:term":[{"taxonomy":"product_brand","embeddable":true,"href":"https:\/\/fmp-components.com\/sl\/wp-json\/wp\/v2\/product_brand?post=1956"},{"taxonomy":"product_cat","embeddable":true,"href":"https:\/\/fmp-components.com\/sl\/wp-json\/wp\/v2\/product_cat?post=1956"},{"taxonomy":"product_tag","embeddable":true,"href":"https:\/\/fmp-components.com\/sl\/wp-json\/wp\/v2\/product_tag?post=1956"}],"curies":[{"name":"delovni list","href":"https:\/\/api.w.org\/{rel}","templated":true}]}}