{"id":1943,"date":"2024-12-26T02:18:14","date_gmt":"2024-12-26T02:18:14","guid":{"rendered":"https:\/\/fmp-components.com\/?page_id=8"},"modified":"2024-12-26T02:21:11","modified_gmt":"2024-12-26T02:21:11","slug":"rotary-mower-gearbox-replacement-of-comer-code-tf-285b","status":"publish","type":"product","link":"https:\/\/fmp-components.com\/sl\/product\/rotary-mower-gearbox-replacement-of-comer-code-tf-285b\/","title":{"rendered":"Menjalnik rotacijske kosilnice \u2013 zamenjava kode Comer TF-285B"},"content":{"rendered":"<p><img loading=\"lazy\" decoding=\"async\" class=\"size-full wp-image-1946 aligncenter\" src=\"https:\/\/fmp-components.com\/wp-content\/uploads\/2024\/12\/rotary-mower-gearbox-tf285b.webp\" alt=\"menjalnik-rotacijske-kosilnice\" width=\"300\" height=\"300\" title=\"\" srcset=\"https:\/\/fmp-components.com\/wp-content\/uploads\/2024\/12\/rotary-mower-gearbox-tf285b.webp 300w, https:\/\/fmp-components.com\/wp-content\/uploads\/2024\/12\/rotary-mower-gearbox-tf285b-150x150.webp 150w, https:\/\/fmp-components.com\/wp-content\/uploads\/2024\/12\/rotary-mower-gearbox-tf285b-12x12.webp 12w, https:\/\/fmp-components.com\/wp-content\/uploads\/2024\/12\/rotary-mower-gearbox-tf285b-100x100.webp 100w\" sizes=\"(max-width: 300px) 100vw, 300px\" \/><\/p>\n<h2>Specifikacije menjalnika rotacijske kosilnice TF-285B<\/h2>\n<p><img loading=\"lazy\" decoding=\"async\" class=\"alignnone size-full wp-image-1944\" src=\"https:\/\/fmp-components.com\/wp-content\/uploads\/2024\/12\/rotary-mower-gearbox-specifications-tf285b.webp\" alt=\"menjalnik-rotacijske-kosilnice\" width=\"851\" height=\"449\" title=\"\" srcset=\"https:\/\/fmp-components.com\/wp-content\/uploads\/2024\/12\/rotary-mower-gearbox-specifications-tf285b.webp 851w, https:\/\/fmp-components.com\/wp-content\/uploads\/2024\/12\/rotary-mower-gearbox-specifications-tf285b-480x253.webp 480w\" sizes=\"(min-width: 0px) and (max-width: 480px) 480px, (min-width: 481px) 851px, 100vw\" \/><\/p>\n<table style=\"width: 91.8919%; height: 108px;\" border=\"1\">\n<tbody>\n<tr>\n<td rowspan=\"2\"><strong>jaz<\/strong><\/td>\n<td rowspan=\"2\"><strong>S<sub>1<\/sub>[vrt\/min]<\/strong><\/td>\n<td rowspan=\"2\"><strong>P<sub>1<\/sub>[kW]<\/strong><\/td>\n<td rowspan=\"2\"><strong>M<sub>2<\/sub>[Nm]<\/strong><\/td>\n<td colspan=\"3\"><strong>Vrsta gredi<\/strong><\/td>\n<td rowspan=\"2\"><strong>Vnos<\/strong><\/td>\n<\/tr>\n<tr>\n<td><strong>X<\/strong><\/td>\n<td><strong>Y<\/strong><\/td>\n<td><strong>\u017d<\/strong><\/td>\n<\/tr>\n<tr>\n<td>1.86<\/td>\n<td>1000<\/td>\n<td>91.9<\/td>\n<td>709<\/td>\n<td>1\u201d 3\/8 Z21<\/td>\n<td>1\u201d 3\/4 Z20<\/td>\n<td>Priklju\u010dek vozli\u0161\u010da<\/td>\n<td>Y<\/td>\n<\/tr>\n<\/tbody>\n<\/table>\n<h2>Prednosti menjalnika rotacijske kosilnice<\/h2>\n<p>Rotacijske kosilnice, opremljene z visokokakovostnim menjalnikom, ponujajo \u0161tevilne prednosti, zaradi \u010desar so nepogre\u0161ljivo orodje za urejanje krajine, kmetijstvo in vzdr\u017eevanje zemlji\u0161\u010d. Te prednosti izhajajo iz sposobnosti menjalnika za u\u010dinkovit prenos mo\u010di, zmanj\u0161anje obrabe in izbolj\u0161anje splo\u0161ne zmogljivosti kosilnice. Tukaj je nekaj klju\u010dnih prednosti uporabe menjalnika rotacijske kosilnice:<\/p>\n<ol>\n<li><strong>U\u010dinkovit prenos mo\u010di<\/strong><br \/>\nRotacijski menjalnik kosilnice igra klju\u010dno vlogo pri prenosu mo\u010di iz motorja traktorja na rezila kosilnice. Ta u\u010dinkovit menjalnik zagotavlja, da se rezila vrtijo z optimalno hitrostjo in navorom, kar omogo\u010da kosilnici u\u010dinkovito ko\u0161njo trave tudi v te\u017ekih pogojih. To je \u0161e posebej pomembno pri obse\u017enih operacijah, kjer sta klju\u010dnega pomena doslednost in u\u010dinkovitost.<\/li>\n<li><strong>Vzdr\u017eljivost in dolgo\u017eivost<\/strong><br \/>\nMenjalniki rotacijskih kosilnic so zasnovani tako, da prenesejo te\u017eko uporabo in te\u017eke pogoje. Z robustno konstrukcijo, pogosto izdelano iz visokokakovostnih materialov, kot so lito \u017eelezo ali aluminijeve zlitine, so ti menjalniki odporni na obrabo, korozijo in obremenitve. Ta vzdr\u017eljivost zagotavlja, da lahko menjalnik deluje nemoteno dlje \u010dasa, kar zmanj\u0161uje potrebo po pogostih popravilih ali zamenjavah.<\/li>\n<li><strong>Zni\u017eani stro\u0161ki vzdr\u017eevanja in obratovanja<\/strong><br \/>\nZaradi robustne zasnove in u\u010dinkovitega prenosa mo\u010di menjalniki rotacijskih kosilnic zahtevajo manj vzdr\u017eevanja kot druge vrste pogonov kosilnic. Pravilno mazanje notranjih komponent, kot so zobniki in le\u017eaji, pomaga zmanj\u0161ati trenje, obrabo in pregrevanje, kar vodi do ni\u017ejih obratovalnih stro\u0161kov in manj vzdr\u017eevalnih posegov. To pomeni dalj\u0161i \u010das delovanja in manj prekinitev zaradi popravil.<\/li>\n<li><strong>Izbolj\u0161ana zmogljivost rezanja<\/strong><br \/>\nDobro zasnovan menjalnik zagotavlja, da rezila kosilnice dose\u017eejo pravo hitrost in navor, kar ima za posledico \u010disto in enakomerno ko\u0161njo. Ne glede na to, ali gre za travo, plevel ali majhno grmi\u010devje, menjalnik zagotavlja vrhunsko zmogljivost ko\u0161nje kosilnice tudi v zahtevnih pogojih. Menjalnik pomaga kosilnici u\u010dinkoviteje obvladovati gosto, gosto vegetacijo in neraven teren.<\/li>\n<li><strong>Vsestranskost in prilagodljivost<\/strong><br \/>\nMenjalniki rotacijskih kosilnic so na voljo v razli\u010dnih konfiguracijah, kot so enostopenjski ali ve\u010dstopenjski modeli, kar omogo\u010da prilagodljivost pri razli\u010dnih aplikacijah. Mnogi proizvajalci, vklju\u010dno s FMP, ponujajo prilagojene re\u0161itve za izpolnjevanje posebnih zahtev glede zmogljivosti, kot so nastavitev vi\u0161ine ko\u0161nje ali zagotavljanje dodatnega navora za zahtevne ko\u0161nje. Zaradi te vsestranskosti lahko menjalniki slu\u017eijo \u0161irokemu spektru panog, od kmetijstva do urejanja okolice.<\/li>\n<li><strong>Varnostne funkcije<\/strong><br \/>\n\u0160tevilni menjalniki rotacijskih kosilnic so opremljeni z varnostnimi funkcijami, kot so na primer sklopke za prehitevanje ali mehanizmi za izklop, ki prepre\u010dujejo po\u0161kodbe menjalnika in rezil kosilnice, ko je motor izklopljen. Te funkcije pomagajo tudi za\u0161\u010dititi upravljavca pred nesre\u010dami in zmanj\u0161ajo tveganje za mehanske okvare.<\/li>\n<li><strong>Kompakten in enostaven za namestitev<\/strong><br \/>\nMenjalniki rotacijskih kosilnic so obi\u010dajno zasnovani tako, da so kompaktni in enostavni za namestitev na razli\u010dne vrste kosilnic in strojev. Njihova zasnova zagotavlja, da niso le u\u010dinkoviti v smislu prenosa mo\u010di, temve\u010d jih je tudi enostavno integrirati v razli\u010dne sisteme, zaradi \u010desar so odli\u010dna izbira tako za proizvajalce originalne opreme kot za kon\u010dne uporabnike.<\/li>\n<\/ol>\n<p>Skratka, menjalnik rotacijske kosilnice je klju\u010dna komponenta, ki izbolj\u0161uje zmogljivost, zanesljivost in stro\u0161kovno u\u010dinkovitost kosilnice. Zaradi svoje sposobnosti u\u010dinkovitega prenosa mo\u010di, zmanj\u0161anja vzdr\u017eevanja in izbolj\u0161anja u\u010dinkovitosti ko\u0161nje je nepogre\u0161ljiv del sodobnih rotacijskih kosilnic, ki se uporabljajo v kmetijstvu, industriji in urejanju krajine.<\/p>\n<p><img loading=\"lazy\" decoding=\"async\" class=\"alignnone size-full wp-image-1940\" src=\"https:\/\/fmp-components.com\/wp-content\/uploads\/2024\/12\/Rotary-Mower-Gearbox23.webp\" alt=\"Menjalnik rotacijske kosilnice\" width=\"1000\" height=\"1000\" title=\"\" srcset=\"https:\/\/fmp-components.com\/wp-content\/uploads\/2024\/12\/Rotary-Mower-Gearbox23.webp 1000w, https:\/\/fmp-components.com\/wp-content\/uploads\/2024\/12\/Rotary-Mower-Gearbox23-980x980.webp 980w, https:\/\/fmp-components.com\/wp-content\/uploads\/2024\/12\/Rotary-Mower-Gearbox23-480x480.webp 480w\" sizes=\"(min-width: 0px) and (max-width: 480px) 480px, (min-width: 481px) and (max-width: 980px) 980px, (min-width: 981px) 1000px, 100vw\" \/><\/p>\n<h3>O FMP-ju<\/h3>\n<p>FMP s sede\u017eem v Italiji je vodilni inovator na podro\u010dju raziskav, razvoja in proizvodnje menjalnikov, reduktorjev in in\u017eenirskih strojev. Znan po svoji zavezanosti kakovosti, nenehnemu izbolj\u0161evanju in razvoju talentov, si je FMP prislu\u017eil priznanje tako lokalno kot mednarodno. Z mo\u010dnim ugledom v strojni\u0161kem sektorju je podjetje zaupanja vreden partner v razli\u010dnih panogah.<\/p>\n<p>FMP ponuja \u0161iroko paleto visokozmogljivih izdelkov, vklju\u010dno s spiralno sto\u017e\u010dastimi menjalniki, \u010delnimi menjalniki, pol\u017eastimi menjalniki, cilindri\u010dnimi menjalniki ter visokotla\u010dno litimi ohi\u0161ji in telesi ventilov. Ti izdelki so natan\u010dno zasnovani, da zadostijo raznolikim potrebam industrijskih in kmetijskih aplikacij ter zagotavljajo zanesljivost in vzdr\u017eljivost.<\/p>\n<p>Menjalniki in komponente podjetja slu\u017eijo \u0161tevilnim sektorjem, kot so kmetijstvo, pridobivanje nafte, pomorski sistemi in hidravli\u010dno in\u017eenirstvo. V kmetijstvu FMP poganja vitalne stroje, kot so rotacijske kosilnice, sne\u017eni pometa\u010di, trosilniki gnojil in transporterji za \u017eito. Ta \u0161iroka paleta uporabe poudarja vsestranskost FMP in njegovo sposobnost ponujanja re\u0161itev, ki izbolj\u0161ujejo operativno u\u010dinkovitost v vseh panogah.<\/p>\n<p>Proizvodni proces podjetja FMP temelji na naprednih tehnikah in strogih standardih nadzora kakovosti. Od zasnove izdelka do kon\u010dne monta\u017ee je vsak izdelek izdelan iz vrhunskih materialov, kot sta lito \u017eelezo in aluminijeve zlitine. Natan\u010dne metode obdelave zagotavljajo visoko natan\u010dnost, temeljiti pregledi pa zanesljivost in dolgoro\u010dno delovanje. Osredoto\u010denost podjetja FMP na kakovost, poravnavo in odpornost proti obrabi zagotavlja, da njegovi izdelki \u0161e naprej izpolnjujejo najvi\u0161je standarde.<\/p>\n<p>Kot napredno misle\u010de podjetje je FMP predan zadovoljstvu strank in nenehnim inovacijam. Podjetje je odprto za globalna partnerstva in ponuja re\u0161itve po meri, prilagojene potrebam strank. \u010ce \u017eelijo izvedeti ve\u010d o izdelkih FMP ali raziskati mo\u017enosti sodelovanja, se lahko potencialni partnerji preprosto obrnejo na podjetje po telefonu ali e-po\u0161ti, kar utrjuje zavezanost FMP k izjemnim storitvam in visokokakovostnim re\u0161itvam.<\/p>\n<p><img loading=\"lazy\" decoding=\"async\" class=\"alignnone size-full wp-image-1861\" src=\"https:\/\/fmp-components.com\/wp-content\/uploads\/2024\/12\/Other-Agricultural-Gearboxes.webp\" alt=\"Drugi kmetijski menjalniki\" width=\"1200\" height=\"1400\" title=\"\" srcset=\"https:\/\/fmp-components.com\/wp-content\/uploads\/2024\/12\/Other-Agricultural-Gearboxes.webp 1200w, https:\/\/fmp-components.com\/wp-content\/uploads\/2024\/12\/Other-Agricultural-Gearboxes-980x1143.webp 980w, https:\/\/fmp-components.com\/wp-content\/uploads\/2024\/12\/Other-Agricultural-Gearboxes-480x560.webp 480w\" sizes=\"(min-width: 0px) and (max-width: 480px) 480px, (min-width: 481px) and (max-width: 980px) 980px, (min-width: 981px) 1200px, 100vw\" \/><\/p>\n<p>Avtor: CX<\/p>\n<p>&nbsp;<\/p>","protected":false},"excerpt":{"rendered":"<p>Rotary Mower Gearbox\u00a0TF-285B Specifications i N1[rpm] P1[kW] M2[Nm] Shaft Type Input X Y Z 1.86 1000 91.9 709 1&#8221; 3\/8 Z21 1&#8221; 3\/4 Z20 Hub connection Y Advantages of Rotary Mower Gearbox Rotary mowers equipped with a high-quality gearbox offer numerous advantages, making them an essential tool for landscaping, agriculture, and grounds maintenance. These advantages [&hellip;]<\/p>","protected":false},"featured_media":1946,"comment_status":"open","ping_status":"closed","template":"","meta":{"_et_pb_use_builder":"","_et_pb_old_content":"","_et_gb_content_width":""},"product_brand":[],"product_cat":[51],"product_tag":[],"class_list":{"0":"post-1943","1":"product","2":"type-product","3":"status-publish","4":"has-post-thumbnail","6":"product_cat-rotary-mower-gearbox","8":"first","9":"instock","10":"shipping-taxable","11":"product-type-simple"},"_links":{"self":[{"href":"https:\/\/fmp-components.com\/sl\/wp-json\/wp\/v2\/product\/1943","targetHints":{"allow":["GET"]}}],"collection":[{"href":"https:\/\/fmp-components.com\/sl\/wp-json\/wp\/v2\/product"}],"about":[{"href":"https:\/\/fmp-components.com\/sl\/wp-json\/wp\/v2\/types\/product"}],"replies":[{"embeddable":true,"href":"https:\/\/fmp-components.com\/sl\/wp-json\/wp\/v2\/comments?post=1943"}],"wp:featuredmedia":[{"embeddable":true,"href":"https:\/\/fmp-components.com\/sl\/wp-json\/wp\/v2\/media\/1946"}],"wp:attachment":[{"href":"https:\/\/fmp-components.com\/sl\/wp-json\/wp\/v2\/media?parent=1943"}],"wp:term":[{"taxonomy":"product_brand","embeddable":true,"href":"https:\/\/fmp-components.com\/sl\/wp-json\/wp\/v2\/product_brand?post=1943"},{"taxonomy":"product_cat","embeddable":true,"href":"https:\/\/fmp-components.com\/sl\/wp-json\/wp\/v2\/product_cat?post=1943"},{"taxonomy":"product_tag","embeddable":true,"href":"https:\/\/fmp-components.com\/sl\/wp-json\/wp\/v2\/product_tag?post=1943"}],"curies":[{"name":"delovni list","href":"https:\/\/api.w.org\/{rel}","templated":true}]}}