{"id":1938,"date":"2024-12-26T02:05:01","date_gmt":"2024-12-26T02:05:01","guid":{"rendered":"https:\/\/fmp-components.com\/?page_id=8"},"modified":"2024-12-26T02:18:02","modified_gmt":"2024-12-26T02:18:02","slug":"rotary-mower-gearbox-replacement-of-comer-code-tf-26a","status":"publish","type":"product","link":"https:\/\/fmp-components.com\/sl\/product\/rotary-mower-gearbox-replacement-of-comer-code-tf-26a\/","title":{"rendered":"Menjalnik rotacijske kosilnice \u2013 zamenjava Comer Code TF-26A"},"content":{"rendered":"<p><img loading=\"lazy\" decoding=\"async\" class=\"size-full wp-image-1942 aligncenter\" src=\"https:\/\/fmp-components.com\/wp-content\/uploads\/2024\/12\/rotary-mower-gearbox-tf26a-1.webp\" alt=\"menjalnik-rotacijske-kosilnice-tf26a-1\" width=\"300\" height=\"300\" title=\"\" srcset=\"https:\/\/fmp-components.com\/wp-content\/uploads\/2024\/12\/rotary-mower-gearbox-tf26a-1.webp 300w, https:\/\/fmp-components.com\/wp-content\/uploads\/2024\/12\/rotary-mower-gearbox-tf26a-1-150x150.webp 150w, https:\/\/fmp-components.com\/wp-content\/uploads\/2024\/12\/rotary-mower-gearbox-tf26a-1-12x12.webp 12w, https:\/\/fmp-components.com\/wp-content\/uploads\/2024\/12\/rotary-mower-gearbox-tf26a-1-100x100.webp 100w\" sizes=\"(max-width: 300px) 100vw, 300px\" \/><\/p>\n<h2>Specifikacije menjalnika rotacijske kosilnice TF-26A<\/h2>\n<p><img loading=\"lazy\" decoding=\"async\" class=\"alignnone size-full wp-image-1939\" src=\"https:\/\/fmp-components.com\/wp-content\/uploads\/2024\/12\/rotary-mower-gearbox-specifications-tf26a.webp\" alt=\"specifikacije menjalnika rotacijske kosilnice tf26a\" width=\"867\" height=\"449\" title=\"\" srcset=\"https:\/\/fmp-components.com\/wp-content\/uploads\/2024\/12\/rotary-mower-gearbox-specifications-tf26a.webp 867w, https:\/\/fmp-components.com\/wp-content\/uploads\/2024\/12\/rotary-mower-gearbox-specifications-tf26a-480x249.webp 480w\" sizes=\"(min-width: 0px) and (max-width: 480px) 480px, (min-width: 481px) 867px, 100vw\" \/><\/p>\n<table style=\"width: 100%;\" border=\"1\" width=\"100%\" cellspacing=\"0\" cellpadding=\"0\">\n<tbody>\n<tr>\n<td rowspan=\"2\"><strong>jaz<\/strong><\/td>\n<td rowspan=\"2\"><strong>S<sub>1<\/sub>[vrt\/min]<\/strong><\/td>\n<td rowspan=\"2\"><strong>P<sub>1<\/sub>[kW]<\/strong><\/td>\n<td rowspan=\"2\"><strong>M<sub>2<\/sub>[Nm]<\/strong><\/td>\n<td colspan=\"3\"><strong>Vrsta gredi<\/strong><\/td>\n<td rowspan=\"2\"><strong>Vnos<\/strong><\/td>\n<\/tr>\n<tr>\n<td><strong>X<\/strong><\/td>\n<td><strong>Y<\/strong><\/td>\n<td><strong>\u017d<\/strong><\/td>\n<\/tr>\n<tr>\n<td>1.84<\/td>\n<td>540<\/td>\n<td>66.0<\/td>\n<td>615<\/td>\n<td>1\u201d 3\/8 Z6<\/td>\n<td>1\u201d 3\/8 Z6<\/td>\n<td>Priklju\u010dek vozli\u0161\u010da<\/td>\n<td>Y<\/td>\n<\/tr>\n<tr>\n<td>1.47<\/td>\n<td>540<\/td>\n<td>66.0<\/td>\n<td>770<\/td>\n<td>1\u201d 3\/8 Z6<\/td>\n<td>1\u201d 3\/8 Z6<\/td>\n<td>Priklju\u010dek vozli\u0161\u010da<\/td>\n<td>Y<\/td>\n<\/tr>\n<\/tbody>\n<\/table>\n<h3>Zna\u010dilnosti menjalnika rotacijske kosilnice<\/h3>\n<p>Menjalnik je klju\u010dni sestavni del rotacijske kosilnice, ki zagotavlja u\u010dinkovito in uspe\u0161no delovanje kosilnice. Rotacijske kosilnice pogosto uporabljajo krajinski arhitekti, vrtnarji in v kmetijstvu zaradi njihove sposobnosti enostavnega ko\u0161enja trave, plevela in grmovja. Visokokakovosten menjalnik rotacijske kosilnice izbolj\u0161a splo\u0161no zmogljivost, vzdr\u017eljivost in dolgo \u017eivljenjsko dobo kosilnice, zaradi \u010desar je bistvenega pomena za nemoteno delovanje v razli\u010dnih pogojih.<\/p>\n<p>Ena klju\u010dnih zna\u010dilnosti menjalnika rotacijske kosilnice je njegova <strong>trpe\u017eno ohi\u0161je<\/strong>, obi\u010dajno izdelan iz mo\u010dnih materialov, kot so lito \u017eelezo ali aluminijeve zlitine. Ohi\u0161je slu\u017ei za\u0161\u010diti notranjih komponent pred ostrimi okoljskimi dejavniki, kot so umazanija, vlaga in ostanki. Ta robustna konstrukcija zagotavlja, da menjalnik ostane nedotaknjen in zanesljivo deluje v zahtevnih pogojih, vklju\u010dno s te\u017ekimi ko\u0161njami na poljih ali neravnem terenu.<\/p>\n<p>Druga pomembna zna\u010dilnost je <strong>le\u017eaji<\/strong> ki podpirajo vrte\u010do se gred in zobnike znotraj menjalnika. Le\u017eaji zmanj\u0161ujejo trenje, kar omogo\u010da, da se notranji deli vrtijo gladko in u\u010dinkovito. Prav tako pomagajo zmanj\u0161ati obrabo, kar zagotavlja, da lahko menjalnik deluje dlje \u010dasa brez potrebe po pogostih popravilih. Pravilno mazanje le\u017eajev je klju\u010dnega pomena za prepre\u010devanje pregrevanja in ohranjanje optimalne zmogljivosti, zato so \u0161tevilni menjalniki opremljeni z integriranim sistemom mazanja, ki zagotavlja, da so vsi gibljivi deli dobro naoljeni.<\/p>\n<p>The <strong>tesnila<\/strong> v menjalniku igrajo klju\u010dno vlogo pri prepre\u010devanju vdora onesna\u017eevalcev, kot so umazanija, poko\u0161ena trava in voda. Ta tesnila pomagajo ohranjati celovitost mazanja znotraj menjalnika in \u0161\u010ditijo notranje zobnike pred po\u0161kodbami. Brez ustreznega tesnjenja lahko v menjalnik vstopijo ostanki in povzro\u010dijo znatno \u0161kodo na komponentah, kar povzro\u010di draga popravila in izpade. Zato tesnila zagotavljajo u\u010dinkovitost menjalnika in podalj\u0161ujejo celotno \u017eivljenjsko dobo kosilnice.<\/p>\n<p>Nekateri napredni menjalniki rotacijskih kosilnic so opremljeni z dodatnimi <strong>funkcije, kot so nastavljivi zobniki<\/strong> ki upravljavcem omogo\u010dajo spreminjanje vi\u0161ine ko\u0161nje. Ta funkcija je \u0161e posebej uporabna pri razli\u010dnih pogojih ko\u0161nje, na primer pri prehodu s ko\u0161nje trave na ko\u0161njo gostej\u0161e vegetacije. Mo\u017enost prilagajanja vi\u0161ine zagotavlja \u010distej\u0161o in u\u010dinkovitej\u0161o ko\u0161njo, kar upravljavcu omogo\u010da ve\u010dji nadzor nad postopkom ko\u0161nje. Poleg tega nekateri menjalniki vklju\u010dujejo tudi <strong>mehanizem sklopke<\/strong> ki izklopi rezila, ko kosilnica ni v uporabi. To pomaga prepre\u010diti nepotrebno obrabo rezil in zmanj\u0161a tveganje po\u0161kodb, ko kosilnica miruje.<\/p>\n<p>Poleg menjalnika za rotacijsko kosilnico TF-26A ponujamo tudi vrsto drugih kmetijskih menjalnikov, zasnovanih za posebne namene. Ne glede na to, ali gre za te\u017eko industrijsko uporabo ali la\u017eja opravila, na\u0161a ponudba menjalnikov zagotavlja, da lahko vsak uporabnik najde pravi menjalnik, ki ustreza njegovim potrebam glede kosilnice in delovanja.<\/p>\n<p>Skratka, visokokakovosten menjalnik rotacijske kosilnice je bistvenega pomena za zagotavljanje u\u010dinkovitega delovanja, zmanj\u0161anje obrabe in podalj\u0161anje \u017eivljenjske dobe kosilnice. Z lastnostmi, kot so trpe\u017eno ohi\u0161je, u\u010dinkoviti le\u017eaji, za\u0161\u010ditna tesnila, nastavljivi zobniki in mehanizmi sklopke, ti menjalniki prispevajo k nemotenemu in zanesljivemu delovanju rotacijskih kosilnic v razli\u010dnih okoljih.<\/p>\n<p><img loading=\"lazy\" decoding=\"async\" class=\"alignnone size-full wp-image-1940\" src=\"https:\/\/fmp-components.com\/wp-content\/uploads\/2024\/12\/Rotary-Mower-Gearbox23.webp\" alt=\"Menjalnik rotacijske kosilnice\" width=\"1000\" height=\"1000\" title=\"\" srcset=\"https:\/\/fmp-components.com\/wp-content\/uploads\/2024\/12\/Rotary-Mower-Gearbox23.webp 1000w, https:\/\/fmp-components.com\/wp-content\/uploads\/2024\/12\/Rotary-Mower-Gearbox23-980x980.webp 980w, https:\/\/fmp-components.com\/wp-content\/uploads\/2024\/12\/Rotary-Mower-Gearbox23-480x480.webp 480w\" sizes=\"(min-width: 0px) and (max-width: 480px) 480px, (min-width: 481px) and (max-width: 980px) 980px, (min-width: 981px) 1000px, 100vw\" \/><\/p>\n<h3>Kardanske gredi naprodaj<\/h3>\n<p>Pri FMP ponujamo celovit izbor visokokakovostnih kardanskih gredi (PTO), posebej zasnovanih za uporabo s kmetijskimi menjalniki, vklju\u010dno z menjalniki rotacijskih kosilnic. Kardanska gred igra klju\u010dno vlogo pri prenosu mehanske mo\u010di iz motorja traktorja na kmetijsko mehanizacijo. Deluje s hitrostmi od 540 do 1000 vrt\/min, odvisno od specifi\u010dnih zahtev uporabe.<\/p>\n<p>Na\u0161e kardanske gredi so zasnovane z mislijo na vzdr\u017eljivost in u\u010dinkovitost, saj imajo robustno konstrukcijo in vili\u010darje na obeh koncih za brezhibno povezavo z menjalnikom. Te gredi so na voljo v razli\u010dnih navornih vrednostih, kar vam omogo\u010da, da izberete pravo mo\u017enost glede na potrebe va\u0161ega stroja po mo\u010di. Ne glede na to, ali delate z lahko ali te\u017eko opremo, ponujamo kardanske gredi, prilagojene za optimalno delovanje.<\/p>\n<p>Poleg \u0161iroke ponudbe standardnih kardanskih gredi FMP ponuja tudi prilagojene re\u0161itve, ki ustrezajo specifi\u010dnim zahtevam va\u0161e mehanizacije. Ne glede na to, ali potrebujete prilagoditve dol\u017eine, navora ali drugih specifikacij, lahko na\u010drtujemo in izdelamo kardanske gredi, ki natan\u010dno ustrezajo va\u0161im potrebam.<\/p>\n<p>\u010ce i\u0161\u010dete visokozmogljive kardanske gredi, ki zagotavljajo nemoten prenos mo\u010di in dolgotrajno delovanje, nas brez oklevanja kontaktirajte. Za ve\u010d informacij ali za razpravo o va\u0161ih potrebah po meri glede kardanske gredi nas kontaktirajte \u0161e danes!<\/p>\n<p><img loading=\"lazy\" decoding=\"async\" class=\"alignnone wp-image-1941\" src=\"https:\/\/fmp-components.com\/wp-content\/uploads\/2024\/12\/rotary-mower-gearbox-and-pto-drive-shaft.webp\" alt=\"Menjalnik rotacijske kosilnice\" width=\"873\" height=\"641\" title=\"\" srcset=\"https:\/\/fmp-components.com\/wp-content\/uploads\/2024\/12\/rotary-mower-gearbox-and-pto-drive-shaft.webp 873w, https:\/\/fmp-components.com\/wp-content\/uploads\/2024\/12\/rotary-mower-gearbox-and-pto-drive-shaft-480x353.webp 480w\" sizes=\"(min-width: 0px) and (max-width: 480px) 480px, (min-width: 481px) 873px, 100vw\" \/><\/p>\n<h3>O FMP-ju<\/h3>\n<p>FMP s sede\u017eem v Italiji je ugledno vodilno podjetje na podro\u010dju raziskav, razvoja in proizvodnje menjalnikov, reduktorjev in in\u017eenirskih strojev. Znano po svoji osredoto\u010denosti na inovacije, kakovost in razvoj talentov, se je FMP uveljavilo kot pomemben akter v strojni\u0161kem sektorju. Podjetje si je prislu\u017eilo tako doma\u010de kot mednarodno priznanje za svojo predanost nenehnemu izbolj\u0161evanju in odli\u010dnosti, zaradi \u010desar je zaupanja vreden partner v \u0161tevilnih panogah.<\/p>\n<p>FMP ponuja \u0161iroko paleto visokozmogljivih izdelkov, vklju\u010dno s spiralno sto\u017e\u010dastimi menjalniki, \u010delnimi menjalniki, pol\u017eastimi menjalniki, cilindri\u010dnimi menjalniki ter visokotla\u010dno litimi ohi\u0161ji ventilov. Ti izdelki so zasnovani natan\u010dno, da zadostijo edinstvenim potrebam razli\u010dnih aplikacij. Ne glede na to, ali gre za te\u017eke industrijske stroje ali specializirano kmetijsko opremo, menjalniki FMP zagotavljajo zanesljivo delovanje in vzdr\u017eljivost.<\/p>\n<p>Menjalniki in komponente podjetja se pogosto uporabljajo v razli\u010dnih panogah, od kmetijstva, pridobivanja nafte, pomorskih sistemov do hidravli\u010dnega in\u017eenirstva. V kmetijstvu izdelki FMP poganjajo klju\u010dne stroje, kot so rotacijske kosilnice, sne\u017eni pometa\u010di, trosilniki gnojil in transporterji za \u017eito. Ta vsestranskost dokazuje sposobnost podjetja FMP, da razli\u010dnim panogam ponudi visokokakovostne re\u0161itve, ki pove\u010dujejo u\u010dinkovitost in produktivnost.<\/p>\n<p>Zavezanost podjetja FMP k napredni proizvodni odli\u010dnosti se odra\u017ea v njegovih strogih proizvodnih procesih. Od za\u010detne faze na\u010drtovanja do kon\u010dne monta\u017ee je vsak izdelek izdelan tako, da izpolnjuje najvi\u0161je standarde kakovosti. Podjetje uporablja le visokokakovostne materiale, kot so lito \u017eelezo in aluminijeve zlitine, kar zagotavlja vzdr\u017eljivost in optimalno delovanje. Za natan\u010dno izdelavo vsake komponente se uporabljajo natan\u010dne tehnike obdelave, vklju\u010dno s stru\u017eenjem in rezkanjem. Postopki nadzora kakovosti podjetja FMP zagotavljajo, da vsak izdelek deluje zanesljivo, s poudarkom na poravnavi, mazanju in dolgoro\u010dni odpornosti proti obrabi.<\/p>\n<p>Kot podjetje, ki ceni zadovoljstvo strank in inovacije, FMP \u0161e naprej gradi na svojem mo\u010dnem slovesu zagotavljanja visoko zmogljivih izdelkov. Podjetje je odprto za globalna partnerstva in sodelovanja ter ponuja prilagojene re\u0161itve za zadovoljevanje specifi\u010dnih potreb strank. Za ve\u010d informacij ali za razpravo o morebitnem sodelovanju se lahko stranke preprosto obrnejo na FMP po telefonu ali e-po\u0161ti, kar utrjuje zavezanost podjetja k izjemnim storitvam in visokokakovostnim re\u0161itvam.<\/p>\n<p><img loading=\"lazy\" decoding=\"async\" class=\"alignnone size-full wp-image-1861\" src=\"https:\/\/fmp-components.com\/wp-content\/uploads\/2024\/12\/Other-Agricultural-Gearboxes.webp\" alt=\"Drugi kmetijski menjalniki\" width=\"1200\" height=\"1400\" title=\"\" srcset=\"https:\/\/fmp-components.com\/wp-content\/uploads\/2024\/12\/Other-Agricultural-Gearboxes.webp 1200w, https:\/\/fmp-components.com\/wp-content\/uploads\/2024\/12\/Other-Agricultural-Gearboxes-980x1143.webp 980w, https:\/\/fmp-components.com\/wp-content\/uploads\/2024\/12\/Other-Agricultural-Gearboxes-480x560.webp 480w\" sizes=\"(min-width: 0px) and (max-width: 480px) 480px, (min-width: 481px) and (max-width: 980px) 980px, (min-width: 981px) 1200px, 100vw\" \/><\/p>\n<p>Avtor: CX<\/p>","protected":false},"excerpt":{"rendered":"<p>Rotary Mower Gearbox TF-26A\u00a0Specifications i N1[rpm] P1[kW] M2[Nm] Shaft Type Input X Y Z 1.84 540 66.0 615 1&#8221; 3\/8 Z6 1&#8221; 3\/8 Z6 Hub connection Y 1.47 540 66.0 770 1&#8221; 3\/8 Z6 1&#8221; 3\/8 Z6 Hub connection Y Features of Rotary Mower Gearbox The gearbox is a vital component of a rotary mower, [&hellip;]<\/p>","protected":false},"featured_media":1942,"comment_status":"open","ping_status":"closed","template":"","meta":{"_et_pb_use_builder":"","_et_pb_old_content":"","_et_gb_content_width":""},"product_brand":[],"product_cat":[51],"product_tag":[],"class_list":{"0":"post-1938","1":"product","2":"type-product","3":"status-publish","4":"has-post-thumbnail","6":"product_cat-rotary-mower-gearbox","8":"first","9":"instock","10":"shipping-taxable","11":"product-type-simple"},"_links":{"self":[{"href":"https:\/\/fmp-components.com\/sl\/wp-json\/wp\/v2\/product\/1938","targetHints":{"allow":["GET"]}}],"collection":[{"href":"https:\/\/fmp-components.com\/sl\/wp-json\/wp\/v2\/product"}],"about":[{"href":"https:\/\/fmp-components.com\/sl\/wp-json\/wp\/v2\/types\/product"}],"replies":[{"embeddable":true,"href":"https:\/\/fmp-components.com\/sl\/wp-json\/wp\/v2\/comments?post=1938"}],"wp:featuredmedia":[{"embeddable":true,"href":"https:\/\/fmp-components.com\/sl\/wp-json\/wp\/v2\/media\/1942"}],"wp:attachment":[{"href":"https:\/\/fmp-components.com\/sl\/wp-json\/wp\/v2\/media?parent=1938"}],"wp:term":[{"taxonomy":"product_brand","embeddable":true,"href":"https:\/\/fmp-components.com\/sl\/wp-json\/wp\/v2\/product_brand?post=1938"},{"taxonomy":"product_cat","embeddable":true,"href":"https:\/\/fmp-components.com\/sl\/wp-json\/wp\/v2\/product_cat?post=1938"},{"taxonomy":"product_tag","embeddable":true,"href":"https:\/\/fmp-components.com\/sl\/wp-json\/wp\/v2\/product_tag?post=1938"}],"curies":[{"name":"delovni list","href":"https:\/\/api.w.org\/{rel}","templated":true}]}}