{"id":1910,"date":"2024-12-26T00:29:38","date_gmt":"2024-12-26T00:29:38","guid":{"rendered":"https:\/\/fmp-components.com\/?page_id=8"},"modified":"2024-12-26T00:48:00","modified_gmt":"2024-12-26T00:48:00","slug":"rotary-mower-gearboxes-replacement-of-comer-code-lf-149b-11","status":"publish","type":"product","link":"https:\/\/fmp-components.com\/sl\/product\/rotary-mower-gearboxes-replacement-of-comer-code-lf-149b-11\/","title":{"rendered":"Menjalniki rotacijskih kosilnic \u2013 zamenjava Comer Code LF-149B 1:1"},"content":{"rendered":"<p><img loading=\"lazy\" decoding=\"async\" class=\"alignnone size-full wp-image-1918\" src=\"https:\/\/fmp-components.com\/wp-content\/uploads\/2024\/12\/Rotary-Mower-Gearbox19.webp\" alt=\"Menjalnik rotacijske kosilnice\" width=\"773\" height=\"766\" title=\"\" srcset=\"https:\/\/fmp-components.com\/wp-content\/uploads\/2024\/12\/Rotary-Mower-Gearbox19.webp 773w, https:\/\/fmp-components.com\/wp-content\/uploads\/2024\/12\/Rotary-Mower-Gearbox19-480x476.webp 480w\" sizes=\"(min-width: 0px) and (max-width: 480px) 480px, (min-width: 481px) 773px, 100vw\" \/><\/p>\n<h2>Specifikacije menjalnika rotacijske kosilnice LF-149B (1:1)<\/h2>\n<p><img loading=\"lazy\" decoding=\"async\" class=\"alignnone size-full wp-image-1917\" src=\"https:\/\/fmp-components.com\/wp-content\/uploads\/2024\/12\/Rotary-Mower-Gearbox-LF-149B-Specifications.webp\" alt=\"Menjalnik rotacijske kosilnice LF-149B - Specifikacije\" width=\"1307\" height=\"872\" title=\"\" srcset=\"https:\/\/fmp-components.com\/wp-content\/uploads\/2024\/12\/Rotary-Mower-Gearbox-LF-149B-Specifications.webp 1307w, https:\/\/fmp-components.com\/wp-content\/uploads\/2024\/12\/Rotary-Mower-Gearbox-LF-149B-Specifications-1280x854.webp 1280w, https:\/\/fmp-components.com\/wp-content\/uploads\/2024\/12\/Rotary-Mower-Gearbox-LF-149B-Specifications-980x654.webp 980w, https:\/\/fmp-components.com\/wp-content\/uploads\/2024\/12\/Rotary-Mower-Gearbox-LF-149B-Specifications-480x320.webp 480w\" sizes=\"(min-width: 0px) and (max-width: 480px) 480px, (min-width: 481px) and (max-width: 980px) 980px, (min-width: 981px) and (max-width: 1280px) 1280px, (min-width: 1281px) 1307px, 100vw\" \/><\/p>\n<p><img loading=\"lazy\" decoding=\"async\" class=\"alignnone size-full wp-image-1916\" src=\"https:\/\/fmp-components.com\/wp-content\/uploads\/2024\/12\/Rotary-Mower-Gearbox-LF-149B-Specifications-1.webp\" alt=\"Menjalnik rotacijske kosilnice LF-149B - Specifikacije\" width=\"1331\" height=\"316\" title=\"\" srcset=\"https:\/\/fmp-components.com\/wp-content\/uploads\/2024\/12\/Rotary-Mower-Gearbox-LF-149B-Specifications-1.webp 1331w, https:\/\/fmp-components.com\/wp-content\/uploads\/2024\/12\/Rotary-Mower-Gearbox-LF-149B-Specifications-1-1280x304.webp 1280w, https:\/\/fmp-components.com\/wp-content\/uploads\/2024\/12\/Rotary-Mower-Gearbox-LF-149B-Specifications-1-980x233.webp 980w, https:\/\/fmp-components.com\/wp-content\/uploads\/2024\/12\/Rotary-Mower-Gearbox-LF-149B-Specifications-1-480x114.webp 480w\" sizes=\"(min-width: 0px) and (max-width: 480px) 480px, (min-width: 481px) and (max-width: 980px) 980px, (min-width: 981px) and (max-width: 1280px) 1280px, (min-width: 1281px) 1331px, 100vw\" \/><\/p>\n<table class=\"kh-1xzm1su\" border=\"1\" cellspacing=\"0\" cellpadding=\"0\" data-intent=\"lists-product-attributes\" data-test-id=\"attributes-list\">\n<tbody class=\"kh-1ago99h\">\n<tr id=\"alexis#custom#item-id\" class=\"kh-bwvum6\" data-test-id=\"attribute-row\">\n<th class=\"kh-10oizfy\">Opis izdelka<\/th>\n<td class=\"kh-1f5nhat\">\n<div class=\"kh-pkx4zo\">Menjalniki rotacijskih kosilnic \u2013 Zamenjava menjalnika Comer LF-149B 1:1<\/div>\n<\/td>\n<\/tr>\n<tr id=\"attProductDetails\" class=\"kh-bwvum6\" data-test-id=\"attribute-row\">\n<th class=\"kh-10oizfy\">Podrobnosti o izdelku<\/th>\n<td class=\"kh-1f5nhat\">\n<ul>\n<li class=\"kh-16zd49f\">Vsi menjalniki so dobavljeni brez olja.<\/li>\n<li class=\"kh-16zd49f\">Prva menjava olja po 50\u201370 obratovalnih urah, nato po 500\u2013700 obratovalnih urah ali vsaj enkrat letno.<\/li>\n<li class=\"kh-16zd49f\">Za mo\u010d pri druga\u010dnem \u0161tevilu vrtljajev nas kontaktirajte.<\/li>\n<\/ul>\n<\/td>\n<\/tr>\n<tr id=\"taMaxInputPowerKw\" class=\"kh-bwvum6\" data-test-id=\"attribute-row\">\n<th class=\"kh-10oizfy\">Maks. vhodna mo\u010d<\/th>\n<td class=\"kh-1f5nhat\">\n<div class=\"kh-pkx4zo\">47 kW<\/div>\n<\/td>\n<\/tr>\n<tr id=\"taContainsOil\" class=\"kh-bwvum6\" data-test-id=\"attribute-row\">\n<th class=\"kh-10oizfy\">Vsebuje olje<\/th>\n<td class=\"kh-1f5nhat\">\n<div class=\"kh-pkx4zo\">Ne<\/div>\n<\/td>\n<\/tr>\n<tr id=\"taMaxOilCapacityL\" class=\"kh-bwvum6\" data-test-id=\"attribute-row\">\n<th class=\"kh-10oizfy\">Najve\u010dja prostornina olja<\/th>\n<td class=\"kh-1f5nhat\">\n<div class=\"kh-pkx4zo\">0,8 l<\/div>\n<\/td>\n<\/tr>\n<tr id=\"taMaxOilChangeIntervalH\" class=\"kh-bwvum6\" data-test-id=\"attribute-row\">\n<th class=\"kh-10oizfy\">Maks. interval menjave olja<\/th>\n<td class=\"kh-1f5nhat\">\n<div class=\"kh-pkx4zo\">500 ur<\/div>\n<\/td>\n<\/tr>\n<tr id=\"taOilSAEViscosityGrade\" class=\"kh-bwvum6\" data-test-id=\"attribute-row\">\n<th class=\"kh-10oizfy\">Viskoznost olja SAE<\/th>\n<td class=\"kh-1f5nhat\">\n<div class=\"kh-pkx4zo\">80W-90<\/div>\n<\/td>\n<\/tr>\n<tr id=\"taHousingMaterial_16\" class=\"kh-bwvum6\" data-test-id=\"attribute-row\">\n<th class=\"kh-10oizfy\">Material ohi\u0161ja<\/th>\n<td class=\"kh-1f5nhat\">\n<div class=\"kh-pkx4zo\">Lito \u017eelezo GGG40<\/div>\n<\/td>\n<\/tr>\n<tr id=\"taWeightKg_75\" class=\"kh-bwvum6\" data-test-id=\"attribute-row\">\n<th class=\"kh-10oizfy\">Te\u017ea<\/th>\n<td class=\"kh-1f5nhat\">\n<div class=\"kh-pkx4zo\">33,4 kg<\/div>\n<\/td>\n<\/tr>\n<tr id=\"taGearArrangementInc\" class=\"kh-bwvum6\" data-test-id=\"attribute-row\">\n<th class=\"kh-10oizfy\">Razporeditev zobnikov Pove\u010danje<\/th>\n<td class=\"kh-1f5nhat\">\n<div class=\"kh-pkx4zo\">3<\/div>\n<\/td>\n<\/tr>\n<tr id=\"taGearRatio\" class=\"kh-bwvum6\" data-test-id=\"attribute-row\">\n<th class=\"kh-10oizfy\">Prestavno razmerje<\/th>\n<td class=\"kh-1f5nhat\">\n<div class=\"kh-pkx4zo\">1:1<\/div>\n<\/td>\n<\/tr>\n<tr id=\"taInputPowerKwHpInc\" class=\"kh-bwvum6\" data-test-id=\"attribute-row\">\n<th class=\"kh-10oizfy\">Vhodna mo\u010d kW \/ KM Nara\u0161\u010da<\/th>\n<td class=\"kh-1f5nhat\">\n<div class=\"kh-pkx4zo\">47 \/ 55 kW\/KM<\/div>\n<\/td>\n<\/tr>\n<tr id=\"taInputShaftIncreasi\" class=\"kh-bwvum6\" data-test-id=\"attribute-row\">\n<th class=\"kh-10oizfy\">Vhodna gred Pove\u010danje<\/th>\n<td class=\"kh-1f5nhat\">\n<div class=\"kh-pkx4zo\">\u017d<\/div>\n<\/td>\n<\/tr>\n<tr id=\"taNSOutputTorqueDaNm_1\" class=\"kh-bwvum6\" data-test-id=\"attribute-row\">\n<th class=\"kh-10oizfy\">Izhodni navor DaNm se pove\u010duje<\/th>\n<td class=\"kh-1f5nhat\">\n<div class=\"kh-pkx4zo\">81 daNm<\/div>\n<\/td>\n<\/tr>\n<tr id=\"taRatioIncreasing\" class=\"kh-bwvum6\" data-test-id=\"attribute-row\">\n<th class=\"kh-10oizfy\">Pove\u010danje razmerja<\/th>\n<td class=\"kh-1f5nhat\">\n<div class=\"kh-pkx4zo\">1: 1<\/div>\n<\/td>\n<\/tr>\n<tr id=\"taRatioReducing\" class=\"kh-bwvum6\" data-test-id=\"attribute-row\">\n<th class=\"kh-10oizfy\">Zmanj\u0161anje razmerja<\/th>\n<td class=\"kh-1f5nhat\">\n<div class=\"kh-pkx4zo\">1: 1<\/div>\n<\/td>\n<\/tr>\n<tr id=\"taShaftX\" class=\"kh-bwvum6\" data-test-id=\"attribute-row\">\n<th class=\"kh-10oizfy\">Gred Z<\/th>\n<td class=\"kh-1f5nhat\">\n<div class=\"kh-pkx4zo\">1 3\/8&#8243; (21)<\/div>\n<\/td>\n<\/tr>\n<\/tbody>\n<\/table>\n<h3>Kmetijska kardanska gred in menjalnik rotacijske kosilnice<\/h3>\n<p>Kardanska gred (PTO) je bistvena mehanska komponenta, ki se uporablja za prenos mo\u010di iz motorja traktorja na razli\u010dne priklju\u010dene priklju\u010dke, kot so menjalniki rotacijskih kosilnic. Kardanska gred je neposredno povezana z izhodom motorja traktorja in prena\u0161a tako mo\u010d kot navor na opremo, na katero je priklju\u010dena. To omogo\u010da u\u010dinkovito delovanje te\u017ekih strojev, kot so kosilnice, freze in drugo kmetijsko orodje.<\/p>\n<p>Menjalnik rotacijske kosilnice igra klju\u010dno vlogo pri ko\u0161nji, saj pretvarja visoko hitrost vrtenja kardanske gredi v po\u010dasnej\u0161e vrtenje z visokim navorom, potrebno za delovanje rezil kosilnice. Ta pretvorba zagotavlja, da rezila kosilnice ustvarijo dovolj sile za u\u010dinkovito ko\u0161njo goste trave in vegetacije. Z zvi\u0161anjem navora in zmanj\u0161anjem hitrosti menjalnik optimizira mo\u010d, ki se prena\u0161a iz motorja, kar zagotavlja nemoteno in u\u010dinkovito ko\u0161njo.<\/p>\n<p>Kombinacija kmetijske kardanske gredi in menjalnika rotacijske kosilnice je \u0161iroko sprejeta metoda za vzdr\u017eevanje velikih povr\u0161in zemlji\u0161\u010d, kot so kmetije, pa\u0161niki in polja. Ta sistem ponuja zmogljivo in u\u010dinkovito re\u0161itev za ko\u0161njo velikih povr\u0161in, ki pomaga kmetom, krajinarjem in lastnikom zemlji\u0161\u010d pri enostavnem upravljanju njihovih posesti.<\/p>\n<h3>Kako deluje:<\/h3>\n<p>Za delovanje kardanske gredi in menjalnika rotacijske kosilnice se kardanska gred najprej priklju\u010di na izhod kardanske gredi traktorja. Drugi konec gredi je priklju\u010den na vhod menjalnika rotacijske kosilnice. Ko je vklopljena, kardanska gred dovaja vrtilno mo\u010d menjalniku. Menjalnik nato pove\u010da navor, hkrati pa upo\u010dasni hitrost vrtenja, kar poganja rezila kosilnice, da se vrtijo z optimalno hitrostjo za ko\u0161njo. Hitro vrte\u010da se rezila re\u017eejo travo, celoten sistem pa nadaljuje z delom po polju, kar zagotavlja \u010disto in u\u010dinkovito ko\u0161njo.<\/p>\n<h3>Klju\u010dne prednosti:<\/h3>\n<ol>\n<li><strong>U\u010dinkovito vzdr\u017eevanje zemlji\u0161\u010d<\/strong>Ta sistem omogo\u010da hitro in u\u010dinkovito ko\u0161njo velikih polj, zaradi \u010desar je bistveno orodje za vzdr\u017eevanje kmetijstva.<\/li>\n<li><strong>Zmogljiva zmogljivost<\/strong>Kombinacija mo\u010di kardanske gredi in menjalnika z ve\u010djim navorom zagotavlja enostavno ko\u0161njo tudi trde, goste trave, kar zagotavlja dosledno delovanje v razli\u010dnih pogojih.<\/li>\n<li><strong>Vzdr\u017eljivost in zanesljivost<\/strong>Tako kardanska gred kot menjalnik rotacijske kosilnice sta izdelana tako, da preneseta zahtevna kmetijska okolja, kar zagotavlja dolgotrajno vzdr\u017eljivost in zanesljivo delovanje.<\/li>\n<li><strong>Prihranek \u010dasa<\/strong>Uporaba kardanske gredi in menjalnika rotacijske kosilnice omogo\u010da hitrej\u0161o ko\u0161njo v primerjavi s tradicionalnimi metodami, kar zmanj\u0161uje \u010das, porabljen za vzdr\u017eevanje zemlji\u0161\u010d.<\/li>\n<\/ol>\n<p>Na splo\u0161no sta kardanska gred in menjalnik rotacijske kosilnice nepogre\u0161ljiva orodja za u\u010dinkovito in uspe\u0161no upravljanje zemlji\u0161\u010d. Zagotavljata potrebno mo\u010d za ko\u0161njo v velikem obsegu, kar kmetom in lastnikom zemlji\u0161\u010d zagotavlja, da lahko ohranijo svoja posestva v vrhunskem stanju z minimalnim naporom in \u010dasom. Ta robusten sistem znatno pove\u010da produktivnost, zmanj\u0161a obratovalne stro\u0161ke in omogo\u010da redno vzdr\u017eevanje zemlji\u0161\u010d, zlasti na obmo\u010djih z gosto vegetacijo.<\/p>\n<table style=\"width: 100%; height: 284px;\" border=\"1\" width=\"100%\" cellspacing=\"0\" cellpadding=\"0\">\n<tbody>\n<tr style=\"height: 284px;\">\n<td style=\"width: 49.784%; height: 284px;\" width=\"110\"><img loading=\"lazy\" decoding=\"async\" class=\"alignnone wp-image-1914\" src=\"https:\/\/fmp-components.com\/wp-content\/uploads\/2024\/12\/Agricultural-PTO-Shaft-and-Rotary-Mower-Gearbox-32.webp\" alt=\"Kmetijska kardanska gred in menjalnik rotacijske kosilnice\" width=\"462\" height=\"286\" title=\"\"><\/td>\n<td style=\"width: 50%; height: 284px;\" width=\"98\"><img loading=\"lazy\" decoding=\"async\" class=\"alignnone wp-image-1913\" src=\"https:\/\/fmp-components.com\/wp-content\/uploads\/2024\/12\/Agricultural-PTO-Shaft-and-Rotary-Mower-Gearbox-31.webp\" alt=\"Kmetijska kardanska gred in menjalnik rotacijske kosilnice\" width=\"463\" height=\"287\" title=\"\"><\/td>\n<\/tr>\n<\/tbody>\n<\/table>\n<h3>O FMP-ju<\/h3>\n<p>FMP s sede\u017eem v Italiji je priznano podjetje, specializirano za raziskave, razvoj in proizvodnjo menjalnikov, reduktorjev in in\u017eenirskih strojev. FMP, ki se je uveljavil kot vodilni v panogi, si je ugled zgradil s poudarkom na inovacijah, kakovosti in mo\u010dni zavezanosti spodbujanju talentov, s \u010dimer se je pozicioniral kot klju\u010dni akter v strojni\u0161kem sektorju.<\/p>\n<p><strong>Celovita ponudba izdelkov<\/strong><\/p>\n<p>FMP ponuja \u0161iroko paleto visokozmogljivih izdelkov, zasnovanih za zadovoljevanje razli\u010dnih potreb industrije. Njihov portfelj vklju\u010duje spiralne sto\u017e\u010daste menjalnike, \u010delne menjalnike, pol\u017easte menjalnike, cilindri\u010dne menjalnike ter ohi\u0161ja in ohi\u0161ja ventilov iz visokotla\u010dnega lita. Vsak izdelek je izdelan z natan\u010dnostjo, da zagotavlja zanesljivo in u\u010dinkovito delovanje v razli\u010dnih aplikacijah.<\/p>\n<p><strong>\u0160iroka uporaba v razli\u010dnih panogah<\/strong><\/p>\n<p>Izdelki podjetja FMP so vsestranski in slu\u017eijo \u0161irokemu spektru panog, vklju\u010dno s kmetijstvom, kjer poganjajo opremo, kot so rotacijske kosilnice, sne\u017eni pometa\u010di, trosilniki gnojil in transporterji za \u017eito. Poleg tega FMP dobavlja industrijske stroje za pridobivanje nafte, pomorske aplikacije in hidravli\u010dne komponente, kar dokazuje prilagodljivost in doseg njihove ponudbe izdelkov.<\/p>\n<p><strong>Napredna proizvodna odli\u010dnost<\/strong><\/p>\n<p>Proizvodni proces podjetja FMP je dokaz njihove zavezanosti kakovosti in natan\u010dnosti. Od zasnove izdelka do izbire materiala podjetje zagotavlja, da je vsak korak prilagojen specifi\u010dnim potrebam strank. Visokokakovostni materiali, kot so lito \u017eelezo in aluminijeve zlitine, so izbrani zaradi vzdr\u017eljivosti, napredne tehnike obdelave, vklju\u010dno s stru\u017eenjem in rezkanjem, pa zagotavljajo natan\u010dnost vsake komponente. Postopek sestavljanja je natan\u010den, s poudarkom na poravnavi in \u200b\u200bmazanju, toplotna in povr\u0161inska obdelava pa izbolj\u0161ata trdnost, odpornost proti obrabi in videz. Strogi ukrepi nadzora kakovosti zagotavljajo, da vsak izdelek izpolnjuje standarde delovanja za stabilnost in zanesljivost.<\/p>\n<p><strong>Ugled v panogi in globalna partnerstva<\/strong><\/p>\n<p>FMP-jeva predanost kakovosti, inovacijam in zadovoljstvu strank si je v predelovalni industriji prislu\u017eila odli\u010den sloves. Podjetje \u0161e naprej gradi na svoji zapu\u0161\u010dini z uporabo napredne tehnologije in izdelave. FMP pozdravlja globalna partnerstva in sodelovanja ter je zavezan zagotavljanju prilagojenih re\u0161itev, ki ustrezajo edinstvenim potrebam strank po vsem svetu. Za ve\u010d informacij o izdelkih in storitvah se lahko potencialni partnerji preprosto obrnejo nanje po telefonu ali e-po\u0161ti, kar utrjuje FMP-jevo zavezanost odli\u010dnosti, ki jo osredoto\u010dajo stranke.<\/p>\n<p><img loading=\"lazy\" decoding=\"async\" class=\"alignnone size-full wp-image-1861\" src=\"https:\/\/fmp-components.com\/wp-content\/uploads\/2024\/12\/Other-Agricultural-Gearboxes.webp\" alt=\"Drugi kmetijski menjalniki\" width=\"1200\" height=\"1400\" title=\"\" srcset=\"https:\/\/fmp-components.com\/wp-content\/uploads\/2024\/12\/Other-Agricultural-Gearboxes.webp 1200w, https:\/\/fmp-components.com\/wp-content\/uploads\/2024\/12\/Other-Agricultural-Gearboxes-980x1143.webp 980w, https:\/\/fmp-components.com\/wp-content\/uploads\/2024\/12\/Other-Agricultural-Gearboxes-480x560.webp 480w\" sizes=\"(min-width: 0px) and (max-width: 480px) 480px, (min-width: 481px) and (max-width: 980px) 980px, (min-width: 981px) 1200px, 100vw\" \/><\/p>\n<p>Avtor: CX<\/p>\n<p>&nbsp;<\/p>","protected":false},"excerpt":{"rendered":"<p>Specifications of Rotary Mower Gearbox LF-149B (1:1) Product Description Rotary Mower Gearboxes &#8211; Replacement of Comer Gearbox LF-149B 1:1 Product details All gearboxes are supplied without oil. First oil change after 50-70 operating hours, then after 500-700 operating hours or at least once a year. Contact us for power at a different RPM. Max. input [&hellip;]<\/p>","protected":false},"featured_media":1918,"comment_status":"open","ping_status":"closed","template":"","meta":{"_et_pb_use_builder":"","_et_pb_old_content":"","_et_gb_content_width":""},"product_brand":[],"product_cat":[51],"product_tag":[],"class_list":{"0":"post-1910","1":"product","2":"type-product","3":"status-publish","4":"has-post-thumbnail","6":"product_cat-rotary-mower-gearbox","8":"first","9":"instock","10":"shipping-taxable","11":"product-type-simple"},"_links":{"self":[{"href":"https:\/\/fmp-components.com\/sl\/wp-json\/wp\/v2\/product\/1910","targetHints":{"allow":["GET"]}}],"collection":[{"href":"https:\/\/fmp-components.com\/sl\/wp-json\/wp\/v2\/product"}],"about":[{"href":"https:\/\/fmp-components.com\/sl\/wp-json\/wp\/v2\/types\/product"}],"replies":[{"embeddable":true,"href":"https:\/\/fmp-components.com\/sl\/wp-json\/wp\/v2\/comments?post=1910"}],"wp:featuredmedia":[{"embeddable":true,"href":"https:\/\/fmp-components.com\/sl\/wp-json\/wp\/v2\/media\/1918"}],"wp:attachment":[{"href":"https:\/\/fmp-components.com\/sl\/wp-json\/wp\/v2\/media?parent=1910"}],"wp:term":[{"taxonomy":"product_brand","embeddable":true,"href":"https:\/\/fmp-components.com\/sl\/wp-json\/wp\/v2\/product_brand?post=1910"},{"taxonomy":"product_cat","embeddable":true,"href":"https:\/\/fmp-components.com\/sl\/wp-json\/wp\/v2\/product_cat?post=1910"},{"taxonomy":"product_tag","embeddable":true,"href":"https:\/\/fmp-components.com\/sl\/wp-json\/wp\/v2\/product_tag?post=1910"}],"curies":[{"name":"delovni list","href":"https:\/\/api.w.org\/{rel}","templated":true}]}}