{"id":1895,"date":"2024-12-24T08:55:37","date_gmt":"2024-12-24T08:55:37","guid":{"rendered":"https:\/\/fmp-components.com\/?page_id=8"},"modified":"2024-12-24T08:55:37","modified_gmt":"2024-12-24T08:55:37","slug":"rotary-mower-gearbox-replacement-of-comer-code-lf-32j","status":"publish","type":"product","link":"https:\/\/fmp-components.com\/sl\/product\/rotary-mower-gearbox-replacement-of-comer-code-lf-32j\/","title":{"rendered":"Menjalnik rotacijske kosilnice \u2013 zamenjava Comer Code LF-32J"},"content":{"rendered":"<h2>Specifikacije menjalnika rotacijske kosilnice LF-32J<\/h2>\n<p><img loading=\"lazy\" decoding=\"async\" class=\"alignnone size-full wp-image-1899\" src=\"https:\/\/fmp-components.com\/wp-content\/uploads\/2024\/12\/rotary-mower-gearbox-specification-lf32a.webp\" alt=\"menjalnik-rotacijske-kosilnice\" width=\"964\" height=\"434\" title=\"\" srcset=\"https:\/\/fmp-components.com\/wp-content\/uploads\/2024\/12\/rotary-mower-gearbox-specification-lf32a.webp 964w, https:\/\/fmp-components.com\/wp-content\/uploads\/2024\/12\/rotary-mower-gearbox-specification-lf32a-480x216.webp 480w\" sizes=\"(min-width: 0px) and (max-width: 480px) 480px, (min-width: 481px) 964px, 100vw\" \/><\/p>\n<table style=\"width: 98.6462%; height: 209px;\" border=\"1\">\n<tbody>\n<tr>\n<td><strong>jaz<\/strong><\/td>\n<td>1.93<\/td>\n<\/tr>\n<tr>\n<td><strong>S<sub>1<\/sub>[vrt\/min]<\/strong><\/td>\n<td>540<\/td>\n<\/tr>\n<tr>\n<td><strong>P<sub>1<\/sub>[kW]<\/strong><\/td>\n<td>44.1<\/td>\n<\/tr>\n<tr>\n<td><strong>M<sub>2<\/sub>[Nm]<\/strong><\/td>\n<td>393<\/td>\n<\/tr>\n<tr>\n<td><strong>Tip gredi X<\/strong><\/td>\n<td>1\u201d 3\/8 Z6<\/td>\n<\/tr>\n<tr>\n<td><strong>Tip gredi Z<\/strong><\/td>\n<td>Priklju\u010dek vozli\u0161\u010da<\/td>\n<\/tr>\n<tr>\n<td><strong>Vnos<\/strong><\/td>\n<td>X<\/td>\n<\/tr>\n<\/tbody>\n<\/table>\n<h3>Kardanske gredi za menjalnike rotacijskih kosilnic<\/h3>\n<p>Pri izbiri kardanske gredi (PTO) za menjalnik rotacijske kosilnice je klju\u010dnega pomena izbrati pravilne specifikacije, da se zagotovi optimalna zmogljivost in varnost. Kardanska gred slu\u017ei kot povezava med motorjem traktorja in menjalnikom ter prena\u0161a mo\u010d, potrebno za u\u010dinkovito delovanje rezil kosilnice.<\/p>\n<h4>Klju\u010dni dejavniki za izbiro prave kardanske gredi<\/h4>\n<ol>\n<li><strong>Pravilna dol\u017eina in premer:<\/strong> Dol\u017eino kardanske gredi je treba skrbno izmeriti, da ustreza va\u0161i specifi\u010dni uporabi. Merite od sredi\u0161\u010da utora kardanske gredi na traktorju do sredi\u0161\u010da vhodnega utora na menjalniku. Zagotavljanje prave dol\u017eine je klju\u010dnega pomena za pravilno poravnavo, prepre\u010devanje prekomerne obremenitve pogonskega sklopa in omogo\u010danje nemotenega prenosa mo\u010di. Premer kardanske gredi je obi\u010dajno dolo\u010den z mo\u010djo traktorja in velikostjo menjalnika. Premajhna gred za zahtevano mo\u010d lahko povzro\u010di pregrevanje ali zlom, prevelika gred pa lahko povzro\u010di neu\u010dinkovito delovanje.<\/li>\n<li><strong>Ocene konjskih mo\u010di in navora:<\/strong> Izbira kardanske gredi s pravilno mo\u010djo in navorom je bistvenega pomena za varno in u\u010dinkovito delovanje menjalnika rotacijske kosilnice. Vsak menjalnik ima posebne zahteve glede navora in mo\u010di, ki jih obi\u010dajno najdete v specifikacijah proizvajalca. Pomembno je, da se nazivna mo\u010d kardanske gredi uskladi s temi zahtevami, da se prepre\u010di preobremenitev menjalnika ali same kardanske gredi.<\/li>\n<li><strong>Zdru\u017eljivost z opremo:<\/strong> Pomembno je zagotoviti, da je kardanska gred zdru\u017eljiva tako s traktorjem kot z menjalnikom rotacijske kosilnice. Kardanske gredi so na voljo v razli\u010dnih velikostih, vklju\u010dno z razli\u010dnimi vrstami in konfiguracijami utorov. Prepri\u010dajte se, da se kardanska gred ujema z vrsto utorov na izhodni gredi kardanske gredi traktorja in vhodni gredi menjalnika.<\/li>\n<li><strong>Varnostne funkcije:<\/strong> \u0160tevilne kardanske gredi so opremljene z varnostnimi funkcijami, kot sta stri\u017ena zati\u010d ali drsna sklopka, ki so zasnovane za za\u0161\u010dito opreme in upravljavca v primeru preobremenitve ali blokade. Te funkcije pomagajo prepre\u010diti drago \u0161kodo na menjalniku ali drugih delih stroja in pove\u010dajo varnost med delovanjem. Vedno izberite kardansko gred s temi varnostnimi funkcijami, da zmanj\u0161ate tveganje za nesre\u010de ali okvaro opreme.<\/li>\n<\/ol>\n<h4>Redno vzdr\u017eevanje za dolgo \u017eivljenjsko dobo in u\u010dinkovitost<\/h4>\n<p>Za zagotovitev dolge \u017eivljenjske dobe in optimalne zmogljivosti va\u0161e kardanske gredi je potrebno redno vzdr\u017eevanje. To vklju\u010duje:<\/p>\n<ul>\n<li><strong>Mazanje:<\/strong> Zagotovite, da sta kardanska gred in njeni priklju\u010dki pravilno mazani. Redno mazanje zmanj\u0161a trenje, kar zmanj\u0161a obrabo komponent in pomaga podalj\u0161ati njihovo \u017eivljenjsko dobo.<\/li>\n<li><strong>Pregled glede obrabe in po\u0161kodb:<\/strong> Ob\u010dasno preverite kardansko gred glede znakov obrabe, kot so upognjene gredi, po\u0161kodovani utori ali prekomerna zra\u010dnost. Vse po\u0161kodovane komponente je treba takoj zamenjati, da prepre\u010dite nadaljnjo \u0161kodo na opremi ali nevarne okvare med delovanjem.<\/li>\n<li><strong>Pravilno shranjevanje:<\/strong> Ko kardanske gredi ne uporabljate, jo shranite na suhem in \u010distem mestu, da jo za\u0161\u010ditite pred vremenskimi vplivi. To pomaga prepre\u010diti nastanek rje ali korozije, ki lahko vpliva na delovanje in \u017eivljenjsko dobo gredi.<\/li>\n<\/ul>\n<p>Z izbiro ustrezne kardanske gredi in njenim pravilnim vzdr\u017eevanjem lahko zagotovite u\u010dinkovit prenos mo\u010di, podalj\u0161ate \u017eivljenjsko dobo tako kardanske gredi kot menjalnika rotacijske kosilnice ter izbolj\u0161ate splo\u0161no zmogljivost in varnost va\u0161e opreme.<\/p>\n<h4>Kardanske gredi in menjalniki rotacijskih kosilnic \u2013 na voljo za nakup<\/h4>\n<p>Ponujamo visokokakovostne kardanske gredi, zasnovane za \u0161iroko paleto menjalnikov rotacijskih kosilnic. Na\u0161e kardanske gredi so izdelane tako, da izpolnjujejo stroge zahteve kmetijske in industrijske uporabe. Ne glede na to, ali zamenjujete obstoje\u010do kardansko gred ali opremljate novo opremo, nudimo zanesljive in trpe\u017ene re\u0161itve. Za ve\u010d informacij o na\u0161i ponudbi kardanskih gredi ali za naro\u010dilo nas kontaktirajte.<\/p>\n<p><img loading=\"lazy\" decoding=\"async\" class=\"alignnone size-full wp-image-1898\" src=\"https:\/\/fmp-components.com\/wp-content\/uploads\/2024\/12\/pto-and-rotary-mower-gearbox.webp\" alt=\"menjalnik-rotacijske-kosilnice\" width=\"920\" height=\"690\" title=\"\" srcset=\"https:\/\/fmp-components.com\/wp-content\/uploads\/2024\/12\/pto-and-rotary-mower-gearbox.webp 920w, https:\/\/fmp-components.com\/wp-content\/uploads\/2024\/12\/pto-and-rotary-mower-gearbox-480x360.webp 480w\" sizes=\"(min-width: 0px) and (max-width: 480px) 480px, (min-width: 481px) 920px, 100vw\" \/><\/p>\n<h3>O FMP-ju<\/h3>\n<p>FMP s sede\u017eem v Italiji je priznano podjetje, specializirano za raziskave, razvoj in proizvodnjo menjalnikov, reduktorjev in in\u017eenirskih strojev. Z mo\u010dno zavezanostjo spodbujanju talentov in inovacij je FMP postal vodilni na svojem podro\u010dju.<\/p>\n<h3>Raznolik portfelj izdelkov<\/h3>\n<p>Paleta izdelkov podjetja vklju\u010duje:<\/p>\n<ul>\n<li><strong>Spiralni sto\u017e\u010dasti menjalniki<\/strong><\/li>\n<li><strong>\u010celni menjalniki<\/strong><\/li>\n<li><strong>Pol\u017easti menjalniki<\/strong><\/li>\n<li><strong>Cilindri\u010dni menjalniki<\/strong><\/li>\n<li><strong>Ohi\u0161ja in ohi\u0161ja ventilov iz visokotla\u010dnega litja<\/strong><\/li>\n<\/ul>\n<h3>\u0160irok spekter uporabe<\/h3>\n<p>Izdelki FMP so zelo vsestranski in slu\u017eijo \u0161tevilnim panogam, vklju\u010dno z:<\/p>\n<ul>\n<li><strong>Kmetijstvo<\/strong>Uporablja se v rotacijskih kosilnicah, sne\u017enih pometalnikih, trosilnikih gnojil in transporterjih za \u017eito.<\/li>\n<li><strong>Industrijska oprema<\/strong>Podporni stroji za \u010drpanje nafte, pomorske aplikacije in hidravli\u010dne komponente za in\u017eenirske projekte.<\/li>\n<\/ul>\n<h3>Napredni proizvodni procesi<\/h3>\n<p>FMP se pona\u0161a s svojimi robustnimi tehni\u010dnimi in raziskovalno-razvojnimi zmogljivostmi ter s skrbnim proizvodnim procesom proizvaja zanesljive in visokokakovostne izdelke:<\/p>\n<ol>\n<li><strong>Oblikovanje izdelkov<\/strong>Razvijejo se specifikacije po meri, vklju\u010dno s tipom menjalnika, materialom in dimenzijami.<\/li>\n<li><strong>Priprava materiala<\/strong>Izbrani in pripravljeni so visokokakovostni materiali, kot so lito \u017eelezo in aluminijeve zlitine.<\/li>\n<li><strong>Precizna obdelava<\/strong>Komponente, kot so zobni\u0161ke gredi in ohi\u0161ja, so obdelane z naprednimi tehnikami, kot sta stru\u017eenje in rezkanje.<\/li>\n<li><strong>Skup\u0161\u010dina<\/strong>Zobniki, le\u017eaji in gredi so sestavljeni v ohi\u0161ju, kar zagotavlja natan\u010dno poravnavo in pravilno mazanje.<\/li>\n<li><strong>Toplotna obdelava<\/strong>Menjalniki so toplotno obdelani za pove\u010danje trdnosti in odpornosti proti obrabi.<\/li>\n<li><strong>Povr\u0161inska obdelava<\/strong>Postopki, kot sta poliranje in pra\u0161no barvanje, izbolj\u0161ajo videz in odpornost proti koroziji.<\/li>\n<li><strong>Nadzor kakovosti<\/strong>Strogi pregledi in testiranja zagotavljajo stabilnost, natan\u010dnost in skladnost s standardi delovanja.<\/li>\n<\/ol>\n<h3>Ugled v panogi<\/h3>\n<p>Predanost FMP kakovosti, inovacijam in zadovoljstvu strank mu je prinesla odli\u010den sloves v proizvodnem sektorju. Podjetje se dr\u017ei filozofije, osredoto\u010dene na obrtni\u0161tvo, napredno tehnologijo in zagotavljanje trajne vrednosti.<\/p>\n<h3>Partnerstvo z nami<\/h3>\n<p>FMP pozdravlja prilo\u017enosti za sodelovanje z globalnimi strankami in partnerji. Za povpra\u0161evanja o na\u0161ih izdelkih in storitvah nas kontaktirajte po telefonu ali e-po\u0161ti. Zavezani smo k zagotavljanju prilagojenih re\u0161itev, ki ustrezajo va\u0161im potrebam.<\/p>\n<p><img loading=\"lazy\" decoding=\"async\" class=\"alignnone size-full wp-image-1861\" src=\"https:\/\/fmp-components.com\/wp-content\/uploads\/2024\/12\/Other-Agricultural-Gearboxes.webp\" alt=\"Drugi kmetijski menjalniki\" width=\"1200\" height=\"1400\" title=\"\" srcset=\"https:\/\/fmp-components.com\/wp-content\/uploads\/2024\/12\/Other-Agricultural-Gearboxes.webp 1200w, https:\/\/fmp-components.com\/wp-content\/uploads\/2024\/12\/Other-Agricultural-Gearboxes-980x1143.webp 980w, https:\/\/fmp-components.com\/wp-content\/uploads\/2024\/12\/Other-Agricultural-Gearboxes-480x560.webp 480w\" sizes=\"(min-width: 0px) and (max-width: 480px) 480px, (min-width: 481px) and (max-width: 980px) 980px, (min-width: 981px) 1200px, 100vw\" \/><\/p>\n<p>Avtor: CX<\/p>","protected":false},"excerpt":{"rendered":"<p>Specifications of Rotary Mower Gearbox LF-32J i 1.93 N1[rpm] 540 P1[kW] 44.1 M2[Nm] 393 Shaft Type X 1&#8221; 3\/8 Z6 Shaft Type Z Hub connection Input X PTO Shafts for Rotary Mower Gearboxes When choosing a PTO (Power Take-Off) shaft for a rotary mower gearbox, it&#8217;s crucial to select the correct specifications to ensure optimal [&hellip;]<\/p>","protected":false},"featured_media":1901,"comment_status":"open","ping_status":"closed","template":"","meta":{"_et_pb_use_builder":"","_et_pb_old_content":"","_et_gb_content_width":""},"product_brand":[],"product_cat":[51],"product_tag":[],"class_list":{"0":"post-1895","1":"product","2":"type-product","3":"status-publish","4":"has-post-thumbnail","6":"product_cat-rotary-mower-gearbox","8":"first","9":"instock","10":"shipping-taxable","11":"product-type-simple"},"_links":{"self":[{"href":"https:\/\/fmp-components.com\/sl\/wp-json\/wp\/v2\/product\/1895","targetHints":{"allow":["GET"]}}],"collection":[{"href":"https:\/\/fmp-components.com\/sl\/wp-json\/wp\/v2\/product"}],"about":[{"href":"https:\/\/fmp-components.com\/sl\/wp-json\/wp\/v2\/types\/product"}],"replies":[{"embeddable":true,"href":"https:\/\/fmp-components.com\/sl\/wp-json\/wp\/v2\/comments?post=1895"}],"wp:featuredmedia":[{"embeddable":true,"href":"https:\/\/fmp-components.com\/sl\/wp-json\/wp\/v2\/media\/1901"}],"wp:attachment":[{"href":"https:\/\/fmp-components.com\/sl\/wp-json\/wp\/v2\/media?parent=1895"}],"wp:term":[{"taxonomy":"product_brand","embeddable":true,"href":"https:\/\/fmp-components.com\/sl\/wp-json\/wp\/v2\/product_brand?post=1895"},{"taxonomy":"product_cat","embeddable":true,"href":"https:\/\/fmp-components.com\/sl\/wp-json\/wp\/v2\/product_cat?post=1895"},{"taxonomy":"product_tag","embeddable":true,"href":"https:\/\/fmp-components.com\/sl\/wp-json\/wp\/v2\/product_tag?post=1895"}],"curies":[{"name":"delovni list","href":"https:\/\/api.w.org\/{rel}","templated":true}]}}