{"id":1853,"date":"2024-12-24T07:33:41","date_gmt":"2024-12-24T07:33:41","guid":{"rendered":"https:\/\/fmp-components.com\/?page_id=8"},"modified":"2025-05-07T14:12:19","modified_gmt":"2025-05-07T14:12:19","slug":"rotary-mower-gearboxes-replacement-of-comer-code-lf-211j","status":"publish","type":"product","link":"https:\/\/fmp-components.com\/sl\/product\/rotary-mower-gearboxes-replacement-of-comer-code-lf-211j\/","title":{"rendered":"Menjalniki rotacijskih kosilnic \u2013 zamenjava kode Comer LF-211J"},"content":{"rendered":"<p><img loading=\"lazy\" decoding=\"async\" class=\"alignnone size-full wp-image-1856\" src=\"https:\/\/fmp-components.com\/wp-content\/uploads\/2024\/12\/Rotary-Mower-Gearbox2.webp\" alt=\"Menjalnik rotacijske kosilnice\" width=\"1261\" height=\"655\" title=\"\" srcset=\"https:\/\/fmp-components.com\/wp-content\/uploads\/2024\/12\/Rotary-Mower-Gearbox2.webp 1261w, https:\/\/fmp-components.com\/wp-content\/uploads\/2024\/12\/Rotary-Mower-Gearbox2-980x509.webp 980w, https:\/\/fmp-components.com\/wp-content\/uploads\/2024\/12\/Rotary-Mower-Gearbox2-480x249.webp 480w\" sizes=\"(min-width: 0px) and (max-width: 480px) 480px, (min-width: 481px) and (max-width: 980px) 980px, (min-width: 981px) 1261px, 100vw\" \/><\/p>\n<p><img loading=\"lazy\" decoding=\"async\" class=\"alignnone size-full wp-image-1854\" src=\"https:\/\/fmp-components.com\/wp-content\/uploads\/2024\/12\/Specifications-of-Rotary-Mower-Gearbox-LF-211J.webp\" alt=\"Specifikacije menjalnika rotacijske kosilnice LF-211J\" width=\"1000\" height=\"590\" title=\"\" srcset=\"https:\/\/fmp-components.com\/wp-content\/uploads\/2024\/12\/Specifications-of-Rotary-Mower-Gearbox-LF-211J.webp 1000w, https:\/\/fmp-components.com\/wp-content\/uploads\/2024\/12\/Specifications-of-Rotary-Mower-Gearbox-LF-211J-980x578.webp 980w, https:\/\/fmp-components.com\/wp-content\/uploads\/2024\/12\/Specifications-of-Rotary-Mower-Gearbox-LF-211J-480x283.webp 480w\" sizes=\"(min-width: 0px) and (max-width: 480px) 480px, (min-width: 481px) and (max-width: 980px) 980px, (min-width: 981px) 1000px, 100vw\" \/><\/p>\n<h2>Specifikacija izdelka<\/h2>\n<table class=\"kh-1xzm1su\" style=\"width: 100.272%; height: 542px;\" border=\"1\" cellspacing=\"0\" cellpadding=\"0\" data-intent=\"lists-product-attributes\" data-test-id=\"attributes-list\">\n<tbody class=\"kh-1ago99h\">\n<tr id=\"alexis#custom#item-id\" class=\"kh-bwvum6\" style=\"height: 23px;\" data-test-id=\"attribute-row\">\n<th class=\"kh-10oizfy\" style=\"width: 23.4341%; height: 23px;\">Opis izdelka<\/th>\n<td class=\"kh-1f5nhat\" style=\"width: 76.3499%; height: 23px;\">\n<div class=\"kh-pkx4zo\"><a href=\"https:\/\/fmp-components.com\/sl\/product-category\/agricultural-gearbox\/rotary-mower-gearbox\/\">Menjalniki rotacijskih kosilnic<\/a> \u2013 Zamenjava menjalnika Comer LF-211J<\/div>\n<\/td>\n<\/tr>\n<tr id=\"attProductDetails\" class=\"kh-bwvum6\" style=\"height: 99px;\" data-test-id=\"attribute-row\">\n<th class=\"kh-10oizfy\" style=\"width: 23.4341%; height: 99px;\">Podrobnosti o izdelku<\/th>\n<td class=\"kh-1f5nhat\" style=\"width: 76.3499%; height: 99px;\">\n<ul>\n<li class=\"kh-16zd49f\">Vsi menjalniki so dobavljeni brez olja.<\/li>\n<li class=\"kh-16zd49f\">Najprej se olje menja po 50\u201370 obratovalnih urah, nato po 500\u2013700 obratovalnih urah ali vsaj enkrat letno.<\/li>\n<li class=\"kh-16zd49f\">Za mo\u010d pri druga\u010dnem \u0161tevilu vrtljajev nas kontaktirajte.<\/li>\n<\/ul>\n<\/td>\n<\/tr>\n<tr id=\"attApplicationRange\" class=\"kh-bwvum6\" style=\"height: 23px;\" data-test-id=\"attribute-row\">\n<th class=\"kh-10oizfy\" style=\"width: 23.4341%; height: 23px;\">Obmo\u010dje uporabe<\/th>\n<td class=\"kh-1f5nhat\" style=\"width: 76.3499%; height: 23px;\">\n<div class=\"kh-pkx4zo\">Kosilnice<\/div>\n<\/td>\n<\/tr>\n<tr id=\"attConsistsOf\" class=\"kh-bwvum6\" style=\"height: 75px;\" data-test-id=\"attribute-row\">\n<th class=\"kh-10oizfy\" style=\"width: 23.4341%; height: 75px;\">Sestavljen je iz<\/th>\n<td class=\"kh-1f5nhat\" style=\"width: 76.3499%; height: 75px;\">\n<ul>\n<li class=\"kh-16zd49f\">Menjalnik<\/li>\n<li class=\"kh-16zd49f\">Brez olja<\/li>\n<\/ul>\n<\/td>\n<\/tr>\n<tr id=\"taContainsOil\" class=\"kh-bwvum6\" style=\"height: 23px;\" data-test-id=\"attribute-row\">\n<th class=\"kh-10oizfy\" style=\"width: 23.4341%; height: 23px;\">Vsebuje olje<\/th>\n<td class=\"kh-1f5nhat\" style=\"width: 76.3499%; height: 23px;\">\n<div class=\"kh-pkx4zo\">Ne<\/div>\n<\/td>\n<\/tr>\n<tr id=\"taMaxOilCapacityL\" class=\"kh-bwvum6\" style=\"height: 23px;\" data-test-id=\"attribute-row\">\n<th class=\"kh-10oizfy\" style=\"width: 23.4341%; height: 23px;\">Najve\u010dja prostornina olja<\/th>\n<td class=\"kh-1f5nhat\" style=\"width: 76.3499%; height: 23px;\">\n<div class=\"kh-pkx4zo\">0,8 l<\/div>\n<\/td>\n<\/tr>\n<tr id=\"taMaxOilChangeIntervalH\" class=\"kh-bwvum6\" style=\"height: 23px;\" data-test-id=\"attribute-row\">\n<th class=\"kh-10oizfy\" style=\"width: 23.4341%; height: 23px;\">Maks. interval menjave olja<\/th>\n<td class=\"kh-1f5nhat\" style=\"width: 76.3499%; height: 23px;\">\n<div class=\"kh-pkx4zo\">500 ur<\/div>\n<\/td>\n<\/tr>\n<tr id=\"taOilSAEViscosityGrade\" class=\"kh-bwvum6\" style=\"height: 23px;\" data-test-id=\"attribute-row\">\n<th class=\"kh-10oizfy\" style=\"width: 23.4341%; height: 23px;\">Viskoznost olja SAE<\/th>\n<td class=\"kh-1f5nhat\" style=\"width: 76.3499%; height: 23px;\">\n<div class=\"kh-pkx4zo\">80W-90<\/div>\n<\/td>\n<\/tr>\n<tr id=\"taHousingMaterial_16\" class=\"kh-bwvum6\" style=\"height: 23px;\" data-test-id=\"attribute-row\">\n<th class=\"kh-10oizfy\" style=\"width: 23.4341%; height: 23px;\">Material ohi\u0161ja<\/th>\n<td class=\"kh-1f5nhat\" style=\"width: 76.3499%; height: 23px;\">\n<div class=\"kh-pkx4zo\"><a href=\"https:\/\/fmp-components.com\/sl\/cast-iron\/\">Lito \u017eelezo<\/a> GGG40<\/div>\n<\/td>\n<\/tr>\n<tr id=\"taWeightKg_75\" class=\"kh-bwvum6\" style=\"height: 23px;\" data-test-id=\"attribute-row\">\n<th class=\"kh-10oizfy\" style=\"width: 23.4341%; height: 23px;\">Te\u017ea<\/th>\n<td class=\"kh-1f5nhat\" style=\"width: 76.3499%; height: 23px;\">\n<div class=\"kh-pkx4zo\">14 kg<\/div>\n<\/td>\n<\/tr>\n<tr id=\"taGearArrangementInc\" class=\"kh-bwvum6\" style=\"height: 23px;\" data-test-id=\"attribute-row\">\n<th class=\"kh-10oizfy\" style=\"width: 23.4341%; height: 23px;\">Razporeditev zobnikov Pove\u010danje<\/th>\n<td class=\"kh-1f5nhat\" style=\"width: 76.3499%; height: 23px;\">\n<div class=\"kh-pkx4zo\">3<\/div>\n<\/td>\n<\/tr>\n<tr id=\"taInputPowerKwHpInc\" class=\"kh-bwvum6\" style=\"height: 23px;\" data-test-id=\"attribute-row\">\n<th class=\"kh-10oizfy\" style=\"width: 23.4341%; height: 23px;\">Vhodna mo\u010d kW \/ KM Nara\u0161\u010da<\/th>\n<td class=\"kh-1f5nhat\" style=\"width: 76.3499%; height: 23px;\">\n<div class=\"kh-pkx4zo\">14,7 \/ 20 kW\/KM<\/div>\n<\/td>\n<\/tr>\n<tr id=\"taInputShaftIncreasi\" class=\"kh-bwvum6\" style=\"height: 23px;\" data-test-id=\"attribute-row\">\n<th class=\"kh-10oizfy\" style=\"width: 23.4341%; height: 23px;\">Vhodna gred Pove\u010danje<\/th>\n<td class=\"kh-1f5nhat\" style=\"width: 76.3499%; height: 23px;\">\n<div class=\"kh-pkx4zo\">X<\/div>\n<\/td>\n<\/tr>\n<tr id=\"taNSOutputTorqueDaNm_1\" class=\"kh-bwvum6\" style=\"height: 23px;\" data-test-id=\"attribute-row\">\n<th class=\"kh-10oizfy\" style=\"width: 23.4341%; height: 23px;\">Izhodni navor DaNm se pove\u010duje<\/th>\n<td class=\"kh-1f5nhat\" style=\"width: 76.3499%; height: 23px;\">\n<div class=\"kh-pkx4zo\">8,9 daNm<\/div>\n<\/td>\n<\/tr>\n<tr id=\"taRatioIncreasing\" class=\"kh-bwvum6\" style=\"height: 23px;\" data-test-id=\"attribute-row\">\n<th class=\"kh-10oizfy\" style=\"width: 23.4341%; height: 23px;\">Pove\u010danje razmerja<\/th>\n<td class=\"kh-1f5nhat\" style=\"width: 76.3499%; height: 23px;\">\n<div class=\"kh-pkx4zo\">1: 2.83<\/div>\n<\/td>\n<\/tr>\n<tr id=\"taRatioReducing\" class=\"kh-bwvum6\" style=\"height: 23px;\" data-test-id=\"attribute-row\">\n<th class=\"kh-10oizfy\" style=\"width: 23.4341%; height: 23px;\">Zmanj\u0161anje razmerja<\/th>\n<td class=\"kh-1f5nhat\" style=\"width: 76.3499%; height: 23px;\">\n<div class=\"kh-pkx4zo\">2.83 : 1<\/div>\n<\/td>\n<\/tr>\n<tr id=\"taShaftX\" class=\"kh-bwvum6\" style=\"height: 23px;\" data-test-id=\"attribute-row\">\n<th class=\"kh-10oizfy\" style=\"width: 23.4341%; height: 23px;\">Gred X<\/th>\n<td class=\"kh-1f5nhat\" style=\"width: 76.3499%; height: 23px;\">\n<div class=\"kh-pkx4zo\">1 3\/8&#8243; (6)<\/div>\n<\/td>\n<\/tr>\n<tr id=\"taShaftZ\" class=\"kh-bwvum6\" style=\"height: 23px;\" data-test-id=\"attribute-row\">\n<th class=\"kh-10oizfy\" style=\"width: 23.4341%; height: 23px;\">Gred Z<\/th>\n<td class=\"kh-1f5nhat\" style=\"width: 76.3499%; height: 23px;\">\n<div class=\"kh-pkx4zo\">33 ur in 7 dni<\/div>\n<\/td>\n<\/tr>\n<\/tbody>\n<\/table>\n<h2>Zna\u010dilnosti menjalnika rotacijske kosilnice LF-211J<\/h2>\n<p>LF-211J je visokozmogljiv menjalnik za rotacijske kosilnice, zasnovan za kmetijsko in industrijsko uporabo, ki zagotavlja zanesljiv in u\u010dinkovit prenos mo\u010di za rotacijske kosilnice. Klju\u010dne zna\u010dilnosti vklju\u010dujejo:<\/p>\n<ul>\n<li><strong>Prestavno razmerje<\/strong>Menjalnik ima prestavno razmerje 1:2,83, kar pomeni, da je izhodna hitrost pribli\u017eno 2,83-krat ve\u010dja od vhodne hitrosti.<\/li>\n<li><strong>Mo\u010d<\/strong>Najve\u010dja vhodna mo\u010d zna\u0161a 14,7 kW (20 KM), najve\u010dji izhodni navor pa 8,9 daNm.<\/li>\n<li><strong>Gradbeni\u0161tvo<\/strong>Ohi\u0161je je izdelano iz litega \u017eeleza GGG40, znanega po svoji vzdr\u017eljivosti in trdnosti, kar zagotavlja dolgo \u017eivljenjsko dobo in odpornost proti obrabi.<\/li>\n<li><strong>Prostornina olja in vzdr\u017eevanje<\/strong>Menjalnik ima najve\u010djo prostornino olja 0,8 litra in uporablja olje za menjalnike SAE 80W-90. Priporo\u010dljivo je, da prvo menjavo olja opravite po 50\u201370 obratovalnih urah, nadaljnje menjave pa vsakih 500\u2013700 ur ali vsaj enkrat letno.<\/li>\n<li><strong>Te\u017ea<\/strong>Enota tehta pribli\u017eno 14 kg, zaradi \u010desar je relativno enostavna za rokovanje in namestitev.<\/li>\n<li><strong>Specifikacije gredi<\/strong>Vhodna gred je zasnovana za priklju\u010dek 1 3\/8\u2033 (6-utorni), medtem ko ima izhodna gred premer 33 mm, kar zagotavlja zdru\u017eljivost s standardnimi komponentami rotacijske kosilnice.<\/li>\n<\/ul>\n<p>Zaradi teh lastnosti je menjalnik LF-211J zanesljiva izbira za izbolj\u0161anje zmogljivosti in u\u010dinkovitosti rotacijskih kosilnic v razli\u010dnih kmetijskih okoljih.<\/p>\n<p><img loading=\"lazy\" decoding=\"async\" class=\"alignnone size-full wp-image-1855\" src=\"https:\/\/fmp-components.com\/wp-content\/uploads\/2024\/12\/PTO-Shaft-for-Rotary-Mower-Gearbox-35.webp\" alt=\"Kardanska gred za menjalnik rotacijske kosilnice\" width=\"2200\" height=\"1100\" title=\"\" srcset=\"https:\/\/fmp-components.com\/wp-content\/uploads\/2024\/12\/PTO-Shaft-for-Rotary-Mower-Gearbox-35.webp 2200w, https:\/\/fmp-components.com\/wp-content\/uploads\/2024\/12\/PTO-Shaft-for-Rotary-Mower-Gearbox-35-1280x640.webp 1280w, https:\/\/fmp-components.com\/wp-content\/uploads\/2024\/12\/PTO-Shaft-for-Rotary-Mower-Gearbox-35-980x490.webp 980w, https:\/\/fmp-components.com\/wp-content\/uploads\/2024\/12\/PTO-Shaft-for-Rotary-Mower-Gearbox-35-480x240.webp 480w\" sizes=\"(min-width: 0px) and (max-width: 480px) 480px, (min-width: 481px) and (max-width: 980px) 980px, (min-width: 981px) and (max-width: 1280px) 1280px, (min-width: 1281px) 2200px, 100vw\" \/><\/p>\n<h3>Kako odstraniti menjalnik rotacijske kosilnice<\/h3>\n<p>Odstranitev menjalnika rotacijske kosilnice je preprost postopek, \u010de se izvede previdno in sistemati\u010dno. Za zagotovitev varnosti in u\u010dinkovitosti sledite tem korakom:<\/p>\n<h4>1. Odklopite vir napajanja<\/h4>\n<p>Pred zagonom izklju\u010dite vir napajanja kosilnice, da prepre\u010dite nenamerno delovanje. To lahko vklju\u010duje izklop motorja, izklju\u010ditev napajalnega kabla ali odklop akumulatorja.<\/p>\n<h4>2. Odstranite rezila<\/h4>\n<p>Za dostop do menjalnika snemite rezila s kosilnice. Prepri\u010dajte se, da je kosilnica stabilna, in za varno odstranitev rezil uporabite ustrezno orodje.<\/p>\n<h4>3. Odvijte pritrdilne vijake menjalnika<\/h4>\n<p>Poi\u0161\u010dite pritrdilne vijake, s katerimi je menjalnik pritrjen na kosilnico. Z uporabo klju\u010da ali nasadnega klju\u010da zrahljajte in odstranite te vijake.<\/p>\n<h4>4. Odklopite vhodno in izhodno gred<\/h4>\n<p>Odklopite vhodno in izhodno gred, ki sta priklju\u010deni na menjalnik. Morda boste morali odstraniti sklopke, zati\u010de ali druge priklju\u010dke. Za la\u017ejo ponovno monta\u017eo si zapomnite, kako sta gredi priklju\u010deni.<\/p>\n<h4>5. Odstranite menjalnik z nosilne plo\u0161\u010dadi<\/h4>\n<p>Previdno dvignite menjalnik s kosilnice. Glede na velikost in te\u017eo menjalnika bo za varno rokovanje morda potrebna pomo\u010d druge osebe.<\/p>\n<h4>6. Preverite menjalnik<\/h4>\n<p>Preverite menjalnik glede znakov obrabe ali po\u0161kodb, kot so obrabljeni zobniki, po\u0161kodovana tesnila ali okvarjeni le\u017eaji. Ta korak je klju\u010dnega pomena za ugotovitev, ali je menjalnik mogo\u010de popraviti ali ga je treba zamenjati.<\/p>\n<h4>7. Popravite ali zamenjajte menjalnik<\/h4>\n<p>\u010ce je menjalnik po\u0161kodovan, sledite navodilom proizvajalca za popravilo ali zamenjavo. Pred ponovno namestitvijo se prepri\u010dajte, da so vse komponente v brezhibnem delovnem stanju.<\/p>\n<h4>8. Ponovno namestite menjalnik<\/h4>\n<p>Za ponovno namestitev sledite korakom za odstranitev v obratnem vrstnem redu:<\/p>\n<ul>\n<li>Namestite menjalnik na kosilnico.<\/li>\n<li>Pritrdite pritrdilne vijake in jih privijte v skladu z navornimi momenti, ki jih priporo\u010da proizvajalec.<\/li>\n<li>Ponovno priklju\u010dite vhodno in izhodno gred ter se prepri\u010dajte, da so vse spojke in priklju\u010dki pravilno poravnani.<\/li>\n<li>Rezila ponovno varno namestite.<\/li>\n<\/ul>\n<h4>9. Preizkusite kosilnico<\/h4>\n<p>Po ponovni namestitvi preizkusite kosilnico, da se prepri\u010date, da menjalnik deluje gladko in da ni nenavadnih hrupov ali vibracij.<\/p>\n<h3>Varnostni nasveti<\/h3>\n<ul>\n<li>Med postopkom vedno nosite za\u0161\u010ditne rokavice in za\u0161\u010ditna o\u010dala.<\/li>\n<li>Za prepre\u010ditev prevra\u010danja kosilnice uporabite stabilne opore.<\/li>\n<li>Za zagotovitev zdru\u017eljivosti in varnosti upo\u0161tevajte posebna navodila v uporabni\u0161kem priro\u010dniku kosilnice.<\/li>\n<\/ul>\n<p>Z natan\u010dnim upo\u0161tevanjem teh korakov in varnostnih ukrepov lahko po potrebi uspe\u0161no odstranite, pregledate in zamenjate ali popravite menjalnik rotacijske kosilnice.<\/p>\n<p><img loading=\"lazy\" decoding=\"async\" class=\"alignnone size-full wp-image-1857\" src=\"https:\/\/fmp-components.com\/wp-content\/uploads\/2024\/12\/Rotary-Mower-Gearbox1.webp\" alt=\"Menjalnik rotacijske kosilnice\" width=\"1275\" height=\"428\" title=\"\" srcset=\"https:\/\/fmp-components.com\/wp-content\/uploads\/2024\/12\/Rotary-Mower-Gearbox1.webp 1275w, https:\/\/fmp-components.com\/wp-content\/uploads\/2024\/12\/Rotary-Mower-Gearbox1-980x329.webp 980w, https:\/\/fmp-components.com\/wp-content\/uploads\/2024\/12\/Rotary-Mower-Gearbox1-480x161.webp 480w\" sizes=\"(min-width: 0px) and (max-width: 480px) 480px, (min-width: 481px) and (max-width: 980px) 980px, (min-width: 981px) 1275px, 100vw\" \/><\/p>\n<h3>O FMP-ju<\/h3>\n<p>FMP je ugledno podjetje s sede\u017eem v Italiji, specializirano za raziskave, razvoj in proizvodnjo razli\u010dnih menjalnikov, reduktorjev in in\u017eenirskih strojev. Podjetje je zavezano tudi k spodbujanju tehni\u010dnih talentov za spodbujanje inovacij in odli\u010dnosti na svojem podro\u010dju. Portfelj izdelkov FMP vklju\u010duje spiralne sto\u017e\u010daste menjalnike, \u010delne menjalnike, <a href=\"https:\/\/fmp-components.com\/sl\/worm-gearbox\/\">pol\u017easti menjalniki<\/a>, valjaste menjalnike, kot tudi ohi\u0161ja in ohi\u0161ja ventilov iz visokotla\u010dnega litva.<\/p>\n<h4>Obse\u017ene aplikacije<\/h4>\n<p>Izdelki FMP se pogosto uporabljajo v razli\u010dnih aplikacijah, vklju\u010dno z:<\/p>\n<ul>\n<li>Kmetijska mehanizacija, kot so rotacijske kosilnice, sne\u017eni pometa\u010di, trosilniki gnojil in transporterji za \u017eito.<\/li>\n<li>Industrijska oprema, stroji za \u010drpanje nafte, pomorske industrijske naprave in hidravli\u010dne komponente za in\u017eenirske projekte.<\/li>\n<\/ul>\n<h4>Napredna proizvodnja in tehnologija<\/h4>\n<p>FMP se pona\u0161a s svojimi robustnimi tehni\u010dnimi in raziskovalno-razvojnimi zmogljivostmi, ki zagotavljajo zanesljive in visokokakovostne izdelke, ki ustrezajo zahtevam sodobne industrije. Podjetje uporablja natan\u010den in dovr\u0161en proizvodni proces, ki vklju\u010duje:<\/p>\n<ol>\n<li><strong>Oblikovanje izdelkov<\/strong>Razvoj prilagojenih specifikacij, materialov in dimenzij, ki ustrezajo potrebam strank.<\/li>\n<li><strong>Priprava materiala<\/strong>Uporaba vrhunskih materialov, kot so lito \u017eelezo ali aluminijeve zlitine.<\/li>\n<li><strong>Precizna obdelava<\/strong>Uporaba naprednih tehnik stru\u017eenja, rezkanja in drugih obdelav za izdelavo klju\u010dnih komponent, kot so zobniki in ohi\u0161ja.<\/li>\n<li><strong>Skup\u0161\u010dina<\/strong>Sestavljanje zobnikov, le\u017eajev in gredi v ohi\u0161je z natan\u010dno poravnavo, kalibracijo in ustreznim mazanjem.<\/li>\n<li><strong>Obdelava procesov<\/strong>Izvajanje toplotne obdelave za pove\u010danje trdnosti in odpornosti proti obrabi.<\/li>\n<li><strong>Povr\u0161inska obdelava<\/strong>Poliranje, pra\u0161no barvanje in druge povr\u0161inske obdelave za izbolj\u0161an videz in odpornost proti koroziji.<\/li>\n<li><strong>Nadzor kakovosti<\/strong>Izvajanje strogih pregledov in testov dimenzij, natan\u010dnosti, hrupa in vibracij za zagotavljanje stabilnosti, varnosti in dosledne kakovosti.<\/li>\n<\/ol>\n<h4>Ugled v panogi<\/h4>\n<p>Predanost FMP kakovosti, inovacijam in zadovoljstvu strank mu je prinesla odli\u010den ugled v predelovalni industriji. Podjetje se dr\u017ei edinstvene poslovne filozofije, ki poudarja zanesljivost, obrtni\u0161ko spretnost in odli\u010dnost.<\/p>\n<p>Veseli bomo povpra\u0161evanj in prilo\u017enosti za sodelovanje strank in partnerjev z vsega sveta. Za ve\u010d informacij o na\u0161ih izdelkih in storitvah nas prosimo kontaktirajte po telefonu ali e-po\u0161ti.<\/p>\n<p><img loading=\"lazy\" decoding=\"async\" class=\"alignnone size-full wp-image-1861\" src=\"https:\/\/fmp-components.com\/wp-content\/uploads\/2024\/12\/Other-Agricultural-Gearboxes.webp\" alt=\"Drugi kmetijski menjalniki\" width=\"1200\" height=\"1400\" title=\"\" srcset=\"https:\/\/fmp-components.com\/wp-content\/uploads\/2024\/12\/Other-Agricultural-Gearboxes.webp 1200w, https:\/\/fmp-components.com\/wp-content\/uploads\/2024\/12\/Other-Agricultural-Gearboxes-980x1143.webp 980w, https:\/\/fmp-components.com\/wp-content\/uploads\/2024\/12\/Other-Agricultural-Gearboxes-480x560.webp 480w\" sizes=\"(min-width: 0px) and (max-width: 480px) 480px, (min-width: 481px) and (max-width: 980px) 980px, (min-width: 981px) 1200px, 100vw\" \/><\/p>\n<p>Avtor: CX<\/p>","protected":false},"excerpt":{"rendered":"<p>Product Specification Product Description Rotary Mower Gearboxes &#8211; Replacement of Comer Gearbox LF-211J Product details All gearboxes are supplied without oil. First, the oil change after 50-70 operating hours, then after 500-700 operating hours or at least once a year. Contact us for power at a different RPM. Application range Mowers Consists of Gearbox Without [&hellip;]<\/p>","protected":false},"featured_media":1858,"comment_status":"open","ping_status":"closed","template":"","meta":{"_et_pb_use_builder":"","_et_pb_old_content":"","_et_gb_content_width":""},"product_brand":[],"product_cat":[51],"product_tag":[],"class_list":{"0":"post-1853","1":"product","2":"type-product","3":"status-publish","4":"has-post-thumbnail","6":"product_cat-rotary-mower-gearbox","8":"first","9":"instock","10":"shipping-taxable","11":"product-type-simple"},"_links":{"self":[{"href":"https:\/\/fmp-components.com\/sl\/wp-json\/wp\/v2\/product\/1853","targetHints":{"allow":["GET"]}}],"collection":[{"href":"https:\/\/fmp-components.com\/sl\/wp-json\/wp\/v2\/product"}],"about":[{"href":"https:\/\/fmp-components.com\/sl\/wp-json\/wp\/v2\/types\/product"}],"replies":[{"embeddable":true,"href":"https:\/\/fmp-components.com\/sl\/wp-json\/wp\/v2\/comments?post=1853"}],"wp:featuredmedia":[{"embeddable":true,"href":"https:\/\/fmp-components.com\/sl\/wp-json\/wp\/v2\/media\/1858"}],"wp:attachment":[{"href":"https:\/\/fmp-components.com\/sl\/wp-json\/wp\/v2\/media?parent=1853"}],"wp:term":[{"taxonomy":"product_brand","embeddable":true,"href":"https:\/\/fmp-components.com\/sl\/wp-json\/wp\/v2\/product_brand?post=1853"},{"taxonomy":"product_cat","embeddable":true,"href":"https:\/\/fmp-components.com\/sl\/wp-json\/wp\/v2\/product_cat?post=1853"},{"taxonomy":"product_tag","embeddable":true,"href":"https:\/\/fmp-components.com\/sl\/wp-json\/wp\/v2\/product_tag?post=1853"}],"curies":[{"name":"delovni list","href":"https:\/\/api.w.org\/{rel}","templated":true}]}}