{"id":1843,"date":"2024-12-24T06:35:24","date_gmt":"2024-12-24T06:35:24","guid":{"rendered":"https:\/\/fmp-components.com\/?page_id=8"},"modified":"2024-12-24T06:51:56","modified_gmt":"2024-12-24T06:51:56","slug":"post-hole-digger-gearbox-replacement-of-comer-code-t-290f","status":"publish","type":"product","link":"https:\/\/fmp-components.com\/sl\/product\/post-hole-digger-gearbox-replacement-of-comer-code-t-290f\/","title":{"rendered":"Menjalnik za izkopavanje lukenj \u2013 zamenjava Comer Code T-290F"},"content":{"rendered":"<p>Na\u0161 menjalnik za vrtalne stroje, zasnovan posebej kot zamenjava za Comer Code T-290F. Ta menjalnik zagotavlja izjemno zmogljivost in vzdr\u017eljivost za razli\u010dne vrtalne aplikacije.<\/p>\n<h3>Klju\u010dne lastnosti:<\/h3>\n<ul>\n<li><strong>Visok navor<\/strong>Zasnovan za zagotavljanje izjemnega navora, ta menjalnik u\u010dinkovito prena\u0161a mo\u010d s traktorja na pol\u017e, zaradi \u010desar je idealen za te\u017eka tla.<\/li>\n<li><strong>Robustna konstrukcija<\/strong>Na\u0161 menjalnik je izdelan iz visokokakovostnih materialov in ponuja vrhunsko trdnost in odpornost proti obrabi, kar zagotavlja dolgo \u017eivljenjsko dobo.<\/li>\n<li><strong>Precizna obdelava<\/strong>Vsaka enota je natan\u010dno izdelana, da zagotavlja nemoteno delovanje in optimalno zmogljivost, kar zmanj\u0161uje izgubo energije med uporabo.<\/li>\n<li><strong>Kompaktna zasnova<\/strong>Kompaktne dimenzije omogo\u010dajo enostavno namestitev in zdru\u017eljivost z razli\u010dnimi sistemi za izkopavanje lukenj za stebre brez dodatnega pove\u010danja prostornine.<\/li>\n<li><strong>Vsestranska zdru\u017eljivost<\/strong>Zasnovan za razli\u010dne traktorje in kopalne stroje, zaradi \u010desar je primeren za \u0161tevilne kmetijske in gradbene namene.<\/li>\n<li><strong>U\u010dinkovit tesnilni sistem<\/strong>Integrirana tesnila prepre\u010dujejo vdor onesna\u017eevalcev v menjalnik, kar pomaga ohranjati mazanje in podalj\u0161uje \u017eivljenjsko dobo notranjih komponent.<\/li>\n<li><strong>Nizke zahteve glede vzdr\u017eevanja<\/strong>Ta menjalnik, zasnovan za vzdr\u017eljivost, zahteva minimalno vzdr\u017eevanje, kar uporabnikom omogo\u010da, da se osredoto\u010dijo na svoja opravila brez pogostih izpadov.<\/li>\n<\/ul>\n<p>Na\u0161 menjalnik za vrtalne stroje, ki nadome\u0161\u010da Comerjev menjalnik T-290F, je zasnovan za visoko zmogljivost in zanesljivost. Z robustno zasnovo in natan\u010dno in\u017eeniringom je idealna re\u0161itev za vse va\u0161e potrebe vrtanja. Za ve\u010d informacij ali naro\u010dilo nas kontaktirajte \u0161e danes!<\/p>\n<h2>Specifikacije izdelka:<\/h2>\n<table style=\"width: 100%;\" border=\"1\" width=\"100%\" cellspacing=\"0\" cellpadding=\"0\">\n<tbody>\n<tr>\n<th>Opis<\/th>\n<td>Menjalnik za izkopavanje lukenj \u2013 zamenjava Comer Code T-290F<\/td>\n<\/tr>\n<tr>\n<th>Uporaba<\/th>\n<td>Razli\u010dne (kmetijske) aplikacije<\/td>\n<\/tr>\n<tr>\n<th>Sestavljen je iz<\/th>\n<td>Menjalnik<\/td>\n<\/tr>\n<tr>\n<th>Brez olja<\/th>\n<td>Tehni\u010dne informacije<\/td>\n<\/tr>\n<tr>\n<th>Najve\u010dja vhodna mo\u010d<\/th>\n<td>66,2 kW<\/td>\n<\/tr>\n<tr>\n<th>Maks. izhodni navor<\/th>\n<td>1135 nm<\/td>\n<\/tr>\n<tr>\n<th>Vsebuje olje<\/th>\n<td>Ne<\/td>\n<\/tr>\n<tr>\n<th>Najve\u010dja prostornina olja<\/th>\n<td>2,3 l<\/td>\n<\/tr>\n<tr>\n<th>Najdalj\u0161i interval menjave olja<\/th>\n<td>500 ur<\/td>\n<\/tr>\n<tr>\n<th>Stopnja viskoznosti olja SAE<\/th>\n<td>80W-90<\/td>\n<\/tr>\n<tr>\n<th>Material ohi\u0161ja<\/th>\n<td>Lito \u017eelezo GG25<\/td>\n<\/tr>\n<tr>\n<th>Te\u017ea<\/th>\n<td>30 kg<\/td>\n<\/tr>\n<tr>\n<th>Razporeditev zobnikov<\/th>\n<td>5 &#8211; 6<\/td>\n<\/tr>\n<tr>\n<th>Razmerje<\/th>\n<td>1: 1<\/td>\n<\/tr>\n<tr>\n<th>Vhodna gred<\/th>\n<td>\u017d<\/td>\n<\/tr>\n<tr>\n<th>Gred X<\/th>\n<td>1 3\/8\u2033 (6) (A)<\/td>\n<\/tr>\n<tr>\n<th>Gred Y<\/th>\n<td>1 3\/8\u2033 (6) (A)<\/td>\n<\/tr>\n<tr>\n<th>Gred Z<\/th>\n<td>1 3\/8\u2033 (6) (B)<\/td>\n<\/tr>\n<\/tbody>\n<\/table>\n<h2>O FMP-ju<\/h2>\n<p>FMP s sede\u017eem v Italiji je vodilno podjetje na podro\u010dju raziskav, razvoja in proizvodnje \u0161iroke palete menjalnikov, reduktorjev in in\u017eenirskih strojev. Z zavezanostjo inovacijam in odli\u010dnosti ponujamo \u0161iroko paleto izdelkov, ki vklju\u010duje:<\/p>\n<ul>\n<li><strong>Spiralni sto\u017e\u010dasti menjalniki<\/strong><\/li>\n<li><strong>Ravni menjalniki<\/strong><\/li>\n<li><strong>Pol\u017easti menjalniki<\/strong><\/li>\n<li><strong>Cilindri\u010dni menjalniki<\/strong><\/li>\n<li><strong>Ohi\u0161ja in ohi\u0161ja ventilov iz visokotla\u010dnega litja<\/strong><\/li>\n<\/ul>\n<p>Na\u0161i izdelki so zasnovani za \u0161tevilne aplikacije v panogah, kot so kmetijstvo, gradbeni\u0161tvo in pomorstvo. Pogosto se uporabljajo v kmetijskih kosilnicah, sne\u017enih plugih, trosilnikih gnojil, transporterjih za \u017eito, industrijskih strojih, opremi za \u010drpanje nafte in hidravli\u010dnih sistemih.<\/p>\n<p>V podjetju FMP smo ponosni na svoje robustne tehni\u010dne in raziskovalne zmogljivosti. Na\u0161a neomajna predanost proizvodnji zanesljivih in visokokakovostnih izdelkov nas je uvrstila med spo\u0161tovana imena v proizvodnem sektorju. Sprejemamo edinstveno poslovno filozofijo, ki daje prednost inovacijam, kakovosti in zadovoljstvu strank, kar nam omogo\u010da, da se prilagajamo spreminjajo\u010dim se potrebam na\u0161ih strank.<\/p>\n<p><img loading=\"lazy\" decoding=\"async\" class=\"alignnone wp-image-1840\" src=\"https:\/\/fmp-components.com\/wp-content\/uploads\/2024\/12\/Post-Hole-Digger-Gearbox-6.webp\" alt=\"Menjalnik za izkopavanje lukenj\" width=\"884\" height=\"582\" title=\"\" srcset=\"https:\/\/fmp-components.com\/wp-content\/uploads\/2024\/12\/Post-Hole-Digger-Gearbox-6.webp 884w, https:\/\/fmp-components.com\/wp-content\/uploads\/2024\/12\/Post-Hole-Digger-Gearbox-6-480x316.webp 480w\" sizes=\"(min-width: 0px) and (max-width: 480px) 480px, (min-width: 481px) 884px, 100vw\" \/><\/p>\n<h3>Proizvodni postopek za kmetijske menjalnike<\/h3>\n<p>Proizvodnja kmetijskih menjalnikov je natan\u010den postopek, ki vklju\u010duje ve\u010d klju\u010dnih korakov, od katerih je vsak zasnovan tako, da zagotavlja najvi\u0161jo kakovost in zmogljivost:<\/p>\n<p><strong>Oblikovanje izdelkov<\/strong><br \/>\nZa\u010detna faza se osredoto\u010da na opredelitev specifikacij, izbiro materialov in dolo\u010ditev dimenzij, prilagojenih specifi\u010dnim zahtevam uporabe. Na\u0161a oblikovalska ekipa tesno sodeluje s strankami, da bi razumela njihove potrebe in vklju\u010dila najnovej\u0161e tehnolo\u0161ke dose\u017eke.<\/p>\n<p><strong>Priprava surovin<\/strong><br \/>\nSkrbno izbiramo bistvene materiale, predvsem lito \u017eelezo in aluminijeve zlitine, s \u010dimer zagotavljamo, da izpolnjujejo na\u0161e stroge standarde kakovosti. Vsako serijo pred uporabo temeljito pregledamo, da zagotovimo optimalno delovanje na\u0161ih izdelkov.<\/p>\n<p><strong>Precizna obdelava<\/strong><br \/>\nSurovine se podvr\u017eejo precizni obdelavi, vklju\u010dno s stru\u017eenjem in rezkanjem, za izdelavo zobnikov, gredi in ohi\u0161ij z izjemno natan\u010dnostjo. Na\u0161i najsodobnej\u0161i stroji in usposobljeni tehniki zagotavljajo, da je vsaka komponenta izdelana do popolnosti.<\/p>\n<p><strong>Skup\u0161\u010dina<\/strong><br \/>\nMed monta\u017eo so komponente, kot so zobniki, le\u017eaji in gredi, skrbno sestavljene v ohi\u0161ju. Ta faza vklju\u010duje stroge natan\u010dne preglede in kalibracije ter uporabo ustreznih maziv za zagotovitev nemotenega in u\u010dinkovitega delovanja.<\/p>\n<p><strong>Obdelava procesov<\/strong><br \/>\nZa pove\u010danje trdnosti in odpornosti proti obrabi so menjalniki podvr\u017eeni naprednim postopkom toplotne obdelave. Ta klju\u010dni korak zagotavlja, da na\u0161i izdelki prenesejo obremenitve zahtevnih aplikacij.<\/p>\n<p><strong>Povr\u0161inska obdelava<\/strong><br \/>\nUporabljamo povr\u0161inske obdelave, kot sta poliranje in pra\u0161no barvanje, s \u010dimer izbolj\u0161amo tako estetski videz kot tudi odpornost proti koroziji menjalnikov. To ne le pove\u010da vzdr\u017eljivost, temve\u010d tudi podalj\u0161a \u017eivljenjsko dobo na\u0161ih izdelkov v razli\u010dnih okoljih.<\/p>\n<p><strong>Nadzor kakovosti<\/strong><br \/>\nV vsaki fazi proizvodnje se izvajajo obse\u017eni pregledi, pri katerih se merijo dimenzije, natan\u010dnost, hrup in vibracije. Ta strog postopek nadzora kakovosti zagotavlja, da na\u0161i menjalniki izpolnjujejo stroge varnostne in zmogljivostne standarde.<\/p>\n<p>Na splo\u0161no je proizvodnja kmetijskih menjalnikov v podjetju FMP kompleksen podvig, ki zahteva strokovno obrt, napredno proizvodno tehnologijo in temeljit sistem nadzora kakovosti. Na\u0161 natan\u010den pristop zagotavlja, da dobavljamo menjalnike, ki zagotavljajo izjemno zmogljivost in zanesljivost ter izpolnjujejo visoke standarde, ki jih pri\u010dakujejo na\u0161e stranke.<\/p>\n<p>Avtor: CX<\/p>","protected":false},"excerpt":{"rendered":"<p>Our Post Hole Digger Gearbox, designed specifically as a replacement for the Comer Code T-290F. This gearbox ensures outstanding performance and durability for various drilling applications. Key Features: High Torque Output: Engineered to provide exceptional torque, this gearbox effectively transfers power from the tractor to the auger, making it ideal for tough soil conditions. Robust [&hellip;]<\/p>","protected":false},"featured_media":1844,"comment_status":"open","ping_status":"closed","template":"","meta":{"_et_pb_use_builder":"","_et_pb_old_content":"","_et_gb_content_width":""},"product_brand":[],"product_cat":[15],"product_tag":[],"class_list":{"0":"post-1843","1":"product","2":"type-product","3":"status-publish","4":"has-post-thumbnail","6":"product_cat-uncategorized","8":"first","9":"instock","10":"shipping-taxable","11":"product-type-simple"},"_links":{"self":[{"href":"https:\/\/fmp-components.com\/sl\/wp-json\/wp\/v2\/product\/1843","targetHints":{"allow":["GET"]}}],"collection":[{"href":"https:\/\/fmp-components.com\/sl\/wp-json\/wp\/v2\/product"}],"about":[{"href":"https:\/\/fmp-components.com\/sl\/wp-json\/wp\/v2\/types\/product"}],"replies":[{"embeddable":true,"href":"https:\/\/fmp-components.com\/sl\/wp-json\/wp\/v2\/comments?post=1843"}],"wp:featuredmedia":[{"embeddable":true,"href":"https:\/\/fmp-components.com\/sl\/wp-json\/wp\/v2\/media\/1844"}],"wp:attachment":[{"href":"https:\/\/fmp-components.com\/sl\/wp-json\/wp\/v2\/media?parent=1843"}],"wp:term":[{"taxonomy":"product_brand","embeddable":true,"href":"https:\/\/fmp-components.com\/sl\/wp-json\/wp\/v2\/product_brand?post=1843"},{"taxonomy":"product_cat","embeddable":true,"href":"https:\/\/fmp-components.com\/sl\/wp-json\/wp\/v2\/product_cat?post=1843"},{"taxonomy":"product_tag","embeddable":true,"href":"https:\/\/fmp-components.com\/sl\/wp-json\/wp\/v2\/product_tag?post=1843"}],"curies":[{"name":"delovni list","href":"https:\/\/api.w.org\/{rel}","templated":true}]}}