{"id":1831,"date":"2024-12-24T05:44:59","date_gmt":"2024-12-24T05:44:59","guid":{"rendered":"https:\/\/fmp-components.com\/?page_id=8"},"modified":"2024-12-24T06:47:52","modified_gmt":"2024-12-24T06:47:52","slug":"75-hp-heavy-duty-post-hole-digger-gearbox-for-3-point-post-hole-digger","status":"publish","type":"product","link":"https:\/\/fmp-components.com\/sl\/product\/75-hp-heavy-duty-post-hole-digger-gearbox-for-3-point-post-hole-digger\/","title":{"rendered":"75 KM menjalnik za te\u017eka dela za 3-to\u010dkovni izkopalnik lukenj"},"content":{"rendered":"<p><img loading=\"lazy\" decoding=\"async\" class=\"size-full wp-image-1838 aligncenter\" src=\"https:\/\/fmp-components.com\/wp-content\/uploads\/2024\/12\/Heavy-Duty-Post-Hole-Digger-Gearbox-Parts-2.webp\" alt=\"Deli menjalnika za te\u017eke vrtalne kopa\u010de\" width=\"600\" height=\"600\" title=\"\" srcset=\"https:\/\/fmp-components.com\/wp-content\/uploads\/2024\/12\/Heavy-Duty-Post-Hole-Digger-Gearbox-Parts-2.webp 600w, https:\/\/fmp-components.com\/wp-content\/uploads\/2024\/12\/Heavy-Duty-Post-Hole-Digger-Gearbox-Parts-2-480x480.webp 480w\" sizes=\"(min-width: 0px) and (max-width: 480px) 480px, (min-width: 481px) 600px, 100vw\" \/><\/p>\n<h2>Dimenzije menjalnika za te\u017eka dela za izkopavanje lukenj 75 KM<\/h2>\n<p><img loading=\"lazy\" decoding=\"async\" class=\"alignnone size-full wp-image-1832\" src=\"https:\/\/fmp-components.com\/wp-content\/uploads\/2024\/12\/Post-Hole-Digger-Gearbox-1.webp\" alt=\"Menjalnik za izkopavanje lukenj\" width=\"1012\" height=\"872\" title=\"\" srcset=\"https:\/\/fmp-components.com\/wp-content\/uploads\/2024\/12\/Post-Hole-Digger-Gearbox-1.webp 1012w, https:\/\/fmp-components.com\/wp-content\/uploads\/2024\/12\/Post-Hole-Digger-Gearbox-1-980x844.webp 980w, https:\/\/fmp-components.com\/wp-content\/uploads\/2024\/12\/Post-Hole-Digger-Gearbox-1-480x414.webp 480w\" sizes=\"(min-width: 0px) and (max-width: 480px) 480px, (min-width: 481px) and (max-width: 980px) 980px, (min-width: 981px) 1012px, 100vw\" \/><\/p>\n<h2>Specifikacije izdelka:<\/h2>\n<div><span class=\"Apple-style-span\">Ta menjalnik za izkopavanje lukenj ima 75 konjskih mo\u010di, pravokotni menjalnik, ki se uporablja na \u0161tevilnih priklju\u010dkih za izkopavanje lukenj. Ta zmogljiv menjalnik za izkopavanje lukenj je neposredna zamenjava za \u0161tevilne proizvajalce. Samo preverite meritve na svojem menjalniku, da se prepri\u010date, da se pravilno prilega.<\/span><\/div>\n<p>\u2013 75 KM<\/p>\n<p>\u2013 Vklju\u010duje stra\u017earje<\/p>\n<p>\u2013 Razmerje 3:1<\/p>\n<p>\u2013 Okrogla vhodna gred 1-1\/4\u2033 z monta\u017eno luknjo 3\/8\u2033<\/p>\n<p>\u2013 2\u2033 okrogla izhodna gred z dvojnimi 1\/2\u2033 luknjami za pritrditev pol\u017eev<\/p>\n<p>\u2013 7\/8\u2033 pritrdilni zati\u010d, dol\u017eine 7-1\/2\u2033<\/p>\n<p>\u2013 Monta\u017ena u\u0161esa 5-3\/8\u2033 znotraj in 6-5\/8\u2033 zunaj.<\/p>\n<p>\u2013 Trpe\u017ena \u010drna barva<\/p>\n<p>\u2013 75 funtov<\/p>\n<p>\u2013 Dobavljeno brez olja (olje za menjalnike 80W-90)<\/p>\n<p><img loading=\"lazy\" decoding=\"async\" class=\"alignnone size-full wp-image-1836\" src=\"https:\/\/fmp-components.com\/wp-content\/uploads\/2024\/12\/Post-Hole-Digger-Gearbox-3.webp\" alt=\"Menjalnik za izkopavanje lukenj\" width=\"1278\" height=\"752\" title=\"\" srcset=\"https:\/\/fmp-components.com\/wp-content\/uploads\/2024\/12\/Post-Hole-Digger-Gearbox-3.webp 1278w, https:\/\/fmp-components.com\/wp-content\/uploads\/2024\/12\/Post-Hole-Digger-Gearbox-3-980x577.webp 980w, https:\/\/fmp-components.com\/wp-content\/uploads\/2024\/12\/Post-Hole-Digger-Gearbox-3-480x282.webp 480w\" sizes=\"(min-width: 0px) and (max-width: 480px) 480px, (min-width: 481px) and (max-width: 980px) 980px, (min-width: 981px) 1278px, 100vw\" \/><\/p>\n<h2>Deli menjalnika za te\u017eka dela za izkopavanje lukenj 75 KM<\/h2>\n<p>Menjalnik za vrtalne kopa\u010de z mo\u010djo 75 KM je robustna komponenta, zasnovana za izpolnjevanje zahtev glede visokega navora za vrtanje v te\u017ekih tleh. Spodaj so navedeni glavni deli tega menjalnika:<\/p>\n<p>Ohi\u0161je menjalnika: Ohi\u0161je menjalnika zagotavlja za\u0161\u010dito in strukturno oporo notranjim komponentam. Obi\u010dajno je izdelano iz trpe\u017enih materialov, kot sta lito \u017eelezo ali jeklo, in je zasnovano tako, da prenese obremenitve te\u017ekih vrtalnih operacij.<\/p>\n<p>Vhodna gred: Vhodna gred je povezana s kardansko gredjo traktorja in prena\u0161a vrtilno mo\u010d iz motorja traktorja v menjalnik. Slu\u017ei kot glavni pogon menjalnika in spro\u017ei postopek vrtanja.<\/p>\n<p>Zobniki: V menjalniku vrsta zobnikov prena\u0161a mo\u010d z vhodne gredi na izhodno gred, hkrati pa prilagaja navor in hitrost. Ti zobniki so skrbno zasnovani tako, da zagotavljajo potrebno oja\u010danje navora za u\u010dinkovito vrtanje v razli\u010dnih vrstah tal.<\/p>\n<p>Izhodna gred: Izhodna gred prejema mo\u010d iz zobnikov in jo prena\u0161a na vrtalni vijak. Z vrtenjem vijaka ta gred omogo\u010da ustvarjanje sajenih lukenj na zahtevani globini in premeru.<\/p>\n<p>Le\u017eaji: Le\u017eaji podpirajo gredi in zobnike v menjalniku, kar zagotavlja nemoteno vrtenje z minimalnim trenjem. Visokokakovostni le\u017eaji so klju\u010dnega pomena za ohranjanje u\u010dinkovitosti in dolge \u017eivljenjske dobe menjalnika, zlasti pri velikih obremenitvah med neprekinjenim delovanjem.<\/p>\n<p>Tesnila: Tesnila so bistvena za prepre\u010devanje vdora umazanije, vlage in drugih onesna\u017eevalcev v ohi\u0161je menjalnika in sistem mazanja. Z ohranjanjem celovitosti menjalnika ta tesnila pomagajo prepre\u010diti prezgodnjo obrabo ali po\u0161kodbe notranjih komponent.<\/p>\n<p><img loading=\"lazy\" decoding=\"async\" class=\"alignnone size-full wp-image-1837\" src=\"https:\/\/fmp-components.com\/wp-content\/uploads\/2024\/12\/Post-Hole-Digger-Gearbox-48.webp\" alt=\"Menjalnik za izkopavanje lukenj\" width=\"2560\" height=\"1920\" title=\"\" srcset=\"https:\/\/fmp-components.com\/wp-content\/uploads\/2024\/12\/Post-Hole-Digger-Gearbox-48.webp 2560w, https:\/\/fmp-components.com\/wp-content\/uploads\/2024\/12\/Post-Hole-Digger-Gearbox-48-1280x960.webp 1280w, https:\/\/fmp-components.com\/wp-content\/uploads\/2024\/12\/Post-Hole-Digger-Gearbox-48-980x735.webp 980w, https:\/\/fmp-components.com\/wp-content\/uploads\/2024\/12\/Post-Hole-Digger-Gearbox-48-480x360.webp 480w\" sizes=\"(min-width: 0px) and (max-width: 480px) 480px, (min-width: 481px) and (max-width: 980px) 980px, (min-width: 981px) and (max-width: 1280px) 1280px, (min-width: 1281px) 2560px, 100vw\" \/><\/p>\n<h2>Zna\u010dilnosti menjalnika za te\u017eke izkope jam za stebre z mo\u010djo 75 KM<\/h2>\n<p>Menjalnik za te\u017eka vrtalna dela z mo\u010djo 75 KM je zasnovan za optimalno zmogljivost in vzdr\u017eljivost pri zahtevnih vrtalnih aplikacijah. Njegove klju\u010dne lastnosti so:<\/p>\n<h3>1. Visoka zmogljivost navora<\/h3>\n<p>Ta menjalnik, zasnovan za obvladovanje visokih zahtev glede navora, u\u010dinkovito prena\u0161a mo\u010d za vrtanje v te\u017ekih tleh in zagotavlja u\u010dinkovito delovanje.<\/p>\n<h3>2. Robustna konstrukcija<\/h3>\n<p>Ohi\u0161je menjalnika, izdelano iz trpe\u017enih materialov, kot sta lito \u017eelezo ali jeklo, zagotavlja odli\u010dno strukturno celovitost in odpornost proti obrabi.<\/p>\n<h3>3. Precizni zobniki<\/h3>\n<p>Menjalnik ima natan\u010dno zasnovane zobnike, ki optimizirajo navor in hitrost, kar omogo\u010da u\u010dinkovito vrtanje in prilagajanje razli\u010dnim vrstam tal.<\/p>\n<h3>4. U\u010dinkovit prenos mo\u010di<\/h3>\n<p>Z zanesljivo vhodno gredjo, ki je povezana s kardansko gredjo traktorja, menjalnik omogo\u010da nemoten prenos mo\u010di iz motorja traktorja in s tem izbolj\u0161a splo\u0161no zmogljivost.<\/p>\n<h3>5. Izbolj\u0161ana dolgo\u017eivost<\/h3>\n<p>Visokokakovostni le\u017eaji zmanj\u0161ujejo trenje in obrabo, kar prispeva k dolgi \u017eivljenjski dobi menjalnika, tudi pri stalnih velikih obremenitvah.<\/p>\n<h3>6. U\u010dinkovit sistem tesnjenja<\/h3>\n<p>Tesnila so vgrajena za za\u0161\u010dito notranjih komponent pred umazanijo in vlago, kar pomaga ohranjati mazanje in prepre\u010duje prezgodnje po\u0161kodbe.<\/p>\n<h3>7. Vsestranska uporaba<\/h3>\n<p>Ta menjalnik, primeren za razli\u010dne talne razmere, je idealen za kmetijsko, krajinsko in gradbeno uporabo, zaradi \u010desar je vsestranska izbira za kopanje lukenj za stebre.<\/p>\n<h3>8. Enostavno vzdr\u017eevanje<\/h3>\n<p>Zasnova omogo\u010da enostavno vzdr\u017eevanje, saj zagotavlja, da lahko uporabniki enostaven dostop do komponent za preglede in servisiranje.<\/p>\n<p>Zaradi teh lastnosti je menjalnik za te\u017eka vrtalna dela z mo\u010djo 75 KM zanesljiva izbira za profesionalce, ki potrebujejo u\u010dinkovite in trpe\u017ene re\u0161itve za vrtanje.<\/p>\n<p><img loading=\"lazy\" decoding=\"async\" class=\"alignnone size-full wp-image-1839\" src=\"https:\/\/fmp-components.com\/wp-content\/uploads\/2024\/12\/Post-Hole-Digger-Gearbox-5.webp\" alt=\"Deli menjalnika za te\u017eke vrtalne kopa\u010de\" width=\"1282\" height=\"642\" title=\"\" srcset=\"https:\/\/fmp-components.com\/wp-content\/uploads\/2024\/12\/Post-Hole-Digger-Gearbox-5.webp 1282w, https:\/\/fmp-components.com\/wp-content\/uploads\/2024\/12\/Post-Hole-Digger-Gearbox-5-1280x641.webp 1280w, https:\/\/fmp-components.com\/wp-content\/uploads\/2024\/12\/Post-Hole-Digger-Gearbox-5-980x491.webp 980w, https:\/\/fmp-components.com\/wp-content\/uploads\/2024\/12\/Post-Hole-Digger-Gearbox-5-480x240.webp 480w\" sizes=\"(min-width: 0px) and (max-width: 480px) 480px, (min-width: 481px) and (max-width: 980px) 980px, (min-width: 981px) and (max-width: 1280px) 1280px, (min-width: 1281px) 1282px, 100vw\" \/><\/p>\n<h2>O FMP-ju<\/h2>\n<p>Podjetje FMP s sede\u017eem v Italiji se ukvarja z raziskavami, razvojem in proizvodnjo \u0161iroke palete menjalnikov, reduktorjev in in\u017eenirskih strojev. Na\u0161 portfelj izdelkov vklju\u010duje:<\/p>\n<ul>\n<li><strong>Spiralni sto\u017e\u010dasti menjalniki<\/strong><\/li>\n<li><strong>Ravni menjalniki<\/strong><\/li>\n<li><strong>Pol\u017easti menjalniki<\/strong><\/li>\n<li><strong>Cilindri\u010dni menjalniki<\/strong><\/li>\n<li><strong>Ohi\u0161ja in ohi\u0161ja ventilov iz visokotla\u010dnega litja<\/strong><\/li>\n<\/ul>\n<p>Ti izdelki so namenjeni razli\u010dnim aplikacijam, vklju\u010dno s kmetijskimi kosilnicami, sne\u017enimi plugi, trosilniki gnojil, transporterji za \u017eito, industrijsko opremo, stroji za \u010drpanje nafte, opremo za pomorsko industrijo in hidravli\u010dnimi komponentami za in\u017eeniring.<\/p>\n<p>V podjetju FMP smo ponosni na svoje robustne tehni\u010dne in raziskovalne zmogljivosti. Na\u0161a zavezanost proizvodnji zanesljivih in visokokakovostnih izdelkov nam je prinesla odli\u010den ugled v proizvodnem sektorju. Sprejemamo edinstveno poslovno filozofijo, ki poudarja inovacije, kakovost in zadovoljstvo strank, s \u010dimer zagotavljamo, da izpolnjujemo spreminjajo\u010de se potrebe na\u0161ih strank.<\/p>\n<p><img loading=\"lazy\" decoding=\"async\" class=\"alignnone wp-image-1840\" src=\"https:\/\/fmp-components.com\/wp-content\/uploads\/2024\/12\/Post-Hole-Digger-Gearbox-6.webp\" alt=\"Menjalnik za izkopavanje lukenj\" width=\"884\" height=\"582\" title=\"\" srcset=\"https:\/\/fmp-components.com\/wp-content\/uploads\/2024\/12\/Post-Hole-Digger-Gearbox-6.webp 884w, https:\/\/fmp-components.com\/wp-content\/uploads\/2024\/12\/Post-Hole-Digger-Gearbox-6-480x316.webp 480w\" sizes=\"(min-width: 0px) and (max-width: 480px) 480px, (min-width: 481px) 884px, 100vw\" \/><\/p>\n<h3>Proizvodni postopek za kmetijske menjalnike<\/h3>\n<p>Proizvodni proces za kmetijske menjalnike je zapleten in vklju\u010duje ve\u010d klju\u010dnih korakov:<\/p>\n<ol>\n<li><strong>Oblikovanje izdelkov<\/strong>Ta za\u010detna faza vklju\u010duje izbiro specifikacij, materialov in dimenzij menjalnika, ki ustrezajo specifi\u010dnim zahtevam uporabe.<\/li>\n<li><strong>Priprava surovin<\/strong>Pripravljamo bistvene materiale, prete\u017eno lito \u017eelezo ali aluminijeve zlitine, in zagotavljamo, da izpolnjujejo na\u0161e stroge standarde kakovosti.<\/li>\n<li><strong>Precizna obdelava<\/strong>Surovine se obdelajo s precizno obdelavo, ki vklju\u010duje stru\u017eenje, rezkanje in druge operacije, za izdelavo zobnikov, gredi in ohi\u0161ij z visoko natan\u010dnostjo.<\/li>\n<li><strong>Skup\u0161\u010dina<\/strong>Komponente, kot so zobniki, le\u017eaji in gredi, so skrbno sestavljene v ohi\u0161ju. V tej fazi preverjamo in kalibriramo natan\u010dnost ter nanesemo ustrezna maziva za zagotovitev nemotenega delovanja.<\/li>\n<li><strong>Obdelava procesov<\/strong>Menjalniki so toplotno obdelani, kar pove\u010da njihovo trdnost in odpornost proti obrabi za dolgotrajno delovanje.<\/li>\n<li><strong>Povr\u0161inska obdelava<\/strong>Izvajamo povr\u0161inske obdelave, kot sta poliranje in pra\u0161no barvanje, za izbolj\u0161anje estetske privla\u010dnosti in odpornosti menjalnikov proti koroziji.<\/li>\n<li><strong>Nadzor kakovosti<\/strong>Izvajamo stroge preglede kakovosti, pri katerih merimo dimenzije, natan\u010dnost, hrup in vibracije, da zagotovimo, da na\u0161i menjalniki izpolnjujejo varnostne in zmogljive standarde.<\/li>\n<\/ol>\n<p>Na splo\u0161no je proizvodnja kmetijskih menjalnikov kompleksen postopek, ki zahteva usposobljene obrtnike, napredno proizvodno opremo in celovit sistem nadzora kakovosti. Ta natan\u010den pristop zagotavlja izjemno zmogljivost in zanesljivost na\u0161ih menjalnikov.<\/p>\n<p>Avtor: CX<\/p>","protected":false},"excerpt":{"rendered":"<p>75 HP Heavy Duty Post Hole Digger Gearbox Dimensions Product Specifications: This post hole digger gearbox is a 75 horsepower, right angle gearbox used on many post hole digger attachments. This heavy duty post hole digger gearbox is a direct replacement for a number of manufacturers. Just check the measurements on yours to make sure [&hellip;]<\/p>","protected":false},"featured_media":1833,"comment_status":"open","ping_status":"closed","template":"","meta":{"_et_pb_use_builder":"","_et_pb_old_content":"","_et_gb_content_width":""},"product_brand":[],"product_cat":[50],"product_tag":[],"class_list":{"0":"post-1831","1":"product","2":"type-product","3":"status-publish","4":"has-post-thumbnail","6":"product_cat-post-hole-digger-gearbox","8":"first","9":"instock","10":"shipping-taxable","11":"product-type-simple"},"_links":{"self":[{"href":"https:\/\/fmp-components.com\/sl\/wp-json\/wp\/v2\/product\/1831","targetHints":{"allow":["GET"]}}],"collection":[{"href":"https:\/\/fmp-components.com\/sl\/wp-json\/wp\/v2\/product"}],"about":[{"href":"https:\/\/fmp-components.com\/sl\/wp-json\/wp\/v2\/types\/product"}],"replies":[{"embeddable":true,"href":"https:\/\/fmp-components.com\/sl\/wp-json\/wp\/v2\/comments?post=1831"}],"wp:featuredmedia":[{"embeddable":true,"href":"https:\/\/fmp-components.com\/sl\/wp-json\/wp\/v2\/media\/1833"}],"wp:attachment":[{"href":"https:\/\/fmp-components.com\/sl\/wp-json\/wp\/v2\/media?parent=1831"}],"wp:term":[{"taxonomy":"product_brand","embeddable":true,"href":"https:\/\/fmp-components.com\/sl\/wp-json\/wp\/v2\/product_brand?post=1831"},{"taxonomy":"product_cat","embeddable":true,"href":"https:\/\/fmp-components.com\/sl\/wp-json\/wp\/v2\/product_cat?post=1831"},{"taxonomy":"product_tag","embeddable":true,"href":"https:\/\/fmp-components.com\/sl\/wp-json\/wp\/v2\/product_tag?post=1831"}],"curies":[{"name":"delovni list","href":"https:\/\/api.w.org\/{rel}","templated":true}]}}