{"id":1701,"date":"2024-12-23T07:01:59","date_gmt":"2024-12-23T07:01:59","guid":{"rendered":"https:\/\/fmp-components.com\/product\/factory-customized-trailer-hydraulic-cylinder-for-dump-truck\/"},"modified":"2025-03-11T06:06:40","modified_gmt":"2025-03-11T06:06:40","slug":"factory-customized-trailer-hydraulic-cylinder-for-dump-truck","status":"publish","type":"product","link":"https:\/\/fmp-components.com\/sl\/product\/factory-customized-trailer-hydraulic-cylinder-for-dump-truck\/","title":{"rendered":"Tovarni\u0161ko prilagojen hidravli\u010dni cilinder za prikolico za prekucnik"},"content":{"rendered":"<h2>Predstavljamo tovarni\u0161ko prilagojen hidravli\u010dni cilinder za prikolico za prekucnik:<\/h2>\n<p>Tovarni\u0161ko prilagojen hidravli\u010dni cilinder za prekucnike je visokokakovostna in u\u010dinkovita hidravli\u010dna komponenta, posebej zasnovana za prekucnike. S svojimi naprednimi funkcijami in robustno konstrukcijo igra ta hidravli\u010dni cilinder klju\u010dno vlogo pri nemotenem delovanju prekucnikov med razkladanjem.<\/p>\n<p>Klju\u010dne lastnosti:<br \/>\n1. Prilagoditev: Tovarni\u0161ko prilagojen hidravli\u010dni cilinder za prikolice je mogo\u010de izdelati po meri, da ustreza specifi\u010dnim zahtevam razli\u010dnih modelov in velikosti prekucnikov. To zagotavlja popolno prileganje in optimalno delovanje.<br \/>\n2. Vzdr\u017eljivost: Ta hidravli\u010dni cilinder je izdelan s preciznim in\u017eeniringom in visokokakovostnimi materiali ter je zasnovan tako, da prenese velike obremenitve, zahtevna okolja in dolgotrajno uporabo.<br \/>\n3. Mo\u010d in u\u010dinkovitost: Hidravli\u010dni cilinder zagotavlja izjemno dvi\u017eno mo\u010d, ki omogo\u010da prekucnikom brez napora dvigovanje in nagibanje te\u017ekih bremen za u\u010dinkovito razkladanje. To izbolj\u0161a produktivnost in zmanj\u0161a \u010das izpada.<br \/>\n4. Varnost: Hidravli\u010dni cilinder je opremljen z zanesljivimi varnostnimi mehanizmi, kot so tla\u010dni varnostni ventili in za\u0161\u010dita pred preobremenitvijo, kar zagotavlja varnost tako upravljavca kot okolice med delovanjem.<br \/>\n5. Enostavno vzdr\u017eevanje: Tovarni\u0161ko prilagojen hidravli\u010dni cilinder za prikolice je zasnovan za enostavno vzdr\u017eevanje in servisiranje, kar zmanj\u0161uje \u010das izpada in obratovalne stro\u0161ke.<\/p>\n<p>Ne glede na to, ali se uporablja v gradbeni\u0161tvu, rudarstvu ali drugih panogah, ki zahtevajo pogosto razkladanje materialov, je tovarni\u0161ko prilagojen hidravli\u010dni cilinder za prikolice za prekucnike zanesljiva in nepogre\u0161ljiva komponenta. Izbolj\u0161a zmogljivost in produktivnost prekucnikov, zaradi \u010desar so bistveno orodje za vsako te\u017eko delo.<\/p>\n<p>Izberite tovarni\u0161ko prilagojen hidravli\u010dni cilinder za prikolico za prekucnike in izkusite prednosti njegovega brezhibnega delovanja, vzdr\u017eljivosti in u\u010dinkovitosti.<\/p>\n<h2>Tovarni\u0161ko prilagojen hidravli\u010dni cilinder za prikolico za prekucnik<\/h2>\n<p>Predstavljamo vam tovarni\u0161ko prilagojen hidravli\u010dni cilinder za prikolico za prekucnike. Ta povsem nov izdelek je izdelan posebej za va\u0161e potrebe na podro\u010dju proizvodnih, popravilnih, kmetijskih, energetskih in rudarskih strojev. Z 1-letno garancijo ste lahko prepri\u010dani, da bo ta hidravli\u010dni cilinder zagotavljal izjemno zmogljivost. Klju\u010dne komponente tega izdelka, kot so le\u017eaji in batni cilinder, so prav tako zajete v 1-letni garanciji. Ta robustni hidravli\u010dni cilinder iz jekla je zasnovan kot standardni batni cilinder in uporablja hidravli\u010dno mo\u010d. Opremljen je z obrnjenimi teleskopskimi cilindri in lahko dose\u017ee najve\u010dji potisk 3000 in najve\u010dji vle\u010dni napor 20 ton. Ta hidravli\u010dni cilinder, certificiran po standardu ISO9001:2000, je mogo\u010de prilagoditi glede velikosti izvrtine, velikosti palice, velikosti hoda, velikosti zati\u010da in barve.<\/p>\n<h2>Zna\u010dilnosti prilagojenega hidravli\u010dnega cilindra za prikolice<\/h2>\n<p><img decoding=\"async\" src=\"https:\/\/hzpt.com\/wp-content\/uploads\/2023\/11\/Inverted-Telescopic-Cylinder-4.webp\" alt=\"\" title=\"\"><\/p>\n<ol>\n<li>Hidravli\u010dna mo\u010d: Ta hidravli\u010dni cilinder uporablja hidravli\u010dno mo\u010d, kar zagotavlja zanesljivo delovanje in doslednost.<\/li>\n<li>Jekleno ohi\u0161je: Ohi\u0161je je izdelano iz jekla, kar zagotavlja vzdr\u017eljivost in robustnost.<\/li>\n<li>Najve\u010dji potisk in vle\u010dna sila: Lahko dose\u017ee najve\u010dji potisk 3000 ton in najve\u010dji vle\u010dni napor 20 ton, kar zagotavlja dovolj mo\u010di za delovanje.<\/li>\n<li>Certifikat ISO9001:2000: Ta izdelek je certificiran po standardu ISO9001:2000, kar strankam zagotavlja njegovo kakovost in zanesljivost.<\/li>\n<li>Prilagodljivost: Ta hidravli\u010dni cilinder je mogo\u010de prilagoditi glede velikosti izvrtine, velikosti palice, velikosti hoda, velikosti zati\u010da in barve, da ustreza specifi\u010dnim zahtevam.<\/li>\n<\/ol>\n<h2>Uporaba prilagojenega hidravli\u010dnega cilindra za prikolice<\/h2>\n<ol>\n<li>Proizvodni obrat: Ta hidravli\u010dni cilinder je primeren za uporabo v proizvodnih obratih.<\/li>\n<li>Strojne delavnice: Uporablja se lahko v strojnih delavnicah za razli\u010dna popravila in vzdr\u017eevalna dela.<\/li>\n<li>Kmetije: Ta hidravli\u010dni cilinder se lahko uporablja na kmetijah za razli\u010dna kmetijska dela.<\/li>\n<li>Energija in rudarstvo: Uporablja se lahko v energetski in rudarski industriji za razli\u010dne te\u017eke operacije.<\/li>\n<li>Strojna proizvodnja: Ta hidravli\u010dni cilinder je idealen tudi za uporabo v strojni industriji.<\/li>\n<\/ol>\n<p><img decoding=\"async\" src=\"https:\/\/hzpt.com\/wp-content\/uploads\/2023\/11\/Inverted-Telescopic-Cylinder-Applications.webp\" alt=\"Uporaba hidravli\u010dnih cilindrov\" title=\"\"><\/p>\n<h2>Na\u010delo delovanja hidravli\u010dnega cilindra po meri<\/h2>\n<ol>\n<li>Konfiguracija: Hidravli\u010dni cilinder je konfiguriran z batom in valjem, ki sta napolnjena s hidravli\u010dno teko\u010dino.<\/li>\n<li>Dovod hidravli\u010dne teko\u010dine: Hidravli\u010dna teko\u010dina se s \u010drpalko premika v valj, kar ustvarja tlak in potiska bat, da se premakne.<\/li>\n<li>Izhodna sila: To gibanje bata zagotavlja izhodno silo, ki se uporablja za izvedbo \u017eelene operacije.<\/li>\n<li>Vzdr\u017eevalne metode: Redni pregledi, \u010di\u0161\u010denje, mazanje, redni pregledi in popravila, zamenjava tesnil ter upo\u0161tevanje navodil za uporabo so klju\u010dne vzdr\u017eevalne metode za ta hidravli\u010dni cilinder.<\/li>\n<\/ol>\n<p><img decoding=\"async\" src=\"https:\/\/hzpt.com\/wp-content\/uploads\/2023\/11\/Inverted-Telescopic-Cylinder-22.webp\" alt=\"\" title=\"\"><\/p>\n<h2>Obrnjen teleskopski valj<\/h2>\n<p>Tovarni\u0161ko prilagojen hidravli\u010dni cilinder za prikolico za prekucnike je vrsta obrnjenega teleskopskega cilindra, ki je bil posebej zasnovan za uporabo v prekucnikih. Ta inovativni hidravli\u010dni cilinder se pogosto uporablja v gradbeni\u0161tvu, saj zagotavlja izjemno dvi\u017eno mo\u010d in stabilnost za te\u017eke tovore. V tem \u010dlanku bomo raziskali zna\u010dilnosti in na\u010dela delovanja tega izjemnega hidravli\u010dnega cilindra.<\/p>\n<h3>Zna\u010dilnosti:<\/h3>\n<p>1. Ve\u010dstopenjska zasnova:<\/p>\n<p>Tovarni\u0161ko prilagojen hidravli\u010dni cilinder za prikolico za prekucnike ima ve\u010dstopenjsko zasnovo, ki omogo\u010da ve\u010djo dvi\u017eno zmogljivost in dol\u017eino hoda. Ta cilinder je sestavljen iz ve\u010d teleskopskih stopenj, ki se raztezajo in umikajo, da zagotavljajo optimalno dvi\u017eno zmogljivost. Vsaka stopnja je skrbno zasnovana tako, da prenese velike obremenitve in zagotavlja nemoteno delovanje.<\/p>\n<p>2. Obrnjena konfiguracija:<\/p>\n<p>Za razliko od tradicionalnih hidravli\u010dnih cilindrov je obrnjen teleskopski cilinder zasnovan tako, da se batnica razteza navzdol. Ta obrnjena konfiguracija ponuja ve\u010d prednosti, vklju\u010dno z izbolj\u0161ano stabilnostjo, manj\u0161imi potrebami po vzdr\u017eevanju in ve\u010djo varnostjo. Z namestitvijo batne palice na dno se cilinder bolje upira stranskim obremenitvam in silam, ki delujejo med postopkom praznjenja.<\/p>\n<p>3. Tovarni\u0161ka prilagoditev:<\/p>\n<p>Tovarni\u0161ko prilagojen hidravli\u010dni cilinder za prikolico za prekucnike je prilagojen specifi\u010dnim zahtevam uporabe prekucnikov. Cilinder je mogo\u010de prilagoditi glede dimenzij, mo\u017enosti pritrditve in materialov, da se zagotovi brezhibna integracija s hidravli\u010dnim sistemom tovornjaka. Ta mo\u017enost prilagajanja omogo\u010da optimalno delovanje in dolgo \u017eivljenjsko dobo cilindra v zahtevnih delovnih pogojih prekucnikov.<\/p>\n<h3>Delovna na\u010dela:<\/h3>\n<p>Ko mora prekucnik raztovoriti tovor, hidravli\u010dni sistem aktivira tovarni\u0161ko prilagojen hidravli\u010dni cilinder prikolice. Tukaj je podroben opis na\u010dela delovanja cilindra:<\/p>\n<p>1. Faza raz\u0161iritve:<\/p>\n<p>Ko se hidravli\u010dna teko\u010dina \u010drpa v valj, najprej vstopi v komoro najmanj\u0161e stopnje. Tlak se pove\u010da, zaradi \u010desar se bat premakne navzven. Ta stopnja podalj\u0161anja omogo\u010da valju, da postopoma pove\u010da svojo dol\u017eino in zagotovi za\u010detno dvi\u017eno silo.<\/p>\n<p>2. Zaporedne faze:<\/p>\n<p>Ko je najmanj\u0161a stopnja popolnoma iztegnjena, hidravli\u010dna teko\u010dina \u0161e naprej te\u010de v naslednjo ve\u010djo stopnjo. Ta zaporedni postopek se ponovi za vsako stopnjo valja, pri \u010demer teko\u010dina postopoma polni vsako komoro in dodatno iztegne bat. Zaporedne stopnje obrnjenega teleskopskega valja omogo\u010dajo znatno pove\u010danje dvi\u017ene zmogljivosti, hkrati pa ohranjajo kompaktno zasnovo.<\/p>\n<p>3. Faza umika:<\/p>\n<p>Ko je \u010das za umik valja, hidravli\u010dni sistem obrne smer pretoka teko\u010dine. Umik se za\u010dne od najve\u010dje stopnje, postopoma prazni komore in omogo\u010da, da se bat umakne. Zaporedno umikanje stopenj zagotavlja nadzorovan in gladek spust kesona tovornjaka.<\/p>\n<p>Tovarni\u0161ko prilagojen hidravli\u010dni cilinder za prikolico za prekucnike je klju\u010dna komponenta, ki omogo\u010da u\u010dinkovito odlaganje v te\u017ekih tovornjakih. Njegova inovativna zasnova, skupaj s tovarni\u0161ko prilagoditvijo, zagotavlja optimalno delovanje in vzdr\u017eljivost. Ne glede na to, ali gre za majhno gradbi\u0161\u010de ali obse\u017eno rudarsko dejavnost, ta hidravli\u010dni cilinder zagotavlja mo\u010d in zanesljivost, potrebno za obvladovanje zahtevnih bremen.<\/p>\n<h3>O FMP-ju<\/h3>\n<p>FMP je podjetje, specializirano za proizvodnjo in prodajo hidravli\u010dnih cilindrov. S sede\u017eem v Italiji imamo dolgoletne izku\u0161nje v industriji gradbenih strojev in predano ekipo strokovnjakov. Ponujamo visokokakovostne in zanesljive hidravli\u010dne cilindre, skupaj s \u0161iroko paleto delov za gradbene stroje in celovitih strojnih re\u0161itev.<\/p>\n<p>Tukaj je 5 razlogov, zakaj bi morali izbrati FMP:<\/p>\n<ol>\n<li>\u0160iroka paleta izdelkov: Ponujamo razli\u010dne vrste hidravli\u010dnih cilindrov, vklju\u010dno z nastavljivimi cilindri z u\u0161esom, teleskopskimi cilindri, varjenimi cilindri in drugimi. Na\u0161a raznolika paleta izdelkov zagotavlja, da lahko zadostimo specifi\u010dnim potrebam na\u0161ih strank.<\/li>\n<li>Vrhunske komponente: Vsi na\u0161i hidravli\u010dni cilindri so izdelani iz vrhunskih komponent, kar zagotavlja vzdr\u017eljivost in zmogljivost. Tesno sodelujemo z visokokakovostnimi dobavitelji, da bi ohranili stroge standarde kakovosti.<\/li>\n<li>Strokovna prodajna ekipa: Na\u0161a izku\u0161ena prodajna ekipa je dobro podkovana v industriji gradbenih strojev in razume spreminjajo\u010de se potrebe na\u0161ih strank. Lahko vam nudi strokovne nasvete o izdelkih in pametne predloge za nakup.<\/li>\n<li>U\u010dinkovita logistika: Vzpostavljen imamo u\u010dinkovit logisti\u010dni distribucijski sistem, ki zagotavlja pravo\u010dasno in natan\u010dno dostavo potrebnih delov na\u0161im strankam. Lahko se zanesete na nas, da bomo izpolnili roke va\u0161ega projekta.<\/li>\n<li>Zavezanost zadovoljstvu strank: Pri FMP je zadovoljstvo strank na\u0161a glavna prioriteta. Prizadevamo si za odli\u010dno storitev na vsakem koraku, od izbire izdelkov do poprodajne podpore. Va\u0161 uspeh je na\u0161 uspeh.<\/li>\n<\/ol>\n<p><img decoding=\"async\" src=\"https:\/\/fmp-components.com\/wp-content\/uploads\/2024\/12\/Adjustable-Clevis-Type-Cylinders-6.webp\" alt=\"Nastavljiv valj tipa Clevis\" width=\"852\" title=\"\"><\/p>\n<p>Avtor: CX<\/p>","protected":false},"excerpt":{"rendered":"<p>Introducing the Factory Customized Trailer Hydraulic Cylinder for Dump Truck: The Factory Customized Trailer Hydraulic Cylinder for Dump Truck is a high-quality and efficient hydraulic component specially designed for dump trucks. With its advanced features and robust construction, this hydraulic cylinder plays a vital role in the smooth operation of dump trucks during the unloading [&hellip;]<\/p>","protected":false},"featured_media":1702,"comment_status":"closed","ping_status":"closed","template":"","meta":{"_et_pb_use_builder":"","_et_pb_old_content":"","_et_gb_content_width":""},"product_brand":[],"product_cat":[45],"product_tag":[34,48],"class_list":{"0":"post-1701","1":"product","2":"type-product","3":"status-publish","4":"has-post-thumbnail","6":"product_cat-inverted-telescopic-cylinder","7":"product_tag-hydraulic-cylinder","8":"product_tag-inverted-telescopic-cylinder","10":"first","11":"instock","12":"product-type-simple"},"_links":{"self":[{"href":"https:\/\/fmp-components.com\/sl\/wp-json\/wp\/v2\/product\/1701","targetHints":{"allow":["GET"]}}],"collection":[{"href":"https:\/\/fmp-components.com\/sl\/wp-json\/wp\/v2\/product"}],"about":[{"href":"https:\/\/fmp-components.com\/sl\/wp-json\/wp\/v2\/types\/product"}],"replies":[{"embeddable":true,"href":"https:\/\/fmp-components.com\/sl\/wp-json\/wp\/v2\/comments?post=1701"}],"wp:featuredmedia":[{"embeddable":true,"href":"https:\/\/fmp-components.com\/sl\/wp-json\/wp\/v2\/media\/1702"}],"wp:attachment":[{"href":"https:\/\/fmp-components.com\/sl\/wp-json\/wp\/v2\/media?parent=1701"}],"wp:term":[{"taxonomy":"product_brand","embeddable":true,"href":"https:\/\/fmp-components.com\/sl\/wp-json\/wp\/v2\/product_brand?post=1701"},{"taxonomy":"product_cat","embeddable":true,"href":"https:\/\/fmp-components.com\/sl\/wp-json\/wp\/v2\/product_cat?post=1701"},{"taxonomy":"product_tag","embeddable":true,"href":"https:\/\/fmp-components.com\/sl\/wp-json\/wp\/v2\/product_tag?post=1701"}],"curies":[{"name":"delovni list","href":"https:\/\/api.w.org\/{rel}","templated":true}]}}