{"id":1695,"date":"2024-12-23T07:01:59","date_gmt":"2024-12-23T07:01:59","guid":{"rendered":"https:\/\/fmp-components.com\/product\/factory-direct-sale-10-ton-dump-truck-hydraulic-cylinder-double-acting-hydraulic-cylinder\/"},"modified":"2025-03-11T06:06:28","modified_gmt":"2025-03-11T06:06:28","slug":"factory-direct-sale-10-ton-dump-truck-hydraulic-cylinder-double-acting-hydraulic-cylinder","status":"publish","type":"product","link":"https:\/\/fmp-components.com\/sl\/product\/factory-direct-sale-10-ton-dump-truck-hydraulic-cylinder-double-acting-hydraulic-cylinder\/","title":{"rendered":"Tovarni\u0161ka neposredna prodaja 10-tonski hidravli\u010dni cilinder za prekucnike z dvojnim delovanjem"},"content":{"rendered":"<p>Tovarni\u0161ko neposredna prodaja 10-tonskega hidravli\u010dnega cilindra z dvojnim delovanjem za prekucnike je vrhunski hidravli\u010dni cilinder, zasnovan za uporabo v prekucnikih. Zaradi svoje dvojno delujo\u010de zasnove se lahko ta cilinder uporablja v razli\u010dnih aplikacijah, vklju\u010dno z dvigovanjem in spu\u0161\u010danjem te\u017ekih bremen, saj zagotavlja gladek in natan\u010den nadzor v obe smeri.<\/p>\n<p><img decoding=\"async\" src=\"https:\/\/hzpt.com\/wp-content\/uploads\/2023\/11\/Inverted-Telescopic-Cylinder-4.webp\" alt=\"\" title=\"\"><\/p>\n<p>Ta hidravli\u010dni cilinder, izdelan z natan\u010dnostjo in skrbnostjo, se pona\u0161a z vrhunsko trdnostjo in vzdr\u017eljivostjo, zaradi \u010desar je zanesljiva izbira za te\u017eka dela. Cilinder ima visoko trdnostno jekleno konstrukcijo in je zasnovan tako, da prenese ekstremne temperature in te\u017eke delovne pogoje, kar zagotavlja optimalno delovanje in dolgo \u017eivljenjsko dobo.<\/p>\n<p>Napredna zasnova cilindra vklju\u010duje tudi vrsto inovativnih funkcij, kot so natan\u010dno obdelane batne palice, visokokakovostna tesnila in napredni hidravli\u010dni sistemi, ki skupaj zagotavljajo izjemno zmogljivost, u\u010dinkovitost in zanesljivost.<\/p>\n<table style=\"width: 100%;\" border=\"1\" width=\"100%\" cellspacing=\"0\" cellpadding=\"0\">\n<tbody>\n<tr>\n<th>Ime izdelka<\/th>\n<td>10-tonski hidravli\u010dni cilinder za prekucnike<\/td>\n<\/tr>\n<tr>\n<th>Stanje<\/th>\n<td>Novo<\/td>\n<\/tr>\n<tr>\n<th>Vrsta<\/th>\n<td>Dvostranski hidravli\u010dni cilinder<\/td>\n<\/tr>\n<tr>\n<th>Struktura<\/th>\n<td>Standardni batni valj<\/td>\n<\/tr>\n<tr>\n<th>Vir napajanja<\/th>\n<td>Hidravli\u010dna teko\u010dina<\/td>\n<\/tr>\n<tr>\n<th>Oblikovanje<\/th>\n<td>Obrnjeni teleskopski<\/td>\n<\/tr>\n<tr>\n<th>Material<\/th>\n<td>Trpe\u017eno jeklo<\/td>\n<\/tr>\n<tr>\n<th>Najve\u010dji potisk<\/th>\n<td>3000<\/td>\n<\/tr>\n<tr>\n<th>Najve\u010dji vlek<\/th>\n<td>20 ton<\/td>\n<\/tr>\n<tr>\n<th>Velikost izvrtine<\/th>\n<td>2 \u2013 6 palcev<\/td>\n<\/tr>\n<tr>\n<th>Velikost palice<\/th>\n<td>1,125 \u2013 4 palce<\/td>\n<\/tr>\n<tr>\n<th>Velikost poteze<\/th>\n<td>6 \u2013 48 palcev<\/td>\n<\/tr>\n<tr>\n<th>Velikost zati\u010da<\/th>\n<td>0,5 \u2013 2 palca<\/td>\n<\/tr>\n<tr>\n<th>Certificiranje<\/th>\n<td>ISO 9001:2000<\/td>\n<\/tr>\n<tr>\n<th>Barva<\/th>\n<td>Elegantna \u010drna<\/td>\n<\/tr>\n<tr>\n<th>Garancija<\/th>\n<td>1 leto<\/td>\n<\/tr>\n<tr>\n<th>Osnovne komponente<\/th>\n<td>Le\u017eaj, bat cilindra<\/td>\n<\/tr>\n<\/tbody>\n<\/table>\n<h2>Zna\u010dilnosti hidravli\u010dnega cilindra za tovornjake z nosilnostjo 10 ton<\/h2>\n<p>Ta hidravli\u010dni cilinder se pona\u0161a s \u0161tevilnimi impresivnimi lastnostmi:<\/p>\n<ol>\n<li>Dvojno delovanje: To pomeni, da lahko izvaja hidravli\u010dne operacije v dveh smereh, kar zagotavlja ve\u010djo fleksibilnost in u\u010dinkovitost.<\/li>\n<li>Obrnjena teleskopska zasnova: Ta zasnova omogo\u010da dalj\u0161o dol\u017eino hoda, kar pove\u010da splo\u0161no u\u010dinkovitost in vsestranskost valja.<\/li>\n<li>Visok najve\u010dji potisk in vle\u010dna sila: Z najve\u010djim potiskom 3000 in najve\u010djim vle\u010dnim momentom 20 ton je ta valj sposoben z lahkoto prena\u0161ati te\u017eke obremenitve.<\/li>\n<li>Trpe\u017een material: Ta jeklenka je izdelana iz jekla, zato je robustna in izdelana za dolgo \u017eivljenjsko dobo, kar zagotavlja dolgoro\u010dno zanesljivost in delovanje.<\/li>\n<li>Enoletna garancija: Ta izdelek ima enoletno garancijo, ki vam nudi brezskrbnost in za\u0161\u010dito va\u0161e nalo\u017ebe.<\/li>\n<\/ol>\n<h2>Uporaba hidravli\u010dnega cilindra za 10-tonske prekucnike<\/h2>\n<p>Zaradi robustne zasnove in vsestranskosti je ta hidravli\u010dni cilinder primeren za \u0161iroko paleto aplikacij:<\/p>\n<ol>\n<li>Proizvodni obrati: Uporabljajo se za delovanje te\u017ekih strojev in prevoz materiala.<\/li>\n<li>Delavnice za popravilo strojev: Bistvene za popravila in vzdr\u017eevalna dela, ki zahtevajo dvigovanje ali premikanje te\u017ekih delov strojev.<\/li>\n<li>Kmetije: Uporabljajo se v razli\u010dnih kmetijskih strojih za naloge, kot so dvigovanje, potiskanje in vle\u010denje.<\/li>\n<li>Energija in rudarstvo: Uporablja se v opremi za kopanje, vrtanje in pridobivanje virov.<\/li>\n<li>Strojna proizvodnja: Sestavni del za monta\u017eo in demonta\u017eo velikih strojev in opreme.<\/li>\n<\/ol>\n<p><img decoding=\"async\" src=\"https:\/\/hzpt.com\/wp-content\/uploads\/2023\/11\/Inverted-Telescopic-Cylinder-Applications.webp\" alt=\"Uporaba obrnjenega teleskopskega cilindra\" title=\"\"><\/p>\n<h2>Na\u010delo delovanja in metode vzdr\u017eevanja<\/h2>\n<p>Hidravli\u010dni cilinder deluje na preprostem, a u\u010dinkovitem principu. Hidravli\u010dna teko\u010dina se \u010drpa v valj, kar ustvarja tlak. Ta tlak deluje na bat, zaradi \u010desar se ta premika in ustvarja izhodno silo. Dvojno delujo\u010da zasnova pomeni, da se teko\u010dina lahko \u010drpa v obe smeri, kar omogo\u010da, da se bat premika naprej in nazaj.<\/p>\n<p>Kar zadeva vzdr\u017eevanje, je klju\u010dnega pomena:<\/p>\n<ol>\n<li style=\"list-style-type: none;\">\n<ol>\n<li>Redno pregledujte jeklenko glede morebitnih znakov obrabe, po\u0161kodb ali pu\u0161\u010danja.<\/li>\n<li>Redno \u010distite valj, da prepre\u010dite nabiranje umazanije in ostankov.<\/li>\n<li>Nama\u017eite gibljive dele, da zmanj\u0161ate trenje in obrabo.<\/li>\n<li>Redno pregledujte in popravljajte, da boste te\u017eave odkrili in odpravili zgodaj.<\/li>\n<li>Po potrebi zamenjajte tesnila, da prepre\u010dite pu\u0161\u010danje in ohranite optimalno delovanje.<\/li>\n<li>Za posebna navodila in urnike vzdr\u017eevanja upo\u0161tevajte navodila za uporabo.<\/li>\n<\/ol>\n<\/li>\n<\/ol>\n<p><img decoding=\"async\" src=\"https:\/\/hzpt.com\/wp-content\/uploads\/2023\/11\/Inverted-Telescopic-Cylinder-8.webp\" alt=\"\" title=\"\"><\/p>\n<h2>Obrnjen teleskopski valj<\/h2>\n<p>Obrnjen teleskopski valj, znan tudi kot enosmerni teleskopski valj, je hidravli\u010dni aktuator, ki je sestavljen iz ve\u010d vgnezdenih stopenj, pri \u010demer je vsaka stopnja uvle\u010dena v ve\u010djo. Ti cilindri se pogosto uporabljajo v razli\u010dnih te\u017ekih aplikacijah, kot so prekucniki, \u017eerjavi in \u200b\u200bbagri.<\/p>\n<h3>Zna\u010dilnosti obrnjenega teleskopskega cilindra<\/h3>\n<p>Sledijo nekatere klju\u010dne zna\u010dilnosti obrnjenih teleskopskih valjev:<\/p>\n<ul>\n<li>Veliki hodi z manj\u0161o dol\u017eino v uvle\u010denem polo\u017eaju<\/li>\n<li>Visoko u\u010dinkovita izraba prostora, zaradi \u010desar so idealni za stroje z omejenim prostorom<\/li>\n<li>Visoka trdnost in vzdr\u017eljivost zaradi uporabe visokokakovostnih materialov, kot je kromirano jeklo<\/li>\n<li>Zmore visoke obremenitve in zagotavlja dosledno delovanje tudi v te\u017ekih pogojih<\/li>\n<\/ul>\n<h3>Na\u010delo delovanja obrnjenega teleskopskega cilindra<\/h3>\n<p>Ko na batnico deluje pritisk, se ta iztegne iz valja, zaradi \u010desar se iztegnejo tudi vgnezdene stopnje. To iztezanje se nadaljuje, dokler batnica ne dose\u017ee konca svojega hoda. Ko se tlak sprosti, se valj umakne, vgnezdene stopnje pa se umaknejo nazaj v ve\u010djo.<\/p>\n<p>Batnica obrnjenega teleskopskega cilindra je obi\u010dajno pritrjena na konec najmanj\u0161e stopnje. Bat se nahaja znotraj najve\u010dje stopnje, hidravli\u010dna teko\u010dina pa se obi\u010dajno dovaja skozi odprtino v dnu cilindra.<\/p>\n<h3>Uporaba obrnjenega teleskopskega cilindra<\/h3>\n<p>Obrnjeni teleskopski cilindri se pogosto uporabljajo v prekucnikih, ki za dvigovanje in nagibanje kesona za razkladanje potrebujejo hidravli\u010dne cilindre. Ti cilindri se uporabljajo tudi v gradbeni opremi, kot so bagri, za nadzor gibanja roke in roke.<\/p>\n<p>Dvosmerni hidravli\u010dni cilinder je druga vrsta hidravli\u010dnega cilindra, ki se lahko uporablja v razli\u010dnih te\u017ekih aplikacijah. Tovarni\u0161ko neposredno naprodaj 10-tonski hidravli\u010dni cilinder Dvosmerni hidravli\u010dni cilinder je idealna re\u0161itev, kadar se mora aktuator premikati naprej in nazaj, na primer pri hidravli\u010dni stiskalnici ali dvigalu. Ti cilindri so sestavljeni iz bata, ki se lahko premika v obe smeri, pri \u010demer se hidravli\u010dna teko\u010dina dovaja na obe strani bata za nadzor njegovega gibanja.<\/p>\n<p>Obrnjeni teleskopski valj je bistvena komponenta v razli\u010dnih te\u017ekih aplikacijah, vklju\u010dno s prekucniki in gradbeno opremo. Ti valji ponujajo zanesljiv in u\u010dinkovit na\u010din za nadzor gibanja te\u017ekih strojev, kar zagotavlja dosledno delovanje tudi v te\u017ekih pogojih. Z razumevanjem delovanja teh valjev in njihove uporabe se lahko proizvajalci informirano odlo\u010dijo, katero vrsto hidravli\u010dnega aktuatorja bodo uporabili za svoje specifi\u010dne potrebe.<\/p>\n<p><img decoding=\"async\" src=\"https:\/\/hzpt.com\/wp-content\/uploads\/2023\/11\/Inverted-Telescopic-Cylinder-Manufacturers.webp\" alt=\"Tovarna za proizvodnjo hidravli\u010dnih strojev HZPT\" title=\"\"><\/p>\n<h3>O FMP-ju<\/h3>\n<p>FMP je podjetje, specializirano za proizvodnjo in prodajo hidravli\u010dnih cilindrov. Z na\u0161im poudarkom na zagotavljanju visokokakovostnih delov za gradbeno mehanizacijo in celovitih strojnih re\u0161itev smo se uveljavili kot zanesljiv partner v panogi. Na\u0161e dolgoletne izku\u0161nje in strokovna ekipa, ki se nahaja v Italiji, zagotavljajo, da strankam zagotavljamo vrhunske izdelke in storitve.<\/p>\n<p><strong>Na\u0161a ponudba izdelkov:<\/strong><\/p>\n<ol>\n<li><strong>Menjalniki za kmetijsko mehanizacijo:<\/strong> Ponujamo \u0161iroko paleto menjalnikov, posebej zasnovanih za kmetijsko mehanizacijo. Ti menjalniki so vzdr\u017eljivi in \u200b\u200bu\u010dinkoviti, kar omogo\u010da nemoteno in zanesljivo delovanje.<\/li>\n<li><strong>Hidravli\u010dni cilindri:<\/strong> Na\u0161i hidravli\u010dni cilindri so izdelani po najvi\u0161jih standardih, da zagotavljajo vrhunsko zmogljivost in vzdr\u017eljivost. Zasnovani so tako, da prenesejo velike obremenitve in te\u017eke delovne pogoje, kar zagotavlja optimalno u\u010dinkovitost in zanesljivost.<\/li>\n<li><strong>Planetni menjalniki:<\/strong> Ponujamo planetarne menjalnike, ki so zasnovani za natan\u010dnost in vzdr\u017eljivost. Ti menjalniki ponujajo visok navor in nemoteno delovanje, zaradi \u010desar so idealni za razli\u010dne aplikacije v industriji gradbenih strojev.<\/li>\n<li><strong>Industrijski menjalniki:<\/strong> Na\u0161a ponudba industrijskih menjalnikov je zasnovana tako, da zadovolji raznolike potrebe razli\u010dnih industrij. Ti menjalniki so znani po svoji zanesljivosti, u\u010dinkovitosti in dolgi \u017eivljenjski dobi.<\/li>\n<li><strong>Deli in dodatki za kmetijsko mehanizacijo:<\/strong> Poleg menjalnikov in hidravli\u010dnih cilindrov ponujamo tudi celovito paleto delov in dodatne opreme za kmetijsko mehanizacijo. Te komponente so skrbno izbrane, da se zagotovi zdru\u017eljivost in optimalno delovanje.<\/li>\n<\/ol>\n<p><strong>Prednosti na\u0161ega podjetja:<\/strong><\/p>\n<ol>\n<li><strong>Strogi standardi kakovosti:<\/strong> Vzpostavili smo dolgoro\u010dne in stabilne odnose z visokokakovostnimi dobavitelji tako doma kot v tujini. To nam omogo\u010da, da zagotovimo, da vsi deli, ki jih dobavljamo, izpolnjujejo stroge standarde kakovosti.<\/li>\n<li><strong>Izku\u0161ena prodajna ekipa:<\/strong> Na\u0161a prodajna ekipa dobro pozna razvojne trende in potrebe strank v industriji gradbenih strojev. Zagotavlja strokovna svetovanja o izdelkih in pametne predloge za nakup, da strankam pomaga pri sprejemanju premi\u0161ljenih odlo\u010ditev.<\/li>\n<li><strong>U\u010dinkovita logisti\u010dna distribucija:<\/strong> Vzpostavljen imamo u\u010dinkovit logisti\u010dni distribucijski sistem, ki zagotavlja, da stranke pravo\u010dasno in natan\u010dno prejmejo potrebne dele. To omogo\u010da minimalne izpade in maksimalno produktivnost.<\/li>\n<li><strong>Zanesljiva storitev:<\/strong> Zadovoljstvo strank nam je na prvem mestu in si vedno prizadevamo zagotavljati odli\u010dno storitev. Na\u0161a predana ekipa je vedno pripravljena odgovoriti na vsa vpra\u0161anja ali pomisleke ter tako zagotoviti nemoteno in brezskrbno izku\u0161njo za na\u0161e stranke.<\/li>\n<li><strong>Nenehno izbolj\u0161evanje:<\/strong> Zavezani smo k nenehnemu izbolj\u0161evanju in spremljanju najnovej\u0161ih dose\u017ekov v panogi. To nam omogo\u010da, da ponujamo inovativne re\u0161itve in ohranjamo polo\u017eaj zaupanja vrednega ponudnika delov in celotnih strojev za gradbeno mehanizacijo.<\/li>\n<\/ol>\n<p><img decoding=\"async\" src=\"https:\/\/fmp-components.com\/wp-content\/uploads\/2024\/12\/Adjustable-Clevis-Type-Cylinders-6.webp\" alt=\"Nastavljiv valj tipa Clevis\" width=\"849\" title=\"\"><br \/>\nAvtor: CX<\/p>","protected":false},"excerpt":{"rendered":"<p>Factory Direct Sale 10 Ton Dump Truck Hydraulic Cylinder Double Acting Hydraulic Cylinder is a top-of-the-line hydraulic cylinder designed for use in dump trucks. With its double-acting design, this cylinder can be used in a variety of applications, including lifting and lowering heavy loads, providing smooth and precise control in both directions. Crafted with precision [&hellip;]<\/p>","protected":false},"featured_media":1696,"comment_status":"closed","ping_status":"closed","template":"","meta":{"_et_pb_use_builder":"","_et_pb_old_content":"","_et_gb_content_width":""},"product_brand":[],"product_cat":[45],"product_tag":[34,48],"class_list":{"0":"post-1695","1":"product","2":"type-product","3":"status-publish","4":"has-post-thumbnail","6":"product_cat-inverted-telescopic-cylinder","7":"product_tag-hydraulic-cylinder","8":"product_tag-inverted-telescopic-cylinder","10":"first","11":"instock","12":"product-type-simple"},"_links":{"self":[{"href":"https:\/\/fmp-components.com\/sl\/wp-json\/wp\/v2\/product\/1695","targetHints":{"allow":["GET"]}}],"collection":[{"href":"https:\/\/fmp-components.com\/sl\/wp-json\/wp\/v2\/product"}],"about":[{"href":"https:\/\/fmp-components.com\/sl\/wp-json\/wp\/v2\/types\/product"}],"replies":[{"embeddable":true,"href":"https:\/\/fmp-components.com\/sl\/wp-json\/wp\/v2\/comments?post=1695"}],"wp:featuredmedia":[{"embeddable":true,"href":"https:\/\/fmp-components.com\/sl\/wp-json\/wp\/v2\/media\/1696"}],"wp:attachment":[{"href":"https:\/\/fmp-components.com\/sl\/wp-json\/wp\/v2\/media?parent=1695"}],"wp:term":[{"taxonomy":"product_brand","embeddable":true,"href":"https:\/\/fmp-components.com\/sl\/wp-json\/wp\/v2\/product_brand?post=1695"},{"taxonomy":"product_cat","embeddable":true,"href":"https:\/\/fmp-components.com\/sl\/wp-json\/wp\/v2\/product_cat?post=1695"},{"taxonomy":"product_tag","embeddable":true,"href":"https:\/\/fmp-components.com\/sl\/wp-json\/wp\/v2\/product_tag?post=1695"}],"curies":[{"name":"delovni list","href":"https:\/\/api.w.org\/{rel}","templated":true}]}}