{"id":1693,"date":"2024-12-23T07:01:59","date_gmt":"2024-12-23T07:01:59","guid":{"rendered":"https:\/\/fmp-components.com\/product\/premium-quality-stainless-steel-long-stroke-hydraulic-cylinder-for-dump-truck\/"},"modified":"2025-03-11T06:06:18","modified_gmt":"2025-03-11T06:06:18","slug":"premium-quality-stainless-steel-long-stroke-hydraulic-cylinder-for-dump-truck","status":"publish","type":"product","link":"https:\/\/fmp-components.com\/sl\/product\/premium-quality-stainless-steel-long-stroke-hydraulic-cylinder-for-dump-truck\/","title":{"rendered":"Visokokakovostni hidravli\u010dni cilinder z dolgim \u200b\u200bhodom iz nerjave\u010dega jekla za prekucnike"},"content":{"rendered":"<h2>Predstavljamo vam visokokakovosten hidravli\u010dni cilinder z dolgim \u200b\u200bhodom iz nerjave\u010dega jekla za prekucnike:<\/h2>\n<p>Ta hidravli\u010dni cilinder je posebej zasnovan za prekucnike in zagotavlja izjemno zmogljivost ter vzdr\u017eljivost. Izdelan je iz visokokakovostnega nerjave\u010dega jekla, kar zagotavlja njegovo odpornost proti koroziji in obrabi, tudi v te\u017ekih delovnih pogojih. Zasnova tega cilindra z dolgim \u200b\u200bhodom omogo\u010da ve\u010dji obseg gibanja, kar omogo\u010da u\u010dinkovito dvigovanje in razkladanje te\u017ekih bremen.<\/p>\n<p>S svojo vrhunsko konstrukcijo ta hidravli\u010dni cilinder ponuja vrhunsko trdnost in stabilnost. Izdelan je tako, da prenese zahteve te\u017ekih aplikacij ter zagotavlja zanesljivo in dosledno delovanje. Material iz nerjave\u010dega jekla podalj\u0161a njegovo \u017eivljenjsko dobo in zmanj\u0161a potrebo po pogostem vzdr\u017eevanju in zamenjavi.<\/p>\n<p>Ta valj, opremljen z napredno hidravli\u010dno tehnologijo, zagotavlja gladko in natan\u010dno delovanje. Ima robusten sistem bata in valja, ki omogo\u010da u\u010dinkovit prenos mo\u010di in u\u010dinkovito ravnanje s bremenom. Visokotla\u010dna tesnila prepre\u010dujejo pu\u0161\u010danje, kar zagotavlja optimalno delovanje in zmanj\u0161uje \u010das izpada.<\/p>\n<p><img decoding=\"async\" src=\"https:\/\/hzpt.com\/wp-content\/uploads\/2023\/11\/Inverted-Telescopic-Cylinder-23.webp\" alt=\"\" title=\"\"><\/p>\n<p>Poleg tega je ta hidravli\u010dni cilinder zasnovan za enostavno namestitev in zdru\u017eljivost s prekucniki razli\u010dnih znamk in modelov. Zasnovan je natan\u010dno, da izpolnjuje posebne zahteve uporabe prekucnikov, kar zagotavlja brezhibno integracijo in optimalno delovanje.<\/p>\n<p>Skratka, visokokakovostni hidravli\u010dni cilinder iz nerjave\u010dega jekla z dolgim \u200b\u200bhodom za prekucnike je zanesljiva in visoko zmogljiva komponenta, ki pove\u010duje u\u010dinkovitost in produktivnost prekucnikov. Zaradi svoje trpe\u017ene konstrukcije, napredne hidravli\u010dne tehnologije in enostavne namestitve je dragoceno sredstvo za vsako uporabo prekucnikov. Izkusite mo\u010d natan\u010dnosti z na\u0161im hidravli\u010dnim cilinderjem iz nerjave\u010dega jekla z dolgim \u200b\u200bhodom za prekucnike. To je vrhunski izdelek, posebej zasnovan za zagotavljanje visoke zmogljivosti v najte\u017ejih pogojih. Izdelan je iz visokokakovostnega nerjave\u010dega jekla, zato je robusten, vzdr\u017eljiv in zasnovan za dolgotrajno uporabo. Z novo oznako stanja in enoletno garancijo ta hidravli\u010dni cilinder zagotavlja zanesljivost in odli\u010dno storitev. Je standardni izdelek, prilagojen tako, da se brezhibno prilega va\u0161emu prekucniku in zagotavlja izjemno zmogljivost.<\/p>\n<h2>Zna\u010dilnosti hidravli\u010dnega cilindra z dolgim \u200b\u200bhodom iz nerjave\u010dega jekla<\/h2>\n<ul>\n<li><strong>Vrhunska kakovost:<\/strong> Hidravli\u010dni cilinder je izdelan iz visokokakovostnega nerjave\u010dega jekla, kar zagotavlja vzdr\u017eljivost in robustno delovanje.<\/li>\n<li><strong>Zasnova z dolgim \u200b\u200bhodom:<\/strong> Podalj\u0161ana dol\u017eina hoda zagotavlja maksimalno izhodno mo\u010d in s tem pove\u010duje operativno u\u010dinkovitost va\u0161ega prekucnika.<\/li>\n<li><strong>Enoletna garancija:<\/strong> Na klju\u010dne komponente, vklju\u010dno z le\u017eajem in batom, nudimo enoletno garancijo, kar vam zagotavlja brezskrbnost.<\/li>\n<li><strong>Certificirano po ISO-ju:<\/strong> Ta izdelek ima certifikat ISO9001:2000, kar zagotavlja, da izpolnjuje mednarodne standarde kakovosti.<\/li>\n<li><strong>Zmogljiva zmogljivost:<\/strong> Z najve\u010djim potiskom 3000 in najve\u010djim vle\u010dnim momentom 20 ton ta hidravli\u010dni cilinder zagotavlja mo\u010dno delovanje.<\/li>\n<\/ul>\n<h2>Uporaba hidravli\u010dnega cilindra z dolgim \u200b\u200bhodom iz nerjave\u010dega jekla<\/h2>\n<ul>\n<li><strong>Tovornjaki za prekucnike:<\/strong> Ta hidravli\u010dni cilinder je posebej zasnovan za prekucnike, saj pove\u010duje njihovo u\u010dinkovitost nakladanja in razkladanja.<\/li>\n<li><strong>Proizvodni obrati:<\/strong> Uporablja se lahko v razli\u010dnih proizvodnih obratih za operacije te\u017ekih strojev.<\/li>\n<li><strong>Servisi strojev:<\/strong> Ta izdelek se uporablja tudi v delavnicah za popravilo strojev za zamenjavo starih ali obrabljenih hidravli\u010dnih cilindrov.<\/li>\n<li><strong>Rudarska industrija:<\/strong> Uporablja se v rudarski industriji, za razli\u010dne operacije te\u017eke mehanizacije.<\/li>\n<li><strong>Kmetijska mehanizacija:<\/strong> Hidravli\u010dni cilinder se lahko uporablja tudi v kmetijski mehanizaciji za razli\u010dna opravila.<\/li>\n<\/ul>\n<p><img decoding=\"async\" src=\"https:\/\/hzpt.com\/wp-content\/uploads\/2023\/11\/Inverted-Telescopic-Cylinder-Applications.webp\" alt=\"Uporaba obrnjenega teleskopskega cilindra\" title=\"\"><\/p>\n<h2>Na\u010delo delovanja in vzdr\u017eevanje hidravli\u010dnega cilindra<\/h2>\n<p>Hidravli\u010dni cilinder deluje na principu vhodne in izhodne sile hidravli\u010dne teko\u010dine. Sestavljen je iz bata in valja, kamor se dovaja hidravli\u010dna teko\u010dina. Ko je teko\u010dina pod tlakom, ustvari izhodno silo, ki premika bat. To gibanje bata se nato uporabi za opravljanje mehanskega dela.<\/p>\n<p>Vzdr\u017eevanje hidravli\u010dnega cilindra vklju\u010duje:<\/p>\n<ul>\n<li style=\"list-style-type: none;\">\n<ul>\n<li><strong>Redni pregled:<\/strong> Redno pregledujte valj glede morebitnih znakov obrabe in se prepri\u010dajte, da je v dobrem delovnem stanju.<\/li>\n<li><strong>\u010ci\u0161\u010denje:<\/strong> Jeklenko vzdr\u017eujte \u010disto, da prepre\u010dite vdor peska ali umazanije vanjo in njeno po\u0161kodbo.<\/li>\n<li><strong>Mazanje:<\/strong> Redno ma\u017eite gibljive dele valja, da zagotovite nemoteno delovanje.<\/li>\n<li><strong>Zamenjava tesnila:<\/strong> Tesnila cilindra je treba redno menjati, da prepre\u010dite pu\u0161\u010danje hidravli\u010dne teko\u010dine.<\/li>\n<li><strong>Sledenje navodilom za uporabo:<\/strong> Za pravilno delovanje in vzdr\u017eevanje hidravli\u010dnega cilindra vedno upo\u0161tevajte navodila za uporabo.<img decoding=\"async\" src=\"https:\/\/hzpt.com\/wp-content\/uploads\/2023\/11\/Inverted-Telescopic-Cylinder-21.webp\" alt=\"\" title=\"\"><\/li>\n<\/ul>\n<\/li>\n<\/ul>\n<h2>Obrnjen teleskopski valj<\/h2>\n<p>Visokokakovosten hidravli\u010dni cilinder iz nerjave\u010dega jekla z dolgim \u200b\u200bhodom za prekucnike, obrnjen teleskopski cilinder, je edinstvena vrsta hidravli\u010dnega cilindra, pri katerem je batnica pritrjena na stacionarno podlago, medtem ko se cilinder sam premika vzdol\u017e batnice. Ta zasnova omogo\u010da dalj\u0161i hod in kraj\u0161o dol\u017eino v zvitem stanju, zaradi \u010desar je idealen za prekucnike in druge te\u017eke aplikacije.<\/p>\n<h3>Zna\u010dilnosti obrnjenega teleskopskega cilindra<\/h3>\n<ul>\n<li><strong>Visokotla\u010dna tesnila:<\/strong> Obrnjeni teleskopski valj je opremljen z visokokakovostnimi tesnili, ki so sposobna prenesti visok tlak. To zagotavlja nemoteno delovanje valja brez pu\u0161\u010danja.<\/li>\n<li><strong>Dol\u017eina dolgega hoda:<\/strong> Zasnova obrnjenega teleskopskega cilindra omogo\u010da dalj\u0161o dol\u017eino hoda kot tradicionalni hidravli\u010dni cilindri, zaradi \u010desar je idealen za prekucnike in druge te\u017eke aplikacije.<\/li>\n<li><strong>Majhna dol\u017eina v zlo\u017eenem polo\u017eaju:<\/strong> Manj\u0161a dol\u017eina obrnjenega teleskopskega cilindra v zlo\u017eenem polo\u017eaju omogo\u010da ve\u010d prostora v \u0161asiji prekucnika, kar olaj\u0161a namestitev in upravljanje.<\/li>\n<li><strong>Gladko delovanje:<\/strong> Obrnjen teleskopski valj deluje gladko in natan\u010dno, kar omogo\u010da natan\u010dno in u\u010dinkovito dvigovanje in razkladanje te\u017ekih bremen.<\/li>\n<li><strong>Enostavno vzdr\u017eevanje:<\/strong> Zasnova obrnjenega teleskopskega cilindra omogo\u010da enostavno vzdr\u017eevanje in popravila, kar zmanj\u0161uje \u010das izpada in pove\u010duje produktivnost.<\/li>\n<\/ul>\n<h3>Komponente obrnjenega teleskopskega cilindra<\/h3>\n<p>Obrnjeni teleskopski valj je sestavljen iz ve\u010d komponent, ki skupaj zagotavljajo nemoteno in u\u010dinkovito delovanje. Te komponente vklju\u010dujejo:<\/p>\n<ul>\n<li><strong>Bat:<\/strong> Bat je del valja, ki se premika vzdol\u017e palice in ustvarja silo, potrebno za dvigovanje in odlaganje te\u017ekih bremen.<\/li>\n<li><strong>Cilinder:<\/strong> Cilinder je zunanja lupina valja, ki se premika vzdol\u017e batnice.<\/li>\n<li><strong>Tesnila:<\/strong> Tesnila so komponente, ki prepre\u010dujejo pu\u0161\u010danje in omogo\u010dajo nemoteno delovanje cilindra.<\/li>\n<li><strong>Osnova:<\/strong> Osnova je stacionarni del valja, na katerega je pritrjena batnica.<\/li>\n<li><strong>Palica:<\/strong> Palica je komponenta, ki povezuje bat z osnovo in omogo\u010da prenos sile.<\/li>\n<\/ul>\n<h3>Uporaba obrnjenega teleskopskega cilindra<\/h3>\n<p>Obrnjeni teleskopski cilinder je vsestranski hidravli\u010dni cilinder, ki se uporablja pri razli\u010dnih aplikacijah dvigovanja in razkladanja te\u017ekih bremen. Nekatere pogoste uporabe obrnjenega teleskopskega cilindra vklju\u010dujejo:<\/p>\n<ul>\n<li><strong>Tovornjaki za prekucnike:<\/strong> Obrnjen teleskopski cilinder je idealen za prekucnike zaradi dolgega hoda in majhne dol\u017eine v zlo\u017eenem stanju.<\/li>\n<li><strong>Te\u017eka mehanizacija:<\/strong> Obrnjeni teleskopski valj se lahko uporablja tudi v te\u017ekih strojih, kot so \u017eerjavi in \u200b\u200bbagri.<\/li>\n<li><strong>Kmetijstvo:<\/strong> Obrnjeni teleskopski valj se lahko uporablja v kmetijskih aplikacijah, kot sta dvigovanje in odlaganje pridelkov in drugih materialov.<\/li>\n<li><strong>Rudarstvo:<\/strong> Obrnjeni teleskopski valj se uporablja v rudarstvu za dvigovanje in odlaganje te\u017ekih bremen.<\/li>\n<\/ul>\n<p>Skratka, obrnjeni teleskopski valj je edinstvena vrsta hidravli\u010dnega valja, ki ponuja ve\u010d prednosti pred tradicionalnimi valji. Z visokotla\u010dnimi tesnili, dolgim \u200b\u200bhodom, majhno dol\u017eino v uvle\u010denem stanju, gladkim delovanjem in enostavnim vzdr\u017eevanjem je idealna izbira za dvigovanje in odlaganje te\u017ekih bremen. Zaradi svoje vsestranskosti je primeren za \u0161irok spekter panog, od prekucnikov in te\u017eke mehanizacije do kmetijstva in rudarstva.<\/p>\n<h3>O FMP \u2013 hidravli\u010dnem cilindru<\/h3>\n<p>\u010ce i\u0161\u010dete zanesljive in visokokakovostne hidravli\u010dne cilindre, ste pri\u0161li na pravo mesto. FMP je ugledno podjetje, specializirano za prodajo in servis delov in celotnih strojev za gradbeno mehanizacijo. Z dolgoletnimi izku\u0161njami v panogi in profesionalno ekipo svojim strankam zagotavljamo vrhunske hidravli\u010dne cilindre, ki so zasnovani tako, da ustrezajo njihovim specifi\u010dnim potrebam.<\/p>\n<p>Tukaj je pet razlogov, zakaj bi morali izbrati FMP za va\u0161e potrebe po hidravli\u010dnih cilindrih:<\/p>\n<p>1. \u0160iroka paleta izdelkov: V podjetju FMP ponujamo \u0161iroko paleto hidravli\u010dnih cilindrov, vklju\u010dno z nastavljivimi cilindri z u\u0161esnim klobukom, varjenimi cilindri z u\u0161esnim klobukom in \u0161tevilnimi drugimi. Na\u0161i izdelki so primerni za razli\u010dne vrste gradbenih strojev, vklju\u010dno s kmetijskimi stroji, industrijskimi stroji in drugimi.<\/p>\n<p>2. Vrhunski materiali: V na\u0161ih izdelkih uporabljamo le najkakovostnej\u0161e materiale, s \u010dimer zagotavljamo, da izpolnjujejo stroge standarde kakovosti. Na\u0161i hidravli\u010dni cilindri so izdelani iz visokokakovostnega jekla, kar zagotavlja vzdr\u017eljivost in dolgotrajno delovanje.<\/p>\n<p>3. Strokovno svetovanje: Na\u0161a izku\u0161ena prodajna ekipa je vedno pripravljena zagotoviti strokovno svetovanje in nasvete. Razumemo razvojne trende in potrebe strank v industriji gradbenih strojev ter vam lahko pomagamo izbrati pravi hidravli\u010dni cilinder za va\u0161e potrebe.<\/p>\n<p>4. U\u010dinkovit logisti\u010dni distribucijski sistem: Imamo u\u010dinkovit logisti\u010dni distribucijski sistem, ki zagotavlja, da na\u0161e stranke pravo\u010dasno in natan\u010dno prejmejo potrebne dele. To pomeni, da se lahko zanesete na nas, da vam bomo dostavili hidravli\u010dni valj, ko ga potrebujete.<\/p>\n<p>5. Konkuren\u010dne cene: Pri FMP ponujamo svoje izdelke po konkuren\u010dnih cenah, ne da bi pri tem ogrozili kakovost. Verjamemo, da bi moral imeti vsakdo dostop do visokokakovostnih hidravli\u010dnih cilindrov po dostopni ceni.<\/p>\n<p>\u010ce torej i\u0161\u010dete zanesljivega in profesionalnega dobavitelja hidravli\u010dnih cilindrov, je FMP prava izbira. Za ve\u010d informacij o na\u0161ih izdelkih in storitvah nas kontaktirajte \u0161e danes.<\/p>\n<p><img decoding=\"async\" src=\"https:\/\/fmp-components.com\/wp-content\/uploads\/2024\/12\/Adjustable-Clevis-Type-Cylinders-6.webp\" alt=\"Nastavljiv valj tipa Clevis\" width=\"848\" title=\"\"><br \/>\nAvtor: CX<\/p>","protected":false},"excerpt":{"rendered":"<p>Predstavljamo vam visokokakovosten hidravli\u010dni cilinder iz nerjave\u010dega jekla z dolgim \u200b\u200bhodom za prekucnike: Ta hidravli\u010dni cilinder je posebej zasnovan za prekucnike in zagotavlja izjemno zmogljivost ter vzdr\u017eljivost. Izdelan je iz visokokakovostnega nerjave\u010dega jekla, kar zagotavlja njegovo odpornost proti koroziji in obrabi, tudi v te\u017ekih delovnih pogojih. Zasnova tega cilindra z dolgim \u200b\u200bhodom omogo\u010da [\u2026]<\/p>","protected":false},"featured_media":1694,"comment_status":"closed","ping_status":"closed","template":"","meta":{"_et_pb_use_builder":"","_et_pb_old_content":"","_et_gb_content_width":""},"product_brand":[],"product_cat":[45],"product_tag":[34,48],"class_list":{"0":"post-1693","1":"product","2":"type-product","3":"status-publish","4":"has-post-thumbnail","6":"product_cat-inverted-telescopic-cylinder","7":"product_tag-hydraulic-cylinder","8":"product_tag-inverted-telescopic-cylinder","10":"first","11":"instock","12":"product-type-simple"},"_links":{"self":[{"href":"https:\/\/fmp-components.com\/sl\/wp-json\/wp\/v2\/product\/1693","targetHints":{"allow":["GET"]}}],"collection":[{"href":"https:\/\/fmp-components.com\/sl\/wp-json\/wp\/v2\/product"}],"about":[{"href":"https:\/\/fmp-components.com\/sl\/wp-json\/wp\/v2\/types\/product"}],"replies":[{"embeddable":true,"href":"https:\/\/fmp-components.com\/sl\/wp-json\/wp\/v2\/comments?post=1693"}],"wp:featuredmedia":[{"embeddable":true,"href":"https:\/\/fmp-components.com\/sl\/wp-json\/wp\/v2\/media\/1694"}],"wp:attachment":[{"href":"https:\/\/fmp-components.com\/sl\/wp-json\/wp\/v2\/media?parent=1693"}],"wp:term":[{"taxonomy":"product_brand","embeddable":true,"href":"https:\/\/fmp-components.com\/sl\/wp-json\/wp\/v2\/product_brand?post=1693"},{"taxonomy":"product_cat","embeddable":true,"href":"https:\/\/fmp-components.com\/sl\/wp-json\/wp\/v2\/product_cat?post=1693"},{"taxonomy":"product_tag","embeddable":true,"href":"https:\/\/fmp-components.com\/sl\/wp-json\/wp\/v2\/product_tag?post=1693"}],"curies":[{"name":"delovni list","href":"https:\/\/api.w.org\/{rel}","templated":true}]}}