{"id":1691,"date":"2024-12-23T07:01:59","date_gmt":"2024-12-23T07:01:59","guid":{"rendered":"https:\/\/fmp-components.com\/product\/chinese-factory-dump-truck-4-stage-long-stroke-hydraulic-cylinder\/"},"modified":"2025-03-18T02:15:29","modified_gmt":"2025-03-18T02:15:29","slug":"italy-factory-dump-truck-4-stage-long-stroke-hydraulic-cylinder","status":"publish","type":"product","link":"https:\/\/fmp-components.com\/sl\/product\/italy-factory-dump-truck-4-stage-long-stroke-hydraulic-cylinder\/","title":{"rendered":"Hidravli\u010dni cilinder za tovornjake s 4-stopenjskim dolgim \u200b\u200bhodom"},"content":{"rendered":"<h2>Predstavljamo 4-stopenjski hidravli\u010dni cilinder z dolgim \u200b\u200bhodom za italijanski tovarni\u0161ki prekucnik:<\/h2>\n<p>Italijanski tovarni\u0161ki 4-stopenjski hidravli\u010dni cilinder z dolgim \u200b\u200bhodom za prekucnike je zelo vsestranski in vzdr\u017eljiv hidravli\u010dni cilinder, zasnovan posebej za prekucnike. S svojo napredno tehnologijo in preciznim in\u017eeniringom ta hidravli\u010dni cilinder ponuja izjemno zmogljivost in zanesljivost za razli\u010dne aplikacije.<\/p>\n<p>Ta hidravli\u010dni cilinder s 4-stopenjsko zasnovo z dolgim \u200b\u200bhodom zagotavlja dalj\u0161i doseg in dvi\u017eno zmogljivost, zaradi \u010desar je idealen za te\u017eka tovorna vozila. Njegova robustna konstrukcija zagotavlja vrhunsko trdnost in odpornost proti obrabi, kar omogo\u010da u\u010dinkovito in varno delovanje tudi v zahtevnih delovnih pogojih.<\/p>\n<p>Opremljen z najsodobnej\u0161imi hidravli\u010dnimi komponentami, ta valj zagotavlja gladke in natan\u010dne gibe, kar zagotavlja natan\u010den nadzor nad procesom praznjenja. Njegove visokotla\u010dne zmogljivosti omogo\u010dajo hitro in u\u010dinkovito dvigovanje in praznjenje materialov, kar pove\u010duje produktivnost in zmanj\u0161uje \u010das izpada.<\/p>\n<p>Italijanski 4-stopenjski hidravli\u010dni cilinder za prekucnike z dolgim \u200b\u200bhodom je izdelan iz visokokakovostnih materialov in s strogimi ukrepi nadzora kakovosti, kar zagotavlja odli\u010dno delovanje in dolgo \u017eivljenjsko dobo. Prestane stroge preizkuse, s katerimi se zagotovi, da izpolnjuje in presega industrijske standarde, zaradi \u010desar je zanesljiva izbira za upravljavce prekucnikov.<\/p>\n<p>Skratka, italijanski tovarni\u0161ki 4-stopenjski hidravli\u010dni cilinder z dolgim \u200b\u200bhodom za prekucnike je vrhunski hidravli\u010dni cilinder, ki zdru\u017euje vzdr\u017eljivost, u\u010dinkovitost in natan\u010dnost. Z izjemno zmogljivostjo in zanesljivostjo je bistvena komponenta za prekucnike, ki omogo\u010da nemoteno in u\u010dinkovito odlaganje v razli\u010dnih panogah.<\/p>\n<h2>Predstavljamo \u0161tiristopenjski hidravli\u010dni cilinder z dolgim \u200b\u200bhodom za prekucnike<\/h2>\n<p>Italijanska tovarna je pred kratkim predstavila povsem nov hidravli\u010dni cilinder, primeren za razli\u010dne panoge, vklju\u010dno s proizvodnimi obrati, delavnicami za popravilo strojev, kmetijstvom, energetiko in rudarstvom, proizvodnjo strojev in tovarnami strojev. Ta hidravli\u010dni cilinder ima enoletno garancijo in poro\u010dilo o preizkusu strojev, kar zagotavlja njegovo kakovost. Klju\u010dne komponente, vklju\u010dno z le\u017eajem in batnim valjem, so standardne in izdelane iz jekla, zaradi \u010desar so robustne in vzdr\u017eljive. Hidravli\u010dni cilinder tehta 43 kg in ima video izhodni pregled.<\/p>\n<h2>Zna\u010dilnosti 4-stopenjskega hidravli\u010dnega cilindra z dolgim \u200b\u200bhodom<\/h2>\n<p>Ta hidravli\u010dni cilinder ima ve\u010d izjemnih lastnosti, vklju\u010dno z:<\/p>\n<ol>\n<li>Material ohi\u0161ja je jeklo, kar zagotavlja robustnost in vzdr\u017eljivost.<\/li>\n<li>Gre za standardni batni valj s hidravli\u010dno mo\u010djo, ki ponuja zanesljivo delovanje.<\/li>\n<li>Najve\u010dji potisk hidravli\u010dnega cilindra je 3000, vle\u010dna sila pa lahko dose\u017ee do 20 ton.<\/li>\n<li>Cilinder ima obrnjene teleskopske cilindre, kar prispeva k njegovi kompaktni zasnovi in \u200b\u200bvisoki u\u010dinkovitosti.<\/li>\n<li>Jeklenka je v \u010drni barvi in \u200b\u200bima certifikat ISO9001:2000, kar potrjuje njeno kakovost.<\/li>\n<\/ol>\n<p><img decoding=\"async\" src=\"https:\/\/hzpt.com\/wp-content\/uploads\/2023\/11\/Inverted-Telescopic-Cylinder-5.webp\" alt=\"\" title=\"\"><\/p>\n<h2>Uporaba 4-stopenjskega hidravli\u010dnega cilindra z dolgim \u200b\u200bhodom<\/h2>\n<p>Ta hidravli\u010dni cilinder se uporablja v razli\u010dnih aplikacijah, vklju\u010dno z:<\/p>\n<ol>\n<li>Proizvodni obrati: Uporabljajo se v razli\u010dnih strojih in opremi.<\/li>\n<li>Delavnice za popravilo strojev: Bistvene za vzdr\u017eevanje in popravilo strojev.<\/li>\n<li>Kmetije: Uporablja se v te\u017ekih kmetijskih strojih in opremi.<\/li>\n<li>Energija in rudarstvo: Uporablja se v te\u017eki rudarski opremi in strojih za proizvodnjo energije.<\/li>\n<li>Strojne tovarne: Sestavni del proizvodnje in delovanja strojev.<\/li>\n<\/ol>\n<p><img decoding=\"async\" src=\"https:\/\/hzpt.com\/wp-content\/uploads\/2023\/11\/Inverted-Telescopic-Cylinder-Applications.webp\" alt=\"Uporaba obrnjenega teleskopskega cilindra\" title=\"\"><\/p>\n<h2>Na\u010delo delovanja in vzdr\u017eevanje 4-stopenjskega hidravli\u010dnega cilindra z dolgim \u200b\u200bhodom<\/h2>\n<p>Ta hidravli\u010dni cilinder deluje na principih hidravli\u010dne mo\u010di, pri \u010demer sta bat in valj napolnjen s hidravli\u010dno teko\u010dino, ki ustvarjata izhodno silo, ko se teko\u010dina \u010drpa v valj. Redno vzdr\u017eevanje vklju\u010duje pregledovanje, \u010di\u0161\u010denje, mazanje, redne preglede in popravila, zamenjavo tesnil ter upo\u0161tevanje navodil za uporabo.<br \/>\n<img decoding=\"async\" src=\"https:\/\/hzpt.com\/wp-content\/uploads\/2023\/11\/Inverted-Telescopic-Cylinder-17.webp\" alt=\"\" title=\"\"><\/p>\n<h2>Obrnjen teleskopski valj<\/h2>\n<h3>Uvod<\/h3>\n<p>Obrnjeni teleskopski cilinder, znan tudi kot \"enojni teleskopski cilinder\" ali \"obratno delujo\u010di teleskopski cilinder\", se pogosto uporablja v prekucnikih. Gre za hidravli\u010dni aktuator, ki zagotavlja linearno gibanje in silo z uporabo hidravli\u010dne teko\u010dine. Cilinder odlikuje edinstvena zasnova, ki jo sestavlja vrsta vgnezdenih cevi, ki se raztezajo druga iz druge in zagotavljajo maksimalno dol\u017eino hoda.<\/p>\n<h3>Na\u010drtovanje in gradnja<\/h3>\n<p>Obrnjeni teleskopski valj je zasnovan tako, da prenese velike obremenitve in te\u017eke delovne pogoje. Obi\u010dajno je sestavljen iz osnovne cevi, ki je name\u0161\u010dena na \u0161asijo tovornjaka, in ve\u010d dodatnih cevi, ki so vgrajene v osnovno cev. Cevi so zasnovane z razli\u010dnimi premeri, da se lahko teleskopsko vstavijo druga v drugo in tako zagotovijo najve\u010djo mo\u017eno dol\u017eino hoda.<\/p>\n<p>Valj se aktivira s hidravli\u010dno teko\u010dino, ki se \u010drpa v osnovno cev skozi hidravli\u010dno cev. Tlak teko\u010dine povzro\u010di, da se cevi raztegnejo druga iz druge, kar zagotavlja linearno gibanje in silo, potrebno za dvigovanje in razkladanje te\u017ekih bremen. Valj je obi\u010dajno zatesnjen z O-tesnili ali tesnili z ustjem, da se prepre\u010di pu\u0161\u010danje.<\/p>\n<h3>Prednosti<\/h3>\n<p>Obrnjeni teleskopski valj ima ve\u010d prednosti pred drugimi vrstami hidravli\u010dnih valjev. Prvi\u010d, zagotavlja dalj\u0161o dol\u017eino hoda kot drugi valji podobne velikosti. Zaradi tega je idealen za aplikacije, kjer je potrebna najve\u010dja vi\u0161ina dviga. Drugi\u010d, valj je zasnovan tako, da prenese velike obremenitve in te\u017eke delovne pogoje, zaradi \u010desar je vzdr\u017eljiv in zanesljiv. Tretji\u010d, edinstvena zasnova vgnezdenih cevi omogo\u010da, da je valj bolj kompakten kot druge vrste valjev, kar je pomembno pri aplikacijah, kjer je prostor omejen.<\/p>\n<h3>Aplikacije<\/h3>\n<p>Obrnjeni teleskopski valj se pogosto uporablja v prekucnikih, kjer se uporablja za dvigovanje in odlaganje te\u017ekih tovorov materialov. Uporablja se tudi v drugih te\u017ekih aplikacijah, kot je gradbena oprema, kjer zagotavlja linearno gibanje in silo, potrebno za premikanje te\u017ekih bremen.<\/p>\n<p>Obrnjeni teleskopski cilinder je visoko specializiran hidravli\u010dni aktuator, ki zagotavlja maksimalno dol\u017eino hoda in dvi\u017eno silo v prekucnikih in drugih te\u017ekih aplikacijah. Zaradi svoje edinstvene zasnove in konstrukcije je vzdr\u017eljiv, zanesljiv in u\u010dinkovit. Kot italijanska tovarna, specializirana za hidravli\u010dne cilindre, ponujamo visokokakovostne 4-stopenjske hidravli\u010dne cilindre z dolgim \u200b\u200bhodom za razli\u010dne te\u017eke aplikacije, vklju\u010dno s prekucniki. \u010ce i\u0161\u010dete zanesljiv in u\u010dinkovit hidravli\u010dni cilinder za te\u017eke aplikacije, nas kontaktirajte \u0161e danes.<\/p>\n<h3>O FMP-ju<\/h3>\n<p>FMP je podjetje, specializirano za proizvodnjo in prodajo hidravli\u010dnih cilindrov. Kot zanesljiv in izku\u0161en ponudnik delov za gradbeno mehanizacijo in celovitih strojnih re\u0161itev smo predani temu, da svojim strankam ponujamo visokokakovostne izdelke in odli\u010dne storitve.<\/p>\n<p><img decoding=\"async\" src=\"https:\/\/fmp-components.com\/wp-content\/uploads\/2024\/12\/Adjustable-Clevis-Type-Cylinders-6.webp\" alt=\"Nastavljiv valj tipa Clevis\" width=\"847\" title=\"\"><\/p>\n<h4>1. \u0160iroka paleta izdelkov<\/h4>\n<p>V podjetju FMP ponujamo \u0161iroko paleto hidravli\u010dnih cilindrov, primernih za razli\u010dne aplikacije v industriji gradbenih strojev. Na\u0161a linija izdelkov vklju\u010duje nastavljive cilindre z vidno glavo, teleskopske cilindre, varjene cilindre in drugo. Ne glede na va\u0161e specifi\u010dne potrebe imamo pravi hidravli\u010dni cilinder, ki jih bo izpolnil.<\/p>\n<h4>2. Vrhunska kakovost<\/h4>\n<p>Razumemo pomen zanesljivih in trpe\u017enih delov gradbenih strojev. Zato so vsi na\u0161i hidravli\u010dni cilindri izdelani iz visokokakovostnih materialov in so podvr\u017eeni strogim postopkom nadzora kakovosti. To zagotavlja, da na\u0161i izdelki prenesejo zahtevne pogoje na gradbi\u0161\u010dih in zagotavljajo dolgotrajno delovanje.<\/p>\n<h4>3. Mo\u017enosti prilagajanja<\/h4>\n<p>Zavedamo se, da lahko razli\u010dni projekti zahtevajo edinstvene specifikacije za hidravli\u010dne cilindre. Zato ponujamo mo\u017enosti prilagoditve, da na\u0161e izdelke prilagodimo va\u0161im specifi\u010dnim zahtevam. Na\u0161a izku\u0161ena ekipa bo tesno sodelovala z vami pri na\u010drtovanju in izdelavi hidravli\u010dnih cilindrov, ki bodo popolnoma ustrezali va\u0161im potrebam.<\/p>\n<h4>4. Strokovna prodajna ekipa<\/h4>\n<p>Na\u0161a prodajna ekipa je sestavljena iz strokovnjakov, ki so dobro podkovani v industriji gradbenih strojev. Imajo poglobljeno razumevanje najnovej\u0161ih trendov in potreb strank na trgu. Ko izberete FMP, lahko pri\u010dakujete strokovno svetovanje o izdelkih in inteligentne predloge za nakup, ki vam bodo pomagali pri sprejemanju premi\u0161ljenih odlo\u010ditev.<\/p>\n<h4>5. U\u010dinkovita logisti\u010dna distribucija<\/h4>\n<p>Pravo\u010dasna dobava je v industriji gradbenih strojev klju\u010dnega pomena, zato dajemo prednost u\u010dinkoviti logisti\u010dni distribuciji. Z na\u0161im dobro uveljavljenim sistemom zagotavljamo, da vam bodo potrebni hidravli\u010dni cilindri dostavljeni pravo\u010dasno in natan\u010dno. To vam omogo\u010da, da zmanj\u0161ate izpade in ohranite nemoteno delovanje svojih projektov.<\/p>\n<p>Avtor: CX<\/p>","protected":false},"excerpt":{"rendered":"<p>Introducing the Italian Factory Dump Truck 4 Stage Long Stroke Hydraulic Cylinder: The Italian Factory Dump Truck 4 Stage Long Stroke Hydraulic Cylinder is a highly versatile and durable hydraulic cylinder designed specifically for dump trucks. With its advanced technology and precision engineering, this hydraulic cylinder offers exceptional performance and reliability for various applications. Featuring [&hellip;]<\/p>","protected":false},"featured_media":1692,"comment_status":"closed","ping_status":"closed","template":"","meta":{"_et_pb_use_builder":"","_et_pb_old_content":"","_et_gb_content_width":""},"product_brand":[],"product_cat":[45],"product_tag":[34,48],"class_list":{"0":"post-1691","1":"product","2":"type-product","3":"status-publish","4":"has-post-thumbnail","6":"product_cat-inverted-telescopic-cylinder","7":"product_tag-hydraulic-cylinder","8":"product_tag-inverted-telescopic-cylinder","10":"first","11":"instock","12":"product-type-simple"},"_links":{"self":[{"href":"https:\/\/fmp-components.com\/sl\/wp-json\/wp\/v2\/product\/1691","targetHints":{"allow":["GET"]}}],"collection":[{"href":"https:\/\/fmp-components.com\/sl\/wp-json\/wp\/v2\/product"}],"about":[{"href":"https:\/\/fmp-components.com\/sl\/wp-json\/wp\/v2\/types\/product"}],"replies":[{"embeddable":true,"href":"https:\/\/fmp-components.com\/sl\/wp-json\/wp\/v2\/comments?post=1691"}],"wp:featuredmedia":[{"embeddable":true,"href":"https:\/\/fmp-components.com\/sl\/wp-json\/wp\/v2\/media\/1692"}],"wp:attachment":[{"href":"https:\/\/fmp-components.com\/sl\/wp-json\/wp\/v2\/media?parent=1691"}],"wp:term":[{"taxonomy":"product_brand","embeddable":true,"href":"https:\/\/fmp-components.com\/sl\/wp-json\/wp\/v2\/product_brand?post=1691"},{"taxonomy":"product_cat","embeddable":true,"href":"https:\/\/fmp-components.com\/sl\/wp-json\/wp\/v2\/product_cat?post=1691"},{"taxonomy":"product_tag","embeddable":true,"href":"https:\/\/fmp-components.com\/sl\/wp-json\/wp\/v2\/product_tag?post=1691"}],"curies":[{"name":"delovni list","href":"https:\/\/api.w.org\/{rel}","templated":true}]}}