{"id":1687,"date":"2024-12-23T07:01:59","date_gmt":"2024-12-23T07:01:59","guid":{"rendered":"https:\/\/fmp-components.com\/product\/high-quality-long-stroke-customized-hydraulic-cylinder-for-dump-truck\/"},"modified":"2025-03-18T01:49:37","modified_gmt":"2025-03-18T01:49:37","slug":"high-quality-long-stroke-customized-hydraulic-cylinder-for-dump-truck","status":"publish","type":"product","link":"https:\/\/fmp-components.com\/sl\/product\/high-quality-long-stroke-customized-hydraulic-cylinder-for-dump-truck\/","title":{"rendered":"Visokokakovostni hidravli\u010dni cilinder z dolgim \u200b\u200bhodom po meri za prekucnik"},"content":{"rendered":"<h2>Predstavljamo visokokakovostni hidravli\u010dni cilinder z dolgim \u200b\u200bhodom po meri za prekucnike:<\/h2>\n<p>Visokokakovosten hidravli\u010dni cilinder z dolgim \u200b\u200bhodom po meri je posebej zasnovan za potrebe prekucnikov. Ta hidravli\u010dni cilinder se pona\u0161a z vrhunsko kakovostjo in izjemno zmogljivostjo, zaradi \u010desar je idealna izbira za razli\u010dne te\u017eke aplikacije.<\/p>\n<p>Z dolgim \u200b\u200bhodom ta hidravli\u010dni cilinder ponuja dalj\u0161i doseg in ve\u010djo dvi\u017eno zmogljivost, kar zagotavlja u\u010dinkovito in zanesljivo delovanje. Zasnovan je tako, da prenese visok tlak in velike obremenitve, kar zagotavlja vzdr\u017eljivost in dolgo \u017eivljenjsko dobo v zahtevnih delovnih pogojih.<\/p>\n<p><img decoding=\"async\" src=\"https:\/\/hzpt.com\/wp-content\/uploads\/2023\/11\/Inverted-Telescopic-Cylinder-10.webp\" alt=\"\" title=\"\"><\/p>\n<p>Mo\u017enosti prilagoditve, ki so na voljo za ta hidravli\u010dni cilinder, omogo\u010dajo re\u0161itev po meri, ki ustreza specifi\u010dnim zahtevam. Od velikosti in dol\u017eine hoda do na\u010dina pritrditve in nosilnosti je mogo\u010de prilagoditi vsak vidik, da se zagotovi optimalna zmogljivost in zdru\u017eljivost s prekucnikom.<\/p>\n<p>Ta hidravli\u010dni cilinder, izdelan z natan\u010dnostjo in strokovnim znanjem, zagotavlja gladko in natan\u010dno gibanje, kar prispeva k izbolj\u0161ani produktivnosti in u\u010dinkovitosti. Njegova napredna tehnologija tesnjenja zmanj\u0161uje pu\u0161\u010danje in zagotavlja maksimalno zmogljivost, tudi v zahtevnih in te\u017ekih okoljih.<\/p>\n<p>Visokokakovosten hidravli\u010dni cilinder z dolgim \u200b\u200bhodom po meri za prekucnike je bistvena komponenta za nemoteno in u\u010dinkovito delovanje prekucnikov. Z izjemno trdnostjo, vzdr\u017eljivostjo in mo\u017enostmi prilagoditve ponuja zanesljivost in zmogljivost, ki presega industrijske standarde.<\/p>\n<p>Izberite visokokakovosten hidravli\u010dni cilinder z dolgim \u200b\u200bhodom po meri za prekucnik in izkusite izbolj\u0161ano produktivnost, vrhunsko zmogljivost in dolgotrajno zanesljivost pri delu s prekucnikom.<\/p>\n<table style=\"width: 100%;\" border=\"1\" width=\"100%\" cellspacing=\"0\" cellpadding=\"0\">\n<tbody>\n<tr>\n<th>Ime izdelka<\/th>\n<td>Visokokakovostni hidravli\u010dni cilinder z dolgim \u200b\u200bhodom po meri<\/td>\n<\/tr>\n<tr>\n<th>Stanje<\/th>\n<td>Novo (2025)<\/td>\n<\/tr>\n<tr>\n<th>Vrsta<\/th>\n<td>Standardni batni valj<\/td>\n<\/tr>\n<tr>\n<th>Vir napajanja<\/th>\n<td>Hidravli\u010dni<\/td>\n<\/tr>\n<tr>\n<th>Material<\/th>\n<td>Trdno jeklo<\/td>\n<\/tr>\n<tr>\n<th>Najve\u010dji potisk<\/th>\n<td>3000<\/td>\n<\/tr>\n<tr>\n<th>Najve\u010dji vlek<\/th>\n<td>20 ton<\/td>\n<\/tr>\n<tr>\n<th>Osnovne komponente<\/th>\n<td>Le\u017eaj, bat cilindra<\/td>\n<\/tr>\n<tr>\n<th>Garancija<\/th>\n<td>1 leto<\/td>\n<\/tr>\n<tr>\n<th>Oblikovanje<\/th>\n<td>Dolg hod, prilagojen za prekucnike<\/td>\n<\/tr>\n<tr>\n<th>Zmogljivost<\/th>\n<td>Zasnovano za velike delovne obremenitve<\/td>\n<\/tr>\n<\/tbody>\n<\/table>\n<h2>Zna\u010dilnosti hidravli\u010dnega cilindra z dolgim \u200b\u200bhodom<\/h2>\n<p><img decoding=\"async\" src=\"https:\/\/hzpt.com\/wp-content\/uploads\/2023\/11\/Inverted-Telescopic-Cylinder-13.webp\" alt=\"\" title=\"\"><\/p>\n<ol>\n<li><strong>Standardna struktura:<\/strong> Hidravli\u010dni cilinder ima standardno strukturo bata, kar zagotavlja u\u010dinkovito delovanje.<\/li>\n<li><strong>Visoka mo\u010d:<\/strong> Ima najve\u010dji potisk 3000 in najve\u010djo vle\u010dno silo 20 ton, kar zagotavlja optimalno zmogljivost za te\u017eka opravila.<\/li>\n<li><strong>Kakovosten material:<\/strong> Hidravli\u010dni cilinder je izdelan iz trpe\u017enega jekla in zagotavlja dolgotrajno vzdr\u017eljivost in robustnost.<\/li>\n<li><strong>Osnovne komponente:<\/strong> Za klju\u010dne komponente, le\u017eaj in bat, velja enoletna garancija.<\/li>\n<li><strong>Prilagodljivost:<\/strong> Cilinder je mogo\u010de prilagoditi glede velikosti izvrtine, velikosti palice, velikosti hoda, velikosti zati\u010da, odprtin in barve.<\/li>\n<\/ol>\n<h2>Uporaba hidravli\u010dnega cilindra z dolgim \u200b\u200bhodom<\/h2>\n<p>Ta hidravli\u010dni cilinder je idealen za panoge, kot so:<\/p>\n<ol>\n<li><strong>Proizvodni obrati:<\/strong> Idealno za razli\u010dne stroje in opremo v proizvodnih obratih.<\/li>\n<li><strong>Servisi strojev:<\/strong> Lahko slu\u017ei kot zanesljiv nadomestni del v delavnicah za popravilo strojev.<\/li>\n<li><strong>Kmetije:<\/strong> Primerno za te\u017eke kmetijske stroje in opremo.<\/li>\n<li><strong>Energija in rudarstvo:<\/strong> Uporabno v strojih, ki se uporabljajo v energetski in rudarski industriji.<\/li>\n<li><strong>Proizvodnja strojev:<\/strong> Uporablja se lahko v razli\u010dnih procesih strojne proizvodnje.<\/li>\n<\/ol>\n<p><img decoding=\"async\" src=\"https:\/\/hzpt.com\/wp-content\/uploads\/2023\/11\/Inverted-Telescopic-Cylinder-Applications.webp\" alt=\"Uporaba obrnjenega teleskopskega cilindra\" title=\"\"><\/p>\n<h2>Na\u010delo delovanja in vzdr\u017eevanje hidravli\u010dnega cilindra<\/h2>\n<p>Na\u010delo delovanja hidravli\u010dnega cilindra vklju\u010duje tri klju\u010dne vidike: konfiguracijo, dovod hidravli\u010dne teko\u010dine in izhodno silo. Kar zadeva vzdr\u017eevanje, je pomembno redno pregledovanje, \u010di\u0161\u010denje, mazanje in popravila. Zamenjavo tesnil je treba izvajati v skladu z navodili v navodilih za uporabo.<\/p>\n<h2>Obrnjen teleskopski valj<\/h2>\n<p>Visokokakovosten hidravli\u010dni cilinder z dolgim \u200b\u200bhodom, izdelan po meri za prekucnike, je obrnjen teleskopski cilinder, napreden hidravli\u010dni cilinder, zasnovan za sodobne prekucnike. Ta tip hidravli\u010dnega cilindra je sestavljen iz ve\u010d vgnezdenih stopenj, ki se teleskopsko izvle\u010dejo navzven, ko je cilinder iztegnjen. Inverzija stopenj zagotavlja dalj\u0161i hod in kraj\u0161o dol\u017eino v zvitem polo\u017eaju, zaradi \u010desar je zasnova hidravli\u010dnega cilindra u\u010dinkovitej\u0161a.<\/p>\n<h3>Prednosti obrnjenega teleskopskega cilindra<\/h3>\n<ul>\n<li><strong>Dalj\u0161i hod:<\/strong> Obrnjen teleskopski valj omogo\u010da dalj\u0161i hod kot tradicionalni hidravli\u010dni cilindri zaradi vgrajenih stopenj, ki se lahko teleskopsko izvle\u010dejo navzven.<\/li>\n<li><strong>Manj\u0161a dol\u017eina v zlo\u017eenem stanju:<\/strong> Zasnova obrnjenega teleskopskega cilindra omogo\u010da manj\u0161o dol\u017eino v zlo\u017eenem stanju, kar je idealno za sodobne prekucnike, ki zahtevajo kompaktno zasnovo.<\/li>\n<li><strong>Izbolj\u0161ana u\u010dinkovitost:<\/strong> Vgnezdene stopnje obrnjenega teleskopskega valja ustvarjajo u\u010dinkovitej\u0161o zasnovo, saj se valj lahko bolj raztegne, ne da bi pri tem \u017ertvoval trdnost ali stabilnost.<\/li>\n<li><strong>Ve\u010dja nosilnost:<\/strong> Obrnjeni teleskopski valj lahko zaradi svoje napredne zasnove prenese ve\u010dje obremenitve, zaradi \u010desar je idealen za te\u017eka tovorna vozila, ki zahtevajo ve\u010djo nosilnost.<\/li>\n<li><strong>Prilagodljivo:<\/strong> Obrnjen teleskopski cilinder je mogo\u010de prilagoditi specifi\u010dnim potrebam prekucnikov, zaradi \u010desar je vsestranska in prakti\u010dna re\u0161itev za hidravli\u010dni cilinder.<\/li>\n<\/ul>\n<h3>Uporaba obrnjenega teleskopskega cilindra<\/h3>\n<p>Obrnjeni teleskopski valj se pogosto uporablja v prekucnikih, ki zahtevajo hidravli\u010dni valj z dolgim \u200b\u200bhodom in kraj\u0161o dol\u017eino v zlo\u017eenem stanju. Cilinder je mogo\u010de najti v razli\u010dnih modelih prekucnikov, vklju\u010dno z zadnjim, stranskim in spodnjim prekucnikom. Poleg tega se obrnjeni teleskopski valj lahko uporablja tudi v drugih te\u017ekih aplikacijah, ki zahtevajo visoko nosilnost in hidravli\u010dni valj z dolgim \u200b\u200bhodom.<\/p>\n<p>Obrnjeni teleskopski valj je napredna zasnova hidravli\u010dnega cilindra, ki zagotavlja dalj\u0161i hod in manj\u0161o dol\u017eino v zvitem stanju kot tradicionalni hidravli\u010dni cilindri. Njegova napredna zasnova omogo\u010da tudi ve\u010djo nosilnost in izbolj\u0161ano u\u010dinkovitost, zaradi \u010desar je odli\u010dna re\u0161itev za hidravli\u010dne cilindre za sodobne prekucnike in druge te\u017eke tovorne aplikacije. Z mo\u017enostmi prilagoditve je obrnjeni teleskopski valj vsestranska in prakti\u010dna izbira za vse, ki i\u0161\u010dejo visokokakovostno re\u0161itev za hidravli\u010dni valj.<\/p>\n<h3>O FMP-ju<\/h3>\n<p>V podjetju FMP smo specializirani za prodajo in servis delov in celotnih strojev za gradbeno mehanizacijo. Na\u0161a ponudba izdelkov je \u0161iroka in vklju\u010duje razli\u010dne vrste gradbene mehanizacije, kot so menjalniki za kmetijsko mehanizacijo, hidravli\u010dni cilindri, planetarni menjalniki, industrijski menjalniki, deli za kmetijsko mehanizacijo in vrsta vrhunske dodatne opreme, ki se ujema z njimi. Eden na\u0161ih najbolj priljubljenih izdelkov je hidravli\u010dni cilinder.<\/p>\n<p>Tukaj je pet razlogov, zakaj so hidravli\u010dni cilindri FMP najbolj\u0161a izbira za va\u0161e stroje:<\/p>\n<p>1. Visokokakovostni materiali: Na\u0161i hidravli\u010dni cilindri so izdelani iz visokokakovostnih materialov, kar zagotavlja njihovo vzdr\u017eljivost in zanesljivost.<\/p>\n<p>2. Prilagodljiva zasnova: Ponujamo nastavljive cilindre z vili\u010dasto glavo, ki jih je mogo\u010de enostavno prilagoditi va\u0161im specifi\u010dnim potrebam in zahtevam.<\/p>\n<p>3. Strokovna ekipa: Na\u0161a izku\u0161ena in usposobljena prodajna ekipa je dobro seznanjena z gradbeno mehanizacijo in vam lahko nudi strokovno svetovanje o izdelkih ter pametne predloge za nakup.<\/p>\n<p>4. Strogi standardi kakovosti: Z vzpostavljanjem dolgoro\u010dnih in stabilnih partnerskih odnosov s \u0161tevilnimi visokokakovostnimi dobavitelji doma in v tujini zagotavljamo, da vsi dobavljeni deli izpolnjujejo stroge standarde kakovosti.<\/p>\n<p>5. U\u010dinkovit logisti\u010dni distribucijski sistem: Imamo u\u010dinkovit logisti\u010dni distribucijski sistem, ki zagotavlja, da stranke pravo\u010dasno in natan\u010dno prejmejo potrebne dele.<\/p>\n<p>Na\u0161i hidravli\u010dni cilindri so idealni za razli\u010dne aplikacije, vklju\u010dno s kmetijsko mehanizacijo, gradbeno mehanizacijo in industrijsko mehanizacijo. Z FMP ste lahko prepri\u010dani, da dobivate izdelke in storitve najbolj\u0161e kakovosti, ki jih podpirajo dolgoletne izku\u0161nje v industriji in profesionalna ekipa. Prepri\u010dajte se sami, zakaj je FMP prva izbira za dele gradbene mehanizacije in celovite strojne re\u0161itve.<\/p>\n<p><img decoding=\"async\" src=\"https:\/\/fmp-components.com\/wp-content\/uploads\/2024\/12\/Adjustable-Clevis-Type-Cylinders-6.webp\" alt=\"Nastavljiv valj tipa Clevis\" width=\"845\" title=\"\"><br \/>\nAvtor: CX<\/p>","protected":false},"excerpt":{"rendered":"<p>Introducing High Quality Long Stroke Customized Hydraulic Cylinder for dump truck: The High Quality Long Stroke Customized Hydraulic Cylinder is specifically designed to meet the needs of dump trucks. This hydraulic cylinder boasts superior quality and exceptional performance, making it an ideal choice for various heavy-duty applications. With a long stroke design, this hydraulic cylinder [&hellip;]<\/p>","protected":false},"featured_media":1688,"comment_status":"closed","ping_status":"closed","template":"","meta":{"_et_pb_use_builder":"","_et_pb_old_content":"","_et_gb_content_width":""},"product_brand":[],"product_cat":[45],"product_tag":[34,48],"class_list":{"0":"post-1687","1":"product","2":"type-product","3":"status-publish","4":"has-post-thumbnail","6":"product_cat-inverted-telescopic-cylinder","7":"product_tag-hydraulic-cylinder","8":"product_tag-inverted-telescopic-cylinder","10":"first","11":"instock","12":"product-type-simple"},"_links":{"self":[{"href":"https:\/\/fmp-components.com\/sl\/wp-json\/wp\/v2\/product\/1687","targetHints":{"allow":["GET"]}}],"collection":[{"href":"https:\/\/fmp-components.com\/sl\/wp-json\/wp\/v2\/product"}],"about":[{"href":"https:\/\/fmp-components.com\/sl\/wp-json\/wp\/v2\/types\/product"}],"replies":[{"embeddable":true,"href":"https:\/\/fmp-components.com\/sl\/wp-json\/wp\/v2\/comments?post=1687"}],"wp:featuredmedia":[{"embeddable":true,"href":"https:\/\/fmp-components.com\/sl\/wp-json\/wp\/v2\/media\/1688"}],"wp:attachment":[{"href":"https:\/\/fmp-components.com\/sl\/wp-json\/wp\/v2\/media?parent=1687"}],"wp:term":[{"taxonomy":"product_brand","embeddable":true,"href":"https:\/\/fmp-components.com\/sl\/wp-json\/wp\/v2\/product_brand?post=1687"},{"taxonomy":"product_cat","embeddable":true,"href":"https:\/\/fmp-components.com\/sl\/wp-json\/wp\/v2\/product_cat?post=1687"},{"taxonomy":"product_tag","embeddable":true,"href":"https:\/\/fmp-components.com\/sl\/wp-json\/wp\/v2\/product_tag?post=1687"}],"curies":[{"name":"delovni list","href":"https:\/\/api.w.org\/{rel}","templated":true}]}}