{"id":1681,"date":"2024-12-23T07:01:59","date_gmt":"2024-12-23T07:01:59","guid":{"rendered":"https:\/\/fmp-components.com\/product\/high-quality-dump-trailer-long-stroke-hydraulic-cylinder-telescopic-hydraulic-cylinder\/"},"modified":"2025-03-11T06:03:24","modified_gmt":"2025-03-11T06:03:24","slug":"high-quality-dump-trailer-long-stroke-hydraulic-cylinder-telescopic-hydraulic-cylinder","status":"publish","type":"product","link":"https:\/\/fmp-components.com\/sl\/product\/high-quality-dump-trailer-long-stroke-hydraulic-cylinder-telescopic-hydraulic-cylinder\/","title":{"rendered":"Visokokakovostni hidravli\u010dni cilinder z dolgim \u200b\u200bhodom za odlagali\u0161\u010de prikolice Teleskopski hidravli\u010dni cilinder"},"content":{"rendered":"<h2>Predstavljamo visokokakovostni teleskopski hidravli\u010dni cilinder z dolgim \u200b\u200bhodom za priklopnike:<\/h2>\n<p>Visokokakovostni teleskopski hidravli\u010dni cilinder z dolgim \u200b\u200bhodom za prekucne prikolice je vrhunski izdelek, zasnovan za optimalno zmogljivost in vzdr\u017eljivost. S svojimi naprednimi funkcijami in vrhunsko tehnologijo je ta hidravli\u010dni cilinder idealen za prekucne prikolice in druge te\u017eke aplikacije.<\/p>\n<p>Ta hidravli\u010dni cilinder ponuja izjemno trdnost in stabilnost, kar omogo\u010da gladko in u\u010dinkovito delovanje. Njegova zasnova z dolgim \u200b\u200bhodom omogo\u010da ve\u010dji obseg gibanja, zaradi \u010desar je primeren za razli\u010dna dvigovanja in razkladanja. Ne glede na to, ali morate razkladati materiale ali preva\u017eati te\u017eke tovore, ta cilinder zagotavlja zanesljivo delovanje vsaki\u010d.<\/p>\n<p><img decoding=\"async\" src=\"https:\/\/hzpt.com\/wp-content\/uploads\/2023\/11\/Inverted-Telescopic-Cylinder-24.webp\" alt=\"\" title=\"\"><\/p>\n<p>Ta hidravli\u010dni cilinder je izdelan iz visokokakovostnih materialov in je zasnovan tako, da prenese ekstremne pogoje in intenzivno uporabo. Njegova teleskopska zasnova omogo\u010da enostavno namestitev in vzdr\u017eevanje, kar zmanj\u0161uje \u010das izpada in pove\u010duje produktivnost. Natan\u010dna in\u017eeniring zagotavlja minimalno obrabo in podalj\u0161uje \u017eivljenjsko dobo cilindra.<\/p>\n<p>Varnost je pri tem hidravli\u010dnem cilindru na prvem mestu. Opremljen je z robustnimi varnostnimi funkcijami za prepre\u010devanje nesre\u010d in zagotavljanje za\u0161\u010dite upravljavca. Napredni hidravli\u010dni sistem cilindra zagotavlja gladko in natan\u010dno krmiljenje, kar omogo\u010da varno in u\u010dinkovito delovanje.<\/p>\n<p>Poleg izjemne zmogljivosti ta hidravli\u010dni cilinder podpira ugleden proizvajalec. Z bogatimi izku\u0161njami pri izdelavi zanesljivih in visokokakovostnih izdelkov se lahko zanesete na vzdr\u017eljivost in dolgo \u017eivljenjsko dobo tega hidravli\u010dnega cilindra.<\/p>\n<p>Skratka, visokokakovostni teleskopski hidravli\u010dni cilinder z dolgim \u200b\u200bhodom za priklopnike je idealna re\u0161itev za va\u0161e potrebe dvigovanja in razkladanja te\u017ekih bremen. S svojo vrhunsko zmogljivostjo, vzdr\u017eljivostjo in varnostnimi lastnostmi bo ta hidravli\u010dni cilinder presegel va\u0161a pri\u010dakovanja in zagotavljal zanesljivo delovanje \u0161e vrsto let.<\/p>\n<table style=\"width: 100%;\" border=\"1\" width=\"100%\" cellspacing=\"0\" cellpadding=\"0\">\n<tbody>\n<tr>\n<th>Ime izdelka<\/th>\n<td>Visokokakovostni hidravli\u010dni cilinder z dolgim \u200b\u200bhodom za odlagali\u0161\u010de<\/td>\n<\/tr>\n<tr>\n<th>Stanje<\/th>\n<td>Novo (2023)<\/td>\n<\/tr>\n<tr>\n<th>Garancija<\/th>\n<td>1 leto<\/td>\n<\/tr>\n<tr>\n<th>Vrsta<\/th>\n<td>Standardni batni valj<\/td>\n<\/tr>\n<tr>\n<th>Vir napajanja<\/th>\n<td>Hidravli\u010dni<\/td>\n<\/tr>\n<tr>\n<th>Material ohi\u0161ja<\/th>\n<td>Jeklo<\/td>\n<\/tr>\n<tr>\n<th>Najve\u010dji potisk<\/th>\n<td>3000<\/td>\n<\/tr>\n<tr>\n<th>Najve\u010dji vlek<\/th>\n<td>20 ton<\/td>\n<\/tr>\n<tr>\n<th>Velikost izvrtine<\/th>\n<td>2 \u2013 6 palcev<\/td>\n<\/tr>\n<tr>\n<th>Velikost palice<\/th>\n<td>1,125 \u2013 4 palce<\/td>\n<\/tr>\n<tr>\n<th>Velikost poteze<\/th>\n<td>6 \u2013 48 palcev<\/td>\n<\/tr>\n<tr>\n<th>Velikost zati\u010da<\/th>\n<td>0,5 \u2013 2 palca<\/td>\n<\/tr>\n<tr>\n<th>Certificiranje<\/th>\n<td>ISO 9001:2000<\/td>\n<\/tr>\n<tr>\n<th>Barva<\/th>\n<td>\u010crna<\/td>\n<\/tr>\n<tr>\n<th>Pristani\u0161\u010da<\/th>\n<td>G\/SAE\/NPT\/M<\/td>\n<\/tr>\n<tr>\n<th>Uporabne panoge<\/th>\n<td>Proizvodni obrati, delavnice za popravilo strojev, kmetije, energetika in rudarstvo, proizvodnja strojev, tovarne strojev<\/td>\n<\/tr>\n<\/tbody>\n<\/table>\n<h2>Zna\u010dilnosti teleskopskega hidravli\u010dnega cilindra<\/h2>\n<ol>\n<li>Gre za nov izdelek iz leta 2023, ki zagotavlja, da je posodobljen z najnovej\u0161imi tehnolo\u0161kimi dose\u017eki.<\/li>\n<li>Izdelek ima 1-letno garancijo, ki zagotavlja njegovo kakovost in zanesljivost.<\/li>\n<li>Ima certifikat ISO9001:2000, kar pomeni, da izpolnjuje mednarodne standarde kakovosti in varnosti.<\/li>\n<li>Ima najve\u010dji potisk 3000 in najve\u010dji vle\u010dni moment 20 ton, kar zagotavlja mo\u010dno zmogljivost.<\/li>\n<li>Ima \u0161iroko paleto aplikacij, vklju\u010dno s proizvodnimi obrati, delavnicami za popravilo strojev, kmetijami, energetiko in rudarstvom, proizvodnjo strojev in tovarnami strojev.<\/li>\n<\/ol>\n<h2>Uporaba teleskopskega hidravli\u010dnega cilindra<\/h2>\n<ol>\n<li>\n<ol>\n<li>Proizvodni obrati: Uporabljajo se v te\u017ekih strojih za proizvodne operacije.<\/li>\n<li>Delavnice za popravilo strojev: Bistvene za popravilo in vzdr\u017eevanje te\u017eke opreme.<\/li>\n<li>Kmetije: Uporabljajo se v te\u017eki kmetijski mehanizaciji za la\u017eje izvajanje razli\u010dnih kmetijskih operacij.<\/li>\n<li>Energija in rudarstvo: Uporablja se v te\u017ekih strojih za pridobivanje in proizvodne procese.<\/li>\n<li>Proizvodnja strojev: Bistvena komponenta pri proizvodnji razli\u010dnih vrst strojev.<\/li>\n<\/ol>\n<\/li>\n<\/ol>\n<p><img decoding=\"async\" src=\"https:\/\/hzpt.com\/wp-content\/uploads\/2023\/11\/Inverted-Telescopic-Cylinder-Applications.webp\" alt=\"Uporaba obrnjenega teleskopskega cilindra\" title=\"\"><\/p>\n<h2>Na\u010delo delovanja in vzdr\u017eevanje hidravli\u010dnega cilindra<\/h2>\n<p>Visokokakovostni teleskopski hidravli\u010dni cilinder za priklopnike s prekucnikom deluje tako, da pretvarja tlak hidravli\u010dne teko\u010dine v silo. Hidravli\u010dna teko\u010dina se dovaja v valj skozi odprtine in pritiska na bat, ki se premika in izvaja silo na tovor. Za vzdr\u017eevanje sta bistvenega pomena redni pregledi in \u010di\u0161\u010denje valja. Mazanje zagotavlja nemoteno delovanje, redni pregledi in popravila pa pomagajo pri zgodnjem odkrivanju in odpravljanju te\u017eav. Pomembna je tudi zamenjava tesnil, saj lahko obrabljena tesnila povzro\u010dijo pu\u0161\u010danje. Nazadnje vedno upo\u0161tevajte navodila za uporabo za navodila za vzdr\u017eevanje in navodila za uporabo.<img decoding=\"async\" src=\"https:\/\/hzpt.com\/wp-content\/uploads\/2023\/11\/Inverted-Telescopic-Cylinder-19.webp\" alt=\"\" title=\"\"><\/p>\n<h2>Obrnjen teleskopski valj<\/h2>\n<p>Obrnjen teleskopski valj je vrsta hidravli\u010dnega cilindra, ki ima edinstveno zasnovo in ponuja ve\u010d prednosti pred drugimi vrstami cilindrov. Pogosto se uporablja v te\u017eki opremi, kot so prekucniki, \u017eerjavi in \u200b\u200bbagri. V tem \u010dlanku bomo podrobneje obravnavali zna\u010dilnosti in prednosti obrnjenega teleskopskega cilindra.<\/p>\n<h3>Zna\u010dilnosti obrnjenega teleskopskega valja<\/h3>\n<ul>\n<li><strong>Visoka kakovost:<\/strong> Obrnjeni teleskopski valj je izdelan iz visokokakovostnih materialov, zaradi katerih je vzdr\u017eljiv in odporen proti obrabi. To zagotavlja, da lahko prenese velike obremenitve in zahtevna delovna okolja.<\/li>\n<li><strong>Dolg hod:<\/strong> Dolg hod cilindra pomeni, da se lahko podalj\u0161a ali umakne na ve\u010djo razdaljo, zaradi \u010desar je primeren za uporabo v te\u017eki opremi, ki zahteva veliko mo\u010di in dvi\u017ene zmogljivosti.<\/li>\n<li><strong>Teleskopska zasnova:<\/strong> Teleskopska zasnova valja pomeni, da ga je mogo\u010de raztegniti ali skr\u010diti v delih, kar omogo\u010da ve\u010djo fleksibilnost in natan\u010dnost pri dvigovanju te\u017ekih bremen ali opravljanju drugih nalog.<\/li>\n<\/ul>\n<h3>Prednosti obrnjenega teleskopskega cilindra<\/h3>\n<p>Obrnjeni teleskopski valj ima ve\u010d prednosti pred drugimi vrstami hidravli\u010dnih cilindrov. Nekatere od teh prednosti vklju\u010dujejo:<\/p>\n<ul>\n<li><strong>Ve\u010dja dvi\u017ena zmogljivost:<\/strong> Dolg hod in teleskopska zasnova cilindra pomenita, da lahko zagotovi ve\u010djo dvi\u017eno zmogljivost, zaradi \u010desar je primeren za uporabo v te\u017eki opremi, ki zahteva veliko mo\u010di in dvi\u017ene zmogljivosti.<\/li>\n<li><strong>Natan\u010den nadzor:<\/strong> Teleskopska zasnova cilindra omogo\u010da ve\u010dji natan\u010den nadzor pri dvigovanju te\u017ekih bremen ali opravljanju drugih nalog, kar je pomembno v panogah, kot sta gradbeni\u0161tvo in rudarstvo, kjer je varnost na prvem mestu.<\/li>\n<li><strong>Manj vzdr\u017eevanja:<\/strong> Visokokakovostni materiali, uporabljeni pri izdelavi obrnjenega teleskopskega cilindra, ga naredijo odpornega proti obrabi, kar pomeni, da zahteva manj vzdr\u017eevanja v primerjavi z drugimi vrstami cilindrov.<\/li>\n<li><strong>Izbolj\u0161ana u\u010dinkovitost:<\/strong> Zasnova obrnjenega teleskopskega cilindra omogo\u010da izbolj\u0161ano u\u010dinkovitost pri dvigovanju te\u017ekih bremen ali opravljanju drugih nalog, kar lahko privede do ni\u017ejih stro\u0161kov energije in ve\u010dje splo\u0161ne produktivnosti.<\/li>\n<\/ul>\n<p>Obrnjeni teleskopski cilinder je edinstvena vrsta hidravli\u010dnega cilindra, ki ponuja ve\u010d prednosti pred drugimi vrstami cilindrov. Zaradi visokokakovostne konstrukcije, dolgega hoda in teleskopske zasnove je primeren za uporabo v te\u017eki opremi, kot so prekucniki, \u017eerjavi in \u200b\u200bbagri. Zaradi natan\u010dnega nadzora, ve\u010dje dvi\u017ene zmogljivosti in izbolj\u0161ane u\u010dinkovitosti cilindra je bistvena komponenta v razli\u010dnih panogah, kjer je potrebno dvigovanje te\u017ekih bremen. \u010ce i\u0161\u010dete zanesljiv in vzdr\u017eljiv hidravli\u010dni cilinder za svojo te\u017eko opremo, razmislite o obrnjenem teleskopskem cilinderju.<\/p>\n<h3>O FMP-ju<\/h3>\n<p>FMP je podjetje, specializirano za proizvodnjo in prodajo hidravli\u010dnih cilindrov. S sede\u017eem v Italiji imamo bogate izku\u0161nje v industriji gradbenih strojev in predano ekipo strokovnjakov. Ponujamo visokokakovostne in zanesljive hidravli\u010dne cilindre ter \u0161iroko paleto drugih delov in re\u0161itev za gradbene stroje.<\/p>\n<p><strong>1. \u0160iroka paleta izdelkov:<\/strong> Na\u0161a ponudba izdelkov vklju\u010duje razli\u010dne vrste hidravli\u010dnih cilindrov, ki zadovoljujejo razli\u010dne potrebe v gradbeni industriji.<\/p>\n<p><strong>2. Vrhunska kakovost:<\/strong> Vzpostavili smo dolgoro\u010dna in stabilna partnerstva z visokokakovostnimi dobavitelji tako na doma\u010dem kot na mednarodnem trgu. To zagotavlja, da vsi na\u0161i hidravli\u010dni cilindri izpolnjujejo stroge standarde kakovosti in na\u0161im strankam zagotavljajo zanesljive in trpe\u017ene izdelke.<\/p>\n<p><strong>3. Profesionalna prodajna ekipa:<\/strong> Na\u0161a izku\u0161ena prodajna ekipa dobro pozna najnovej\u0161e trende in zahteve strank v industriji gradbenih strojev. Zagotavlja strokovne nasvete o izdelkih in ponuja pametne predloge za nakup, s katerimi strankam pomaga izbrati najprimernej\u0161i hidravli\u010dni cilinder za njihove specifi\u010dne potrebe.<\/p>\n<p><strong>4. U\u010dinkovita logisti\u010dna distribucija:<\/strong> V podjetju FMP razumemo pomen pravo\u010dasne in natan\u010dne dostave. Na\u0161 u\u010dinkovit logisti\u010dni distribucijski sistem zagotavlja, da stranke pravo\u010dasno prejmejo potrebne dele, s \u010dimer se zmanj\u0161a \u010das izpada in pove\u010da produktivnost.<\/p>\n<p><strong>5. Zavezanost k zadovoljstvu strank:<\/strong> Na prvo mesto dajemo zadovoljstvo strank in si prizadevamo za zagotavljanje izjemnih storitev. Na\u0161a ekipa je predana temu, da vsa vpra\u0161anja ali pomisleke obravnava hitro in zagotavlja nemoteno ter prijetno izku\u0161njo za na\u0161e cenjene stranke.<\/p>\n<p><img decoding=\"async\" src=\"https:\/\/fmp-components.com\/wp-content\/uploads\/2024\/12\/Adjustable-Clevis-Type-Cylinders-6.webp\" alt=\"Nastavljiv valj tipa Clevis\" width=\"842\" title=\"\"><br \/>\nAvtor: CX<\/p>","protected":false},"excerpt":{"rendered":"<p>Introducing High Quality Dump Trailer Long Stroke Hydraulic Cylinder Telescopic Hydraulic Cylinder: The High Quality Dump Trailer Long Stroke Hydraulic Cylinder Telescopic Hydraulic Cylinder is a top-notch product designed for optimum performance and durability. With its advanced features and superior engineering, this hydraulic cylinder is perfect for dump trailers and other heavy-duty applications. This hydraulic [&hellip;]<\/p>","protected":false},"featured_media":1682,"comment_status":"closed","ping_status":"closed","template":"","meta":{"_et_pb_use_builder":"","_et_pb_old_content":"","_et_gb_content_width":""},"product_brand":[],"product_cat":[45],"product_tag":[34,48],"class_list":{"0":"post-1681","1":"product","2":"type-product","3":"status-publish","4":"has-post-thumbnail","6":"product_cat-inverted-telescopic-cylinder","7":"product_tag-hydraulic-cylinder","8":"product_tag-inverted-telescopic-cylinder","10":"first","11":"instock","12":"product-type-simple"},"_links":{"self":[{"href":"https:\/\/fmp-components.com\/sl\/wp-json\/wp\/v2\/product\/1681","targetHints":{"allow":["GET"]}}],"collection":[{"href":"https:\/\/fmp-components.com\/sl\/wp-json\/wp\/v2\/product"}],"about":[{"href":"https:\/\/fmp-components.com\/sl\/wp-json\/wp\/v2\/types\/product"}],"replies":[{"embeddable":true,"href":"https:\/\/fmp-components.com\/sl\/wp-json\/wp\/v2\/comments?post=1681"}],"wp:featuredmedia":[{"embeddable":true,"href":"https:\/\/fmp-components.com\/sl\/wp-json\/wp\/v2\/media\/1682"}],"wp:attachment":[{"href":"https:\/\/fmp-components.com\/sl\/wp-json\/wp\/v2\/media?parent=1681"}],"wp:term":[{"taxonomy":"product_brand","embeddable":true,"href":"https:\/\/fmp-components.com\/sl\/wp-json\/wp\/v2\/product_brand?post=1681"},{"taxonomy":"product_cat","embeddable":true,"href":"https:\/\/fmp-components.com\/sl\/wp-json\/wp\/v2\/product_cat?post=1681"},{"taxonomy":"product_tag","embeddable":true,"href":"https:\/\/fmp-components.com\/sl\/wp-json\/wp\/v2\/product_tag?post=1681"}],"curies":[{"name":"delovni list","href":"https:\/\/api.w.org\/{rel}","templated":true}]}}