{"id":1669,"date":"2024-12-23T07:00:44","date_gmt":"2024-12-23T07:00:44","guid":{"rendered":"https:\/\/fmp-components.com\/product\/effective-4-stage-hydraulic-telescopic-ram-cylinder-stainless-steel-hydraulic-cylinder\/"},"modified":"2025-05-10T12:27:37","modified_gmt":"2025-05-10T12:27:37","slug":"effective-4-stage-hydraulic-telescopic-ram-cylinder-stainless-steel-hydraulic-cylinder","status":"publish","type":"product","link":"https:\/\/fmp-components.com\/sl\/product\/effective-4-stage-hydraulic-telescopic-ram-cylinder-stainless-steel-hydraulic-cylinder\/","title":{"rendered":"U\u010dinkovit 4-stopenjski hidravli\u010dni teleskopski cilinder iz nerjave\u010dega jekla"},"content":{"rendered":"<p>U\u010dinkovit 4-stopenjski hidravli\u010dni teleskopski hidravli\u010dni valj iz nerjave\u010dega jekla je revolucionaren v svetu hidravli\u010dnih sistemov. Zaradi inovativne zasnove in vrhunske kakovosti je odli\u010dna izbira za vse va\u0161e hidravli\u010dne potrebe.<\/p>\n<p>Ta valj je izdelan iz visokokakovostnega nerjave\u010dega jekla, kar zagotavlja vzdr\u017eljivost in dolgo \u017eivljenjsko dobo. Teleskopska zasnova omogo\u010da manj\u0161i prostor za vgradnjo, hkrati pa ohranja enako dol\u017eino hoda, zaradi \u010desar je idealen za aplikacije z omejenim prostorom.<\/p>\n<p>Cilinder ima 4-stopenjski hidravli\u010dni sistem, ki zagotavlja ve\u010djo silo in natan\u010dnost. Ta funkcija je \u0161e posebej uporabna pri te\u017ekih aplikacijah, kot so gradbeni\u0161tvo, rudarstvo in kmetijstvo.<\/p>\n<p>U\u010dinkovit 4-stopenjski hidravli\u010dni teleskopski hidravli\u010dni valj iz nerjave\u010dega jekla je enostaven za namestitev in vzdr\u017eevanje. Opremljen je z vso potrebno monta\u017eno opremo in ga je mogo\u010de enostavno integrirati v kateri koli hidravli\u010dni sistem.<\/p>\n<p>Skratka, \u010de i\u0161\u010dete visokokakovosten hidravli\u010dni cilinder, ki je vzdr\u017eljiv, zanesljiv in popoln za te\u017eke aplikacije, potem je u\u010dinkovit 4-stopenjski hidravli\u010dni teleskopski hidravli\u010dni cilinder iz nerjave\u010dega jekla prava izbira za vas.<\/p>\n<h2>Predstavljamo vam nov 4-stopenjski hidravli\u010dni teleskopski cilinder iz nerjave\u010dega jekla<\/h2>\n<p>Predstavljamo vam novi 4-stopenjski hidravli\u010dni teleskopski bat iz nerjave\u010dega jekla \u2013 zmogljiv dodatek za razli\u010dne panoge, kot so proizvodni obrati, delavnice za popravilo strojev, kmetije, energetika in rudarstvo, proizvodnja strojev in tovarne strojev. Ta hidravli\u010dni cilinder poganja hidravlika in ima enoletno garancijo. Ima standardno strukturo batnega cilindra in je zasnovan tako, da prenese najve\u010dji potisk 3000 ton in najve\u010dji vle\u010dni napor 20 ton. Ta elegantni \u010drni cilinder, certificiran po standardu ISO9001:2000, je izdelan za dolgo \u017eivljenjsko dobo.<\/p>\n<p><img decoding=\"async\" src=\"https:\/\/hzpt.com\/wp-content\/uploads\/2023\/11\/Inverted-Telescopic-Cylinder-3.webp\" alt=\"Obrnjen teleskopski valj\" title=\"\"><\/p>\n<h2>Zna\u010dilnosti 4-stopenjskega hidravli\u010dnega teleskopskega cilindra<\/h2>\n<p>4-stopenjski hidravli\u010dni teleskopski cilinder se pona\u0161a z ve\u010d izjemnimi lastnostmi:<\/p>\n<ol>\n<li>Standardna struktura batnega cilindra: Zagotavlja u\u010dinkovito delovanje.<\/li>\n<li>Hidravli\u010dna mo\u010d: Zagotavlja u\u010dinkovito delovanje in visoko zmogljivost.<\/li>\n<li>Jekleno ohi\u0161je: Zagotavlja vzdr\u017eljivost in odpornost proti obrabi.<\/li>\n<li>Najve\u010dji potisk in vle\u010dna sila: Zmo\u017een je dose\u010di najve\u010dji potisk 3000 ton in najve\u010dji vle\u010dni sili 20 ton, kar zagotavlja robustno zmogljivost.<\/li>\n<li>Certifikat ISO9001:2000: Zagotavlja kakovost in zanesljivost.<\/li>\n<\/ol>\n<h2>Uporaba 4-stopenjskega hidravli\u010dnega teleskopskega cilindra<\/h2>\n<p>4-stopenjski hidravli\u010dni teleskopski cilinder ima ne\u0161teto uporab:<\/p>\n<ol>\n<li>Proizvodni obrat: Uporaben v razli\u010dnih proizvodnih procesih.<\/li>\n<li>Strojne delavnice: Idealne za popravila in vzdr\u017eevanje strojev.<\/li>\n<li>Kmetije: Uporablja se lahko za razli\u010dne kmetijske stroje in opremo.<\/li>\n<li>Energija in rudarstvo: Bistveno za te\u017eka opravila v energetski in rudarski industriji.<\/li>\n<li>Proizvodnja strojev: Klju\u010dna komponenta v proizvodnji strojev.<\/li>\n<\/ol>\n<p><img decoding=\"async\" src=\"https:\/\/hzpt.com\/wp-content\/uploads\/2023\/11\/Inverted-Telescopic-Cylinder-Applications.webp\" alt=\"Uporaba obrnjenega teleskopskega cilindra\" title=\"\"><\/p>\n<h2>Na\u010delo delovanja in vzdr\u017eevanje 4-stopenjskega hidravli\u010dnega teleskopskega cilindra<\/h2>\n<p>4-stopenjski hidravli\u010dni teleskopski cilinder deluje na principu hidravlike. Vklju\u010duje konfiguracijo, vhod hidravli\u010dne teko\u010dine in izhodno silo. Kar zadeva vzdr\u017eevanje, je potreben redni pregled, \u010di\u0161\u010denje, mazanje, redne preglede in popravila, zamenjava tesnil ter upo\u0161tevanje navodil za uporabo.<\/p>\n<p><img decoding=\"async\" src=\"https:\/\/hzpt.com\/wp-content\/uploads\/2023\/11\/Inverted-Telescopic-Cylinder-4.webp\" alt=\"Obrnjen teleskopski valj\" title=\"\"><\/p>\n<h2>Obrnjen teleskopski valj<\/h2>\n<p>Obrnjen teleskopski valj, znan tudi kot teleskopski valj navzven ali dvostransko delujo\u010di teleskopski valj, je vrsta hidravli\u010dnega cilindra, ki se pogosto uporablja v razli\u010dnih industrijskih aplikacijah. Sestavljen je iz ve\u010d stopenj ali delov, ki se zlagajo in raztezajo, da zagotavljajo linearno gibanje in silo. Ta zasnova omogo\u010da kompakten in u\u010dinkovit hidravli\u010dni sistem, zaradi \u010desar je primeren za aplikacije z omejenim prostorom.<\/p>\n<h3>1. Konstrukcija in na\u010delo delovanja<\/h3>\n<p>Obrnjen teleskopski valj je obi\u010dajno izdelan iz visokokakovostnega nerjave\u010dega jekla, ki zagotavlja odli\u010dno odpornost proti koroziji in vzdr\u017eljivost. Sestavljen je iz cilindra, batnice in ve\u010d stopenj ali delov. Vsaka stopnja je valj manj\u0161ega premera, ki se prilega stopnji ve\u010djega premera. Stopnje so povezane z navojnimi ali vija\u010dnimi kon\u010dnimi pokrov\u010dki.<\/p>\n<p>Ko se na valj uporabi hidravli\u010dni tlak, teko\u010dina vstopi v najve\u010djo stopnjo in potisne bat ter manj\u0161e stopnje navzven. To dejanje podalj\u0161a valj in zagotovi potrebno linearno silo. Nasprotno pa se, ko se hidravli\u010dni tlak sprosti, teko\u010dina umakne nazaj v valj, pri \u010demer se stopnje zru\u0161ijo in batnica se umakne.<\/p>\n<h3>2. Prednosti obrnjenega teleskopskega cilindra<\/h3>\n<p>2.1 Izbolj\u0161ana izhodna sila: Zasnova obrnjenega teleskopskega cilindra omogo\u010da znatno pove\u010danje izhodne sile v primerjavi z drugimi vrstami cilindrov. To je posledica ve\u010d stopenj, ki se zaporedno \u0161irijo in pomno\u017eijo silo, ki jo izvaja vsaka stopnja.<\/p>\n<p>2.2 Kompaktna velikost: Teleskopska zasnova omogo\u010da kompakten in prostorsko var\u010den hidravli\u010dni sistem. Zlo\u017eena dol\u017eina cilindra je veliko kraj\u0161a od njegove raztegnjene dol\u017eine, zaradi \u010desar je idealen za aplikacije z omejenim prostorom.<\/p>\n<p>2.3 Gladko delovanje: Uporaba hidravli\u010dne teko\u010dine zagotavlja gladek in natan\u010den nadzor gibanja. Ve\u010dstopenjska zasnova zmanj\u0161uje vpliv stisljivosti teko\u010dine, kar ima za posledico dosledno in zanesljivo delovanje.<\/p>\n<h3>3. Uporaba obrnjenega teleskopskega cilindra<\/h3>\n<p>Obrnjeni teleskopski valj se uporablja v razli\u010dnih panogah, vklju\u010dno z:<\/p>\n<p>3.1 Oprema za ravnanje z materiali: Obrnjeni teleskopski cilindri se pogosto uporabljajo v vili\u010darjih in drugi dvi\u017eni opremi za zagotavljanje potrebne sile za dvigovanje in spu\u0161\u010danje te\u017ekih bremen.<\/p>\n<p>3.2 Gradbeni stroji: Ti cilindri se uporabljajo v \u017eerjavih, bagrih in drugih gradbenih strojih za iztegovanje in vle\u010denje rok, ro\u010dic in \u017elic.<\/p>\n<p>3.3 Sistemi za ravnanje z odpadki: Obrnjeni teleskopski cilindri se uporabljajo v smetarskih tovornjakih in kompaktorjih za u\u010dinkovito stiskanje in prevoz odpadkov.<\/p>\n<p>3.4 Kmetijska oprema: Ti cilindri se uporabljajo v kmetijski mehanizaciji, kot so \u010delni nakladalniki, za opravljanje razli\u010dnih nalog, kot so dvigovanje, nagibanje in kopanje.<\/p>\n<p>3.5 Industrijska avtomatizacija: Obrnjeni teleskopski cilindri igrajo klju\u010dno vlogo v avtomatiziranih proizvodnih procesih, kjer je potrebno natan\u010dno in nadzorovano linearno gibanje.<\/p>\n<p>Skratka, obrnjeni teleskopski cilinder je vsestranska in u\u010dinkovita hidravli\u010dna komponenta, ki ponuja izbolj\u0161ano izhodno silo, kompaktno velikost in gladko delovanje. Zaradi svoje edinstvene zasnove in konstrukcije je primeren za \u0161irok spekter uporabe v razli\u010dnih panogah.<\/p>\n<h3>O FMP-ju<\/h3>\n<p>FMP je vodilno podjetje, specializirano za proizvodnjo in prodajo hidravli\u010dnih cilindrov. S sede\u017eem v Italiji smo si pridobili bogate izku\u0161nje v industriji in sestavili profesionalno ekipo, ki je predana zagotavljanju visokokakovostnih in zanesljivih delov za gradbeno mehanizacijo ter celovitih strojnih re\u0161itev strankam.<\/p>\n<p><img decoding=\"async\" src=\"https:\/\/fmp-components.com\/wp-content\/uploads\/2024\/12\/Adjustable-Clevis-Type-Cylinders-6.webp\" alt=\"Nastavljiv valj tipa Clevis\" width=\"836\" title=\"\"><\/p>\n<p>Tukaj je pet klju\u010dnih prednosti na\u0161ih izdelkov in podjetja:<\/p>\n<ol>\n<li>\u0160iroka paleta izdelkov: Ponujamo raznoliko paleto hidravli\u010dnih cilindrov, vklju\u010dno z nastavljivimi cilindri z vili\u010dasto glavo, ki so primerni za razli\u010dne aplikacije v gradbeni mehanizaciji.<\/li>\n<li>Strogi standardi kakovosti: Z vzpostavljanjem dolgoro\u010dnih in stabilnih partnerskih odnosov z visokokakovostnimi dobavitelji tako doma kot v tujini zagotavljamo, da vsi dobavljeni deli izpolnjujejo stroge standarde kakovosti.<\/li>\n<li>Izku\u0161ena prodajna ekipa: Na\u0161a prodajna ekipa ima poglobljeno znanje o razvojnih trendih in potrebah strank v industriji gradbenih strojev. Lahko vam nudi strokovne nasvete o izdelkih in ponudi inteligentne predloge za nakup.<\/li>\n<li>U\u010dinkovita logisti\u010dna distribucija: Vzpostavili smo u\u010dinkovit logisti\u010dni distribucijski sistem, ki strankam zagotavlja pravo\u010dasno in natan\u010dno prejem potrebnih delov.<\/li>\n<li>Vrhunska dodatna oprema: Poleg hidravli\u010dnih cilindrov ponujamo tudi vrsto vrhunske dodatne opreme, ki je zasnovana tako, da popolnoma dopolnjuje na\u0161e izdelke. Ta dodatna oprema \u0161e izbolj\u0161a zmogljivost in u\u010dinkovitost gradbenih strojev.<\/li>\n<\/ol>\n<p>Izberite FMP kot svojega zanesljivega partnerja v industriji gradbenih strojev. Stopite v stik z nami \u0161e danes in preverite, kako lahko na\u0161i visokokakovostni hidravli\u010dni cilindri izpolnijo va\u0161e specifi\u010dne zahteve in prispevajo k uspehu va\u0161ih projektov.<\/p>\n<p>Avtor: CX<\/p>","protected":false},"excerpt":{"rendered":"<p>The Effective 4 Stage Hydraulic Telescopic Ram Cylinder Stainless Steel Hydraulic Cylinder is a game-changer in the world of hydraulic systems. Its innovative design and superior quality make it a top choice for all your hydraulic needs. This cylinder is made of high-grade stainless steel, which ensures durability and longevity. The telescopic design allows for [&hellip;]<\/p>","protected":false},"featured_media":1670,"comment_status":"closed","ping_status":"closed","template":"","meta":{"_et_pb_use_builder":"","_et_pb_old_content":"","_et_gb_content_width":""},"product_brand":[],"product_cat":[45],"product_tag":[34,48],"class_list":{"0":"post-1669","1":"product","2":"type-product","3":"status-publish","4":"has-post-thumbnail","6":"product_cat-inverted-telescopic-cylinder","7":"product_tag-hydraulic-cylinder","8":"product_tag-inverted-telescopic-cylinder","10":"first","11":"instock","12":"product-type-simple"},"_links":{"self":[{"href":"https:\/\/fmp-components.com\/sl\/wp-json\/wp\/v2\/product\/1669","targetHints":{"allow":["GET"]}}],"collection":[{"href":"https:\/\/fmp-components.com\/sl\/wp-json\/wp\/v2\/product"}],"about":[{"href":"https:\/\/fmp-components.com\/sl\/wp-json\/wp\/v2\/types\/product"}],"replies":[{"embeddable":true,"href":"https:\/\/fmp-components.com\/sl\/wp-json\/wp\/v2\/comments?post=1669"}],"wp:featuredmedia":[{"embeddable":true,"href":"https:\/\/fmp-components.com\/sl\/wp-json\/wp\/v2\/media\/1670"}],"wp:attachment":[{"href":"https:\/\/fmp-components.com\/sl\/wp-json\/wp\/v2\/media?parent=1669"}],"wp:term":[{"taxonomy":"product_brand","embeddable":true,"href":"https:\/\/fmp-components.com\/sl\/wp-json\/wp\/v2\/product_brand?post=1669"},{"taxonomy":"product_cat","embeddable":true,"href":"https:\/\/fmp-components.com\/sl\/wp-json\/wp\/v2\/product_cat?post=1669"},{"taxonomy":"product_tag","embeddable":true,"href":"https:\/\/fmp-components.com\/sl\/wp-json\/wp\/v2\/product_tag?post=1669"}],"curies":[{"name":"delovni list","href":"https:\/\/api.w.org\/{rel}","templated":true}]}}