{"id":1659,"date":"2024-12-23T07:00:44","date_gmt":"2024-12-23T07:00:44","guid":{"rendered":"https:\/\/fmp-components.com\/product\/professional-5-ton-dump-trailer-cylinders-hydraulic\/"},"modified":"2025-03-11T06:07:13","modified_gmt":"2025-03-11T06:07:13","slug":"professional-5-ton-dump-trailer-cylinders-hydraulic","status":"publish","type":"product","link":"https:\/\/fmp-components.com\/sl\/product\/professional-5-ton-dump-trailer-cylinders-hydraulic\/","title":{"rendered":"Profesionalni hidravli\u010dni cilindri za 5-tonske prikolice"},"content":{"rendered":"<p>Profesionalna 5-tonska prekucna prikolica s hidravli\u010dnimi cilindri je vrhunski izdelek, zasnovan za prevoz te\u017ekih tovorov in odlaganje. Ta prekucna prikolica je idealna za komercialno uporabo in ponuja vrhunsko funkcionalnost, ki je ni mogo\u010de primerjati z drugimi prikolicami v svojem razredu.<\/p>\n<p>Ena od izstopajo\u010dih lastnosti te prikolice za prekucnik so njeni hidravli\u010dni cilindri, ki zagotavljajo gladko in zanesljivo dvigovanje in razkladanje. Hidravli\u010dni sistem prikolice poganja visokokakovostna \u010drpalka in je opremljen z zanesljivo baterijo za enostavno upravljanje.<\/p>\n<p>Ta prekucna prikolica, izdelana iz trpe\u017enega jekla, je narejena za dolgo \u017eivljenjsko dobo. Ima veliko keson z visokimi stranicami, zaradi \u010desar je idealna za prevoz velikih tovorov zemlje, kamenja in drugih te\u017ekih materialov. Prikolica je opremljena tudi z robustno kljuko za varno pritrditev na va\u0161 tovornjak ali drugo vozilo.<\/p>\n<table style=\"width: 100%;\" border=\"1\" width=\"100%\" cellspacing=\"0\" cellpadding=\"0\">\n<tbody>\n<tr>\n<th>Ime izdelka<\/th>\n<td>Profesionalna 5-tonska prekucna prikolica s hidravli\u010dnimi cilindri<\/td>\n<\/tr>\n<tr>\n<th>Stanje<\/th>\n<td>Novo<\/td>\n<\/tr>\n<tr>\n<th>Garancija<\/th>\n<td>1 leto<\/td>\n<\/tr>\n<tr>\n<th>Te\u017ea (kg)<\/th>\n<td>63<\/td>\n<\/tr>\n<tr>\n<th>Material ohi\u0161ja<\/th>\n<td>Trdno jeklo<\/td>\n<\/tr>\n<tr>\n<th>Najve\u010dji potisk<\/th>\n<td>3000<\/td>\n<\/tr>\n<tr>\n<th>Barva<\/th>\n<td>Elegantna \u010drna<\/td>\n<\/tr>\n<tr>\n<th>Oblikovanje<\/th>\n<td>Strukturirani hidravli\u010dni sistem batnega cilindra<\/td>\n<\/tr>\n<tr>\n<th>Zmogljivost<\/th>\n<td>Vzdr\u017eljiv in zanesljiv za prevoz in odlaganje te\u017ekih tovorov<\/td>\n<\/tr>\n<tr>\n<th>Uporabne panoge<\/th>\n<td>Proizvodni obrati, delavnice za popravilo strojev, kmetije, energetika in rudarstvo, proizvodnja strojev, tovarne strojev<\/td>\n<\/tr>\n<\/tbody>\n<\/table>\n<h2>Izjemne lastnosti hidravli\u010dnih cilindrov za 5-tonske prikolice<\/h2>\n<p><img decoding=\"async\" src=\"https:\/\/hzpt.com\/wp-content\/uploads\/2023\/11\/Inverted-Telescopic-Cylinder-21.webp\" alt=\"\" title=\"\"><\/p>\n<ul>\n<li><strong>Standardna struktura:<\/strong> Batni valj, zasnovan s standardno strukturo, zagotavlja funkcionalnost in u\u010dinkovitost izdelka.<\/li>\n<li><strong>Visoka mo\u010d:<\/strong> Hidravli\u010dna mo\u010d tega izdelka zagotavlja nemoteno delovanje in visoko zmogljivost.<\/li>\n<li><strong>Robusten material:<\/strong> Izdelan iz jekla, izdelek zagotavlja vzdr\u017eljivost in dolgo \u017eivljenjsko dobo.<\/li>\n<li><strong>Visok potisk in vleka:<\/strong> Z najve\u010djim potiskom 3000 in najve\u010djim vle\u010dnim momentom 20 ton ta izdelek zagotavlja visoko zmogljivost v vseh pogojih.<\/li>\n<li><strong>Certificirano po ISO-ju:<\/strong> Izdelek ima certifikat ISO9001:2000, kar zagotavlja njegovo kakovost in zanesljivost.<\/li>\n<\/ul>\n<h2>Uporaba hidravli\u010dnih cilindrov za 5-tonske prikolice<\/h2>\n<ul>\n<li style=\"list-style-type: none;\">\n<ul>\n<li><strong>Proizvodni obrati:<\/strong> Ta izdelek se lahko uporablja v proizvodnih obratih za te\u017eka dela.<\/li>\n<\/ul>\n<\/li>\n<\/ul>\n<ul>\n<li><strong>Servisi strojev:<\/strong> Uporablja se lahko v delavnicah za popravila in vzdr\u017eevanje strojev.<\/li>\n<li><strong>Kmetije:<\/strong> Izdelek je primeren za razli\u010dna kmetijska opravila, ki zahtevajo dvigovanje in odlaganje te\u017ekih bremen.<\/li>\n<li><strong>Energija in rudarstvo:<\/strong> Izdelek se lahko uporablja v energetski in rudarski industriji za izkopavanja in druga te\u017eka dela.<\/li>\n<li><strong>Proizvodnja strojev:<\/strong> Ta izdelek se lahko uporablja v strojni\u0161tvu za proizvodnjo te\u017ekih strojev.<\/li>\n<\/ul>\n<p><img decoding=\"async\" src=\"https:\/\/hzpt.com\/wp-content\/uploads\/2023\/11\/Inverted-Telescopic-Cylinder-Applications.webp\" alt=\"Uporaba obrnjenega teleskopskega cilindra\" title=\"\"><\/p>\n<h2>Na\u010delo delovanja in vzdr\u017eevanje hidravli\u010dnih cilindrov 5-tonskega prekucnika<\/h2>\n<ul>\n<li><strong>Konfiguracija:<\/strong> Batno-valjna struktura izdelka zagotavlja nemoteno delovanje.<\/li>\n<li><strong>Vhod hidravli\u010dne teko\u010dine:<\/strong> Hidravli\u010dna mo\u010d izdelka zagotavlja optimalno delovanje in u\u010dinkovitost.<\/li>\n<li><strong>Izhodna sila:<\/strong> Z najve\u010djim potiskom 3000 in najve\u010djim vle\u010dnim momentom 20 ton ta izdelek zagotavlja visoko zmogljivost v vseh pogojih.<\/li>\n<li><strong>Redni pregledi:<\/strong> Izdelek zahteva redne preglede, da se zagotovi njegova dolgo\u017eivost in u\u010dinkovitost.<\/li>\n<li><strong>\u010ci\u0161\u010denje in mazanje:<\/strong> Redno \u010di\u0161\u010denje in mazanje sta potrebna za nemoteno delovanje izdelka.<\/li>\n<\/ul>\n<p><img decoding=\"async\" src=\"https:\/\/hzpt.com\/wp-content\/uploads\/2023\/11\/Inverted-Telescopic-Cylinder-25.webp\" alt=\"\" title=\"\"><\/p>\n<h2>Obrnjen teleskopski valj<\/h2>\n<p>Profesionalni hidravli\u010dni cilindri za 5-tonske prikolice so zasnovani za zagotavljanje izbolj\u0161ane zmogljivosti in zanesljivosti za razli\u010dne hidravli\u010dne aplikacije. Ena najpogostej\u0161ih vrst hidravli\u010dnih cilindrov je obrnjen teleskopski cilinder, ki se pogosto uporablja v gradbeni\u0161tvu, transportu in kmetijstvu.<\/p>\n<h3>Oblika in funkcionalnost<\/h3>\n<p>Obrnjeni teleskopski valj je vrsta hidravli\u010dnega valja z edinstveno zasnovo, pri kateri se batnica nahaja na dnu valja, telo valja pa na vrhu. Ta zasnova omogo\u010da, da valj zagotavlja dalj\u0161i hod, hkrati pa zavzame manj prostora, zaradi \u010desar je idealen za aplikacije z omejenim prostorom.<\/p>\n<p>Valj je sestavljen iz dveh stopenj, od katerih vsaka vsebuje sklop bata in valja. Stopnja z ve\u010djim premerom se nahaja na vrhu, stopnja z manj\u0161im premerom pa na dnu. Ko se uporabi hidravli\u010dni tlak, se bat v manj\u0161i stopnji iztegne in potisne bat v ve\u010dji stopnji navzgor, kar nato iztegne batnico.<\/p>\n<h3>Prednosti<\/h3>\n<p>Obrnjeni teleskopski cilinder ponuja ve\u010d prednosti pred drugimi vrstami hidravli\u010dnih cilindrov, vklju\u010dno z:<\/p>\n<ul>\n<li><strong>Kompaktna zasnova:<\/strong> Edinstvena zasnova obrnjenega teleskopskega cilindra omogo\u010da, da zavzame manj prostora, hkrati pa zagotavlja dalj\u0161o dol\u017eino hoda, zaradi \u010desar je idealen za aplikacije z omejenim prostorom.<\/li>\n<li><strong>Pove\u010dana u\u010dinkovitost:<\/strong> Dvostopenjska zasnova valja omogo\u010da ve\u010djo u\u010dinkovitost kot druge vrste valjev, saj zmanj\u0161a koli\u010dino teko\u010dine, potrebne za izteg batnice.<\/li>\n<li><strong>Izbolj\u0161ana stabilnost:<\/strong> Obrnjen teleskopski valj zagotavlja izbolj\u0161ano stabilnost in nadzor v primerjavi z drugimi vrstami valjev zaradi nizkega te\u017ei\u0161\u010da in izbolj\u0161ane porazdelitve te\u017ee.<\/li>\n<li><strong>Manj vzdr\u017eevanja:<\/strong> Zasnova cilindra zmanj\u0161uje \u0161tevilo gibljivih delov, kar zmanj\u0161uje verjetnost okvare in zni\u017euje stro\u0161ke vzdr\u017eevanja.<\/li>\n<\/ul>\n<h3>Aplikacije<\/h3>\n<p>Obrnjeni teleskopski valj se pogosto uporablja v razli\u010dnih aplikacijah, vklju\u010dno z:<\/p>\n<ul>\n<li><strong>Gradnja:<\/strong> Obrnjeni teleskopski cilindri se uporabljajo v gradbeni opremi, kot so bagri, nakladalniki in \u017eerjavi, za natan\u010den nadzor nad te\u017ekimi bremeni in priklju\u010dki.<\/li>\n<li><strong>Prevoz:<\/strong> Cilinder se uporablja v transportni opremi, kot so prekucniki, priklopniki in polpriklopniki, za zagotavljanje mo\u010di, potrebne za premikanje te\u017ekih tovorov.<\/li>\n<li><strong>Kmetijstvo:<\/strong> Obrnjeni teleskopski cilindri se uporabljajo v kmetijski opremi, kot so traktorji, za zagotavljanje mo\u010di, potrebne za premikanje te\u017ekih bremen in priklju\u010dkov.<\/li>\n<\/ul>\n<p>Na splo\u0161no je obrnjeni teleskopski cilinder zelo u\u010dinkovit in zanesljiv hidravli\u010dni cilinder, ki ponuja \u0161tevilne prednosti pred drugimi vrstami cilindrov. Zaradi svoje edinstvene zasnove, skupaj z izbolj\u0161ano zmogljivostjo in zanesljivostjo, je idealna izbira za \u0161irok spekter hidravli\u010dnih aplikacij.<\/p>\n<h3>O hidravli\u010dnem cilindru FMP<\/h3>\n<p>FMP je predan zagotavljanju visokokakovostnih in zanesljivih delov za gradbeno mehanizacijo ter celovitih strojnih re\u0161itev. Na\u0161 hidravli\u010dni cilinder je eden najbolj priljubljenih izdelkov v na\u0161i ponudbi. Tukaj je pet razlogov, zakaj bi morali izbrati hidravli\u010dni cilinder FMP:<\/p>\n<ol>\n<li><strong>Vrhunska kakovost:<\/strong> Na\u0161 hidravli\u010dni cilinder je izdelan iz visokokakovostnih materialov, kar zagotavlja njegovo vzdr\u017eljivost in dolgo \u017eivljenjsko dobo. Zasnovan in izdelan je natan\u010dno, da izpolnjuje stroge standarde kakovosti in zagotavlja, da prenese te\u017eke delovne pogoje.<\/li>\n<li><strong>Prilagodljivo:<\/strong> Na\u0161 hidravli\u010dni valj je mogo\u010de prilagoditi va\u0161im specifi\u010dnim zahtevam. Ponujamo \u0161iroko paleto mo\u017enosti, vklju\u010dno z velikostmi izvrtin, dol\u017einami hodov in na\u010dini monta\u017ee. Na\u0161a ekipa strokovnjakov vam lahko nudi strokovno svetovanje o izdelkih in pametne predloge za nakup, da vam pomaga izbrati pravi hidravli\u010dni valj za va\u0161e potrebe.<\/li>\n<li><strong>Enostavna namestitev:<\/strong> Na\u0161 hidravli\u010dni cilinder je zasnovan za enostavno namestitev, kar skraj\u0161a \u010das izpada in pove\u010da va\u0161o produktivnost. Na voljo je s \u0161iroko paleto mo\u017enosti pritrditve, ki jih je mogo\u010de enostavno namestiti na va\u0161o opremo.<\/li>\n<li><strong>Konkuren\u010dna cena:<\/strong> Ponujamo konkuren\u010dne cene brez \u017ertvovanja kakovosti. Z vzpostavljanjem dolgoro\u010dnih in stabilnih partnerskih odnosov s \u0161tevilnimi visokokakovostnimi dobavitelji doma in v tujini zagotavljamo, da vsi dobavljeni deli izpolnjujejo stroge standarde kakovosti.<\/li>\n<li><strong>U\u010dinkovit logisti\u010dni distribucijski sistem:<\/strong> Imamo u\u010dinkovit logisti\u010dni distribucijski sistem, ki zagotavlja, da stranke pravo\u010dasno in natan\u010dno prejmejo potrebne dele. Tesno sodelujemo z na\u0161imi logisti\u010dnimi partnerji, da strankam po vsem svetu zagotovimo hitre in zanesljive dostavne storitve.<\/li>\n<\/ol>\n<p><img decoding=\"async\" src=\"https:\/\/fmp-components.com\/wp-content\/uploads\/2024\/12\/Adjustable-Clevis-Type-Cylinders-6.webp\" alt=\"Nastavljiv valj tipa Clevis\" width=\"831\" title=\"\"><\/p>\n<p>S hidravli\u010dnim cilindrom FMP ste lahko prepri\u010dani v vrhunsko kakovost, prilagoditev, enostavno namestitev, konkuren\u010dne cene in u\u010dinkovito logisti\u010dno distribucijo. Za ve\u010d informacij o na\u0161ih izdelkih in storitvah nas kontaktirajte \u0161e danes in naj vam pomagamo najti pravi hidravli\u010dni cilinder za va\u0161e potrebe.<\/p>\n<p>Avtor: CX<\/p>","protected":false},"excerpt":{"rendered":"<p>The Professional 5 Ton Dump Trailer with Hydraulic Cylinders is a top-of-the-line product designed for heavy-duty hauling and dumping needs. This dump trailer is perfect for commercial use and offers superior functionality that is unmatched by other trailers in its class. One of the standout features of this dump trailer is its hydraulic cylinders, which [&hellip;]<\/p>","protected":false},"featured_media":1660,"comment_status":"closed","ping_status":"closed","template":"","meta":{"_et_pb_use_builder":"","_et_pb_old_content":"","_et_gb_content_width":""},"product_brand":[],"product_cat":[45],"product_tag":[34,48],"class_list":{"0":"post-1659","1":"product","2":"type-product","3":"status-publish","4":"has-post-thumbnail","6":"product_cat-inverted-telescopic-cylinder","7":"product_tag-hydraulic-cylinder","8":"product_tag-inverted-telescopic-cylinder","10":"first","11":"instock","12":"product-type-simple"},"_links":{"self":[{"href":"https:\/\/fmp-components.com\/sl\/wp-json\/wp\/v2\/product\/1659","targetHints":{"allow":["GET"]}}],"collection":[{"href":"https:\/\/fmp-components.com\/sl\/wp-json\/wp\/v2\/product"}],"about":[{"href":"https:\/\/fmp-components.com\/sl\/wp-json\/wp\/v2\/types\/product"}],"replies":[{"embeddable":true,"href":"https:\/\/fmp-components.com\/sl\/wp-json\/wp\/v2\/comments?post=1659"}],"wp:featuredmedia":[{"embeddable":true,"href":"https:\/\/fmp-components.com\/sl\/wp-json\/wp\/v2\/media\/1660"}],"wp:attachment":[{"href":"https:\/\/fmp-components.com\/sl\/wp-json\/wp\/v2\/media?parent=1659"}],"wp:term":[{"taxonomy":"product_brand","embeddable":true,"href":"https:\/\/fmp-components.com\/sl\/wp-json\/wp\/v2\/product_brand?post=1659"},{"taxonomy":"product_cat","embeddable":true,"href":"https:\/\/fmp-components.com\/sl\/wp-json\/wp\/v2\/product_cat?post=1659"},{"taxonomy":"product_tag","embeddable":true,"href":"https:\/\/fmp-components.com\/sl\/wp-json\/wp\/v2\/product_tag?post=1659"}],"curies":[{"name":"delovni list","href":"https:\/\/api.w.org\/{rel}","templated":true}]}}