{"id":1653,"date":"2024-12-23T07:00:44","date_gmt":"2024-12-23T07:00:44","guid":{"rendered":"https:\/\/fmp-components.com\/product\/factory-direct-supply-4-stage-hydraulic-telescopic-ram-cylinder-for-trailer\/"},"modified":"2025-03-11T06:11:06","modified_gmt":"2025-03-11T06:11:06","slug":"factory-direct-supply-4-stage-hydraulic-telescopic-ram-cylinder-for-trailer","status":"publish","type":"product","link":"https:\/\/fmp-components.com\/sl\/product\/factory-direct-supply-4-stage-hydraulic-telescopic-ram-cylinder-for-trailer\/","title":{"rendered":"Tovarni\u0161ka neposredna dobava 4-stopenjski hidravli\u010dni teleskopski cilinder za prikolico"},"content":{"rendered":"<p>Factory Direct Supply ponuja vrhunski 4-stopenjski hidravli\u010dni teleskopski cilinder za prikolico, ki je zanesljiva in trpe\u017ena re\u0161itev za te\u017eka dela. Ta cilinder je zasnovan za gladko in u\u010dinkovito delovanje ter zagotavlja dosledno delovanje tudi pod visokim tlakom.<\/p>\n<p>4-stopenjski hidravli\u010dni teleskopski cilinder za prikolico je izdelan iz visokokakovostnih materialov in je zasnovan tako, da prenese ekstremne pogoje in intenzivno uporabo. Cilinder ima natan\u010dno zasnovano zasnovo, ki zagotavlja maksimalno trdnost in stabilnost, zaradi \u010desar je idealen za uporabo v zahtevnih industrijskih okoljih.<\/p>\n<table style=\"width: 100%;\" border=\"1\" width=\"100%\" cellspacing=\"0\" cellpadding=\"0\">\n<tbody>\n<tr>\n<th>Ime izdelka<\/th>\n<td>4-stopenjski hidravli\u010dni teleskopski cilinder za prikolico<\/td>\n<\/tr>\n<tr>\n<th>Stanje<\/th>\n<td>Novo<\/td>\n<\/tr>\n<tr>\n<th>Garancija<\/th>\n<td>1 leto<\/td>\n<\/tr>\n<tr>\n<th>Te\u017ea (kg)<\/th>\n<td>45<\/td>\n<\/tr>\n<tr>\n<th>Najve\u010dji potisk<\/th>\n<td>3000<\/td>\n<\/tr>\n<tr>\n<th>Najve\u010dji vlek<\/th>\n<td>20 ton<\/td>\n<\/tr>\n<tr>\n<th>Material ohi\u0161ja<\/th>\n<td>Jeklo<\/td>\n<\/tr>\n<tr>\n<th>Vir napajanja<\/th>\n<td>Hidravli\u010dni<\/td>\n<\/tr>\n<tr>\n<th>Oblikovanje<\/th>\n<td>4-stopenjski s standardno strukturo batnega cilindra<\/td>\n<\/tr>\n<tr>\n<th>Osnovne komponente<\/th>\n<td>Le\u017eaj, bat cilindra<\/td>\n<\/tr>\n<tr>\n<th>Certificiranje<\/th>\n<td>ISO9001:2000<\/td>\n<\/tr>\n<tr>\n<th>Barva<\/th>\n<td>\u010crna<\/td>\n<\/tr>\n<tr>\n<th>Uporabne panoge<\/th>\n<td>Gradbeni\u0161tvo, kmetijstvo, proizvodni obrati, delavnice za popravilo strojev, kmetije, energetika in rudarstvo, proizvodnja strojev, tovarne strojev<\/td>\n<\/tr>\n<tr>\n<th>Zmogljivost<\/th>\n<td>Zanesljiva zmogljivost in dolgotrajna vzdr\u017eljivost<\/td>\n<\/tr>\n<\/tbody>\n<\/table>\n<h2>Zna\u010dilnosti hidravli\u010dnega teleskopskega cilindra<\/h2>\n<p><img decoding=\"async\" src=\"https:\/\/hzpt.com\/wp-content\/uploads\/2023\/11\/Inverted-Telescopic-Cylinder-1.webp\" alt=\"\" title=\"\"><\/p>\n<p>1. <b>Standardne funkcije:<\/b> Hidravli\u010dni cilinder ima standardne funkcije, kot so batna konstrukcija cilindra, hidravli\u010dna mo\u010d in ohi\u0161je iz jekla.<\/p>\n<p>2. <b>Najve\u010dji potisk:<\/b> Hidravli\u010dni cilinder ima najve\u010djo potisno zmogljivost 3000.<\/p>\n<p>3. <b>Najve\u010dji vlek:<\/b> Hidravli\u010dni cilinder lahko prenese najve\u010djo vle\u010dno silo 20 ton.<\/p>\n<p>4. <b>Certificiranje:<\/b> Izdelek ima certifikat ISO9001:2000, kar zagotavlja njegovo kakovost in varnost.<\/p>\n<p>5. <b>Barva:<\/b> Izdelek je na voljo v elegantni in profesionalni \u010drni barvi.<\/p>\n<h2>Uporaba hidravli\u010dnega teleskopskega cilindra<\/h2>\n<p>1. <b>Proizvodni obrati:<\/b> Hidravli\u010dni cilinder je primeren za uporabo v proizvodnih obratih.<\/p>\n<p>2. <b>Servisi strojev:<\/b> Uporablja se lahko tudi v delavnicah za popravilo strojev.<\/p>\n<p>3. <b>Kmetije:<\/b> Hidravli\u010dni cilinder se uporablja na kmetijah.<\/p>\n<p>4. <b>Energija in rudarstvo:<\/b> Uporablja se lahko v energetskih in rudarskih dejavnostih.<\/p>\n<p>5. <b>Proizvodnja strojev:<\/b> Hidravli\u010dni cilinder je primeren tudi za izdelavo strojev.<\/p>\n<p><img decoding=\"async\" src=\"https:\/\/hzpt.com\/wp-content\/uploads\/2023\/11\/Inverted-Telescopic-Cylinder-Applications.webp\" alt=\"\" title=\"\"><\/p>\n<h2>Na\u010delo delovanja in vzdr\u017eevanje hidravli\u010dnega teleskopskega cilindra<\/h2>\n<h3>Na\u010delo delovanja<\/h3>\n<p>1. <b>Konfiguracija:<\/b> Hidravli\u010dni cilinder je konfiguriran z batnim cilindrom.<\/p>\n<p>2. <b>Vhod hidravli\u010dne teko\u010dine:<\/b> Hidravli\u010dni vir energije ureja delovanje valja.<\/p>\n<p>3. <b>Izhodna sila:<\/b> Hidravli\u010dni cilinder ima najve\u010dji potisk in vle\u010dno silo 3000 oziroma 20 ton.<\/p>\n<h3>Metode vzdr\u017eevanja<\/h3>\n<p>1. <b>Redni pregledi:<\/b> Za zagotovitev u\u010dinkovitega delovanja cilindra so potrebni redni pregledi.<\/p>\n<p>2. <b>\u010ci\u0161\u010denje:<\/b> Hidravli\u010dni valj je treba redno \u010distiti, da se prepre\u010di nabiranje umazanije in ostankov.<\/p>\n<p>3. <b>Mazanje:<\/b> Redno mazanje zagotavlja nemoteno delovanje valja.<\/p>\n<p>4. <b>Redni pregledi in popravila:<\/b> Redni pregledi in popravila po potrebi zagotavljajo dolgo \u017eivljenjsko dobo izdelka.<\/p>\n<p>5. <b>Zamenjava tesnila:<\/b> Tesnilo cilindra je treba zamenjati v skladu z navodili v navodilih za uporabo, da se zagotovi optimalno delovanje.<\/p>\n<p><img decoding=\"async\" src=\"https:\/\/hzpt.com\/wp-content\/uploads\/2023\/11\/Inverted-Telescopic-Cylinder-20.webp\" alt=\"\" title=\"\"><\/p>\n<h2>Obrnjen teleskopski valj<\/h2>\n<p>Hidravli\u010dni cilinder je mehanski aktuator, ki zagotavlja enosmerno silo z enosmernim hodom. Obrnjen teleskopski cilinder, znan tudi kot obrnjen hidravli\u010dni cilinder, je vrsta hidravli\u010dnega cilindra, ki ima bat in palico, name\u0161\u010dena narobe. To pomeni, da je palica pritrjena na bat in sega navzdol iz telesa cilindra in ne navzgor vanj.<\/p>\n<h3>Tovarni\u0161ka neposredna dobava 4-stopenjski hidravli\u010dni teleskopski cilinder za prikolico<\/h3>\n<p>Obrnjeni teleskopski valj se pogosto uporablja v razli\u010dnih panogah, vklju\u010dno z gradbeni\u0161tvom, kmetijstvom, rudarstvom in transportom. Ena najbolj priljubljenih uporab te vrste cilindra je v industriji priklopnikov. Tovarni\u0161ko dobavljen 4-stopenjski hidravli\u010dni teleskopski valj za priklopnik je odli\u010den primer, kako se ta tehnologija uporablja v resni\u010dnem svetu. Tukaj je nekaj glavnih zna\u010dilnosti in prednosti tega hidravli\u010dnega cilindra:<\/p>\n<h4>1. \u0160tiristopenjska zasnova za maksimalno podalj\u0161anje<\/h4>\n<p>\u0160tiristopenjska zasnova tega hidravli\u010dnega cilindra omogo\u010da maksimalen razteg, kar je bistveno pri \u0161tevilnih priklopnih aplikacijah. Ta zasnova zagotavlja tudi kompaktno in u\u010dinkovito re\u0161itev, ki je idealna za namestitve z omejenim prostorom. Stopnje cilindra so zasnovane tako, da brezhibno delujejo skupaj, kar zagotavlja nemoteno in dosledno delovanje.<\/p>\n<h4>2. Visokokakovostni materiali za vzdr\u017eljivost<\/h4>\n<p>Tovarni\u0161ko dobavljen 4-stopenjski hidravli\u010dni teleskopski cilinder za prikolico je izdelan iz visokokakovostnih materialov, vklju\u010dno z jeklom in kromiranimi palicami. To zagotavlja, da je cilinder vzdr\u017eljiv in dolgotrajen, tudi v te\u017ekih delovnih pogojih. Kromirane palice zagotavljajo tudi za\u0161\u010dito pred korozijo in obrabo, kar je bistveno za ohranjanje delovanja cilindra skozi \u010das.<\/p>\n<h4>3. Natan\u010dno in\u017eenirstvo za zanesljivo delovanje<\/h4>\n<p>Ta hidravli\u010dni cilinder je natan\u010dno izdelan za zanesljivo in dosledno delovanje. Bat in palica sta strojno obdelana z zelo majhnimi tolerancami, kar zagotavlja, da se popolnoma prilegata in delujeta gladko. Tesnila in le\u017eaji so zasnovani tako, da zagotavljajo dolgotrajno delovanje, tudi pri velikih obremenitvah in pogosti uporabi.<\/p>\n<h4>4. Enostavna namestitev in vzdr\u017eevanje<\/h4>\n<p>Tovarni\u0161ko dobavljeni 4-stopenjski hidravli\u010dni teleskopski cilinder za prikolico je zasnovan za enostavno namestitev in vzdr\u017eevanje. Cilinder je opremljen z vso potrebno monta\u017eno opremo, postopek namestitve pa je preprost in enostaven. Cilinder je tudi enostaven za vzdr\u017eevanje, glavni zahtevi pa sta redni pregledi in mazanje.<\/p>\n<p>Na splo\u0161no je obrnjeni teleskopski valj zelo u\u010dinkovita in vsestranska tehnologija, ki se uporablja v \u0161tevilnih aplikacijah. Tovarni\u0161ko dobavljen 4-stopenjski hidravli\u010dni teleskopski valj za prikolico je odli\u010den primer, kako se ta tehnologija lahko uporabi v resni\u010dnem svetu za zagotavljanje u\u010dinkovitega in zanesljivega delovanja.<\/p>\n<h3>O podjetju FMP \u2013 Profesionalna prodaja in servis hidravli\u010dnih cilindrov<\/h3>\n<p>FMP je uveljavljeno podjetje s sede\u017eem v Italiji, specializirano za prodajo in servis delov in celotnih strojev za gradbeno mehanizacijo. Z dolgoletnimi izku\u0161njami v panogi in ekipo usposobljenih strokovnjakov svojim strankam zagotavljamo visokokakovostne in zanesljive hidravli\u010dne cilindre ter celovite strojne re\u0161itve.<\/p>\n<p>Tukaj je pet razlogov, zakaj bi morali izbrati FMP za va\u0161e potrebe po hidravli\u010dnih cilindrih:<\/p>\n<p>1. \u0160iroka paleta izdelkov: FMP ponuja \u0161iroko paleto hidravli\u010dnih cilindrov, vklju\u010dno z nastavljivimi cilindri z vili\u010dasto glavo, kot so <img decoding=\"async\" src=\"https:\/\/fmp-components.com\/wp-content\/uploads\/2024\/12\/Adjustable-Clevis-Type-Cylinders-6.webp\" alt=\"Nastavljiv valj tipa Clevis\" width=\"828\" title=\"\">, kot tudi vezne palice in varjene cilindre. Nudimo tudi storitve prilagajanja, da zadostimo specifi\u010dnim potrebam strank.<\/p>\n<p>2. Vrhunski deli: Vzpostavili smo dolgoro\u010dne in stabilne odnose sodelovanja s \u0161tevilnimi visokokakovostnimi dobavitelji tako doma kot v tujini, s \u010dimer zagotavljamo, da vsi dobavljeni deli izpolnjujejo stroge standarde kakovosti.<\/p>\n<p>3. Izku\u0161ena prodajna ekipa: Na\u0161a prodajna ekipa dobro pozna razvojne trende in potrebe strank v industriji gradbenih strojev. Zagotavlja vam lahko strokovno svetovanje o izdelkih in pametne predloge za nakup, da vam pomaga pri najbolj\u0161i izbiri.<\/p>\n<p>4. U\u010dinkovita logisti\u010dna distribucija: Imamo u\u010dinkovit logisti\u010dni distribucijski sistem, ki zagotavlja, da stranke pravo\u010dasno in natan\u010dno prejmejo potrebne dele.<\/p>\n<p>5. Profesionalna poprodajna storitev: FMP nudi profesionalno poprodajno storitev, da bi na\u0161im strankam zagotovil brezskrbno izku\u0161njo z na\u0161imi izdelki.<\/p>\n<p>Z izbiro podjetja FMP za dobavitelja hidravli\u010dnih cilindrov ste lahko prepri\u010dani v kakovostne izdelke, profesionalno storitev in zanesljivega partnerja za va\u0161 uspeh. Za ve\u010d informacij o tem, kako vam lahko pomagamo izpolniti va\u0161e potrebe po hidravli\u010dnih cilindrih, nas kontaktirajte \u0161e danes.<\/p>\n<p>Avtor: CX<\/p>","protected":false},"excerpt":{"rendered":"<p>Factory Direct Supply offers a top-of-the-line 4 Stage Hydraulic Telescopic Ram Cylinder for Trailer that is a reliable and durable solution for heavy-duty applications. This cylinder is designed to operate smoothly and efficiently, providing consistent performance even under high pressure. Constructed from high-quality materials, the 4 Stage Hydraulic Telescopic Ram Cylinder for Trailer is built [&hellip;]<\/p>","protected":false},"featured_media":1654,"comment_status":"closed","ping_status":"closed","template":"","meta":{"_et_pb_use_builder":"","_et_pb_old_content":"","_et_gb_content_width":""},"product_brand":[],"product_cat":[45],"product_tag":[34,48],"class_list":{"0":"post-1653","1":"product","2":"type-product","3":"status-publish","4":"has-post-thumbnail","6":"product_cat-inverted-telescopic-cylinder","7":"product_tag-hydraulic-cylinder","8":"product_tag-inverted-telescopic-cylinder","10":"first","11":"instock","12":"product-type-simple"},"_links":{"self":[{"href":"https:\/\/fmp-components.com\/sl\/wp-json\/wp\/v2\/product\/1653","targetHints":{"allow":["GET"]}}],"collection":[{"href":"https:\/\/fmp-components.com\/sl\/wp-json\/wp\/v2\/product"}],"about":[{"href":"https:\/\/fmp-components.com\/sl\/wp-json\/wp\/v2\/types\/product"}],"replies":[{"embeddable":true,"href":"https:\/\/fmp-components.com\/sl\/wp-json\/wp\/v2\/comments?post=1653"}],"wp:featuredmedia":[{"embeddable":true,"href":"https:\/\/fmp-components.com\/sl\/wp-json\/wp\/v2\/media\/1654"}],"wp:attachment":[{"href":"https:\/\/fmp-components.com\/sl\/wp-json\/wp\/v2\/media?parent=1653"}],"wp:term":[{"taxonomy":"product_brand","embeddable":true,"href":"https:\/\/fmp-components.com\/sl\/wp-json\/wp\/v2\/product_brand?post=1653"},{"taxonomy":"product_cat","embeddable":true,"href":"https:\/\/fmp-components.com\/sl\/wp-json\/wp\/v2\/product_cat?post=1653"},{"taxonomy":"product_tag","embeddable":true,"href":"https:\/\/fmp-components.com\/sl\/wp-json\/wp\/v2\/product_tag?post=1653"}],"curies":[{"name":"delovni list","href":"https:\/\/api.w.org\/{rel}","templated":true}]}}