{"id":1643,"date":"2024-12-23T07:00:44","date_gmt":"2024-12-23T07:00:44","guid":{"rendered":"https:\/\/fmp-components.com\/product\/factory-direct-supply-long-stroke-trailer-hydraulic-ram-cylinder\/"},"modified":"2025-03-11T06:10:14","modified_gmt":"2025-03-11T06:10:14","slug":"factory-direct-supply-long-stroke-trailer-hydraulic-ram-cylinder","status":"publish","type":"product","link":"https:\/\/fmp-components.com\/sl\/product\/factory-direct-supply-long-stroke-trailer-hydraulic-ram-cylinder\/","title":{"rendered":"Hidravli\u010dni cilinder za prikolico z dolgim \u200b\u200bhodom, neposredna dobava iz tovarne"},"content":{"rendered":"<p>Hidravli\u010dni cilinder za prikolice z dolgim \u200b\u200bhodom, dobavljen neposredno iz tovarne, je visokokakovosten hidravli\u010dni cilinder, zasnovan za uporabo v prikolicah. Ima dolg hod, kar zagotavlja enostavno in u\u010dinkovito prena\u0161anje te\u017ekih bremen. Cilinder je izdelan iz vrhunskih materialov, zaradi \u010desar je vzdr\u017eljiv in odporen proti obrabi.<\/p>\n<p>Ena klju\u010dnih zna\u010dilnosti tega hidravli\u010dnega cilindra je njegova precizna izdelava. Zasnovan je za nemoteno in zanesljivo delovanje, kar zagotavlja optimalno delovanje vsaki\u010d. Njegova robustna konstrukcija zagotavlja tudi, da lahko obvladuje visokotla\u010dne aplikacije brez upogibanja ali odpovedi.<\/p>\n<p>Ta hidravli\u010dni cilinder je enostaven za namestitev in vzdr\u017eevanje, zaradi \u010desar je idealna izbira za zaposlene strokovnjake, ki potrebujejo zanesljivo in u\u010dinkovito opremo. Je tudi zelo prilagodljiv, zaradi \u010desar je primeren za uporabo v razli\u010dnih panogah in okoljih.<\/p>\n<table style=\"width: 100%;\" border=\"1\" width=\"100%\" cellspacing=\"0\" cellpadding=\"0\">\n<tbody>\n<tr>\n<th>Ime izdelka<\/th>\n<td>Hidravli\u010dni cilinder za prikolico z dolgim \u200b\u200bhodom, neposredna dobava iz tovarne<\/td>\n<\/tr>\n<tr>\n<th>Stanje<\/th>\n<td>Novo<\/td>\n<\/tr>\n<tr>\n<th>Garancija<\/th>\n<td>1 leto<\/td>\n<\/tr>\n<tr>\n<th>Te\u017ea (kg)<\/th>\n<td>63<\/td>\n<\/tr>\n<tr>\n<th>Najve\u010dji potisk<\/th>\n<td>3000<\/td>\n<\/tr>\n<tr>\n<th>Najve\u010dji vlek<\/th>\n<td>20 ton<\/td>\n<\/tr>\n<tr>\n<th>Material ohi\u0161ja<\/th>\n<td>Trpe\u017eno jeklo<\/td>\n<\/tr>\n<tr>\n<th>Vir napajanja<\/th>\n<td>Hidravli\u010dni<\/td>\n<\/tr>\n<tr>\n<th>Osnovne komponente<\/th>\n<td>Le\u017eaj, bat cilindra<\/td>\n<\/tr>\n<tr>\n<th>Struktura<\/th>\n<td>Standardni batni valj<\/td>\n<\/tr>\n<tr>\n<th>Certificiranje<\/th>\n<td>ISO9001:2000<\/td>\n<\/tr>\n<tr>\n<th>Uporabne panoge<\/th>\n<td>Proizvodni obrati, delavnice za popravilo strojev, kmetije, energetika, rudarstvo, proizvodnja strojev<\/td>\n<\/tr>\n<tr>\n<th>Zagotavljanje kakovosti<\/th>\n<td>Poro\u010dilo o izhodnem pregledu in preizkusu strojev<\/td>\n<\/tr>\n<tr>\n<th>Zmogljivost<\/th>\n<td>Precizna izdelava, vzdr\u017eljivost in enostavnost uporabe<\/td>\n<\/tr>\n<\/tbody>\n<\/table>\n<p><img decoding=\"async\" src=\"https:\/\/hzpt.com\/wp-content\/uploads\/2023\/11\/Inverted-Telescopic-Cylinder-6.webp\" alt=\"\" title=\"\"><\/p>\n<h2>Zna\u010dilnosti hidravli\u010dnega cilindra prikolice z dolgim \u200b\u200bhodom<\/h2>\n<p>Hidravli\u010dni cilinder za prikolico z dolgim \u200b\u200bhodom se pona\u0161a s \u0161tevilnimi funkcijami:<\/p>\n<ul>\n<li><strong>Standardna struktura:<\/strong> Cilinder ima batno strukturo, ki jo poganja hidravli\u010dna energija.<\/li>\n<li><strong>Trpe\u017een material:<\/strong> Njegovo ohi\u0161je je izdelano iz robustnega jekla, ki lahko prenese intenzivno uporabo.<\/li>\n<li><strong>Visoka mo\u010d:<\/strong> Ima najve\u010dji potisk 3000 in lahko vle\u010de do 20 ton.<\/li>\n<li><strong>Certificirano:<\/strong> Ta izdelek ima certifikat ISO9001:2000, kar zagotavlja njegovo kakovost in zanesljivost.<\/li>\n<li><strong>Vsestranski:<\/strong> Primeren je za \u0161irok spekter panog, od proizvodnje do kmetijstva.<\/li>\n<\/ul>\n<h2>Uporaba hidravli\u010dnega cilindra za prikolice z dolgim \u200b\u200bhodom<\/h2>\n<p>Hidravli\u010dni cilinder za prikolice z dolgim \u200b\u200bhodom se uporablja v razli\u010dnih sektorjih:<\/p>\n<ul>\n<li><strong>Proizvodni obrati:<\/strong> Je klju\u010dna komponenta te\u017ekih strojev, ki se uporabljajo v proizvodnih procesih.<\/li>\n<li><strong>Servisi strojev:<\/strong> Cilinder je bistveni del pri popravilu in vzdr\u017eevanju razli\u010dnih vrst strojev.<\/li>\n<li><strong>Kmetije:<\/strong> Pomaga pri upravljanju kmetijskih strojev.<\/li>\n<li><strong>Energija in rudarstvo:<\/strong> Jeklenka se uporablja v opremi za proizvodnjo energije in rudarjenje.<\/li>\n<li><strong>Proizvodnja strojev:<\/strong> Je klju\u010dni sestavni del pri proizvodnji industrijskih strojev.<\/li>\n<\/ul>\n<p><img decoding=\"async\" src=\"https:\/\/hzpt.com\/wp-content\/uploads\/2023\/11\/Inverted-Telescopic-Cylinder-Applications.webp\" alt=\"Uporaba obrnjenega teleskopskega cilindra\" title=\"\"><\/p>\n<h2>Na\u010delo delovanja in vzdr\u017eevanje hidravli\u010dnega cilindra priklopnika z dolgim \u200b\u200bhodom<\/h2>\n<p>Hidravli\u010dni cilinder za prikolice z dolgim \u200b\u200bhodom deluje po na\u010delu vhodne\/izhodne sile hidravli\u010dne teko\u010dine. Njegova mo\u010d izhaja iz hidravli\u010dne energije in deluje tako, da kljub nizki vhodni sili ustvarja veliko izhodno silo. Zaradi tega visokega razmerja med mo\u010djo in silo je sestavni del \u0161tevilnih te\u017ekih aplikacij.<\/p>\n<p>Jeklenka zahteva redno vzdr\u017eevanje, da se zagotovi njena dolga \u017eivljenjsko doba in optimalno delovanje. Vzdr\u017eevalne metode vklju\u010dujejo:<\/p>\n<ul>\n<li style=\"list-style-type: none;\">\n<ul>\n<li><strong>Redni pregledi:<\/strong> Redni pregledi pomagajo odkriti in odpraviti morebitne te\u017eave v zgodnji fazi.<\/li>\n<li><strong>\u010ci\u0161\u010denje:<\/strong> \u010cistost cilindra prepre\u010duje nabiranje prahu in umazanije, ki bi lahko poslab\u0161ale njegovo delovanje.<\/li>\n<li><strong>Mazanje:<\/strong> Redno mazanje zagotavlja nemoteno delovanje in zmanj\u0161uje obrabo.<\/li>\n<li><strong>Zamenjava tesnila:<\/strong> Po\u0161kodovana tesnila je treba nemudoma zamenjati, da prepre\u010dite pu\u0161\u010danje in ohranite tlak.<\/li>\n<\/ul>\n<\/li>\n<\/ul>\n<ul>\n<li><strong>Sledenje navodilom za uporabo:<\/strong> Upo\u0161tevanje navodil in smernic v navodilih za uporabo zagotavlja varno in u\u010dinkovito uporabo jeklenke.<\/li>\n<\/ul>\n<p><img decoding=\"async\" src=\"https:\/\/hzpt.com\/wp-content\/uploads\/2023\/11\/Inverted-Telescopic-Cylinder-20.webp\" alt=\"\" title=\"\"><\/p>\n<h2>Obrnjen teleskopski valj<\/h2>\n<p>Teleskopski valj je vrsta hidravli\u010dnega valja, ki je sestavljen iz ve\u010d vgnezdenih stopenj, kar omogo\u010da dalj\u0161i hod ob hkratnem ohranjanju kompaktne velikosti. Med razli\u010dnimi vrstami teleskopskih valjev izstopa obrnjeni teleskopski valj po svoji edinstveni zasnovi in \u200b\u200bfunkcionalnosti. V tem \u010dlanku se bomo poglobili v zna\u010dilnosti in uporabo obrnjenega teleskopskega valja ter poudarili njegove prednosti v razli\u010dnih panogah.<\/p>\n<h3>Klju\u010dne lastnosti:<\/h3>\n<p>1. Neposredna dobava iz tovarne: Obrnjeni teleskopski valj je izdelan in dobavljen neposredno iz tovarne, kar zagotavlja visokokakovostne izdelke in konkuren\u010dne cene. Ta neposredna dobavna veriga odpravlja nepotrebne posrednike, kar strankam prina\u0161a prihranke pri stro\u0161kih.<\/p>\n<p>2. Dolg hod: Obrnjen teleskopski valj je posebej zasnovan za dalj\u0161i hod v primerjavi s tradicionalnimi valji. Z vgrajenimi stopnjami lahko dose\u017ee znatno dalj\u0161o dol\u017eino hoda, kar omogo\u010da bolj vsestransko uporabo v razli\u010dnih panogah.<\/p>\n<p>3. Hidravli\u010dni cilinder za priklopnike: Ena glavnih uporab obrnjenega teleskopskega cilindra je na podro\u010dju hidravli\u010dnih sistemov priklopnikov. Pogosto se uporablja kot cilinder za priklopnike, kar omogo\u010da gladko in u\u010dinkovito dvigovanje in prekucanje. Njegov dolg hod je v tem kontekstu \u0161e posebej ugoden, saj omogo\u010da ve\u010dji kot praznjenja in ve\u010djo nosilnost.<\/p>\n<h3>Uporaba:<\/h3>\n<p>1. Prekucniki: V gradbeni in rudarski industriji so prekucniki bistveni za prevoz in razkladanje materialov. Obrnjen teleskopski valj igra klju\u010dno vlogo v mehanizmu dvigovanja in prekucavanja teh tovornjakov, kar zagotavlja u\u010dinkovito in zanesljivo delovanje. Njegov dolg hod omogo\u010da ve\u010dji kot dviga, kar omogo\u010da temeljito in nadzorovano praznjenje materiala.<\/p>\n<p>2. Kmetijska oprema: Obrnjeni teleskopski valj se uporablja v razli\u010dnih kmetijskih strojih, kot so prikolice za \u017eito in trosilniki gnojil. Omogo\u010da nadzorovano razkladanje materialov, kar zagotavlja natan\u010dno porazdelitev in zmanj\u0161uje odpadke. Dolg hod valja pove\u010duje u\u010dinkovitost teh operacij, kar omogo\u010da prevoz ve\u010djih koli\u010din v enem samem ciklu.<\/p>\n<p>3. Sistemi za ravnanje z odpadki: Pri ravnanju z odpadki se v smetarskih vozilih uporablja obrnjen teleskopski valj za u\u010dinkovito zbiranje in odstranjevanje smeti. Podalj\u0161an hod omogo\u010da vi\u0161je stopnje stiskanja, kar zmanj\u0161uje pogostost vo\u017eenj na odlagali\u0161\u010da in optimizira procese ravnanja z odpadki.<\/p>\n<p>4. Industrijski stroji: Obrnjeni teleskopski valj se uporablja tudi v industrijskih strojih, vklju\u010dno z gradbeno opremo in sistemi za ravnanje z materiali. Zaradi dolgega hoda in kompaktne zasnove je primeren za razli\u010dna dvi\u017ena in potisna opravila, kar izbolj\u0161a splo\u0161no zmogljivost in produktivnost teh strojev.<\/p>\n<p>Skratka, obrnjeni teleskopski cilinder je specializiran hidravli\u010dni cilinder, ki ponuja edinstvene prednosti v smislu dolgega hoda in kompaktne zasnove. Z neposredno dobavo iz tovarne zagotavlja visokokakovostne izdelke po konkuren\u010dnih cenah. Njegova uporaba v hidravli\u010dnih sistemih priklopnikov, prekucnikih, kmetijski opremi, ravnanju z odpadki in industrijskih strojih dokazuje njegovo vsestranskost in u\u010dinkovitost v razli\u010dnih panogah. Ne glede na to, ali gre za dvigovanje, prekucanje ali potiskanje, se obrnjeni teleskopski cilinder izka\u017ee za zanesljivo in nepogre\u0161ljivo komponento v \u0161tevilnih hidravli\u010dnih sistemih.<\/p>\n<h3>O hidravli\u010dnem cilindru FMP<\/h3>\n<p>FMP je vodilno podjetje v Italiji, specializirano za prodajo in servis delov in celotnih strojev za gradbeno mehanizacijo. Na\u0161 hidravli\u010dni cilinder je eden na\u0161ih najbolje prodajanih izdelkov in ponosni smo na njegovo vrhunsko kakovost in funkcionalnost. Tukaj je pet razlogov, zakaj bi morali izbrati hidravli\u010dni cilinder FMP:<\/p>\n<ol>\n<li><strong>Vrhunska kakovost:<\/strong> Hidravli\u010dni cilinder FMP je izdelan iz visokokakovostnih materialov, ki zagotavljajo vzdr\u017eljivost in zanesljivost. Materiale dobavljamo od zaupanja vrednih dobaviteljev, ki izpolnjujejo na\u0161e stroge standarde kakovosti, s \u010dimer zagotavljamo najvi\u0161jo kakovost na\u0161ih izdelkov.<\/li>\n<li><strong>Razli\u010dne specifikacije:<\/strong> Na\u0161i hidravli\u010dni cilindri so na voljo v razli\u010dnih velikostih in specifikacijah, da ustrezajo va\u0161im specifi\u010dnim potrebam. Ponujamo \u0161iroko paleto izdelkov, vklju\u010dno z nastavljivimi cilindri z vidno glavo, hidravli\u010dnimi cilindri z vezno palico in varjenimi hidravli\u010dnimi cilindri.<\/li>\n<li><strong>Strokovno svetovanje:<\/strong> Na\u0161a izku\u0161ena prodajna ekipa ima znanje o gradbeni mehanizaciji in vam lahko nudi strokovno svetovanje o izdelkih. Pomagamo vam lahko dolo\u010diti, kateri hidravli\u010dni cilinder je primeren za va\u0161 projekt, s \u010dimer zagotovimo, da se boste informirano odlo\u010dili.<\/li>\n<li><strong>U\u010dinkovita logistika:<\/strong> Razumemo, da je \u010das bistvenega pomena, zato imamo vzpostavljen u\u010dinkovit logisti\u010dni distribucijski sistem. Zagotavljamo vam pravo\u010dasno in natan\u010dno dostavo va\u0161ega hidravli\u010dnega cilindra.<\/li>\n<li><strong>Odli\u010dna storitev za stranke:<\/strong> V podjetju FMP cenimo svoje stranke in si prizadevamo zagotavljati odli\u010dno storitev za stranke. Zavezani smo k izpolnjevanju in preseganju va\u0161ih pri\u010dakovanj ter smo vam vedno pripravljeni pomagati pri vseh vpra\u0161anjih ali pomislekih.<\/li>\n<\/ol>\n<p>Pri FMP smo ponosni, da svojim strankam zagotavljamo visokokakovostne in zanesljive re\u0161itve za hidravli\u010dne cilindre. Na\u0161e izdelke in storitve podpirajo dolgoletne izku\u0161nje v panogi in profesionalna ekipa. Izberite hidravli\u010dni cilinder FMP za svoj naslednji projekt in izkusite razliko.<\/p>\n<p><img decoding=\"async\" src=\"https:\/\/fmp-components.com\/wp-content\/uploads\/2024\/12\/Adjustable-Clevis-Type-Cylinders-6.webp\" alt=\"Nastavljiv valj tipa Clevis\" width=\"823\" title=\"\"><br \/>\nAvtor: CX<\/p>","protected":false},"excerpt":{"rendered":"<p>Factory Direct Supply Long Stroke Trailer Hydraulic Ram Cylinder is a high-quality hydraulic cylinder designed for use in trailers. It has a long stroke, which ensures that it can handle heavy loads with ease and efficiency. The cylinder is made from top-grade materials, making it durable and able to withstand wear and tear. One of [&hellip;]<\/p>","protected":false},"featured_media":1644,"comment_status":"closed","ping_status":"closed","template":"","meta":{"_et_pb_use_builder":"","_et_pb_old_content":"","_et_gb_content_width":""},"product_brand":[],"product_cat":[45],"product_tag":[34,48],"class_list":{"0":"post-1643","1":"product","2":"type-product","3":"status-publish","4":"has-post-thumbnail","6":"product_cat-inverted-telescopic-cylinder","7":"product_tag-hydraulic-cylinder","8":"product_tag-inverted-telescopic-cylinder","10":"first","11":"instock","12":"product-type-simple"},"_links":{"self":[{"href":"https:\/\/fmp-components.com\/sl\/wp-json\/wp\/v2\/product\/1643","targetHints":{"allow":["GET"]}}],"collection":[{"href":"https:\/\/fmp-components.com\/sl\/wp-json\/wp\/v2\/product"}],"about":[{"href":"https:\/\/fmp-components.com\/sl\/wp-json\/wp\/v2\/types\/product"}],"replies":[{"embeddable":true,"href":"https:\/\/fmp-components.com\/sl\/wp-json\/wp\/v2\/comments?post=1643"}],"wp:featuredmedia":[{"embeddable":true,"href":"https:\/\/fmp-components.com\/sl\/wp-json\/wp\/v2\/media\/1644"}],"wp:attachment":[{"href":"https:\/\/fmp-components.com\/sl\/wp-json\/wp\/v2\/media?parent=1643"}],"wp:term":[{"taxonomy":"product_brand","embeddable":true,"href":"https:\/\/fmp-components.com\/sl\/wp-json\/wp\/v2\/product_brand?post=1643"},{"taxonomy":"product_cat","embeddable":true,"href":"https:\/\/fmp-components.com\/sl\/wp-json\/wp\/v2\/product_cat?post=1643"},{"taxonomy":"product_tag","embeddable":true,"href":"https:\/\/fmp-components.com\/sl\/wp-json\/wp\/v2\/product_tag?post=1643"}],"curies":[{"name":"delovni list","href":"https:\/\/api.w.org\/{rel}","templated":true}]}}