{"id":1639,"date":"2024-12-23T07:00:44","date_gmt":"2024-12-23T07:00:44","guid":{"rendered":"https:\/\/fmp-components.com\/product\/premium-quality-customized-telescopic-hydraulic-cylinder-for-dump-truck\/"},"modified":"2025-03-11T06:10:04","modified_gmt":"2025-03-11T06:10:04","slug":"premium-quality-customized-telescopic-hydraulic-cylinder-for-dump-truck","status":"publish","type":"product","link":"https:\/\/fmp-components.com\/sl\/product\/premium-quality-customized-telescopic-hydraulic-cylinder-for-dump-truck\/","title":{"rendered":"Visokokakovostni teleskopski hidravli\u010dni cilinder po meri za prekucnik"},"content":{"rendered":"<h2>Predstavljamo vam visokokakovosten teleskopski hidravli\u010dni cilinder po meri za prekucnike.<\/h2>\n<p>Hidravli\u010dni cilinder igra klju\u010dno vlogo pri u\u010dinkovitem delovanju prekucnika. Visokokakovostni teleskopski hidravli\u010dni cilinder po meri je najsodobnej\u0161i izdelek, zasnovan za izbolj\u0161anje zmogljivosti in produktivnosti prekucnikov.<\/p>\n<p>Z napredno teleskopsko zasnovo ta hidravli\u010dni cilinder ponuja izjemno mo\u010d in vzdr\u017eljivost. Posebej je prilagojen edinstvenim zahtevam prekucnikov, kar zagotavlja nemoteno delovanje tudi v najzahtevnej\u0161ih pogojih.<\/p>\n<p>Visokokakovostni teleskopski hidravli\u010dni cilinder po meri je izdelan z natan\u010dnostjo in pozornostjo do detajlov. Izdelan je iz visokokakovostnih materialov, ki zagotavljajo dolgo \u017eivljenjsko dobo in zanesljivost. To zagotavlja minimalno vzdr\u017eevanje in maksimalno produktivnost za upravljavce prekucnikov.<\/p>\n<p>Teleskopska funkcija tega hidravli\u010dnega cilindra omogo\u010da ve\u010dji obseg gibanja, zaradi \u010desar je idealen za prekucnike, ki preva\u017eajo te\u017eke tovore. Zagotavlja gladko in nadzorovano gibanje, kar omogo\u010da u\u010dinkovito odlaganje materialov brez kompromisov glede varnosti ali stabilnosti.<\/p>\n<p>Ena klju\u010dnih prednosti tega hidravli\u010dnega cilindra je njegova sposobnost, da prenese ekstremne pritiske in velike obremenitve. Zasnovan je za obvladovanje intenzivnih hidravli\u010dnih sil, kar omogo\u010da optimalno u\u010dinkovitost in uspe\u0161nost delovanja prekucnikov.<\/p>\n<p>Poleg tega je visokokakovostni teleskopski hidravli\u010dni cilinder po meri izdelan po najvi\u0161jih industrijskih standardih. Podvr\u017een je strogim testiranjem in ukrepom nadzora kakovosti, da se zagotovi vrhunska zmogljivost in zanesljivost. To zagotavlja, da se lahko upravljavci prekucnikov zanesejo na ta izdelek za nemoteno in brezhibno delovanje.<\/p>\n<p>Skratka, visokokakovostni teleskopski hidravli\u010dni cilinder po meri za prekucnike je vrhunski izdelek, ki ponuja izjemno zmogljivost in vzdr\u017eljivost. Zaradi prilagojene zasnove, naprednih funkcij in visokokakovostne izdelave je idealna izbira za upravljavce prekucnikov, ki \u017eelijo pove\u010dati produktivnost in u\u010dinkovitost.<\/p>\n<h2>Predstavljamo vam na\u0161 vrhunski teleskopski hidravli\u010dni cilinder, zasnovan za prekucnike<\/h2>\n<p>Na\u0161 novi teleskopski hidravli\u010dni cilinder je idealna re\u0161itev za prekucnike. Prilagojen je va\u0161im specifi\u010dnim potrebam in ima enoletno garancijo. Z najve\u010djim potisnim tlakom 3000 in te\u017eo 78 kg ima ta hidravli\u010dni cilinder jekleno ohi\u0161je, ki je izdelano za dolgo \u017eivljenjsko dobo.<\/p>\n<h3>Zna\u010dilnosti na\u0161ega teleskopskega hidravli\u010dnega cilindra<\/h3>\n<p>Na\u0161 valj se pona\u0161a z vrsto klju\u010dnih lastnosti, vklju\u010dno z:<\/p>\n<ul>\n<li>Standardna konstrukcija in hidravli\u010dna mo\u010d<\/li>\n<li>Obrnjeni teleskopski cilinder<\/li>\n<li>Najve\u010dja vle\u010dna zmogljivost 20 ton<\/li>\n<li>Certifikat ISO9001:2000<\/li>\n<li>Elegantna \u010drna barva za profesionalen videz<\/li>\n<\/ul>\n<h3>Uporaba na\u0161ega teleskopskega hidravli\u010dnega cilindra<\/h3>\n<p>Na\u0161 hidravli\u010dni cilinder je idealen za vrsto aplikacij, vklju\u010dno z:<\/p>\n<ul>\n<li>Proizvodni obrati<\/li>\n<li>Servisi strojev<\/li>\n<li>Kmetije<\/li>\n<li>Energetska in rudarska industrija<\/li>\n<li>Strojne tovarne<\/li>\n<\/ul>\n<p><img decoding=\"async\" src=\"https:\/\/hzpt.com\/wp-content\/uploads\/2023\/11\/Inverted-Telescopic-Cylinder-Applications.webp\" alt=\"Uporaba obrnjenega teleskopskega cilindra\" title=\"\"><\/p>\n<h3>Na\u010delo delovanja in vzdr\u017eevanje na\u0161ega teleskopskega hidravli\u010dnega cilindra<\/h3>\n<p>Na\u0161 hidravli\u010dni valj deluje z vhodno in izhodno silo hidravli\u010dne teko\u010dine. Zahteva redne preglede, \u010di\u0161\u010denje in mazanje. Redni pregledi in popravila, zamenjava tesnil ter upo\u0161tevanje navodil za uporabo so bistveni za dolgo \u017eivljenjsko dobo in optimalno delovanje valja.<\/p>\n<p><img decoding=\"async\" src=\"https:\/\/hzpt.com\/wp-content\/uploads\/2023\/11\/Inverted-Telescopic-Cylinder-24.webp\" alt=\"Obrnjen teleskopski valj 24\" title=\"\"><\/p>\n<h2>Obrnjen teleskopski valj<\/h2>\n<p>Teleskopski hidravli\u010dni cilinder, znan tudi kot ve\u010dstopenjski ali teleskopski cilinder, je vrsta hidravli\u010dnega cilindra, ki je sestavljen iz ve\u010d stopenj ali delov, ki so vstavljeni drug v drugega. V tem \u010dlanku se bomo osredoto\u010dili na eno specifi\u010dno vrsto teleskopskega cilindra \u2013 obrnjeni teleskopski cilinder.<\/p>\n<h3>Pregled<\/h3>\n<p>Obrnjeni teleskopski valj je specializirana vrsta teleskopskega valja, ki se pogosto uporablja v prekucnikih. Zasnovan je tako, da zagotavlja dvi\u017eno in prekucno silo, potrebno za razkladanje materialov s kesona tovornjaka. Ta vrsta valja ima edinstveno konfiguracijo, kjer so manj\u0161e plo\u0161\u010de name\u0161\u010dene znotraj ve\u010djih plo\u0161\u010d, kar ji daje zna\u010dilen videz.<\/p>\n<h3>Gradbeni\u0161tvo<\/h3>\n<p>Konstrukcija obrnjenega teleskopskega cilindra vklju\u010duje ve\u010d klju\u010dnih komponent:<\/p>\n<ul>\n<li>Zunanji valj: Zunanji valj je najve\u010dja stopnja valja in zagotavlja strukturno oporo. Obi\u010dajno je izdelan iz visoko trdnega jekla, da prenese velike obremenitve in te\u017eke obratovalne pogoje.<\/li>\n<li>Notranji bati: V zunanjem cilindru je ve\u010d manj\u0161ih stopenj, od katerih vsaka vsebuje bat. Ti bati so povezani s kesonom tovornjaka in se premikajo sinhronizirano, da zagotovijo potrebno dvi\u017eno silo.<\/li>\n<li>Tesnila: Tesnila se uporabljajo za prepre\u010devanje pu\u0161\u010danja hidravli\u010dne teko\u010dine med stopnjama. So klju\u010dnega pomena za ohranjanje u\u010dinkovitosti in zanesljivosti valja.<\/li>\n<li>Hidravli\u010dna teko\u010dina: Obrnjeni teleskopski valj deluje s hidravli\u010dno teko\u010dino, ki je pod tlakom, da se stopnice valja iztegnejo ali umaknejo.<\/li>\n<\/ul>\n<h3>Funkcionalnost<\/h3>\n<p>Obrnjen teleskopski valj igra klju\u010dno vlogo pri delovanju prekucnika. Ko mora tovornjak raztovoriti tovor, hidravli\u010dni sistem stisne hidravli\u010dno teko\u010dino, ki nato iztegne posamezne dele valja. Ko se deli iztegnejo, dvignejo keson tovornjaka, kar omogo\u010da razkladanje materialov.<\/p>\n<h3>Visokokakovostni teleskopski hidravli\u010dni cilinder po meri za prekucnik<\/h3>\n<p>Pri izbiri teleskopskega hidravli\u010dnega cilindra za va\u0161 prekucnik je bistvenega pomena izbira visokokakovostnega hidravli\u010dnega cilindra po meri. Visokokakovosten cilinder zagotavlja vzdr\u017eljivost, zanesljivost in optimalno delovanje v zahtevnih aplikacijah.<\/p>\n<p>V na\u0161em podjetju smo specializirani za izdelavo visokokakovostnih teleskopskih hidravli\u010dnih cilindrov po meri, posebej zasnovanih za prekucnike. Na\u0161i cilindri so zasnovani tako, da izpolnjujejo edinstvene zahteve vsake stranke, kar zagotavlja popolno prileganje in maksimalno u\u010dinkovitost.<\/p>\n<p>Z na\u0161imi najsodobnej\u0161imi proizvodnimi obrati in izku\u0161eno ekipo in\u017eenirjev lahko dobavljamo cilindre, ki presegajo industrijske standarde. Na\u0161a zavezanost uporabi visokokakovostnih materialov, naprednim proizvodnim tehnikam in strogim postopkom nadzora kakovosti zagotavlja, da na\u0161e stranke prejmejo teleskopski valj, ki je izdelan za dolgo \u017eivljenjsko dobo.<\/p>\n<p>Skratka, obrnjeni teleskopski cilinder je klju\u010dni sestavni del prekucnikov, saj zagotavlja dvi\u017eno in prekucno silo, potrebno za razkladanje materialov. Zaradi svoje edinstvene konstrukcije in funkcionalnosti je bistveni del hidravli\u010dnega sistema. Pri izbiri teleskopskega cilindra za va\u0161 prekucnik izbira visokokakovostnega cilindra po meri zagotavlja optimalno delovanje in dolgo \u017eivljenjsko dobo. Zaupajte na\u0161emu podjetju, da vam bomo dobavili najkakovostnej\u0161e teleskopske hidravli\u010dne cilindre, ki ustrezajo va\u0161im specifi\u010dnim zahtevam za va\u0161 prekucnik.<\/p>\n<h3>O FMP-ju<\/h3>\n<p>FMP je va\u0161 zaupanja vreden vir visokokakovostnih hidravli\u010dnih cilindrov v industriji gradbenih strojev. Z dolgoletnimi izku\u0161njami v industriji in profesionalno ekipo smo predani zagotavljanju vrhunskih delov za gradbene stroje in celovitih strojnih re\u0161itev na\u0161im cenjenim strankam.<\/p>\n<p>Tukaj je pet razlogov, zakaj bi morali izbrati FMP za va\u0161e potrebe po hidravli\u010dnih cilindrih:<\/p>\n<ol>\n<li><strong>\u0160iroka paleta mo\u017enosti:<\/strong> Na\u0161a ponudba izdelkov vklju\u010duje razli\u010dne hidravli\u010dne cilindre, primerne za razli\u010dne vrste gradbenih strojev. Ne glede na to, ali potrebujete enosmerne ali dvosmerne cilindre, teleskopske ali ojnice, imamo pravo re\u0161itev za va\u0161e potrebe.<\/li>\n<li><strong>Vrhunska kakovost:<\/strong> Vzpostavili smo dolgoro\u010dne in stabilne odnose z visokokakovostnimi dobavitelji, tako doma kot v tujini. To zagotavlja, da vsi na\u0161i hidravli\u010dni cilindri izpolnjujejo stroge standarde kakovosti, kar vam zagotavlja zanesljive in trpe\u017ene komponente, ki bodo kos zahtevam va\u0161ih projektov.<\/li>\n<li><strong>Strokovna prodajna ekipa:<\/strong> Na\u0161a izku\u0161ena in dobro podkovana prodajna ekipa dobro pozna najnovej\u0161e trende in potrebe strank v industriji gradbenih strojev. Pripravljeni so vam nuditi strokovno svetovanje o izdelkih in pametne predloge za nakup, kar vam bo pomagalo pri sprejemanju premi\u0161ljenih odlo\u010ditev.<\/li>\n<li><strong>U\u010dinkovita logistika:<\/strong> Razumemo pomen pravo\u010dasne dostave. Z na\u0161im u\u010dinkovitim logisti\u010dnim distribucijskim sistemom zagotavljamo, da boste potrebne hidravli\u010dne cilindre prejeli pravo\u010dasno in natan\u010dno. Lahko se zanesete na nas, da bomo va\u0161e projekte izpeljali v skladu z urnikom.<\/li>\n<li><strong>Izjemna storitev za stranke:<\/strong> Pri FMP cenimo na\u0161e stranke in si prizadevamo zagotavljati izjemne storitve. Na\u0161a predana ekipa je zavezana k temu, da bo va\u0161e poizvedbe in pomisleke obravnavala hitro in zagotavljala nemoteno ter zadovoljivo izku\u0161njo med va\u0161im sodelovanjem z nami.<\/li>\n<\/ol>\n<p>Spodaj si podrobneje oglejte na\u0161 nastavljiv valj tipa Clevis:<\/p>\n<p><img decoding=\"async\" src=\"https:\/\/fmp-components.com\/wp-content\/uploads\/2024\/12\/Adjustable-Clevis-Type-Cylinders-6.webp\" alt=\"Nastavljiv valj tipa Clevis\" width=\"821\" title=\"\"><br \/>\nAvtor: CX<\/p>","protected":false},"excerpt":{"rendered":"<p>Introducing the Premium Quality Customized Telescopic Hydraulic Cylinder for Dump Truck. A hydraulic cylinder plays a crucial role in the efficient functioning of a dump truck. The Premium Quality Customized Telescopic Hydraulic Cylinder is a state-of-the-art product designed to enhance the performance and productivity of dump trucks. With its advanced telescopic design, this hydraulic cylinder [&hellip;]<\/p>","protected":false},"featured_media":1640,"comment_status":"closed","ping_status":"closed","template":"","meta":{"_et_pb_use_builder":"","_et_pb_old_content":"","_et_gb_content_width":""},"product_brand":[],"product_cat":[45],"product_tag":[34,48],"class_list":{"0":"post-1639","1":"product","2":"type-product","3":"status-publish","4":"has-post-thumbnail","6":"product_cat-inverted-telescopic-cylinder","7":"product_tag-hydraulic-cylinder","8":"product_tag-inverted-telescopic-cylinder","10":"first","11":"instock","12":"product-type-simple"},"_links":{"self":[{"href":"https:\/\/fmp-components.com\/sl\/wp-json\/wp\/v2\/product\/1639","targetHints":{"allow":["GET"]}}],"collection":[{"href":"https:\/\/fmp-components.com\/sl\/wp-json\/wp\/v2\/product"}],"about":[{"href":"https:\/\/fmp-components.com\/sl\/wp-json\/wp\/v2\/types\/product"}],"replies":[{"embeddable":true,"href":"https:\/\/fmp-components.com\/sl\/wp-json\/wp\/v2\/comments?post=1639"}],"wp:featuredmedia":[{"embeddable":true,"href":"https:\/\/fmp-components.com\/sl\/wp-json\/wp\/v2\/media\/1640"}],"wp:attachment":[{"href":"https:\/\/fmp-components.com\/sl\/wp-json\/wp\/v2\/media?parent=1639"}],"wp:term":[{"taxonomy":"product_brand","embeddable":true,"href":"https:\/\/fmp-components.com\/sl\/wp-json\/wp\/v2\/product_brand?post=1639"},{"taxonomy":"product_cat","embeddable":true,"href":"https:\/\/fmp-components.com\/sl\/wp-json\/wp\/v2\/product_cat?post=1639"},{"taxonomy":"product_tag","embeddable":true,"href":"https:\/\/fmp-components.com\/sl\/wp-json\/wp\/v2\/product_tag?post=1639"}],"curies":[{"name":"delovni list","href":"https:\/\/api.w.org\/{rel}","templated":true}]}}